{"id":149,"date":"2022-08-01T03:17:00","date_gmt":"2022-08-01T03:17:00","guid":{"rendered":"https:\/\/www.hoasen.edu.vn\/so-tay-sinh-vien\/?page_id=149"},"modified":"2025-09-12T04:36:46","modified_gmt":"2025-09-12T04:36:46","slug":"hoat-dong-tinh-nguyen","status":"publish","type":"page","link":"https:\/\/www.hoasen.edu.vn\/so-tay-sinh-vien\/hoat-dong-tinh-nguyen\/","title":{"rendered":"Ho\u1ea1t \u0111\u1ed9ng t\u00ecnh nguy\u1ec7n"},"content":{"rendered":"\n<p><strong>Tinh th\u1ea7n t\u00ecnh nguy\u1ec7n v\u00ec c\u1ed9ng \u0111\u1ed3ng lu\u00f4n l\u00e0 m\u1ed9t trong nh\u1eefng n\u00e9t \u0111\u1eb9p truy\u1ec1n th\u1ed1ng c\u1ee7a tu\u1ed5i tr\u1ebb Hoa Sen. Th\u00f4ng qua nh\u1eefng ho\u1ea1t \u0111\u1ed9ng thi\u1ebft th\u1ef1c, sinh vi\u00ean kh\u00f4ng ch\u1ec9 lan t\u1ecfa n\u0103ng l\u01b0\u1ee3ng t\u00edch c\u1ef1c m\u00e0 c\u00f2n r\u00e8n luy\u1ec7n b\u1ea3n l\u0129nh, tinh th\u1ea7n tr\u00e1ch nhi\u1ec7m v\u00e0 l\u00f2ng nh\u00e2n \u00e1i. M\u1ed7i chi\u1ebfn d\u1ecbch, m\u1ed7i ch\u01b0\u01a1ng tr\u00ecnh \u0111\u1ec1u l\u00e0 m\u1ed9t h\u00e0nh tr\u00ecnh tr\u01b0\u1edfng th\u00e0nh, ghi d\u1ea5u nh\u1eefng k\u1ef7 ni\u1ec7m \u00fd ngh\u0129a v\u00e0 \u0111\u1ec3 l\u1ea1i d\u1ea5u \u1ea5n t\u1ed1t \u0111\u1eb9p trong l\u00f2ng x\u00e3 h\u1ed9i.<\/strong><\/p>\n\n\n\n<div style=\"height:10px\" aria-hidden=\"true\" class=\"wp-block-spacer\"><\/div>\n\n\n\n<h2 class=\"wp-block-heading\" style=\"font-size:20px\">TI\u1ebeP S\u1ee8C M\u00d9A THI<\/h2>\n\n\n\n<p>T\u1eeb ng\u00e0y 25 \u2013 27\/06\/2025, <strong>h\u01a1n 100 sinh vi\u00ean t\u00ecnh nguy\u1ec7n<\/strong> c\u1ee7a Tr\u01b0\u1eddng \u0110\u1ea1i h\u1ecdc Hoa Sen \u0111\u00e3 \u0111\u1ed3ng h\u00e0nh c\u00f9ng th\u00ed sinh t\u1ea1i <strong>ba \u0111i\u1ec3m thi THPT \u1edf TP.HCM<\/strong>: Tr\u01b0\u1eddng THPT B\u00f9i Th\u1ecb Xu\u00e2n, Tr\u01b0\u1eddng THPT S\u01b0\u01a1ng Nguy\u1ec7t Anh v\u00e0 Tr\u01b0\u1eddng THPT Nguy\u1ec5n An Ninh. V\u1edbi s\u1ef1 chu\u1ea9n b\u1ecb chu \u0111\u00e1o, \u0111\u1ed9i h\u00ecnh t\u00ecnh nguy\u1ec7n \u0111\u00e3 h\u1ed7 tr\u1ee3 n\u01b0\u1edbc u\u1ed1ng, d\u1ee5ng c\u1ee5 l\u00e0m b\u00e0i, \u00e1o m\u01b0a, d\u00f9 che n\u1eafng v\u00e0 t\u01b0 v\u1ea5n h\u01b0\u1edbng nghi\u1ec7p cho th\u00ed sinh c\u00f9ng ph\u1ee5 huynh.<\/p>\n\n\n\n<figure class=\"wp-block-image size-full\"><img loading=\"lazy\" decoding=\"async\" width=\"2048\" height=\"1367\" src=\"https:\/\/www.hoasen.edu.vn\/so-tay-sinh-vien\/wp-content\/uploads\/sites\/46\/2025\/09\/511017441_1138023825021640_9102572066668686838_n.jpg\" alt=\"\" class=\"wp-image-2885\"\/><\/figure>\n\n\n\n<p>Ch\u01b0\u01a1ng tr\u00ecnh \u201cTi\u1ebfp S\u1ee9c M\u00f9a Thi\u201d l\u00e0 m\u1ed9t trong nh\u1eefng ho\u1ea1t \u0111\u1ed9ng th\u01b0\u1eddng ni\u00ean n\u1eb1m c\u1ee7a Tr\u01b0\u1eddng \u0110\u1ea1i h\u1ecdc Hoa Sen, kh\u00f4ng ch\u1ec9 mang l\u1ea1i m\u1ed9t m\u00f9a thi an to\u00e0n, nh\u1eb9 nh\u00e0ng h\u01a1n cho c\u00e1c s\u0129 t\u1eed m\u00e0 c\u00f2n l\u00e0 d\u1ecbp \u0111\u1ec3 sinh vi\u00ean Hoa Sen h\u1ecdc c\u00e1ch <strong>s\u1ebb chia<\/strong>, <strong>quan t\u00e2m \u0111\u1ebfn c\u1ed9ng \u0111\u1ed3ng<\/strong> v\u00e0 ph\u00e1t tri\u1ec3n <strong>k\u1ef9 n\u0103ng s\u1ed1ng tr\u00e1ch nhi\u1ec7m<\/strong>.<\/p>\n\n\n\n<div class=\"wp-block-columns is-layout-flex wp-container-core-columns-is-layout-9d6595d7 wp-block-columns-is-layout-flex\">\n<div class=\"wp-block-column is-layout-flow wp-block-column-is-layout-flow\">\n<figure class=\"wp-block-image size-full\"><img loading=\"lazy\" decoding=\"async\" width=\"2048\" height=\"1365\" src=\"https:\/\/www.hoasen.edu.vn\/so-tay-sinh-vien\/wp-content\/uploads\/sites\/46\/2025\/09\/511013462_1139521648205191_1537553468808700904_n.jpg\" alt=\"\" class=\"wp-image-2888\"\/><\/figure>\n<\/div>\n\n\n\n<div class=\"wp-block-column is-layout-flow wp-block-column-is-layout-flow\">\n<figure class=\"wp-block-image size-full\"><img loading=\"lazy\" decoding=\"async\" width=\"2048\" height=\"1361\" src=\"https:\/\/www.hoasen.edu.vn\/so-tay-sinh-vien\/wp-content\/uploads\/sites\/46\/2025\/09\/512684741_1138923274931695_6985937038830176918_n.jpg\" alt=\"\" class=\"wp-image-2887\"\/><\/figure>\n<\/div>\n\n\n\n<div class=\"wp-block-column is-layout-flow wp-block-column-is-layout-flow\">\n<figure class=\"wp-block-image size-full\"><img loading=\"lazy\" decoding=\"async\" width=\"2048\" height=\"1363\" src=\"https:\/\/www.hoasen.edu.vn\/so-tay-sinh-vien\/wp-content\/uploads\/sites\/46\/2025\/09\/511079953_1137776135046409_8080226756924709510_n.jpg\" alt=\"\" class=\"wp-image-2886\"\/><\/figure>\n<\/div>\n<\/div>\n\n\n\n<h2 class=\"wp-block-heading\" style=\"font-size:20px\">M\u00d9A H\u00c8 XANH 2025<\/h2>\n\n\n\n<p>Chi\u1ebfn d\u1ecbch M\u00f9a h\u00e8 xanh 2025 di\u1ec5n ra t\u1ea1i hai m\u1eb7t tr\u1eadn: TP.HCM v\u00e0 t\u1ec9nh V\u0129nh Long, quy t\u1ee5 <strong>h\u01a1n 150 chi\u1ebfn s\u0129 t\u00ecnh nguy\u1ec7n<\/strong>. C\u00e1c ho\u1ea1t \u0111\u1ed9ng tr\u1ea3i r\u1ed9ng t\u1eeb t\u1ed5 ch\u1ee9c l\u1edbp h\u1ecdc k\u1ef9 n\u0103ng, s\u00e2n ch\u01a1i thi\u1ebfu nhi, th\u0103m h\u1ecfi gia \u0111\u00ecnh ch\u00ednh s\u00e1ch, \u0111\u1ebfn d\u1ecdn v\u1ec7 sinh \u0111\u00f4 th\u1ecb, g\u00e2y qu\u1ef9 c\u1ed9ng \u0111\u1ed3ng v\u00e0 x\u00e2y d\u1ef1ng nh\u00e0 t\u00ecnh th\u01b0\u01a1ng. Kh\u00f4ng ch\u1ec9 g\u00f3p ph\u1ea7n mang l\u1ea1i gi\u00e1 tr\u1ecb thi\u1ebft th\u1ef1c cho x\u00e3 h\u1ed9i, chi\u1ebfn d\u1ecbch c\u00f2n gi\u00fap m\u1ed7i chi\u1ebfn s\u0129 t\u00ecnh nguy\u1ec7n t\u00edch l\u0169y nh\u1eefng tr\u1ea3i nghi\u1ec7m qu\u00fd b\u00e1u, <strong>b\u1ed3i \u0111\u1eafp tinh th\u1ea7n nh\u00e2n \u00e1i <\/strong>v\u00e0 l<strong>\u01b0u gi\u1eef nh\u1eefng k\u1ef7 ni\u1ec7m tu\u1ed5i tr\u1ebb kh\u00f3 qu\u00ean<\/strong>.<\/p>\n\n\n\n<figure class=\"wp-block-image size-full\"><img loading=\"lazy\" decoding=\"async\" width=\"2048\" height=\"1365\" src=\"https:\/\/www.hoasen.edu.vn\/so-tay-sinh-vien\/wp-content\/uploads\/sites\/46\/2025\/09\/Le-ra-quan-1.jpg\" alt=\"\" class=\"wp-image-2894\"\/><\/figure>\n\n\n\n<figure class=\"wp-block-gallery has-nested-images columns-default is-cropped wp-block-gallery-1 is-layout-flex wp-block-gallery-is-layout-flex\">\n<figure class=\"wp-block-image size-full\"><img loading=\"lazy\" decoding=\"async\" width=\"1440\" height=\"810\" data-id=\"2895\" src=\"https:\/\/www.hoasen.edu.vn\/so-tay-sinh-vien\/wp-content\/uploads\/sites\/46\/2025\/09\/Xay-nha-tinh-thuong-1.jpg\" alt=\"\" class=\"wp-image-2895\"\/><\/figure>\n\n\n\n<figure class=\"wp-block-image size-full\"><img loading=\"lazy\" decoding=\"async\" width=\"1440\" height=\"812\" data-id=\"2897\" src=\"https:\/\/www.hoasen.edu.vn\/so-tay-sinh-vien\/wp-content\/uploads\/sites\/46\/2025\/09\/Don-rac.jpg\" alt=\"\" class=\"wp-image-2897\"\/><\/figure>\n\n\n\n<figure class=\"wp-block-image size-full\"><img loading=\"lazy\" decoding=\"async\" width=\"1440\" height=\"808\" data-id=\"2896\" src=\"https:\/\/www.hoasen.edu.vn\/so-tay-sinh-vien\/wp-content\/uploads\/sites\/46\/2025\/09\/Lop-hoc-ky-nang.jpg\" alt=\"\" class=\"wp-image-2896\"\/><\/figure>\n<\/figure>\n\n\n\n<figure class=\"wp-block-image size-full\"><img loading=\"lazy\" decoding=\"async\" width=\"1440\" height=\"808\" src=\"https:\/\/www.hoasen.edu.vn\/so-tay-sinh-vien\/wp-content\/uploads\/sites\/46\/2025\/09\/Khanh-thanh-nha-tinh-thuong-1.jpg\" alt=\"\" class=\"wp-image-2898\"\/><\/figure>\n\n\n\n<div style=\"height:10px\" aria-hidden=\"true\" class=\"wp-block-spacer\"><\/div>\n\n\n\n<h2 class=\"wp-block-heading\" style=\"font-size:20px\">XU\u00c2N T\u00ccNH NGUY\u1ec6N 2025<\/h2>\n\n\n\n<p>V\u1edbi <strong>h\u01a1n 100 chi\u1ebfn s\u0129 tham gia<\/strong>, Xu\u00e2n T\u00ecnh Nguy\u1ec7n 2025 \u0111\u00e3 mang \u0111\u1ebfn m\u1ed9t m\u00f9a T\u1ebft \u1ea5m \u00e1p, s\u1ebb chia \u0111\u1ebfn <strong>nhi\u1ec1u gia \u0111\u00ecnh <\/strong>v\u00e0 <strong>tr\u1ebb em c\u00f3 ho\u00e0n c\u1ea3nh kh\u00f3 kh\u0103n<\/strong> t\u1ea1i khu v\u1ef1c TP. H\u1ed3 Ch\u00ed Minh v\u00e0 c\u00e1c t\u1ec9nh th\u00e0nh l\u00e2n c\u1eadn. C\u00e1c \u0111\u1ed9i h\u00ecnh t\u00ecnh nguy\u1ec7n \u0111\u00e3 th\u1ef1c hi\u1ec7n nhi\u1ec1u ho\u1ea1t \u0111\u1ed9ng \u00fd ngh\u0129a: <\/p>\n\n\n\n<ul class=\"wp-block-list\">\n<li>\u0110\u1ed9i h\u00ecnh \u201cXu\u00e2n v\u1ec1 ngu\u1ed3n\u201d t\u1ed5 ch\u1ee9c d\u00e2ng h\u01b0\u01a1ng t\u01b0\u1edfng nh\u1edb c\u00e1c Anh h\u00f9ng Li\u1ec7t s\u0129 v\u00e0 trao qu\u00e0 cho c\u00e1c gia \u0111\u00ecnh ch\u00ednh s\u00e1ch t\u1ea1i Chi\u1ebfn khu An Ph\u00fa \u0110\u00f4ng; <\/li>\n<\/ul>\n\n\n\n<div class=\"wp-block-columns is-layout-flex wp-container-core-columns-is-layout-9d6595d7 wp-block-columns-is-layout-flex\">\n<div class=\"wp-block-column is-layout-flow wp-block-column-is-layout-flow\">\n<figure class=\"wp-block-image size-full\"><img loading=\"lazy\" decoding=\"async\" width=\"2048\" height=\"1365\" src=\"https:\/\/www.hoasen.edu.vn\/so-tay-sinh-vien\/wp-content\/uploads\/sites\/46\/2025\/09\/q.jpg\" alt=\"\" class=\"wp-image-2905\"\/><\/figure>\n<\/div>\n\n\n\n<div class=\"wp-block-column is-layout-flow wp-block-column-is-layout-flow\">\n<figure class=\"wp-block-image size-full\"><img loading=\"lazy\" decoding=\"async\" width=\"2048\" height=\"1365\" src=\"https:\/\/www.hoasen.edu.vn\/so-tay-sinh-vien\/wp-content\/uploads\/sites\/46\/2025\/09\/wdd.jpg\" alt=\"\" class=\"wp-image-2906\"\/><\/figure>\n<\/div>\n<\/div>\n\n\n\n<ul class=\"wp-block-list\">\n<li>\u0110\u1ed9i h\u00ecnh \u201cXu\u00e2n \u1ea5m \u00e1p &#8211; H\u1ed9i ch\u1ee3 Xu\u00e2n\u201d t\u1ed5 ch\u1ee9c s\u00e2n ch\u01a1i, h\u1ed9i ch\u1ee3 xu\u00e2n v\u00e0 t\u1eb7ng qu\u00e0 khuy\u1ebfn h\u1ecdc cho c\u00e1c em h\u1ecdc Ti\u1ec3u h\u1ecdc H\u1ed3 V\u0103n Thanh v\u00e0 X\u00f3m tr\u1ecd huy\u1ec7n B\u00ecnh Ch\u00e1nh;<\/li>\n<\/ul>\n\n\n\n<div class=\"wp-block-columns is-layout-flex wp-container-core-columns-is-layout-9d6595d7 wp-block-columns-is-layout-flex\">\n<div class=\"wp-block-column is-layout-flow wp-block-column-is-layout-flow\">\n<figure class=\"wp-block-image size-full\"><img loading=\"lazy\" decoding=\"async\" width=\"2048\" height=\"1365\" src=\"https:\/\/www.hoasen.edu.vn\/so-tay-sinh-vien\/wp-content\/uploads\/sites\/46\/2025\/09\/heshesh.jpg\" alt=\"\" class=\"wp-image-2903\"\/><\/figure>\n<\/div>\n\n\n\n<div class=\"wp-block-column is-layout-flow wp-block-column-is-layout-flow\">\n<figure class=\"wp-block-image size-full\"><img loading=\"lazy\" decoding=\"async\" width=\"2048\" height=\"1365\" src=\"https:\/\/www.hoasen.edu.vn\/so-tay-sinh-vien\/wp-content\/uploads\/sites\/46\/2025\/09\/qfqf.jpg\" alt=\"\" class=\"wp-image-2904\"\/><\/figure>\n<\/div>\n<\/div>\n\n\n\n<ul class=\"wp-block-list\">\n<li>\u0110\u1ed9i h\u00ecnh \u201c\u0110\u00eam Xu\u00e2n\u201d trao g\u1eedi 100 ph\u1ea7n qu\u00e0 \u0111\u1ebfn c\u00f4 ch\u00fa lao \u0111\u1ed9ng m\u01b0u sinh v\u1ec1 \u0111\u00eam t\u1ea1i t\u1ea1i c\u00e1c khu v\u1ef1c Qu\u1eadn 1, 3, 10, T\u00e2n B\u00ecnh, T\u00e2n Ph\u00fa, G\u00f2 V\u1ea5p v\u00e0 Qu\u1eadn 12.<\/li>\n<\/ul>\n\n\n\n<div class=\"wp-block-columns is-layout-flex wp-container-core-columns-is-layout-9d6595d7 wp-block-columns-is-layout-flex\">\n<div class=\"wp-block-column is-layout-flow wp-block-column-is-layout-flow\">\n<figure class=\"wp-block-image size-full\"><img loading=\"lazy\" decoding=\"async\" width=\"2048\" height=\"1366\" src=\"https:\/\/www.hoasen.edu.vn\/so-tay-sinh-vien\/wp-content\/uploads\/sites\/46\/2025\/09\/473614557_1013479720809385_4675424206874661221_n.jpg\" alt=\"\" class=\"wp-image-2902\"\/><\/figure>\n<\/div>\n\n\n\n<div class=\"wp-block-column is-layout-flow wp-block-column-is-layout-flow\">\n<figure class=\"wp-block-image size-full\"><img loading=\"lazy\" decoding=\"async\" width=\"2048\" height=\"1366\" src=\"https:\/\/www.hoasen.edu.vn\/so-tay-sinh-vien\/wp-content\/uploads\/sites\/46\/2025\/09\/473751931_1013479557476068_1825516508923487207_n.jpg\" alt=\"\" class=\"wp-image-2901\"\/><\/figure>\n<\/div>\n<\/div>\n\n\n\n<p><\/p>\n","protected":false},"excerpt":{"rendered":"<p>Tinh th\u1ea7n t\u00ecnh nguy\u1ec7n v\u00ec c\u1ed9ng \u0111\u1ed3ng lu\u00f4n l\u00e0 m\u1ed9t trong nh\u1eefng n\u00e9t \u0111\u1eb9p truy\u1ec1n th\u1ed1ng c\u1ee7a tu\u1ed5i tr\u1ebb Hoa Sen. Th\u00f4ng qua nh\u1eefng ho\u1ea1t \u0111\u1ed9ng thi\u1ebft th\u1ef1c, sinh vi\u00ean kh\u00f4ng ch\u1ec9 lan t\u1ecfa n\u0103ng l\u01b0\u1ee3ng t\u00edch c\u1ef1c m\u00e0 c\u00f2n r\u00e8n luy\u1ec7n b\u1ea3n l\u0129nh, tinh th\u1ea7n tr\u00e1ch nhi\u1ec7m v\u00e0 l\u00f2ng nh\u00e2n \u00e1i. M\u1ed7i chi\u1ebfn d\u1ecbch, m\u1ed7i ch\u01b0\u01a1ng tr\u00ecnh \u0111\u1ec1u l\u00e0 m\u1ed9t h\u00e0nh tr\u00ecnh tr\u01b0\u1edfng th\u00e0nh, ghi d\u1ea5u nh\u1eefng k\u1ef7 ni\u1ec7m \u00fd ngh\u0129a v\u00e0 \u0111\u1ec3 l\u1ea1i d\u1ea5u \u1ea5n t\u1ed1t \u0111\u1eb9p trong l\u00f2ng x\u00e3 h\u1ed9i. TI\u1ebeP S\u1ee8C M\u00d9A THI T\u1eeb ng\u00e0y 25 \u2013 27\/06\/2025, h\u01a1n 100 sinh vi\u00ean t\u00ecnh nguy\u1ec7n c\u1ee7a Tr\u01b0\u1eddng&#8230;<\/p>\n","protected":false},"author":38,"featured_media":0,"parent":0,"menu_order":0,"comment_status":"closed","ping_status":"closed","template":"","meta":{"footnotes":""},"class_list":["post-149","page","type-page","status-publish","hentry"],"acf":[],"_links":{"self":[{"href":"https:\/\/www.hoasen.edu.vn\/so-tay-sinh-vien\/wp-json\/wp\/v2\/pages\/149","targetHints":{"allow":["GET"]}}],"collection":[{"href":"https:\/\/www.hoasen.edu.vn\/so-tay-sinh-vien\/wp-json\/wp\/v2\/pages"}],"about":[{"href":"https:\/\/www.hoasen.edu.vn\/so-tay-sinh-vien\/wp-json\/wp\/v2\/types\/page"}],"author":[{"embeddable":true,"href":"https:\/\/www.hoasen.edu.vn\/so-tay-sinh-vien\/wp-json\/wp\/v2\/users\/38"}],"replies":[{"embeddable":true,"href":"https:\/\/www.hoasen.edu.vn\/so-tay-sinh-vien\/wp-json\/wp\/v2\/comments?post=149"}],"version-history":[{"count":23,"href":"https:\/\/www.hoasen.edu.vn\/so-tay-sinh-vien\/wp-json\/wp\/v2\/pages\/149\/revisions"}],"predecessor-version":[{"id":3105,"href":"https:\/\/www.hoasen.edu.vn\/so-tay-sinh-vien\/wp-json\/wp\/v2\/pages\/149\/revisions\/3105"}],"wp:attachment":[{"href":"https:\/\/www.hoasen.edu.vn\/so-tay-sinh-vien\/wp-json\/wp\/v2\/media?parent=149"}],"curies":[{"name":"wp","href":"https:\/\/api.w.org\/{rel}","templated":true}]}}