{"id":136,"date":"2022-08-01T03:12:44","date_gmt":"2022-08-01T03:12:44","guid":{"rendered":"https:\/\/www.hoasen.edu.vn\/so-tay-sinh-vien\/?page_id=136"},"modified":"2025-09-13T10:04:06","modified_gmt":"2025-09-13T10:04:06","slug":"clb-the-thao","status":"publish","type":"page","link":"https:\/\/www.hoasen.edu.vn\/so-tay-sinh-vien\/clb-the-thao\/","title":{"rendered":"CLB Truy\u1ec1n th\u00f4ng &#8211; S\u1ef1 ki\u1ec7n"},"content":{"rendered":"\n<p><strong>C\u00e1c CLB Truy\u1ec1n th\u00f4ng \u2013 S\u1ef1 ki\u1ec7n l\u00e0 n\u01a1i quy t\u1ee5 nh\u1eefng b\u1ea1n tr\u1ebb \u0111am m\u00ea s\u00e1ng t\u1ea1o n\u1ed9i dung, t\u1ed5 ch\u1ee9c s\u1ef1 ki\u1ec7n v\u00e0 kh\u00e1m ph\u00e1 th\u1ebf gi\u1edbi truy\u1ec1n th\u00f4ng hi\u1ec7n \u0111\u1ea1i. T\u1ea1i \u0111\u00e2y, sinh vi\u00ean \u0111\u01b0\u1ee3c tr\u1ea3i nghi\u1ec7m t\u1eeb kh\u00e2u l\u00ean \u00fd t\u01b0\u1edfng, s\u1ea3n xu\u1ea5t, tri\u1ec3n khai truy\u1ec1n th\u00f4ng \u0111\u1ebfn qu\u1ea3n l\u00fd ch\u01b0\u01a1ng tr\u00ecnh th\u1ef1c t\u1ebf, qua \u0111\u00f3 r\u00e8n luy\u1ec7n t\u01b0 duy chi\u1ebfn l\u01b0\u1ee3c, k\u1ef9 n\u0103ng l\u00e0m vi\u1ec7c nh\u00f3m v\u00e0 kh\u1ea3 n\u0103ng \u1ee9ng bi\u1ebfn linh ho\u1ea1t. <\/strong><\/p>\n\n\n\n<h2 class=\"wp-block-heading\" style=\"font-size:20px\">NH\u1eeeNG C\u1ed8NG T\u00c1C VI\u00caN \u0110A T\u00c0I T\u1ea0I L\u1ec4 KHAI GI\u1ea2NG L\u1ea6N TH\u1ee8 43<\/h2>\n\n\n\n<p>\u0110\u00e2y m\u1ed9t trong 3 C\u00e2u l\u1ea1c b\u1ed9 v\u1eeba \u0111\u01b0\u1ee3c ra m\u1eb7t n\u0103m 2025, Event On Club s\u1edf h\u1eefu m\u1ed9t gia t\u00e0i th\u00e0nh vi\u00ean c\u1ef1c k\u1ef3 ch\u1ea5t l\u01b0\u1ee3ng, khi c\u00e1c b\u1ea1n l\u00e0 m\u1ed9t trong c\u00e1c ch\u1ee7 l\u1ef1c c\u1ef1c k\u1ef3 quan tr\u1ecdng t\u1ea1i L\u1ec5 Khai gi\u1ea3ng l\u1ea7n th\u1ee9 43, \u0111\u00e3 tham gia v\u00e0o c\u00f4ng t\u00e1c \u0111i\u1ec1u ph\u1ed1i s\u1ef1 ki\u1ec7n. Cho th\u1ea5y r\u1eb1ng, d\u00f9 ch\u1ec9 m\u1edbi l\u00e0 sinh vi\u00ean, nh\u01b0ng c\u00e1c b\u1ea1n lu\u00f4n \u0111\u01b0\u1ee3c h\u1ebft m\u00ecnh v\u1edbi ph\u01b0\u01a1ng ch\u00e2m \u201cth\u1ef1c h\u1ecdc, th\u1ef1c l\u00e0m\u201d.<\/p>\n\n\n\n<figure class=\"wp-block-image size-full\"><img loading=\"lazy\" decoding=\"async\" width=\"6000\" height=\"4000\" src=\"https:\/\/www.hoasen.edu.vn\/so-tay-sinh-vien\/wp-content\/uploads\/sites\/46\/2025\/09\/Hi\u0300nh-3-EventON.jpg\" alt=\"\" class=\"wp-image-3062\"\/><\/figure>\n\n\n\n<figure class=\"wp-block-gallery has-nested-images columns-default is-cropped wp-block-gallery-1 is-layout-flex wp-block-gallery-is-layout-flex\">\n<figure class=\"wp-block-image size-full\"><img loading=\"lazy\" decoding=\"async\" width=\"6000\" height=\"3376\" data-id=\"3063\" src=\"https:\/\/www.hoasen.edu.vn\/so-tay-sinh-vien\/wp-content\/uploads\/sites\/46\/2025\/09\/Hi\u0300nh-1-EventON.jpg\" alt=\"\" class=\"wp-image-3063\"\/><\/figure>\n\n\n\n<figure class=\"wp-block-image size-full\"><img loading=\"lazy\" decoding=\"async\" width=\"6000\" height=\"3376\" data-id=\"3064\" src=\"https:\/\/www.hoasen.edu.vn\/so-tay-sinh-vien\/wp-content\/uploads\/sites\/46\/2025\/09\/Hi\u0300nh-2-EventON.jpg\" alt=\"\" class=\"wp-image-3064\"\/><\/figure>\n<\/figure>\n\n\n\n<h2 class=\"wp-block-heading\" style=\"font-size:20px\">WORKSHOP \u201cT\u1ef0 TIN N\u00d3I \u2013 THUY\u1ebeT TR\u00ccNH HAY\u201d<\/h2>\n\n\n\n<p>Workshop &#8220;T\u1ef1 Tin N\u00f3i &#8211; Thuy\u1ebft Tr\u00ecnh Hay&#8221; do C\u00e2u l\u1ea1c b\u1ed9 On the MIC c\u1ee7a HSU t\u1ed5 ch\u1ee9c l\u00e0 d\u1ecbp &#8220;gi\u1ea3i m\u00e3&#8221; b\u00ed quy\u1ebft t\u1ef1 tin th\u1ec3 hi\u1ec7n b\u1ea3n th\u00e2n tr\u01b0\u1edbc \u0111\u00e1m \u0111\u00f4ng t\u1eeb c\u00e1c chuy\u00ean gia trong l\u0129nh v\u1ef1c truy\u1ec1n th\u00f4ng v\u00e0 d\u1eabn ch\u01b0\u01a1ng tr\u00ecnh.<\/p>\n\n\n\n<figure class=\"wp-block-gallery has-nested-images columns-default is-cropped wp-block-gallery-2 is-layout-flex wp-block-gallery-is-layout-flex\">\n<figure class=\"wp-block-image size-full\"><img loading=\"lazy\" decoding=\"async\" width=\"2048\" height=\"1204\" data-id=\"3061\" src=\"https:\/\/www.hoasen.edu.vn\/so-tay-sinh-vien\/wp-content\/uploads\/sites\/46\/2025\/09\/Hi\u0300nh-1-OnTheMic.jpg\" alt=\"\" class=\"wp-image-3061\"\/><\/figure>\n<\/figure>\n\n\n\n<h2 class=\"wp-block-heading\" style=\"font-size:20px\">DANH S\u00c1CH CLB TRUY\u1ec0N TH\u00d4NG &#8211; S\u1ef0 KI\u1ec6N<\/h2>\n\n\n\n<figure class=\"wp-block-table\"><table><tbody><tr><td class=\"has-text-align-center\" data-align=\"center\"><strong>TT<\/strong><\/td><td class=\"has-text-align-center\" data-align=\"center\"><strong>T\u00caN CH\u00cdNH TH\u1ee8C<\/strong><\/td><td class=\"has-text-align-center\" data-align=\"center\"><strong>EMAIL<\/strong><\/td><td class=\"has-text-align-center\" data-align=\"center\"><strong>FANPAGE<\/strong><\/td><\/tr><tr><td class=\"has-text-align-center\" data-align=\"center\">1<\/td><td class=\"has-text-align-center\" data-align=\"center\">MARHUB<\/td><td class=\"has-text-align-center\" data-align=\"center\"><a href=\"mailto:marhub.hsu@gmail.com\">marhub.hsu@gmail.com<\/a><\/td><td class=\"has-text-align-center\" data-align=\"center\"><a href=\"https:\/\/www.facebook.com\/marhub.hsu\" target=\"_blank\" rel=\"noreferrer noopener\">https:\/\/www.facebook.com\/marhub.hsu<\/a><\/td><\/tr><tr><td class=\"has-text-align-center\" data-align=\"center\">2<\/td><td class=\"has-text-align-center\" data-align=\"center\">HOA SEN PHOTOGRAPHY<\/td><td class=\"has-text-align-center\" data-align=\"center\"><a href=\"mailto:hoasenphotography@hoasen.edu.vn\">hoasenphotography@hoasen.edu.vn<\/a><\/td><td class=\"has-text-align-center\" data-align=\"center\"><a href=\"https:\/\/www.facebook.com\/hoasenphotography\" target=\"_blank\" rel=\"noreferrer noopener\">https:\/\/www.facebook.com\/hoasenphotography<\/a><\/td><\/tr><tr><td class=\"has-text-align-center\" data-align=\"center\">3<\/td><td class=\"has-text-align-center\" data-align=\"center\">\u0110\u1ed8I L\u1ec4 T\u00c2N HSU<\/td><td class=\"has-text-align-center\" data-align=\"center\"><a href=\"mailto:thu.tranminh4145@hoasen.edu.vn\">thu.tranminh4145@hoasen.edu.vn<\/a><\/td><td class=\"has-text-align-center\" data-align=\"center\"><\/td><\/tr><tr><td class=\"has-text-align-center\" data-align=\"center\">4<\/td><td class=\"has-text-align-center\" data-align=\"center\">EVENT ON CLUB<\/td><td class=\"has-text-align-center\" data-align=\"center\"><a href=\"mailto:eventonclub26022025@gmail.com\">eventonclub26022025@gmail.com<\/a><\/td><td class=\"has-text-align-center\" data-align=\"center\"><a href=\"https:\/\/www.facebook.com\/eventonclub?locale=vi_VN\" target=\"_blank\" rel=\"noopener\">https:\/\/www.facebook.com\/eventonclub?locale=vi_VN<\/a><\/td><\/tr><tr><td class=\"has-text-align-center\" data-align=\"center\">5<\/td><td class=\"has-text-align-center\" data-align=\"center\">ON THE MIC<\/td><td class=\"has-text-align-center\" data-align=\"center\"><\/td><td class=\"has-text-align-center\" data-align=\"center\"><a href=\"https:\/\/www.facebook.com\/profile.php?id=61576224098775&amp;locale=vi_VN\" target=\"_blank\" rel=\"noopener\">https:\/\/www.facebook.com\/profile.php?id=61576224098775&amp;locale=vi_VN<\/a><\/td><\/tr><tr><td class=\"has-text-align-center\" data-align=\"center\">6<\/td><td class=\"has-text-align-center\" data-align=\"center\">GO VIRAL<\/td><td class=\"has-text-align-center\" data-align=\"center\"><\/td><td class=\"has-text-align-center\" data-align=\"center\"><a href=\"https:\/\/www.facebook.com\/profile.php?id=61576001341874&amp;locale=vi_VN\" target=\"_blank\" rel=\"noreferrer noopener\">https:\/\/www.facebook.com\/profile.php?id=61576001341874&amp;locale=vi_VN<\/a><\/td><\/tr><\/tbody><\/table><\/figure>\n","protected":false},"excerpt":{"rendered":"<p>C\u00e1c CLB Truy\u1ec1n th\u00f4ng \u2013 S\u1ef1 ki\u1ec7n l\u00e0 n\u01a1i quy t\u1ee5 nh\u1eefng b\u1ea1n tr\u1ebb \u0111am m\u00ea s\u00e1ng t\u1ea1o n\u1ed9i dung, t\u1ed5 ch\u1ee9c s\u1ef1 ki\u1ec7n v\u00e0 kh\u00e1m ph\u00e1 th\u1ebf gi\u1edbi truy\u1ec1n th\u00f4ng hi\u1ec7n \u0111\u1ea1i. T\u1ea1i \u0111\u00e2y, sinh vi\u00ean \u0111\u01b0\u1ee3c tr\u1ea3i nghi\u1ec7m t\u1eeb kh\u00e2u l\u00ean \u00fd t\u01b0\u1edfng, s\u1ea3n xu\u1ea5t, tri\u1ec3n khai truy\u1ec1n th\u00f4ng \u0111\u1ebfn qu\u1ea3n l\u00fd ch\u01b0\u01a1ng tr\u00ecnh th\u1ef1c t\u1ebf, qua \u0111\u00f3 r\u00e8n luy\u1ec7n t\u01b0 duy chi\u1ebfn l\u01b0\u1ee3c, k\u1ef9 n\u0103ng l\u00e0m vi\u1ec7c nh\u00f3m v\u00e0 kh\u1ea3 n\u0103ng \u1ee9ng bi\u1ebfn linh ho\u1ea1t. NH\u1eeeNG C\u1ed8NG T\u00c1C VI\u00caN \u0110A T\u00c0I T\u1ea0I L\u1ec4 KHAI GI\u1ea2NG L\u1ea6N TH\u1ee8 43 \u0110\u00e2y m\u1ed9t trong 3 C\u00e2u l\u1ea1c b\u1ed9 v\u1eeba \u0111\u01b0\u1ee3c&#8230;<\/p>\n","protected":false},"author":38,"featured_media":0,"parent":0,"menu_order":0,"comment_status":"closed","ping_status":"closed","template":"","meta":{"footnotes":""},"class_list":["post-136","page","type-page","status-publish","hentry"],"acf":[],"_links":{"self":[{"href":"https:\/\/www.hoasen.edu.vn\/so-tay-sinh-vien\/wp-json\/wp\/v2\/pages\/136","targetHints":{"allow":["GET"]}}],"collection":[{"href":"https:\/\/www.hoasen.edu.vn\/so-tay-sinh-vien\/wp-json\/wp\/v2\/pages"}],"about":[{"href":"https:\/\/www.hoasen.edu.vn\/so-tay-sinh-vien\/wp-json\/wp\/v2\/types\/page"}],"author":[{"embeddable":true,"href":"https:\/\/www.hoasen.edu.vn\/so-tay-sinh-vien\/wp-json\/wp\/v2\/users\/38"}],"replies":[{"embeddable":true,"href":"https:\/\/www.hoasen.edu.vn\/so-tay-sinh-vien\/wp-json\/wp\/v2\/comments?post=136"}],"version-history":[{"count":23,"href":"https:\/\/www.hoasen.edu.vn\/so-tay-sinh-vien\/wp-json\/wp\/v2\/pages\/136\/revisions"}],"predecessor-version":[{"id":3125,"href":"https:\/\/www.hoasen.edu.vn\/so-tay-sinh-vien\/wp-json\/wp\/v2\/pages\/136\/revisions\/3125"}],"wp:attachment":[{"href":"https:\/\/www.hoasen.edu.vn\/so-tay-sinh-vien\/wp-json\/wp\/v2\/media?parent=136"}],"curies":[{"name":"wp","href":"https:\/\/api.w.org\/{rel}","templated":true}]}}