{"id":134,"date":"2022-08-01T03:12:23","date_gmt":"2022-08-01T03:12:23","guid":{"rendered":"https:\/\/www.hoasen.edu.vn\/so-tay-sinh-vien\/?page_id=134"},"modified":"2025-09-13T09:50:24","modified_gmt":"2025-09-13T09:50:24","slug":"clb-nghe-thuat","status":"publish","type":"page","link":"https:\/\/www.hoasen.edu.vn\/so-tay-sinh-vien\/clb-nghe-thuat\/","title":{"rendered":"CLB S\u00e1ng t\u1ea1o &#8211; Ngh\u1ec7 thu\u1eadt"},"content":{"rendered":"\n<p><strong>C\u00e1c C\u00e2u l\u1ea1c b\u1ed9 S\u00e1ng t\u1ea1o &#8211; Ngh\u1ec7 thu\u1eadt t\u1ea1i HSU l\u00e0 n\u01a1i sinh vi\u00ean th\u1ecfa s\u1ee9c th\u1ec3 hi\u1ec7n c\u00e1 t\u00ednh v\u00e0 nu\u00f4i d\u01b0\u1ee1ng \u0111am m\u00ea s\u00e1ng t\u1ea1o. M\u1ed7i CLB \u0111\u1ec1u mang \u0111\u1ebfn kh\u00f4ng gian ngh\u1ec7 thu\u1eadt \u0111a s\u1eafc m\u00e0u, n\u01a1i c\u00e1c b\u1ea1n tr\u1ebb v\u1eeba r\u00e8n luy\u1ec7n k\u1ef9 n\u0103ng, v\u1eeba lan t\u1ecfa n\u0103ng l\u01b0\u1ee3ng t\u00edch c\u1ef1c v\u00e0 kh\u1eb3ng \u0111\u1ecbnh d\u1ea5u \u1ea5n ri\u00eang. \u0110\u00e2y c\u0169ng l\u00e0 b\u1ec7 ph\u00f3ng \u0111\u1ec3 sinh vi\u00ean t\u1ef1 tin t\u1ecfa s\u00e1ng, g\u00f3p ph\u1ea7n l\u00e0m phong ph\u00fa \u0111\u1eddi s\u1ed1ng tinh th\u1ea7n trong c\u1ed9ng \u0111\u1ed3ng Hoa Sen.<\/strong><\/p>\n\n\n\n<h2 class=\"wp-block-heading\" style=\"font-size:20px\">QU\u00dd QU\u00c2N HSUNik G\u1eccI T\u00caN \u0110\u1ed8I V\u0102N NGH\u1ec6 XUNG K\u00cdCH HSU<\/h2>\n\n\n\n<p>HSUNik l\u00e0 ch\u01b0\u01a1ng tr\u00ecnh th\u01b0\u1eddng ni\u00ean c\u1ee7a \u0110o\u00e0n Thanh ni\u00ean v\u00e0 H\u1ed9i Sinh vi\u00ean Tr\u01b0\u1eddng \u0110\u1ea1i h\u1ecdc Hoa Sen d\u00e0nh cho to\u00e0n th\u1ec3 sinh vi\u00ean c\u1ee7a Tr\u01b0\u1eddng. B\u00ean c\u1ea1nh \u0111\u00f3, HSUNik m\u1edf r\u1ed9ng \u0111\u1ed1i t\u01b0\u1ee3ng tham gia l\u00e0 nh\u1eefng th\u00ed sinh \u0111\u1ebfn t\u1eeb c\u00e1c tr\u01b0\u1eddng THPT tr\u00ean \u0111\u1ecba b\u00e0n th\u00e0nh ph\u1ed1. C\u00f9ng v\u1edbi s\u1ef1 c\u1ed1 g\u1eafng kh\u00f4ng ng\u1eebng, b\u1ea1n Nguy\u1ec5n Tr\u00e0 My &#8211; th\u00e0nh vi\u00ean \u0110\u1ed9i V\u0103n ngh\u1ec7 Xung k\u00edch \u0111\u00e3 xu\u1ea5t s\u1eafc \u0111\u1ea1t gi\u1ea3i Qu\u00fd Qu\u00e2n b\u1ea3ng H\u00e1t\/Rap cu\u1ed9c thi HSUNIK 2025.<\/p>\n\n\n\n<figure class=\"wp-block-image size-full\"><img loading=\"lazy\" decoding=\"async\" width=\"2048\" height=\"1366\" src=\"https:\/\/www.hoasen.edu.vn\/so-tay-sinh-vien\/wp-content\/uploads\/sites\/46\/2025\/09\/Hi\u0300nh-2-VNXK.jpg\" alt=\"\" class=\"wp-image-3053\"\/><\/figure>\n\n\n\n<h2 class=\"wp-block-heading\" style=\"font-size:20px\">CLB B2C V\u00c0O CHUNG K\u1ebeT Uni-VERSE DANCE COMPETITION (UDC)]<\/h2>\n\n\n\n<p>Uni-VERSE Dance Competition l\u00e0 s\u1ef1 ki\u1ec7n\/cu\u1ed9c thi v\u0169 \u0111\u1ea1o th\u01b0\u1eddng ni\u00ean do LYRIC\u00cdST t\u1ed5 ch\u1ee9c v\u1edbi m\u1ee5c \u0111\u00edch t\u1ea1o s\u00e2n ch\u01a1i cho c\u1ed9ng \u0111\u1ed3ng, h\u1ed9i t\u1ee5 c\u00e1c \u0111\u1ed9i nh\u1ea3y \u0111\u1ebfn t\u1eeb kh\u1eafp n\u01a1i tr\u00ean to\u00e0n qu\u1ed1c. C\u00e2u l\u1ea1c b\u1ed9 B2C \u0111\u00e3 vinh d\u1ef1 \u0111\u01b0\u1ee3c l\u1ecdt v\u00e0o v\u00f2ng chung k\u1ebft cu\u1ed9c thi v\u1edbi kh\u00f4ng ng\u1eebng s\u1ef1 quy\u1ebft t\u00e2m, n\u1ed7 l\u1ef1c, \u0111\u00e3 ph\u1ea3n \u00e1nh \u0111\u00fang tinh th\u1ea7n c\u1ee7a sinh vi\u00ean Tr\u01b0\u1eddng \u0110\u1ea1i h\u1ecdc Hoa Sen.<\/p>\n\n\n\n<figure class=\"wp-block-image size-full\"><img loading=\"lazy\" decoding=\"async\" width=\"2048\" height=\"1364\" src=\"https:\/\/www.hoasen.edu.vn\/so-tay-sinh-vien\/wp-content\/uploads\/sites\/46\/2025\/09\/Hi\u0300nh-3-B2C.jpg\" alt=\"\" class=\"wp-image-3054\"\/><\/figure>\n\n\n\n<h2 class=\"wp-block-heading\" style=\"font-size:20px\">MINI SHOW &#8211; BITTERSWEET<\/h2>\n\n\n\n<p>\u0110\u00eam nh\u1ea1c Free Entry mang t\u00ean BITTERSWEET, c\u00f9ng v\u1edbi setlist R&amp;B, Jazz, Funk v\u00e0 nh\u1eefng ti\u1ebft m\u1ee5c giao l\u01b0u t\u1eeb c\u00e1c b\u1ea1n kh\u00e1n gi\u1ea3, sinh vi\u00ean trong v\u00e0 ngo\u00e0i tr\u01b0\u1eddng, C\u00e2u l\u1ea1c b\u1ed9 Hoa Sen Acoustic \u0111\u00e3 \u0111em \u0111\u1ebfn m\u1ed9t \u0111\u00eam nh\u1ea1c v\u00f4 c\u00f9ng th\u0103ng hoa v\u1edbi \u0111\u1ea7y c\u1ea3m x\u00fac kh\u00f3 qu\u00ean.<\/p>\n\n\n\n<figure class=\"wp-block-gallery has-nested-images columns-default is-cropped wp-block-gallery-1 is-layout-flex wp-block-gallery-is-layout-flex\">\n<figure class=\"wp-block-image size-full\"><img loading=\"lazy\" decoding=\"async\" width=\"2048\" height=\"1365\" data-id=\"3057\" src=\"https:\/\/www.hoasen.edu.vn\/so-tay-sinh-vien\/wp-content\/uploads\/sites\/46\/2025\/09\/Hi\u0300nh-1-HSA.jpg\" alt=\"\" class=\"wp-image-3057\"\/><\/figure>\n\n\n\n<figure class=\"wp-block-image size-full\"><img loading=\"lazy\" decoding=\"async\" width=\"2048\" height=\"1365\" data-id=\"3055\" src=\"https:\/\/www.hoasen.edu.vn\/so-tay-sinh-vien\/wp-content\/uploads\/sites\/46\/2025\/09\/Hi\u0300nh-3-HSA.jpg\" alt=\"\" class=\"wp-image-3055\"\/><\/figure>\n\n\n\n<figure class=\"wp-block-image size-full\"><img loading=\"lazy\" decoding=\"async\" width=\"2048\" height=\"1365\" data-id=\"3056\" src=\"https:\/\/www.hoasen.edu.vn\/so-tay-sinh-vien\/wp-content\/uploads\/sites\/46\/2025\/09\/Hi\u0300nh-2-HSA.jpg\" alt=\"\" class=\"wp-image-3056\"\/><\/figure>\n<\/figure>\n\n\n\n<h2 class=\"wp-block-heading\" style=\"font-size:20px\">DANH S\u00c1CH CLB S\u00c1NG T\u1ea0O &#8211; NGH\u1ec6 THU\u1eacT<\/h2>\n\n\n\n<figure class=\"wp-block-table\"><table><tbody><tr><td class=\"has-text-align-center\" data-align=\"center\"><strong>TT<\/strong><\/td><td class=\"has-text-align-center\" data-align=\"center\"><strong>T\u00caN CH\u00cdNH TH\u1ee8C<\/strong><\/td><td class=\"has-text-align-center\" data-align=\"center\"><strong>EMAIL<\/strong><\/td><td class=\"has-text-align-center\" data-align=\"center\"><strong>FANPAGE<\/strong><\/td><\/tr><tr><td class=\"has-text-align-center\" data-align=\"center\">1<\/td><td class=\"has-text-align-center\" data-align=\"center\">V\u0102N NGH\u1ec6 XUNG K\u00cdCH HSU<\/td><td class=\"has-text-align-center\" data-align=\"center\"><a href=\"mailto:ly.ttn11085@sinhvien.hoasen.edu.vn\">ly.ttn11085@sinhvien.hoasen.edu.vn<\/a><\/td><td class=\"has-text-align-center\" data-align=\"center\"><a href=\"https:\/\/www.facebook.com\/vannghexungkich.hsu\" target=\"_blank\" rel=\"noreferrer noopener\">https:\/\/www.facebook.com\/vannghexungkich.hsu<\/a>\u00a0<\/td><\/tr><tr><td class=\"has-text-align-center\" data-align=\"center\">2<\/td><td class=\"has-text-align-center\" data-align=\"center\">FLY ENTERTAINMNET<\/td><td class=\"has-text-align-center\" data-align=\"center\"><a href=\"mailto:flyentertainment15@gmail.com\">flyentertainment15@gmail.com<\/a><\/td><td class=\"has-text-align-center\" data-align=\"center\"><a href=\"https:\/\/www.facebook.com\/flyentertainment\" target=\"_blank\" rel=\"noopener\">https:\/\/www.facebook.com\/flyentertainment<\/a><\/td><\/tr><tr><td class=\"has-text-align-center\" data-align=\"center\">3<\/td><td class=\"has-text-align-center\" data-align=\"center\">BOUND CRUSHERS DANCE COMPANY<\/td><td class=\"has-text-align-center\" data-align=\"center\"><a href=\"mailto:b2c.hsu@gmail.com\">b2c.hsu@gmail.com<\/a><\/td><td class=\"has-text-align-center\" data-align=\"center\"><a href=\"https:\/\/www.facebook.com\/boundcrusherscompany\" target=\"_blank\" rel=\"noopener\">https:\/\/www.facebook.com\/boundcrusherscompany<\/a><\/td><\/tr><tr><td class=\"has-text-align-center\" data-align=\"center\">4<\/td><td class=\"has-text-align-center\" data-align=\"center\">HOA SEN ACOUSTIC<\/td><td class=\"has-text-align-center\" data-align=\"center\"><a href=\"mailto:hoasenacoustic@gmail.com\">hoasenacoustic@gmail.com<\/a><\/td><td class=\"has-text-align-center\" data-align=\"center\"><a href=\"https:\/\/www.facebook.com\/hsu.acoustic.club\" target=\"_blank\" rel=\"noopener\">https:\/\/www.facebook.com\/hsu.acoustic.club<\/a><\/td><\/tr><tr><td class=\"has-text-align-center\" data-align=\"center\">5<\/td><td class=\"has-text-align-center\" data-align=\"center\">HOA SEN ARTELIER<\/td><td class=\"has-text-align-center\" data-align=\"center\"><\/td><td class=\"has-text-align-center\" data-align=\"center\"><a href=\"https:\/\/www.facebook.com\/profile.php?id=61574945635210\" target=\"_blank\" rel=\"noreferrer noopener\">https:\/\/www.facebook.com\/profile.php?id=61574945635210<\/a><\/td><\/tr><tr><td class=\"has-text-align-center\" data-align=\"center\">6<\/td><td class=\"has-text-align-center\" data-align=\"center\">HOA SEN GAMING<\/td><td class=\"has-text-align-center\" data-align=\"center\"><a href=\"mailto:hsg@hoasen.edu.vn\">hsg@hoasen.edu.vn<\/a><\/td><td class=\"has-text-align-center\" data-align=\"center\"><a href=\"https:\/\/www.facebook.com\/HoaSenGaming\/\" target=\"_blank\" rel=\"noreferrer noopener\">https:\/\/www.facebook.com\/HoaSenGaming\/<\/a><\/td><\/tr><tr><td class=\"has-text-align-center\" data-align=\"center\">7<\/td><td class=\"has-text-align-center\" data-align=\"center\">M &#8211; CLOWNs TEAM<\/td><td class=\"has-text-align-center\" data-align=\"center\"><a href=\"mailto:m.clownsteam@gmail.com\">m.clownsteam@gmail.com<\/a><\/td><td class=\"has-text-align-center\" data-align=\"center\"><a href=\"https:\/\/www.facebook.com\/MCLOWNsTeam\" target=\"_blank\" rel=\"noopener\">https:\/\/www.facebook.com\/MCLOWNsTeam<\/a><\/td><\/tr><\/tbody><\/table><\/figure>\n\n\n\n<p><\/p>\n","protected":false},"excerpt":{"rendered":"<p>C\u00e1c C\u00e2u l\u1ea1c b\u1ed9 S\u00e1ng t\u1ea1o &#8211; Ngh\u1ec7 thu\u1eadt t\u1ea1i HSU l\u00e0 n\u01a1i sinh vi\u00ean th\u1ecfa s\u1ee9c th\u1ec3 hi\u1ec7n c\u00e1 t\u00ednh v\u00e0 nu\u00f4i d\u01b0\u1ee1ng \u0111am m\u00ea s\u00e1ng t\u1ea1o. M\u1ed7i CLB \u0111\u1ec1u mang \u0111\u1ebfn kh\u00f4ng gian ngh\u1ec7 thu\u1eadt \u0111a s\u1eafc m\u00e0u, n\u01a1i c\u00e1c b\u1ea1n tr\u1ebb v\u1eeba r\u00e8n luy\u1ec7n k\u1ef9 n\u0103ng, v\u1eeba lan t\u1ecfa n\u0103ng l\u01b0\u1ee3ng t\u00edch c\u1ef1c v\u00e0 kh\u1eb3ng \u0111\u1ecbnh d\u1ea5u \u1ea5n ri\u00eang. \u0110\u00e2y c\u0169ng l\u00e0 b\u1ec7 ph\u00f3ng \u0111\u1ec3 sinh vi\u00ean t\u1ef1 tin t\u1ecfa s\u00e1ng, g\u00f3p ph\u1ea7n l\u00e0m phong ph\u00fa \u0111\u1eddi s\u1ed1ng tinh th\u1ea7n trong c\u1ed9ng \u0111\u1ed3ng Hoa Sen. QU\u00dd QU\u00c2N HSUNik G\u1eccI T\u00caN \u0110\u1ed8I V\u0102N NGH\u1ec6 XUNG K\u00cdCH HSU HSUNik&#8230;<\/p>\n","protected":false},"author":38,"featured_media":0,"parent":0,"menu_order":0,"comment_status":"closed","ping_status":"closed","template":"","meta":{"footnotes":""},"class_list":["post-134","page","type-page","status-publish","hentry"],"acf":[],"_links":{"self":[{"href":"https:\/\/www.hoasen.edu.vn\/so-tay-sinh-vien\/wp-json\/wp\/v2\/pages\/134","targetHints":{"allow":["GET"]}}],"collection":[{"href":"https:\/\/www.hoasen.edu.vn\/so-tay-sinh-vien\/wp-json\/wp\/v2\/pages"}],"about":[{"href":"https:\/\/www.hoasen.edu.vn\/so-tay-sinh-vien\/wp-json\/wp\/v2\/types\/page"}],"author":[{"embeddable":true,"href":"https:\/\/www.hoasen.edu.vn\/so-tay-sinh-vien\/wp-json\/wp\/v2\/users\/38"}],"replies":[{"embeddable":true,"href":"https:\/\/www.hoasen.edu.vn\/so-tay-sinh-vien\/wp-json\/wp\/v2\/comments?post=134"}],"version-history":[{"count":16,"href":"https:\/\/www.hoasen.edu.vn\/so-tay-sinh-vien\/wp-json\/wp\/v2\/pages\/134\/revisions"}],"predecessor-version":[{"id":3122,"href":"https:\/\/www.hoasen.edu.vn\/so-tay-sinh-vien\/wp-json\/wp\/v2\/pages\/134\/revisions\/3122"}],"wp:attachment":[{"href":"https:\/\/www.hoasen.edu.vn\/so-tay-sinh-vien\/wp-json\/wp\/v2\/media?parent=134"}],"curies":[{"name":"wp","href":"https:\/\/api.w.org\/{rel}","templated":true}]}}