{"id":118,"date":"2022-08-01T03:01:15","date_gmt":"2022-08-01T03:01:15","guid":{"rendered":"https:\/\/www.hoasen.edu.vn\/so-tay-sinh-vien\/?page_id=118"},"modified":"2022-08-04T08:15:00","modified_gmt":"2022-08-04T08:15:00","slug":"the-sinh-vien","status":"publish","type":"page","link":"https:\/\/www.hoasen.edu.vn\/so-tay-sinh-vien\/the-sinh-vien\/","title":{"rendered":"Th\u1ebb sinh vi\u00ean"},"content":{"rendered":"\n<p>Sinh vi\u00ean b\u1eaft bu\u1ed9c ph\u1ea3i l\u00e0m th\u1ebb sinh vi\u00ean \u0111\u1ec3 thi c\u1eed v\u00e0 \u0111\u01b0\u1ee3c h\u01b0\u1edfng c\u00e1c quy\u1ec1n l\u1ee3i d\u00e0nh cho sinh vi\u00ean t\u1ea1i Tr\u01b0\u1eddng:<\/p>\n\n\n\n<ul class=\"wp-block-list\"><li>\u00a0Tham gia c\u00e1c ho\u1ea1t \u0111\u1ed9ng c\u1ee7a Nh\u00e0 tr\u01b0\u1eddng.<\/li><li>\u00a0S\u1eed d\u1ee5ng d\u1ecbch v\u1ee5 t\u1ea1i th\u01b0 vi\u1ec7n Nh\u00e0 tr\u01b0\u1eddng.<\/li><li>H\u01b0\u1edfng \u01b0u \u0111\u00e3i c\u00e1c d\u1ecbch v\u1ee5 b\u00ean ngo\u00e0i d\u00e0nh cho \u0111\u1ed1i t\u01b0\u1ee3ng sinh vi\u00ean.<\/li><\/ul>\n\n\n\n<p><strong>Quy tr\u00ecnh l\u00e0m th\u1ebb sinh vi\u00ean<\/strong><\/p>\n\n\n\n<p>B\u01b0\u1edbc 1: Sinh vi\u00ean \u0111i\u1ec1n v\u00e0o Bi\u1ec3u m\u1eabu m\u1edf &amp; s\u1eed d\u1ee5ng t\u00e0i kho\u1ea3n c\u00e1 nh\u00e2n c\u1ee7a ng\u00e2n h\u00e0ng \u0111\u1ed1i t\u00e1c.<\/p>\n\n\n\n<p>B\u01b0\u1edbc 2: Ch\u1ee5p h\u00ecnh l\u00e0m th\u1ebb sinh vi\u00ean.<\/p>\n\n\n\n<p>B\u01b0\u1edbc 3: Sau khi nh\u00e0 tr\u01b0\u1eddng g\u1eedi mail th\u00f4ng b\u00e1o nh\u1eadn th\u1ebb, sinh vi\u00ean \u0111\u1ebfn nh\u1eadn th\u1ebb theo th\u1eddi gian v\u00e0 \u0111\u1ecba \u0111i\u1ec3m trong th\u00f4ng b\u00e1o.<\/p>\n\n\n\n<p><em>L\u01b0u \u00fd<\/em>: Sinh vi\u00ean ph\u1ea3i mang theo 01 b\u1ea3n photo CMND\/CCCD (kh\u00f4ng c\u1ea7n c\u00f4ng ch\u1ee9ng) khi \u0111\u1ebfn l\u00e0m th\u1ebb sinh vi\u00ean.<\/p>\n\n\n\n<p><strong>Quy tr\u00ecnh l\u00e0m l\u1ea1i th\u1ebb sinh vi\u00ean<\/strong><\/p>\n\n\n\n<p>Sinh vi\u00ean b\u1ecb m\u1ea5t th\u1ebb, h\u01b0 th\u1ebb c\u00f3 nhu c\u1ea7u l\u00e0m l\u1ea1i th\u1ebb sinh vi\u00ean s\u1ebd li\u00ean h\u1ec7 v\u1edbi Trung t\u00e2m Tr\u1ea3i nghi\u1ec7m &#8211; Vi\u1ec7c l\u00e0m Sinh vi\u00ean \u0111\u1ec3 \u0111\u01b0\u1ee3c h\u01b0\u1edbng d\u1eabn \u0111i\u1ec1n Bi\u1ec3u m\u1eabu l\u00e0m l\u1ea1i th\u1ebb v\u00e0 \u0111\u00f3ng ph\u00ed l\u00e0m l\u1ea1i th\u1ebb theo m\u1ee9c ph\u00ed hi\u1ec7n h\u00e0nh c\u1ee7a t\u1eebng n\u0103m h\u1ecdc.<\/p>\n\n\n\n<p><strong>Quy tr\u00ecnh l\u00e0m th\u1ebb sinh vi\u00ean t\u1ea1m th\u1eddi<\/strong><\/p>\n\n\n\n<p>Sinh vi\u00ean ph\u1ea3i mang theo CMND\/CCCD b\u1ea3n ch\u00ednh \u0111\u1ec3 \u0111\u1ed1i chi\u1ebfu v\u00e0 01 h\u00ecnh th\u1ebb 3&#215;4 \u0111\u1ec3 l\u00e0m th\u1ebb sinh vi\u00ean t\u1ea1m th\u1eddi.<\/p>\n\n\n\n<p>Th\u1ebb sinh vi\u00ean t\u1ea1m th\u1eddi c\u00f3 gi\u00e1 tr\u1ecb s\u1eed d\u1ee5ng trong v\u00f2ng 03 th\u00e1ng k\u1ec3 t\u1eeb ng\u00e0y l\u00e0m th\u1ebb.<\/p>\n","protected":false},"excerpt":{"rendered":"<p>Sinh vi\u00ean b\u1eaft bu\u1ed9c ph\u1ea3i l\u00e0m th\u1ebb sinh vi\u00ean \u0111\u1ec3 thi c\u1eed v\u00e0 \u0111\u01b0\u1ee3c h\u01b0\u1edfng c\u00e1c quy\u1ec1n l\u1ee3i d\u00e0nh cho sinh vi\u00ean t\u1ea1i Tr\u01b0\u1eddng: \u00a0Tham gia c\u00e1c ho\u1ea1t \u0111\u1ed9ng c\u1ee7a Nh\u00e0 tr\u01b0\u1eddng. \u00a0S\u1eed d\u1ee5ng d\u1ecbch v\u1ee5 t\u1ea1i th\u01b0 vi\u1ec7n Nh\u00e0 tr\u01b0\u1eddng. H\u01b0\u1edfng \u01b0u \u0111\u00e3i c\u00e1c d\u1ecbch v\u1ee5 b\u00ean ngo\u00e0i d\u00e0nh cho \u0111\u1ed1i t\u01b0\u1ee3ng sinh vi\u00ean. Quy tr\u00ecnh l\u00e0m th\u1ebb sinh vi\u00ean B\u01b0\u1edbc 1: Sinh vi\u00ean \u0111i\u1ec1n v\u00e0o Bi\u1ec3u m\u1eabu m\u1edf &amp; s\u1eed d\u1ee5ng t\u00e0i kho\u1ea3n c\u00e1 nh\u00e2n c\u1ee7a ng\u00e2n h\u00e0ng \u0111\u1ed1i t\u00e1c. B\u01b0\u1edbc 2: Ch\u1ee5p h\u00ecnh l\u00e0m th\u1ebb sinh vi\u00ean. B\u01b0\u1edbc 3: Sau khi nh\u00e0 tr\u01b0\u1eddng g\u1eedi mail th\u00f4ng b\u00e1o&#8230;<\/p>\n","protected":false},"author":38,"featured_media":0,"parent":0,"menu_order":0,"comment_status":"closed","ping_status":"closed","template":"","meta":{"footnotes":""},"class_list":["post-118","page","type-page","status-publish","hentry"],"acf":[],"_links":{"self":[{"href":"https:\/\/www.hoasen.edu.vn\/so-tay-sinh-vien\/wp-json\/wp\/v2\/pages\/118","targetHints":{"allow":["GET"]}}],"collection":[{"href":"https:\/\/www.hoasen.edu.vn\/so-tay-sinh-vien\/wp-json\/wp\/v2\/pages"}],"about":[{"href":"https:\/\/www.hoasen.edu.vn\/so-tay-sinh-vien\/wp-json\/wp\/v2\/types\/page"}],"author":[{"embeddable":true,"href":"https:\/\/www.hoasen.edu.vn\/so-tay-sinh-vien\/wp-json\/wp\/v2\/users\/38"}],"replies":[{"embeddable":true,"href":"https:\/\/www.hoasen.edu.vn\/so-tay-sinh-vien\/wp-json\/wp\/v2\/comments?post=118"}],"version-history":[{"count":2,"href":"https:\/\/www.hoasen.edu.vn\/so-tay-sinh-vien\/wp-json\/wp\/v2\/pages\/118\/revisions"}],"predecessor-version":[{"id":547,"href":"https:\/\/www.hoasen.edu.vn\/so-tay-sinh-vien\/wp-json\/wp\/v2\/pages\/118\/revisions\/547"}],"wp:attachment":[{"href":"https:\/\/www.hoasen.edu.vn\/so-tay-sinh-vien\/wp-json\/wp\/v2\/media?parent=118"}],"curies":[{"name":"wp","href":"https:\/\/api.w.org\/{rel}","templated":true}]}}