{"id":101,"date":"2022-08-01T02:50:40","date_gmt":"2022-08-01T02:50:40","guid":{"rendered":"https:\/\/www.hoasen.edu.vn\/so-tay-sinh-vien\/?page_id=101"},"modified":"2023-02-13T01:49:19","modified_gmt":"2023-02-13T01:49:19","slug":"hoc-phi-goi-vay-ho-tro-dong-hoc-phi","status":"publish","type":"page","link":"https:\/\/www.hoasen.edu.vn\/so-tay-sinh-vien\/hoc-phi-goi-vay-ho-tro-dong-hoc-phi\/","title":{"rendered":"H\u1ecdc ph\u00ed"},"content":{"rendered":"\n<p>Sinh vi\u00ean \u0111\u00f3ng h\u1ecdc ph\u00ed theo k\u1ebft qu\u1ea3 \u0111\u0103ng k\u00fd m\u00f4n h\u1ecdc online. Sinh vi\u00ean ph\u1ea3i ho\u00e0n t\u1ea5t ngh\u0129a v\u1ee5 h\u1ecdc ph\u00ed tr\u01b0\u1edbc khi b\u1eaft \u0111\u1ea7u h\u1ecdc k\u1ef3 theo th\u00f4ng b\u00e1o \u0111\u0103ng k\u00fd m\u00f4n h\u1ecdc. Nh\u00e0 tr\u01b0\u1eddng s\u1ebd h\u1ee7y k\u1ebft qu\u1ea3 \u0111\u0103ng k\u00fd m\u00f4n h\u1ecdc c\u1ee7a c\u00e1c sinh vi\u00ean ch\u01b0a ho\u00e0n t\u1ea5t ngh\u0129a v\u1ee5 h\u1ecdc ph\u00ed sau khi h\u1ecdc k\u1ef3 \u0111\u00e3 b\u1eaft \u0111\u1ea7u.<\/p>\n\n\n\n<p>C\u00e1ch th\u1ee9c \u0111\u00f3ng h\u1ecdc ph\u00ed s\u1ebd \u0111\u01b0\u1ee3c Ph\u00f2ng \u0110\u00e0o t\u1ea1o \u0110\u1ea1i h\u1ecdc th\u00f4ng b\u00e1o qua email sinh vi\u00ean v\u00e0 \u0111\u0103ng t\u1ea3i tr\u00ean website tr\u01b0\u1eddng tr\u01b0\u1edbc m\u1ed7i h\u1ecdc k\u1ef3.<\/p>\n","protected":false},"excerpt":{"rendered":"<p>Sinh vi\u00ean \u0111\u00f3ng h\u1ecdc ph\u00ed theo k\u1ebft qu\u1ea3 \u0111\u0103ng k\u00fd m\u00f4n h\u1ecdc online. Sinh vi\u00ean ph\u1ea3i ho\u00e0n t\u1ea5t ngh\u0129a v\u1ee5 h\u1ecdc ph\u00ed tr\u01b0\u1edbc khi b\u1eaft \u0111\u1ea7u h\u1ecdc k\u1ef3 theo th\u00f4ng b\u00e1o \u0111\u0103ng k\u00fd m\u00f4n h\u1ecdc. Nh\u00e0 tr\u01b0\u1eddng s\u1ebd h\u1ee7y k\u1ebft qu\u1ea3 \u0111\u0103ng k\u00fd m\u00f4n h\u1ecdc c\u1ee7a c\u00e1c sinh vi\u00ean ch\u01b0a ho\u00e0n t\u1ea5t ngh\u0129a v\u1ee5 h\u1ecdc ph\u00ed sau khi h\u1ecdc k\u1ef3 \u0111\u00e3 b\u1eaft \u0111\u1ea7u. C\u00e1ch th\u1ee9c \u0111\u00f3ng h\u1ecdc ph\u00ed s\u1ebd \u0111\u01b0\u1ee3c Ph\u00f2ng \u0110\u00e0o t\u1ea1o \u0110\u1ea1i h\u1ecdc th\u00f4ng b\u00e1o qua email sinh vi\u00ean v\u00e0 \u0111\u0103ng t\u1ea3i tr\u00ean website tr\u01b0\u1eddng tr\u01b0\u1edbc m\u1ed7i h\u1ecdc k\u1ef3.<\/p>\n","protected":false},"author":38,"featured_media":0,"parent":0,"menu_order":0,"comment_status":"closed","ping_status":"closed","template":"","meta":{"footnotes":""},"class_list":["post-101","page","type-page","status-publish","hentry"],"acf":[],"_links":{"self":[{"href":"https:\/\/www.hoasen.edu.vn\/so-tay-sinh-vien\/wp-json\/wp\/v2\/pages\/101","targetHints":{"allow":["GET"]}}],"collection":[{"href":"https:\/\/www.hoasen.edu.vn\/so-tay-sinh-vien\/wp-json\/wp\/v2\/pages"}],"about":[{"href":"https:\/\/www.hoasen.edu.vn\/so-tay-sinh-vien\/wp-json\/wp\/v2\/types\/page"}],"author":[{"embeddable":true,"href":"https:\/\/www.hoasen.edu.vn\/so-tay-sinh-vien\/wp-json\/wp\/v2\/users\/38"}],"replies":[{"embeddable":true,"href":"https:\/\/www.hoasen.edu.vn\/so-tay-sinh-vien\/wp-json\/wp\/v2\/comments?post=101"}],"version-history":[{"count":3,"href":"https:\/\/www.hoasen.edu.vn\/so-tay-sinh-vien\/wp-json\/wp\/v2\/pages\/101\/revisions"}],"predecessor-version":[{"id":1588,"href":"https:\/\/www.hoasen.edu.vn\/so-tay-sinh-vien\/wp-json\/wp\/v2\/pages\/101\/revisions\/1588"}],"wp:attachment":[{"href":"https:\/\/www.hoasen.edu.vn\/so-tay-sinh-vien\/wp-json\/wp\/v2\/media?parent=101"}],"curies":[{"name":"wp","href":"https:\/\/api.w.org\/{rel}","templated":true}]}}