{"id":10,"date":"2022-08-01T02:14:41","date_gmt":"2022-08-01T02:14:41","guid":{"rendered":"https:\/\/www.hoasen.edu.vn\/so-tay-sinh-vien\/?page_id=10"},"modified":"2025-09-13T05:38:41","modified_gmt":"2025-09-13T05:38:41","slug":"gioi-thieu-so-tay-sinh-vien","status":"publish","type":"page","link":"https:\/\/www.hoasen.edu.vn\/so-tay-sinh-vien\/gioi-thieu-so-tay-sinh-vien\/","title":{"rendered":"T\u1ed5ng quan"},"content":{"rendered":"\n<p>Trung t\u00e2m Tr\u1ea3i nghi\u1ec7m Sinh vi\u00ean v\u00e0 Quan h\u1ec7 Doanh nghi\u1ec7p l\u00e0 \u0111\u01a1n v\u1ecb tr\u1ef1c thu\u1ed9c Tr\u01b0\u1eddng \u0110\u1ea1i h\u1ecdc Hoa Sen, mang s\u1ee9 m\u1ec7nh <strong>\u0111\u1ed3ng h\u00e0nh c\u00f9ng sinh vi\u00ea<\/strong>n trong su\u1ed1t h\u00e0nh tr\u00ecnh h\u1ecdc t\u1eadp, r\u00e8n luy\u1ec7n v\u00e0 ph\u00e1t tri\u1ec3n b\u1ea3n th\u00e2n. V\u1edbi tri\u1ebft l\u00fd gi\u00e1o d\u1ee5c khai ph\u00f3ng, Trung t\u00e2m kh\u00f4ng ch\u1ec9 \u0111\u1ea3m nh\u1eadn vai tr\u00f2 <strong>h\u1ed7 tr\u1ee3 to\u00e0n di\u1ec7n v\u1ec1 c\u00f4ng t\u00e1c sinh vi\u00ean<\/strong>, m\u00e0 c\u00f2n <strong>ki\u1ebfn t\u1ea1o m\u00f4i tr\u01b0\u1eddng tr\u1ea3i nghi\u1ec7m n\u0103ng \u0111\u1ed9ng<\/strong>, n\u01a1i sinh vi\u00ean c\u00f3 th\u1ec3 kh\u00e1m ph\u00e1 n\u0103ng l\u1ef1c c\u00e1 nh\u00e2n, b\u1ed3i d\u01b0\u1ee1ng k\u1ef9 n\u0103ng v\u00e0 t\u1ef1 tin h\u1ed9i nh\u1eadp to\u00e0n c\u1ea7u.<\/p>\n\n\n\n<figure class=\"wp-block-image size-full\"><img loading=\"lazy\" decoding=\"async\" width=\"2048\" height=\"1040\" src=\"https:\/\/www.hoasen.edu.vn\/so-tay-sinh-vien\/wp-content\/uploads\/sites\/46\/2025\/09\/LKG-2025.jpg\" alt=\"\" class=\"wp-image-2938\"\/><\/figure>\n\n\n\n<p>Song h\u00e0nh c\u00f9ng c\u00e1c ho\u1ea1t \u0111\u1ed9ng c\u1ee7a Trung t\u00e2m, S\u1ed5 tay sinh vi\u00ean \u0111\u01b0\u1ee3c x\u00e2y d\u1ef1ng nh\u01b0 m\u1ed9t <strong>k\u00eanh th\u00f4ng tin ch\u00ednh th\u1ed1ng v\u00e0 \u0111\u00e1ng tin c\u1eady<\/strong>, gi\u00fap sinh vi\u00ean d\u1ec5 d\u00e0ng <strong>t\u00ecm th\u1ea5y c\u00e2u tr\u1ea3 l\u1eddi cho nh\u1eefng v\u1ea5n \u0111\u1ec1 th\u01b0\u1eddng g\u1eb7p<\/strong> trong qu\u00e1 tr\u00ecnh h\u1ecdc t\u1eadp v\u00e0 sinh ho\u1ea1t t\u1ea1i Tr\u01b0\u1eddng. T\u1eeb quy \u0111\u1ecbnh h\u1ecdc v\u1ee5, th\u1ee7 t\u1ee5c h\u00e0nh ch\u00ednh, ho\u1ea1t \u0111\u1ed9ng \u0110o\u00e0n &#8211; H\u1ed9i &#8211; C\u00e2u l\u1ea1c b\u1ed9, \u0111\u1ebfn th\u00f4ng tin h\u1ed7 tr\u1ee3 \u0111\u1eddi s\u1ed1ng, S\u1ed5 tay \u0111\u00f3ng vai tr\u00f2 l\u00e0 \u201cng\u01b0\u1eddi b\u1ea1n \u0111\u1ed3ng h\u00e0nh\u201d \u0111\u1ec3 sinh vi\u00ean ch\u1ee7 \u0111\u1ed9ng h\u01a1n trong h\u1ecdc t\u1eadp, tham gia ho\u1ea1t \u0111\u1ed9ng v\u00e0 ph\u00e1t tri\u1ec3n b\u1ea3n th\u00e2n.<\/p>\n\n\n\n<p>V\u1edbi \u0111\u1ecbnh h\u01b0\u1edbng<strong> gi\u00e1o d\u1ee5c khai ph\u00f3ng<\/strong> v\u00e0 m\u1ee5c ti\u00eau <strong>\u0111\u00e0o t\u1ea1o c\u00f4ng d\u00e2n to\u00e0n c\u1ea7u<\/strong>, Trung t\u00e2m Tr\u1ea3i nghi\u1ec7m Sinh vi\u00ean v\u00e0 Quan h\u1ec7 Doanh nghi\u1ec7p lu\u00f4n n\u1ed7 l\u1ef1c tr\u1edf th\u00e0nh c\u1ea7u n\u1ed1i b\u1ec1n ch\u1eb7t gi\u1eefa <strong>Nh\u00e0 tr\u01b0\u1eddng \u2013 Sinh vi\u00ean \u2013 Doanh nghi\u1ec7p<\/strong>, g\u00f3p ph\u1ea7n th\u00fac \u0111\u1ea9y s\u1ef1 ph\u00e1t tri\u1ec3n b\u1ec1n v\u1eefng v\u00e0 t\u1ea1o n\u1ec1n t\u1ea3ng \u0111\u1ec3 sinh vi\u00ean Tr\u01b0\u1eddng \u0110\u1ea1i h\u1ecdc Hoa Sen t\u1ef1 tin h\u1ed9i nh\u1eadp qu\u1ed1c t\u1ebf.<\/p>\n\n\n\n<figure class=\"wp-block-image size-full\"><img loading=\"lazy\" decoding=\"async\" width=\"3170\" height=\"1322\" src=\"https:\/\/www.hoasen.edu.vn\/so-tay-sinh-vien\/wp-content\/uploads\/sites\/46\/2025\/09\/CLB-MC.jpg\" alt=\"\" class=\"wp-image-2942\"\/><\/figure>\n\n\n\n<div class=\"wp-block-columns is-layout-flex wp-container-core-columns-is-layout-9d6595d7 wp-block-columns-is-layout-flex\">\n<div class=\"wp-block-column is-layout-flow wp-block-column-is-layout-flow\">\n<figure class=\"wp-block-image size-full\"><img loading=\"lazy\" decoding=\"async\" width=\"2048\" height=\"1152\" src=\"https:\/\/www.hoasen.edu.vn\/so-tay-sinh-vien\/wp-content\/uploads\/sites\/46\/2025\/09\/BAND-VNXKL.jpg\" alt=\"\" class=\"wp-image-2941\"\/><\/figure>\n<\/div>\n\n\n\n<div class=\"wp-block-column is-layout-flow wp-block-column-is-layout-flow\">\n<figure class=\"wp-block-image size-full\"><img loading=\"lazy\" decoding=\"async\" width=\"2048\" height=\"1152\" src=\"https:\/\/www.hoasen.edu.vn\/so-tay-sinh-vien\/wp-content\/uploads\/sites\/46\/2025\/09\/Color-Me-Now.jpg\" alt=\"\" class=\"wp-image-2940\"\/><\/figure>\n<\/div>\n<\/div>\n","protected":false},"excerpt":{"rendered":"<p>Trung t\u00e2m Tr\u1ea3i nghi\u1ec7m Sinh vi\u00ean v\u00e0 Quan h\u1ec7 Doanh nghi\u1ec7p l\u00e0 \u0111\u01a1n v\u1ecb tr\u1ef1c thu\u1ed9c Tr\u01b0\u1eddng \u0110\u1ea1i h\u1ecdc Hoa Sen, mang s\u1ee9 m\u1ec7nh \u0111\u1ed3ng h\u00e0nh c\u00f9ng sinh vi\u00ean trong su\u1ed1t h\u00e0nh tr\u00ecnh h\u1ecdc t\u1eadp, r\u00e8n luy\u1ec7n v\u00e0 ph\u00e1t tri\u1ec3n b\u1ea3n th\u00e2n. V\u1edbi tri\u1ebft l\u00fd gi\u00e1o d\u1ee5c khai ph\u00f3ng, Trung t\u00e2m kh\u00f4ng ch\u1ec9 \u0111\u1ea3m nh\u1eadn vai tr\u00f2 h\u1ed7 tr\u1ee3 to\u00e0n di\u1ec7n v\u1ec1 c\u00f4ng t\u00e1c sinh vi\u00ean, m\u00e0 c\u00f2n ki\u1ebfn t\u1ea1o m\u00f4i tr\u01b0\u1eddng tr\u1ea3i nghi\u1ec7m n\u0103ng \u0111\u1ed9ng, n\u01a1i sinh vi\u00ean c\u00f3 th\u1ec3 kh\u00e1m ph\u00e1 n\u0103ng l\u1ef1c c\u00e1 nh\u00e2n, b\u1ed3i d\u01b0\u1ee1ng k\u1ef9 n\u0103ng v\u00e0 t\u1ef1 tin h\u1ed9i nh\u1eadp to\u00e0n c\u1ea7u. Song h\u00e0nh&#8230;<\/p>\n","protected":false},"author":38,"featured_media":0,"parent":0,"menu_order":0,"comment_status":"closed","ping_status":"closed","template":"","meta":{"footnotes":""},"class_list":["post-10","page","type-page","status-publish","hentry"],"acf":[],"_links":{"self":[{"href":"https:\/\/www.hoasen.edu.vn\/so-tay-sinh-vien\/wp-json\/wp\/v2\/pages\/10","targetHints":{"allow":["GET"]}}],"collection":[{"href":"https:\/\/www.hoasen.edu.vn\/so-tay-sinh-vien\/wp-json\/wp\/v2\/pages"}],"about":[{"href":"https:\/\/www.hoasen.edu.vn\/so-tay-sinh-vien\/wp-json\/wp\/v2\/types\/page"}],"author":[{"embeddable":true,"href":"https:\/\/www.hoasen.edu.vn\/so-tay-sinh-vien\/wp-json\/wp\/v2\/users\/38"}],"replies":[{"embeddable":true,"href":"https:\/\/www.hoasen.edu.vn\/so-tay-sinh-vien\/wp-json\/wp\/v2\/comments?post=10"}],"version-history":[{"count":19,"href":"https:\/\/www.hoasen.edu.vn\/so-tay-sinh-vien\/wp-json\/wp\/v2\/pages\/10\/revisions"}],"predecessor-version":[{"id":3070,"href":"https:\/\/www.hoasen.edu.vn\/so-tay-sinh-vien\/wp-json\/wp\/v2\/pages\/10\/revisions\/3070"}],"wp:attachment":[{"href":"https:\/\/www.hoasen.edu.vn\/so-tay-sinh-vien\/wp-json\/wp\/v2\/media?parent=10"}],"curies":[{"name":"wp","href":"https:\/\/api.w.org\/{rel}","templated":true}]}}