{"id":7725,"date":"2025-11-07T04:55:39","date_gmt":"2025-11-07T04:55:39","guid":{"rendered":"https:\/\/www.hoasen.edu.vn\/saudaihoc\/?page_id=7725"},"modified":"2026-01-09T10:10:40","modified_gmt":"2026-01-09T10:10:40","slug":"dao-tao","status":"publish","type":"page","link":"https:\/\/www.hoasen.edu.vn\/saudaihoc\/dao-tao\/","title":{"rendered":"\u0110\u00e0o t\u1ea1o"},"content":{"rendered":"\t\t<div class=\"vc-banner position-relative\">\n\t\t\t<div class=\"swiper-container\" id=\"jsBanner\">\n\t\t\t\t<div class=\"swiper-wrapper\">\n\t\t\t\t\t\t\t\t\t\t\t<div class=\"swiper-slide\">\n\t\t\t\t\t\t\t<div class=\"vc-banner__item d-block p-relative\">\n\t\t\t\t\t\t\t\t\t\t\t\t\t\t\t\t\t\t\t\t\t\t\t\t<picture class=\"d-block\">\n\t\t\t\t\t\t\t\t\t\t\t\t\t\t\t\t\t\t\t\t\t\t\t\t\t\t\t\t\t\t\t\t\t\t\t\t\t\t\t\t\t\t\t\t\t\t\t\t\t\t\t\t\t\t\t<img loading=\"eager\" fetchpriority=\"high\" decoding=\"sync\" src=\"https:\/\/www.hoasen.edu.vn\/saudaihoc\/wp-content\/uploads\/sites\/3\/2025\/12\/hsu-banner-tuyen-sinh-thac-si-2026.png\" alt=\"\" class=\"hsu-banner\">\n\t\t\t\t\t\t\t\t\t\t\t\t\t\t\t\t\t<\/picture>\n\t\t\t\t\t\t\t\t\n\t\t\t\t\t\t\t\t\n\t\t\t\t\t\t\t\t\t\t\t\t\t\t\t\t\n\t\t\t\t\t\t\t\t\t\t\t\t\t\t\t<\/div>\n\t\t\t\t\t\t<\/div>\n\t\t\t\t\t\t\t\t\t\t\t<div class=\"swiper-slide\">\n\t\t\t\t\t\t\t<div class=\"vc-banner__item d-block p-relative\">\n\t\t\t\t\t\t\t\t\t\t\t\t\t\t\t\t\t\t\t\t\t\t\t\t<picture class=\"d-block\">\n\t\t\t\t\t\t\t\t\t\t\t\t\t\t\t\t\t\t\t\t\t\t\t\t\t\t\t\t\t\t\t\t\t\t\t\t\t\t\t\t\t\t\t\t\t\t\t\t\t\t\t\t\t\t\t<img loading=\"eager\" fetchpriority=\"high\" decoding=\"sync\" src=\"https:\/\/www.hoasen.edu.vn\/saudaihoc\/wp-content\/uploads\/sites\/3\/2025\/03\/Banner-Website-Desktop-1600x300-1.png\" alt=\"\" class=\"hsu-banner\">\n\t\t\t\t\t\t\t\t\t\t\t\t\t\t\t\t\t<\/picture>\n\t\t\t\t\t\t\t\t\n\t\t\t\t\t\t\t\t\n\t\t\t\t\t\t\t\t\t\t\t\t\t\t\t\t\n\t\t\t\t\t\t\t\t\t\t\t\t\t\t\t<\/div>\n\t\t\t\t\t\t<\/div>\n\t\t\t\t\t\t\t\t\t<\/div>\n\t\t\t<\/div>\n\t\t\t<div class=\"swiper-pagination w-100 d-flex align-items-center justify-content-center jsPagination\"><\/div>\n\t\t<\/div>\n\t\n\n\n<div class=\"wp-block-group hsu-block-cs edu-sdh\"><div class=\"wp-block-group__inner-container is-layout-constrained wp-block-group-is-layout-constrained\">\n<div class=\"vc-breadcrumb\">\n\t\t<span class=\"\">\n\t\t\t<span>\n\t\t\t\t<nav aria-label=\"breadcrumbs\" class=\"rank-math-breadcrumb\"><p><a href=\"https:\/\/www.hoasen.edu.vn\/saudaihoc\/\">Trang ch\u1ee7<\/a><span class=\"separator\"> &#8211; <\/span><span class=\"last\">\u0110\u00e0o t\u1ea1o<\/span><\/p><\/nav>\t\t\t<\/span>\n\t\t<\/span>\n\t<\/div>\n\n\n\n<h1 class=\"wp-block-heading\">Ch\u01b0\u01a1ng tr\u00ecnh \u0111\u00e0o t\u1ea1o<\/h1>\n\n\n\n\n\n  <div class=\"faculty-edu\">\n        <div class=\"fy-card\">\n        <div class=\"card-image\">\n                            <img decoding=\"async\" src=\"https:\/\/www.hoasen.edu.vn\/saudaihoc\/wp-content\/uploads\/sites\/3\/2025\/10\/hsu-mba-quan-tri-kinh-doanh-banner.jpg\" alt=\"\">\n                    <\/div>\n        <div class=\"card-content\">\n            <div class=\"card-title\">Th\u1ea1c s\u0129 Qu\u1ea3n tr\u1ecb Kinh doanh (MBA)<\/div>\n\n                                                <a class=\"card-desc\" href=\"https:\/\/www.hoasen.edu.vn\/saudaihoc\/thac-si-quan-tri-kinh-doanh-mba\/\" target=\"_blank\">\n                Kh\u00e1m ph\u00e1 ch\u01b0\u01a1ng tr\u00ecnh \u0111\u00e0o t\u1ea1o                    <div class=\"card-button\">\u203a<\/div>\n                <\/a>\n                                             <\/div>\n    <\/div>\n        <div class=\"fy-card\">\n        <div class=\"card-image\">\n                            <img decoding=\"async\" src=\"https:\/\/www.hoasen.edu.vn\/saudaihoc\/wp-content\/uploads\/sites\/3\/2025\/10\/hsu-mba-quan-tri-marketing-banner.jpg\" alt=\"\">\n                    <\/div>\n        <div class=\"card-content\">\n            <div class=\"card-title\">Th\u1ea1c s\u0129 Qu\u1ea3n tr\u1ecb Marketing (MBA)<\/div>\n\n                                                <a class=\"card-desc\" href=\"https:\/\/www.hoasen.edu.vn\/saudaihoc\/thac-si-quan-tri-marketing-mba\/\" target=\"_blank\">\n                Kh\u00e1m ph\u00e1 ch\u01b0\u01a1ng tr\u00ecnh \u0111\u00e0o t\u1ea1o                    <div class=\"card-button\">\u203a<\/div>\n                <\/a>\n                                             <\/div>\n    <\/div>\n        <div class=\"fy-card\">\n        <div class=\"card-image\">\n                            <img decoding=\"async\" src=\"https:\/\/www.hoasen.edu.vn\/saudaihoc\/wp-content\/uploads\/sites\/3\/2025\/10\/hsu-mba-quan-tri-truyen-thong-banner.jpg\" alt=\"\">\n                    <\/div>\n        <div class=\"card-content\">\n            <div class=\"card-title\">Th\u1ea1c s\u0129 Qu\u1ea3n tr\u1ecb Truy\u1ec1n th\u00f4ng (MBA)<\/div>\n\n                                                <a class=\"card-desc\" href=\"https:\/\/www.hoasen.edu.vn\/saudaihoc\/thac-si-quan-tri-truyen-thong-mba\/\" target=\"_blank\">\n                Kh\u00e1m ph\u00e1 ch\u01b0\u01a1ng tr\u00ecnh \u0111\u00e0o t\u1ea1o                    <div class=\"card-button\">\u203a<\/div>\n                <\/a>\n                                             <\/div>\n    <\/div>\n        <div class=\"fy-card\">\n        <div class=\"card-image\">\n                            <img decoding=\"async\" src=\"https:\/\/www.hoasen.edu.vn\/saudaihoc\/wp-content\/uploads\/sites\/3\/2025\/10\/hsu-mae-banner.jpg\" alt=\"hsu mae banner\">\n                    <\/div>\n        <div class=\"card-content\">\n            <div class=\"card-title\">Th\u1ea1c s\u0129 Ng\u00f4n ng\u1eef Anh (MAE)<\/div>\n\n                                                <a class=\"card-desc\" href=\"https:\/\/www.hoasen.edu.vn\/saudaihoc\/thac-si-ngon-ngu-anh-mae\/\" target=\"_blank\">\n                Kh\u00e1m ph\u00e1 ch\u01b0\u01a1ng tr\u00ecnh \u0111\u00e0o t\u1ea1o                    <div class=\"card-button\">\u203a<\/div>\n                <\/a>\n                                             <\/div>\n    <\/div>\n        <div class=\"fy-card\">\n        <div class=\"card-image\">\n                            <img decoding=\"async\" src=\"https:\/\/www.hoasen.edu.vn\/saudaihoc\/wp-content\/uploads\/sites\/3\/2025\/10\/hsu-mfb-banner.jpg\" alt=\"\">\n                    <\/div>\n        <div class=\"card-content\">\n            <div class=\"card-title\">Th\u1ea1c s\u0129 T\u00e0i ch\u00ednh \u2013 Ng\u00e2n h\u00e0ng (MFB)<\/div>\n\n                                                <a class=\"card-desc\" href=\"https:\/\/www.hoasen.edu.vn\/saudaihoc\/thac-si-tai-chinh-ngan-hang-mfb\/\" target=\"_blank\">\n                Kh\u00e1m ph\u00e1 ch\u01b0\u01a1ng tr\u00ecnh \u0111\u00e0o t\u1ea1o                    <div class=\"card-button\">\u203a<\/div>\n                <\/a>\n                                             <\/div>\n    <\/div>\n        <div class=\"fy-card\">\n        <div class=\"card-image\">\n                            <img decoding=\"async\" src=\"https:\/\/www.hoasen.edu.vn\/saudaihoc\/wp-content\/uploads\/sites\/3\/2025\/10\/hsu-mat-banner.jpg\" alt=\"\">\n                    <\/div>\n        <div class=\"card-content\">\n            <div class=\"card-title\">Th\u1ea1c s\u0129 Qu\u1ea3n tr\u1ecb D\u1ecbch v\u1ee5 Du l\u1ecbch v\u00e0 L\u1eef h\u00e0nh (MAT)<\/div>\n\n                                                <a class=\"card-desc\" href=\"https:\/\/www.hoasen.edu.vn\/saudaihoc\/thac-si-quan-tri-dich-vu-du-lich-va-lu-hanh-mat\/\" target=\"_blank\">\n                Kh\u00e1m ph\u00e1 ch\u01b0\u01a1ng tr\u00ecnh \u0111\u00e0o t\u1ea1o                    <div class=\"card-button\">\u203a<\/div>\n                <\/a>\n                                             <\/div>\n    <\/div>\n    <\/div>\n\n    \n<style>\n    \n.container:has(.faculty-edu){\nmax-width: 1312px;\npadding: 0 56px;\n}\n.container:has(.faculty-edu) h1.vc-headline--border-center {\n    text-align: left !important;\n    padding-top: 46px;\n    margin-bottom: 28px;\n}\n\n    .faculty-edu {\n      display: grid;\n      grid-template-columns: repeat(auto-fit, minmax(450px, 1fr));\n      gap: 20px;\n      margin-top: 20px;\n          max-width: 1200px;\n          margin: auto;\n    }\n\n    .faculty-edu .fy-card {\n    overflow: hidden;\n    background: linear-gradient(to bottom, #024DA1 184px, #Fff 184px);\n        box-shadow: 0px 4px 6px -2px #0A0D1208;\n        box-shadow: 0px 12px 16px -4px #0A0D1214;\n    }\n\n    .faculty-edu .card-image {\n     background: #e3e3e3;\n    position: relative;\n    height: 266px;\n    margin: 32px;\n    }\n    .faculty-edu .card-image img{\n     width: 100%;\n    object-fit: cover;\n    object-position: center;\n    height: 100%;\n    }\n    .faculty-edu .card-image::before {\n      content: \"\";\n      position: absolute;\n      top: 152px;\n        left: -32px;\n        width: 32px;\n        height: 16px;\n      background: url('https:\/\/www.hoasen.edu.vn\/wp-content\/themes\/ru-hsu\/assets\/faculty\/img\/icon-bg-faculty-edu-left.svg');\n    }\n    .faculty-edu .card-image::after {\n        content: \"\";\n        position: absolute;\n        top: 150px;\n        right: -32px;\n        width: 32px;\n        height: 32px;\n        background: url('https:\/\/www.hoasen.edu.vn\/wp-content\/themes\/ru-hsu\/assets\/faculty\/img\/icon-bg-faculty-edu-right.svg');\n    }\n\n    .faculty-edu .card-content {\n     padding: 0 16px 16px;\n    }\n\n    .faculty-edu .card-title {\n      font-weight: bold;\n      margin: 0 0 8px;\n      font-size: 20px;\n    }\n\n    .faculty-edu .card-desc {\n          font-size: 16px;\n      color: #333;\n      margin: 0 0 8px;\n          display: flex;\n    flex-direction: row;\n    justify-content: space-between;\n    align-items: center;\n    }\n\n    .faculty-edu .card-button {\n      text-align: right;\n    }\n\n    .faculty-edu .card-button {\n      display: inline-block;\n      width: 36px;\n      height: 28px;\n      background: #024DA1;\n      color: #fff;\n      text-align: center;\n      line-height: 24px;\n      text-decoration: none;\n      font-weight: bold;\n      border-right: 8px solid #009FE8;\n          font-size: 25px;\n    }\n\n    .faculty-edu .card-desc:hover .card-button{\n         background: #ed1c24;\n       }\n        .faculty-edu .card-desc:hover{\n            color: #024DA1;\n        }\n.faculty-edu .card-desc{\n    gap: 10px;\n}\n\n    @media only screen and (max-width: 1000px){\n        .container:has(.faculty-edu) {\n    padding: 0 40px;\n}\n    .faculty-edu {\n      display: grid;\n      grid-template-columns: repeat(auto-fit, minmax(320px, 1fr));\n      gap: 20px;\n    }\n    .faculty-edu .card-image{\n        height: 200px\n    }\n    .faculty-edu .fy-card {\n    background: linear-gradient(to bottom, #024DA1 118px, #Fff 118px);\n    }\n     .faculty-edu .card-image::after, .faculty-edu .card-image::before {\n        top: 85px;\n     }\n   }\n   @media only screen and (max-width: 768px){\n     .faculty-edu a.card-button{\n        font-size: 20px;\n     }\n     .faculty-edu .card-title{\n        font-size: 18px\n     }\n    .faculty-edu .card-desc {\n        font-size: 14px;\n    }\n    .container:has(.faculty-edu) h1.vc-headline--border-center {\n    text-align: left !important;\n    padding-top: 0;\n    margin-bottom: 16px;\n}\n.container:has(.faculty-edu) {\n    padding: 0 16px;\n}\n.faculty-edu .card-image{\n    margin: 16px;\n}\n.faculty-edu {\n        grid-template-columns: repeat(auto-fit, minmax(250px, 1fr));\n    }\n    .faculty-edu .card-image {\n        height: 150px;\n    }\n        .faculty-edu .card-image::after, .faculty-edu .card-image::before {\n        top: 101px;\n    }\n    .faculty-edu .card-image::after {\n    right: -16px;\n    width: 16px;\n    height: 100%;\n     background-repeat: no-repeat;\n    background-size: contain;\n}\nfaculty-edu .card-image::before {\n    left: -16px;\n    width: 16px;\n    height: 100%;\n        background-repeat: no-repeat;\n    background-size: contain;\n}\n   }\n  <\/style><\/div><\/div>\n\n\n\n<div class=\"wp-block-group hsu-block-cs has-background\" style=\"background-color:#f2f7ff\"><div class=\"wp-block-group__inner-container is-layout-constrained wp-block-group-is-layout-constrained\"><div class=\"hsu-carousel-wrap width-1200\">\n  <div class=\"hsu-carousel-header\">\n          <h2>H\u01b0\u1edbng d\u1eabn h\u1ecdc v\u1ee5<\/h2>\n    \n          <a href=\"https:\/\/www.hoasen.edu.vn\/saudaihoc\/huong-dan-hoc-vu\/\" class=\"hsu-see-more-wrapper\">Xem t\u1ea5t c\u1ea3<\/a>\n      <\/div>\n\n  <div class=\"hsu-carousel-cards\">\n                                        \n                    <div class=\"hsu-card\">\n                                              <img decoding=\"async\" src=\"https:\/\/www.hoasen.edu.vn\/saudaihoc\/wp-content\/uploads\/sites\/3\/2025\/02\/HSU-Thacsi-Hocvu2025.jpg\" alt=\"\">\n                                            <div class=\"cnt-hsu-c\">\n                                                  <a href=\"https:\/\/www.hoasen.edu.vn\/saudaihoc\/thong-tin\/thoi-khoa-bieu\/\"><h3>\u0110\u0103ng k\u00fd m\u00f4n h\u1ecdc<\/h3><\/a>\n                                                <span class=\"date\"><\/span>\n                      <\/div>\n                    <\/div>\n                                    \n                    <div class=\"hsu-card\">\n                                              <img decoding=\"async\" src=\"https:\/\/www.hoasen.edu.vn\/saudaihoc\/wp-content\/uploads\/sites\/3\/2025\/02\/HSU-Thacsi-Hocvu2025.jpg\" alt=\"\">\n                                            <div class=\"cnt-hsu-c\">\n                                                  <a href=\"https:\/\/www.hoasen.edu.vn\/saudaihoc\/thong-tin\/noi-quy-huong-dan\/\"><h3>H\u01b0\u1edbng d\u1eabn quy tr\u00ecnh<\/h3><\/a>\n                                                <span class=\"date\"><\/span>\n                      <\/div>\n                    <\/div>\n                                    \n                    <div class=\"hsu-card\">\n                                              <img decoding=\"async\" src=\"https:\/\/www.hoasen.edu.vn\/saudaihoc\/wp-content\/uploads\/sites\/3\/2025\/02\/HSU-Thacsi-Hocvu2025.jpg\" alt=\"\">\n                                            <div class=\"cnt-hsu-c\">\n                                                  <a href=\"https:\/\/www.hoasen.edu.vn\/saudaihoc\/thong-tin\/tot-nghiep\/\"><h3>T\u1ed1t nghi\u1ec7p Th\u1ea1c s\u0129 <\/h3><\/a>\n                                                <span class=\"date\"><\/span>\n                      <\/div>\n                    <\/div>\n                  <\/div>\n<\/div>\n<\/div><\/div>\n","protected":false},"excerpt":{"rendered":"<p>Ch\u01b0\u01a1ng tr\u00ecnh Th\u1ea1c s\u0129 t\u1ea1i \u0110\u1ea1i h\u1ecdc Hoa Sen ph\u00e1t tri\u1ec3n t\u01b0 duy l\u00e3nh \u0111\u1ea1o, n\u0103ng l\u1ef1c qu\u1ea3n tr\u1ecb v\u00e0 k\u1ef9 n\u0103ng chuy\u00ean s\u00e2u, ph\u00f9 h\u1ee3p cho ng\u01b0\u1eddi \u0111i l\u00e0m mu\u1ed1n b\u1ee9t ph\u00e1 s\u1ef1 nghi\u1ec7p.<\/p>\n","protected":false},"author":5427,"featured_media":7306,"parent":0,"menu_order":0,"comment_status":"closed","ping_status":"closed","template":"page-templates\/faculty-home.php","meta":{"footnotes":""},"class_list":["post-7725","page","type-page","status-publish","has-post-thumbnail","hentry"],"acf":[],"_links":{"self":[{"href":"https:\/\/www.hoasen.edu.vn\/saudaihoc\/wp-json\/wp\/v2\/pages\/7725","targetHints":{"allow":["GET"]}}],"collection":[{"href":"https:\/\/www.hoasen.edu.vn\/saudaihoc\/wp-json\/wp\/v2\/pages"}],"about":[{"href":"https:\/\/www.hoasen.edu.vn\/saudaihoc\/wp-json\/wp\/v2\/types\/page"}],"author":[{"embeddable":true,"href":"https:\/\/www.hoasen.edu.vn\/saudaihoc\/wp-json\/wp\/v2\/users\/5427"}],"replies":[{"embeddable":true,"href":"https:\/\/www.hoasen.edu.vn\/saudaihoc\/wp-json\/wp\/v2\/comments?post=7725"}],"version-history":[{"count":59,"href":"https:\/\/www.hoasen.edu.vn\/saudaihoc\/wp-json\/wp\/v2\/pages\/7725\/revisions"}],"predecessor-version":[{"id":8700,"href":"https:\/\/www.hoasen.edu.vn\/saudaihoc\/wp-json\/wp\/v2\/pages\/7725\/revisions\/8700"}],"wp:featuredmedia":[{"embeddable":true,"href":"https:\/\/www.hoasen.edu.vn\/saudaihoc\/wp-json\/wp\/v2\/media\/7306"}],"wp:attachment":[{"href":"https:\/\/www.hoasen.edu.vn\/saudaihoc\/wp-json\/wp\/v2\/media?parent=7725"}],"curies":[{"name":"wp","href":"https:\/\/api.w.org\/{rel}","templated":true}]}}