{"id":5773,"date":"2024-09-25T05:11:10","date_gmt":"2024-09-25T05:11:10","guid":{"rendered":"https:\/\/www.hoasen.edu.vn\/saudaihoc\/?page_id=5773"},"modified":"2025-11-07T03:45:41","modified_gmt":"2025-11-07T03:45:41","slug":"dang-ky-tu-van","status":"publish","type":"page","link":"https:\/\/www.hoasen.edu.vn\/saudaihoc\/dang-ky-tu-van\/","title":{"rendered":"\u0110\u0102NG K\u00dd T\u01af V\u1ea4N"},"content":{"rendered":"\n<div class=\"wp-block-contact-form-7-contact-form-selector contact\">\n<div class=\"wpcf7 no-js\" id=\"wpcf7-f7038-o1\" lang=\"vi\" dir=\"ltr\">\n<div class=\"screen-reader-response\"><p role=\"status\" aria-live=\"polite\" aria-atomic=\"true\"><\/p> <ul><\/ul><\/div>\n<form action=\"\/saudaihoc\/wp-json\/wp\/v2\/pages\/5773\" method=\"post\" class=\"wpcf7-form init\" aria-label=\"Form li\u00ean h\u1ec7\" novalidate=\"novalidate\" data-status=\"init\">\n<div style=\"display: none;\">\n<input type=\"hidden\" name=\"_wpcf7\" value=\"7038\" \/>\n<input type=\"hidden\" name=\"_wpcf7_version\" value=\"5.8.2\" \/>\n<input type=\"hidden\" name=\"_wpcf7_locale\" value=\"vi\" \/>\n<input type=\"hidden\" name=\"_wpcf7_unit_tag\" value=\"wpcf7-f7038-o1\" \/>\n<input type=\"hidden\" name=\"_wpcf7_container_post\" value=\"0\" \/>\n<input type=\"hidden\" name=\"_wpcf7_posted_data_hash\" value=\"\" \/>\n<input type=\"hidden\" name=\"_wpcf7cf_hidden_group_fields\" value=\"[]\" \/>\n<input type=\"hidden\" name=\"_wpcf7cf_hidden_groups\" value=\"[]\" \/>\n<input type=\"hidden\" name=\"_wpcf7cf_visible_groups\" value=\"[]\" \/>\n<input type=\"hidden\" name=\"_wpcf7cf_repeaters\" value=\"[]\" \/>\n<input type=\"hidden\" name=\"_wpcf7cf_steps\" value=\"{}\" \/>\n<input type=\"hidden\" name=\"_wpcf7cf_options\" value=\"{&quot;form_id&quot;:7038,&quot;conditions&quot;:[],&quot;settings&quot;:{&quot;animation&quot;:&quot;yes&quot;,&quot;animation_intime&quot;:200,&quot;animation_outtime&quot;:200,&quot;conditions_ui&quot;:&quot;normal&quot;,&quot;notice_dismissed&quot;:false}}\" \/>\n<input type=\"hidden\" name=\"_wpcf7_recaptcha_response\" value=\"\" \/>\n<\/div>\n<div class=\"hsu-block-cs form-hsu-ft-cs\">\n          <div class=\"form-wrapper facultyCheck\" id=\"form_tvsdh\">\n            <div class=\"bg-form-box\">\n                <div class=\"icon-form center\"><\/div>\n                <div class=\"icon-form right\">\n                <img decoding=\"async\" src=\"https:\/\/www.hoasen.edu.vn\/wp-content\/themes\/ru-hsu\/assets\/faculty\/img\/icon-form-bottom-right.svg\" alt=\"\">\n                <\/div>\n                <div class=\"icon-form left\">\n                <img decoding=\"async\" src=\"https:\/\/www.hoasen.edu.vn\/wp-content\/themes\/ru-hsu\/assets\/faculty\/img\/icon-form-top-left.svg\" alt=\"\">\n                <\/div>\n\n                    <div class=\"form-box\">\n                            <h2>\u0110\u0103ng k\u00fd nh\u1eadn t\u01b0 v\u1ea5n tuy\u1ec3n sinh<\/h2>\n                            <div class=\"group-form-input\" id=\"DKTVTS\">\n                                                \n                                <div class=\"form-row\">\n                                    <span class=\"wpcf7-form-control-wrap\" data-name=\"adv-name\"><input size=\"40\" class=\"wpcf7-form-control wpcf7-text wpcf7-validates-as-required\" aria-required=\"true\" aria-invalid=\"false\" placeholder=\"H\u1ecd v\u00e0 t\u00ean *\" value=\"\" type=\"text\" name=\"adv-name\" \/><\/span>\n                                    <span class=\"wpcf7-form-control-wrap\" data-name=\"adv-email\"><input size=\"40\" class=\"wpcf7-form-control wpcf7-email wpcf7-validates-as-required wpcf7-text wpcf7-validates-as-email\" aria-required=\"true\" aria-invalid=\"false\" placeholder=\"Email *\" value=\"\" type=\"email\" name=\"adv-email\" \/><\/span>\n                                <\/div>\n                                <div class=\"form-row\">\n                                <span class=\"wpcf7-form-control-wrap\" data-name=\"adv-tel\"><input size=\"40\" class=\"wpcf7-form-control wpcf7-tel wpcf7-validates-as-required wpcf7-text wpcf7-validates-as-tel\" aria-required=\"true\" aria-invalid=\"false\" placeholder=\"S\u1ed1 \u0111i\u1ec7n tho\u1ea1i *\" value=\"\" type=\"tel\" name=\"adv-tel\" \/><\/span>\n                                <span class=\"wpcf7-form-control-wrap\" data-name=\"adv-majors\"><select class=\"wpcf7-form-control wpcf7-select\" aria-invalid=\"false\" name=\"adv-majors\"><option value=\"ch\u1ecdn ng\u00e0nh h\u1ecdc c\u1ea7n t\u01b0 v\u1ea5n\">ch\u1ecdn ng\u00e0nh h\u1ecdc c\u1ea7n t\u01b0 v\u1ea5n<\/option><option value=\"MBA \u2013 Qu\u1ea3n Tr\u1ecb Kinh Doanh\">MBA \u2013 Qu\u1ea3n Tr\u1ecb Kinh Doanh<\/option><option value=\"MBA \u2013 Qu\u1ea3n Tr\u1ecb Marketing\">MBA \u2013 Qu\u1ea3n Tr\u1ecb Marketing<\/option><option value=\"MBA - Qu\u1ea3n tr\u1ecb Truy\u1ec1n th\u00f4ng\">MBA - Qu\u1ea3n tr\u1ecb Truy\u1ec1n th\u00f4ng<\/option><option value=\"MAE - Ng\u00f4n ng\u1eef Anh\">MAE - Ng\u00f4n ng\u1eef Anh<\/option><option value=\"MFB - T\u00e0i ch\u00ednh-Ng\u00e2n h\u00e0ng\">MFB - T\u00e0i ch\u00ednh-Ng\u00e2n h\u00e0ng<\/option><option value=\"MAT - Qu\u1ea3n tr\u1ecb D\u1ecbch v\u1ee5 Du l\u1ecbch v\u00e0 L\u1eef h\u00e0nh\">MAT - Qu\u1ea3n tr\u1ecb D\u1ecbch v\u1ee5 Du l\u1ecbch v\u00e0 L\u1eef h\u00e0nh<\/option><\/select><\/span>\n                                <\/div>\n                                <div class=\"form-row\" style=\"grid-template-columns: 100%;\">\n                                <span class=\"wpcf7-form-control-wrap\" data-name=\"adv-message\"><textarea cols=\"30\" rows=\"10\" class=\"wpcf7-form-control wpcf7-textarea\" aria-invalid=\"false\" placeholder=\"Th\u00f4ng tin c\u1ea7n t\u01b0 v\u1ea5n\" name=\"adv-message\"><\/textarea><\/span>\n                                <\/div>\n                                <input class=\"wpcf7-form-control wpcf7-hidden\" value=\"\" type=\"hidden\" name=\"utm_source\" \/>\n                                <input class=\"wpcf7-form-control wpcf7-hidden\" value=\"\" type=\"hidden\" name=\"utm_campaign\" \/>\n                                <input class=\"wpcf7-form-control wpcf7-hidden\" value=\"\" type=\"hidden\" name=\"utm_term\" \/>\n                                <input class=\"wpcf7-form-control wpcf7-hidden\" value=\"\" type=\"hidden\" name=\"utm_content\" \/>\n                                <input class=\"wpcf7-form-control wpcf7-hidden\" value=\"\" type=\"hidden\" name=\"gad_campaignid\" \/>\n                                <div class=\"form-row rep-btn\">\n                                    <span class=\"wpcf7-form-control-wrap recaptcha\" data-name=\"recaptcha\"><span data-sitekey=\"6LfW6iAUAAAAAKXZDexnlgsOD9TVQX-AVJizBf6u\" data-align=\"center\" class=\"wpcf7-form-control wpcf7-recaptcha g-recaptcha\"><\/span>\r\n<noscript>\r\n\t<div class=\"grecaptcha-noscript\">\r\n\t\t<iframe loading=\"lazy\" src=\"https:\/\/www.google.com\/recaptcha\/api\/fallback?k=6LfW6iAUAAAAAKXZDexnlgsOD9TVQX-AVJizBf6u\" frameborder=\"0\" scrolling=\"no\" width=\"310\" height=\"430\">\r\n\t\t<\/iframe>\r\n\t\t<textarea name=\"g-recaptcha-response\" rows=\"3\" cols=\"40\" placeholder=\"reCaptcha Response Here\">\r\n\t\t<\/textarea>\r\n\t<\/div>\r\n<\/noscript>\r\n<\/span>\n                                    <button  type=\"submit\" id=\"submit-form\" name=\"\u0110\u0103ng k\u00fd\" value=\"\u0111\u0103ng k\u00fd\" class=\"custom-button-with-icon\">                    \n                                    <span>\u0110\u0103ng k\u00fd t\u01b0 v\u1ea5n<\/span>   \n                                    <\/button>\n                                <\/div>\n                                <p id=\"waitLead\" style=\"display: none; color: white; text-align: center;\">\u0110ang g\u1eedi...<\/p>  \n                            <\/div>\n                    <\/div>\n            <\/div>\n        <\/div>\n<\/div>\n\n<script>\n\njQuery(document).ready(function($) {\n    $('#submit-form').click(function(e) {\n        \n        let isValid = true;\n        $('#form_tvsdh input[aria-required=\"true\"]').each(function() {\n            if ($(this).val().trim() === '') {\n                isValid = false;\n                alert('Vui l\u00f2ng nh\u1eadp \u0111\u1ea7y \u0111\u1ee7 th\u00f4ng tin!');\n                $(this).focus();\n                return false; \n            }\n        });\n         $('#form_tvsdh select[aria-required=\"true\"]').each(function() {\n        if ($(this).val().trim() === '') {\n            isValid = false;\n            alert('Vui l\u00f2ng ch\u1ecdn \u0111\u1ea7y \u0111\u1ee7 th\u00f4ng tin!');\n            $(this).focus();\n            return false; \n        }\n    });\n        if (!isValid) {\n            return;\n        }\n\n        if (grecaptcha.getResponse() === '') {\n            alert('Vui l\u00f2ng x\u00e1c minh b\u1ea1n kh\u00f4ng ph\u1ea3i l\u00e0 robot!');\n            return;\n        }\n\t\t\n     $('#submit-form').hide();\t\n        let isEmailSubmitted = false;\n\tconst googleAppsScriptURL = \"https:\/\/script.google.com\/macros\/s\/AKfycbzRJzeJBvqgQkKmiF3bmQlojb-4UQtsSuZTtmYwjZNVt6qbFTwaT8Ic1CHxSLUAxpNh\/exec\"; \n    $(document).on(\"click\", \"#submit-form\", function () {\n        if (isEmailSubmitted) return;\n\n    const email_sdh = $(\"input[name='adv-email']\").val();\n    const phone_sdh = $(\"input[name='adv-tel']\").val();\n    const name_sdh = $(\"input[name='adv-name']\").val();\n    const majors_sdh = $(\"select[name='adv-majors']\").val();\n    const message_sdh = $(\"textarea[name='adv-message']\").val();\n    const source_sdh = $(\"input[name='utm_source']\").val();\n    const campaign_sdh = $(\"input[name='utm_campaign']\").val();\n    const contetn_sdh = $(\"input[name='utm_content']\").val();\n    const term_sdh = $(\"input[name='utm_term']\").val();\n    const gad_sdh = $(\"input[name='gad_campaignid']\").val();\n  \n    $.post(googleAppsScriptURL, JSON.stringify({ \n        email: email_sdh,\n        phone: phone_sdh,\n        name: name_sdh,\n        majors: majors_sdh,\n        message: message_sdh,\n        source: source_sdh,\n        campaign: campaign_sdh,\n        contetn: contetn_sdh,\n        term: term_sdh,\n        gad: gad_sdh\n    }))\n    .done(function() {\n            window.location.href = 'https:\/\/www.hoasen.edu.vn\/saudaihoc\/gui-thanh-cong';\n        })\n    .fail(function () {\n        console.warn(\"Kh\u00f4ng th\u1ec3 g\u1eedi d\u1eef li\u1ec7u l\u00ean Google Sheet.\");\n    });\n    \n});\n    });\n\n});\n\t\t<\/script><div class=\"wpcf7-response-output\" aria-hidden=\"true\"><\/div>\n<\/form>\n<\/div>\n<\/div>\n","protected":false},"excerpt":{"rendered":"","protected":false},"author":3458,"featured_media":0,"parent":0,"menu_order":0,"comment_status":"closed","ping_status":"closed","template":"page-templates\/faculty-home.php","meta":{"footnotes":""},"class_list":["post-5773","page","type-page","status-publish","hentry"],"acf":[],"_links":{"self":[{"href":"https:\/\/www.hoasen.edu.vn\/saudaihoc\/wp-json\/wp\/v2\/pages\/5773","targetHints":{"allow":["GET"]}}],"collection":[{"href":"https:\/\/www.hoasen.edu.vn\/saudaihoc\/wp-json\/wp\/v2\/pages"}],"about":[{"href":"https:\/\/www.hoasen.edu.vn\/saudaihoc\/wp-json\/wp\/v2\/types\/page"}],"author":[{"embeddable":true,"href":"https:\/\/www.hoasen.edu.vn\/saudaihoc\/wp-json\/wp\/v2\/users\/3458"}],"replies":[{"embeddable":true,"href":"https:\/\/www.hoasen.edu.vn\/saudaihoc\/wp-json\/wp\/v2\/comments?post=5773"}],"version-history":[{"count":6,"href":"https:\/\/www.hoasen.edu.vn\/saudaihoc\/wp-json\/wp\/v2\/pages\/5773\/revisions"}],"predecessor-version":[{"id":7720,"href":"https:\/\/www.hoasen.edu.vn\/saudaihoc\/wp-json\/wp\/v2\/pages\/5773\/revisions\/7720"}],"wp:attachment":[{"href":"https:\/\/www.hoasen.edu.vn\/saudaihoc\/wp-json\/wp\/v2\/media?parent=5773"}],"curies":[{"name":"wp","href":"https:\/\/api.w.org\/{rel}","templated":true}]}}