{"id":4065,"date":"2024-03-28T02:35:33","date_gmt":"2024-03-28T02:35:33","guid":{"rendered":"https:\/\/www.hoasen.edu.vn\/saudaihoc\/?page_id=4065"},"modified":"2025-12-17T10:40:09","modified_gmt":"2025-12-17T10:40:09","slug":"doi-ngu-nhan-su","status":"publish","type":"page","link":"https:\/\/www.hoasen.edu.vn\/saudaihoc\/gioi-thieu\/doi-ngu-nhan-su\/","title":{"rendered":"\u0110\u1ed8I NG\u0168 NH\u00c2N S\u1ef0"},"content":{"rendered":"\n<h2 class=\"wp-block-heading\">VI\u1ec6N SAU \u0110\u1ea0I H\u1eccC &amp; L\u00c3NH \u0110\u1ea0O<\/h2>\n","protected":false},"excerpt":{"rendered":"<p>\u0110\u1ed9i ng\u0169 nh\u00e2n s\u1ef1 c\u1ee7a Vi\u1ec7n Sau \u0110\u1ea1i h\u1ecdc &#038; L\u00e3nh \u0111\u1ea1o bao g\u1ed3m nh\u1eefng c\u00e1 nh\u00e2n xu\u1ea5t s\u1eafc v\u00e0 nhi\u1ec7t huy\u1ebft. \u1ede \u0111\u00e2y, ch\u00fang t\u00f4i kh\u00f4ng ch\u1ec9 l\u00e0 nh\u00e2n s\u1ef1 ph\u1ee5 tr\u00e1ch c\u00e1c ho\u1ea1t \u0111\u1ed9ng v\u1ec1 ch\u01b0\u01a1ng tr\u00ecnh Th\u1ea1c s\u0129 c\u1ee7a Tr\u01b0\u1eddng \u0110\u1ea1i h\u1ecdc Hoa Sen m\u00e0 c\u00f2n l\u00e0 nh\u1eefng ng\u01b0\u1eddi \u0111am m\u00ea s\u1ee9 m\u1ec7nh gi\u00e1o d\u1ee5c v\u00e0 mong mu\u1ed1n \u0111em l\u1ea1i nh\u1eefng tr\u1ea3i nghi\u1ec7m gi\u00e1 tr\u1ecb nh\u1ea5t cho h\u1ecdc vi\u00ean. <\/p>\n","protected":false},"author":13,"featured_media":6634,"parent":669,"menu_order":5,"comment_status":"closed","ping_status":"closed","template":"page-templates\/about-administrators.php","meta":{"footnotes":""},"class_list":["post-4065","page","type-page","status-publish","has-post-thumbnail","hentry"],"acf":[],"_links":{"self":[{"href":"https:\/\/www.hoasen.edu.vn\/saudaihoc\/wp-json\/wp\/v2\/pages\/4065","targetHints":{"allow":["GET"]}}],"collection":[{"href":"https:\/\/www.hoasen.edu.vn\/saudaihoc\/wp-json\/wp\/v2\/pages"}],"about":[{"href":"https:\/\/www.hoasen.edu.vn\/saudaihoc\/wp-json\/wp\/v2\/types\/page"}],"author":[{"embeddable":true,"href":"https:\/\/www.hoasen.edu.vn\/saudaihoc\/wp-json\/wp\/v2\/users\/13"}],"replies":[{"embeddable":true,"href":"https:\/\/www.hoasen.edu.vn\/saudaihoc\/wp-json\/wp\/v2\/comments?post=4065"}],"version-history":[{"count":28,"href":"https:\/\/www.hoasen.edu.vn\/saudaihoc\/wp-json\/wp\/v2\/pages\/4065\/revisions"}],"predecessor-version":[{"id":8362,"href":"https:\/\/www.hoasen.edu.vn\/saudaihoc\/wp-json\/wp\/v2\/pages\/4065\/revisions\/8362"}],"up":[{"embeddable":true,"href":"https:\/\/www.hoasen.edu.vn\/saudaihoc\/wp-json\/wp\/v2\/pages\/669"}],"wp:featuredmedia":[{"embeddable":true,"href":"https:\/\/www.hoasen.edu.vn\/saudaihoc\/wp-json\/wp\/v2\/media\/6634"}],"wp:attachment":[{"href":"https:\/\/www.hoasen.edu.vn\/saudaihoc\/wp-json\/wp\/v2\/media?parent=4065"}],"curies":[{"name":"wp","href":"https:\/\/api.w.org\/{rel}","templated":true}]}}