{"id":103,"date":"2025-08-06T02:22:05","date_gmt":"2025-08-06T02:22:05","guid":{"rendered":"https:\/\/www.hoasen.edu.vn\/pathway\/?page_id=103"},"modified":"2025-08-27T08:17:23","modified_gmt":"2025-08-27T08:17:23","slug":"lo-trinh-2-2","status":"publish","type":"page","link":"https:\/\/www.hoasen.edu.vn\/pathway\/lo-trinh-2-2\/","title":{"rendered":"Tuy\u1ec3n sinh l\u1ed9 tr\u00ecnh 2+2"},"content":{"rendered":"\n<figure class=\"wp-block-image alignwide size-full\"><img loading=\"lazy\" decoding=\"async\" width=\"1600\" height=\"300\" src=\"https:\/\/www.hoasen.edu.vn\/pathway\/wp-content\/uploads\/sites\/66\/2025\/08\/Web-Hoa-Sen-Pathway-1.png\" alt=\"\" class=\"wp-image-627\" \/><\/figure>\n\n\n\n<div class=\"wp-block-columns alignfull is-not-stacked-on-mobile block-faculty inf-center is-layout-flex wp-container-core-columns-is-layout-9d6595d7 wp-block-columns-is-layout-flex\">\n<div class=\"wp-block-column is-vertically-aligned-top fy-inf-bg-left is-layout-flow wp-block-column-is-layout-flow\" style=\"flex-basis:25%\"><div class=\"wp-block-image\">\n<figure class=\"alignleft size-large\"><img decoding=\"async\" src=\"https:\/\/www.hoasen.edu.vn\/wp-content\/themes\/ru-hsu\/assets\/faculty\/img\/Group_1000004021.svg\" alt=\"\" \/><\/figure>\n<\/div><\/div>\n\n\n\n<div class=\"wp-block-column is-vertically-aligned-center fy-inf-cnt is-layout-flow wp-block-column-is-layout-flow\" style=\"flex-basis:50%\">\n<h2 class=\"wp-block-heading has-text-align-center has-text-color has-link-color wp-elements-abca0c1814beafd1496aa79d23b1bf8c\" style=\"color:#024da1;font-size:32px\">B\u1eaft \u0111\u1ea7u t\u1ea1i Hoa Sen &#8211; T\u1ed1t nghi\u1ec7p t\u1ea1i V\u01b0\u01a1ng Qu\u1ed1c Anh<\/h2>\n\n\n\n<div style=\"height:24px\" aria-hidden=\"true\" class=\"wp-block-spacer\"><\/div>\n\n\n\n<p class=\"has-text-align-center has-text-color has-link-color has-medium-font-size wp-elements-9b541f0a367aaff0edbe554262dcf52c\" style=\"color:#4a5567\"><strong>Hoa Sen Pathway 2+2 <\/strong>l\u00e0 l\u1ed9 tr\u00ecnh du h\u1ecdc qu\u1ed1c t\u1ebf v\u1edbi t\u1ed5ng th\u1eddi gian \u0111\u00e0o t\u1ea1o 4 n\u0103m, theo \u0111\u00f3 sinh vi\u00ean s\u1ebd h\u1ecdc 2 n\u0103m \u0111\u1ea7u t\u1ea1i Tr\u01b0\u1eddng \u0110\u1ea1i h\u1ecdc Hoa Sen  v\u00e0 chuy\u1ec3n ti\u1ebfp 2 n\u0103m t\u1ea1i m\u1ed9t trong h\u01a1n 40 tr\u01b0\u1eddng \u0111\u1ea1i h\u1ecdc h\u00e0ng \u0111\u1ea7u V\u01b0\u01a1ng qu\u1ed1c Anh. L\u1ed9 tr\u00ecnh \u0111\u01b0\u1ee3c c\u00f4ng nh\u1eadn b\u1edfi <strong>Scottish Qualifications Authority (SQA)<\/strong>, v\u1edbi c\u00e1c m\u1ed1c b\u1eb1ng c\u1ea5p r\u00f5 r\u00e0ng: Diploma sau n\u0103m 1 v\u00e0 Advanced Diploma sau n\u0103m 2, gi\u00fap sinh vi\u00ean t\u1ef1 tin chuy\u1ec3n ti\u1ebfp, n\u00e2ng cao gi\u00e1 tr\u1ecb h\u1ecdc thu\u1eadt v\u00e0 h\u1ed3 s\u01a1 ngh\u1ec1 nghi\u1ec7p. Ngay t\u1eeb n\u0103m nh\u1ea5t, sinh vi\u00ean c\u00f3 c\u01a1 h\u1ed9i tham gia Summer School t\u1ea1i UK \u0111\u1ec3 tr\u1ea3i nghi\u1ec7m m\u00f4i tr\u01b0\u1eddng h\u1ecdc t\u1eadp v\u00e0 v\u0103n h\u00f3a tr\u01b0\u1edbc khi quy\u1ebft \u0111\u1ecbnh \u0111i\u1ec3m \u0111\u1ebfn.<\/p>\n<\/div>\n\n\n\n<div class=\"wp-block-column is-vertically-aligned-top fy-inf-bg-right is-layout-flow wp-block-column-is-layout-flow\" style=\"flex-basis:25%\"><div class=\"wp-block-image\">\n<figure class=\"alignright size-large\"><img decoding=\"async\" src=\"https:\/\/www.hoasen.edu.vn\/wp-content\/themes\/ru-hsu\/assets\/faculty\/img\/Group_1000004020.svg\" alt=\"\" \/><\/figure>\n<\/div><\/div>\n<\/div>\n\n\n<div class=\"block-faculty projects-student\">\n                        <div class=\"project-s-card\">\n                <div class=\"project-s-content\">\n                                            <h2>Giai \u0111o\u1ea1n 1: H\u1ecdc T\u1ea1i Vi\u1ec7t Nam<\/h2>\n                                                                <div class=\"project-desc\">\n                            <p><strong>Th\u1eddi gian h\u1ecdc:<\/strong> 2 n\u0103m<\/p>\n<p><strong>S\u1ed1 m\u00f4n h\u1ecdc<\/strong>: 18 m\u00f4n<\/p>\n<p>Sinh vi\u00ean Hoa Sen Pathway s\u1ebd h\u1ecdc t\u1ea1i Vi\u1ec7t Nam trong 2 n\u0103m. T\u1eeb n\u0103m \u0111\u1ea7u ti\u00ean, c\u00e1c b\u1ea1n s\u1ebd tham gia ch\u01b0\u01a1ng tr\u00ecnh Summer School, tr\u1ea3i nghi\u1ec7m v\u00e0 kh\u00e1m ph\u00e1 m\u00f4i tr\u01b0\u1eddng h\u1ecdc t\u1eadp qu\u1ed1c t\u1ebf, t\u1eeb \u0111\u00f3 \u0111\u01b0a ra quy\u1ebft \u0111\u1ecbnh ch\u1ecdn tr\u01b0\u1eddng chuy\u1ec3n ti\u1ebfp cho 2 n\u0103m ti\u1ebfp theo.<\/p>\n<p><a href=\"https:\/\/www.hoasen.edu.vn\/pathway\/lo-trinh-2-2\/giai-doan-1-hoc-tai-hoa-sen\/\"><strong>Xem th\u00eam &gt;&gt;<\/strong><\/a><\/p>\n                        <\/div>\n                                    <\/div>\n                <div class=\"project-s-image\">\n                                            <img decoding=\"async\" src=\"https:\/\/www.hoasen.edu.vn\/pathway\/wp-content\/uploads\/sites\/66\/2025\/08\/MAX9680.jpg\" alt=\"Giai \u0111o\u1ea1n 1: H\u1ecdc T\u1ea1i Vi\u1ec7t Nam\" \/>\n                                    <\/div>\n            <\/div>\n                    <div class=\"project-s-card\">\n                <div class=\"project-s-content\">\n                                            <h2>Giai \u0111o\u1ea1n 2: H\u1ecdc t\u1ea1i V\u01b0\u01a1ng Qu\u1ed1c Anh<\/h2>\n                                                                <div class=\"project-desc\">\n                            <p><strong>Th\u1eddi gian h\u1ecdc:<\/strong> 2 n\u0103m<\/p>\n<p><strong>S\u1ed1 m\u00f4n h\u1ecdc<\/strong>: xxx m\u00f4n<\/p>\n<p>Sinh vi\u00ean Hoa Sen Pathway c\u00f3 th\u1ec3 l\u1ef1a ch\u1ecdn m\u1ed9t trong h\u01a1n 40 tr\u01b0\u1eddng \u0111\u1ea1i h\u1ecdc danh ti\u1ebfng t\u1ea1i V\u01b0\u01a1ng Qu\u1ed1c Anh. Sau khi h\u1ecdc t\u1eadp t\u1ea1i n\u01b0\u1edbc ngo\u00e0i trong 2 n\u0103m, sinh vi\u00ean s\u1ebd c\u00f3 c\u01a1 h\u1ed9i xin visa 2 n\u0103m \u0111\u1ec3 \u1edf l\u1ea1i l\u00e0m vi\u1ec7c ho\u1eb7c ti\u1ebfp t\u1ee5c h\u1ecdc th\u1ea1c s\u0129.<\/p>\n<table style=\"border-collapse: collapse;width: 100%\">\n<tbody>\n<tr>\n<td style=\"width: 33.3333%\"><span style=\"color: #ffffff\"><a style=\"color: #ffffff\" href=\"https:\/\/www.hoasen.edu.vn\/pathway\/lo-trinh-2-2\/giai-doan-2-hoc-tai-england\/\"><span style=\"font-size: 12pt\"><strong>H\u1ecdc t\u1ea1i England \u2207<\/strong><\/span><\/a><\/span><\/td>\n<td style=\"width: 33.3333%\"><span style=\"color: #ffffff\"><a style=\"color: #ffffff\" href=\"https:\/\/www.hoasen.edu.vn\/pathway\/lo-trinh-2-2\/giai-doan-2-hoc-tai-scotland\/\"><span style=\"font-size: 12pt\"><strong>H\u1ecdc t\u1ea1i Scotland \u2207<\/strong><\/span><\/a><\/span><\/td>\n<td style=\"width: 33.3333%\"><span style=\"color: #ffffff\"><a style=\"color: #ffffff\" href=\"https:\/\/www.hoasen.edu.vn\/pathway\/lo-trinh-2-2\/giai-doan-2-hoc-tai-xu-wales\/\"><span style=\"font-size: 12pt\"><strong>H\u1ecdc t\u1ea1i X\u1ee9 Wales \u2207<\/strong><\/span><\/a><\/span><\/td>\n<\/tr>\n<\/tbody>\n<\/table>\n                        <\/div>\n                                    <\/div>\n                <div class=\"project-s-image\">\n                                            <img decoding=\"async\" src=\"https:\/\/www.hoasen.edu.vn\/pathway\/wp-content\/uploads\/sites\/66\/2025\/08\/best-friends-having-fun-together.jpg\" alt=\"Giai \u0111o\u1ea1n 2: H\u1ecdc t\u1ea1i V\u01b0\u01a1ng Qu\u1ed1c Anh\" \/>\n                                    <\/div>\n            <\/div>\n            <\/div>\n\n\n\n\n<div class=\"wp-block-contact-form-7-contact-form-selector\">\n<div class=\"wpcf7 no-js\" id=\"wpcf7-f83-o1\" lang=\"vi\" dir=\"ltr\">\n<div class=\"screen-reader-response\"><p role=\"status\" aria-live=\"polite\" aria-atomic=\"true\"><\/p> <ul><\/ul><\/div>\n<form action=\"\/pathway\/wp-json\/wp\/v2\/pages\/103\" method=\"post\" class=\"wpcf7-form init\" aria-label=\"Form li\u00ean h\u1ec7\" novalidate=\"novalidate\" data-status=\"init\">\n<div style=\"display: none;\">\n<input type=\"hidden\" name=\"_wpcf7\" value=\"83\" \/>\n<input type=\"hidden\" name=\"_wpcf7_version\" value=\"5.8.2\" \/>\n<input type=\"hidden\" name=\"_wpcf7_locale\" value=\"vi\" \/>\n<input type=\"hidden\" name=\"_wpcf7_unit_tag\" value=\"wpcf7-f83-o1\" \/>\n<input type=\"hidden\" name=\"_wpcf7_container_post\" value=\"0\" \/>\n<input type=\"hidden\" name=\"_wpcf7_posted_data_hash\" value=\"\" \/>\n<input type=\"hidden\" name=\"_wpcf7cf_hidden_group_fields\" value=\"[]\" \/>\n<input type=\"hidden\" name=\"_wpcf7cf_hidden_groups\" value=\"[]\" \/>\n<input type=\"hidden\" name=\"_wpcf7cf_visible_groups\" value=\"[]\" \/>\n<input type=\"hidden\" name=\"_wpcf7cf_repeaters\" value=\"[]\" \/>\n<input type=\"hidden\" name=\"_wpcf7cf_steps\" value=\"{}\" \/>\n<input type=\"hidden\" name=\"_wpcf7cf_options\" value=\"{&quot;form_id&quot;:83,&quot;conditions&quot;:[],&quot;settings&quot;:{&quot;animation&quot;:&quot;yes&quot;,&quot;animation_intime&quot;:200,&quot;animation_outtime&quot;:200,&quot;conditions_ui&quot;:&quot;normal&quot;,&quot;notice_dismissed&quot;:false}}\" \/>\n<input type=\"hidden\" name=\"_wpcf7_recaptcha_response\" value=\"\" \/>\n<\/div>\n<div class=\"form-wrapper facultyCheck\" id=\"facultyForm\">\n  <div class=\"form-bg-top center\"><\/div>\n  <div class=\"form-bg-top right\">\n    <img decoding=\"async\" src=\"https:\/\/www.hoasen.edu.vn\/wp-content\/themes\/ru-hsu\/assets\/faculty\/img\/form-bg-top-right.svg\" alt=\"\">\n  <\/div>\n  <div class=\"form-bg-top left\">\n    <img decoding=\"async\" src=\"https:\/\/www.hoasen.edu.vn\/wp-content\/themes\/ru-hsu\/assets\/faculty\/img\/form-bg-top-left.svg\" alt=\"\">\n  <\/div>\n  <div class=\"bg-form-box\">\n      <div class=\"icon-form center\"><\/div>\n      <div class=\"icon-form right\">\n        <img decoding=\"async\" src=\"https:\/\/www.hoasen.edu.vn\/wp-content\/themes\/ru-hsu\/assets\/faculty\/img\/icon-form-bottom-right.svg\" alt=\"\">\n      <\/div>\n      <div class=\"icon-form left\">\n        <img decoding=\"async\" src=\"https:\/\/www.hoasen.edu.vn\/wp-content\/themes\/ru-hsu\/assets\/faculty\/img\/icon-form-top-left.svg\" alt=\"\">\n      <\/div>\n  <div class=\"form-box\">\n    <h2>\u0110\u0103ng k\u00fd nh\u1eadn t\u01b0 v\u1ea5n tuy\u1ec3n sinh<\/h2>\n    \n    <div class=\"group-form-input\">\n      <div class=\"form-row\">\n       <div class=\"custom-select-wrappe\">\n        <span class=\"wpcf7-form-control-wrap\" data-name=\"choose\"><select class=\"wpcf7-form-control wpcf7-select wpcf7-validates-as-required\" aria-required=\"true\" aria-invalid=\"false\" name=\"choose\"><option value=\"\">B\u1ea1n l\u00e0: Ph\u1ee5 huynh\/h\u1ecdc sinh<\/option><option value=\"Ph\u1ee5 huynh\">Ph\u1ee5 huynh<\/option><option value=\"h\u1ecdc sinh\">h\u1ecdc sinh<\/option><\/select><\/span>\n       <\/div>\n       <span class=\"wpcf7-form-control-wrap\" data-name=\"nameTVF\"><input size=\"40\" class=\"wpcf7-form-control wpcf7-text wpcf7-validates-as-required\" aria-required=\"true\" aria-invalid=\"false\" placeholder=\"H\u1ecd v\u00e0 t\u00ean *\" value=\"\" type=\"text\" name=\"nameTVF\" \/><\/span>\n      <\/div>\n      <div class=\"form-row\">\n       <span class=\"wpcf7-form-control-wrap\" data-name=\"nphone\"><input size=\"40\" maxlength=\"10\" minlength=\"10\" class=\"wpcf7-form-control wpcf7-tel wpcf7-validates-as-required wpcf7-text wpcf7-validates-as-tel\" aria-required=\"true\" aria-invalid=\"false\" placeholder=\"S\u1ed1 \u0111i\u1ec7n tho\u1ea1i *\" value=\"\" type=\"tel\" name=\"nphone\" \/><\/span>\n       <span class=\"wpcf7-form-control-wrap\" data-name=\"email\"><input size=\"40\" class=\"wpcf7-form-control wpcf7-email wpcf7-validates-as-required wpcf7-text wpcf7-validates-as-email\" aria-required=\"true\" aria-invalid=\"false\" placeholder=\"Email *\" value=\"\" type=\"email\" name=\"email\" \/><\/span>\n      <\/div>\n      <div class=\"form-row\">\n      <div class=\"custom-select-wrappe\">\n       <span class=\"wpcf7-form-control-wrap\" data-name=\"province\"><select class=\"wpcf7-form-control wpcf7-select wpcf7-validates-as-required\" aria-required=\"true\" aria-invalid=\"false\" name=\"province\"><option value=\"\">B\u1ea1n \u0111\u1ebfn t\u1eeb: T\u1ec9nh\/Th\u00e0nh ph\u1ed1<\/option><option value=\"TP. H\u1ed3 Ch\u00ed Minh\">TP. H\u1ed3 Ch\u00ed Minh<\/option><option value=\"An Giang\">An Giang<\/option><option value=\"B\u00e0 R\u1ecba-V\u0169ng T\u00e0u\">B\u00e0 R\u1ecba-V\u0169ng T\u00e0u<\/option><option value=\"B\u1eafc Giang\">B\u1eafc Giang<\/option><option value=\"B\u1eafc K\u1ea1n\">B\u1eafc K\u1ea1n<\/option><option value=\"B\u1ea1c Li\u00eau\">B\u1ea1c Li\u00eau<\/option><option value=\"B\u1eafc Ninh\">B\u1eafc Ninh<\/option><option value=\"B\u1ebfn Tre\">B\u1ebfn Tre<\/option><option value=\"B\u00ecnh \u0110\u1ecbnh\">B\u00ecnh \u0110\u1ecbnh<\/option><option value=\"B\u00ecnh D\u01b0\u01a1ng\">B\u00ecnh D\u01b0\u01a1ng<\/option><option value=\"B\u00ecnh Ph\u01b0\u1edbc\">B\u00ecnh Ph\u01b0\u1edbc<\/option><option value=\"B\u00ecnh Thu\u1eadn\">B\u00ecnh Thu\u1eadn<\/option><option value=\"C\u00e0 Mau\">C\u00e0 Mau<\/option><option value=\"C\u1ea7n Th\u01a1\">C\u1ea7n Th\u01a1<\/option><option value=\"Cao B\u1eb1ng\">Cao B\u1eb1ng<\/option><option value=\"\u0110\u00e0 N\u1eb5ng\">\u0110\u00e0 N\u1eb5ng<\/option><option value=\"\u0110\u1eafk L\u1eafk\">\u0110\u1eafk L\u1eafk<\/option><option value=\"\u0110\u1eafk N\u00f4ng\">\u0110\u1eafk N\u00f4ng<\/option><option value=\"\u0110i\u1ec7n Bi\u00ean\">\u0110i\u1ec7n Bi\u00ean<\/option><option value=\"\u0110\u1ed3ng Nai\">\u0110\u1ed3ng Nai<\/option><option value=\"\u0110\u1ed3ng Th\u00e1p\">\u0110\u1ed3ng Th\u00e1p<\/option><option value=\"Gia Lai\">Gia Lai<\/option><option value=\"H\u00e0 Giang\">H\u00e0 Giang<\/option><option value=\"H\u00e0 Nam\">H\u00e0 Nam<\/option><option value=\"H\u00e0 N\u1ed9i\">H\u00e0 N\u1ed9i<\/option><option value=\"H\u00e0 T\u0129nh\">H\u00e0 T\u0129nh<\/option><option value=\"H\u1ea3i D\u01b0\u01a1ng\">H\u1ea3i D\u01b0\u01a1ng<\/option><option value=\"H\u1ea3i Ph\u00f2ng\">H\u1ea3i Ph\u00f2ng<\/option><option value=\"H\u1eadu Giang\">H\u1eadu Giang<\/option><option value=\"H\u00f2a B\u00ecnh\">H\u00f2a B\u00ecnh<\/option><option value=\"H\u01b0ng Y\u00ean\">H\u01b0ng Y\u00ean<\/option><option value=\"Kh\u00e1nh H\u00f2a\">Kh\u00e1nh H\u00f2a<\/option><option value=\"Ki\u00ean Giang\">Ki\u00ean Giang<\/option><option value=\"Kon Tum\">Kon Tum<\/option><option value=\"Lai Ch\u00e2u\">Lai Ch\u00e2u<\/option><option value=\"L\u00e2m \u0110\u1ed3ng\">L\u00e2m \u0110\u1ed3ng<\/option><option value=\"L\u1ea1ng S\u01a1n\">L\u1ea1ng S\u01a1n<\/option><option value=\"L\u00e0o Cai\">L\u00e0o Cai<\/option><option value=\"Long An\">Long An<\/option><option value=\"Nam \u0110\u1ecbnh\">Nam \u0110\u1ecbnh<\/option><option value=\"Ngh\u1ec7 An\">Ngh\u1ec7 An<\/option><option value=\"Ninh B\u00ecnh\">Ninh B\u00ecnh<\/option><option value=\"Ninh Thu\u1eadn\">Ninh Thu\u1eadn<\/option><option value=\"Ph\u00fa Th\u1ecd\">Ph\u00fa Th\u1ecd<\/option><option value=\"Ph\u00fa Y\u00ean\">Ph\u00fa Y\u00ean<\/option><option value=\"Qu\u1ea3ng B\u00ecnh\">Qu\u1ea3ng B\u00ecnh<\/option><option value=\"Qu\u1ea3ng Nam\">Qu\u1ea3ng Nam<\/option><option value=\"Qu\u1ea3ng Ng\u00e3i\">Qu\u1ea3ng Ng\u00e3i<\/option><option value=\"Qu\u1ea3ng Ninh\">Qu\u1ea3ng Ninh<\/option><option value=\"Qu\u1ea3ng Tr\u1ecb\">Qu\u1ea3ng Tr\u1ecb<\/option><option value=\"S\u00f3c Tr\u0103ng\">S\u00f3c Tr\u0103ng<\/option><option value=\"S\u01a1n La\">S\u01a1n La<\/option><option value=\"T\u00e2y Ninh\">T\u00e2y Ninh<\/option><option value=\"Th\u00e1i B\u00ecnh\">Th\u00e1i B\u00ecnh<\/option><option value=\"Th\u00e1i Nguy\u00ean\">Th\u00e1i Nguy\u00ean<\/option><option value=\"Thanh H\u00f3a\">Thanh H\u00f3a<\/option><option value=\"Th\u1eeba Thi\u00ean - Hu\u1ebf\">Th\u1eeba Thi\u00ean - Hu\u1ebf<\/option><option value=\"Ti\u1ec1n Giang\">Ti\u1ec1n Giang<\/option><option value=\"Tr\u00e0 Vinh\">Tr\u00e0 Vinh<\/option><option value=\"Tuy\u00ean Quang\">Tuy\u00ean Quang<\/option><option value=\"V\u0129nh Long\">V\u0129nh Long<\/option><option value=\"V\u0129nh Ph\u00fac\">V\u0129nh Ph\u00fac<\/option><option value=\"Y\u00ean B\u00e1i\">Y\u00ean B\u00e1i<\/option><\/select><\/span>\n<\/div>\n<div class=\"custom-select-wrappe\">\n     <span class=\"wpcf7-form-control-wrap\" data-name=\"major\"><select class=\"wpcf7-form-control wpcf7-select wpcf7-validates-as-required\" aria-required=\"true\" aria-invalid=\"false\" name=\"major\"><option value=\"\">Ch\u1ecdn ng\u00e0nh h\u1ecdc c\u1ea7n t\u01b0 v\u1ea5n<\/option><option value=\"Kinh doanh Qu\u1ed1c t\u1ebf\">Kinh doanh Qu\u1ed1c t\u1ebf<\/option><option value=\"Marketing\">Marketing<\/option><option value=\"Qu\u1ea3n tr\u1ecb Nh\u00e2n s\u1ef1\">Qu\u1ea3n tr\u1ecb Nh\u00e2n s\u1ef1<\/option><option value=\"Qu\u1ea3n l\u00fd D\u1ef1 \u00e1n\">Qu\u1ea3n l\u00fd D\u1ef1 \u00e1n<\/option><option value=\"K\u1ebf to\u00e1n v\u00e0 T\u00e0i ch\u00ednh\">K\u1ebf to\u00e1n v\u00e0 T\u00e0i ch\u00ednh<\/option><option value=\"Du l\u1ecbch v\u00e0 Kh\u00e1ch s\u1ea1n\">Du l\u1ecbch v\u00e0 Kh\u00e1ch s\u1ea1n<\/option><option value=\"C\u1ea7n t\u01b0 v\u1ea5n ch\u1ecdn ng\u00e0nh\">C\u1ea7n t\u01b0 v\u1ea5n ch\u1ecdn ng\u00e0nh<\/option><option value=\"C\u1ea7n h\u1ed7 tr\u1ee3 t\u01b0 v\u1ea5n kh\u00e1c\">C\u1ea7n h\u1ed7 tr\u1ee3 t\u01b0 v\u1ea5n kh\u00e1c<\/option><\/select><\/span>\n    <\/div>\n      <\/div>\n      <input class=\"wpcf7-form-control wpcf7-hidden\" value=\"\" type=\"hidden\" name=\"utm_source\" \/>\n      <input class=\"wpcf7-form-control wpcf7-hidden\" value=\"\" type=\"hidden\" name=\"utm_campaign\" \/>\n      <input class=\"wpcf7-form-control wpcf7-hidden\" value=\"\" type=\"hidden\" name=\"utm_term\" \/>\n      <input class=\"wpcf7-form-control wpcf7-hidden\" value=\"\" type=\"hidden\" name=\"utm_content\" \/>\n      <input class=\"wpcf7-form-control wpcf7-hidden\" value=\"\" type=\"hidden\" name=\"utm_gad_campaignid\" \/>\n      <input class=\"wpcf7-form-control wpcf7-hidden\" id=\"current_url\" value=\"\" type=\"hidden\" name=\"current_url\" \/>\n      <p id=\"waitFfy\" style=\"display: none;\">\u0110ang g\u1eedi...<\/p>\n      <button id=\"submit-form-fy\" class=\"custom-button-with-icon\" type=\"submit\">\n          <img decoding=\"async\" src=\"https:\/\/www.hoasen.edu.vn\/wp-content\/themes\/ru-hsu\/assets\/faculty\/img\/icon-button-form.svg\" alt=\"logo\" class=\"icon-left\">                        \n          <span>\u0110\u0103ng k\u00fd t\u01b0 v\u1ea5n<\/span>                     \n      <\/a>\n<\/button>\n          <\/div>\n    \n  <\/div>\n<\/div>\n<\/div>\n<script>\ndocument.addEventListener('DOMContentLoaded', function () {\n    var input = document.getElementById('current_url');\n    if (input) {\n        input.value = window.location.href;\n    }\n});\njQuery(document).ready(function($) {\n    $('#submit-form-fy').click(function(e) {  \n        let isValid = true;\n        let errorMessage = '';\n        let firstInvalidField = null;\n        $('.facultyCheck input[aria-required=\"true\"]').each(function() {\n            if ($(this).val().trim() === '') {\n                isValid = false;\n                errorMessage = 'Vui l\u00f2ng nh\u1eadp \u0111\u1ea7y \u0111\u1ee7 th\u00f4ng tin!';\n                firstInvalidField = $(this);\n                return false;\n            }\n        });\n        if (isValid) {\n            $('.facultyCheck select[aria-required=\"true\"]').each(function() {\n                if ($(this).val().trim() === '') {\n                    isValid = false;\n                    errorMessage = 'Vui l\u00f2ng ch\u1ecdn \u0111\u1ea7y \u0111\u1ee7 th\u00f4ng tin!';\n                    firstInvalidField = $(this);\n                    return false;\n                }\n            });\n        }\n      if (isValid) {\n            const nphone = $(\".facultyCheck input[name='nphone']\").val().trim();\n            const phoneRegex = \/^0[0-9]{9}$\/;\n            if (!phoneRegex.test(nphone)) {\n                isValid = false;\n                errorMessage = 'Vui l\u00f2ng nh\u1eadp s\u1ed1 \u0111i\u1ec7n tho\u1ea1i h\u1ee3p l\u1ec7!';\n                firstInvalidField = $(\".facultyCheck input[name='nphone']\");\n            }\n        }\n        if (!isValid) {\n           alert(errorMessage);\n            if (firstInvalidField) {\n                firstInvalidField.focus();\n            }\n            return;\n        }\n        $('#submit-form-fy').hide();\n        $('#waitFfy').show();\n      setTimeout(function() {\n window.location.href = \"https:\/\/www.hoasen.edu.vn\/pathway\/gui-thanh-cong\/\";\n}, 5000);\n    });\n});\n\t<\/script>\n<style>\n\n.custom-select-wrapper {\n  position: relative;\n  display: inline-block;\n  width: 100%;\n}\nselect {\n  appearance: none; \/* \u1ea9n drop-down m\u1eb7c \u0111\u1ecbnh *\/\n  -webkit-appearance: none;\n  -moz-appearance: none;\n  position: relative;\n  font-size: 16px;\n   background-image: url(\"data:image\/svg+xml,%3Csvg width='20' height='20' viewBox='0 0 20 20' fill='none' xmlns='http:\/\/www.w3.org\/2000\/svg'%3E%3Cpath d='M5 8L10 13L15 8' stroke='%2398A2B3' stroke-width='2' stroke-linecap='round' stroke-linejoin='round'\/%3E%3C\/svg%3E\");\n\n  background-repeat: no-repeat;\n  background-position: right 10px center;\n  background-size: 16px;\n  box-shadow: none;\n transition: background-image 0.3s ease;\n}\n.custom-select-wrapper.open select {\n  background-image: url(\"data:image\/svg+xml,%3Csvg id='dropdown-icon-up' width='20' height='20' viewBox='0 0 20 20' fill='none' xmlns='http:\/\/www.w3.org\/2000\/svg'%3E%3Cpath d='M5 12L10 7L15 12' stroke='%2398A2B3' stroke-width='2' stroke-linecap='round' stroke-linejoin='round'\/%3E%3C\/svg%3E\");\n}\n\n<\/style><div class=\"wpcf7-response-output\" aria-hidden=\"true\"><\/div>\n<\/form>\n<\/div>\n<\/div>\n","protected":false},"excerpt":{"rendered":"<p>B\u1eaft \u0111\u1ea7u t\u1ea1i Hoa Sen &#8211; T\u1ed1t nghi\u1ec7p t\u1ea1i V\u01b0\u01a1ng Qu\u1ed1c Anh Hoa Sen Pathway 2+2 l\u00e0 l\u1ed9 tr\u00ecnh du h\u1ecdc qu\u1ed1c t\u1ebf v\u1edbi t\u1ed5ng th\u1eddi gian \u0111\u00e0o t\u1ea1o 4 n\u0103m, theo \u0111\u00f3 sinh vi\u00ean s\u1ebd h\u1ecdc 2 n\u0103m \u0111\u1ea7u t\u1ea1i Tr\u01b0\u1eddng \u0110\u1ea1i h\u1ecdc Hoa Sen v\u00e0 chuy\u1ec3n ti\u1ebfp 2 n\u0103m t\u1ea1i m\u1ed9t trong h\u01a1n 40 tr\u01b0\u1eddng \u0111\u1ea1i h\u1ecdc h\u00e0ng \u0111\u1ea7u V\u01b0\u01a1ng qu\u1ed1c Anh. L\u1ed9 tr\u00ecnh \u0111\u01b0\u1ee3c c\u00f4ng nh\u1eadn b\u1edfi Scottish Qualifications Authority (SQA), v\u1edbi c\u00e1c m\u1ed1c b\u1eb1ng c\u1ea5p r\u00f5 r\u00e0ng: Diploma sau n\u0103m 1 v\u00e0 Advanced Diploma sau n\u0103m 2, gi\u00fap sinh vi\u00ean t\u1ef1 tin chuy\u1ec3n ti\u1ebfp, n\u00e2ng cao&#8230;<\/p>\n","protected":false},"author":5427,"featured_media":0,"parent":0,"menu_order":0,"comment_status":"closed","ping_status":"closed","template":"page-templates\/home.php","meta":{"footnotes":""},"class_list":["post-103","page","type-page","status-publish","hentry"],"acf":[],"_links":{"self":[{"href":"https:\/\/www.hoasen.edu.vn\/pathway\/wp-json\/wp\/v2\/pages\/103","targetHints":{"allow":["GET"]}}],"collection":[{"href":"https:\/\/www.hoasen.edu.vn\/pathway\/wp-json\/wp\/v2\/pages"}],"about":[{"href":"https:\/\/www.hoasen.edu.vn\/pathway\/wp-json\/wp\/v2\/types\/page"}],"author":[{"embeddable":true,"href":"https:\/\/www.hoasen.edu.vn\/pathway\/wp-json\/wp\/v2\/users\/5427"}],"replies":[{"embeddable":true,"href":"https:\/\/www.hoasen.edu.vn\/pathway\/wp-json\/wp\/v2\/comments?post=103"}],"version-history":[{"count":45,"href":"https:\/\/www.hoasen.edu.vn\/pathway\/wp-json\/wp\/v2\/pages\/103\/revisions"}],"predecessor-version":[{"id":706,"href":"https:\/\/www.hoasen.edu.vn\/pathway\/wp-json\/wp\/v2\/pages\/103\/revisions\/706"}],"wp:attachment":[{"href":"https:\/\/www.hoasen.edu.vn\/pathway\/wp-json\/wp\/v2\/media?parent=103"}],"curies":[{"name":"wp","href":"https:\/\/api.w.org\/{rel}","templated":true}]}}