{"id":413,"date":"2021-12-01T21:18:03","date_gmt":"2021-12-01T14:18:03","guid":{"rendered":"https:\/\/hoasen.edu.vn\/oric\/?page_id=413"},"modified":"2021-12-01T21:18:04","modified_gmt":"2021-12-01T14:18:04","slug":"nhiem-vu","status":"publish","type":"page","link":"https:\/\/www.hoasen.edu.vn\/oric\/gioi-thieu\/nhiem-vu\/","title":{"rendered":"Nhi\u1ec7m v\u1ee5"},"content":{"rendered":"\n<p><strong>Nhi\u1ec7m v\u1ee5 c\u1ee7a Ph\u00f2ng Qu\u1ea3n l\u00fd Nghi\u00ean c\u1ee9u Khoa h\u1ecdc v\u00e0 H\u1ee3p t\u00e1c Qu\u1ed1c t\u1ebf:<\/strong><\/p>\n\n\n\n<ul class=\"wp-block-list\"><li>Khuy\u1ebfn kh\u00edch v\u00e0 th\u00fac \u0111\u1ea9y sinh vi\u00ean nghi\u00ean c\u1ee9u khoa h\u1ecdc, P. QL-NCKH&amp;HTQT s\u1ebd k\u1ebft h\u1ee3p v\u1edbi c\u00e1c gi\u1ea3ng vi\u00ean gi\u00fap h\u01b0\u1edbng d\u1eabn \u0111\u1ec1 t\u00e0i nghi\u00ean c\u1ee9u cho sinh vi\u00ean. \u0110\u1ec3 k\u1ebft h\u1ee3p v\u1edbi vi\u1ec7c h\u1ecdc, c\u00e1c \u0111\u1ec1 t\u00e0i nghi\u00ean c\u1ee9u c\u00f3 th\u1ec3 l\u00e0 m\u1ed9t ph\u1ea7n hay to\u00e0n b\u1ed9&nbsp; lu\u1eadn v\u0103n t\u1ed1t nghi\u1ec7p. P. QL-NCKH&amp;HTQT s\u1ebd duy tr\u00ec vi\u1ec7c t\u1ed5 ch\u1ee9c h\u1ed9i ngh\u1ecb khoa h\u1ecdc cho sinh vi\u00ean v\u00e0 gi\u1ea3i th\u01b0\u1edfng nghi\u00ean c\u1ee9u khoa h\u1ecdc.<\/li><li>T\u1ed5 ch\u1ee9c c\u00e1c bu\u1ed5i t\u1ecda \u0111\u00e0m, sinh ho\u1ea1t h\u1ecdc thu\u1eadt v\u1edbi c\u00e1c chuy\u00ean gia, h\u1ecdc gi\u1ea3 trong v\u00e0 ngo\u00e0i n\u01b0\u1edbc v\u1ec1 c\u00e1c v\u1ea5n \u0111\u1ec1 khoa h\u1ecdc, v\u0103n h\u00f3a, x\u00e3 h\u1ed9i nh\u1eb1m m\u1edf r\u1ed9ng ki\u1ebfn th\u1ee9c cho c\u00f4ng \u0111\u1ed3ng Hoa Sen.<\/li><li>Tham gia t\u1ed5 ch\u1ee9c c\u00e1c h\u1ed9i th\u1ea3o qu\u1ed1c t\u1ebf c\u1ee7a \u0111\u1ea1i h\u1ecdc Hoa Sen theo c\u00e1c ch\u1ee7 \u0111\u1ec1 \u01b0u ti\u00ean h\u00e0ng n\u0103m.<\/li><li>M\u1ed9t l\u00e3nh v\u1ef1c c\u00f4ng t\u00e1c kh\u00e1c c\u1ee7a P. QL-NCKH&amp;HTQT l\u00e0 qu\u1ea3n l\u00fd, th\u00f4ng tin v\u00e0 b\u00e1o c\u00e1o ho\u1ea1t \u0111\u1ed9ng NCKH. Th\u1ef1c hi\u1ec7n c\u00e1c th\u1ed1ng k\u00ea, b\u00e1o c\u00e1o v\u1ec1 ho\u1ea1t \u0111\u1ed9ng NCKH theo y\u00eau c\u1ea7u c\u1ee7a c\u00e1c c\u1ea5p.<\/li><\/ul>\n","protected":false},"excerpt":{"rendered":"<p>Nhi\u1ec7m v\u1ee5 c\u1ee7a Ph\u00f2ng Qu\u1ea3n l\u00fd Nghi\u00ean c\u1ee9u Khoa h\u1ecdc v\u00e0 H\u1ee3p t\u00e1c Qu\u1ed1c t\u1ebf: Khuy\u1ebfn kh\u00edch v\u00e0 th\u00fac \u0111\u1ea9y sinh vi\u00ean nghi\u00ean c\u1ee9u khoa h\u1ecdc, P. QL-NCKH&amp;HTQT s\u1ebd k\u1ebft h\u1ee3p v\u1edbi c\u00e1c gi\u1ea3ng vi\u00ean gi\u00fap h\u01b0\u1edbng d\u1eabn \u0111\u1ec1 t\u00e0i nghi\u00ean c\u1ee9u cho sinh vi\u00ean. \u0110\u1ec3 k\u1ebft h\u1ee3p v\u1edbi vi\u1ec7c h\u1ecdc, c\u00e1c \u0111\u1ec1 t\u00e0i nghi\u00ean c\u1ee9u c\u00f3 th\u1ec3 l\u00e0 m\u1ed9t ph\u1ea7n hay to\u00e0n b\u1ed9&nbsp; lu\u1eadn v\u0103n t\u1ed1t nghi\u1ec7p. P. QL-NCKH&amp;HTQT s\u1ebd duy tr\u00ec vi\u1ec7c t\u1ed5 ch\u1ee9c h\u1ed9i ngh\u1ecb khoa h\u1ecdc cho sinh vi\u00ean v\u00e0 gi\u1ea3i th\u01b0\u1edfng nghi\u00ean c\u1ee9u khoa h\u1ecdc. T\u1ed5 ch\u1ee9c c\u00e1c bu\u1ed5i t\u1ecda \u0111\u00e0m, sinh ho\u1ea1t h\u1ecdc thu\u1eadt&#8230;<\/p>\n","protected":false},"author":1,"featured_media":0,"parent":407,"menu_order":0,"comment_status":"closed","ping_status":"closed","template":"","meta":{"footnotes":""},"class_list":["post-413","page","type-page","status-publish","hentry"],"acf":[],"_links":{"self":[{"href":"https:\/\/www.hoasen.edu.vn\/oric\/wp-json\/wp\/v2\/pages\/413","targetHints":{"allow":["GET"]}}],"collection":[{"href":"https:\/\/www.hoasen.edu.vn\/oric\/wp-json\/wp\/v2\/pages"}],"about":[{"href":"https:\/\/www.hoasen.edu.vn\/oric\/wp-json\/wp\/v2\/types\/page"}],"author":[{"embeddable":true,"href":"https:\/\/www.hoasen.edu.vn\/oric\/wp-json\/wp\/v2\/users\/1"}],"replies":[{"embeddable":true,"href":"https:\/\/www.hoasen.edu.vn\/oric\/wp-json\/wp\/v2\/comments?post=413"}],"version-history":[{"count":1,"href":"https:\/\/www.hoasen.edu.vn\/oric\/wp-json\/wp\/v2\/pages\/413\/revisions"}],"predecessor-version":[{"id":414,"href":"https:\/\/www.hoasen.edu.vn\/oric\/wp-json\/wp\/v2\/pages\/413\/revisions\/414"}],"up":[{"embeddable":true,"href":"https:\/\/www.hoasen.edu.vn\/oric\/wp-json\/wp\/v2\/pages\/407"}],"wp:attachment":[{"href":"https:\/\/www.hoasen.edu.vn\/oric\/wp-json\/wp\/v2\/media?parent=413"}],"curies":[{"name":"wp","href":"https:\/\/api.w.org\/{rel}","templated":true}]}}