{"id":411,"date":"2021-12-01T21:17:39","date_gmt":"2021-12-01T14:17:39","guid":{"rendered":"https:\/\/hoasen.edu.vn\/oric\/?page_id=411"},"modified":"2021-12-01T21:17:39","modified_gmt":"2021-12-01T14:17:39","slug":"chuc-nang","status":"publish","type":"page","link":"https:\/\/www.hoasen.edu.vn\/oric\/gioi-thieu\/chuc-nang\/","title":{"rendered":"Ch\u1ee9c n\u0103ng"},"content":{"rendered":"\n<p><strong>Ph\u00f2ng Qu\u1ea3n l\u00fd Nghi\u00ean c\u1ee9u Khoa h\u1ecdc v\u00e0 H\u1ee3p t\u00e1c Qu\u1ed1c t\u1ebf&nbsp;th\u1ef1c hi\u1ec7n ch\u1ee9c n\u0103ng:<\/strong><\/p>\n\n\n\n<ul class=\"wp-block-list\"><li>X\u00e2y d\u1ef1ng qui ch\u1ebf, ch\u00ednh s\u00e1ch khuy\u1ebfn kh\u00edch NCKH trong gi\u1ea3ng vi\u00ean v\u00e0 sinh vi\u00ean.<\/li><li>Gi\u1edbi thi\u1ec7u cho c\u00e1c khoa v\u00e0 gi\u1ea3ng vi\u00ean nh\u1eefng c\u01a1 h\u1ed9i h\u1ee3p t\u00e1c nghi\u00ean c\u1ee9u trong v\u00e0 ngo\u00e0i n\u01b0\u1edbc v\u00e0 c\u00e1c c\u01a1 h\u1ed9i h\u1ecdc b\u1ed5ng, tu nghi\u1ec7p.<\/li><li>H\u1ed7 tr\u1ee3 chuy\u00ean m\u00f4n, k\u1ef9 thu\u1eadt v\u00e0 kinh ph\u00ed cho gi\u1ea3ng vi\u00ean l\u1eadp d\u1ef1 \u00e1n nghi\u00ean c\u1ee9u.<\/li><li>T\u1ed5 ch\u1ee9c c\u00e1c kh\u00f3a t\u1eadp hu\u1ea5n v\u1ec1 ph\u01b0\u01a1ng ph\u00e1p nghi\u00ean c\u1ee9u, x\u00e2y d\u1ef1ng \u0111\u1ec1 c\u01b0\u01a1ng d\u1ef1 \u00e1n nghi\u00ean c\u1ee9u cho gi\u1ea3ng vi\u00ean tr\u1ebb v\u00e0 sinh vi\u00ean. Ph\u00f2ng QL-NCKH&amp;HTQT&nbsp;ch\u00fa tr\u1ecdng m\u1eddi c\u00e1c chuy\u00ean gia trong v\u00e0 ngo\u00e0i n\u01b0\u1edbc c\u00f3 am hi\u1ec3u s\u00e2u v\u00e0 c\u00f3 nhi\u1ec1u kinh nghi\u1ec7m trong l\u00e3nh v\u1ef1c nghi\u00ean c\u1ee9u tham gia t\u1eadp hu\u1ea5n.<\/li><li>T\u1ea1o \u0111i\u1ec1u ki\u1ec7n thu\u1eadn l\u1ee3i v\u00e0 h\u1ed7 tr\u1ee3 m\u1ed9t ph\u1ea7n kinh ph\u00ed cho gi\u1ea3ng vi\u00ean c\u00f3 b\u00e0i tham lu\u1eadn tham d\u1ef1 h\u1ed9i th\u1ea3o trong v\u00e0 ngo\u00e0i n\u01b0\u1edbc.<\/li><\/ul>\n","protected":false},"excerpt":{"rendered":"<p>Ph\u00f2ng Qu\u1ea3n l\u00fd Nghi\u00ean c\u1ee9u Khoa h\u1ecdc v\u00e0 H\u1ee3p t\u00e1c Qu\u1ed1c t\u1ebf&nbsp;th\u1ef1c hi\u1ec7n ch\u1ee9c n\u0103ng: X\u00e2y d\u1ef1ng qui ch\u1ebf, ch\u00ednh s\u00e1ch khuy\u1ebfn kh\u00edch NCKH trong gi\u1ea3ng vi\u00ean v\u00e0 sinh vi\u00ean. Gi\u1edbi thi\u1ec7u cho c\u00e1c khoa v\u00e0 gi\u1ea3ng vi\u00ean nh\u1eefng c\u01a1 h\u1ed9i h\u1ee3p t\u00e1c nghi\u00ean c\u1ee9u trong v\u00e0 ngo\u00e0i n\u01b0\u1edbc v\u00e0 c\u00e1c c\u01a1 h\u1ed9i h\u1ecdc b\u1ed5ng, tu nghi\u1ec7p. H\u1ed7 tr\u1ee3 chuy\u00ean m\u00f4n, k\u1ef9 thu\u1eadt v\u00e0 kinh ph\u00ed cho gi\u1ea3ng vi\u00ean l\u1eadp d\u1ef1 \u00e1n nghi\u00ean c\u1ee9u. T\u1ed5 ch\u1ee9c c\u00e1c kh\u00f3a t\u1eadp hu\u1ea5n v\u1ec1 ph\u01b0\u01a1ng ph\u00e1p nghi\u00ean c\u1ee9u, x\u00e2y d\u1ef1ng \u0111\u1ec1 c\u01b0\u01a1ng d\u1ef1 \u00e1n nghi\u00ean c\u1ee9u cho gi\u1ea3ng vi\u00ean tr\u1ebb v\u00e0 sinh vi\u00ean&#8230;.<\/p>\n","protected":false},"author":1,"featured_media":0,"parent":407,"menu_order":0,"comment_status":"closed","ping_status":"closed","template":"","meta":{"footnotes":""},"class_list":["post-411","page","type-page","status-publish","hentry"],"acf":[],"_links":{"self":[{"href":"https:\/\/www.hoasen.edu.vn\/oric\/wp-json\/wp\/v2\/pages\/411","targetHints":{"allow":["GET"]}}],"collection":[{"href":"https:\/\/www.hoasen.edu.vn\/oric\/wp-json\/wp\/v2\/pages"}],"about":[{"href":"https:\/\/www.hoasen.edu.vn\/oric\/wp-json\/wp\/v2\/types\/page"}],"author":[{"embeddable":true,"href":"https:\/\/www.hoasen.edu.vn\/oric\/wp-json\/wp\/v2\/users\/1"}],"replies":[{"embeddable":true,"href":"https:\/\/www.hoasen.edu.vn\/oric\/wp-json\/wp\/v2\/comments?post=411"}],"version-history":[{"count":1,"href":"https:\/\/www.hoasen.edu.vn\/oric\/wp-json\/wp\/v2\/pages\/411\/revisions"}],"predecessor-version":[{"id":412,"href":"https:\/\/www.hoasen.edu.vn\/oric\/wp-json\/wp\/v2\/pages\/411\/revisions\/412"}],"up":[{"embeddable":true,"href":"https:\/\/www.hoasen.edu.vn\/oric\/wp-json\/wp\/v2\/pages\/407"}],"wp:attachment":[{"href":"https:\/\/www.hoasen.edu.vn\/oric\/wp-json\/wp\/v2\/media?parent=411"}],"curies":[{"name":"wp","href":"https:\/\/api.w.org\/{rel}","templated":true}]}}