{"id":768,"date":"2024-10-18T09:56:39","date_gmt":"2024-10-18T09:56:39","guid":{"rendered":"https:\/\/www.hoasen.edu.vn\/online\/?page_id=768"},"modified":"2025-11-06T09:20:58","modified_gmt":"2025-11-06T02:20:58","slug":"lien-he","status":"publish","type":"page","link":"https:\/\/www.hoasen.edu.vn\/online\/lien-he\/","title":{"rendered":"LI\u00caN H\u1ec6"},"content":{"rendered":"\n<h2 class=\"wp-block-heading has-text-color has-link-color wp-elements-f4dcb022a506ccf51594ef150d913524\" style=\"color:#003595\">VI\u1ec6N \u0110\u00c0O T\u1ea0O TR\u1ef0C TUY\u1ebeN<\/h2>\n\n\n\n<p><strong>\u0110\u1ecba ch\u1ec9: <\/strong>Ph\u00f2ng 805, l\u1ea7u 8, s\u1ed1 8 Nguy\u1ec5n V\u0103n Tr\u00e1ng, Ph\u01b0\u1eddng B\u1ebfn Th\u00e0nh, Tp.HCM<\/p>\n\n\n\n<p><strong>Hotline: <\/strong><a href=\"tel:02873073373\">028 7307 3373<\/a><\/p>\n\n\n\n<p><strong>Zalo: <\/strong>0832 383 773 &#8211; 0849 359 369 (Zalo ch\u1ec9 c\u00f3 ch\u1ee9c n\u0103ng nh\u1eadn tin nh\u1eafn)<\/p>\n\n\n\n<p><strong>Email: <\/strong>tuyensinhdttt@hoasen.edu.vn<\/p>\n\n\n\n<div class=\"wpcf7 no-js\" id=\"wpcf7-f1105-o1\" lang=\"vi\" dir=\"ltr\">\n<div class=\"screen-reader-response\"><p role=\"status\" aria-live=\"polite\" aria-atomic=\"true\"><\/p> <ul><\/ul><\/div>\n<form action=\"\/online\/wp-json\/wp\/v2\/pages\/768\" method=\"post\" class=\"wpcf7-form init\" aria-label=\"Form li\u00ean h\u1ec7\" novalidate=\"novalidate\" data-status=\"init\">\n<div style=\"display: none;\">\n<input type=\"hidden\" name=\"_wpcf7\" value=\"1105\" \/>\n<input type=\"hidden\" name=\"_wpcf7_version\" value=\"5.8.2\" \/>\n<input type=\"hidden\" name=\"_wpcf7_locale\" value=\"vi\" \/>\n<input type=\"hidden\" name=\"_wpcf7_unit_tag\" value=\"wpcf7-f1105-o1\" \/>\n<input type=\"hidden\" name=\"_wpcf7_container_post\" value=\"0\" \/>\n<input type=\"hidden\" name=\"_wpcf7_posted_data_hash\" value=\"\" \/>\n<input type=\"hidden\" name=\"_wpcf7cf_hidden_group_fields\" value=\"[]\" \/>\n<input type=\"hidden\" name=\"_wpcf7cf_hidden_groups\" value=\"[]\" \/>\n<input type=\"hidden\" name=\"_wpcf7cf_visible_groups\" value=\"[]\" \/>\n<input type=\"hidden\" name=\"_wpcf7cf_repeaters\" value=\"[]\" \/>\n<input type=\"hidden\" name=\"_wpcf7cf_steps\" value=\"{}\" \/>\n<input type=\"hidden\" name=\"_wpcf7cf_options\" value=\"{&quot;form_id&quot;:1105,&quot;conditions&quot;:[],&quot;settings&quot;:{&quot;animation&quot;:&quot;yes&quot;,&quot;animation_intime&quot;:200,&quot;animation_outtime&quot;:200,&quot;conditions_ui&quot;:&quot;normal&quot;,&quot;notice_dismissed&quot;:false}}\" \/>\n<input type=\"hidden\" name=\"_wpcf7_recaptcha_response\" value=\"\" \/>\n<\/div>\n<div id=\"form_tvonl\" class=\"hc-feedback pt-0 page-online\">\n<div class=\"container\">\n<div class=\"row\">\n<div class=\"col-12 col-sm-12 col-md-12 col-lg-10 col-xl-8 col-xxl-8 offset-lg-1 offset-xl-2 offset-xxl-2\">\n<div class=\"hc-form position-relative text-center\">\n<h2 class=\"hc-form__ttl d-inline-block text-center text-uppercase\">\u0110\u0103ng k\u00fd t\u01b0 v\u1ea5n<\/h2>\n\n<div class=\"row\">\n\t<div class=\"col-12 col-md-6 col-lg-6 col-xl-6 col-xxl-6\">\n\t\t<div class=\"hc-form__input\"><span class=\"wpcf7-form-control-wrap\" data-name=\"adv-name\"><input size=\"40\" class=\"wpcf7-form-control wpcf7-text wpcf7-validates-as-required\" aria-required=\"true\" aria-invalid=\"false\" placeholder=\"H\u1ecd v\u00e0 t\u00ean *\" value=\"\" type=\"text\" name=\"adv-name\" \/><\/span><\/div>\n\t<\/div>\n\t<div class=\"col-12 col-md-6 col-lg-6 col-xl-6 col-xxl-6\">\n\t\t<div class=\"hc-form__input\"><span class=\"wpcf7-form-control-wrap\" data-name=\"adv-email\"><input size=\"40\" class=\"wpcf7-form-control wpcf7-email wpcf7-validates-as-required wpcf7-text wpcf7-validates-as-email\" aria-required=\"true\" aria-invalid=\"false\" placeholder=\"Email *\" value=\"\" type=\"email\" name=\"adv-email\" \/><\/span><\/div>\n\t<\/div>\n\t<div class=\"col-12 col-md-6 col-lg-6 col-xl-6 col-xxl-6\">\n\t\t<div class=\"hc-form__input\"><span class=\"wpcf7-form-control-wrap\" data-name=\"adv-tel\"><input size=\"40\" class=\"wpcf7-form-control wpcf7-tel wpcf7-validates-as-required wpcf7-text wpcf7-validates-as-tel\" aria-required=\"true\" aria-invalid=\"false\" placeholder=\"S\u1ed1 \u0111i\u1ec7n tho\u1ea1i *\" value=\"\" type=\"tel\" name=\"adv-tel\" \/><\/span><\/div>\n\t<\/div>\n<div class=\"col-12 col-md-6 col-lg-6 col-xl-6 col-xxl-6\">\n<div class=\"hc-form__input\"><span class=\"wpcf7-form-control-wrap\" data-name=\"adv-year\"><input size=\"40\" class=\"wpcf7-form-control wpcf7-tel wpcf7-validates-as-required wpcf7-text wpcf7-validates-as-tel\" aria-required=\"true\" aria-invalid=\"false\" placeholder=\"N\u0103m sinh *\" value=\"\" type=\"tel\" name=\"adv-year\" \/><\/span><\/div>\n\n<\/div>\n\t<div class=\"col-12 col-md-6 col-lg-6 col-xl-6 col-xxl-6\">\n\t\t<div class=\"hc-form__select text-start position-relative jsSelect\">\n\t\t\t<span class=\"wpcf7-form-control-wrap\" data-name=\"adv-nh\"><select class=\"wpcf7-form-control wpcf7-select wpcf7-validates-as-required hc-form__select-data\" aria-required=\"true\" aria-invalid=\"false\" name=\"adv-nh\"><option value=\"\">&#8212;Vui l\u00f2ng ch\u1ecdn&#8212;<\/option><option value=\"Ng\u00e0nh C\u00f4ng ngh\u1ec7 th\u00f4ng tin\">Ng\u00e0nh C\u00f4ng ngh\u1ec7 th\u00f4ng tin<\/option><option value=\"Ng\u00e0nh ng\u00f4n ng\u1eef Anh\">Ng\u00e0nh ng\u00f4n ng\u1eef Anh<\/option><option value=\"Ng\u00e0nh Lu\u1eadt kinh t\u1ebf\">Ng\u00e0nh Lu\u1eadt kinh t\u1ebf<\/option><option value=\"Ng\u00e0nh Qu\u1ea3n tr\u1ecb kinh doanh\">Ng\u00e0nh Qu\u1ea3n tr\u1ecb kinh doanh<\/option><option value=\"Ng\u00e0nh Marketing\">Ng\u00e0nh Marketing<\/option><option value=\"Ng\u00e0nh T\u00e2m l\u00fd h\u1ecdc (Online ho\u1eb7c Offline)\">Ng\u00e0nh T\u00e2m l\u00fd h\u1ecdc (Online ho\u1eb7c Offline)<\/option><option value=\"Ng\u00e0nh Digital Marketing (Online ho\u1eb7c Offline)\">Ng\u00e0nh Digital Marketing (Online ho\u1eb7c Offline)<\/option><option value=\"Ng\u00e0nh Quan h\u1ec7 C\u00f4ng ch\u00fang (Online ho\u1eb7c Offline)\">Ng\u00e0nh Quan h\u1ec7 C\u00f4ng ch\u00fang (Online ho\u1eb7c Offline)<\/option><option value=\"Ng\u00e0nh Th\u01b0\u01a1ng m\u1ea1i \u0110i\u1ec7n t\u1eed (Online ho\u1eb7c Offline)\">Ng\u00e0nh Th\u01b0\u01a1ng m\u1ea1i \u0110i\u1ec7n t\u1eed (Online ho\u1eb7c Offline)<\/option><option value=\"V\u1eeba h\u1ecdc \u0110H Online, v\u1eeba l\u00e0m t\u1ea1i Nh\u1eadt\">V\u1eeba h\u1ecdc \u0110H Online, v\u1eeba l\u00e0m t\u1ea1i Nh\u1eadt<\/option><option value=\"Kh\u00f3a h\u1ecdc Facebook Ads\">Kh\u00f3a h\u1ecdc Facebook Ads<\/option><option value=\"Kh\u00f3a h\u1ecdc Tiktok Ads\">Kh\u00f3a h\u1ecdc Tiktok Ads<\/option><option value=\"Kh\u00f3a h\u1ecdc B\u00e1n h\u00e0ng tr\u00ean Tiktoks Shop\">Kh\u00f3a h\u1ecdc B\u00e1n h\u00e0ng tr\u00ean Tiktoks Shop<\/option><option value=\"Kh\u00f3a h\u1ecdc V\u1eadn h\u00e0nh Tiktok Shop\">Kh\u00f3a h\u1ecdc V\u1eadn h\u00e0nh Tiktok Shop<\/option><\/select><\/span>\n\t\t<\/div>\n\t<\/div>\n<div class=\"col-12 col-md-6 col-lg-6 col-xl-6 col-xxl-6\">\n\t\t<div class=\"hc-form__select text-start position-relative jsSelect\">\n\t\t\t<span class=\"wpcf7-form-control-wrap\" data-name=\"adv-td\"><select class=\"wpcf7-form-control wpcf7-select wpcf7-validates-as-required hc-form__select-data\" aria-required=\"true\" aria-invalid=\"false\" name=\"adv-td\"><option value=\"\">&#8212;Vui l\u00f2ng ch\u1ecdn&#8212;<\/option><option value=\"Trung h\u1ecdc ph\u1ed5 th\u00f4ng\">Trung h\u1ecdc ph\u1ed5 th\u00f4ng<\/option><option value=\"Trung c\u1ea5p\">Trung c\u1ea5p<\/option><option value=\"Cao \u0111\u1eb3ng\">Cao \u0111\u1eb3ng<\/option><option value=\"\u0110\u1ea1i h\u1ecdc\">\u0110\u1ea1i h\u1ecdc<\/option><option value=\"Kh\u00e1c\">Kh\u00e1c<\/option><\/select><\/span>\n\t\t<\/div>\n\t<\/div>\n<div class=\"col-12 col-md-6 col-lg-6 col-xl-6 col-xxl-6\">\n<span class=\"wpcf7-form-control-wrap recaptcha\" data-name=\"recaptcha\"><span data-sitekey=\"6LfW6iAUAAAAAKXZDexnlgsOD9TVQX-AVJizBf6u\" class=\"wpcf7-form-control wpcf7-recaptcha g-recaptcha\"><\/span>\r\n<noscript>\r\n\t<div class=\"grecaptcha-noscript\">\r\n\t\t<iframe loading=\"lazy\" src=\"https:\/\/www.google.com\/recaptcha\/api\/fallback?k=6LfW6iAUAAAAAKXZDexnlgsOD9TVQX-AVJizBf6u\" frameborder=\"0\" scrolling=\"no\" width=\"310\" height=\"430\">\r\n\t\t<\/iframe>\r\n\t\t<textarea name=\"g-recaptcha-response\" rows=\"3\" cols=\"40\" placeholder=\"reCaptcha Response Here\">\r\n\t\t<\/textarea>\r\n\t<\/div>\r\n<\/noscript>\r\n<\/span>\n                      <input class=\"wpcf7-form-control wpcf7-hidden\" value=\"\" type=\"hidden\" name=\"utm_source\" \/>\n                        <input class=\"wpcf7-form-control wpcf7-hidden\" value=\"\" type=\"hidden\" name=\"utm_campaign\" \/>\n                        <input class=\"wpcf7-form-control wpcf7-hidden\" value=\"\" type=\"hidden\" name=\"utm_medium\" \/>\n                        <input class=\"wpcf7-form-control wpcf7-hidden\" value=\"\" type=\"hidden\" name=\"utm_term\" \/>\n<\/div>\n\n<div class=\"col-12 col-md-6 col-lg-6 col-xl-6 col-xxl-6\" style=\"align-content: center;\">\n\t<div class=\"hc-form__wrap d-block text-start d-md-flex align-items-start\" style=\"    justify-content: center;\">\n<button id=\"submit-form\" type=\"submit\" name=\"submit\" class=\"button w-100 mb-3 he-btn--bg\" style=\"width: fit-content !important;\">\u0110\u0103ng k\u00fd t\u01b0 v\u1ea5n ngay<\/button>\n\t<\/div>\n\t<\/div>\n<\/div>\n\t\n<\/div>\n<\/div>\n<\/div>\n<\/div>\n<\/div>\n<script>\n\njQuery(document).ready(function($) {\n    $('#submit-form').click(function(e) {\n        \n        let isValid = true;\n        $('#form_tvonl input[aria-required=\"true\"]').each(function() {\n            if ($(this).val().trim() === '') {\n                isValid = false;\n                alert('Vui l\u00f2ng nh\u1eadp \u0111\u1ea7y \u0111\u1ee7 th\u00f4ng tin!');\n                $(this).focus();\n                return false; \n            }\n        });\n         $('#form_tvonl select[aria-required=\"true\"]').each(function() {\n        if ($(this).val().trim() === '') {\n            isValid = false;\n            alert('Vui l\u00f2ng ch\u1ecdn \u0111\u1ea7y \u0111\u1ee7 th\u00f4ng tin!');\n            $(this).focus();\n            return false; \n        }\n    });\n        if (!isValid) {\n            return;\n        }\n\n        if (grecaptcha.getResponse() === '') {\n            alert('Vui l\u00f2ng x\u00e1c minh b\u1ea1n kh\u00f4ng ph\u1ea3i l\u00e0 robot!');\n            return;\n        }\n\t\t\n     $('#submit-form').hide();\t\n        let isEmailSubmitted = false;\n\tconst googleAppsScriptURL = \"https:\/\/script.google.com\/macros\/s\/AKfycbzs-ZRF_QFIVRMqqz6THoxmFN96IXyxdWbylMvYpROKPFKHiy9QRasZqCeIefrkBden\/exec\"; \n    $(document).on(\"click\", \"#submit-form\", function () {\n        if (isEmailSubmitted) return;\n\n    const email_onl = $(\"input[name='adv-email']\").val();\n    const phone_onl = $(\"input[name='adv-tel']\").val();\n    const name_onl = $(\"input[name='adv-name']\").val();\n    const year_onl = $(\"input[name='adv-year']\").val();\n    const nh_onl = $(\"select[name='adv-nh']\").val();\n    const td_onl = $(\"select[name='adv-td']\").val();\n    const source_onl = $(\"input[name='utm_source']\").val();\n    const campaign_onl = $(\"input[name='utm_campaign']\").val();\n    const medium_onl = $(\"input[name='utm_medium']\").val();\n    const term_onl = $(\"input[name='utm_term']\").val();\n  \n    $.post(googleAppsScriptURL, JSON.stringify({ \n        email: email_onl,\n        phone: phone_onl,\n        name: name_onl,\n        year: year_onl,\n        nh: nh_onl,\n        td: td_onl,\n        source: source_onl,\n        campaign: campaign_onl,\n        medium: medium_onl,\n        term: term_onl\n    }))\n    .done(function() {\n            window.location.href = 'https:\/\/www.hoasen.edu.vn\/online\/cam-on';\n        })\n    .fail(function () {\n        console.warn(\"Kh\u00f4ng th\u1ec3 g\u1eedi d\u1eef li\u1ec7u l\u00ean Google Sheet.\");\n    });\n    \n});\n    });\n\n});\n\t\t<\/script><div class=\"wpcf7-response-output\" aria-hidden=\"true\"><\/div>\n<\/form>\n<\/div>\n\n","protected":false},"excerpt":{"rendered":"<p>VI\u1ec6N \u0110\u00c0O T\u1ea0O TR\u1ef0C TUY\u1ebeN \u0110\u1ecba ch\u1ec9: Ph\u00f2ng 805, l\u1ea7u 8, s\u1ed1 8 Nguy\u1ec5n V\u0103n Tr\u00e1ng, Ph\u01b0\u1eddng B\u1ebfn Th\u00e0nh, Tp.HCM Hotline: 028 7307 3373 Zalo: 0832 383 773 &#8211; 0849 359 369 (Zalo ch\u1ec9 c\u00f3 ch\u1ee9c n\u0103ng nh\u1eadn tin nh\u1eafn) Email: tuyensinhdttt@hoasen.edu.vn<\/p>\n","protected":false},"author":2218,"featured_media":1996,"parent":0,"menu_order":0,"comment_status":"closed","ping_status":"closed","template":"","meta":{"footnotes":""},"class_list":["post-768","page","type-page","status-publish","has-post-thumbnail","hentry"],"acf":[],"_links":{"self":[{"href":"https:\/\/www.hoasen.edu.vn\/online\/wp-json\/wp\/v2\/pages\/768","targetHints":{"allow":["GET"]}}],"collection":[{"href":"https:\/\/www.hoasen.edu.vn\/online\/wp-json\/wp\/v2\/pages"}],"about":[{"href":"https:\/\/www.hoasen.edu.vn\/online\/wp-json\/wp\/v2\/types\/page"}],"author":[{"embeddable":true,"href":"https:\/\/www.hoasen.edu.vn\/online\/wp-json\/wp\/v2\/users\/2218"}],"replies":[{"embeddable":true,"href":"https:\/\/www.hoasen.edu.vn\/online\/wp-json\/wp\/v2\/comments?post=768"}],"version-history":[{"count":24,"href":"https:\/\/www.hoasen.edu.vn\/online\/wp-json\/wp\/v2\/pages\/768\/revisions"}],"predecessor-version":[{"id":4718,"href":"https:\/\/www.hoasen.edu.vn\/online\/wp-json\/wp\/v2\/pages\/768\/revisions\/4718"}],"wp:featuredmedia":[{"embeddable":true,"href":"https:\/\/www.hoasen.edu.vn\/online\/wp-json\/wp\/v2\/media\/1996"}],"wp:attachment":[{"href":"https:\/\/www.hoasen.edu.vn\/online\/wp-json\/wp\/v2\/media?parent=768"}],"curies":[{"name":"wp","href":"https:\/\/api.w.org\/{rel}","templated":true}]}}