{"id":746,"date":"2024-10-14T09:41:50","date_gmt":"2024-10-14T09:41:50","guid":{"rendered":"https:\/\/www.hoasen.edu.vn\/online\/?page_id=746"},"modified":"2024-12-23T10:38:53","modified_gmt":"2024-12-23T10:38:53","slug":"so-tay-sinh-vien","status":"publish","type":"page","link":"https:\/\/www.hoasen.edu.vn\/online\/so-tay-sinh-vien\/","title":{"rendered":"S\u1ed5 tay sinh vi\u00ean"},"content":{"rendered":"\t<div class=\"vc-article--educate\">\r\n\t\t<div class=\"container\">\r\n\t\t\t\t\t\t\t<h2 class=\"vc-headline--primary position-relative\">\r\n\t\t\t\t\t<small class=\"d-block\">T\u1ed5ng quan<\/small>\t\t\t\t<\/h2>\r\n\t\t\t\r\n\t\t\t\t\t\t\t<div class=\"vc-article__box position-relative\" style=\"background: url(https:\/\/www.hoasen.edu.vn\/online\/wp-content\/uploads\/sites\/56\/2024\/11\/background-1350.jpg) no-repeat center center\/cover;\">\r\n\t\t\t\t\t\t\t\t\t\t\t<div class=\"row\">\r\n\t\t\t\t\t\t\t<div class=\"col-10 col-md-6 col-lg-6 col-xl-6 col-xxl-4 offset-1 offset-md-4 offset-lg-4 offset-xxl-6 offset-xxl-7\">\r\n\t\t\t\t\t\t\t\t<div class=\"vc-article__content position-relative\"><p><strong>S\u1ed5 tay sinh vi\u00ean bao g\u1ed3m nh\u1eefng th\u00f4ng tin n\u00e0o?<\/strong><\/p>\n<p>S\u1ed5 tay sinh vi\u00ean bao g\u1ed3m nh\u1eefng th\u00f4ng tin c\u1ea7n thi\u1ebft v\u1ec1 Tr\u01b0\u1eddng \u0110\u1ea1i h\u1ecdc Hoa Sen nh\u01b0 ch\u01b0\u01a1ng tr\u00ecnh \u0111\u00e0o t\u1ea1o, ng\u00e0nh h\u1ecdc, th\u00f4ng tin v\u1ec1 ph\u1ea7n h\u1ecdc ph\u00ed, d\u1ecbch v\u1ee5 sinh vi\u00ean v\u00e0 nh\u1eefng th\u00f4ng tin c\u1ea7n thi\u1ebft kh\u00e1c nh\u1eb1m h\u1ed7 tr\u1ee3 sinh vi\u00ean trong th\u1eddi gian h\u1ecdc t\u1eadp v\u00e0 tr\u1ea3i nghi\u1ec7m t\u1ea1i Tr\u01b0\u1eddng.<\/p>\n<p><strong>T\u1ea1i sao c\u1ea7n s\u1eed d\u1ee5ng s\u1ed5 tay sinh vi\u00ean?<\/strong><\/p>\n<p>S\u1ed5 tay sinh vi\u00ean \u0111\u01b0\u1ee3c \u0111\u0103ng t\u1ea3i tr\u00ean website c\u1ee7a Tr\u01b0\u1eddng v\u00e0 \u1ee9ng d\u1ee5ng Hoa Sen d\u00e0nh cho sinh vi\u00ean Tr\u01b0\u1eddng nh\u1eb1m gi\u00fap sinh vi\u00ean c\u00e1c kh\u00f3a t\u00ecm hi\u1ec3u ho\u1ea1t \u0111\u1ed9ng \u0111\u00e0o t\u1ea1o, d\u1ecbch v\u1ee5, phong tr\u00e0o c\u1ee7a Tr\u01b0\u1eddng, t\u1eeb \u0111\u00f3 t\u1ef1 t\u1ed5 ch\u1ee9c, l\u00ean k\u1ebf ho\u1ea1ch h\u1ecdc t\u1eadp, tr\u1ea3i nghi\u1ec7m hi\u1ec7u qu\u1ea3.<\/p>\n<\/div>\r\n\t\t\t\t\t\t\t<\/div>\r\n\t\t\t\t\t\t<\/div>\r\n\t\t\t\t\t\t\t\t\t<\/div>\r\n\t\t\t\r\n\t\t\t\t\t\t\t<div class=\"row text-center\">\r\n\t\t\t\t\t\t\t\t\t\t\t<div class=\"col-12 col-md-6 col-lg-6 col-xl-6 col-xxl-6\">\r\n\t\t\t\t\t\t\t<a class=\"vc-link--educate position-relative d-inline-block text-uppercase\" href=\"https:\/\/www.hoasen.edu.vn\/so-tay-sinh-vien\/tong-quan-ve-hsu\/\">\r\n\t\t\t\t\t\t\t\t<span class=\"position-absolute d-flex align-items-center justify-content-center\">\r\n\t\t\t\t\t\t\t\t\t\t\t\t\t\t\t\t\t\t\t<img decoding=\"async\" src=\"https:\/\/www.hoasen.edu.vn\/online\/wp-content\/uploads\/sites\/56\/2024\/10\/van-hoa-hsu.png\" alt=\"image\">\r\n\t\t\t\t\t\t\t\t\t\t\t\t\t\t\t\t\t<\/span>\r\n\t\t\t\t\t\t\t\tV\u0103n h\u00f3a HSU\t\t\t\t\t\t\t<\/a>\r\n\t\t\t\t\t\t<\/div>\r\n\t\t\t\t\t\t\t\t\t\t\t<div class=\"col-12 col-md-6 col-lg-6 col-xl-6 col-xxl-6\">\r\n\t\t\t\t\t\t\t<a class=\"vc-link--educate position-relative d-inline-block text-uppercase\" href=\"https:\/\/www.hoasen.edu.vn\/so-tay-sinh-vien\/gioi-thieu-so-tay-sinh-vien\/\">\r\n\t\t\t\t\t\t\t\t<span class=\"position-absolute d-flex align-items-center justify-content-center\">\r\n\t\t\t\t\t\t\t\t\t\t\t\t\t\t\t\t\t\t\t<img decoding=\"async\" src=\"https:\/\/www.hoasen.edu.vn\/online\/wp-content\/uploads\/sites\/56\/2024\/10\/gioi-thieu-so-tay-sinh-vien.png\" alt=\"image\">\r\n\t\t\t\t\t\t\t\t\t\t\t\t\t\t\t\t\t<\/span>\r\n\t\t\t\t\t\t\t\tGi\u1edbi thi\u1ec7u S\u1ed5 tay sinh vi\u00ean\t\t\t\t\t\t\t<\/a>\r\n\t\t\t\t\t\t<\/div>\r\n\t\t\t\t\t\t\t\t\t<\/div>\r\n\t\t\t\t\t<\/div>\r\n\t<\/div>\r\n\t\n\n\t<div class=\"vc-article--educate\">\r\n\t\t<div class=\"container\">\r\n\t\t\t\t\t\t\t<h2 class=\"vc-headline--primary position-relative\">\r\n\t\t\t\t\t<small class=\"d-block\">V\u00ec sao n\u00ean ch\u1ecdn nh\u00e0 Sen<\/small>\t\t\t\t<\/h2>\r\n\t\t\t\r\n\t\t\t\r\n\t\t\t\t\t\t\t<div class=\"row text-center\">\r\n\t\t\t\t\t\t\t\t\t\t\t<div class=\"col-12 col-md-6 col-lg-6 col-xl-6 col-xxl-6\">\r\n\t\t\t\t\t\t\t<a class=\"vc-link--educate position-relative d-inline-block text-uppercase\" href=\"https:\/\/www.hoasen.edu.vn\/so-tay-sinh-vien\/trai-nghiem-co-so-hoc-tap\/\">\r\n\t\t\t\t\t\t\t\t<span class=\"position-absolute d-flex align-items-center justify-content-center\">\r\n\t\t\t\t\t\t\t\t\t\t\t\t\t\t\t\t\t\t\t<img decoding=\"async\" src=\"https:\/\/www.hoasen.edu.vn\/online\/wp-content\/uploads\/sites\/56\/2024\/10\/van-hoa-hsu.png\" alt=\"image\">\r\n\t\t\t\t\t\t\t\t\t\t\t\t\t\t\t\t\t<\/span>\r\n\t\t\t\t\t\t\t\tTr\u1ea3i nghi\u1ec7m c\u01a1 s\u1edf h\u1ecdc t\u1eadp\t\t\t\t\t\t\t<\/a>\r\n\t\t\t\t\t\t<\/div>\r\n\t\t\t\t\t\t\t\t\t\t\t<div class=\"col-12 col-md-6 col-lg-6 col-xl-6 col-xxl-6\">\r\n\t\t\t\t\t\t\t<a class=\"vc-link--educate position-relative d-inline-block text-uppercase\" href=\"https:\/\/www.hoasen.edu.vn\/so-tay-sinh-vien\/hoat-dong-cac-clb\/\">\r\n\t\t\t\t\t\t\t\t<span class=\"position-absolute d-flex align-items-center justify-content-center\">\r\n\t\t\t\t\t\t\t\t\t\t\t\t\t\t\t\t\t\t\t<img decoding=\"async\" src=\"https:\/\/www.hoasen.edu.vn\/online\/wp-content\/uploads\/sites\/56\/2024\/10\/hoat-dong-cac-clb.png\" alt=\"image\">\r\n\t\t\t\t\t\t\t\t\t\t\t\t\t\t\t\t\t<\/span>\r\n\t\t\t\t\t\t\t\tHo\u1ea1t \u0111\u1ed9ng c\u00e1c CLB\t\t\t\t\t\t\t<\/a>\r\n\t\t\t\t\t\t<\/div>\r\n\t\t\t\t\t\t\t\t\t<\/div>\r\n\t\t\t\t\t<\/div>\r\n\t<\/div>\r\n\t\n\n\t<div class=\"vc-article--educate\">\r\n\t\t<div class=\"container\">\r\n\t\t\t\t\t\t\t<h2 class=\"vc-headline--primary position-relative\">\r\n\t\t\t\t\t<small class=\"d-block\">D\u1ecbch v\u1ee5<\/small>\t\t\t\t<\/h2>\r\n\t\t\t\r\n\t\t\t\r\n\t\t\t\t\t\t\t<div class=\"row text-center\">\r\n\t\t\t\t\t\t\t\t\t\t\t<div class=\"col-12 col-md-6 col-lg-6 col-xl-6 col-xxl-6\">\r\n\t\t\t\t\t\t\t<a class=\"vc-link--educate position-relative d-inline-block text-uppercase\" href=\"https:\/\/www.hoasen.edu.vn\/so-tay-sinh-vien\/hoi-nhap-quoc-te-du-hoc\/\">\r\n\t\t\t\t\t\t\t\t<span class=\"position-absolute d-flex align-items-center justify-content-center\">\r\n\t\t\t\t\t\t\t\t\t\t\t\t\t\t\t\t\t\t\t<img decoding=\"async\" src=\"https:\/\/www.hoasen.edu.vn\/online\/wp-content\/uploads\/sites\/56\/2024\/12\/icon-hoi-nhap.png\" alt=\"image\">\r\n\t\t\t\t\t\t\t\t\t\t\t\t\t\t\t\t\t<\/span>\r\n\t\t\t\t\t\t\t\tH\u1ed9i nh\u1eadp Qu\u1ed1c t\u1ebf\t\t\t\t\t\t\t<\/a>\r\n\t\t\t\t\t\t<\/div>\r\n\t\t\t\t\t\t\t\t\t\t\t<div class=\"col-12 col-md-6 col-lg-6 col-xl-6 col-xxl-6\">\r\n\t\t\t\t\t\t\t<a class=\"vc-link--educate position-relative d-inline-block text-uppercase\" href=\"https:\/\/www.hoasen.edu.vn\/so-tay-sinh-vien\/khong-gian-chia-se-tu-van-tam-ly\/\">\r\n\t\t\t\t\t\t\t\t<span class=\"position-absolute d-flex align-items-center justify-content-center\">\r\n\t\t\t\t\t\t\t\t\t\t\t\t\t\t\t\t\t\t\t<img decoding=\"async\" src=\"https:\/\/www.hoasen.edu.vn\/online\/wp-content\/uploads\/sites\/56\/2024\/12\/icon-tu-van.png\" alt=\"image\">\r\n\t\t\t\t\t\t\t\t\t\t\t\t\t\t\t\t\t<\/span>\r\n\t\t\t\t\t\t\t\tKh\u00f4ng gian chia s\u1ebb v\u00e0 T\u01b0 v\u1ea5n T\u00e2m l\u00fd\t\t\t\t\t\t\t<\/a>\r\n\t\t\t\t\t\t<\/div>\r\n\t\t\t\t\t\t\t\t\t\t\t<div class=\"col-12 col-md-6 col-lg-6 col-xl-6 col-xxl-6\">\r\n\t\t\t\t\t\t\t<a class=\"vc-link--educate position-relative d-inline-block text-uppercase\" href=\"https:\/\/www.hoasen.edu.vn\/online\/dong-phuc-va-the-sinh-vien\/\">\r\n\t\t\t\t\t\t\t\t<span class=\"position-absolute d-flex align-items-center justify-content-center\">\r\n\t\t\t\t\t\t\t\t\t\t\t\t\t\t\t\t\t\t\t<img decoding=\"async\" src=\"https:\/\/www.hoasen.edu.vn\/online\/wp-content\/uploads\/sites\/56\/2024\/12\/icon-dong-phuc.png\" alt=\"image\">\r\n\t\t\t\t\t\t\t\t\t\t\t\t\t\t\t\t\t<\/span>\r\n\t\t\t\t\t\t\t\t\u0110\u1ed3ng ph\u1ee5c v\u00e0 th\u1ebb sinh vi\u00ean\t\t\t\t\t\t\t<\/a>\r\n\t\t\t\t\t\t<\/div>\r\n\t\t\t\t\t\t\t\t\t<\/div>\r\n\t\t\t\t\t<\/div>\r\n\t<\/div>\r\n\t\n\n\t<div class=\"vc-article--educate\">\r\n\t\t<div class=\"container\">\r\n\t\t\t\t\t\t\t<h2 class=\"vc-headline--primary position-relative\">\r\n\t\t\t\t\t<small class=\"d-block\">Th\u00f4ng tin c\u1ea7n bi\u1ebft<\/small>\t\t\t\t<\/h2>\r\n\t\t\t\r\n\t\t\t\r\n\t\t\t\t\t\t\t<div class=\"row text-center\">\r\n\t\t\t\t\t\t\t\t\t\t\t<div class=\"col-12 col-md-6 col-lg-6 col-xl-6 col-xxl-6\">\r\n\t\t\t\t\t\t\t<a class=\"vc-link--educate position-relative d-inline-block text-uppercase\" href=\"https:\/\/www.hoasen.edu.vn\/online\/dang-ky-mon-hoc\/\">\r\n\t\t\t\t\t\t\t\t<span class=\"position-absolute d-flex align-items-center justify-content-center\">\r\n\t\t\t\t\t\t\t\t\t\t\t\t\t\t\t\t\t\t\t<img decoding=\"async\" src=\"https:\/\/www.hoasen.edu.vn\/online\/wp-content\/uploads\/sites\/56\/2024\/12\/icon-dang-ky-mon-hoc-1.png\" alt=\"image\">\r\n\t\t\t\t\t\t\t\t\t\t\t\t\t\t\t\t\t<\/span>\r\n\t\t\t\t\t\t\t\t\u0110\u0103ng k\u00fd m\u00f4n h\u1ecdc\t\t\t\t\t\t\t<\/a>\r\n\t\t\t\t\t\t<\/div>\r\n\t\t\t\t\t\t\t\t\t\t\t<div class=\"col-12 col-md-6 col-lg-6 col-xl-6 col-xxl-6\">\r\n\t\t\t\t\t\t\t<a class=\"vc-link--educate position-relative d-inline-block text-uppercase\" href=\"https:\/\/www.hoasen.edu.vn\/online\/hoc-vu\/\">\r\n\t\t\t\t\t\t\t\t<span class=\"position-absolute d-flex align-items-center justify-content-center\">\r\n\t\t\t\t\t\t\t\t\t\t\t\t\t\t\t\t\t\t\t<img decoding=\"async\" src=\"https:\/\/www.hoasen.edu.vn\/online\/wp-content\/uploads\/sites\/56\/2024\/12\/icon-hoc-vu.png\" alt=\"image\">\r\n\t\t\t\t\t\t\t\t\t\t\t\t\t\t\t\t\t<\/span>\r\n\t\t\t\t\t\t\t\tH\u1ecdc v\u1ee5\t\t\t\t\t\t\t<\/a>\r\n\t\t\t\t\t\t<\/div>\r\n\t\t\t\t\t\t\t\t\t\t\t<div class=\"col-12 col-md-6 col-lg-6 col-xl-6 col-xxl-6\">\r\n\t\t\t\t\t\t\t<a class=\"vc-link--educate position-relative d-inline-block text-uppercase\" href=\"https:\/\/www.hoasen.edu.vn\/online\/diem-mon-hoc\/\">\r\n\t\t\t\t\t\t\t\t<span class=\"position-absolute d-flex align-items-center justify-content-center\">\r\n\t\t\t\t\t\t\t\t\t\t\t\t\t\t\t\t\t\t\t<img decoding=\"async\" src=\"https:\/\/www.hoasen.edu.vn\/online\/wp-content\/uploads\/sites\/56\/2024\/12\/icon-diem-mon-hoc.png\" alt=\"image\">\r\n\t\t\t\t\t\t\t\t\t\t\t\t\t\t\t\t\t<\/span>\r\n\t\t\t\t\t\t\t\t\u0110i\u1ec3m m\u00f4n h\u1ecdc\t\t\t\t\t\t\t<\/a>\r\n\t\t\t\t\t\t<\/div>\r\n\t\t\t\t\t\t\t\t\t\t\t<div class=\"col-12 col-md-6 col-lg-6 col-xl-6 col-xxl-6\">\r\n\t\t\t\t\t\t\t<a class=\"vc-link--educate position-relative d-inline-block text-uppercase\" href=\"#\">\r\n\t\t\t\t\t\t\t\t<span class=\"position-absolute d-flex align-items-center justify-content-center\">\r\n\t\t\t\t\t\t\t\t\t\t\t\t\t\t\t\t\t\t\t<img decoding=\"async\" src=\"https:\/\/www.hoasen.edu.vn\/online\/wp-content\/uploads\/sites\/56\/2024\/12\/icon-hoc-bong-2.png\" alt=\"image\">\r\n\t\t\t\t\t\t\t\t\t\t\t\t\t\t\t\t\t<\/span>\r\n\t\t\t\t\t\t\t\tH\u1ecdc b\u1ed5ng\t\t\t\t\t\t\t<\/a>\r\n\t\t\t\t\t\t<\/div>\r\n\t\t\t\t\t\t\t\t\t\t\t<div class=\"col-12 col-md-6 col-lg-6 col-xl-6 col-xxl-6\">\r\n\t\t\t\t\t\t\t<a class=\"vc-link--educate position-relative d-inline-block text-uppercase\" href=\"https:\/\/www.hoasen.edu.vn\/online\/quy-dinh-quy-che\/\">\r\n\t\t\t\t\t\t\t\t<span class=\"position-absolute d-flex align-items-center justify-content-center\">\r\n\t\t\t\t\t\t\t\t\t\t\t\t\t\t\t\t\t<\/span>\r\n\t\t\t\t\t\t\t\tQuy ch\u1ebf sinh vi\u00ean\t\t\t\t\t\t\t<\/a>\r\n\t\t\t\t\t\t<\/div>\r\n\t\t\t\t\t\t\t\t\t<\/div>\r\n\t\t\t\t\t<\/div>\r\n\t<\/div>\r\n\t\n\n\t<div class=\"vc-article--educate\">\r\n\t\t<div class=\"container\">\r\n\t\t\t\t\t\t\t<h2 class=\"vc-headline--primary position-relative\">\r\n\t\t\t\t\t<small class=\"d-block\">C\u00e2u h\u1ecfi th\u01b0\u1eddng g\u1eb7p<\/small>\t\t\t\t<\/h2>\r\n\t\t\t\r\n\t\t\t\r\n\t\t\t\t\t\t\t<div class=\"row text-center\">\r\n\t\t\t\t\t\t\t\t\t\t\t<div class=\"col-12 col-md-6 col-lg-6 col-xl-6 col-xxl-6\">\r\n\t\t\t\t\t\t\t<a class=\"vc-link--educate position-relative d-inline-block text-uppercase\" href=\"https:\/\/www.hoasen.edu.vn\/online\/cau-hoi-thuong-gap\/\">\r\n\t\t\t\t\t\t\t\t<span class=\"position-absolute d-flex align-items-center justify-content-center\">\r\n\t\t\t\t\t\t\t\t\t\t\t\t\t\t\t\t\t\t\t<img decoding=\"async\" src=\"https:\/\/www.hoasen.edu.vn\/online\/wp-content\/uploads\/sites\/56\/2024\/12\/icon-tu-van.png\" alt=\"image\">\r\n\t\t\t\t\t\t\t\t\t\t\t\t\t\t\t\t\t<\/span>\r\n\t\t\t\t\t\t\t\tC\u00e2u h\u1ecfi th\u01b0\u1eddng g\u1eb7p\t\t\t\t\t\t\t<\/a>\r\n\t\t\t\t\t\t<\/div>\r\n\t\t\t\t\t\t\t\t\t\t\t<div class=\"col-12 col-md-6 col-lg-6 col-xl-6 col-xxl-6\">\r\n\t\t\t\t\t\t\t<a class=\"vc-link--educate position-relative d-inline-block text-uppercase\" href=\"https:\/\/www.hoasen.edu.vn\/online\/lien-he\/\">\r\n\t\t\t\t\t\t\t\t<span class=\"position-absolute d-flex align-items-center justify-content-center\">\r\n\t\t\t\t\t\t\t\t\t\t\t\t\t\t\t\t\t\t\t<img decoding=\"async\" src=\"https:\/\/www.hoasen.edu.vn\/online\/wp-content\/uploads\/sites\/56\/2024\/12\/icon-lien-he.png\" alt=\"image\">\r\n\t\t\t\t\t\t\t\t\t\t\t\t\t\t\t\t\t<\/span>\r\n\t\t\t\t\t\t\t\tTh\u00f4ng tin li\u00ean h\u1ec7\t\t\t\t\t\t\t<\/a>\r\n\t\t\t\t\t\t<\/div>\r\n\t\t\t\t\t\t\t\t\t<\/div>\r\n\t\t\t\t\t<\/div>\r\n\t<\/div>\r\n\t","protected":false},"excerpt":{"rendered":"","protected":false},"author":2218,"featured_media":1998,"parent":0,"menu_order":0,"comment_status":"closed","ping_status":"closed","template":"","meta":{"footnotes":""},"class_list":["post-746","page","type-page","status-publish","has-post-thumbnail","hentry"],"acf":[],"_links":{"self":[{"href":"https:\/\/www.hoasen.edu.vn\/online\/wp-json\/wp\/v2\/pages\/746","targetHints":{"allow":["GET"]}}],"collection":[{"href":"https:\/\/www.hoasen.edu.vn\/online\/wp-json\/wp\/v2\/pages"}],"about":[{"href":"https:\/\/www.hoasen.edu.vn\/online\/wp-json\/wp\/v2\/types\/page"}],"author":[{"embeddable":true,"href":"https:\/\/www.hoasen.edu.vn\/online\/wp-json\/wp\/v2\/users\/2218"}],"replies":[{"embeddable":true,"href":"https:\/\/www.hoasen.edu.vn\/online\/wp-json\/wp\/v2\/comments?post=746"}],"version-history":[{"count":22,"href":"https:\/\/www.hoasen.edu.vn\/online\/wp-json\/wp\/v2\/pages\/746\/revisions"}],"predecessor-version":[{"id":2653,"href":"https:\/\/www.hoasen.edu.vn\/online\/wp-json\/wp\/v2\/pages\/746\/revisions\/2653"}],"wp:featuredmedia":[{"embeddable":true,"href":"https:\/\/www.hoasen.edu.vn\/online\/wp-json\/wp\/v2\/media\/1998"}],"wp:attachment":[{"href":"https:\/\/www.hoasen.edu.vn\/online\/wp-json\/wp\/v2\/media?parent=746"}],"curies":[{"name":"wp","href":"https:\/\/api.w.org\/{rel}","templated":true}]}}