{"id":1175,"date":"2024-10-29T10:30:41","date_gmt":"2024-10-29T10:30:41","guid":{"rendered":"https:\/\/www.hoasen.edu.vn\/online\/?page_id=1175"},"modified":"2026-04-06T16:42:57","modified_gmt":"2026-04-06T09:42:57","slug":"bieu-mau","status":"publish","type":"page","link":"https:\/\/www.hoasen.edu.vn\/online\/bieu-mau\/","title":{"rendered":"Bi\u1ec3u m\u1eabu"},"content":{"rendered":"\n<h2 class=\"wp-block-heading\"><strong>\u0110\u01a1n h\u1ecdc v\u1ee5 sinh vi\u00ean<\/strong><\/h2>\n\n\n\t\t<div class=\"vc-card--product\">\r\n\t\t\t\t\t\t\t<div class=\"vc-card__item h-auto d-block\">\r\n\t\t\t\t\t<div class=\"row\">\r\n\t\t\t\t\t\t<div class=\"col-12 col-md-6 col-lg-4 col-xl-4 col-xxl-4\">\r\n\t\t\t\t\t\t\t\t\t\t\t\t\t\t\t<div class=\"vc-card__avatar d-inline-block position-relative\">\r\n\t\t\t\t\t\t\t\t\t<img decoding=\"async\" class=\"position-absolute\" src=\"https:\/\/www.hoasen.edu.vn\/online\/wp-content\/uploads\/sites\/56\/2024\/10\/BIEU-MAU.png\" alt=\"\">\r\n\t\t\t\t\t\t\t\t<\/div>\r\n\t\t\t\t\t\t\t\t\t\t\t\t\t<\/div>\r\n\t\t\t\t\t\t<div class=\"col-12 col-md-6 col-lg-8 col-xl-8 col-xxl-8\">\r\n\t\t\t\t\t\t\t<div class=\"vc-card__info\">\r\n\t\t\t\t\t\t\t\t\t\t\t\t\t\t\t\t<nav class=\"vc-card__link\">\r\n\t\t\t\t\t\t\t\t\t<div class=\"row\">\r\n\t\t\t\t\t\t\t\t\t\t\t\t\t\t\t\t\t\t\t\t\t<div class=\"vc-card__col col-12 col-md-12 col-lg-6 col-xl-6 col-xxl-6\">\r\n\t\t\t\t\t\t\t\t\t\t\t\t\t\t\t\t\t\t\t\t\t\t\t\t<a href=\"https:\/\/www.hoasen.edu.vn\/online\/wp-content\/uploads\/sites\/56\/2024\/10\/BM.05-Do\u031bn-de\u0302\u0300-nghi\u0323-xa\u0301c-nha\u0323\u0302n-ti\u0300nh-tra\u0323ng-ho\u0323c-ta\u0323\u0302p.docx\" target=\"_self\">\u0110\u01a1n \u0111\u1ec1 ngh\u1ecb x\u00e1c nh\u1eadn t\u00ecnh tr\u1ea1ng h\u1ecdc t\u1eadp<\/a>\r\n\t\t\t\t\t\t\t\t\t\t\t<\/div>\r\n\t\t\t\t\t\t\t\t\t\t\t\t\t\t\t\t\t\t\t\t\t<div class=\"vc-card__col col-12 col-md-12 col-lg-6 col-xl-6 col-xxl-6\">\r\n\t\t\t\t\t\t\t\t\t\t\t\t\t\t\t\t\t\t\t\t\t\t\t\t<a href=\"https:\/\/www.hoasen.edu.vn\/online\/wp-content\/uploads\/sites\/56\/2025\/11\/BM.06.24-Don-de-nghi-mien-mon-hoc-hoc-phan-2.docx\" target=\"_self\">\u0110\u01a1n \u0111\u1ec1 ngh\u1ecb mi\u1ec5n m\u00f4n h\u1ecdc<\/a>\r\n\t\t\t\t\t\t\t\t\t\t\t<\/div>\r\n\t\t\t\t\t\t\t\t\t\t\t\t\t\t\t\t\t\t\t\t\t<div class=\"vc-card__col col-12 col-md-12 col-lg-6 col-xl-6 col-xxl-6\">\r\n\t\t\t\t\t\t\t\t\t\t\t\t\t\t\t\t\t\t\t\t\t\t\t\t<a href=\"https:\/\/www.hoasen.edu.vn\/online\/wp-content\/uploads\/sites\/56\/2025\/01\/BM.06.24-Don-de-nghi-mien-mon-hoc-hoc-phan.docx\" target=\"_self\">\u0110\u01a1n \u0111\u1ec1 ngh\u1ecb mi\u1ec5n h\u1ecdc GDTC (kh\u00f4ng c\u00f3 ch\u1ee9ng ch\u1ec9)<\/a>\r\n\t\t\t\t\t\t\t\t\t\t\t<\/div>\r\n\t\t\t\t\t\t\t\t\t\t\t\t\t\t\t\t\t\t\t\t\t<div class=\"vc-card__col col-12 col-md-12 col-lg-6 col-xl-6 col-xxl-6\">\r\n\t\t\t\t\t\t\t\t\t\t\t\t\t\t\t\t\t\t\t\t\t\t\t\t<a href=\"https:\/\/www.hoasen.edu.vn\/online\/wp-content\/uploads\/sites\/56\/2024\/10\/BM.11-Do\u031bn-de\u0302\u0300-nghi\u0323-hoa\u0303n-thi-Cuo\u0302\u0301i-ky\u0300.docx\" target=\"_self\">\u0110\u01a1n \u0111\u1ec1 ngh\u1ecb ho\u00e3n thi Cu\u1ed1i k\u1ef3<\/a>\r\n\t\t\t\t\t\t\t\t\t\t\t<\/div>\r\n\t\t\t\t\t\t\t\t\t\t\t\t\t\t\t\t\t\t\t\t\t<div class=\"vc-card__col col-12 col-md-12 col-lg-6 col-xl-6 col-xxl-6\">\r\n\t\t\t\t\t\t\t\t\t\t\t\t\t\t\t\t\t\t\t\t\t\t\t\t<a href=\"https:\/\/www.hoasen.edu.vn\/online\/wp-content\/uploads\/sites\/56\/2024\/10\/BM.12-Do\u031bn-de\u0302\u0300-nghi\u0323-hoa\u0303n-thi-ba\u0301o-ca\u0301o-TTTN-KLTN-De-an.docx\" target=\"_self\">\u0110\u01a1n \u0111\u1ec1 ngh\u1ecb ho\u00e3n thi b\u00e1o c\u00e1o TTTN, KLTN, De an<\/a>\r\n\t\t\t\t\t\t\t\t\t\t\t<\/div>\r\n\t\t\t\t\t\t\t\t\t\t\t\t\t\t\t\t\t\t\t\t\t<div class=\"vc-card__col col-12 col-md-12 col-lg-6 col-xl-6 col-xxl-6\">\r\n\t\t\t\t\t\t\t\t\t\t\t\t\t\t\t\t\t\t\t\t\t\t\t\t<a href=\"https:\/\/www.hoasen.edu.vn\/online\/wp-content\/uploads\/sites\/56\/2024\/10\/BM-Do\u031bn-de\u0302\u0300-nghi\u0323-Hu\u0309y-QD-Hoa\u0303n-thi.docx\" target=\"_self\">\u0110\u01a1n \u0111\u1ec1 ngh\u1ecb h\u1ee7y quy\u1ebft \u0111\u1ecbnh ho\u00e3n thi<\/a>\r\n\t\t\t\t\t\t\t\t\t\t\t<\/div>\r\n\t\t\t\t\t\t\t\t\t\t\t\t\t\t\t\t\t\t\t\t\t<div class=\"vc-card__col col-12 col-md-12 col-lg-6 col-xl-6 col-xxl-6\">\r\n\t\t\t\t\t\t\t\t\t\t\t\t\t\t\t\t\t\t\t\t\t\t\t\t<a href=\"https:\/\/www.hoasen.edu.vn\/online\/wp-content\/uploads\/sites\/56\/2025\/03\/BM.18-Do\u031bn-de\u0302\u0300-nghi\u0323-thi-la\u0323i-cuo\u0302\u0301i-ky\u0300.docx\" target=\"_self\">\u0110\u01a1n \u0111\u1ec1 ngh\u1ecb thi l\u1ea1i cu\u1ed1i k\u1ef3<\/a>\r\n\t\t\t\t\t\t\t\t\t\t\t<\/div>\r\n\t\t\t\t\t\t\t\t\t\t\t\t\t\t\t\t\t\t\t\t\t<div class=\"vc-card__col col-12 col-md-12 col-lg-6 col-xl-6 col-xxl-6\">\r\n\t\t\t\t\t\t\t\t\t\t\t\t\t\t\t\t\t\t\t\t\t\t\t\t<a href=\"https:\/\/www.hoasen.edu.vn\/online\/wp-content\/uploads\/sites\/56\/2024\/10\/Don-de-nghi-thoi-hoc.docx\" target=\"_self\">\u0110\u01a1n \u0111\u1ec1 ngh\u1ecb th\u00f4i h\u1ecdc <\/a>\r\n\t\t\t\t\t\t\t\t\t\t\t<\/div>\r\n\t\t\t\t\t\t\t\t\t\t\t\t\t\t\t\t\t\t\t\t\t<div class=\"vc-card__col col-12 col-md-12 col-lg-6 col-xl-6 col-xxl-6\">\r\n\t\t\t\t\t\t\t\t\t\t\t\t\t\t\t\t\t\t\t\t\t\t\t\t<a href=\"https:\/\/www.hoasen.edu.vn\/online\/wp-content\/uploads\/sites\/56\/2024\/10\/BM-Do\u031bn-de\u0302\u0300-nghi\u0323-nha\u0323\u0302p-ho\u0323c-la\u0323i.docx\" target=\"_self\">\u0110\u01a1n \u0111\u1ec1 ngh\u1ecb nh\u1eadp h\u1ecdc l\u1ea1i<\/a>\r\n\t\t\t\t\t\t\t\t\t\t\t<\/div>\r\n\t\t\t\t\t\t\t\t\t\t\t\t\t\t\t\t\t\t\t\t\t<div class=\"vc-card__col col-12 col-md-12 col-lg-6 col-xl-6 col-xxl-6\">\r\n\t\t\t\t\t\t\t\t\t\t\t\t\t\t\t\t\t\t\t\t\t\t\t\t<a href=\"https:\/\/www.hoasen.edu.vn\/online\/wp-content\/uploads\/sites\/56\/2024\/10\/BM-Don-de-nghi-tam-ngung-hoc.docx\" target=\"_self\">\u0110\u01a1n \u0111\u1ec1 ngh\u1ecb t\u1ea1m ng\u01b0ng h\u1ecdc<\/a>\r\n\t\t\t\t\t\t\t\t\t\t\t<\/div>\r\n\t\t\t\t\t\t\t\t\t\t\t\t\t\t\t\t\t\t\t\t\t<div class=\"vc-card__col col-12 col-md-12 col-lg-6 col-xl-6 col-xxl-6\">\r\n\t\t\t\t\t\t\t\t\t\t\t\t\t\t\t\t\t\t\t\t\t\t\t\t<a href=\"https:\/\/www.hoasen.edu.vn\/online\/wp-content\/uploads\/sites\/56\/2024\/10\/BM.19-Do\u031bn-de\u0302\u0300-nghi\u0323-Cha\u0302\u0301m-Phu\u0301c-kha\u0309o-die\u0302\u0309m-Cuo\u0302\u0301i-ky\u0300.docx\" target=\"_self\">\u0110\u01a1n \u0111\u1ec1 ngh\u1ecb Ch\u1ea5m Ph\u00fac kh\u1ea3o \u0111i\u1ec3m Cu\u1ed1i k\u1ef3<\/a>\r\n\t\t\t\t\t\t\t\t\t\t\t<\/div>\r\n\t\t\t\t\t\t\t\t\t\t\t\t\t\t\t\t\t\t\t\t\t<div class=\"vc-card__col col-12 col-md-12 col-lg-6 col-xl-6 col-xxl-6\">\r\n\t\t\t\t\t\t\t\t\t\t\t\t\t\t\t\t\t\t\t\t\t\t\t\t<a href=\"https:\/\/www.hoasen.edu.vn\/online\/wp-content\/uploads\/sites\/56\/2024\/10\/BM.20-Do\u031bn-de\u0302\u0300-nghi\u0323-die\u0302\u0300u-chi\u0309nh-die\u0302\u0309m.docx\" target=\"_self\">\u0110\u01a1n \u0111\u1ec1 ngh\u1ecb \u0111i\u1ec1u ch\u1ec9nh \u0111i\u1ec3m<\/a>\r\n\t\t\t\t\t\t\t\t\t\t\t<\/div>\r\n\t\t\t\t\t\t\t\t\t\t\t\t\t\t\t\t\t\t\t\t\t<div class=\"vc-card__col col-12 col-md-12 col-lg-6 col-xl-6 col-xxl-6\">\r\n\t\t\t\t\t\t\t\t\t\t\t\t\t\t\t\t\t\t\t\t\t\t\t\t<a href=\"https:\/\/www.hoasen.edu.vn\/online\/wp-content\/uploads\/sites\/56\/2024\/10\/BM.23-Do\u031bn-de\u0302\u0300-nghi\u0323-chuye\u0302\u0309n-nga\u0300nh-ho\u0323c.docx\" target=\"_self\">\u0110\u01a1n \u0111\u1ec1 ngh\u1ecb chuy\u1ec3n ng\u00e0nh h\u1ecdc<\/a>\r\n\t\t\t\t\t\t\t\t\t\t\t<\/div>\r\n\t\t\t\t\t\t\t\t\t\t\t\t\t\t\t\t\t\t\t\t\t<div class=\"vc-card__col col-12 col-md-12 col-lg-6 col-xl-6 col-xxl-6\">\r\n\t\t\t\t\t\t\t\t\t\t\t\t\t\t\t\t\t\t\t\t\t\t\t\t<a href=\"https:\/\/www.hoasen.edu.vn\/online\/wp-content\/uploads\/sites\/56\/2024\/10\/BM.31-Do\u031bn-de\u0302\u0300-nghi\u0323-ca\u0302\u0301p-De\u0302\u0300-cu\u031bo\u031bng-mo\u0302n-ho\u0323c.docx\" target=\"_self\">\u0110\u01a1n \u0111\u1ec1 ngh\u1ecb c\u1ea5p \u0110\u1ec1 c\u01b0\u01a1ng m\u00f4n h\u1ecdc<\/a>\r\n\t\t\t\t\t\t\t\t\t\t\t<\/div>\r\n\t\t\t\t\t\t\t\t\t\t\t\t\t\t\t\t\t\t\t\t\t<div class=\"vc-card__col col-12 col-md-12 col-lg-6 col-xl-6 col-xxl-6\">\r\n\t\t\t\t\t\t\t\t\t\t\t\t\t\t\t\t\t\t\t\t\t\t\t\t<a href=\"https:\/\/www.hoasen.edu.vn\/online\/wp-content\/uploads\/sites\/56\/2024\/10\/BM.32-Do\u031bn-de\u0302\u0300-nghi\u0323-die\u0302\u0300u-chi\u0309nh-tho\u0302ng-tin-ca\u0301-nha\u0302n.docx\" target=\"_self\">\u0110\u01a1n \u0111\u1ec1 ngh\u1ecb \u0111i\u1ec1u ch\u1ec9nh th\u00f4ng tin c\u00e1 nh\u00e2n<\/a>\r\n\t\t\t\t\t\t\t\t\t\t\t<\/div>\r\n\t\t\t\t\t\t\t\t\t\t\t\t\t\t\t\t\t\t\t\t\t<div class=\"vc-card__col col-12 col-md-12 col-lg-6 col-xl-6 col-xxl-6\">\r\n\t\t\t\t\t\t\t\t\t\t\t\t\t\t\t\t\t\t\t\t\t\t\t\t<a href=\"https:\/\/www.hoasen.edu.vn\/online\/wp-content\/uploads\/sites\/56\/2025\/01\/BM.33-Don-de-nghi-cap-bang-diem_0.docx\" target=\"_self\">\u0110\u01a1n \u0111\u1ec1 ngh\u1ecb c\u1ea5p b\u1ea3ng \u0111i\u1ec3m<\/a>\r\n\t\t\t\t\t\t\t\t\t\t\t<\/div>\r\n\t\t\t\t\t\t\t\t\t\t\t\t\t\t\t\t\t\t\t\t\t<div class=\"vc-card__col col-12 col-md-12 col-lg-6 col-xl-6 col-xxl-6\">\r\n\t\t\t\t\t\t\t\t\t\t\t\t\t\t\t\t\t\t\t\t\t\t\t\t<a href=\"https:\/\/www.hoasen.edu.vn\/online\/wp-content\/uploads\/sites\/56\/2024\/10\/BM.34-Do\u031bn-de\u0302\u0300-nghi\u0323-gia-ha\u0323n-tho\u031b\u0300i-gian-ho\u0323c-ta\u0323\u0302p-1.docx\" target=\"_self\">\u0110\u01a1n \u0111\u1ec1 ngh\u1ecb gia h\u1ea1n th\u1eddi gian h\u1ecdc t\u1eadp<\/a>\r\n\t\t\t\t\t\t\t\t\t\t\t<\/div>\r\n\t\t\t\t\t\t\t\t\t\t\t\t\t\t\t\t\t\t\t\t\t<div class=\"vc-card__col col-12 col-md-12 col-lg-6 col-xl-6 col-xxl-6\">\r\n\t\t\t\t\t\t\t\t\t\t\t\t\t\t\t\t\t\t\t\t\t\t\t\t<a href=\"https:\/\/www.hoasen.edu.vn\/online\/wp-content\/uploads\/sites\/56\/2024\/10\/BM.35-Do\u031bn-de\u0302\u0300-nghi\u0323-hu\u0309y-mo\u0302n-ho\u0323c.docx\" target=\"_self\">\u0110\u01a1n \u0111\u1ec1 ngh\u1ecb h\u1ee7y m\u00f4n h\u1ecdc<\/a>\r\n\t\t\t\t\t\t\t\t\t\t\t<\/div>\r\n\t\t\t\t\t\t\t\t\t\t\t\t\t\t\t\t\t\t\t\t\t<div class=\"vc-card__col col-12 col-md-12 col-lg-6 col-xl-6 col-xxl-6\">\r\n\t\t\t\t\t\t\t\t\t\t\t\t\t\t\t\t\t\t\t\t\t\t\t\t<a href=\"https:\/\/www.hoasen.edu.vn\/online\/wp-content\/uploads\/sites\/56\/2024\/10\/BM.36-Do\u031bn-de\u0302\u0300-nghi\u0323-hoa\u0303n-ho\u0323c-phi\u0301.doc\" target=\"_self\">\u0110\u01a1n \u0111\u1ec1 ngh\u1ecb ho\u00e3n h\u1ecdc ph\u00ed<\/a>\r\n\t\t\t\t\t\t\t\t\t\t\t<\/div>\r\n\t\t\t\t\t\t\t\t\t\t\t\t\t\t\t\t\t\t\t\t\t<div class=\"vc-card__col col-12 col-md-12 col-lg-6 col-xl-6 col-xxl-6\">\r\n\t\t\t\t\t\t\t\t\t\t\t\t\t\t\t\t\t\t\t\t\t\t\t\t<a href=\"https:\/\/www.hoasen.edu.vn\/online\/wp-content\/uploads\/sites\/56\/2026\/04\/BM-Do\u031bn-de\u0302\u0300-nghi\u0323-da\u0306ng-ky\u0301-mo\u0302n-ho\u0323c.docx\" target=\"_self\">\u0110\u01a1n \u0111\u1ec1 ngh\u1ecb \u0111\u0103ng k\u00fd m\u00f4n h\u1ecdc<\/a>\r\n\t\t\t\t\t\t\t\t\t\t\t<\/div>\r\n\t\t\t\t\t\t\t\t\t\t\t\t\t\t\t\t\t\t\t<\/div>\r\n\t\t\t\t\t\t\t\t<\/nav>\r\n\t\t\t\t\t\t\t<\/div>\r\n\t\t\t\t\t\t<\/div>\r\n\t\t\t\t\t<\/div>\r\n\t\t\t\t<\/div>\r\n\t\t\t\t\t<\/div>\r\n\t\t","protected":false},"excerpt":{"rendered":"<p>\u0110\u01a1n h\u1ecdc v\u1ee5 sinh vi\u00ean<\/p>\n","protected":false},"author":2218,"featured_media":1993,"parent":0,"menu_order":0,"comment_status":"closed","ping_status":"closed","template":"page-templates\/student.php","meta":{"footnotes":""},"class_list":["post-1175","page","type-page","status-publish","has-post-thumbnail","hentry"],"acf":[],"_links":{"self":[{"href":"https:\/\/www.hoasen.edu.vn\/online\/wp-json\/wp\/v2\/pages\/1175","targetHints":{"allow":["GET"]}}],"collection":[{"href":"https:\/\/www.hoasen.edu.vn\/online\/wp-json\/wp\/v2\/pages"}],"about":[{"href":"https:\/\/www.hoasen.edu.vn\/online\/wp-json\/wp\/v2\/types\/page"}],"author":[{"embeddable":true,"href":"https:\/\/www.hoasen.edu.vn\/online\/wp-json\/wp\/v2\/users\/2218"}],"replies":[{"embeddable":true,"href":"https:\/\/www.hoasen.edu.vn\/online\/wp-json\/wp\/v2\/comments?post=1175"}],"version-history":[{"count":35,"href":"https:\/\/www.hoasen.edu.vn\/online\/wp-json\/wp\/v2\/pages\/1175\/revisions"}],"predecessor-version":[{"id":5488,"href":"https:\/\/www.hoasen.edu.vn\/online\/wp-json\/wp\/v2\/pages\/1175\/revisions\/5488"}],"wp:featuredmedia":[{"embeddable":true,"href":"https:\/\/www.hoasen.edu.vn\/online\/wp-json\/wp\/v2\/media\/1993"}],"wp:attachment":[{"href":"https:\/\/www.hoasen.edu.vn\/online\/wp-json\/wp\/v2\/media?parent=1175"}],"curies":[{"name":"wp","href":"https:\/\/api.w.org\/{rel}","templated":true}]}}