{"id":1171,"date":"2024-10-29T10:20:25","date_gmt":"2024-10-29T10:20:25","guid":{"rendered":"https:\/\/www.hoasen.edu.vn\/online\/?page_id=1171"},"modified":"2026-04-13T16:01:52","modified_gmt":"2026-04-13T09:01:52","slug":"quy-dinh-quy-che","status":"publish","type":"page","link":"https:\/\/www.hoasen.edu.vn\/online\/quy-dinh-quy-che\/","title":{"rendered":"Quy \u0111\u1ecbnh &#8211; Quy ch\u1ebf"},"content":{"rendered":"\t\t<div class=\"vc-card--product\">\r\n\t\t\t\t\t\t\t<div class=\"vc-card__item h-auto d-block\">\r\n\t\t\t\t\t<div class=\"row\">\r\n\t\t\t\t\t\t<div class=\"col-12 col-md-6 col-lg-4 col-xl-4 col-xxl-4\">\r\n\t\t\t\t\t\t\t\t\t\t\t\t\t\t\t<div class=\"vc-card__avatar d-inline-block position-relative\">\r\n\t\t\t\t\t\t\t\t\t<img decoding=\"async\" class=\"position-absolute\" src=\"https:\/\/www.hoasen.edu.vn\/online\/wp-content\/uploads\/sites\/56\/2024\/10\/QUY-CHE.png\" alt=\"\">\r\n\t\t\t\t\t\t\t\t<\/div>\r\n\t\t\t\t\t\t\t\t\t\t\t\t\t<\/div>\r\n\t\t\t\t\t\t<div class=\"col-12 col-md-6 col-lg-8 col-xl-8 col-xxl-8\">\r\n\t\t\t\t\t\t\t<div class=\"vc-card__info\">\r\n\t\t\t\t\t\t\t\t\t\t\t\t\t\t\t\t\t<h4 class=\"vc-card__ttl position-relative fw-bold\">Quy ch\u1ebf<\/h4>\r\n\t\t\t\t\t\t\t\t\t\t\t\t\t\t\t\t<nav class=\"vc-card__link\">\r\n\t\t\t\t\t\t\t\t\t<div class=\"row\">\r\n\t\t\t\t\t\t\t\t\t\t\t\t\t\t\t\t\t\t\t\t\t<div class=\"vc-card__col col-12 col-md-12 col-lg-12 col-xl-12 col-xxl-12\">\r\n\t\t\t\t\t\t\t\t\t\t\t\t\t\t\t\t\t\t\t\t\t\t\t\t<a href=\"https:\/\/www.hoasen.edu.vn\/online\/wp-content\/uploads\/sites\/56\/2025\/07\/2212-Quy-che-tuyen-sinh-dai-hoc-hinh-thuc-dao-tao-truc-tuyen-tu-xa-DH-Hoa-Sen.pdf\" target=\"_blank\">Quy ch\u1ebf tuy\u1ec3n sinh Ch\u01b0\u01a1ng tr\u00ecnh \u0111\u00e0o t\u1ea1o t\u1eeb xa tr\u00ecnh \u0111\u1ed9 \u0111\u1ea1i h\u1ecdc (\u00c1p d\u1ee5ng \u0111\u1ed1i v\u1edbi sinh vi\u00ean h\u1ec7 \u0110\u00e0o t\u1ea1o t\u1eeb xa b\u1eadc \u0110\u1ea1i h\u1ecdc, Kh\u00f3a 2025 tr\u1edf v\u1ec1 sau)<\/a>\r\n\t\t\t\t\t\t\t\t\t\t\t<\/div>\r\n\t\t\t\t\t\t\t\t\t\t\t\t\t\t\t\t\t\t\t\t\t<div class=\"vc-card__col col-12 col-md-12 col-lg-12 col-xl-12 col-xxl-12\">\r\n\t\t\t\t\t\t\t\t\t\t\t\t\t\t\t\t\t\t\t\t\t\t\t\t<a href=\"https:\/\/www.hoasen.edu.vn\/online\/wp-content\/uploads\/sites\/56\/2024\/11\/2344-09102023-QUYCHETUYENSINH.pdf\" target=\"_blank\">Quy ch\u1ebf tuy\u1ec3n sinh Ch\u01b0\u01a1ng tr\u00ecnh \u0111\u00e0o t\u1ea1o t\u1eeb xa tr\u00ecnh \u0111\u1ed9 \u0111\u1ea1i h\u1ecdc (\u00c1p d\u1ee5ng \u0111\u1ed1i v\u1edbi sinh vi\u00ean h\u1ec7 \u0110\u00e0o t\u1ea1o t\u1eeb xa b\u1eadc \u0110\u1ea1i h\u1ecdc, Kh\u00f3a 2023 tr\u1edf v\u1ec1 sau)<\/a>\r\n\t\t\t\t\t\t\t\t\t\t\t<\/div>\r\n\t\t\t\t\t\t\t\t\t\t\t\t\t\t\t\t\t\t\t\t\t<div class=\"vc-card__col col-12 col-md-12 col-lg-12 col-xl-12 col-xxl-12\">\r\n\t\t\t\t\t\t\t\t\t\t\t\t\t\t\t\t\t\t\t\t\t\t\t\t<a href=\"https:\/\/www.hoasen.edu.vn\/online\/wp-content\/uploads\/sites\/56\/2026\/03\/So-3753_03.11.2025-Quy-che-DTTX-trinh-do-dai-hoc.pdf\" target=\"_self\">Quy ch\u1ebf \u0111\u00e0o t\u1ea1o t\u1eeb xa tr\u00ecnh \u0111\u1ed9 \u0111\u1ea1i h\u1ecdc (\u00c1p d\u1ee5ng \u0111\u1ed1i v\u1edbi sinh vi\u00ean h\u1ec7 \u0110\u00e0o t\u1ea1o t\u1eeb xa b\u1eadc \u0110\u1ea1i h\u1ecdc, Kh\u00f3a 2025 tr\u1edf v\u1ec1 sau)<\/a>\r\n\t\t\t\t\t\t\t\t\t\t\t<\/div>\r\n\t\t\t\t\t\t\t\t\t\t\t\t\t\t\t\t\t\t\t\t\t<div class=\"vc-card__col col-12 col-md-12 col-lg-12 col-xl-12 col-xxl-12\">\r\n\t\t\t\t\t\t\t\t\t\t\t\t\t\t\t\t\t\t\t\t\t\t\t\t<a href=\"https:\/\/www.hoasen.edu.vn\/online\/wp-content\/uploads\/sites\/56\/2024\/10\/so-539_ngay-27022024_Quy-che-dao-tao-DTTX-trinh-do-dai-hoc.pdf\" target=\"_blank\">Quy ch\u1ebf \u0111\u00e0o t\u1ea1o Ch\u01b0\u01a1ng tr\u00ecnh \u0110\u00e0o t\u1ea1o t\u1eeb xa tr\u00ecnh \u0111\u1ed9 \u0111\u1ea1i h\u1ecdc (\u00c1p d\u1ee5ng \u0111\u1ed1i v\u1edbi sinh vi\u00ean \u0110\u00e0o t\u1ea1o t\u1eeb xa b\u1eadc \u0110\u1ea1i h\u1ecdc, Kh\u00f3a 2023-HK2372 tr\u1edf v\u1ec1 sau)<\/a>\r\n\t\t\t\t\t\t\t\t\t\t\t<\/div>\r\n\t\t\t\t\t\t\t\t\t\t\t\t\t\t\t\t\t\t\t\t\t<div class=\"vc-card__col col-12 col-md-12 col-lg-12 col-xl-12 col-xxl-12\">\r\n\t\t\t\t\t\t\t\t\t\t\t\t\t\t\t\t\t\t\t\t\t\t\t\t<a href=\"https:\/\/www.hoasen.edu.vn\/online\/wp-content\/uploads\/sites\/56\/2025\/06\/QD_2654_Vv_Ban_hanh_Quy_che_nguoi_hoc-1.pdf\" target=\"_blank\">Quy ch\u1ebf ng\u01b0\u1eddi h\u1ecdc Tr\u01b0\u1eddng \u0110\u1ea1i h\u1ecdc Hoa Sen<\/a>\r\n\t\t\t\t\t\t\t\t\t\t\t<\/div>\r\n\t\t\t\t\t\t\t\t\t\t\t\t\t\t\t\t\t\t\t\t\t<div class=\"vc-card__col col-12 col-md-12 col-lg-12 col-xl-12 col-xxl-12\">\r\n\t\t\t\t\t\t\t\t\t\t\t\t\t\t\t\t\t\t\t\t\t\t\t\t<a href=\"https:\/\/www.hoasen.edu.vn\/online\/wp-content\/uploads\/sites\/56\/2024\/10\/QC_11_Quy-che-to-chuc-thi-va-Quan-ly-diem-QD-so-2415-ngay-30.11.2021-2.pdf\" target=\"_blank\">Quy ch\u1ebf t\u1ed5 ch\u1ee9c thi v\u00e0 qu\u1ea3n l\u00fd \u0111i\u1ec3m<\/a>\r\n\t\t\t\t\t\t\t\t\t\t\t<\/div>\r\n\t\t\t\t\t\t\t\t\t\t\t\t\t\t\t\t\t\t\t\t\t<div class=\"vc-card__col col-12 col-md-12 col-lg-12 col-xl-12 col-xxl-12\">\r\n\t\t\t\t\t\t\t\t\t\t\t\t\t\t\t\t\t\t\t\t\t\t\t\t<a href=\"https:\/\/www.hoasen.edu.vn\/online\/wp-content\/uploads\/sites\/56\/2024\/10\/quy_che_dttx_0.pdf\" target=\"_blank\">Quy ch\u1ebf \u0111\u00e0o t\u1ea1o Ch\u01b0\u01a1ng tr\u00ecnh \u0110\u00e0o t\u1ea1o t\u1eeb xa tr\u00ecnh \u0111\u1ed9 \u0111\u1ea1i h\u1ecdc (\u00c1p d\u1ee5ng \u0111\u1ed1i v\u1edbi sinh vi\u00ean \u0110\u00e0o t\u1ea1o t\u1eeb xa b\u1eadc \u0110\u1ea1i h\u1ecdc, Kho\u00e1 2022-HK2371 tr\u1edf v\u1ec1 tr\u01b0\u1edbc)<\/a>\r\n\t\t\t\t\t\t\t\t\t\t\t<\/div>\r\n\t\t\t\t\t\t\t\t\t\t\t\t\t\t\t\t\t\t\t\t\t<div class=\"vc-card__col col-12 col-md-12 col-lg-12 col-xl-12 col-xxl-12\">\r\n\t\t\t\t\t\t\t\t\t\t\t\t\t\t\t\t\t\t\t\t\t\t\t\t<a href=\"https:\/\/www.hoasen.edu.vn\/online\/wp-content\/uploads\/sites\/56\/2024\/10\/quy_che_tuyen_sinh_dttx.pdf\" target=\"_blank\">Quy ch\u1ebf tuy\u1ec3n sinh \u0111\u00e0o t\u1ea1o tr\u1ef1c tuy\u1ebfn tr\u00ecnh \u0111\u1ed9 \u0110\u1ea1i h\u1ecdc (\u00c1p d\u1ee5ng \u0111\u1ed1i v\u1edbi sinh vi\u00ean h\u1ec7 \u0110\u00e0o t\u1ea1o t\u1eeb xa b\u1eadc \u0110\u1ea1i h\u1ecdc, kh\u00f3a 2021 tr\u1edf v\u1ec1 tr\u01b0\u1edbc) <\/a>\r\n\t\t\t\t\t\t\t\t\t\t\t<\/div>\r\n\t\t\t\t\t\t\t\t\t\t\t\t\t\t\t\t\t\t\t<\/div>\r\n\t\t\t\t\t\t\t\t<\/nav>\r\n\t\t\t\t\t\t\t<\/div>\r\n\t\t\t\t\t\t<\/div>\r\n\t\t\t\t\t<\/div>\r\n\t\t\t\t<\/div>\r\n\t\t\t\t\t\t\t<div class=\"vc-card__item h-auto d-block\">\r\n\t\t\t\t\t<div class=\"row\">\r\n\t\t\t\t\t\t<div class=\"col-12 col-md-6 col-lg-4 col-xl-4 col-xxl-4\">\r\n\t\t\t\t\t\t\t\t\t\t\t\t\t\t\t<div class=\"vc-card__avatar d-inline-block position-relative\">\r\n\t\t\t\t\t\t\t\t\t<img decoding=\"async\" class=\"position-absolute\" src=\"https:\/\/www.hoasen.edu.vn\/online\/wp-content\/uploads\/sites\/56\/2024\/10\/QUY-DINH.png\" alt=\"\">\r\n\t\t\t\t\t\t\t\t<\/div>\r\n\t\t\t\t\t\t\t\t\t\t\t\t\t<\/div>\r\n\t\t\t\t\t\t<div class=\"col-12 col-md-6 col-lg-8 col-xl-8 col-xxl-8\">\r\n\t\t\t\t\t\t\t<div class=\"vc-card__info\">\r\n\t\t\t\t\t\t\t\t\t\t\t\t\t\t\t\t\t<h4 class=\"vc-card__ttl position-relative fw-bold\">Quy \u0111\u1ecbnh<\/h4>\r\n\t\t\t\t\t\t\t\t\t\t\t\t\t\t\t\t<nav class=\"vc-card__link\">\r\n\t\t\t\t\t\t\t\t\t<div class=\"row\">\r\n\t\t\t\t\t\t\t\t\t\t\t\t\t\t\t\t\t\t\t\t\t<div class=\"vc-card__col col-12 col-md-12 col-lg-12 col-xl-12 col-xxl-12\">\r\n\t\t\t\t\t\t\t\t\t\t\t\t\t\t\t\t\t\t\t\t\t\t\t\t<a href=\"https:\/\/www.hoasen.edu.vn\/online\/wp-content\/uploads\/sites\/56\/2025\/05\/TB-1100-16.04.25_MUC-HOC-PHI-DHTX-KHOA-2025-2026.pdf\" target=\"_blank\">Quy \u0111\u1ecbnh v\u1ec1 h\u1ecdc ph\u00ed \u0111\u1ed1i v\u1edbi ng\u00e0nh Qu\u1ea3n tr\u1ecb kinh doanh, Ng\u00f4n ng\u1eef Anh, Marketing, Lu\u1eadt kinh t\u1ebf, C\u00f4ng ngh\u1ec7 th\u00f4ng tin \u00e1p d\u1ee5ng 2025-2026<\/a>\r\n\t\t\t\t\t\t\t\t\t\t\t<\/div>\r\n\t\t\t\t\t\t\t\t\t\t\t\t\t\t\t\t\t\t\t\t\t<div class=\"vc-card__col col-12 col-md-12 col-lg-12 col-xl-12 col-xxl-12\">\r\n\t\t\t\t\t\t\t\t\t\t\t\t\t\t\t\t\t\t\t\t\t\t\t\t<a href=\"https:\/\/www.hoasen.edu.vn\/online\/wp-content\/uploads\/sites\/56\/2025\/06\/1630-QD-DHHS-QD-ve-viec-ban-hanh-CSHP-DTTX.pdf\" target=\"_blank\">Quy \u0111\u1ecbnh v\u1ec1 ch\u00ednh s\u00e1ch h\u1ecdc ph\u00ed Ch\u01b0\u01a1ng tr\u00ecnh \u0110\u00e0o t\u1ea1o Tr\u1ef1c tuy\u1ebfn (t\u1eeb xa) Tr\u01b0\u1eddng \u0110\u1ea1i h\u1ecdc Hoa Sen<\/a>\r\n\t\t\t\t\t\t\t\t\t\t\t<\/div>\r\n\t\t\t\t\t\t\t\t\t\t\t\t\t\t\t\t\t\t\t\t\t<div class=\"vc-card__col col-12 col-md-12 col-lg-12 col-xl-12 col-xxl-12\">\r\n\t\t\t\t\t\t\t\t\t\t\t\t\t\t\t\t\t\t\t\t\t\t\t\t<a href=\"https:\/\/www.hoasen.edu.vn\/online\/wp-content\/uploads\/sites\/56\/2024\/10\/TB-901_040523-DONG-HOC-PHI-DHTX-NAM-2023-2024.pdf\" target=\"_blank\">Quy \u0111\u1ecbnh v\u1ec1 h\u1ecdc ph\u00ed \u00e1p d\u1ee5ng 2023-2024<\/a>\r\n\t\t\t\t\t\t\t\t\t\t\t<\/div>\r\n\t\t\t\t\t\t\t\t\t\t\t\t\t\t\t\t\t\t\t\t\t<div class=\"vc-card__col col-12 col-md-12 col-lg-12 col-xl-12 col-xxl-12\">\r\n\t\t\t\t\t\t\t\t\t\t\t\t\t\t\t\t\t\t\t\t\t\t\t\t<a href=\"https:\/\/www.hoasen.edu.vn\/online\/wp-content\/uploads\/sites\/56\/2024\/10\/QyD-Mie\u0302\u0303n-gia\u0309m-HP-chu\u031bo\u031bng-tri\u0300nh-DTTX.pdf\" target=\"_blank\">Quy \u0111\u1ecbnh mi\u1ec5n gi\u1ea3m h\u1ecdc ph\u1ea7n Ch\u01b0\u01a1ng tr\u00ecnh \u0110\u00e0o t\u1ea1o t\u1eeb xa<\/a>\r\n\t\t\t\t\t\t\t\t\t\t\t<\/div>\r\n\t\t\t\t\t\t\t\t\t\t\t\t\t\t\t\t\t\t\t\t\t<div class=\"vc-card__col col-12 col-md-12 col-lg-12 col-xl-12 col-xxl-12\">\r\n\t\t\t\t\t\t\t\t\t\t\t\t\t\t\t\t\t\t\t\t\t\t\t\t<a href=\"https:\/\/www.hoasen.edu.vn\/online\/wp-content\/uploads\/sites\/56\/2024\/10\/QyD-hoc-NN2-nganh-NNA-DTTT-khoa-2022-tro-ve-sau.pdf\" target=\"_blank\">Quy \u0111\u1ecbnh \u0111\u00e0o t\u1ea1o Ngo\u1ea1i ng\u1eef 2 \u0111\u1ed1i v\u1edbi Ng\u00e0nh Ng\u00f4n ng\u1eef Anh (\u00c1p d\u1ee5ng \u0111\u1ed1i v\u1edbi sinh vi\u00ean h\u1ec7 \u0110\u00e0o t\u1ea1o tr\u1ef1c tuy\u1ebfn b\u1eadc \u0110\u1ea1i h\u1ecdc Kh\u00f3a 2022 tr\u1edf v\u1ec1 sau)<\/a>\r\n\t\t\t\t\t\t\t\t\t\t\t<\/div>\r\n\t\t\t\t\t\t\t\t\t\t\t\t\t\t\t\t\t\t\t\t\t<div class=\"vc-card__col col-12 col-md-12 col-lg-12 col-xl-12 col-xxl-12\">\r\n\t\t\t\t\t\t\t\t\t\t\t\t\t\t\t\t\t\t\t\t\t\t\t\t<a href=\"https:\/\/www.hoasen.edu.vn\/online\/wp-content\/uploads\/sites\/56\/2024\/10\/3196_291223_QD-Ban-hanh-Quy-dinh-dao-tao-NN2-doi-voi-nganh-NNA_Khoa-2023_Hk2372-ve-sau-CN-Web.pdf\" target=\"_blank\">Quy \u0111\u1ecbnh \u0111\u00e0o t\u1ea1o Ngo\u1ea1i ng\u1eef th\u1ee9 hai \u0111\u1ed1i v\u1edbi Ng\u00e0nh Ng\u00f4n ng\u1eef Anh (\u00c1p d\u1ee5ng \u0111\u1ed1i v\u1edbi sinh vi\u00ean \u0110\u00e0o t\u1ea1o t\u1eeb xa b\u1eadc \u0110\u1ea1i h\u1ecdc, Kh\u00f3a 2023-HK2372 tr\u1edf v\u1ec1 sau)<\/a>\r\n\t\t\t\t\t\t\t\t\t\t\t<\/div>\r\n\t\t\t\t\t\t\t\t\t\t\t\t\t\t\t\t\t\t\t\t\t<div class=\"vc-card__col col-12 col-md-12 col-lg-12 col-xl-12 col-xxl-12\">\r\n\t\t\t\t\t\t\t\t\t\t\t\t\t\t\t\t\t\t\t\t\t\t\t\t<a href=\"https:\/\/www.hoasen.edu.vn\/online\/wp-content\/uploads\/sites\/56\/2026\/04\/704_02.3.26_QyD-vv-HOC-CDR-TIENG-ANH-DOI-VOI-CAC-NGANH-KCN.pdf\" target=\"_blank\">Quy \u0111\u1ecbnh v\u1ec1 vi\u1ec7c h\u1ecdc v\u00e0 chu\u1ea9n \u0111\u1ea7u ra Ti\u1ebfng Anh \u0111\u1ed1i v\u1edbi c\u00e1c ng\u00e0nh kh\u00f4ng chuy\u00ean ng\u1eef h\u1ec7 \u0110\u1ea1i h\u1ecdc t\u1eeb xa (\u00c1p d\u1ee5ng \u0111\u1ed1i v\u1edbi sinh vi\u00ean h\u1ec7 \u0110\u1ea1i h\u1ecdc t\u1eeb xa t\u1eeb H\u1ecdc k\u1ef3 2572_N\u0103m h\u1ecdc 2025-2026 tr\u1edf v\u1ec1 sau)<\/a>\r\n\t\t\t\t\t\t\t\t\t\t\t<\/div>\r\n\t\t\t\t\t\t\t\t\t\t\t\t\t\t\t\t\t\t\t\t\t<div class=\"vc-card__col col-12 col-md-12 col-lg-12 col-xl-12 col-xxl-12\">\r\n\t\t\t\t\t\t\t\t\t\t\t\t\t\t\t\t\t\t\t\t\t\t\t\t<a href=\"https:\/\/www.hoasen.edu.vn\/online\/wp-content\/uploads\/sites\/56\/2024\/10\/CN-la\u0302\u0300n-1.14122022_2931-QD-ho\u0323c-va\u0300-chua\u0302\u0309n-da\u0302\u0300u-ra-tie\u0302\u0301ng-anh-do\u0302\u0301i-vo\u031b\u0301i-ca\u0301c-nga\u0300nh-kho\u0302ng-chuye\u0302n-ngu\u031b\u0303.pdf\" target=\"_blank\">Quy \u0111\u1ecbnh v\u1ec1 vi\u1ec7c h\u1ecdc v\u00e0 chu\u1ea9n \u0111\u1ea7u ra Ti\u1ebfng Anh \u0111\u1ed1i v\u1edbi c\u00e1c ng\u00e0nh kh\u00f4ng chuy\u00ean ng\u1eef (\u00e1p d\u1ee5ng \u0111\u1ed1i v\u1edbi sinh vi\u00ean kh\u00f3a 2022)<\/a>\r\n\t\t\t\t\t\t\t\t\t\t\t<\/div>\r\n\t\t\t\t\t\t\t\t\t\t\t\t\t\t\t\t\t\t\t\t\t<div class=\"vc-card__col col-12 col-md-12 col-lg-12 col-xl-12 col-xxl-12\">\r\n\t\t\t\t\t\t\t\t\t\t\t\t\t\t\t\t\t\t\t\t\t\t\t\t<a href=\"https:\/\/www.hoasen.edu.vn\/online\/wp-content\/uploads\/sites\/56\/2026\/04\/629_13.4.22_QyD-CDR-TIENG-ANH-DOI-VOI-NGANH-NNA.pdf\" target=\"_blank\">Quy \u0111\u1ecbnh chu\u1ea9n \u0111\u1ea7u ra Ti\u1ebfng Anh \u0111\u1ed1i v\u1edbi c\u00e1c ng\u00e0nh Ng\u00f4n ng\u1eef Anh (\u00c1p d\u1ee5ng \u0111\u1ed1i v\u1edbi sinh vi\u00ean h\u1ec7 \u0110\u00e0o t\u1ea1o t\u1eeb xa b\u1eadc \u0110\u1ea1i h\u1ecdc kh\u00f3a 2022 tr\u1edf v\u1ec1 sau)<\/a>\r\n\t\t\t\t\t\t\t\t\t\t\t<\/div>\r\n\t\t\t\t\t\t\t\t\t\t\t\t\t\t\t\t\t\t\t\t\t<div class=\"vc-card__col col-12 col-md-12 col-lg-12 col-xl-12 col-xxl-12\">\r\n\t\t\t\t\t\t\t\t\t\t\t\t\t\t\t\t\t\t\t\t\t\t\t\t<a href=\"https:\/\/www.hoasen.edu.vn\/online\/wp-content\/uploads\/sites\/56\/2024\/10\/Quy-dinh-thi-SV-doc-truoc-khi-du-thi.pdf\" target=\"_blank\">Quy \u0111\u1ecbnh thi, h\u01b0\u1edbng d\u1eabn x\u1eed l\u00fd vi ph\u1ea1m quy ch\u1ebf t\u1ed5 ch\u1ee9c thi v\u00e0 qu\u1ea3n l\u00fd \u0111i\u1ec3m<\/a>\r\n\t\t\t\t\t\t\t\t\t\t\t<\/div>\r\n\t\t\t\t\t\t\t\t\t\t\t\t\t\t\t\t\t\t\t\t\t<div class=\"vc-card__col col-12 col-md-12 col-lg-12 col-xl-12 col-xxl-12\">\r\n\t\t\t\t\t\t\t\t\t\t\t\t\t\t\t\t\t\t\t\t\t\t\t\t<a href=\"https:\/\/www.hoasen.edu.vn\/online\/wp-content\/uploads\/sites\/56\/2024\/10\/24.-Quy-di\u0323nh-vie\u0302\u0301t-BLDV-DTTX_0.pdf\" target=\"_blank\">Quy \u0111\u1ecbnh v\u1ec1 vi\u1ec7c Vi\u1ebft b\u00e0i lu\u1eadn \u0111\u1ea7u v\u00e0o tuy\u1ec3n sinh \u0110\u00e0o t\u1ea1o t\u1eeb xa tr\u00ecnh \u0111\u1ed9 \u0110\u1ea1i h\u1ecdc<\/a>\r\n\t\t\t\t\t\t\t\t\t\t\t<\/div>\r\n\t\t\t\t\t\t\t\t\t\t\t\t\t\t\t\t\t\t\t\t\t<div class=\"vc-card__col col-12 col-md-12 col-lg-12 col-xl-12 col-xxl-12\">\r\n\t\t\t\t\t\t\t\t\t\t\t\t\t\t\t\t\t\t\t\t\t\t\t\t<a href=\"https:\/\/www.hoasen.edu.vn\/online\/wp-content\/uploads\/sites\/56\/2024\/10\/QD_1921_Ban_hanh_Quy_dinh_LCHT-31.07.2024.pdf\" target=\"_blank\">Quy \u0111\u1ecbnh li\u00eam ch\u00ednh h\u1ecdc thu\u1eadt trong nghi\u00ean c\u1ee9u khoa h\u1ecdc h\u1ecdc t\u1eadp v\u00e0 \u0111\u00e0o t\u1ea1o tr\u00ecnh \u0111\u1ed9 \u0111\u1ea1i h\u1ecdc c\u1ee7a Tr\u01b0\u1eddng \u0110\u1ea1i h\u1ecdc Hoa Sen<\/a>\r\n\t\t\t\t\t\t\t\t\t\t\t<\/div>\r\n\t\t\t\t\t\t\t\t\t\t\t\t\t\t\t\t\t\t\t\t\t<div class=\"vc-card__col col-12 col-md-12 col-lg-12 col-xl-12 col-xxl-12\">\r\n\t\t\t\t\t\t\t\t\t\t\t\t\t\t\t\t\t\t\t\t\t\t\t\t<a href=\"https:\/\/www.hoasen.edu.vn\/online\/wp-content\/uploads\/sites\/56\/2025\/09\/QD_2628-Quy-dinh-su-dung-Thu-vien.pdf\" target=\"_blank\">Quy \u0111\u1ecbnh s\u1eed d\u1ee5ng Th\u01b0 vi\u1ec7n Tr\u01b0\u1eddng \u0110\u1ea1i h\u1ecdc Hoa Sen<\/a>\r\n\t\t\t\t\t\t\t\t\t\t\t<\/div>\r\n\t\t\t\t\t\t\t\t\t\t\t\t\t\t\t\t\t\t\t<\/div>\r\n\t\t\t\t\t\t\t\t<\/nav>\r\n\t\t\t\t\t\t\t<\/div>\r\n\t\t\t\t\t\t<\/div>\r\n\t\t\t\t\t<\/div>\r\n\t\t\t\t<\/div>\r\n\t\t\t\t\t<\/div>\r\n\t\t","protected":false},"excerpt":{"rendered":"","protected":false},"author":2218,"featured_media":1995,"parent":0,"menu_order":0,"comment_status":"closed","ping_status":"closed","template":"","meta":{"footnotes":""},"class_list":["post-1171","page","type-page","status-publish","has-post-thumbnail","hentry"],"acf":[],"_links":{"self":[{"href":"https:\/\/www.hoasen.edu.vn\/online\/wp-json\/wp\/v2\/pages\/1171","targetHints":{"allow":["GET"]}}],"collection":[{"href":"https:\/\/www.hoasen.edu.vn\/online\/wp-json\/wp\/v2\/pages"}],"about":[{"href":"https:\/\/www.hoasen.edu.vn\/online\/wp-json\/wp\/v2\/types\/page"}],"author":[{"embeddable":true,"href":"https:\/\/www.hoasen.edu.vn\/online\/wp-json\/wp\/v2\/users\/2218"}],"replies":[{"embeddable":true,"href":"https:\/\/www.hoasen.edu.vn\/online\/wp-json\/wp\/v2\/comments?post=1171"}],"version-history":[{"count":83,"href":"https:\/\/www.hoasen.edu.vn\/online\/wp-json\/wp\/v2\/pages\/1171\/revisions"}],"predecessor-version":[{"id":5505,"href":"https:\/\/www.hoasen.edu.vn\/online\/wp-json\/wp\/v2\/pages\/1171\/revisions\/5505"}],"wp:featuredmedia":[{"embeddable":true,"href":"https:\/\/www.hoasen.edu.vn\/online\/wp-json\/wp\/v2\/media\/1995"}],"wp:attachment":[{"href":"https:\/\/www.hoasen.edu.vn\/online\/wp-json\/wp\/v2\/media?parent=1171"}],"curies":[{"name":"wp","href":"https:\/\/api.w.org\/{rel}","templated":true}]}}