{"id":8839,"date":"2025-07-14T13:25:56","date_gmt":"2025-07-14T06:25:56","guid":{"rendered":"https:\/\/www.hoasen.edu.vn\/nn\/?page_id=8839"},"modified":"2025-09-24T15:56:44","modified_gmt":"2025-09-24T08:56:44","slug":"trai-nghiem-van-hoa","status":"publish","type":"page","link":"https:\/\/www.hoasen.edu.vn\/nn\/trai-nghiem-van-hoa\/","title":{"rendered":"Tr\u1ea3i nghi\u1ec7m v\u0103n h\u00f3a"},"content":{"rendered":"\n<div class=\"wp-block-columns alignfull is-not-stacked-on-mobile block-faculty inf-center is-layout-flex wp-container-core-columns-is-layout-9d6595d7 wp-block-columns-is-layout-flex\">\n<div class=\"wp-block-column is-vertically-aligned-top fy-inf-bg-left is-layout-flow wp-block-column-is-layout-flow\" style=\"flex-basis:25%\"><div class=\"wp-block-image\">\n<figure class=\"alignleft size-large\"><img decoding=\"async\" src=\"https:\/\/www.hoasen.edu.vn\/wp-content\/themes\/ru-hsu\/assets\/faculty\/img\/Group_1000004021.svg\" alt=\"\"\/><\/figure>\n<\/div><\/div>\n\n\n\n<div class=\"wp-block-column is-vertically-aligned-center fy-inf-cnt is-layout-flow wp-block-column-is-layout-flow\" style=\"flex-basis:50%\">\n<h2 class=\"wp-block-heading has-text-align-center\" style=\"font-size:32px\">Tr\u1ea3i nghi\u1ec7m v\u0103n h\u00f3a<\/h2>\n\n\n\n<div style=\"height:24px\" aria-hidden=\"true\" class=\"wp-block-spacer\"><\/div>\n\n\n\n<p class=\"has-text-align-center has-text-color has-link-color has-medium-font-size wp-elements-3e8d97b96bd1c5aca9d8fa974de3ee5b\" style=\"color:#4a5567\">T\u1ea1i Khoa Ng\u00f4n ng\u1eef \u2013 V\u0103n h\u00f3a Qu\u1ed1c t\u1ebf, c\u00e1c m\u00f4n h\u1ecdc v\u00e0 ho\u1ea1t \u0111\u1ed9ng tr\u1ea3i nghi\u1ec7m \u0111\u01b0\u1ee3c thi\u1ebft k\u1ebf g\u1eafn li\u1ec1n v\u1edbi <strong>y\u1ebfu t\u1ed1 v\u0103n h\u00f3a,<\/strong> nh\u1eb1m gi\u00fap sinh vi\u00ean kh\u00e1m ph\u00e1 th\u1ebf gi\u1edbi qua l\u0103ng k\u00ednh ng\u00f4n ng\u1eef. Thay v\u00ec ch\u1ec9 h\u1ecdc tr\u00ean gi\u1ea3ng \u0111\u01b0\u1eddng, sinh vi\u00ean s\u1ebd tham gia v\u00e0o c\u00e1c <strong>d\u1ef1 \u00e1n h\u1ecdc thu\u1eadt mang t\u00ednh tr\u1ea3i nghi\u1ec7m<\/strong> nh\u01b0: t\u1ed5 ch\u1ee9c ng\u00e0y h\u1ed9i tr\u1ea3i nghi\u1ec7m v\u0103n h\u00f3a, workshop giao l\u01b0u \u0111a ng\u00f4n ng\u1eef ho\u1eb7c c\u00e1c s\u1ef1 ki\u1ec7n v\u1edbi sinh vi\u00ean n\u01b0\u1edbc ngo\u00e0i. C\u00e1c b\u1ea1n c\u00f3 th\u1ec3 ch\u1ecdn tr\u1edf th\u00e0nh <strong>Ban t\u1ed5 ch\u1ee9c<\/strong> \u0111\u1ec3 tr\u1ef1c ti\u1ebfp v\u1eadn h\u00e0nh s\u1ef1 ki\u1ec7n, ho\u1eb7c \u0111\u00f3ng vai tr\u00f2 <strong>ng\u01b0\u1eddi tham gia<\/strong> \u0111\u1ec3 th\u1ef1c h\u00e0nh ng\u00f4n ng\u1eef, m\u1edf r\u1ed9ng ki\u1ebfn th\u1ee9c v\u0103n h\u00f3a, v\u00e0 r\u00e8n luy\u1ec7n k\u1ef9 n\u0103ng t\u1ed5 ch\u1ee9c \u2013 giao ti\u1ebfp \u2013 \u1ee9ng x\u1eed trong m\u00f4i tr\u01b0\u1eddng qu\u1ed1c t\u1ebf. <\/p>\n<\/div>\n\n\n\n<div class=\"wp-block-column is-vertically-aligned-top fy-inf-bg-right is-layout-flow wp-block-column-is-layout-flow\" style=\"flex-basis:25%\"><div class=\"wp-block-image\">\n<figure class=\"alignright size-large\"><img decoding=\"async\" src=\"https:\/\/www.hoasen.edu.vn\/wp-content\/themes\/ru-hsu\/assets\/faculty\/img\/Group_1000004020.svg\" alt=\"\"\/><\/figure>\n<\/div><\/div>\n<\/div>\n\n\n<div class=\"block-faculty projects-student\">\n                        <div class=\"project-s-card\">\n                <div class=\"project-s-content\">\n                                            <h2>\u0110\u1ec1 \u00e1n Culture Day<\/h2>\n                                                                <div class=\"project-desc\">\n                            <article class=\"text-token-text-primary w-full\" dir=\"auto\" data-testid=\"conversation-turn-2\" data-scroll-anchor=\"true\">\n<div class=\"text-base my-auto mx-auto py-5 [--thread-content-margin:--spacing(4)] @[37rem]:[--thread-content-margin:--spacing(6)] @[72rem]:[--thread-content-margin:--spacing(16)] px-(--thread-content-margin)\">\n<div class=\"[--thread-content-max-width:32rem] @[34rem]:[--thread-content-max-width:40rem] @[64rem]:[--thread-content-max-width:48rem] mx-auto flex max-w-(--thread-content-max-width) flex-1 text-base gap-4 md:gap-5 lg:gap-6 group\/turn-messages focus-visible:outline-hidden\" tabindex=\"-1\">\n<div class=\"group\/conversation-turn relative flex w-full min-w-0 flex-col agent-turn\">\n<div class=\"relative flex-col gap-1 md:gap-3\">\n<div class=\"flex max-w-full flex-col grow\">\n<div class=\"min-h-8 text-message relative flex w-full flex-col items-end gap-2 text-start break-words whitespace-normal [.text-message+&amp;]:mt-5\" dir=\"auto\" data-message-author-role=\"assistant\" data-message-id=\"e9cbf07f-3d60-452f-93c2-686cec7d9b71\" data-message-model-slug=\"gpt-4o\">\n<div class=\"flex w-full flex-col gap-1 empty:hidden first:pt-[3px]\">\n<div class=\"markdown prose dark:prose-invert w-full break-words light\">\n<p data-start=\"0\" data-end=\"641\" data-is-last-node=\"\" data-is-only-node=\"\">Culture Day l\u00e0 ng\u00e0y h\u1ed9i tr\u1ea3i nghi\u1ec7m v\u0103n h\u00f3a th\u01b0\u1eddng ni\u00ean do Khoa Ng\u00f4n ng\u1eef \u2013 V\u0103n h\u00f3a qu\u1ed1c t\u1ebf t\u1ed5 ch\u1ee9c \u2013 n\u01a1i c\u00e1c b\u1ea1n sinh vi\u00ean \u0111\u01b0\u1ee3c h\u00f2a m\u00ecnh v\u00e0o kh\u00f4ng gian \u0111a s\u1eafc m\u00e0u c\u1ee7a c\u00e1c n\u1ec1n v\u0103n h\u00f3a tr\u00ean th\u1ebf gi\u1edbi. T\u1ea1i \u0111\u00e2y, sinh vi\u00ean s\u1ebd ch\u1ee7 \u0111\u1ed9ng nghi\u00ean c\u1ee9u, x\u00e2y d\u1ef1ng \u0111\u1ec1 \u00e1n v\u00e0 tr\u1ef1c ti\u1ebfp t\u1ed5 ch\u1ee9c c\u00e1c ho\u1ea1t \u0111\u1ed9ng gi\u1edbi thi\u1ec7u v\u0103n h\u00f3a nh\u01b0: tri\u1ec3n l\u00e3m, \u1ea9m th\u1ef1c, ngh\u1ec7 thu\u1eadt bi\u1ec3u di\u1ec5n, tr\u00f2 ch\u01a1i d\u00e2n gian\u2026 t\u1eeb nhi\u1ec1u qu\u1ed1c gia. S\u1ef1 ki\u1ec7n kh\u00f4ng ch\u1ec9 gi\u00fap c\u00e1c b\u1ea1n v\u1eadn d\u1ee5ng ki\u1ebfn th\u1ee9c \u0111\u00e3 h\u1ecdc m\u00e0 c\u00f2n r\u00e8n luy\u1ec7n n\u0103ng l\u1ef1c t\u1ed5 ch\u1ee9c, t\u01b0 duy s\u00e1ng t\u1ea1o, kh\u1ea3 n\u0103ng l\u00e0m vi\u1ec7c nh\u00f3m v\u00e0 k\u1ef9 n\u0103ng giao ti\u1ebfp \u0111a v\u0103n h\u00f3a.<\/p>\n<\/div>\n<p>&nbsp;<\/p>\n<p>&nbsp;<\/p>\n<\/div>\n<\/div>\n<\/div>\n<\/div>\n<\/div>\n<\/div>\n<\/div>\n<\/article>\n                        <\/div>\n                                    <\/div>\n                <div class=\"project-s-image\">\n                                            <img decoding=\"async\" src=\"https:\/\/www.hoasen.edu.vn\/nn\/wp-content\/uploads\/sites\/16\/2025\/07\/Culture-Day.jpg\" alt=\"\u0110\u1ec1 \u00e1n Culture Day\" \/>\n                                    <\/div>\n            <\/div>\n                    <div class=\"project-s-card\">\n                <div class=\"project-s-content\">\n                                            <h2>C\u00e2u l\u1ea1c b\u1ed9 ti\u1ebfng Trung HSU<\/h2>\n                                                                <div class=\"project-desc\">\n                            <div class=\"relative flex-col gap-1 md:gap-3\">\n<div class=\"flex max-w-full flex-col grow\">\n<div class=\"min-h-8 text-message relative flex w-full flex-col items-end gap-2 text-start break-words whitespace-normal [.text-message+&amp;]:mt-5\" dir=\"auto\" data-message-author-role=\"assistant\" data-message-id=\"fd8cb8f9-8e8d-4346-8dbb-a7db5348dd3b\" data-message-model-slug=\"gpt-4o\">\n<div class=\"flex w-full flex-col gap-1 empty:hidden first:pt-[3px]\">\n<div class=\"markdown prose dark:prose-invert w-full break-words light\">\n<p data-start=\"0\" data-end=\"617\" data-is-last-node=\"\" data-is-only-node=\"\">CLB Ti\u1ebfng Trung HSU l\u00e0 s\u00e2n ch\u01a1i h\u1ecdc thu\u1eadt \u2013 v\u0103n h\u00f3a d\u00e0nh cho c\u00e1c b\u1ea1n sinh vi\u00ean y\u00eau th\u00edch ng\u00f4n ng\u1eef v\u00e0 v\u0103n h\u00f3a Trung Hoa t\u1ea1i Tr\u01b0\u1eddng \u0110\u1ea1i h\u1ecdc Hoa Sen. V\u1edbi tinh th\u1ea7n n\u0103ng \u0111\u1ed9ng v\u00e0 s\u00e1ng t\u1ea1o, CLB th\u01b0\u1eddng xuy\u00ean t\u1ed5 ch\u1ee9c c\u00e1c bu\u1ed5i giao l\u01b0u, workshop, ho\u1ea1t \u0111\u1ed9ng ngo\u1ea1i kh\u00f3a nh\u01b0: T\u1ebft \u0110oan Ng\u1ecd, v\u0103n h\u00f3a tr\u00e0 \u0111\u1ea1o, l\u00e0m qu\u1ea1t th\u1ee7y \u1ea5n s\u01a1n m\u00e0i&#8230; Kh\u00f4ng\u00a0ch\u1ec9 l\u00e0 n\u01a1i th\u1ef1c h\u00e0nh ng\u00f4n ng\u1eef, CLB c\u00f2n l\u00e0 kh\u00f4ng gian k\u1ebft n\u1ed1i, gi\u00fap sinh vi\u00ean ph\u00e1t tri\u1ec3n k\u1ef9 n\u0103ng l\u00e0m vi\u1ec7c nh\u00f3m, t\u1ef1 tin giao ti\u1ebfp v\u00e0 kh\u00e1m ph\u00e1 chi\u1ec1u s\u00e2u c\u1ee7a m\u1ed9t trong nh\u1eefng n\u1ec1n v\u0103n minh l\u00e2u \u0111\u1eddi nh\u1ea5t th\u1ebf gi\u1edbi.<\/p>\n<\/div>\n<\/div>\n<\/div>\n<\/div>\n<\/div>\n<div class=\"keyword-surfer\">\n<div class=\"flex items-center gap-[6px]\"><\/div>\n<\/div>\n                        <\/div>\n                                    <\/div>\n                <div class=\"project-s-image\">\n                                            <img decoding=\"async\" src=\"https:\/\/www.hoasen.edu.vn\/nn\/wp-content\/uploads\/sites\/16\/2025\/07\/TRU04183.jpg\" alt=\"C\u00e2u l\u1ea1c b\u1ed9 ti\u1ebfng Trung HSU\" \/>\n                                    <\/div>\n            <\/div>\n                    <div class=\"project-s-card\">\n                <div class=\"project-s-content\">\n                                            <h2>Miracle English Club <\/h2>\n                                                                <div class=\"project-desc\">\n                            <p>Miracle English Club l\u00e0 m\u1ed9t &#8220;playful club&#8221; \u0111\u00fang ngh\u0129a \u2013 n\u01a1i c\u00e1c th\u00e0nh vi\u00ean c\u00f3 th\u1ec3 h\u1ecdc, ch\u01a1i, giao ti\u1ebfp v\u00e0 n\u00e2ng cao k\u1ef9 n\u0103ng ti\u1ebfng Anh m\u1ed9t c\u00e1ch t\u1ef1 nhi\u00ean v\u00e0 th\u00fa v\u1ecb. Th\u00f4ng qua c\u00e1c ho\u1ea1t \u0111\u1ed9ng ngo\u1ea1i kh\u00f3a hay nh\u1eefng bu\u1ed5i workshop k\u1ef9 n\u0103ng, CLB t\u1ea1o ra m\u1ed9t m\u00f4i tr\u01b0\u1eddng n\u0103ng \u0111\u1ed9ng v\u00e0 g\u1ea7n g\u0169i \u0111\u1ec3 sinh vi\u00ean r\u00e8n luy\u1ec7n kh\u1ea3 n\u0103ng s\u1eed d\u1ee5ng ti\u1ebfng Anh trong \u0111\u1eddi s\u1ed1ng th\u1ef1c t\u1ebf. Kh\u00f4ng ch\u1ec9 d\u1eebng l\u1ea1i \u1edf ng\u00f4n ng\u1eef, \u0111\u00e2y c\u00f2n l\u00e0 n\u01a1i k\u1ebft n\u1ed1i nh\u1eefng b\u1ea1n tr\u1ebb y\u00eau th\u00edch kh\u00e1m ph\u00e1 v\u00e0 c\u00f9ng nhau ph\u00e1t tri\u1ec3n trong m\u00f4i tr\u01b0\u1eddng qu\u1ed1c t\u1ebf.<\/p>\n                        <\/div>\n                                    <\/div>\n                <div class=\"project-s-image\">\n                                            <img decoding=\"async\" src=\"https:\/\/www.hoasen.edu.vn\/nn\/wp-content\/uploads\/sites\/16\/2025\/07\/IMG_4780.jpg\" alt=\"Miracle English Club \" \/>\n                                    <\/div>\n            <\/div>\n            <\/div>\n\n\n\n\n<div class=\"block-faculty image-gallery-ps\">\n  <h2><\/h2>\n\n  <div class=\"gallery-ps row-1\">\n          <div class=\"main-image\">\n        <img decoding=\"async\" src=\"https:\/\/www.hoasen.edu.vn\/nn\/wp-content\/uploads\/sites\/16\/2025\/07\/MAX0977.jpg\" alt=\"\" style=\"aspect-ratio: 16 \/ 9;\">\n      <\/div>\n\n              <div class=\"gr-sub-img\">\n                      <div class=\"sub-image\">\n              <img decoding=\"async\" src=\"https:\/\/www.hoasen.edu.vn\/nn\/wp-content\/uploads\/sites\/16\/2025\/07\/TRU04178.jpg\" alt=\"\">\n            <\/div>\n                      <div class=\"sub-image\">\n              <img decoding=\"async\" src=\"https:\/\/www.hoasen.edu.vn\/nn\/wp-content\/uploads\/sites\/16\/2025\/07\/MAX2043.jpg\" alt=\"\">\n            <\/div>\n                  <\/div>\n            <\/div>\n\n      <div class=\"gallery-ps row-2\">\n              <div class=\"sub-image\">\n          <img decoding=\"async\" src=\"https:\/\/www.hoasen.edu.vn\/nn\/wp-content\/uploads\/sites\/16\/2025\/07\/MAX3642.png\" alt=\"\">\n        <\/div>\n              <div class=\"sub-image\">\n          <img decoding=\"async\" src=\"https:\/\/www.hoasen.edu.vn\/nn\/wp-content\/uploads\/sites\/16\/2025\/07\/TRU03961.jpg\" alt=\"\">\n        <\/div>\n              <div class=\"sub-image\">\n          <img decoding=\"async\" src=\"https:\/\/www.hoasen.edu.vn\/nn\/wp-content\/uploads\/sites\/16\/2025\/07\/Culture-Day-7.jpg\" alt=\"\">\n        <\/div>\n              <div class=\"sub-image\">\n          <img decoding=\"async\" src=\"https:\/\/www.hoasen.edu.vn\/nn\/wp-content\/uploads\/sites\/16\/2025\/07\/1-.png\" alt=\"\">\n        <\/div>\n              <div class=\"sub-image\">\n          <img decoding=\"async\" src=\"https:\/\/www.hoasen.edu.vn\/nn\/wp-content\/uploads\/sites\/16\/2025\/07\/miracle-english.jpg\" alt=\"\">\n        <\/div>\n              <div class=\"sub-image\">\n          <img decoding=\"async\" src=\"https:\/\/www.hoasen.edu.vn\/nn\/wp-content\/uploads\/sites\/16\/2025\/07\/hung-bien-tieng-viet-4.jpg\" alt=\"\">\n        <\/div>\n          <\/div>\n  <\/div>\n\n\n\n\n\n<div class=\"wp-block-columns alignfull are-vertically-aligned-top block-faculty fy-contact width-1200 is-layout-flex wp-container-core-columns-is-layout-9d6595d7 wp-block-columns-is-layout-flex\">\n<div class=\"wp-block-column is-vertically-aligned-top is-layout-flow wp-block-column-is-layout-flow\" style=\"flex-basis:30%\">\n<h2 class=\"wp-block-heading\" style=\"font-size:32px\">Li\u00ean h\u1ec7<\/h2>\n\n\n\n<p>C\u00e1c \u0111\u1ec1 \u00e1n &amp; c\u00e2u l\u1ea1c b\u1ed9 Khoa Ng\u00f4n ng\u1eef &#8211; V\u0103n h\u00f3a qu\u1ed1c t\u1ebf<\/p>\n<\/div>\n\n\n\n<div class=\"wp-block-column is-vertically-aligned-top is-layout-flow wp-block-column-is-layout-flow\" style=\"flex-basis:65%\" id=\"faculty-accordion\">\t\t<div id=\"block_99ee12d78f01b7a394cff583859d022b\" class=\"vc-accor\">\r\n\t\t\t\t\t\t\t<div class=\"vc-accor__item\">\r\n\t\t\t\t\t\t\t\t\t\t<input type=\"checkbox\" id=\"rdblock_99ee12d78f01b7a394cff583859d022b-1\" name=\"rd\">\r\n\t\t\t\t\t<label class=\"vc-accor__label d-block position-relative\" for=\"rdblock_99ee12d78f01b7a394cff583859d022b-1\">\r\n\t\t\t\t\t\t<span class=\"p-relative\">\u0110\u1ec1 \u00e1n Culture Day<\/span>\r\n\t\t\t\t\t\t<svg class=\"vc-icon position-absolute\"><use xlink:href=\"https:\/\/www.hoasen.edu.vn\/nn\/wp-content\/themes\/ru-hsu\/assets\/img\/icons.svg#i-arrow-down\" \/><\/svg>\r\n\t\t\t\t\t<\/label>\r\n\t\t\t\t\t<div class=\"vc-accor__content\">\r\n\t\t\t\t\t\t<p><strong>Fanpage: <\/strong><a href=\"https:\/\/www.facebook.com\/profile.php?id=100090074200319\" target=\"_blank\" rel=\"noopener\">https:\/\/www.facebook.com\/profile.php?id=100090074200319<\/a><\/p>\n<p><strong>Email:<\/strong> <a href=\"mailto:culturedayhsu@hoasen.edu.vn\">culturedayhsu@hoasen.edu.vn<\/a><\/p>\n\t\t\t\t\t<\/div>\r\n\t\t\t\t<\/div>\r\n\t\t\t\t\t\t\t<div class=\"vc-accor__item\">\r\n\t\t\t\t\t\t\t\t\t\t<input type=\"checkbox\" id=\"rdblock_99ee12d78f01b7a394cff583859d022b-2\" name=\"rd\">\r\n\t\t\t\t\t<label class=\"vc-accor__label d-block position-relative\" for=\"rdblock_99ee12d78f01b7a394cff583859d022b-2\">\r\n\t\t\t\t\t\t<span class=\"p-relative\">C\u00e2u l\u1ea1c b\u1ed9 ti\u1ebfng Trung HSU<\/span>\r\n\t\t\t\t\t\t<svg class=\"vc-icon position-absolute\"><use xlink:href=\"https:\/\/www.hoasen.edu.vn\/nn\/wp-content\/themes\/ru-hsu\/assets\/img\/icons.svg#i-arrow-down\" \/><\/svg>\r\n\t\t\t\t\t<\/label>\r\n\t\t\t\t\t<div class=\"vc-accor__content\">\r\n\t\t\t\t\t\t<p><strong>Fanpage:<\/strong> <a href=\"https:\/\/www.facebook.com\/clbtiengtrunghsu\" target=\"_blank\" rel=\"noopener\">https:\/\/www.facebook.com\/clbtiengtrunghsu<\/a><\/p>\n<p><strong>Email: <\/strong><a href=\"mailto:clbtiengtrung.hsu@gmail.com\">clbtiengtrung.hsu@gmail.com<\/a><\/p>\n<p>&nbsp;<\/p>\n\t\t\t\t\t<\/div>\r\n\t\t\t\t<\/div>\r\n\t\t\t\t\t\t\t<div class=\"vc-accor__item\">\r\n\t\t\t\t\t\t\t\t\t\t<input type=\"checkbox\" id=\"rdblock_99ee12d78f01b7a394cff583859d022b-3\" name=\"rd\">\r\n\t\t\t\t\t<label class=\"vc-accor__label d-block position-relative\" for=\"rdblock_99ee12d78f01b7a394cff583859d022b-3\">\r\n\t\t\t\t\t\t<span class=\"p-relative\">Miracle English Club <\/span>\r\n\t\t\t\t\t\t<svg class=\"vc-icon position-absolute\"><use xlink:href=\"https:\/\/www.hoasen.edu.vn\/nn\/wp-content\/themes\/ru-hsu\/assets\/img\/icons.svg#i-arrow-down\" \/><\/svg>\r\n\t\t\t\t\t<\/label>\r\n\t\t\t\t\t<div class=\"vc-accor__content\">\r\n\t\t\t\t\t\t<p><strong>Fanpage:<\/strong> <a href=\"https:\/\/www.facebook.com\/MiracleEnglishClubHSU\" target=\"_blank\" rel=\"noopener\">https:\/\/www.facebook.com\/MiracleEnglishClubHSU<\/a><\/p>\n<p><strong>Email: <\/strong><a href=\"mailto:miracleenglishclubhsu@gmail.com\">miracleenglishclubhsu@gmail.com<\/a><\/p>\n<p><strong>TikTok:<\/strong> <a href=\"https:\/\/www.tiktok.com\/@miracleenglishclub?\" target=\"_blank\" rel=\"noopener\">https:\/\/www.tiktok.com\/@miracleenglishclub?<\/a><\/p>\n\t\t\t\t\t<\/div>\r\n\t\t\t\t<\/div>\r\n\t\t\t\t\t<\/div>\r\n\t<\/div>\n<\/div>\n\n\n<p><style>\r\n.vc-contact.position-relative {\r\n    display: none;\r\n}\r\n\t.vc-banner {\r\n    display: none;\r\n}\r\n\r\n\r\n<\/style>\r\n  \r\n<br \/>\n<style>\r\n.vc-contact.position-relative {\r\n    display: none;\r\n}\r\ndiv#widFbWidget {\r\n    display: none;\r\n}\r\n.vc-footer__col.col-12.col-md-5.col-lg-5.col-xl-2.col-xxl-3 .row {\r\n    display: grid;\r\n    grid-template-columns: 50% 50%;\r\n}\r\n.row.vc-footer__row {\r\n    margin-top: 100px;\r\n}\r\nfooter#jsFooter {\r\n    position: relative;\r\n}\r\na.vc-footer__logo.d-none.d-xl-inline-block.mb-3 {\r\n    position: absolute;\r\n    top: 50px;\r\n}\r\n.row.vc-footer__row {\r\n    margin-top: 100px;\r\n    border-top: 1px solid #2564AC;\r\n    padding-top: 20px;\r\n}\r\n.vc-footer__hotline {\r\n    background: unset;\r\n    color: #fff;\r\n    font-size: 1.3rem;\r\n    margin-bottom: 10px;\r\n    padding: unset;\r\n}\r\n.vc-footer__hotline svg, .vc-footer__info svg {\r\n    display: none;\r\n}\r\n.vc-footer__hotline a {\r\n    font-size: 1.3rem;\r\n    font-weight: 100;\r\n}\r\n.vc-footer__info{\r\n    magrin-bottom: 5px\r\n}\r\n.vc-footer__col.col-12.col-md-5.col-lg-5.col-xl-2.col-xxl-3 {\r\n    width: 35%;\r\n}\r\n.vc-footer__col.col-12.col-md-9.col-lg-9.col-xl-6.col-xxl-6 {\r\n    width: 40%;\r\n}\r\n.vc-footer__col.col-12.col-md-5.col-lg-5.col-xl-2.col-xxl-3 .vc-footer__info {\r\n    width: max-content;\r\n}\r\n#faculty-accordion .vc-accor__item {\r\n    box-shadow: unset;\r\n    border-bottom: 1px solid #EFEEEF;\r\n    border-radius: unset;\r\n}\r\n#faculty-accordion .vc-accor__item input:checked+.vc-accor__label {\r\n    border: unset;\r\n    padding: unset;\r\n}\r\n\t#followHSU img {\r\n    width: 25px;\r\n}\r\n\tdiv#followHSU {\r\n    display: flex !important;\r\n\tflex-direction: column;\r\n    gap: 8px;\r\n}\r\n\tdiv#followHSU a {\r\n    color: white;\r\n    display: flex;\r\n    width: 150px;\r\n    gap: 12px;\r\n}\r\n\tnav.vc-footer__img.d-flex.flex-wrap.justify-content-between.align-items-center {\r\n    align-content: flex-start !important;\r\n}\r\n\t.vc-footer__col.col-12.col-md-7.col-lg-7.col-xl-3 {\r\n    display: flex;\r\n}\r\n\t.footet_faculty {\r\n    display: block !important;\r\n}\r\n<\/style><\/p>\n","protected":false},"excerpt":{"rendered":"<p>T\u1ea1i Khoa Ng\u00f4n ng\u1eef\u2013V\u0103n h\u00f3a Qu\u1ed1c t\u1ebf, c\u00e1c m\u00f4n h\u1ecdc v\u00e0 ho\u1ea1t \u0111\u1ed9ng tr\u1ea3i nghi\u1ec7m thi\u1ebft k\u1ebf g\u1eafn li\u1ec1n v\u1edbi v\u0103n h\u00f3a, gi\u00fap sinh vi\u00ean kh\u00e1m ph\u00e1 th\u1ebf gi\u1edbi qua l\u0103ng k\u00ednh ng\u00f4n ng\u1eef. <\/p>\n","protected":false},"author":5427,"featured_media":9334,"parent":0,"menu_order":0,"comment_status":"closed","ping_status":"closed","template":"page-templates\/home.php","meta":{"footnotes":""},"class_list":["post-8839","page","type-page","status-publish","has-post-thumbnail","hentry"],"acf":[],"_links":{"self":[{"href":"https:\/\/www.hoasen.edu.vn\/nn\/wp-json\/wp\/v2\/pages\/8839","targetHints":{"allow":["GET"]}}],"collection":[{"href":"https:\/\/www.hoasen.edu.vn\/nn\/wp-json\/wp\/v2\/pages"}],"about":[{"href":"https:\/\/www.hoasen.edu.vn\/nn\/wp-json\/wp\/v2\/types\/page"}],"author":[{"embeddable":true,"href":"https:\/\/www.hoasen.edu.vn\/nn\/wp-json\/wp\/v2\/users\/5427"}],"replies":[{"embeddable":true,"href":"https:\/\/www.hoasen.edu.vn\/nn\/wp-json\/wp\/v2\/comments?post=8839"}],"version-history":[{"count":12,"href":"https:\/\/www.hoasen.edu.vn\/nn\/wp-json\/wp\/v2\/pages\/8839\/revisions"}],"predecessor-version":[{"id":9889,"href":"https:\/\/www.hoasen.edu.vn\/nn\/wp-json\/wp\/v2\/pages\/8839\/revisions\/9889"}],"wp:featuredmedia":[{"embeddable":true,"href":"https:\/\/www.hoasen.edu.vn\/nn\/wp-json\/wp\/v2\/media\/9334"}],"wp:attachment":[{"href":"https:\/\/www.hoasen.edu.vn\/nn\/wp-json\/wp\/v2\/media?parent=8839"}],"curies":[{"name":"wp","href":"https:\/\/api.w.org\/{rel}","templated":true}]}}