{"id":8830,"date":"2025-07-14T12:02:51","date_gmt":"2025-07-14T05:02:51","guid":{"rendered":"https:\/\/www.hoasen.edu.vn\/nn\/?page_id=8830"},"modified":"2025-08-03T14:49:23","modified_gmt":"2025-08-03T07:49:23","slug":"kiem-dinh-quoc-te","status":"publish","type":"page","link":"https:\/\/www.hoasen.edu.vn\/nn\/gioi-thieu\/kiem-dinh-quoc-te\/","title":{"rendered":"Ki\u1ec3m \u0111\u1ecbnh qu\u1ed1c t\u1ebf"},"content":{"rendered":"\n<div class=\"wp-block-columns qual-veri is-layout-flex wp-container-core-columns-is-layout-9d6595d7 wp-block-columns-is-layout-flex\">\n<div class=\"wp-block-column is-layout-flow wp-block-column-is-layout-flow\">\n<div class=\"wp-block-media-text is-stacked-on-mobile\"><figure class=\"wp-block-media-text__media\"><img decoding=\"async\" src=\"https:\/\/www.hoasen.edu.vn\/ktqt\/wp-content\/uploads\/sites\/15\/2025\/05\/KIEM-DINH-ASIIN-05.jpg\" alt=\"Ki\u1ec3m \u0111\u1ecbnh qu\u1ed1c t\u1ebf ASIIN - \u0110\u1ee9c\" class=\"wp-image-7217 size-full\"\/><\/figure><div class=\"wp-block-media-text__content\">\n<h2><strong>Ki\u1ec3m \u0111\u1ecbnh ch\u1ea5t l\u01b0\u1ee3ng <span style=\"color: #ff0000;\">ASIIN<\/span><\/strong><\/h2>\n<p><span style=\"color: #4a5567;\">Ng\u00e0y 10\/04\/2025, Tr\u01b0\u1eddng \u0110\u1ea1i h\u1ecdc Hoa Sen ch\u00ednh th\u1ee9c \u0111\u1ea1t ki\u1ec3m \u0111\u1ecbnh <strong>c\u1ea5p c\u01a1 s\u1edf gi\u00e1o d\u1ee5c<\/strong> theo chu\u1ea9n ch\u1ea5t l\u01b0\u1ee3ng \u0111\u1ea1i h\u1ecdc c\u1ee7a ch\u00e2u \u00c2u &#8211; ASIIN (\u0110\u1ee9c), tr\u1edf th\u00e0nh tr\u01b0\u1eddng \u0111\u1ea1i h\u1ecdc t\u01b0 th\u1ee5c <strong>\u0111\u1ea7u ti\u00ean<\/strong> v\u00e0 l\u00e0 tr\u01b0\u1eddng th\u1ee9 2 t\u1ea1i Vi\u1ec7t Nam \u0111\u1ea1t ki\u1ec3m \u0111\u1ecbnh qu\u1ed1c t\u1ebf n\u00e0y. \u0110\u00e2y l\u00e0 b\u01b0\u1edbc ti\u1ebfn l\u1edbn trong h\u00e0nh tr\u00ecnh v\u01b0\u01a1n t\u1ea7m qu\u1ed1c t\u1ebf c\u1ee7a HSU khi <strong>\u0111\u00e1p \u1ee9ng to\u00e0n di\u1ec7n 4 ti\u00eau ch\u00ed<\/strong>: Qu\u1ea3n tr\u1ecb v\u00e0 m\u1ee5c ti\u00eau chi\u1ebfn l\u01b0\u1ee3c, ch\u01b0\u01a1ng tr\u00ecnh \u0111\u00e0o t\u1ea1o v\u00e0 h\u1ed7 tr\u1ee3 ng\u01b0\u1eddi h\u1ecdc, qu\u1ea3n tr\u1ecb ngu\u1ed3n l\u1ef1c v\u00e0 ph\u00e1t tri\u1ec3n \u0111\u1ed9i ng\u0169, t\u00ednh minh b\u1ea1ch v\u00e0 h\u1ec7 th\u1ed1ng l\u01b0u tr\u1eef v\u0103n b\u1ea3n.<\/span><\/p>\n<p><strong>L\u1ee3i th\u1ebf khi h\u1ecdc ch\u01b0\u01a1ng tr\u00ecnh \u0111\u1ea1t ki\u1ec3m \u0111\u1ecbnh<\/strong><\/p>\n<ul>\n<li><span style=\"color: #4a5567;\">Sinh vi\u00ean Hoa Sen s\u1edf h\u1eefu l\u1ee3i th\u1ebf c\u1ea1nh tranh r\u00f5 r\u1ec7t tr\u00ean th\u1ecb tr\u01b0\u1eddng lao \u0111\u1ed9ng trong n\u01b0\u1edbc v\u00e0 qu\u1ed1c t\u1ebf. N\u0103m 2024, <a href=\"https:\/\/laodong.vn\/ldt\/dao-tao\/loi-the-vuot-troi-cua-sinh-vien-khi-hoc-chuong-trinh-kiem-dinh-quoc-te-1503485.ldo\" target=\"_blank\" rel=\"noopener\"><strong>h\u01a1n 90% sinh vi\u00ean HSU c\u00f3 vi\u1ec7c l\u00e0m<\/strong><\/a> ngay khi t\u1ed1t nghi\u1ec7p, \u0111\u01b0\u1ee3c c\u00e1c doanh nghi\u1ec7p \u0111\u00e1nh gi\u00e1 cao v\u1ec1 s\u1ef1 ch\u1ee7 \u0111\u1ed9ng, chuy\u00ean m\u00f4n v\u00e0 kh\u1ea3 n\u0103ng h\u1ed9i nh\u1eadp.&nbsp;&nbsp;<\/span><\/li>\n<li><span style=\"color: #4a5567;\">Sinh vi\u00ean s\u1ebd \u0111\u01b0\u1ee3c t\u0103ng c\u01a1 h\u1ed9i <strong>nh\u1eadn h\u1ecdc b\u1ed5ng qu\u1ed1c t\u1ebf<\/strong>, <strong>chuy\u1ec3n \u0111\u1ed5i t\u00edn ch\u1ec9<\/strong> v\u00e0 tham gia c\u00e1c <strong>ch\u01b0\u01a1ng tr\u00ecnh trao \u0111\u1ed5i qu\u1ed1c t\u1ebf<\/strong> \u0111\u01b0\u1ee3c c\u00f4ng nh\u1eadn b\u1edfi c\u00e1c tr\u01b0\u1eddng t\u1ea1i ch\u00e2u \u00c2u.<\/span><\/li>\n<li><span style=\"color: #4a5567;\">Vi\u1ec7c th\u1ef1c hi\u1ec7n ki\u1ec3m \u0111\u1ecbnh ASIIN g\u00f3p ph\u1ea7n gi\u00fap HSU <strong>m\u1edf r\u1ed9ng m\u1ed1i quan h\u1ec7 h\u1ee3p t\u00e1c<\/strong> v\u1edbi c\u00e1c tr\u01b0\u1eddng \u0111\u1ea1i h\u1ecdc danh ti\u1ebfng t\u1ea1i Ch\u00e2u \u00c2u, thu h\u00fat \u0111\u1ed1i t\u00e1c, sinh vi\u00ean qu\u1ed1c t\u1ebf v\u00e0 doanh nghi\u1ec7p h\u1ee3p t\u00e1c \u0111\u00e0o t\u1ea1o &#8211; tuy\u1ec3n d\u1ee5ng.<\/span><\/li>\n<\/ul>\n<\/div><\/div>\n\n\n\n<div style=\"height:40px\" aria-hidden=\"true\" class=\"wp-block-spacer\"><\/div>\n\n\n\n<div class=\"wp-block-media-text is-stacked-on-mobile\"><figure class=\"wp-block-media-text__media\"><img loading=\"lazy\" decoding=\"async\" width=\"4168\" height=\"4456\" src=\"https:\/\/www.hoasen.edu.vn\/nn\/wp-content\/uploads\/sites\/16\/2025\/07\/KD-NEAS-05.png\" alt=\"\" class=\"wp-image-9325 size-full\"\/><\/figure><div class=\"wp-block-media-text__content\">\n<h2><strong>Ki\u1ec3m \u0111\u1ecbnh ch\u1ea5t l\u01b0\u1ee3ng <span style=\"color: #ff0000;\">NEAS<\/span><\/strong><\/h2>\n<p><span style=\"color: #4a5567;\">Li\u00ean ti\u1ebfp 3 n\u0103m, HSU l\u00e0 tr\u01b0\u1eddng \u0111\u1ea1i h\u1ecdc duy nh\u1ea5t t\u1ea1i Vi\u1ec7t Nam vinh d\u1ef1 \u0111\u1ea1t ch\u1ee9ng nh\u1eadn ch\u1ea5t l\u01b0\u1ee3ng NEAS (H\u1ec7 th\u1ed1ng \u0111\u00e1nh gi\u00e1 gi\u00e1o d\u1ee5c qu\u1ed1c gia c\u1ee7a \u00daC) cho ch\u01b0\u01a1ng tr\u00ecnh <strong>Anh v\u0103n giao ti\u1ebfp qu\u1ed1c t\u1ebf<\/strong>. \u0110\u1ec3 \u0111\u1ea1t \u0111\u01b0\u1ee3c ch\u1ee9ng nh\u1eadn danh gi\u00e1 n\u00e0y, Tr\u01b0\u1eddng \u0110\u1ea1i h\u1ecdc Hoa Sen \u0111\u00e3 tr\u1ea3i qua qu\u00e1 tr\u00ecnh \u0111\u00e1nh gi\u00e1 nghi\u00eam ng\u1eb7t k\u00e9o d\u00e0i 5 th\u00e1ng v\u1edbi 5 nh\u00f3m ti\u00eau ch\u00ed \u0111\u00e1nh gi\u00e1. Trong \u0111\u00f3, HSU \u0111\u01b0\u1ee3c ch\u1ee9ng nh\u1eadn \u0111\u1ea1t chu\u1ea9n \u1edf c\u00e1c ti\u00eau ch\u00ed v\u1ec1 Ho\u1ea1t \u0111\u1ed9ng d\u1ea1y &#8211; h\u1ecdc; M\u00f4i tr\u01b0\u1eddng h\u1ecdc t\u1eadp; Qu\u1ea3n l\u00fd \u0111\u00e0o t\u1ea1o; D\u1ecbch v\u1ee5 h\u1ed7 tr\u1ee3 sinh vi\u00ean&#8230;<\/span><\/p>\n<p><strong>L\u1ee3i th\u1ebf khi h\u1ecdc ch\u01b0\u01a1ng tr\u00ecnh \u0111\u1ea1t ki\u1ec3m \u0111\u1ecbnh<\/strong><\/p>\n<ul>\n<li><span style=\"color: #4a5567;\">Ch\u01b0\u01a1ng tr\u00ecnh \u0111\u01b0\u1ee3c chia l\u00e0m 5 c\u1ea5p \u0111\u1ed9, \u0111\u00e0o t\u1ea1o 100% ti\u1ebfng Anh bao g\u1ed3m b\u00e0i gi\u1ea3ng v\u00e0 b\u00e0i t\u1eadp cho 4 k\u1ef9 n\u0103ng nghe, n\u00f3i, \u0111\u1ecdc, vi\u1ebft, \u0111\u1ea3m b\u1ea3o sinh vi\u00ean ho\u00e0n th\u00e0nh c\u00e1c h\u1ecdc ph\u1ea7n ti\u1ebfng Anh t\u1ea1i Tr\u01b0\u1eddng v\u00e0 \u0111\u00e1p \u1ee9ng y\u00eau c\u1ea7u c\u00f4ng vi\u1ec7c.&nbsp;<\/span><\/li>\n<li><span style=\"color: #4a5567;\">Trang b\u1ecb cho sinh vi\u00ean n\u1ec1n t\u1ea3ng ki\u1ebfn th\u1ee9c v\u00e0 k\u1ef9 n\u0103ng ti\u1ebfng Anh v\u1eefng ch\u1eafc \u0111\u1ec3 b\u1ed5 tr\u1ee3 vi\u1ec7c h\u1ecdc n\u00e2ng cao, trau d\u1ed3i k\u1ef9 n\u0103ng chuy\u00ean ng\u00e0nh, t\u1ef1 tin giao ti\u1ebfp trong m\u00f4i tr\u01b0\u1eddng h\u1ecdc t\u1eadp v\u00e0 m\u00f4i tr\u01b0\u1eddng l\u00e0m vi\u1ec7c \u0111a qu\u1ed1c gia.&nbsp;<\/span><\/li>\n<li><span style=\"color: #4a5567;\">Ch\u01b0\u01a1ng tr\u00ecnh c\u00f3 c\u00e1c ho\u1ea1t \u0111\u1ed9ng ngo\u1ea1i kh\u00f3a \u0111\u01b0\u1ee3c thi\u1ebft k\u1ebf sinh \u0111\u1ed9ng, ph\u00f9 h\u1ee3p cho t\u1eebng c\u1ea5p \u0111\u1ed9 nh\u1eb1m n\u00e2ng cao k\u1ef9 n\u0103ng nghe, n\u00f3i, \u0111\u1ecdc, vi\u1ebft v\u00e0 c\u00e1c k\u1ef9 n\u0103ng m\u1ec1m c\u1ea7n thi\u1ebft cho sinh vi\u00ean.<\/span><\/li>\n<li><span style=\"color: #4a5567;\">Gi\u1ea3ng vi\u00ean th\u01b0\u1eddng xuy\u00ean tham gia c\u00e1c kh\u00f3a t\u1eadp hu\u1ea5n v\u00e0 ph\u00e1t tri\u1ec3n chuy\u00ean m\u00f4n do NEAS t\u1ed5 ch\u1ee9c, g\u00f3p ph\u1ea7n n\u00e2ng cao ch\u1ea5t l\u01b0\u1ee3ng gi\u1ea3ng d\u1ea1y.<\/span><\/li>\n<\/ul>\n<\/div><\/div>\n\n\n\n<div style=\"height:40px\" aria-hidden=\"true\" class=\"wp-block-spacer\"><\/div>\n\n\n\n<div class=\"wp-block-media-text is-stacked-on-mobile\"><figure class=\"wp-block-media-text__media\"><img loading=\"lazy\" decoding=\"async\" width=\"4168\" height=\"4456\" src=\"https:\/\/www.hoasen.edu.vn\/nn\/wp-content\/uploads\/sites\/16\/2025\/07\/YTB-1-05.png\" alt=\"\" class=\"wp-image-9328 size-full\"\/><\/figure><div class=\"wp-block-media-text__content\">\n<h2><strong>Ki\u1ec3m \u0111\u1ecbnh ch\u1ea5t l\u01b0\u1ee3ng <span style=\"color: #ff0000;\">FIBAA<\/span><\/strong><\/h2>\n<p><span style=\"color: #4a5567;\">Tr\u1ea3i qua qu\u00e1 tr\u00ecnh \u0111\u00e1nh gi\u00e1 nghi\u00eam ng\u1eb7t v\u00e0 to\u00e0n di\u1ec7n v\u1edbi <strong>h\u01a1n 50 ti\u00eau ch\u00ed<\/strong>, t\u1eadp trung v\u00e0o ch\u1ea5t l\u01b0\u1ee3ng \u0111\u00e0o t\u1ea1o, \u0111\u1ed9i ng\u0169 gi\u1ea3ng vi\u00ean, t\u00ednh \u1ee9ng d\u1ee5ng th\u1ef1c ti\u1ec5n, c\u01a1 s\u1edf v\u1eadt ch\u1ea5t v\u00e0 d\u1ecbch v\u1ee5 h\u1ed7 tr\u1ee3 sinh vi\u00ean, ch\u01b0\u01a1ng tr\u00ecnh Ng\u00f4n ng\u1eef Anh ch\u00ednh th\u1ee9c \u0111\u1ea1t ki\u1ec3m \u0111\u1ecbnh ch\u1ea5t l\u01b0\u1ee3ng gi\u00e1o d\u1ee5c FIBAA &#8211; T\u1ed5 ch\u1ee9c phi ch\u00ednh ph\u1ee7 v\u1ec1 \u0111\u1ea3m b\u1ea3o ch\u1ea5t l\u01b0\u1ee3ng gi\u00e1o d\u1ee5c c\u1ee7a Th\u1ee5y S\u1ef9. \u0110\u00e2y l\u00e0 d\u1ea5u m\u1ed1c kh\u1eb3ng \u0111\u1ecbnh cam k\u1ebft ch\u1ea5t l\u01b0\u1ee3ng qu\u1ed1c t\u1ebf c\u1ee7a ch\u01b0\u01a1ng tr\u00ecnh, m\u1edf ra c\u01a1 h\u1ed9i <strong>k\u1ebft n\u1ed1i h\u1ecdc thu\u1eadt v\u00e0 ngh\u1ec1 nghi\u1ec7p to\u00e0n c\u1ea7u<\/strong> cho th\u1ebf h\u1ec7 sinh vi\u00ean Hoa Sen.<\/span><\/p>\n<p><strong>L\u1ee3i th\u1ebf khi h\u1ecdc ch\u01b0\u01a1ng tr\u00ecnh \u0111\u1ea1t ki\u1ec3m \u0111\u1ecbnh<\/strong><\/p>\n<ul>\n<li><span style=\"font-weight: 400; color: #4a5567;\">Ch\u01b0\u01a1ng tr\u00ecnh \u0111\u00e0o t\u1ea1o tu\u00e2n th\u1ee7 b\u1ed9 ti\u00eau chu\u1ea9n ch\u1ea5t l\u01b0\u1ee3ng ch\u00e2u \u00c2u (ESG) v\u00e0 t\u01b0\u01a1ng th\u00edch v\u1edbi h\u1ec7 th\u1ed1ng chuy\u1ec3n \u0111\u1ed5i v\u00e0 t\u00edch l\u0169y t\u00edn ch\u1ec9 ch\u00e2u \u00c2u (ECTS).<\/span><\/li>\n<li style=\"font-weight: 400;\" aria-level=\"1\"><span style=\"font-weight: 400; color: #4a5567;\">Gi\u00e1o tr\u00ecnh ch\u00fa tr\u1ecdng t\u00ednh qu\u1ed1c t\u1ebf h\u00f3a, n\u1ed9i dung li\u00ean v\u0103n h\u00f3a v\u00e0 c\u00e1c y\u1ebfu t\u1ed1 to\u00e0n c\u1ea7u. \u0110\u1ed3ng th\u1eddi \u0111\u1ec1 cao t\u00ednh \u1ee9ng d\u1ee5ng th\u1ef1c ti\u1ec5n b\u1eb1ng vi\u1ec7c k\u1ebft h\u1ee3p gi\u1eefa l\u00fd thuy\u1ebft v\u00e0 th\u1ef1c h\u00e0nh, s\u1ef1 g\u1eafn k\u1ebft v\u1edbi doanh nghi\u1ec7p v\u00e0 ph\u00e1t tri\u1ec3n k\u1ef9 n\u0103ng ngh\u1ec1 nghi\u1ec7p.<\/span><\/li>\n<li style=\"font-weight: 400;\" aria-level=\"1\"><span style=\"font-weight: 400; color: #4a5567;\">V\u0103n b\u1eb1ng c\u00f3 uy t\u00edn v\u00e0 \u0111\u01b0\u1ee3c c\u00f4ng nh\u1eadn r\u1ed9ng r\u00e3i trong khu v\u1ef1c v\u00e0 qu\u1ed1c t\u1ebf, t\u1ea1o \u0111i\u1ec1u ki\u1ec7n thu\u1eadn l\u1ee3i cho c\u00e1c ho\u1ea1t \u0111\u1ed9ng h\u1ecdc t\u1eadp v\u00e0 vi\u1ec7c l\u00e0m sau n\u00e0y.<\/span><\/li>\n<li style=\"font-weight: 400;\" aria-level=\"1\"><span style=\"font-weight: 400; color: #4a5567;\">Vi\u1ec7c c\u00f4ng nh\u1eadn t\u00edn ch\u1ec9 v\u00e0 chuy\u1ec3n \u0111\u1ed5i h\u1ecdc t\u1eadp gi\u1eefa c\u00e1c tr\u01b0\u1eddng trong khu v\u1ef1c v\u00e0 qu\u1ed1c t\u1ebf d\u1ec5 d\u00e0ng, nh\u1ea5t l\u00e0 khi sinh vi\u00ean h\u1ecdc t\u1eadp \u1edf b\u1eadc cao h\u01a1n.<\/span><\/li>\n<\/ul>\n<\/div><\/div>\n\n\n\n<div style=\"height:50px\" aria-hidden=\"true\" class=\"wp-block-spacer\"><\/div>\n\n\n\n<div class=\"wp-block-media-text is-stacked-on-mobile\"><figure class=\"wp-block-media-text__media\"><img loading=\"lazy\" decoding=\"async\" width=\"4168\" height=\"4456\" src=\"https:\/\/www.hoasen.edu.vn\/nn\/wp-content\/uploads\/sites\/16\/2025\/07\/YTB-1-06.png\" alt=\"\" class=\"wp-image-9327 size-full\"\/><\/figure><div class=\"wp-block-media-text__content\">\n<h2><strong>Ki\u1ec3m \u0111\u1ecbnh ch\u1ea5t l\u01b0\u1ee3ng <span style=\"color: #ff0000;\">AUN-QA<\/span><\/strong><\/h2>\n<p><span style=\"font-weight: 400;\"><span style=\"color: #4a5567;\">T\u00ednh \u0111\u1ebfn n\u0103m 2025, HSU \u0111\u00e3 c\u00f3 <strong>12 ng\u00e0nh<\/strong> \u0111\u1ea1t ch\u1ee9ng nh\u1eadn ch\u1ea5t l\u01b0\u1ee3ng AUN-QA (b\u1ed9 ti\u00eau chu\u1ea9n \u0111\u01b0\u1ee3c ban h\u00e0nh b\u1edfi M\u1ea1ng l\u01b0\u1edbi c\u00e1c tr\u01b0\u1eddng \u0111\u1ea1i h\u1ecdc thu\u1ed9c \u0110\u00f4ng Nam \u00c1), trong \u0111\u00f3, Ng\u00f4n ng\u1eef Anh l\u00e0 ch\u01b0\u01a1ng tr\u00ecnh duy nh\u1ea5t \u0111\u1ea1t b\u1eadc C\u1eed nh\u00e2n v\u00e0 b\u1eadc Th\u1ea1c s\u0129. Ch\u01b0\u01a1ng tr\u00ecnh \u0111\u01b0\u1ee3c \u0111\u00e1nh gi\u00e1 to\u00e0n di\u1ec7n theo quy tr\u00ecnh kh\u00e9p k\u00edn t\u1eeb m\u1ee5c ti\u00eau, thi\u1ebft k\u1ebf, gi\u1ea3ng d\u1ea1y, ho\u1ea1t \u0111\u1ed9ng ki\u1ec3m tra \u0111\u1ebfn k\u1ebft qu\u1ea3 h\u1ecdc t\u1eadp.<\/span> <\/span><\/p>\n<p><strong>L\u1ee3i th\u1ebf khi h\u1ecdc ch\u01b0\u01a1ng tr\u00ecnh \u0111\u1ea1t ki\u1ec3m \u0111\u1ecbnh<\/strong><\/p>\n<ul>\n<li style=\"font-weight: 400;\" aria-level=\"1\"><span style=\"font-weight: 400; color: #4a5567;\">C\u1ea5u tr\u00fac v\u00e0 n\u1ed9i dung ch\u01b0\u01a1ng tr\u00ecnh \u0111\u00e0o t\u1ea1o \u0111\u01b0\u1ee3c r\u00e0 so\u00e1t, c\u1eadp nh\u1eadt th\u01b0\u1eddng xuy\u00ean nh\u1eb1m \u0111\u1ea3m b\u1ea3o ch\u1ea5t l\u01b0\u1ee3ng \u0111\u1ea7u ra v\u00e0 \u0111\u00e1p \u1ee9ng th\u1ecb tr\u01b0\u1eddng lao \u0111\u1ed9ng.<\/span><\/li>\n<li style=\"font-weight: 400;\" aria-level=\"1\"><span style=\"font-weight: 400; color: #4a5567;\">\u0110\u1ec1 cao chu tr\u00ecnh c\u1ea3i ti\u1ebfn li\u00ean t\u1ee5c P-D-C-A (Plan \u2013 Do \u2013 Check \u2013 Act), v\u1edbi m\u1ee5c ti\u00eau \u0111\u00e0o t\u1ea1o theo \u0111\u1ecbnh h\u01b0\u1edbng chu\u1ea9n \u0111\u1ea7u ra (Outcome-Based Education).<\/span><\/li>\n<li style=\"font-weight: 400;\" aria-level=\"1\"><span style=\"font-weight: 400; color: #4a5567;\">Sinh vi\u00ean \u0111\u01b0\u1ee3c ti\u1ebfp c\u1eadn nh\u1eefng ph\u01b0\u01a1ng ph\u00e1p h\u1ecdc t\u1eadp ti\u00ean ti\u1ebfn, ph\u00f9 h\u1ee3p v\u1edbi xu h\u01b0\u1edbng gi\u00e1o d\u1ee5c to\u00e0n c\u1ea7u, t\u1eeb \u0111\u00f3 ph\u00e1t tri\u1ec3n t\u01b0 duy v\u00e0 k\u1ef9 n\u0103ng m\u1ed9t c\u00e1ch to\u00e0n di\u1ec7n.<\/span><\/li>\n<li style=\"font-weight: 400;\" aria-level=\"1\"><span style=\"font-weight: 400; color: #4a5567;\">Sinh vi\u00ean c\u00f3 c\u01a1 h\u1ed9i \u0111\u01b0\u1ee3c ti\u1ebfp c\u1eadn v\u1edbi c\u00e1c doanh nghi\u1ec7p \u0111a qu\u1ed1c gia, n\u00e2ng cao l\u1ee3i th\u1ebf c\u1ea1nh tranh tr\u00ean th\u1ecb tr\u01b0\u1eddng lao \u0111\u1ed9ng to\u00e0n c\u1ea7u.<\/span><\/li>\n<\/ul>\n<\/div><\/div>\n\n\n\n<div style=\"height:50px\" aria-hidden=\"true\" class=\"wp-block-spacer\"><\/div>\n<\/div>\n<\/div>\n\n\n<style>\r\n.vc-contact.position-relative {\r\n    display: none;\r\n}\r\n\t.vc-banner {\r\n    display: none;\r\n}\r\n\r\n\r\n<\/style>\r\n  \r\n\n","protected":false},"excerpt":{"rendered":"<p>Khoa Ng\u00f4n ng\u1eef &#8211; V\u0103n h\u00f3a qu\u1ed1c t\u1ebf \u0111\u1ea1t 4 ki\u1ec3m \u0111\u1ecbnh qu\u1ed1c t\u1ebf: ASINN (\u0110\u1ee9c), NEAS (\u00dac), FIBAA (Th\u1ee5y S\u0129), AUN-QA (\u0110\u00f4ng Nam \u00c1), l\u00e0 minh ch\u1ee9ng cho ch\u1ea5t l\u01b0\u1ee3ng \u0111\u00e0o t\u1ea1o.<\/p>\n","protected":false},"author":5427,"featured_media":9326,"parent":8823,"menu_order":3,"comment_status":"closed","ping_status":"closed","template":"","meta":{"footnotes":""},"class_list":["post-8830","page","type-page","status-publish","has-post-thumbnail","hentry"],"acf":[],"_links":{"self":[{"href":"https:\/\/www.hoasen.edu.vn\/nn\/wp-json\/wp\/v2\/pages\/8830","targetHints":{"allow":["GET"]}}],"collection":[{"href":"https:\/\/www.hoasen.edu.vn\/nn\/wp-json\/wp\/v2\/pages"}],"about":[{"href":"https:\/\/www.hoasen.edu.vn\/nn\/wp-json\/wp\/v2\/types\/page"}],"author":[{"embeddable":true,"href":"https:\/\/www.hoasen.edu.vn\/nn\/wp-json\/wp\/v2\/users\/5427"}],"replies":[{"embeddable":true,"href":"https:\/\/www.hoasen.edu.vn\/nn\/wp-json\/wp\/v2\/comments?post=8830"}],"version-history":[{"count":9,"href":"https:\/\/www.hoasen.edu.vn\/nn\/wp-json\/wp\/v2\/pages\/8830\/revisions"}],"predecessor-version":[{"id":9440,"href":"https:\/\/www.hoasen.edu.vn\/nn\/wp-json\/wp\/v2\/pages\/8830\/revisions\/9440"}],"up":[{"embeddable":true,"href":"https:\/\/www.hoasen.edu.vn\/nn\/wp-json\/wp\/v2\/pages\/8823"}],"wp:featuredmedia":[{"embeddable":true,"href":"https:\/\/www.hoasen.edu.vn\/nn\/wp-json\/wp\/v2\/media\/9326"}],"wp:attachment":[{"href":"https:\/\/www.hoasen.edu.vn\/nn\/wp-json\/wp\/v2\/media?parent=8830"}],"curies":[{"name":"wp","href":"https:\/\/api.w.org\/{rel}","templated":true}]}}