{"id":8826,"date":"2025-07-14T10:55:07","date_gmt":"2025-07-14T03:55:07","guid":{"rendered":"https:\/\/www.hoasen.edu.vn\/nn\/?page_id=8826"},"modified":"2026-01-08T16:04:44","modified_gmt":"2026-01-08T09:04:44","slug":"tong-quan","status":"publish","type":"page","link":"https:\/\/www.hoasen.edu.vn\/nn\/gioi-thieu\/tong-quan\/","title":{"rendered":"T\u1ed5ng quan"},"content":{"rendered":"\n<div class=\"wp-block-group block-facuty\"><div class=\"wp-block-group__inner-container is-layout-constrained wp-block-group-is-layout-constrained\">\n<h2 class=\"wp-block-heading has-text-align-center fy-title-hide fy-custom-title\"><strong>Ch\u00e0o m\u1eebng b\u1ea1n \u0111\u1ebfn v\u1edbi<\/strong><\/h2>\n\n\n\n<h2 class=\"wp-block-heading has-text-align-center fy-custom-title\"><strong><strong><strong>Khoa Ng\u00f4n ng\u1eef &#8211; T\u00e2m l\u00fd<\/strong><\/strong><\/strong><\/h2>\n<\/div><\/div>\n\n\n\n<div style=\"height:20px\" aria-hidden=\"true\" class=\"wp-block-spacer\"><\/div>\n\n\n\n<div class=\"wp-block-columns block-facuty is-layout-flex wp-container-core-columns-is-layout-9d6595d7 wp-block-columns-is-layout-flex\">\n<div class=\"wp-block-column is-layout-flow wp-block-column-is-layout-flow\" style=\"flex-basis:70px\"><\/div>\n\n\n\n<div class=\"wp-block-column is-layout-flow wp-block-column-is-layout-flow\">\n<figure class=\"wp-block-image size-full\"><img loading=\"lazy\" decoding=\"async\" width=\"5821\" height=\"2987\" src=\"https:\/\/www.hoasen.edu.vn\/nn\/wp-content\/uploads\/sites\/16\/2025\/07\/TRU04178.jpg\" alt=\"\" class=\"wp-image-8937\"\/><\/figure>\n\n\n\n<div style=\"height:10px\" aria-hidden=\"true\" class=\"wp-block-spacer\"><\/div>\n\n\n\n<p style=\"font-size:18px\">S\u1edf h\u1eefu h\u1ec7 sinh th\u00e1i gi\u00e1o d\u1ee5c theo <strong>ti\u00eau chu\u1ea9n to\u00e0n c\u1ea7u<\/strong>, v\u1edbi c\u00e1c ch\u01b0\u01a1ng tr\u00ecnh \u0111\u00e0o t\u1ea1o \u0111\u1ea1t ki\u1ec3m \u0111\u1ecbnh ch\u1ea5t l\u01b0\u1ee3ng ASIIN (\u0110\u1ee9c), NEAS (\u00dac), FIBAA (Th\u1ee5y S\u0129), AUN-QA (\u0110\u00f4ng Nam \u00c1), Khoa Ng\u00f4n ng\u1eef &#8211; T\u00e2m l\u00fd l\u00e0 n\u01a1i \u0111\u00e0o t\u1ea1o c\u00e1c th\u1ebf h\u1ec7 sinh vi\u00ean c\u00f3 t\u01b0 duy to\u00e0n c\u1ea7u v\u00e0 th\u00edch \u1ee9ng linh ho\u1ea1t trong m\u00f4i tr\u01b0\u1eddng l\u00e0m vi\u1ec7c \u0111a v\u0103n h\u00f3a. T\u1eeb m\u00f4 h\u00ecnh \u0111\u00e0o t\u1ea1o ng\u00f4n ng\u1eef truy\u1ec1n th\u1ed1ng thi\u00ean v\u1ec1 h\u1ecdc thu\u1eadt, ch\u00fang t\u00f4i thi\u1ebft k\u1ebf ch\u01b0\u01a1ng tr\u00ecnh t\u00edch h\u1ee3p gi\u1eefa <strong>ng\u00f4n ng\u1eef<\/strong>, <strong>v\u0103n h\u00f3a<\/strong>, <strong>t\u01b0 duy ph\u1ea3n bi\u1ec7n<\/strong> v\u00e0 <strong>tr\u1ea3i nghi\u1ec7m th\u1ef1c ti\u1ec5n<\/strong> &#8211; nh\u1eb1m ki\u1ebfn t\u1ea1o m\u1ed9t l\u1ed9 tr\u00ecnh h\u1ecdc t\u1eadp to\u00e0n di\u1ec7n d\u00e0nh cho sinh vi\u00ean trong b\u1ed1i c\u1ea3nh th\u1ecb tr\u01b0\u1eddng li\u00ean t\u1ee5c thay \u0111\u1ed5i.<\/p>\n\n\n\n<div style=\"height:10px\" aria-hidden=\"true\" class=\"wp-block-spacer\"><\/div>\n\n\n\n<figure class=\"wp-block-image size-full\"><img loading=\"lazy\" decoding=\"async\" width=\"2048\" height=\"1152\" src=\"https:\/\/www.hoasen.edu.vn\/nn\/wp-content\/uploads\/sites\/16\/2025\/07\/CULTURE-DAY.jpg\" alt=\"\" class=\"wp-image-8953\"\/><\/figure>\n\n\n\n<div style=\"height:10px\" aria-hidden=\"true\" class=\"wp-block-spacer\"><\/div>\n\n\n\n<p style=\"font-size:18px\">Khoa Ng\u00f4n ng\u1eef &#8211; T\u00e2m l\u00fd hi\u1ec7n \u0111\u00e0o t\u1ea1o 3 ng\u00e0nh h\u1ecdc g\u1ed3m: Ng\u00f4n ng\u1eef Anh (v\u1edbi hai chuy\u00ean ng\u00e0nh l\u00e0 Gi\u1ea3ng d\u1ea1y ti\u1ebfng Anh v\u00e0 Ti\u1ebfng Anh Th\u01b0\u01a1ng m\u1ea1i); Ng\u00f4n ng\u1eef Trung Qu\u1ed1c; Ng\u00f4n ng\u1eef H\u00e0n Qu\u1ed1c.<\/p>\n\n\n\n<p style=\"font-size:18px\">M\u1ed7i m\u00f4n h\u1ecdc kh\u00f4ng ch\u1ec9 cung c\u1ea5p ki\u1ebfn th\u1ee9c chuy\u00ean m\u00f4n m\u00e0 c\u00f2n l\u1ed3ng gh\u00e9p c\u00e1c <strong>ho\u1ea1t \u0111\u1ed9ng tr\u1ea3i nghi\u1ec7m v\u0103n h\u00f3a c\u00e1c n\u01b0\u1edbc<\/strong> ngay trong l\u1edbp h\u1ecdc ho\u1eb7c th\u00f4ng qua t\u1ed5 ch\u1ee9c workshop, cu\u1ed9c thi h\u1ecdc thu\u1eadt hay tr\u1edf th\u00e0nh nh\u1eefng \u201ctour guide\u201d h\u01b0\u1edbng d\u1eabn kh\u00e1ch du l\u1ecbch\u2026 S\u1ef1 k\u1ebft h\u1ee3p ch\u1eb7t ch\u1ebd n\u00e0y kh\u00f4ng ch\u1ec9 gi\u00fap sinh vi\u00ean hi\u1ec3u s\u00e2u h\u01a1n v\u1ec1 <strong>ng\u1eef c\u1ea3nh s\u1eed d\u1ee5ng ng\u00f4n ng\u1eef<\/strong>, m\u00e0 c\u00f2n l\u00e0 c\u01a1 h\u1ed9i \u0111\u1ec3 c\u00e1c b\u1ea1n ph\u00e1t tri\u1ec3n n\u0103ng l\u1ef1c ph\u1ea3n bi\u1ec7n, giao ti\u1ebfp \u0111a v\u0103n h\u00f3a v\u00e0 h\u00ecnh th\u00e0nh n\u1ec1n t\u1ea3ng h\u1ecdc t\u1eadp su\u1ed1t \u0111\u1eddi.<\/p>\n\n\n\n<div style=\"height:10px\" aria-hidden=\"true\" class=\"wp-block-spacer\"><\/div>\n\n\n\n<div class=\"wp-block-columns is-layout-flex wp-container-core-columns-is-layout-9d6595d7 wp-block-columns-is-layout-flex\">\n<div class=\"wp-block-column is-layout-flow wp-block-column-is-layout-flow\">\n<figure class=\"wp-block-image size-full\"><img loading=\"lazy\" decoding=\"async\" width=\"1861\" height=\"1047\" src=\"https:\/\/www.hoasen.edu.vn\/nn\/wp-content\/uploads\/sites\/16\/2025\/07\/NNT.jpg\" alt=\"\" class=\"wp-image-8946\"\/><\/figure>\n<\/div>\n\n\n\n<div class=\"wp-block-column is-layout-flow wp-block-column-is-layout-flow\">\n<figure class=\"wp-block-image size-full\"><img loading=\"lazy\" decoding=\"async\" width=\"5772\" height=\"3247\" src=\"https:\/\/www.hoasen.edu.vn\/nn\/wp-content\/uploads\/sites\/16\/2025\/07\/TRU04101.jpg\" alt=\"\" class=\"wp-image-8945\"\/><\/figure>\n<\/div>\n<\/div>\n\n\n\n<p style=\"font-size:18px\">Song song v\u1edbi ng\u00f4n ng\u1eef ch\u00ednh, sinh vi\u00ean t\u1ea1i Khoa \u0111\u01b0\u1ee3c trang b\u1ecb th\u00eam m\u1ed9t <strong>ng\u00f4n ng\u1eef th\u1ee9 hai<\/strong> \u2013 l\u1ee3i th\u1ebf c\u1ea1nh tranh gi\u00fap c\u00e1c b\u1ea1n d\u1ec5 d\u00e0ng th\u00edch nghi v\u00e0 t\u1ea1o d\u1ea5u \u1ea5n trong m\u00f4i tr\u01b0\u1eddng doanh nghi\u1ec7p qu\u1ed1c t\u1ebf: ti\u1ebfng Ph\u00e1p, ti\u1ebfng Trung Qu\u1ed1c, ti\u1ebfng Nh\u1eadt, ti\u1ebfng H\u00e0n Qu\u1ed1c.<\/p>\n\n\n\n<p style=\"font-size:18px\">\u0110\u1eb7c bi\u1ec7t, ng\u00e0nh Ng\u00f4n ng\u1eef Trung Qu\u1ed1c tri\u1ec3n khai m\u00f4 h\u00ecnh \u0111\u00e0o t\u1ea1o <strong>4+[2+2] <\/strong>cho ph\u00e9p sinh vi\u00ean h\u1ecdc b\u1ed1n n\u0103m t\u1ea1i Vi\u1ec7t Nam v\u00e0 ti\u1ebfp t\u1ee5c hai n\u0103m t\u1ea1i c\u00e1c tr\u01b0\u1eddng \u0111\u1ea1i h\u1ecdc \u0111\u1ed1i t\u00e1c t\u1ea1i \u0110\u00e0i Loan \u0111\u1ec3 <strong>nh\u1eadn b\u1eb1ng c\u1eed nh\u00e2n th\u1ee9 hai<\/strong>, ho\u00e0n to\u00e0n mi\u1ec5n h\u1ecdc ph\u00ed. Trong su\u1ed1t qu\u00e1 tr\u00ecnh h\u1ecdc, sinh vi\u00ean c\u00f2n \u0111\u01b0\u1ee3c k\u1ebft n\u1ed1i ch\u1eb7t ch\u1ebd v\u1edbi m\u1ea1ng l\u01b0\u1edbi doanh nghi\u1ec7p v\u00e0 t\u1ed5 ch\u1ee9c gi\u00e1o d\u1ee5c qu\u1ed1c t\u1ebf th\u00f4ng qua c\u00e1c d\u1ef1 \u00e1n h\u1ee3p t\u00e1c, ch\u01b0\u01a1ng tr\u00ecnh th\u1ef1c t\u1eadp chuy\u00ean s\u00e2u v\u00e0 ho\u1ea1t \u0111\u1ed9ng ngo\u1ea1i kh\u00f3a mang t\u00ednh tr\u1ea3i nghi\u1ec7m cao.<\/p>\n\n\n\n<div style=\"height:10px\" aria-hidden=\"true\" class=\"wp-block-spacer\"><\/div>\n\n\n\n<figure class=\"wp-block-image size-full\"><img loading=\"lazy\" decoding=\"async\" width=\"1867\" height=\"1152\" src=\"https:\/\/www.hoasen.edu.vn\/nn\/wp-content\/uploads\/sites\/16\/2025\/07\/Ngon-ngu-Trung-Quoc-HSU.jpg\" alt=\"\" class=\"wp-image-8948\"\/><\/figure>\n\n\n\n<div style=\"height:10px\" aria-hidden=\"true\" class=\"wp-block-spacer\"><\/div>\n\n\n\n<p style=\"font-size:18px\">Ch\u00ednh h\u1ec7 sinh th\u00e1i \u0111\u00e0o t\u1ea1o to\u00e0n di\u1ec7n n\u00e0y \u0111\u00e3 g\u00f3p ph\u1ea7n \u0111\u1ecbnh h\u00ecnh m\u1ed9t th\u1ebf h\u1ec7 c\u00f4ng d\u00e2n ng\u00f4n ng\u1eef b\u1ea3n l\u0129nh \u2013 c\u00f3 kh\u1ea3 n\u0103ng l\u00e0m vi\u1ec7c hi\u1ec7u qu\u1ea3 trong m\u00f4i tr\u01b0\u1eddng \u0111a qu\u1ed1c gia, \u0111\u1ed3ng th\u1eddi tr\u1edf th\u00e0nh c\u1ea7u n\u1ed1i v\u0103n h\u00f3a, g\u00f3p ph\u1ea7n lan t\u1ecfa b\u1ea3n s\u1eafc Vi\u1ec7t Nam ra th\u1ebf gi\u1edbi.<\/p>\n<\/div>\n\n\n\n<div class=\"wp-block-column is-layout-flow wp-block-column-is-layout-flow\" style=\"flex-basis:70px\"><\/div>\n<\/div>\n\n\n\n<p><\/p>\n","protected":false},"excerpt":{"rendered":"<p>Ch\u00e0o m\u1eebng b\u1ea1n \u0111\u1ebfn v\u1edbi Khoa Ng\u00f4n ng\u1eef &#8211; T\u00e2m l\u00fd S\u1edf h\u1eefu h\u1ec7 sinh th\u00e1i gi\u00e1o d\u1ee5c theo ti\u00eau chu\u1ea9n to\u00e0n c\u1ea7u, v\u1edbi c\u00e1c ch\u01b0\u01a1ng tr\u00ecnh \u0111\u00e0o t\u1ea1o \u0111\u1ea1t ki\u1ec3m \u0111\u1ecbnh ch\u1ea5t l\u01b0\u1ee3ng ASIIN (\u0110\u1ee9c), NEAS (\u00dac), FIBAA (Th\u1ee5y S\u0129), AUN-QA (\u0110\u00f4ng Nam \u00c1), Khoa Ng\u00f4n ng\u1eef &#8211; T\u00e2m l\u00fd l\u00e0 n\u01a1i \u0111\u00e0o t\u1ea1o c\u00e1c th\u1ebf h\u1ec7 sinh vi\u00ean c\u00f3 t\u01b0 duy to\u00e0n c\u1ea7u v\u00e0 th\u00edch \u1ee9ng linh ho\u1ea1t trong m\u00f4i tr\u01b0\u1eddng l\u00e0m vi\u1ec7c \u0111a v\u0103n h\u00f3a. T\u1eeb m\u00f4 h\u00ecnh \u0111\u00e0o t\u1ea1o ng\u00f4n ng\u1eef truy\u1ec1n th\u1ed1ng thi\u00ean v\u1ec1 h\u1ecdc thu\u1eadt, ch\u00fang t\u00f4i thi\u1ebft k\u1ebf ch\u01b0\u01a1ng tr\u00ecnh t\u00edch h\u1ee3p gi\u1eefa&#8230;<\/p>\n","protected":false},"author":5427,"featured_media":8937,"parent":8823,"menu_order":1,"comment_status":"closed","ping_status":"closed","template":"","meta":{"footnotes":""},"class_list":["post-8826","page","type-page","status-publish","has-post-thumbnail","hentry"],"acf":[],"_links":{"self":[{"href":"https:\/\/www.hoasen.edu.vn\/nn\/wp-json\/wp\/v2\/pages\/8826","targetHints":{"allow":["GET"]}}],"collection":[{"href":"https:\/\/www.hoasen.edu.vn\/nn\/wp-json\/wp\/v2\/pages"}],"about":[{"href":"https:\/\/www.hoasen.edu.vn\/nn\/wp-json\/wp\/v2\/types\/page"}],"author":[{"embeddable":true,"href":"https:\/\/www.hoasen.edu.vn\/nn\/wp-json\/wp\/v2\/users\/5427"}],"replies":[{"embeddable":true,"href":"https:\/\/www.hoasen.edu.vn\/nn\/wp-json\/wp\/v2\/comments?post=8826"}],"version-history":[{"count":19,"href":"https:\/\/www.hoasen.edu.vn\/nn\/wp-json\/wp\/v2\/pages\/8826\/revisions"}],"predecessor-version":[{"id":10080,"href":"https:\/\/www.hoasen.edu.vn\/nn\/wp-json\/wp\/v2\/pages\/8826\/revisions\/10080"}],"up":[{"embeddable":true,"href":"https:\/\/www.hoasen.edu.vn\/nn\/wp-json\/wp\/v2\/pages\/8823"}],"wp:featuredmedia":[{"embeddable":true,"href":"https:\/\/www.hoasen.edu.vn\/nn\/wp-json\/wp\/v2\/media\/8937"}],"wp:attachment":[{"href":"https:\/\/www.hoasen.edu.vn\/nn\/wp-json\/wp\/v2\/media?parent=8826"}],"curies":[{"name":"wp","href":"https:\/\/api.w.org\/{rel}","templated":true}]}}