{"id":2363,"date":"2025-08-28T15:13:20","date_gmt":"2025-08-28T08:13:20","guid":{"rendered":"https:\/\/www.hoasen.edu.vn\/mktt\/?page_id=2363"},"modified":"2025-09-18T11:32:07","modified_gmt":"2025-09-18T04:32:07","slug":"overview","status":"publish","type":"page","link":"https:\/\/www.hoasen.edu.vn\/mktt\/en\/about-us-2\/overview\/","title":{"rendered":"Overview"},"content":{"rendered":"\n<div class=\"wp-block-group block-facuty\"><div class=\"wp-block-group__inner-container is-layout-constrained wp-block-group-is-layout-constrained\">\n<h2 class=\"wp-block-heading has-text-align-center fy-title-hide fy-custom-title\">Welcome to<\/h2>\n\n\n\n<h2 class=\"wp-block-heading has-text-align-center fy-custom-title\">Faculty of Marketing &#8211; Communications<\/h2>\n<\/div><\/div>\n\n\n\n<div style=\"height:20px\" aria-hidden=\"true\" class=\"wp-block-spacer\"><\/div>\n\n\n\n<div class=\"wp-block-columns block-facuty is-layout-flex wp-container-core-columns-is-layout-9d6595d7 wp-block-columns-is-layout-flex\">\n<div class=\"wp-block-column is-layout-flow wp-block-column-is-layout-flow\" style=\"flex-basis:70px\"><\/div>\n\n\n\n<div class=\"wp-block-column is-layout-flow wp-block-column-is-layout-flow\">\n<figure class=\"wp-block-image size-full\"><img loading=\"lazy\" decoding=\"async\" width=\"2048\" height=\"1170\" src=\"https:\/\/www.hoasen.edu.vn\/mktt\/wp-content\/uploads\/sites\/58\/2025\/08\/tvcreate-2025-1.jpg\" alt=\"Ch\u1ee7 \u0111\u1ec1 \u201cThe Echoes of Legacy \u2013 Vang \u00e2m di s\u1ea3n\u201d m\u1edf ra h\u00e0nh tr\u00ecnh Gen Z kh\u00e1m ph\u00e1 v\u00e0 lan t\u1ecfa gi\u00e1 tr\u1ecb di s\u1ea3n v\u0103n h\u00f3a\" class=\"wp-image-1924\"\/><\/figure>\n\n\n\n<div style=\"height:10px\" aria-hidden=\"true\" class=\"wp-block-spacer\"><\/div>\n\n\n\n<p style=\"font-size:18px\">According to the e\u2011Conomy SEA 2024 report, Viet Nam was <strong>the fastest-growing online media market in Southeast Asia<\/strong>. With a Gross Merchandise Value (GMV) of US$6 billion in 2024, the market was projected to reach US$11 billion by 2030. This favorable context provides an ideal opportunity for the Faculty of Marketing &#8211; Communications to establish itself as a leading training unit in <strong>Management<\/strong> and<strong> Creativity<\/strong>. The faculty aims to provide skilled professionals in Marketing, Digital Marketing, and Communications to meet industry demands and contribute to the overall development of the country.<\/p>\n\n\n\n<div style=\"height:10px\" aria-hidden=\"true\" class=\"wp-block-spacer\"><\/div>\n\n\n\n<figure class=\"wp-block-image size-full\"><img loading=\"lazy\" decoding=\"async\" width=\"2048\" height=\"1152\" src=\"https:\/\/www.hoasen.edu.vn\/mktt\/wp-content\/uploads\/sites\/58\/2025\/08\/Nganh-Truyen-thong-da-phuong-tien-2.jpg\" alt=\"\" class=\"wp-image-2000\"\/><\/figure>\n\n\n\n<div style=\"height:10px\" aria-hidden=\"true\" class=\"wp-block-spacer\"><\/div>\n\n\n\n<p style=\"font-size:18px\">The Faculty of Marketing &#8211; Communications stands out due to its unique focus on <strong>Management<\/strong> and<strong> Creativity<\/strong>, bridging the gap between international academic knowledge and hands-on, practical experience. With 5 key training majors: <strong>Marketing<\/strong>, <strong>Digital Marketing<\/strong>, <strong>Media Production &#8211; Management<\/strong>, <strong>Public Relations<\/strong>, and <strong>Multimedia Communications<\/strong>, students are not only equipped with a solid foundation of management knowledge, but also develop professional skills and creativity, key factors to adapt quickly in the modern media environment.<\/p>\n\n\n\n<div style=\"height:10px\" aria-hidden=\"true\" class=\"wp-block-spacer\"><\/div>\n\n\n\n<figure class=\"wp-block-image size-full\"><img loading=\"lazy\" decoding=\"async\" width=\"2048\" height=\"1365\" src=\"https:\/\/www.hoasen.edu.vn\/mktt\/wp-content\/uploads\/sites\/58\/2025\/08\/Nganh-Quan-tri-Cong-nghe-truyen-thong-2.jpg\" alt=\"\" class=\"wp-image-1986\"\/><\/figure>\n\n\n\n<div style=\"height:10px\" aria-hidden=\"true\" class=\"wp-block-spacer\"><\/div>\n\n\n\n<p style=\"font-size:18px\">The Faculty&#8217;s curriculum is based on programs from renowned international universities. Its Marketing major has even been accredited by <strong>ACBSP (USA)<\/strong>, a testament to HSU\u2019s prestigious global academic quality. The programs combine this strong academic foundation with a focus on<strong> practical learning <\/strong>through simulation classes, real-world projects, specialized competitions, and workshops with leading experts.<\/p>\n\n\n\n<div style=\"height:10px\" aria-hidden=\"true\" class=\"wp-block-spacer\"><\/div>\n\n\n\n<figure class=\"wp-block-image size-full\"><img loading=\"lazy\" decoding=\"async\" width=\"2048\" height=\"1194\" src=\"https:\/\/www.hoasen.edu.vn\/mktt\/wp-content\/uploads\/sites\/58\/2025\/08\/TVCreate-2025.jpg\" alt=\"\" class=\"wp-image-1958\"\/><\/figure>\n\n\n\n<div style=\"height:10px\" aria-hidden=\"true\" class=\"wp-block-spacer\"><\/div>\n\n\n\n<p style=\"font-size:18px\">Additionally, the teaching staff includes not only lecturers with extensive academic knowledge but also industry experts and senior managers with many years of experience at multinational and domestic corporations. This combination of skills helps students master strategic thinking, stay abreast of the latest market trends, clearly define their career path, and connect directly with businesses. As a result, a remarkable <strong>95% of students secured employment before graduation<\/strong>, according to June 2025 statistics from the Center of Student Experience and Employment at Hoa Sen University. Many students were even <strong>recruited as early as their third year<\/strong> by top agencies, media corporations, television stations, and international companies.<br><\/p>\n\n\n\n<div style=\"height:50px\" aria-hidden=\"true\" class=\"wp-block-spacer\"><\/div>\n\n\n\n<div class=\"wp-block-columns is-layout-flex wp-container-core-columns-is-layout-9d6595d7 wp-block-columns-is-layout-flex\">\n<div class=\"wp-block-column is-layout-flow wp-block-column-is-layout-flow\">\n<figure class=\"wp-block-image size-full\"><img loading=\"lazy\" decoding=\"async\" width=\"2048\" height=\"1136\" src=\"https:\/\/www.hoasen.edu.vn\/mktt\/wp-content\/uploads\/sites\/58\/2025\/08\/Chi\u0323-De\u0323p-Concert-1.jpg\" alt=\"Sinh vi\u00ean Hoa Sen h\u1ecdc s\u1ea3n xu\u1ea5t ch\u01b0\u01a1ng tr\u00ecnh th\u1ef1c chi\u1ebfn t\u1ea1i \u201cCH\u1eca \u0110\u1eb8P CONCERT\u201d\" class=\"wp-image-1879\" style=\"aspect-ratio:16\/9;object-fit:cover\"\/><\/figure>\n<\/div>\n<\/div>\n\n\n\n<p style=\"font-size:18px\">With its philosophy of liberal-arts education, HSU focuses on nurturing students to constantly learn, be creative, and adapt well in all contexts.<\/p>\n\n\n\n<p style=\"font-size:18px\">Going beyond simply imparting knowledge, HSU encourages students to ask questions, debate, and shape their own path. This open-minded approach has fostered a generation of young people who dare to think differently, do differently, and create value for society.<\/p>\n\n\n\n<div style=\"height:40px\" aria-hidden=\"true\" class=\"wp-block-spacer\"><\/div>\n\n\n\n<div class=\"wp-block-media-text is-stacked-on-mobile is-vertically-aligned-center\" style=\"grid-template-columns:54% auto\"><figure class=\"wp-block-media-text__media\"><img loading=\"lazy\" decoding=\"async\" width=\"2478\" height=\"1446\" src=\"https:\/\/www.hoasen.edu.vn\/mktt\/wp-content\/uploads\/sites\/58\/2024\/05\/HS-scaled-1.jpg\" alt=\"\" class=\"wp-image-728 size-full\" srcset=\"https:\/\/www.hoasen.edu.vn\/mktt\/wp-content\/uploads\/sites\/58\/2024\/05\/HS-scaled-1.jpg 2478w, https:\/\/www.hoasen.edu.vn\/mktt\/wp-content\/uploads\/sites\/58\/2024\/05\/HS-scaled-1-300x175.jpg 300w, https:\/\/www.hoasen.edu.vn\/mktt\/wp-content\/uploads\/sites\/58\/2024\/05\/HS-scaled-1-768x448.jpg 768w, https:\/\/www.hoasen.edu.vn\/mktt\/wp-content\/uploads\/sites\/58\/2024\/05\/HS-scaled-1-1536x896.jpg 1536w, https:\/\/www.hoasen.edu.vn\/mktt\/wp-content\/uploads\/sites\/58\/2024\/05\/HS-scaled-1-2048x1195.jpg 2048w\" sizes=\"auto, (max-width: 2478px) 100vw, 2478px\" \/><\/figure><div class=\"wp-block-media-text__content\">\n<blockquote class=\"wp-block-quote is-layout-flow wp-block-quote-is-layout-flow\">\n<h2 class=\"wp-block-heading\"><mark style=\"background-color:rgba(0, 0, 0, 0)\" class=\"has-inline-color has-vivid-cyan-blue-color\">VISION<\/mark><\/h2>\n<cite><strong>To become a leading training unit in Marketing, Digital Marketing, Media Production Management, Multimedia<\/strong> <strong>Communications, and Public Relations, achieving international standards with an applied orientation.<\/strong><\/cite><\/blockquote>\n\n\n\n<p>With a creative mindset and readiness to face professional challenges, the Faculty of Marketing \u2013 Communications at HSU builds a dynamic learning environment where students are encouraged to explore, develop, and become the best version of themselves. At the same time, the Faculty strengthens connections with businesses, offers industry experiences, and organizes international exchanges, helping learners achieve success in a globally integrated world.<\/p>\n<\/div><\/div>\n\n\n\n<div style=\"height:20px\" aria-hidden=\"true\" class=\"wp-block-spacer\"><\/div>\n\n\n\n<div class=\"wp-block-media-text has-media-on-the-right is-stacked-on-mobile\" style=\"grid-template-columns:auto 53%\"><div class=\"wp-block-media-text__content\">\n<blockquote class=\"wp-block-quote is-layout-flow wp-block-quote-is-layout-flow\">\n<h2 class=\"wp-block-heading has-vivid-red-color has-text-color has-link-color wp-elements-7e8edc9d9d523ed6cc88f30a781d292d\">MISSION<\/h2>\n<cite><strong>Realizing the core values of Hoa Sen University: \u201cLearning by Doing \u2013 Learning for Doing.\u201d<\/strong><\/cite><\/blockquote>\n\n\n\n<p>Enhancing leadership capacity and pioneering spirit, students are able to lead projects and participate effectively. Skills are further strengthened through hands-on training with projects and assignments, and by leveraging studios where students both \u201clearn\u201d and \u201cpractice,\u201d enabling them to be career-ready before graduation. In particular, students are trained to develop comprehensively, becoming professionals who combine expertise with professional ethics and social responsibility.<\/p>\n<\/div><figure class=\"wp-block-media-text__media\"><img loading=\"lazy\" decoding=\"async\" width=\"1264\" height=\"897\" src=\"https:\/\/www.hoasen.edu.vn\/mktt\/wp-content\/uploads\/sites\/58\/2024\/05\/420271496_991500209299118_8130132213138233905_n.jpg\" alt=\"\" class=\"wp-image-733 size-full\" srcset=\"https:\/\/www.hoasen.edu.vn\/mktt\/wp-content\/uploads\/sites\/58\/2024\/05\/420271496_991500209299118_8130132213138233905_n.jpg 1264w, https:\/\/www.hoasen.edu.vn\/mktt\/wp-content\/uploads\/sites\/58\/2024\/05\/420271496_991500209299118_8130132213138233905_n-300x213.jpg 300w, https:\/\/www.hoasen.edu.vn\/mktt\/wp-content\/uploads\/sites\/58\/2024\/05\/420271496_991500209299118_8130132213138233905_n-768x545.jpg 768w\" sizes=\"auto, (max-width: 1264px) 100vw, 1264px\" \/><\/figure><\/div>\n\n\n\n<div style=\"height:30px\" aria-hidden=\"true\" class=\"wp-block-spacer\"><\/div>\n\n\n\n<div style=\"padding: 16px;font-family: Arial, sans-serif;background: #fff;border: 1px solid #ddd;border-radius: 8px;max-width: 100%\">\n  <p style=\"font-weight: bold;font-size: 16px;margin-top: 0;margin-bottom: 12px;text-transform: none;text-align: left;line-height: 1.4;letter-spacing: normal\">\n    BECOMING A NEW STUDENT AT THE FACULTY OF MARKETING \u2013 COMMUNICATION\n  <\/p>\n\n  <p style=\"margin: 4px 0\">\n    \ud83d\udd17 Fanpage: \n    <a href=\"https:\/\/facebook.com\/HoaSenUni\" target=\"_blank\" style=\"color: #007bff;text-decoration: none\" rel=\"noopener\">\n      facebook.com\/HoaSenUni\n    <\/a>\n  <\/p>\n\n  <p style=\"margin: 4px 0\">\n    \ud83d\udd0e Admissions: \n    <a href=\"https:\/\/tuyensinh.hoasen.edu.vn\" target=\"_blank\" style=\"color: #007bff;text-decoration: none\" rel=\"noopener\">\n      tuyensinh.hoasen.edu.vn\n    <\/a>\n  <\/p>\n\n  <p style=\"margin-top: 16px\">\n    <a href=\"tel:02873007272\" style=\"background-color: #e60023;color: white;padding: 12px 16px;font-size: 18px;font-weight: bold;text-decoration: none;border-radius: 6px\">\n      HOTLINE: 028 7300 7272\n    <\/a>\n  <\/p>\n<\/div>\n<\/div>\n<\/div>\n","protected":false},"excerpt":{"rendered":"<p>Welcome to Faculty of Marketing &#8211; Communications According to the e\u2011Conomy SEA 2024 report, Viet Nam was the fastest-growing online media market in Southeast Asia. With a Gross Merchandise Value (GMV) of US$6 billion in 2024, the market was projected to reach US$11 billion by 2030. This favorable context provides an ideal opportunity for the Faculty of Marketing &#8211; Communications to establish itself as a leading training unit in Management and Creativity. The faculty aims to provide skilled professionals in Marketing, Digital Marketing, and Communications to meet industry demands and contribute to the overall development of the country. The Faculty&#8230;<\/p>\n","protected":false},"author":5427,"featured_media":1924,"parent":2360,"menu_order":1,"comment_status":"closed","ping_status":"closed","template":"","meta":{"footnotes":""},"class_list":["post-2363","page","type-page","status-publish","has-post-thumbnail","hentry"],"acf":[],"_links":{"self":[{"href":"https:\/\/www.hoasen.edu.vn\/mktt\/wp-json\/wp\/v2\/pages\/2363","targetHints":{"allow":["GET"]}}],"collection":[{"href":"https:\/\/www.hoasen.edu.vn\/mktt\/wp-json\/wp\/v2\/pages"}],"about":[{"href":"https:\/\/www.hoasen.edu.vn\/mktt\/wp-json\/wp\/v2\/types\/page"}],"author":[{"embeddable":true,"href":"https:\/\/www.hoasen.edu.vn\/mktt\/wp-json\/wp\/v2\/users\/5427"}],"replies":[{"embeddable":true,"href":"https:\/\/www.hoasen.edu.vn\/mktt\/wp-json\/wp\/v2\/comments?post=2363"}],"version-history":[{"count":12,"href":"https:\/\/www.hoasen.edu.vn\/mktt\/wp-json\/wp\/v2\/pages\/2363\/revisions"}],"predecessor-version":[{"id":2815,"href":"https:\/\/www.hoasen.edu.vn\/mktt\/wp-json\/wp\/v2\/pages\/2363\/revisions\/2815"}],"up":[{"embeddable":true,"href":"https:\/\/www.hoasen.edu.vn\/mktt\/wp-json\/wp\/v2\/pages\/2360"}],"wp:featuredmedia":[{"embeddable":true,"href":"https:\/\/www.hoasen.edu.vn\/mktt\/wp-json\/wp\/v2\/media\/1924"}],"wp:attachment":[{"href":"https:\/\/www.hoasen.edu.vn\/mktt\/wp-json\/wp\/v2\/media?parent=2363"}],"curies":[{"name":"wp","href":"https:\/\/api.w.org\/{rel}","templated":true}]}}