{"id":1800,"date":"2025-08-26T02:15:38","date_gmt":"2025-08-25T19:15:38","guid":{"rendered":"https:\/\/www.hoasen.edu.vn\/mktt\/?page_id=1800"},"modified":"2025-08-26T13:45:52","modified_gmt":"2025-08-26T06:45:52","slug":"de-an-sinh-vien","status":"publish","type":"page","link":"https:\/\/www.hoasen.edu.vn\/mktt\/de-an-sinh-vien\/","title":{"rendered":"\u0110\u1ec1 \u00e1n sinh vi\u00ean"},"content":{"rendered":"\n<div class=\"wp-block-columns alignfull is-not-stacked-on-mobile block-faculty inf-center is-layout-flex wp-container-core-columns-is-layout-9d6595d7 wp-block-columns-is-layout-flex\">\n<div class=\"wp-block-column is-vertically-aligned-top fy-inf-bg-left is-layout-flow wp-block-column-is-layout-flow\" style=\"flex-basis:25%\"><div class=\"wp-block-image\">\n<figure class=\"alignleft size-large\"><img decoding=\"async\" src=\"https:\/\/www.hoasen.edu.vn\/wp-content\/themes\/ru-hsu\/assets\/faculty\/img\/Group_1000004021.svg\" alt=\"\"\/><\/figure>\n<\/div><\/div>\n\n\n\n<div class=\"wp-block-column is-vertically-aligned-center fy-inf-cnt is-layout-flow wp-block-column-is-layout-flow\" style=\"flex-basis:50%\">\n<h2 class=\"wp-block-heading has-text-align-center\" style=\"font-size:32px\">\u0110\u1ec1 \u00e1n sinh vi\u00ean<\/h2>\n\n\n\n<div style=\"height:24px\" aria-hidden=\"true\" class=\"wp-block-spacer\"><\/div>\n\n\n\n<p class=\"has-text-align-center has-text-color has-link-color has-medium-font-size wp-elements-5693291c44aecf7f9de0e2aae5d30581\" style=\"color:#4a5567\">T\u1ea1i Khoa Marketing \u2013 Truy\u1ec1n th\u00f4ng, c\u00e1c m\u00f4n h\u1ecdc \u0111\u1ec1 \u00e1n \u0111\u01b0\u1ee3c thi\u1ebft k\u1ebf d\u01b0\u1edbi d\u1ea1ng <strong>cu\u1ed9c thi h\u1ecdc thu\u1eadt<\/strong> v\u00e0 <strong>d\u1ef1 \u00e1n th\u1ef1c t\u1ebf<\/strong>, xoay quanh c\u00e1c l\u0129nh v\u1ef1c Marketing, Digital Marketing, Truy\u1ec1n th\u00f4ng v\u00e0 S\u00e1ng t\u1ea1o, d\u01b0\u1edbi s\u1ef1 c\u1ed1 v\u1ea5n c\u1ee7a gi\u1ea3ng vi\u00ean v\u00e0 chuy\u00ean gia doanh nghi\u1ec7p. Sinh vi\u00ean c\u00f3 th\u1ec3 l\u1ef1a ch\u1ecdn tr\u1edf th\u00e0nh <strong>Ban t\u1ed5 ch\u1ee9c<\/strong> tr\u1ef1c ti\u1ebfp \u0111i\u1ec1u h\u00e0nh d\u1ef1 \u00e1n ho\u1eb7c tham gia v\u1edbi vai tr\u00f2<strong> Th\u00ed sinh <\/strong>\u0111\u1ec3 th\u1eed s\u1ee9c trong m\u00f4i tr\u01b0\u1eddng c\u1ea1nh tranh h\u1ecdc thu\u1eadt gi\u00e0u t\u00ednh th\u1ef1c ti\u1ec5n.<\/p>\n<\/div>\n\n\n\n<div class=\"wp-block-column is-vertically-aligned-top fy-inf-bg-right is-layout-flow wp-block-column-is-layout-flow\" style=\"flex-basis:25%\"><div class=\"wp-block-image\">\n<figure class=\"alignright size-large\"><img decoding=\"async\" src=\"https:\/\/www.hoasen.edu.vn\/wp-content\/themes\/ru-hsu\/assets\/faculty\/img\/Group_1000004020.svg\" alt=\"\"\/><\/figure>\n<\/div><\/div>\n<\/div>\n\n\n<div class=\"block-faculty projects-student\">\n                        <div class=\"project-s-card\">\n                <div class=\"project-s-content\">\n                                            <h2>\u0110\u1ec1 \u00e1n TVCreate<\/h2>\n                                                                <div class=\"project-desc\">\n                            <p><span style=\"font-weight: 400;\">Ra \u0111\u1eddi t\u1eeb n\u0103m 2010 l\u00e0 m\u1ed9t cu\u1ed9c thi s\u1ea3n xu\u1ea5t phim qu\u1ea3ng c\u00e1o (TVC) c\u1ea5p tr\u01b0\u1eddng, TVCreate \u0111\u00e3 t\u1eebng b\u01b0\u1edbc m\u1edf r\u1ed9ng quy m\u00f4 \u0111\u1ec3 tr\u1edf th\u00e0nh s\u00e2n ch\u01a1i th\u1ef1c chi\u1ebfn l\u0129nh v\u1ef1c marketing v\u00e0 s\u00e1ng t\u1ea1o phim qu\u1ea3ng c\u00e1o &#8211; n\u01a1i \u0111\u00f4ng \u0111\u1ea3o sinh vi\u00ean tr\u00ean to\u00e0n qu\u1ed1c h\u1ecdc l\u00e0m ngh\u1ec1 tr\u01b0\u1edbc khi ra tr\u01b0\u1eddng. \u0110i\u1ec3m \u0111\u1eb7c bi\u1ec7t c\u1ee7a TVCreate n\u1eb1m \u1edf t\u00ednh \u201cth\u1ef1c chi\u1ebfn\u201d, kh\u00f4ng ch\u1ec9 th\u1eed s\u1ee9c trong vai tr\u00f2 th\u00ed sinh s\u00e1ng t\u1ea1o k\u1ecbch b\u1ea3n v\u00e0 s\u1ea3n xu\u1ea5t TVC, m\u00e0 c\u00f2n c\u00f3 c\u01a1 h\u1ed9i tr\u1edf th\u00e0nh ban t\u1ed5 ch\u1ee9c, tr\u1ef1c ti\u1ebfp \u0111i\u1ec1u h\u00e0nh m\u1ed9t d\u1ef1 \u00e1n quy m\u00f4 l\u1edbn. T\u1eeb kh\u00e2u x\u00e2y d\u1ef1ng \u0111\u1ec1 \u00e1n, g\u1ecdi t\u00e0i tr\u1ee3, tri\u1ec3n khai truy\u1ec1n th\u00f4ng cho \u0111\u1ebfn \u0111i\u1ec1u ph\u1ed1i s\u1ef1 ki\u1ec7n, m\u1ecdi quy tr\u00ecnh \u0111\u01b0\u1ee3c v\u1eadn h\u00e0nh nh\u01b0 m\u1ed9t \u201cagency thu nh\u1ecf\u201d.<\/span><\/p>\n<p>&nbsp;<\/p>\n                        <\/div>\n                                    <\/div>\n                <div class=\"project-s-image\">\n                                            <img decoding=\"async\" src=\"https:\/\/www.hoasen.edu.vn\/mktt\/wp-content\/uploads\/sites\/58\/2025\/08\/tvcreate-2025-1.jpg\" alt=\"\u0110\u1ec1 \u00e1n TVCreate\" \/>\n                                    <\/div>\n            <\/div>\n                    <div class=\"project-s-card\">\n                <div class=\"project-s-content\">\n                                            <h2>Cu\u1ed9c thi Micatcher<\/h2>\n                                                                <div class=\"project-desc\">\n                            <p><span style=\"font-weight: 400;\">\u0110\u01b0\u1ee3c v\u1eadn h\u00e0nh ho\u00e0n to\u00e0n b\u1edfi sinh vi\u00ean Khoa Marketing &#8211; Truy\u1ec1n th\u00f4ng, MiCatcher \u0111\u00e3 b\u01b0\u1edbc sang <a href=\"https:\/\/www.hoasen.edu.vn\/mktt\/cuoc-thi-micatcher-2025\/\">m\u00f9a th\u1ee9 3<\/a> v\u1edbi quy m\u00f4 v\u00e0 ch\u1ea5t l\u01b0\u1ee3ng ng\u00e0y c\u00e0ng n\u00e2ng t\u1ea7m, thu h\u00fat h\u01a1n 60 th\u00ed sinh t\u1eeb 17 tr\u01b0\u1eddng \u0110\u1ea1i h\u1ecdc v\u00e0 THPT, l\u00e0 s\u00e2n ch\u01a1i chuy\u00ean nghi\u1ec7p cho c\u00e1c b\u1ea1n tr\u1ebb th\u1eed th\u00e1ch \u1edf vai tr\u00f2 d\u1eabn ch\u01b0\u01a1ng tr\u00ecnh, r\u00e8n luy\u1ec7n s\u1ef1 t\u1ef1 tin, b\u1ea3n l\u0129nh s\u00e2n kh\u1ea5u v\u00e0 k\u1ef9 n\u0103ng truy\u1ec1n \u0111\u1ea1t c\u1ea3m x\u00fac. MiCatcher l\u00e0 minh ch\u1ee9ng s\u1ed1ng \u0111\u1ed9ng cho gi\u00e1 tr\u1ecb \u201cTh\u1ef1c h\u1ecdc \u2013 Th\u1ef1c l\u00e0m\u201d c\u1ee7a Tr\u01b0\u1eddng \u0110\u1ea1i h\u1ecdc Hoa Sen. T\u1eeb vi\u1ec7c thi\u1ebft k\u1ebf ch\u1ee7 \u0111\u1ec1, x\u00e2y d\u1ef1ng format ch\u01b0\u01a1ng tr\u00ecnh, truy\u1ec1n th\u00f4ng, t\u00ecm ki\u1ebfm \u0111\u01a1n v\u1ecb t\u00e0i tr\u1ee3 \u0111\u1ebfn v\u1eadn h\u00e0nh \u2013 t\u1ea5t c\u1ea3 \u0111\u1ec1u do sinh vi\u00ean \u0111\u1ea3m tr\u00e1ch.<\/span><\/p>\n<p>&nbsp;<\/p>\n                        <\/div>\n                                    <\/div>\n                <div class=\"project-s-image\">\n                                            <img decoding=\"async\" src=\"https:\/\/www.hoasen.edu.vn\/mktt\/wp-content\/uploads\/sites\/58\/2025\/08\/Micatcher.jpg\" alt=\"Cu\u1ed9c thi Micatcher\" \/>\n                                    <\/div>\n            <\/div>\n                    <div class=\"project-s-card\">\n                <div class=\"project-s-content\">\n                                            <h2>EOS (End of Show)<\/h2>\n                                                                <div class=\"project-desc\">\n                            <p><span style=\"font-weight: 400;\">EOS l\u00e0 s\u1ef1 ki\u1ec7n c\u00f4ng chi\u1ebfu phim cu\u1ed1i khoa th\u01b0\u1eddng ni\u00ean c\u1ee7a sinh vi\u00ean ng\u00e0nh Qu\u1ea3n tr\u1ecb C\u00f4ng ngh\u1ec7 Truy\u1ec1n th\u00f4ng. V\u1edbi 2 k\u1ef3 g\u1ed3m EOS Spring v\u00e0 EOS Summer, \u0111\u00e2y l\u00e0 c\u01a1 h\u1ed9i r\u1ea5t l\u1edbn \u0111\u1ec3 sinh vi\u00ean \u0111\u01b0a nh\u1eefng s\u1ea3n ph\u1ea9m truy\u1ec1n th\u00f4ng nghe nh\u00ecn \u0111\u1ea7u tay ra m\u1eaft c\u00f4ng ch\u00fang t\u1ea1i c\u00e1c r\u1ea1p chi\u1ebfu phim, l\u00e0 d\u1ecbp \u0111\u1ec3 c\u00e1c b\u1ea1n h\u1ecdc h\u1ecfi t\u1eeb ph\u1ea3n h\u1ed3i c\u1ee7a gi\u1ea3ng vi\u00ean, chuy\u00ean gia v\u00e0 kh\u00e1n gi\u1ea3, t\u1eeb \u0111\u00f3 ho\u00e0n thi\u1ec7n k\u1ef9 n\u0103ng ngh\u1ec1 nghi\u1ec7p. \u0110\u1eb7c bi\u1ec7t, EOS c\u0169ng ch\u00ednh l\u00e0 d\u1ea5u m\u1ed1c ghi l\u1ea1i h\u00e0nh tr\u00ecnh tr\u01b0\u1edfng th\u00e0nh c\u1ee7a sinh vi\u00ean trong l\u0129nh v\u1ef1c truy\u1ec1n th\u00f4ng, \u0111i\u1ec7n \u1ea3nh v\u00e0 s\u00e1ng t\u1ea1o n\u1ed9i dung.<\/span><\/p>\n                        <\/div>\n                                    <\/div>\n                <div class=\"project-s-image\">\n                                            <img decoding=\"async\" src=\"https:\/\/www.hoasen.edu.vn\/mktt\/wp-content\/uploads\/sites\/58\/2025\/08\/Nganh-Quan-tri-Cong-nghe-truyen-thong-1.jpg\" alt=\"EOS (End of Show)\" \/>\n                                    <\/div>\n            <\/div>\n            <\/div>\n\n\n\n\n<div class=\"block-faculty image-gallery-ps\">\n  <h2>H\u00ecnh \u1ea3nh<\/h2>\n\n  <div class=\"gallery-ps row-1\">\n          <div class=\"main-image\">\n        <img decoding=\"async\" src=\"https:\/\/www.hoasen.edu.vn\/mktt\/wp-content\/uploads\/sites\/58\/2025\/08\/TVCreate-2025-2.jpg\" alt=\"\" style=\"aspect-ratio: 16 \/ 9;\">\n      <\/div>\n\n              <div class=\"gr-sub-img\">\n                      <div class=\"sub-image\">\n              <img decoding=\"async\" src=\"https:\/\/www.hoasen.edu.vn\/mktt\/wp-content\/uploads\/sites\/58\/2025\/08\/Micatcher-1.jpg\" alt=\"\">\n            <\/div>\n                      <div class=\"sub-image\">\n              <img decoding=\"async\" src=\"https:\/\/www.hoasen.edu.vn\/mktt\/wp-content\/uploads\/sites\/58\/2025\/08\/Chi\u0323-De\u0323p-Concert-6.jpg\" alt=\"Sinh vi\u00ean \u0111\u01b0\u1ee3c tr\u1ea3i nghi\u1ec7m tr\u1ecdn v\u1eb9n c\u00e1c kh\u00e2u t\u1ea1i h\u1eadu tr\u01b0\u1eddng Ch\u1ecb \u0110\u1eb9p concert\">\n            <\/div>\n                  <\/div>\n            <\/div>\n\n      <div class=\"gallery-ps row-2\">\n              <div class=\"sub-image\">\n          <img decoding=\"async\" src=\"https:\/\/www.hoasen.edu.vn\/mktt\/wp-content\/uploads\/sites\/58\/2025\/08\/TVCreate-2025-1.jpg\" alt=\"\">\n        <\/div>\n              <div class=\"sub-image\">\n          <img decoding=\"async\" src=\"https:\/\/www.hoasen.edu.vn\/mktt\/wp-content\/uploads\/sites\/58\/2025\/08\/Micatcher-2.jpg\" alt=\"\">\n        <\/div>\n              <div class=\"sub-image\">\n          <img decoding=\"async\" src=\"https:\/\/www.hoasen.edu.vn\/mktt\/wp-content\/uploads\/sites\/58\/2025\/08\/IMG_9425.jpg\" alt=\"\">\n        <\/div>\n              <div class=\"sub-image\">\n          <img decoding=\"async\" src=\"https:\/\/www.hoasen.edu.vn\/mktt\/wp-content\/uploads\/sites\/58\/2025\/08\/DA2.jpg\" alt=\"\">\n        <\/div>\n              <div class=\"sub-image\">\n          <img decoding=\"async\" src=\"https:\/\/www.hoasen.edu.vn\/mktt\/wp-content\/uploads\/sites\/58\/2025\/08\/Nganh-Quan-tri-Cong-nghe-truyen-thong-3.jpg\" alt=\"\">\n        <\/div>\n              <div class=\"sub-image\">\n          <img decoding=\"async\" src=\"https:\/\/www.hoasen.edu.vn\/mktt\/wp-content\/uploads\/sites\/58\/2025\/08\/Nganh-Truyen-thong-da-phuong-tien-1.jpg\" alt=\"\">\n        <\/div>\n          <\/div>\n  <\/div>\n\n\n\n\n\n<div class=\"wp-block-columns alignfull are-vertically-aligned-top block-faculty fy-contact width-1200 is-layout-flex wp-container-core-columns-is-layout-9d6595d7 wp-block-columns-is-layout-flex\">\n<div class=\"wp-block-column is-vertically-aligned-top is-layout-flow wp-block-column-is-layout-flow\" style=\"flex-basis:30%\">\n<h2 class=\"wp-block-heading\" style=\"font-size:32px\">Li\u00ean h\u1ec7<\/h2>\n\n\n\n<p>C\u00e1c \u0111\u1ec1 \u00e1n Khoa Marketing &#8211; Truy\u1ec1n th\u00f4ng<\/p>\n<\/div>\n\n\n\n<div class=\"wp-block-column is-vertically-aligned-top is-layout-flow wp-block-column-is-layout-flow\" style=\"flex-basis:65%\" id=\"faculty-accordion\">\t\t<div id=\"block_519f683031eb7a7a7abb59c1197dec82\" class=\"vc-accor\">\r\n\t\t\t\t\t\t\t<div class=\"vc-accor__item\">\r\n\t\t\t\t\t\t\t\t\t\t<input type=\"checkbox\" id=\"rdblock_519f683031eb7a7a7abb59c1197dec82-1\" name=\"rd\">\r\n\t\t\t\t\t<label class=\"vc-accor__label d-block position-relative\" for=\"rdblock_519f683031eb7a7a7abb59c1197dec82-1\">\r\n\t\t\t\t\t\t<span class=\"p-relative\">\u0110\u1ec1 \u00e1n TVCreate<\/span>\r\n\t\t\t\t\t\t<svg class=\"vc-icon position-absolute\"><use xlink:href=\"https:\/\/www.hoasen.edu.vn\/mktt\/wp-content\/themes\/ru-hsu\/assets\/img\/icons.svg#i-arrow-down\" \/><\/svg>\r\n\t\t\t\t\t<\/label>\r\n\t\t\t\t\t<div class=\"vc-accor__content\">\r\n\t\t\t\t\t\t<p><strong>Fanpage:<\/strong> <a href=\"https:\/\/www.facebook.com\/TVCreate\" target=\"_blank\" rel=\"noopener\">https:\/\/www.facebook.com\/TVCreate<\/a><\/p>\n<p><strong>Email: <a href=\"mailto:tvcreate@hoasen.edu.vn\"><span style=\"font-weight: 400;\">tvcreate@hoasen.edu.vn<\/span><\/a><\/strong><\/p>\n<p>&nbsp;<\/p>\n\t\t\t\t\t<\/div>\r\n\t\t\t\t<\/div>\r\n\t\t\t\t\t\t\t<div class=\"vc-accor__item\">\r\n\t\t\t\t\t\t\t\t\t\t<input type=\"checkbox\" id=\"rdblock_519f683031eb7a7a7abb59c1197dec82-2\" name=\"rd\">\r\n\t\t\t\t\t<label class=\"vc-accor__label d-block position-relative\" for=\"rdblock_519f683031eb7a7a7abb59c1197dec82-2\">\r\n\t\t\t\t\t\t<span class=\"p-relative\">Cu\u1ed9c thi Micatcher<\/span>\r\n\t\t\t\t\t\t<svg class=\"vc-icon position-absolute\"><use xlink:href=\"https:\/\/www.hoasen.edu.vn\/mktt\/wp-content\/themes\/ru-hsu\/assets\/img\/icons.svg#i-arrow-down\" \/><\/svg>\r\n\t\t\t\t\t<\/label>\r\n\t\t\t\t\t<div class=\"vc-accor__content\">\r\n\t\t\t\t\t\t<p><strong>Fanpage:<\/strong> <a href=\"https:\/\/www.facebook.com\/MiCatcherHSU\" target=\"_blank\" rel=\"noopener\">https:\/\/www.facebook.com\/MiCatcherHSU<\/a><\/p>\n<p><strong>Email:<\/strong> <a href=\"mailto:vy.tha03507@sinhvien.hoasen.edu.vn\"><span style=\"font-weight: 400;\">vy.tha03507@sinhvien.hoasen.edu.vn<\/span><\/a><\/p>\n\t\t\t\t\t<\/div>\r\n\t\t\t\t<\/div>\r\n\t\t\t\t\t\t\t<div class=\"vc-accor__item\">\r\n\t\t\t\t\t\t\t\t\t\t<input type=\"checkbox\" id=\"rdblock_519f683031eb7a7a7abb59c1197dec82-3\" name=\"rd\">\r\n\t\t\t\t\t<label class=\"vc-accor__label d-block position-relative\" for=\"rdblock_519f683031eb7a7a7abb59c1197dec82-3\">\r\n\t\t\t\t\t\t<span class=\"p-relative\">EOS (End of Show)<\/span>\r\n\t\t\t\t\t\t<svg class=\"vc-icon position-absolute\"><use xlink:href=\"https:\/\/www.hoasen.edu.vn\/mktt\/wp-content\/themes\/ru-hsu\/assets\/img\/icons.svg#i-arrow-down\" \/><\/svg>\r\n\t\t\t\t\t<\/label>\r\n\t\t\t\t\t<div class=\"vc-accor__content\">\r\n\t\t\t\t\t\t<p><strong>Fanpage:<\/strong> <a href=\"https:\/\/www.facebook.com\/QuantriCongngheTruyenthong.TT\" target=\"_blank\" rel=\"noopener\">https:\/\/www.facebook.com\/QuantriCongngheTruyenthong.TT<\/a><\/p>\n<p><strong>Email: <\/strong><a href=\"mailto:Eos.showcase@hoasen.edu.vn\"><span style=\"font-weight: 400;\">Eos.showcase@hoasen.edu.vn<\/span><\/a><\/p>\n\t\t\t\t\t<\/div>\r\n\t\t\t\t<\/div>\r\n\t\t\t\t\t<\/div>\r\n\t<\/div>\n<\/div>\n\n\n<p><style>\r\n.vc-contact.position-relative {\r\n    display: none;\r\n}\r\n\t.vc-banner {\r\n    display: none;\r\n}\r\n\r\n\r\n<\/style>\r\n  \r\n<br \/>\n<style>\r\n.vc-contact.position-relative {\r\n    display: none;\r\n}\r\ndiv#widFbWidget {\r\n    display: none;\r\n}\r\n.vc-footer__col.col-12.col-md-5.col-lg-5.col-xl-2.col-xxl-3 .row {\r\n    display: grid;\r\n    grid-template-columns: 50% 50%;\r\n}\r\n.row.vc-footer__row {\r\n    margin-top: 100px;\r\n}\r\nfooter#jsFooter {\r\n    position: relative;\r\n}\r\na.vc-footer__logo.d-none.d-xl-inline-block.mb-3 {\r\n    position: absolute;\r\n    top: 50px;\r\n}\r\n.row.vc-footer__row {\r\n    margin-top: 100px;\r\n    border-top: 1px solid #2564AC;\r\n    padding-top: 20px;\r\n}\r\n.vc-footer__hotline {\r\n    background: unset;\r\n    color: #fff;\r\n    font-size: 1.3rem;\r\n    margin-bottom: 10px;\r\n    padding: unset;\r\n}\r\n.vc-footer__hotline svg, .vc-footer__info svg {\r\n    display: none;\r\n}\r\n.vc-footer__hotline a {\r\n    font-size: 1.3rem;\r\n    font-weight: 100;\r\n}\r\n.vc-footer__info{\r\n    magrin-bottom: 5px\r\n}\r\n.vc-footer__col.col-12.col-md-5.col-lg-5.col-xl-2.col-xxl-3 {\r\n    width: 35%;\r\n}\r\n.vc-footer__col.col-12.col-md-9.col-lg-9.col-xl-6.col-xxl-6 {\r\n    width: 40%;\r\n}\r\n.vc-footer__col.col-12.col-md-5.col-lg-5.col-xl-2.col-xxl-3 .vc-footer__info {\r\n    width: max-content;\r\n}\r\n#faculty-accordion .vc-accor__item {\r\n    box-shadow: unset;\r\n    border-bottom: 1px solid #EFEEEF;\r\n    border-radius: unset;\r\n}\r\n#faculty-accordion .vc-accor__item input:checked+.vc-accor__label {\r\n    border: unset;\r\n    padding: unset;\r\n}\r\n\t#followHSU img {\r\n    width: 25px;\r\n}\r\n\tdiv#followHSU {\r\n    display: flex !important;\r\n\tflex-direction: column;\r\n    gap: 8px;\r\n}\r\n\tdiv#followHSU a {\r\n    color: white;\r\n    display: flex;\r\n    width: 150px;\r\n    gap: 12px;\r\n}\r\n\tnav.vc-footer__img.d-flex.flex-wrap.justify-content-between.align-items-center {\r\n    align-content: flex-start !important;\r\n}\r\n\t.vc-footer__col.col-12.col-md-7.col-lg-7.col-xl-3 {\r\n    display: flex;\r\n}\r\n\t.footet_faculty {\r\n    display: block !important;\r\n}\r\n<\/style><\/p>\n","protected":false},"excerpt":{"rendered":"<p>T\u1ea1i Khoa Marketing \u2013 Truy\u1ec1n th\u00f4ng, c\u00e1c m\u00f4n h\u1ecdc \u0111\u1ec1 \u00e1n sinh vi\u00ean \u0111\u01b0\u1ee3c thi\u1ebft k\u1ebf d\u01b0\u1edbi d\u1ea1ng cu\u1ed9c thi h\u1ecdc thu\u1eadt v\u00e0 d\u1ef1 \u00e1n th\u1ef1c t\u1ebf: TVCreate, Micatcher, EOS&#8230;<\/p>\n","protected":false},"author":5427,"featured_media":2250,"parent":0,"menu_order":0,"comment_status":"closed","ping_status":"closed","template":"page-templates\/home.php","meta":{"footnotes":""},"class_list":["post-1800","page","type-page","status-publish","has-post-thumbnail","hentry"],"acf":[],"_links":{"self":[{"href":"https:\/\/www.hoasen.edu.vn\/mktt\/wp-json\/wp\/v2\/pages\/1800","targetHints":{"allow":["GET"]}}],"collection":[{"href":"https:\/\/www.hoasen.edu.vn\/mktt\/wp-json\/wp\/v2\/pages"}],"about":[{"href":"https:\/\/www.hoasen.edu.vn\/mktt\/wp-json\/wp\/v2\/types\/page"}],"author":[{"embeddable":true,"href":"https:\/\/www.hoasen.edu.vn\/mktt\/wp-json\/wp\/v2\/users\/5427"}],"replies":[{"embeddable":true,"href":"https:\/\/www.hoasen.edu.vn\/mktt\/wp-json\/wp\/v2\/comments?post=1800"}],"version-history":[{"count":8,"href":"https:\/\/www.hoasen.edu.vn\/mktt\/wp-json\/wp\/v2\/pages\/1800\/revisions"}],"predecessor-version":[{"id":2819,"href":"https:\/\/www.hoasen.edu.vn\/mktt\/wp-json\/wp\/v2\/pages\/1800\/revisions\/2819"}],"wp:featuredmedia":[{"embeddable":true,"href":"https:\/\/www.hoasen.edu.vn\/mktt\/wp-json\/wp\/v2\/media\/2250"}],"wp:attachment":[{"href":"https:\/\/www.hoasen.edu.vn\/mktt\/wp-json\/wp\/v2\/media?parent=1800"}],"curies":[{"name":"wp","href":"https:\/\/api.w.org\/{rel}","templated":true}]}}