{"id":1794,"date":"2025-08-26T02:21:21","date_gmt":"2025-08-25T19:21:21","guid":{"rendered":"https:\/\/www.hoasen.edu.vn\/mktt\/?page_id=1794"},"modified":"2025-09-10T16:18:10","modified_gmt":"2025-09-10T09:18:10","slug":"chuong-trinh-dao-tao","status":"publish","type":"page","link":"https:\/\/www.hoasen.edu.vn\/mktt\/chuong-trinh-dao-tao\/","title":{"rendered":"\u0110\u00e0o t\u1ea1o"},"content":{"rendered":"\n\n\n  <div class=\"faculty-edu\">\n        <div class=\"fy-card\">\n        <div class=\"card-image\">\n                            <img decoding=\"async\" src=\"https:\/\/www.hoasen.edu.vn\/mktt\/wp-content\/uploads\/sites\/58\/2025\/08\/tvcreate-2025-1.jpg\" alt=\"Ch\u1ee7 \u0111\u1ec1 \u201cThe Echoes of Legacy \u2013 Vang \u00e2m di s\u1ea3n\u201d m\u1edf ra h\u00e0nh tr\u00ecnh Gen Z kh\u00e1m ph\u00e1 v\u00e0 lan t\u1ecfa gi\u00e1 tr\u1ecb di s\u1ea3n v\u0103n h\u00f3a\">\n                    <\/div>\n        <div class=\"card-content\">\n            <div class=\"card-title\">Ng\u00e0nh Marketing<\/div>\n\n                                                <a class=\"card-desc\" href=\"https:\/\/www.hoasen.edu.vn\/mktt\/nganh-marketing-2\/\" target=\"_blank\">\n                Kh\u00e1m ph\u00e1 ch\u01b0\u01a1ng tr\u00ecnh \u0111\u00e0o t\u1ea1o                    <div class=\"card-button\">\u203a<\/div>\n                <\/a>\n                                             <\/div>\n    <\/div>\n        <div class=\"fy-card\">\n        <div class=\"card-image\">\n                            <img decoding=\"async\" src=\"https:\/\/www.hoasen.edu.vn\/mktt\/wp-content\/uploads\/sites\/58\/2025\/08\/Khoa-Marketing-Truye\u0302\u0300n-tho\u0302ng-ba\u0309o-ve\u0323\u0302-do\u0302\u0300-a\u0301n-to\u0302\u0301t-nghie\u0323\u0302p-1.jpg\" alt=\"H\u01a1n 440 sinh vi\u00ean tham gia b\u1ea3o v\u1ec7 kho\u00e1 lu\u1eadn t\u1ed1t nghi\u1ec7p\">\n                    <\/div>\n        <div class=\"card-content\">\n            <div class=\"card-title\">Ng\u00e0nh Digital Marketing<\/div>\n\n                                                <a class=\"card-desc\" href=\"https:\/\/www.hoasen.edu.vn\/mktt\/nganh-digital-marketing-2\/\" target=\"_blank\">\n                Kh\u00e1m ph\u00e1 ch\u01b0\u01a1ng tr\u00ecnh \u0111\u00e0o t\u1ea1o                    <div class=\"card-button\">\u203a<\/div>\n                <\/a>\n                                             <\/div>\n    <\/div>\n        <div class=\"fy-card\">\n        <div class=\"card-image\">\n                            <img decoding=\"async\" src=\"https:\/\/www.hoasen.edu.vn\/mktt\/wp-content\/uploads\/sites\/58\/2025\/08\/Nganh-Quan-tri-Cong-nghe-truyen-thong-1.jpg\" alt=\"\">\n                    <\/div>\n        <div class=\"card-content\">\n            <div class=\"card-title\">Ng\u00e0nh Qu\u1ea3n tr\u1ecb C\u00f4ng ngh\u1ec7 Truy\u1ec1n th\u00f4ng<\/div>\n\n                                                <a class=\"card-desc\" href=\"https:\/\/www.hoasen.edu.vn\/mktt\/nganh-quan-tri-cong-nghe-truyen-thong\/\" target=\"_blank\">\n                Kh\u00e1m ph\u00e1 ch\u01b0\u01a1ng tr\u00ecnh \u0111\u00e0o t\u1ea1o                    <div class=\"card-button\">\u203a<\/div>\n                <\/a>\n                                             <\/div>\n    <\/div>\n        <div class=\"fy-card\">\n        <div class=\"card-image\">\n                            <img decoding=\"async\" src=\"https:\/\/www.hoasen.edu.vn\/mktt\/wp-content\/uploads\/sites\/58\/2025\/08\/Chi\u0323-De\u0323p-Concert-1.jpg\" alt=\"Sinh vi\u00ean Hoa Sen h\u1ecdc s\u1ea3n xu\u1ea5t ch\u01b0\u01a1ng tr\u00ecnh th\u1ef1c chi\u1ebfn t\u1ea1i \u201cCH\u1eca \u0110\u1eb8P CONCERT\u201d\">\n                    <\/div>\n        <div class=\"card-content\">\n            <div class=\"card-title\">Ng\u00e0nh Truy\u1ec1n th\u00f4ng \u0110a ph\u01b0\u01a1ng ti\u1ec7n<\/div>\n\n                                                <a class=\"card-desc\" href=\"https:\/\/www.hoasen.edu.vn\/mktt\/nganh-truyen-thong-da-phuong-tien\/\" target=\"_blank\">\n                Kh\u00e1m ph\u00e1 ch\u01b0\u01a1ng tr\u00ecnh \u0111\u00e0o t\u1ea1o                    <div class=\"card-button\">\u203a<\/div>\n                <\/a>\n                                             <\/div>\n    <\/div>\n        <div class=\"fy-card\">\n        <div class=\"card-image\">\n                            <img decoding=\"async\" src=\"https:\/\/www.hoasen.edu.vn\/mktt\/wp-content\/uploads\/sites\/58\/2025\/08\/Nganh-Quan-he-cong-chung.jpg\" alt=\"\">\n                    <\/div>\n        <div class=\"card-content\">\n            <div class=\"card-title\">Ng\u00e0nh Quan h\u1ec7 c\u00f4ng ch\u00fang<\/div>\n\n                                                <a class=\"card-desc\" href=\"https:\/\/www.hoasen.edu.vn\/mktt\/nganh-quan-he-cong-chung\/\" target=\"_blank\">\n                Kh\u00e1m ph\u00e1 ch\u01b0\u01a1ng tr\u00ecnh \u0111\u00e0o t\u1ea1o                    <div class=\"card-button\">\u203a<\/div>\n                <\/a>\n                                             <\/div>\n    <\/div>\n    <\/div>\n\n    \n<style>\n    \n.container:has(.faculty-edu){\nmax-width: 1312px;\npadding: 0 56px;\n}\n.container:has(.faculty-edu) h1.vc-headline--border-center {\n    text-align: left !important;\n    padding-top: 46px;\n    margin-bottom: 28px;\n}\n\n    .faculty-edu {\n      display: grid;\n      grid-template-columns: repeat(auto-fit, minmax(450px, 1fr));\n      gap: 20px;\n      margin-top: 20px;\n          max-width: 1200px;\n          margin: auto;\n    }\n\n    .faculty-edu .fy-card {\n    overflow: hidden;\n    background: linear-gradient(to bottom, #024DA1 184px, #Fff 184px);\n        box-shadow: 0px 4px 6px -2px #0A0D1208;\n        box-shadow: 0px 12px 16px -4px #0A0D1214;\n    }\n\n    .faculty-edu .card-image {\n     background: #e3e3e3;\n    position: relative;\n    height: 266px;\n    margin: 32px;\n    }\n    .faculty-edu .card-image img{\n     width: 100%;\n    object-fit: cover;\n    object-position: center;\n    height: 100%;\n    }\n    .faculty-edu .card-image::before {\n      content: \"\";\n      position: absolute;\n      top: 152px;\n        left: -32px;\n        width: 32px;\n        height: 16px;\n      background: url('https:\/\/www.hoasen.edu.vn\/wp-content\/themes\/ru-hsu\/assets\/faculty\/img\/icon-bg-faculty-edu-left.svg');\n    }\n    .faculty-edu .card-image::after {\n        content: \"\";\n        position: absolute;\n        top: 150px;\n        right: -32px;\n        width: 32px;\n        height: 32px;\n        background: url('https:\/\/www.hoasen.edu.vn\/wp-content\/themes\/ru-hsu\/assets\/faculty\/img\/icon-bg-faculty-edu-right.svg');\n    }\n\n    .faculty-edu .card-content {\n     padding: 0 16px 16px;\n    }\n\n    .faculty-edu .card-title {\n      font-weight: bold;\n      margin: 0 0 8px;\n      font-size: 20px;\n    }\n\n    .faculty-edu .card-desc {\n          font-size: 16px;\n      color: #333;\n      margin: 0 0 8px;\n          display: flex;\n    flex-direction: row;\n    justify-content: space-between;\n    align-items: center;\n    }\n\n    .faculty-edu .card-button {\n      text-align: right;\n    }\n\n    .faculty-edu .card-button {\n      display: inline-block;\n      width: 36px;\n      height: 28px;\n      background: #024DA1;\n      color: #fff;\n      text-align: center;\n      line-height: 24px;\n      text-decoration: none;\n      font-weight: bold;\n      border-right: 8px solid #009FE8;\n          font-size: 25px;\n    }\n\n    .faculty-edu .card-desc:hover .card-button{\n         background: #ed1c24;\n       }\n        .faculty-edu .card-desc:hover{\n            color: #024DA1;\n        }\n.faculty-edu .card-desc{\n    gap: 10px;\n}\n\n    @media only screen and (max-width: 1000px){\n        .container:has(.faculty-edu) {\n    padding: 0 40px;\n}\n    .faculty-edu {\n      display: grid;\n      grid-template-columns: repeat(auto-fit, minmax(320px, 1fr));\n      gap: 20px;\n    }\n    .faculty-edu .card-image{\n        height: 200px\n    }\n    .faculty-edu .fy-card {\n    background: linear-gradient(to bottom, #024DA1 118px, #Fff 118px);\n    }\n     .faculty-edu .card-image::after, .faculty-edu .card-image::before {\n        top: 85px;\n     }\n   }\n   @media only screen and (max-width: 768px){\n     .faculty-edu a.card-button{\n        font-size: 20px;\n     }\n     .faculty-edu .card-title{\n        font-size: 18px\n     }\n    .faculty-edu .card-desc {\n        font-size: 14px;\n    }\n    .container:has(.faculty-edu) h1.vc-headline--border-center {\n    text-align: left !important;\n    padding-top: 0;\n    margin-bottom: 16px;\n}\n.container:has(.faculty-edu) {\n    padding: 0 16px;\n}\n.faculty-edu .card-image{\n    margin: 16px;\n}\n.faculty-edu {\n        grid-template-columns: repeat(auto-fit, minmax(250px, 1fr));\n    }\n    .faculty-edu .card-image {\n        height: 150px;\n    }\n        .faculty-edu .card-image::after, .faculty-edu .card-image::before {\n        top: 101px;\n    }\n    .faculty-edu .card-image::after {\n    right: -16px;\n    width: 16px;\n    height: 100%;\n     background-repeat: no-repeat;\n    background-size: contain;\n}\nfaculty-edu .card-image::before {\n    left: -16px;\n    width: 16px;\n    height: 100%;\n        background-repeat: no-repeat;\n    background-size: contain;\n}\n   }\n  <\/style>\n\n<style>\r\n.vc-contact.position-relative {\r\n    display: none;\r\n}\r\n\t.vc-banner {\r\n    display: none;\r\n}\r\n\r\n\r\n<\/style>\r\n  \r\n\n","protected":false},"excerpt":{"rendered":"<p>Ch\u01b0\u01a1ng tr\u00ecnh \u0111\u00e0o t\u1ea1o t\u1ea1i Khoa Marketing &#8211; Truy\u1ec1n th\u00f4ng \u0111\u01b0\u1ee3c c\u00f4ng nh\u1eadn b\u1edfi H\u1ed9i \u0111\u1ed3ng Ki\u1ec3m \u0111\u1ecbnh c\u00e1c Tr\u01b0\u1eddng v\u00e0 Ch\u01b0\u01a1ng tr\u00ecnh \u0110\u00e0o t\u1ea1o v\u1ec1 Kinh doanh c\u1ee7a Hoa K\u1ef3 ACBSP.<\/p>\n","protected":false},"author":5427,"featured_media":2256,"parent":0,"menu_order":0,"comment_status":"closed","ping_status":"closed","template":"","meta":{"footnotes":""},"class_list":["post-1794","page","type-page","status-publish","has-post-thumbnail","hentry"],"acf":[],"_links":{"self":[{"href":"https:\/\/www.hoasen.edu.vn\/mktt\/wp-json\/wp\/v2\/pages\/1794","targetHints":{"allow":["GET"]}}],"collection":[{"href":"https:\/\/www.hoasen.edu.vn\/mktt\/wp-json\/wp\/v2\/pages"}],"about":[{"href":"https:\/\/www.hoasen.edu.vn\/mktt\/wp-json\/wp\/v2\/types\/page"}],"author":[{"embeddable":true,"href":"https:\/\/www.hoasen.edu.vn\/mktt\/wp-json\/wp\/v2\/users\/5427"}],"replies":[{"embeddable":true,"href":"https:\/\/www.hoasen.edu.vn\/mktt\/wp-json\/wp\/v2\/comments?post=1794"}],"version-history":[{"count":6,"href":"https:\/\/www.hoasen.edu.vn\/mktt\/wp-json\/wp\/v2\/pages\/1794\/revisions"}],"predecessor-version":[{"id":2292,"href":"https:\/\/www.hoasen.edu.vn\/mktt\/wp-json\/wp\/v2\/pages\/1794\/revisions\/2292"}],"wp:featuredmedia":[{"embeddable":true,"href":"https:\/\/www.hoasen.edu.vn\/mktt\/wp-json\/wp\/v2\/media\/2256"}],"wp:attachment":[{"href":"https:\/\/www.hoasen.edu.vn\/mktt\/wp-json\/wp\/v2\/media?parent=1794"}],"curies":[{"name":"wp","href":"https:\/\/api.w.org\/{rel}","templated":true}]}}