{"id":1792,"date":"2025-08-26T01:50:27","date_gmt":"2025-08-25T18:50:27","guid":{"rendered":"https:\/\/www.hoasen.edu.vn\/mktt\/?page_id=1792"},"modified":"2025-08-26T09:01:18","modified_gmt":"2025-08-26T02:01:18","slug":"kiem-dinh-quoc-te","status":"publish","type":"page","link":"https:\/\/www.hoasen.edu.vn\/mktt\/gioi-thieu\/kiem-dinh-quoc-te\/","title":{"rendered":"Ki\u1ec3m \u0111\u1ecbnh qu\u1ed1c t\u1ebf"},"content":{"rendered":"\n<div class=\"wp-block-columns qual-veri is-layout-flex wp-container-core-columns-is-layout-9d6595d7 wp-block-columns-is-layout-flex\">\n<div class=\"wp-block-column is-layout-flow wp-block-column-is-layout-flow\">\n<div class=\"wp-block-media-text is-stacked-on-mobile\"><figure class=\"wp-block-media-text__media\"><img decoding=\"async\" src=\"https:\/\/www.hoasen.edu.vn\/ktqt\/wp-content\/uploads\/sites\/15\/2025\/05\/KIEM-DINH-ASIIN-05.jpg\" alt=\"Ki\u1ec3m \u0111\u1ecbnh qu\u1ed1c t\u1ebf ASIIN - \u0110\u1ee9c\" class=\"wp-image-7217 size-full\"\/><\/figure><div class=\"wp-block-media-text__content\">\n<h2><strong>Ki\u1ec3m \u0111\u1ecbnh ch\u1ea5t l\u01b0\u1ee3ng <span style=\"color: #ff0000;\">ASIIN<\/span><\/strong><\/h2>\n<p><span style=\"color: #4a5567;\">Ng\u00e0y 10\/04\/2025, Tr\u01b0\u1eddng \u0110\u1ea1i h\u1ecdc Hoa Sen ch\u00ednh th\u1ee9c \u0111\u1ea1t ki\u1ec3m \u0111\u1ecbnh <strong>c\u1ea5p c\u01a1 s\u1edf gi\u00e1o d\u1ee5c<\/strong> theo chu\u1ea9n ch\u1ea5t l\u01b0\u1ee3ng \u0111\u1ea1i h\u1ecdc c\u1ee7a ch\u00e2u \u00c2u &#8211; ASIIN (\u0110\u1ee9c), tr\u1edf th\u00e0nh tr\u01b0\u1eddng \u0111\u1ea1i h\u1ecdc t\u01b0 th\u1ee5c <strong>\u0111\u1ea7u ti\u00ean<\/strong> v\u00e0 l\u00e0 tr\u01b0\u1eddng th\u1ee9 2 t\u1ea1i Vi\u1ec7t Nam \u0111\u1ea1t ki\u1ec3m \u0111\u1ecbnh qu\u1ed1c t\u1ebf n\u00e0y. \u0110\u00e2y l\u00e0 b\u01b0\u1edbc ti\u1ebfn l\u1edbn trong h\u00e0nh tr\u00ecnh v\u01b0\u01a1n t\u1ea7m qu\u1ed1c t\u1ebf c\u1ee7a HSU khi <strong>\u0111\u00e1p \u1ee9ng to\u00e0n di\u1ec7n 4 ti\u00eau ch\u00ed<\/strong>: Qu\u1ea3n tr\u1ecb v\u00e0 m\u1ee5c ti\u00eau chi\u1ebfn l\u01b0\u1ee3c, ch\u01b0\u01a1ng tr\u00ecnh \u0111\u00e0o t\u1ea1o v\u00e0 h\u1ed7 tr\u1ee3 ng\u01b0\u1eddi h\u1ecdc, qu\u1ea3n tr\u1ecb ngu\u1ed3n l\u1ef1c v\u00e0 ph\u00e1t tri\u1ec3n \u0111\u1ed9i ng\u0169, t\u00ednh minh b\u1ea1ch v\u00e0 h\u1ec7 th\u1ed1ng l\u01b0u tr\u1eef v\u0103n b\u1ea3n.<\/span><\/p>\n<p><strong>L\u1ee3i th\u1ebf khi h\u1ecdc ch\u01b0\u01a1ng tr\u00ecnh \u0111\u1ea1t ki\u1ec3m \u0111\u1ecbnh<\/strong><\/p>\n<ul>\n<li><span style=\"color: #4a5567;\">Sinh vi\u00ean Hoa Sen s\u1edf h\u1eefu l\u1ee3i th\u1ebf c\u1ea1nh tranh r\u00f5 r\u1ec7t tr\u00ean th\u1ecb tr\u01b0\u1eddng lao \u0111\u1ed9ng trong n\u01b0\u1edbc v\u00e0 qu\u1ed1c t\u1ebf. N\u0103m 2024, <a href=\"https:\/\/laodong.vn\/ldt\/dao-tao\/loi-the-vuot-troi-cua-sinh-vien-khi-hoc-chuong-trinh-kiem-dinh-quoc-te-1503485.ldo\" target=\"_blank\" rel=\"noopener\"><strong>h\u01a1n 90% sinh vi\u00ean HSU c\u00f3 vi\u1ec7c l\u00e0m<\/strong><\/a> ngay khi t\u1ed1t nghi\u1ec7p, \u0111\u01b0\u1ee3c c\u00e1c doanh nghi\u1ec7p \u0111\u00e1nh gi\u00e1 cao v\u1ec1 s\u1ef1 ch\u1ee7 \u0111\u1ed9ng, chuy\u00ean m\u00f4n v\u00e0 kh\u1ea3 n\u0103ng h\u1ed9i nh\u1eadp.&nbsp;&nbsp;<\/span><\/li>\n<li><span style=\"color: #4a5567;\">Sinh vi\u00ean s\u1ebd \u0111\u01b0\u1ee3c t\u0103ng c\u01a1 h\u1ed9i <strong>nh\u1eadn h\u1ecdc b\u1ed5ng qu\u1ed1c t\u1ebf<\/strong>, <strong>chuy\u1ec3n \u0111\u1ed5i t\u00edn ch\u1ec9<\/strong> v\u00e0 tham gia c\u00e1c <strong>ch\u01b0\u01a1ng tr\u00ecnh trao \u0111\u1ed5i qu\u1ed1c t\u1ebf<\/strong> \u0111\u01b0\u1ee3c c\u00f4ng nh\u1eadn b\u1edfi c\u00e1c tr\u01b0\u1eddng t\u1ea1i ch\u00e2u \u00c2u.<\/span><\/li>\n<li><span style=\"color: #4a5567;\">Vi\u1ec7c th\u1ef1c hi\u1ec7n ki\u1ec3m \u0111\u1ecbnh ASIIN g\u00f3p ph\u1ea7n gi\u00fap HSU <strong>m\u1edf r\u1ed9ng m\u1ed1i quan h\u1ec7 h\u1ee3p t\u00e1c<\/strong> v\u1edbi c\u00e1c tr\u01b0\u1eddng \u0111\u1ea1i h\u1ecdc danh ti\u1ebfng t\u1ea1i Ch\u00e2u \u00c2u, thu h\u00fat \u0111\u1ed1i t\u00e1c, sinh vi\u00ean qu\u1ed1c t\u1ebf v\u00e0 doanh nghi\u1ec7p h\u1ee3p t\u00e1c \u0111\u00e0o t\u1ea1o &#8211; tuy\u1ec3n d\u1ee5ng.<\/span><\/li>\n<\/ul>\n<\/div><\/div>\n\n\n\n<div style=\"height:50px\" aria-hidden=\"true\" class=\"wp-block-spacer\"><\/div>\n\n\n\n<div class=\"wp-block-media-text is-stacked-on-mobile\"><figure class=\"wp-block-media-text__media\"><img decoding=\"async\" src=\"https:\/\/www.hoasen.edu.vn\/ktqt\/wp-content\/uploads\/sites\/15\/2025\/05\/Group-1000004020.png\" alt=\"Ki\u1ec3m \u0111\u1ecbnh qu\u1ed1c t\u1ebf ACBSP (Hoa K\u1ef3)\" class=\"wp-image-6005 size-full\"\/><\/figure><div class=\"wp-block-media-text__content\">\n<h2><strong>Ki\u1ec3m \u0111\u1ecbnh ch\u1ea5t l\u01b0\u1ee3ng <span style=\"color: #ff0000;\">ACBSP<\/span><\/strong><\/h2>\n<p><span style=\"color: #4a5567;\">T\u1eeb n\u0103m 2015, Khoa Marketing &#8211; Truy\u1ec1n th\u00f4ng <strong>\u0111\u1ea1t ki\u1ec3m \u0111\u1ecbnh ACBSP<\/strong> \u2013 H\u1ed9i \u0111\u1ed3ng Ki\u1ec3m \u0111\u1ecbnh c\u00e1c Tr\u01b0\u1eddng v\u00e0 Ch\u01b0\u01a1ng tr\u00ecnh \u0110\u00e0o t\u1ea1o v\u1ec1 Kinh doanh (Hoa K\u1ef3) cho ch\u01b0\u01a1ng tr\u00ecnh <b>Marketing<\/b>. Theo \u0111\u00f3, ch\u01b0\u01a1ng tr\u00ecnh c\u00f3 kh\u1ed1i l\u01b0\u1ee3ng ki\u1ebfn th\u1ee9c v\u00e0 k\u1ef9 n\u0103ng t\u01b0\u01a1ng \u0111\u01b0\u01a1ng v\u1edbi c\u00e1c tr\u01b0\u1eddng kinh doanh t\u1ea1i M\u1ef9. Sinh vi\u00ean tham gia \u0111\u00e1nh gi\u00e1 \u0111\u1ed9c l\u1eadp v\u1edbi b\u00ean th\u1ee9 3 nh\u1eb1m <strong>\u0111\u1ea3m b\u1ea3o ch\u1ea5t l\u01b0\u1ee3ng \u0111\u1ea7u ra<\/strong> nh\u01b0 c\u00e1c tr\u01b0\u1eddng qu\u1ed1c t\u1ebf trong h\u1ec7 th\u1ed1ng ACBSP.\u00a0<\/span><\/p>\n<p><strong>L\u1ee3i th\u1ebf khi h\u1ecdc ch\u01b0\u01a1ng tr\u00ecnh \u0111\u1ea1t ki\u1ec3m \u0111\u1ecbnh<\/strong><\/p>\n<ul>\n<li><span style=\"color: #4a5567;\">Sinh vi\u00ean \u0111\u01b0\u1ee3c ti\u1ebfp c\u1eadn ch\u01b0\u01a1ng tr\u00ecnh \u0111\u1ea1o t\u1ea1o ch\u1ea5t l\u01b0\u1ee3ng qu\u1ed1c t\u1ebf ngay t\u1ea1i Vi\u1ec7t Nam, t\u1eeb \u0111\u00f3 ph\u00e1t tri\u1ec3n n\u0103ng l\u1ef1c chuy\u00ean m\u00f4n v\u00e0 k\u1ef9 n\u0103ng ngh\u1ec1 nghi\u1ec7p<\/span><\/li>\n<li><span style=\"color: #4a5567;\">N\u0103ng l\u1ef1c chuy\u00ean m\u00f4n c\u1ee7a \u0111\u1ed9i ng\u0169 gi\u1ea3ng vi\u00ean c\u00f9ng c\u00e1c d\u1ecbch v\u1ee5 h\u1ed7 tr\u1ee3 \u0111\u01b0\u1ee3c n\u00e2ng c\u1ea5p th\u01b0\u1eddng xuy\u00ean theo ti\u00eau chu\u1ea9n qu\u1ed1c t\u1ebf, \u0111\u1ea3m b\u1ea3o mang l\u1ea1i tr\u1ea3i nghi\u1ec7m h\u1ecdc t\u1eadp t\u1ed1i \u01b0u d\u00e0nh cho sinh vi\u00ean.<\/span><\/li>\n<li><span style=\"color: #4a5567;\">V\u0103n b\u1eb1ng \u0111\u01b0\u1ee3c c\u00f4ng nh\u1eadn r\u1ed9ng r\u00e3i trong n\u01b0\u1edbc v\u00e0 qu\u1ed1c t\u1ebf, t\u1ea1o \u0111i\u1ec1u ki\u1ec7n thu\u1eadn l\u1ee3i cho c\u00e1c ho\u1ea1t \u0111\u1ed9ng h\u1ecdc t\u1eadp v\u00e0 vi\u1ec7c l\u00e0m sau n\u00e0y c\u1ee7a sinh vi\u00ean.<\/span><\/li>\n<li><span style=\"color: #4a5567;\">Vi\u1ec7c c\u00f4ng nh\u1eadn t\u00edn ch\u1ec9 v\u00e0 chuy\u1ec3n \u0111\u1ed5i h\u1ecdc t\u1eadp gi\u1eefa c\u00e1c tr\u01b0\u1eddng trong khu v\u1ef1c v\u00e0 qu\u1ed1c t\u1ebf d\u1ec5 d\u00e0ng, nh\u1ea5t l\u00e0 khi sinh vi\u00ean h\u1ecdc t\u1eadp \u1edf b\u1eadc cao h\u01a1n.<\/span><\/li>\n<li><span style=\"color: #4a5567;\">Sinh vi\u00ean c\u00f3 c\u01a1 h\u1ed9i \u0111\u01b0\u1ee3c ti\u1ebfp c\u1eadn v\u1edbi c\u00e1c doanh nghi\u1ec7p \u0111a qu\u1ed1c gia, n\u00e2ng cao l\u1ee3i th\u1ebf c\u1ea1nh tranh tr\u00ean th\u1ecb tr\u01b0\u1eddng lao \u0111\u1ed9ng to\u00e0n c\u1ea7u.<\/span><\/li>\n<\/ul>\n<\/div><\/div>\n\n\n\n<div style=\"height:40px\" aria-hidden=\"true\" class=\"wp-block-spacer\"><\/div>\n<\/div>\n<\/div>\n\n\n<style>\r\n.vc-contact.position-relative {\r\n    display: none;\r\n}\r\n\t.vc-banner {\r\n    display: none;\r\n}\r\n\r\n\r\n<\/style>\r\n  \r\n\n","protected":false},"excerpt":{"rendered":"<p>T\u1eeb n\u0103m 2015, Khoa Marketing &#8211; Truy\u1ec1n th\u00f4ng \u0111\u00e3 \u0111\u1ea1t ki\u1ec3m \u0111\u1ecbnh qu\u1ed1c t\u1ebf ACBSP (Hoa K\u1ef3) cho ng\u00e0nh Marketing.<\/p>\n","protected":false},"author":5427,"featured_media":2063,"parent":1784,"menu_order":3,"comment_status":"closed","ping_status":"closed","template":"","meta":{"footnotes":""},"class_list":["post-1792","page","type-page","status-publish","has-post-thumbnail","hentry"],"acf":[],"_links":{"self":[{"href":"https:\/\/www.hoasen.edu.vn\/mktt\/wp-json\/wp\/v2\/pages\/1792","targetHints":{"allow":["GET"]}}],"collection":[{"href":"https:\/\/www.hoasen.edu.vn\/mktt\/wp-json\/wp\/v2\/pages"}],"about":[{"href":"https:\/\/www.hoasen.edu.vn\/mktt\/wp-json\/wp\/v2\/types\/page"}],"author":[{"embeddable":true,"href":"https:\/\/www.hoasen.edu.vn\/mktt\/wp-json\/wp\/v2\/users\/5427"}],"replies":[{"embeddable":true,"href":"https:\/\/www.hoasen.edu.vn\/mktt\/wp-json\/wp\/v2\/comments?post=1792"}],"version-history":[{"count":2,"href":"https:\/\/www.hoasen.edu.vn\/mktt\/wp-json\/wp\/v2\/pages\/1792\/revisions"}],"predecessor-version":[{"id":2064,"href":"https:\/\/www.hoasen.edu.vn\/mktt\/wp-json\/wp\/v2\/pages\/1792\/revisions\/2064"}],"up":[{"embeddable":true,"href":"https:\/\/www.hoasen.edu.vn\/mktt\/wp-json\/wp\/v2\/pages\/1784"}],"wp:featuredmedia":[{"embeddable":true,"href":"https:\/\/www.hoasen.edu.vn\/mktt\/wp-json\/wp\/v2\/media\/2063"}],"wp:attachment":[{"href":"https:\/\/www.hoasen.edu.vn\/mktt\/wp-json\/wp\/v2\/media?parent=1792"}],"curies":[{"name":"wp","href":"https:\/\/api.w.org\/{rel}","templated":true}]}}