{"id":8965,"date":"2025-08-11T15:44:33","date_gmt":"2025-08-11T08:44:33","guid":{"rendered":"https:\/\/www.hoasen.edu.vn\/lgtmqt\/?page_id=8965"},"modified":"2026-03-26T11:07:51","modified_gmt":"2026-03-26T04:07:51","slug":"trai-nghiem-chuyen-nganh","status":"publish","type":"page","link":"https:\/\/www.hoasen.edu.vn\/lgtmqt\/trai-nghiem-chuyen-nganh\/","title":{"rendered":"Tr\u1ea3i nghi\u1ec7m"},"content":{"rendered":"\n<div class=\"wp-block-columns alignfull is-not-stacked-on-mobile block-faculty inf-center is-layout-flex wp-container-core-columns-is-layout-9d6595d7 wp-block-columns-is-layout-flex\">\n<div class=\"wp-block-column is-vertically-aligned-top fy-inf-bg-left is-layout-flow wp-block-column-is-layout-flow\" style=\"flex-basis:25%\"><div class=\"wp-block-image\">\n<figure class=\"alignleft size-large\"><img decoding=\"async\" src=\"https:\/\/www.hoasen.edu.vn\/wp-content\/themes\/ru-hsu\/assets\/faculty\/img\/Group_1000004021.svg\" alt=\"\"\/><\/figure>\n<\/div><\/div>\n\n\n\n<div class=\"wp-block-column is-vertically-aligned-center fy-inf-cnt is-layout-flow wp-block-column-is-layout-flow\" style=\"flex-basis:50%\">\n<h2 class=\"wp-block-heading has-text-align-center\" style=\"font-size:32px\">Tr\u1ea3i nghi\u1ec7m <\/h2>\n\n\n\n<div style=\"height:24px\" aria-hidden=\"true\" class=\"wp-block-spacer\"><\/div>\n\n\n\n<p class=\"has-text-align-center has-text-color has-link-color has-medium-font-size wp-elements-d5c1116f3927215953dead9f1434f6a3\" style=\"color:#4a5567\">T\u1ea1i Khoa Logistics &#8211; Th\u01b0\u01a1ng m\u1ea1i Qu\u1ed1c t\u1ebf, c\u00e1c m\u00f4n h\u1ecdc \u0111\u1ec1 \u00e1n \u0111\u01b0\u1ee3c t\u1ed5 ch\u1ee9c d\u01b0\u1edbi h\u00ecnh th\u1ee9c <strong>cu\u1ed9c thi h\u1ecdc thu\u1eadt<\/strong> ho\u1eb7c <strong>th\u1ef1c h\u00e0nh d\u1ef1 \u00e1n <\/strong>trong l\u0129nh v\u1ef1c kinh doanh, th\u01b0\u01a1ng m\u1ea1i \u0111i\u1ec7n t\u1eed nh\u1eb1m gi\u00fap sinh vi\u00ean kh\u00e1m ph\u00e1 ph\u00e1 b\u1ea3n th\u00e2n, t\u00edch l\u0169y kinh nghi\u1ec7m th\u1ef1c ti\u1ec5n v\u00e0 k\u1ebft n\u1ed1i doanh nghi\u1ec7p. Sinh vi\u00ean c\u00f3 th\u1ec3 l\u1ef1a ch\u1ecdn tr\u1edf th\u00e0nh Ban t\u1ed5 ch\u1ee9c&nbsp;<strong>tr\u1ef1c ti\u1ebfp \u0111i\u1ec1u h\u00e0nh d\u1ef1 \u00e1n<\/strong>&nbsp;ho\u1eb7c tham gia v\u1edbi vai tr\u00f2 th\u00ed sinh \u0111\u1ec3 th\u1eed s\u1ee9c trong m\u00f4i tr\u01b0\u1eddng c\u1ea1nh tranh h\u1ecdc thu\u1eadt gi\u00e0u t\u00ednh th\u1ef1c ti\u1ec5n.<\/p>\n<\/div>\n\n\n\n<div class=\"wp-block-column is-vertically-aligned-top fy-inf-bg-right is-layout-flow wp-block-column-is-layout-flow\" style=\"flex-basis:25%\"><div class=\"wp-block-image\">\n<figure class=\"alignright size-large\"><img decoding=\"async\" src=\"https:\/\/www.hoasen.edu.vn\/wp-content\/themes\/ru-hsu\/assets\/faculty\/img\/Group_1000004020.svg\" alt=\"\"\/><\/figure>\n<\/div><\/div>\n<\/div>\n\n\n<div class=\"block-faculty projects-student\">\n                        <div class=\"project-s-card\">\n                <div class=\"project-s-content\">\n                                            <h2>Cu\u1ed9c thi \u0110\u1ea5u tr\u01b0\u1eddng Th\u01b0\u01a1ng m\u1ea1i Qu\u1ed1c t\u1ebf<\/h2>\n                                                                <div class=\"project-desc\">\n                            <article class=\"text-token-text-primary w-full focus:outline-none scroll-mt-[calc(var(--header-height)+min(200px,max(70px,20svh)))]\" dir=\"auto\" tabindex=\"-1\" data-turn-id=\"request-WEB:201f5f46-d6b2-4fab-bc2a-e784e2029944-9\" data-testid=\"conversation-turn-10\" data-scroll-anchor=\"true\" data-turn=\"assistant\">\n<div class=\"text-base my-auto mx-auto pb-10 [--thread-content-margin:--spacing(4)] @[37rem]:[--thread-content-margin:--spacing(6)] @[72rem]:[--thread-content-margin:--spacing(16)] px-(--thread-content-margin)\">\n<div class=\"[--thread-content-max-width:32rem] @[34rem]:[--thread-content-max-width:40rem] @[64rem]:[--thread-content-max-width:48rem] mx-auto max-w-(--thread-content-max-width) flex-1 group\/turn-messages focus-visible:outline-hidden relative flex w-full min-w-0 flex-col agent-turn\" tabindex=\"-1\">\n<div class=\"flex max-w-full flex-col grow\">\n<div class=\"min-h-8 text-message relative flex w-full flex-col items-end gap-2 text-start break-words whitespace-normal [.text-message+&amp;]:mt-5\" dir=\"auto\" data-message-author-role=\"assistant\" data-message-id=\"f917ec90-5413-4479-91cc-d9b930788b46\" data-message-model-slug=\"gpt-5\">\n<div class=\"flex w-full flex-col gap-1 empty:hidden first:pt-[3px]\">\n<div class=\"markdown prose dark:prose-invert w-full break-words light markdown-new-styling\">\n<p data-start=\"0\" data-end=\"761\" data-is-last-node=\"\" data-is-only-node=\"\">IBA l\u00e0 cu\u1ed9c thi v\u1ec1 kinh doanh v\u00e0 kh\u1edfi nghi\u1ec7p, n\u01a1i th\u00ed sinh v\u1eadn d\u1ee5ng ki\u1ebfn th\u1ee9c \u0111\u00e3 h\u1ecdc \u0111\u1ec3 x\u00e2y d\u1ef1ng v\u00e0 tri\u1ec3n khai m\u1ed9t d\u1ef1 \u00e1n kinh doanh. C\u00e1c \u0111\u1ed9i thi s\u1ebd tr\u1ea3i qua c\u00e1c b\u01b0\u1edbc quan tr\u1ecdng nh\u01b0 l\u1eadp k\u1ebf ho\u1ea1ch kinh doanh, chu\u1ea9n b\u1ecb proposal, x\u00e2y d\u1ef1ng chi\u1ebfn d\u1ecbch marketing, tr\u00ecnh b\u00e0y v\u00e0 ph\u1ea3n bi\u1ec7n tr\u01b0\u1edbc H\u1ed9i \u0111\u1ed3ng chuy\u00ean m\u00f4n. Th\u00f4ng qua \u0111\u00f3, th\u00ed sinh s\u1ebd \u0111\u01b0\u1ee3c tr\u1ea3i nghi\u1ec7m to\u00e0n b\u1ed9 quy tr\u00ecnh ho\u00e0n thi\u1ec7n m\u1ed9t k\u1ebf ho\u1ea1ch kinh doanh qu\u1ed1c t\u1ebf, \u0111\u1ed3ng th\u1eddi r\u00e8n luy\u1ec7n k\u1ef9 n\u0103ng l\u1eadp k\u1ebf ho\u1ea1ch, l\u00e0m vi\u1ec7c nh\u00f3m, thuy\u1ebft tr\u00ecnh v\u00e0 m\u1edf r\u1ed9ng hi\u1ec3u bi\u1ebft qua s\u1ef1 chia s\u1ebb t\u1eeb c\u00e1c chuy\u00ean gia.<\/p>\n<\/div>\n<\/div>\n<\/div>\n<\/div>\n<\/div>\n<\/div>\n<\/article>\n                        <\/div>\n                                    <\/div>\n                <div class=\"project-s-image\">\n                                            <img decoding=\"async\" src=\"https:\/\/www.hoasen.edu.vn\/lgtmqt\/wp-content\/uploads\/sites\/24\/2025\/08\/Da\u0302\u0301u-tru\u031bo\u031b\u0300ng-Thu\u031bo\u031bng-ma\u0323i-Quo\u0302\u0301c-te\u0302\u0301-2025-1.jpg\" alt=\"Cu\u1ed9c thi \u0110\u1ea5u tr\u01b0\u1eddng Th\u01b0\u01a1ng m\u1ea1i Qu\u1ed1c t\u1ebf\" \/>\n                                    <\/div>\n            <\/div>\n                    <div class=\"project-s-card\">\n                <div class=\"project-s-content\">\n                                            <h2>Cu\u1ed9c thi Hoa Sen Young Logistics Talent<\/h2>\n                                                                <div class=\"project-desc\">\n                            <p>Hoa Sen Young Logistics Talent l\u00e0 s\u00e2n ch\u01a1i h\u1ecdc thu\u1eadt d\u00e0nh cho sinh vi\u00ean Khoa Logistics &#8211; Th\u01b0\u01a1ng m\u1ea1i qu\u1ed1c t\u1ebf Tr\u01b0\u1eddng \u0110\u1ea1i h\u1ecdc Hoa Sen, n\u01a1i ki\u1ebfn th\u1ee9c chuy\u00ean ng\u00e0nh \u0111\u01b0\u1ee3c \u00e1p d\u1ee5ng v\u00e0o c\u00e1c th\u1eed th\u00e1ch th\u1ef1c ti\u1ec5n nh\u01b0 b\u00e0i ki\u1ec3m tra ki\u1ebfn th\u1ee9c, thuy\u1ebft tr\u00ecnh ch\u1ee7 \u0111\u1ec1 logistics d\u01b0\u1edbi d\u1ea1ng video, talkshow ho\u1eb7c k\u1ecbch t\u00ecnh hu\u1ed1ng. \u0110\u1ed9i xu\u1ea5t s\u1eafc nh\u1ea5t s\u1ebd \u0111\u1ea1i di\u1ec7n HSU tham gia v\u00f2ng to\u00e0n qu\u1ed1c c\u1ee7a T\u00e0i n\u0103ng tr\u1ebb Logistics Vi\u1ec7t Nam \u2013 s\u00e2n ch\u01a1i uy t\u00edn do VALOMA v\u00e0 C\u1ee5c Xu\u1ea5t nh\u1eadp kh\u1ea9u \u2013 B\u1ed9 C\u00f4ng Th\u01b0\u01a1ng t\u1ed5 ch\u1ee9c \u0111\u1ec3\u00a0tranh t\u00e0i c\u00f9ng c\u00e1c tr\u01b0\u1eddng \u0111\u1ea1i h\u1ecdc tr\u00ean c\u1ea3 n\u01b0\u1edbc.<\/p>\n                        <\/div>\n                                    <\/div>\n                <div class=\"project-s-image\">\n                                            <img decoding=\"async\" src=\"https:\/\/www.hoasen.edu.vn\/lgtmqt\/wp-content\/uploads\/sites\/24\/2025\/08\/Nganh-Logistics-va-Quan-ly-chuoi-cung-ung-HSU-1.jpg\" alt=\"Cu\u1ed9c thi Hoa Sen Young Logistics Talent\" \/>\n                                    <\/div>\n            <\/div>\n                    <div class=\"project-s-card\">\n                <div class=\"project-s-content\">\n                                            <h2>C\u00e2u l\u1ea1c b\u1ed9 Hoa Sen e-Commerce<\/h2>\n                                                                <div class=\"project-desc\">\n                            <p>C\u00e2u l\u1ea1c b\u1ed9 Hoa Sen e-Commerce l\u00e0 s\u00e2n ch\u01a1i d\u00e0nh cho nh\u1eefng b\u1ea1n tr\u1ebb \u0111am m\u00ea th\u01b0\u01a1ng m\u1ea1i \u0111i\u1ec7n t\u1eed, n\u01a1i k\u1ebft n\u1ed1i sinh vi\u00ean y\u00eau th\u00edch kinh doanh online, c\u00f4ng ngh\u1ec7 v\u00e0 marketing s\u1ed1. CLB th\u01b0\u1eddng xuy\u00ean t\u1ed5 ch\u1ee9c c\u00e1c bu\u1ed5i workshop, talkshow, d\u1ef1 \u00e1n th\u1ef1c h\u00e0nh v\u00e0 giao l\u01b0u v\u1edbi chuy\u00ean gia trong ng\u00e0nh, gi\u00fap sinh vi\u00ean r\u00e8n luy\u1ec7n k\u1ef9 n\u0103ng, m\u1edf r\u1ed9ng m\u1ea1ng l\u01b0\u1edbi quan h\u1ec7 v\u00e0 s\u1eb5n s\u00e0ng kh\u1edfi nghi\u1ec7p ho\u1eb7c l\u00e0m vi\u1ec7c trong m\u00f4i tr\u01b0\u1eddng th\u01b0\u01a1ng m\u1ea1i \u0111i\u1ec7n t\u1eed chuy\u00ean nghi\u1ec7p. \u0110\u00e2y kh\u00f4ng ch\u1ec9 l\u00e0 n\u01a1i h\u1ecdc h\u1ecfi m\u00e0 c\u00f2n l\u00e0 b\u1ec7 ph\u00f3ng \u0111\u1ec3 c\u00e1c \u00fd t\u01b0\u1edfng kinh doanh s\u1ed1 c\u1ee7a sinh vi\u00ean HSU tr\u1edf th\u00e0nh hi\u1ec7n th\u1ef1c.<\/p>\n                        <\/div>\n                                    <\/div>\n                <div class=\"project-s-image\">\n                                            <img decoding=\"async\" src=\"https:\/\/www.hoasen.edu.vn\/lgtmqt\/wp-content\/uploads\/sites\/24\/2025\/08\/nga\u0300nh-Thu\u031bo\u031bng-ma\u0323i-die\u0323\u0302n-tu\u031b\u0309-kho\u0302ng-bi\u0323-AI-thay-the\u0302\u0301.jpg\" alt=\"C\u00e2u l\u1ea1c b\u1ed9 Hoa Sen e-Commerce\" \/>\n                                    <\/div>\n            <\/div>\n                    <div class=\"project-s-card\">\n                <div class=\"project-s-content\">\n                                            <h2>C\u00e2u l\u1ea1c b\u1ed9 Hoa Sen Logistics<\/h2>\n                                                                <div class=\"project-desc\">\n                            <article class=\"text-token-text-primary w-full focus:outline-none scroll-mt-[calc(var(--header-height)+min(200px,max(70px,20svh)))]\" dir=\"auto\" tabindex=\"-1\" data-turn-id=\"request-WEB:201f5f46-d6b2-4fab-bc2a-e784e2029944-11\" data-testid=\"conversation-turn-14\" data-scroll-anchor=\"true\" data-turn=\"assistant\">\n<div class=\"text-base my-auto mx-auto pb-10 [--thread-content-margin:--spacing(4)] @[37rem]:[--thread-content-margin:--spacing(6)] @[72rem]:[--thread-content-margin:--spacing(16)] px-(--thread-content-margin)\">\n<div class=\"[--thread-content-max-width:32rem] @[34rem]:[--thread-content-max-width:40rem] @[64rem]:[--thread-content-max-width:48rem] mx-auto max-w-(--thread-content-max-width) flex-1 group\/turn-messages focus-visible:outline-hidden relative flex w-full min-w-0 flex-col agent-turn\" tabindex=\"-1\">\n<div class=\"flex max-w-full flex-col grow\">\n<div class=\"min-h-8 text-message relative flex w-full flex-col items-end gap-2 text-start break-words whitespace-normal [.text-message+&amp;]:mt-5\" dir=\"auto\" data-message-author-role=\"assistant\" data-message-id=\"9710dc6e-8390-4af9-868f-66d12e77f10a\" data-message-model-slug=\"gpt-5\">\n<div class=\"flex w-full flex-col gap-1 empty:hidden first:pt-[3px]\">\n<div class=\"markdown prose dark:prose-invert w-full break-words light markdown-new-styling\">\n<p data-start=\"0\" data-end=\"831\" data-is-last-node=\"\" data-is-only-node=\"\">C\u00e2u l\u1ea1c b\u1ed9 Hoa Sen Logistics l\u00e0 \u0111i\u1ec3m h\u1eb9n c\u1ee7a nh\u1eefng sinh vi\u00ean \u0111am m\u00ea l\u0129nh v\u1ef1c Logistics v\u00e0 Qu\u1ea3n l\u00fd chu\u1ed7i cung \u1ee9ng t\u1ea1i Tr\u01b0\u1eddng \u0110\u1ea1i h\u1ecdc Hoa Sen. CLB \u0111\u01b0\u1ee3c th\u00e0nh l\u1eadp nh\u1eb1m t\u1ea1o m\u00f4i tr\u01b0\u1eddng h\u1ecdc t\u1eadp \u2013 giao l\u01b0u \u2013 tr\u1ea3i nghi\u1ec7m th\u1ef1c ti\u1ec5n, n\u01a1i c\u00e1c th\u00e0nh vi\u00ean c\u00f3 th\u1ec3 trao \u0111\u1ed5i ki\u1ebfn th\u1ee9c chuy\u00ean ng\u00e0nh, c\u1eadp nh\u1eadt xu h\u01b0\u1edbng m\u1edbi c\u1ee7a ng\u00e0nh v\u1eadn t\u1ea3i, xu\u1ea5t nh\u1eadp kh\u1ea9u, kho b\u00e3i v\u00e0 th\u01b0\u01a1ng m\u1ea1i qu\u1ed1c t\u1ebf. B\u00ean c\u1ea1nh c\u00e1c bu\u1ed5i sinh ho\u1ea1t chuy\u00ean \u0111\u1ec1, CLB th\u01b0\u1eddng xuy\u00ean t\u1ed5 ch\u1ee9c workshop, talkshow, company tour, tham gia \u2013 h\u1ed7 tr\u1ee3 c\u00e1c cu\u1ed9c thi h\u1ecdc thu\u1eadt nh\u01b0 Hoa Sen Young Logistics Talent v\u00e0 c\u00e1c s\u1ef1 ki\u1ec7n ng\u00e0nh do hi\u1ec7p h\u1ed9i, doanh nghi\u1ec7p t\u1ed5 ch\u1ee9c.<\/p>\n<\/div>\n<\/div>\n<\/div>\n<\/div>\n<\/div>\n<\/div>\n<\/article>\n                        <\/div>\n                                    <\/div>\n                <div class=\"project-s-image\">\n                                            <img decoding=\"async\" src=\"https:\/\/www.hoasen.edu.vn\/lgtmqt\/wp-content\/uploads\/sites\/24\/2025\/08\/Sinh-vien-Khoa-Logistics-Thuong-mai-quoc-te-HSU-2-1.jpg\" alt=\"C\u00e2u l\u1ea1c b\u1ed9 Hoa Sen Logistics\" \/>\n                                    <\/div>\n            <\/div>\n            <\/div>\n\n\n\n\n<div class=\"block-faculty image-gallery-ps\">\n  <h2><\/h2>\n\n  <div class=\"gallery-ps row-1\">\n          <div class=\"main-image\">\n        <img decoding=\"async\" src=\"https:\/\/www.hoasen.edu.vn\/lgtmqt\/wp-content\/uploads\/sites\/24\/2025\/08\/Sinh-vien-Khoa-Logistics-Thuong-mai-quoc-te-HSU-4.jpg\" alt=\"\" style=\"aspect-ratio: 16 \/ 9;\">\n      <\/div>\n\n              <div class=\"gr-sub-img\">\n                      <div class=\"sub-image\">\n              <img decoding=\"async\" src=\"https:\/\/www.hoasen.edu.vn\/lgtmqt\/wp-content\/uploads\/sites\/24\/2025\/08\/Nganh-Logistics-va-Quan-ly-chuoi-cung-ung-HSU.jpg\" alt=\"\">\n            <\/div>\n                      <div class=\"sub-image\">\n              <img decoding=\"async\" src=\"https:\/\/www.hoasen.edu.vn\/lgtmqt\/wp-content\/uploads\/sites\/24\/2025\/08\/nga\u0300nh-Thu\u031bo\u031bng-ma\u0323i-die\u0323\u0302n-tu\u031b\u0309-kho\u0302ng-bi\u0323-AI-thay-the\u0302\u0301-2.jpg\" alt=\"\">\n            <\/div>\n                  <\/div>\n            <\/div>\n\n      <div class=\"gallery-ps row-2\">\n              <div class=\"sub-image\">\n          <img decoding=\"async\" src=\"https:\/\/www.hoasen.edu.vn\/lgtmqt\/wp-content\/uploads\/sites\/24\/2025\/08\/Hoa-Sen-Logistics-Club-3.jpg\" alt=\"\">\n        <\/div>\n              <div class=\"sub-image\">\n          <img decoding=\"async\" src=\"https:\/\/www.hoasen.edu.vn\/lgtmqt\/wp-content\/uploads\/sites\/24\/2025\/08\/Hoa-Sen-Logistics-Club.jpg\" alt=\"\">\n        <\/div>\n              <div class=\"sub-image\">\n          <img decoding=\"async\" src=\"https:\/\/www.hoasen.edu.vn\/lgtmqt\/wp-content\/uploads\/sites\/24\/2025\/08\/Sinh-vien-Khoa-Logistics-Thuong-mai-quoc-te-HSU-3-1.jpg\" alt=\"\">\n        <\/div>\n              <div class=\"sub-image\">\n          <img decoding=\"async\" src=\"https:\/\/www.hoasen.edu.vn\/lgtmqt\/wp-content\/uploads\/sites\/24\/2025\/08\/Sinh-vien-Khoa-Logistics-Thuong-mai-quoc-te-HSU-1-1.jpg\" alt=\"\">\n        <\/div>\n              <div class=\"sub-image\">\n          <img decoding=\"async\" src=\"https:\/\/www.hoasen.edu.vn\/lgtmqt\/wp-content\/uploads\/sites\/24\/2025\/08\/Hoa-Sen-Logistics-Club-4.jpg\" alt=\"\">\n        <\/div>\n              <div class=\"sub-image\">\n          <img decoding=\"async\" src=\"https:\/\/www.hoasen.edu.vn\/lgtmqt\/wp-content\/uploads\/sites\/24\/2025\/08\/Hoa-Sen-Logistics-Club-2.jpg\" alt=\"\">\n        <\/div>\n          <\/div>\n  <\/div>\n\n\n\n\n\n<div class=\"wp-block-columns alignfull are-vertically-aligned-top block-faculty fy-contact width-1200 is-layout-flex wp-container-core-columns-is-layout-9d6595d7 wp-block-columns-is-layout-flex\">\n<div class=\"wp-block-column is-vertically-aligned-top is-layout-flow wp-block-column-is-layout-flow\" style=\"flex-basis:30%\">\n<h2 class=\"wp-block-heading\" style=\"font-size:32px\">Li\u00ean h\u1ec7<\/h2>\n\n\n\n<p>C\u00e1c c\u00e2u l\u1ea1c b\u1ed9 Khoa Logistics &#8211; Th\u01b0\u01a1ng m\u1ea1i qu\u1ed1c t\u1ebf<\/p>\n<\/div>\n\n\n\n<div class=\"wp-block-column is-vertically-aligned-top is-layout-flow wp-block-column-is-layout-flow\" style=\"flex-basis:65%\" id=\"faculty-accordion\">\t\t<div id=\"block_664e0dc89a343264a5635081ba94a91d\" class=\"vc-accor\">\r\n\t\t\t\t\t\t\t<div class=\"vc-accor__item\">\r\n\t\t\t\t\t\t\t\t\t\t<input type=\"checkbox\" id=\"rdblock_664e0dc89a343264a5635081ba94a91d-1\" name=\"rd\">\r\n\t\t\t\t\t<label class=\"vc-accor__label d-block position-relative\" for=\"rdblock_664e0dc89a343264a5635081ba94a91d-1\">\r\n\t\t\t\t\t\t<span class=\"p-relative\">C\u00e2u l\u1ea1c b\u1ed9 Hoa Sen e-Commerce<\/span>\r\n\t\t\t\t\t\t<svg class=\"vc-icon position-absolute\"><use xlink:href=\"https:\/\/www.hoasen.edu.vn\/lgtmqt\/wp-content\/themes\/ru-hsu\/assets\/img\/icons.svg#i-arrow-down\" \/><\/svg>\r\n\t\t\t\t\t<\/label>\r\n\t\t\t\t\t<div class=\"vc-accor__content\">\r\n\t\t\t\t\t\t<p><strong>Fanpage:<\/strong> <a href=\"https:\/\/www.facebook.com\/hoasenEcomCLUB\/\" target=\"_blank\" rel=\"noopener\">https:\/\/www.facebook.com\/hoasenEcomCLUB\/<\/a><\/p>\n<p><strong>Email:<\/strong> <a href=\"mailto:hoasenecomclub@gmail.com\">hoasenecomclub@gmail.com<\/a><\/p>\n<p>&nbsp;<\/p>\n\t\t\t\t\t<\/div>\r\n\t\t\t\t<\/div>\r\n\t\t\t\t\t\t\t<div class=\"vc-accor__item\">\r\n\t\t\t\t\t\t\t\t\t\t<input type=\"checkbox\" id=\"rdblock_664e0dc89a343264a5635081ba94a91d-2\" name=\"rd\">\r\n\t\t\t\t\t<label class=\"vc-accor__label d-block position-relative\" for=\"rdblock_664e0dc89a343264a5635081ba94a91d-2\">\r\n\t\t\t\t\t\t<span class=\"p-relative\">C\u00e2u l\u1ea1c b\u1ed9 Hoa Sen Logistics<\/span>\r\n\t\t\t\t\t\t<svg class=\"vc-icon position-absolute\"><use xlink:href=\"https:\/\/www.hoasen.edu.vn\/lgtmqt\/wp-content\/themes\/ru-hsu\/assets\/img\/icons.svg#i-arrow-down\" \/><\/svg>\r\n\t\t\t\t\t<\/label>\r\n\t\t\t\t\t<div class=\"vc-accor__content\">\r\n\t\t\t\t\t\t<p><strong>Fanpage:<\/strong> <a href=\"https:\/\/www.facebook.com\/HoaSenLogistics\/\" target=\"_blank\" rel=\"noopener\">https:\/\/www.facebook.com\/HoaSenLogistics\/<\/a><\/p>\n<p><strong>Email:<\/strong> <a href=\"mailto:Logisticshsc@gmail.com\">Logisticshsc@gmail.com<\/a><\/p>\n\t\t\t\t\t<\/div>\r\n\t\t\t\t<\/div>\r\n\t\t\t\t\t<\/div>\r\n\t<\/div>\n<\/div>\n\n\n<p><style>\r\n.vc-contact.position-relative {\r\n    display: none;\r\n}\r\n\t.vc-banner {\r\n    display: none;\r\n}\r\n\r\n\r\n<\/style>\r\n  \r\n<br \/>\n<style>\r\n.vc-contact.position-relative {\r\n    display: none;\r\n}\r\ndiv#widFbWidget {\r\n    display: none;\r\n}\r\n.vc-footer__col.col-12.col-md-5.col-lg-5.col-xl-2.col-xxl-3 .row {\r\n    display: grid;\r\n    grid-template-columns: 50% 50%;\r\n}\r\n.row.vc-footer__row {\r\n    margin-top: 100px;\r\n}\r\nfooter#jsFooter {\r\n    position: relative;\r\n}\r\na.vc-footer__logo.d-none.d-xl-inline-block.mb-3 {\r\n    position: absolute;\r\n    top: 50px;\r\n}\r\n.row.vc-footer__row {\r\n    margin-top: 100px;\r\n    border-top: 1px solid #2564AC;\r\n    padding-top: 20px;\r\n}\r\n.vc-footer__hotline {\r\n    background: unset;\r\n    color: #fff;\r\n    font-size: 1.3rem;\r\n    margin-bottom: 10px;\r\n    padding: unset;\r\n}\r\n.vc-footer__hotline svg, .vc-footer__info svg {\r\n    display: none;\r\n}\r\n.vc-footer__hotline a {\r\n    font-size: 1.3rem;\r\n    font-weight: 100;\r\n}\r\n.vc-footer__info{\r\n    magrin-bottom: 5px\r\n}\r\n.vc-footer__col.col-12.col-md-5.col-lg-5.col-xl-2.col-xxl-3 {\r\n    width: 35%;\r\n}\r\n.vc-footer__col.col-12.col-md-9.col-lg-9.col-xl-6.col-xxl-6 {\r\n    width: 40%;\r\n}\r\n.vc-footer__col.col-12.col-md-5.col-lg-5.col-xl-2.col-xxl-3 .vc-footer__info {\r\n    width: max-content;\r\n}\r\n#faculty-accordion .vc-accor__item {\r\n    box-shadow: unset;\r\n    border-bottom: 1px solid #EFEEEF;\r\n    border-radius: unset;\r\n}\r\n#faculty-accordion .vc-accor__item input:checked+.vc-accor__label {\r\n    border: unset;\r\n    padding: unset;\r\n}\r\n\t#followHSU img {\r\n    width: 25px;\r\n}\r\n\tdiv#followHSU {\r\n    display: flex !important;\r\n\tflex-direction: column;\r\n    gap: 8px;\r\n}\r\n\tdiv#followHSU a {\r\n    color: white;\r\n    display: flex;\r\n    width: 150px;\r\n    gap: 12px;\r\n}\r\n\tnav.vc-footer__img.d-flex.flex-wrap.justify-content-between.align-items-center {\r\n    align-content: flex-start !important;\r\n}\r\n\t.vc-footer__col.col-12.col-md-7.col-lg-7.col-xl-3 {\r\n    display: flex;\r\n}\r\n\t.footet_faculty {\r\n    display: block !important;\r\n}\r\n<\/style><\/p>\n","protected":false},"excerpt":{"rendered":"<p>T\u1ea1i Khoa Logistics &#8211; Th\u01b0\u01a1ng m\u1ea1i Qu\u1ed1c t\u1ebf, c\u00e1c m\u00f4n h\u1ecdc \u0111\u1ec1 \u00e1n \u0111\u01b0\u1ee3c t\u1ed5 ch\u1ee9c d\u01b0\u1edbi h\u00ecnh th\u1ee9c cu\u1ed9c thi h\u1ecdc thu\u1eadt ho\u1eb7c th\u1ef1c h\u00e0nh d\u1ef1 \u00e1n trong l\u0129nh v\u1ef1c kinh doanh, th\u01b0\u01a1ng m\u1ea1i \u0111i\u1ec7n t\u1eed.<\/p>\n","protected":false},"author":5427,"featured_media":9397,"parent":0,"menu_order":0,"comment_status":"closed","ping_status":"closed","template":"page-templates\/home.php","meta":{"footnotes":""},"class_list":["post-8965","page","type-page","status-publish","has-post-thumbnail","hentry"],"acf":[],"_links":{"self":[{"href":"https:\/\/www.hoasen.edu.vn\/lgtmqt\/wp-json\/wp\/v2\/pages\/8965","targetHints":{"allow":["GET"]}}],"collection":[{"href":"https:\/\/www.hoasen.edu.vn\/lgtmqt\/wp-json\/wp\/v2\/pages"}],"about":[{"href":"https:\/\/www.hoasen.edu.vn\/lgtmqt\/wp-json\/wp\/v2\/types\/page"}],"author":[{"embeddable":true,"href":"https:\/\/www.hoasen.edu.vn\/lgtmqt\/wp-json\/wp\/v2\/users\/5427"}],"replies":[{"embeddable":true,"href":"https:\/\/www.hoasen.edu.vn\/lgtmqt\/wp-json\/wp\/v2\/comments?post=8965"}],"version-history":[{"count":15,"href":"https:\/\/www.hoasen.edu.vn\/lgtmqt\/wp-json\/wp\/v2\/pages\/8965\/revisions"}],"predecessor-version":[{"id":9956,"href":"https:\/\/www.hoasen.edu.vn\/lgtmqt\/wp-json\/wp\/v2\/pages\/8965\/revisions\/9956"}],"wp:featuredmedia":[{"embeddable":true,"href":"https:\/\/www.hoasen.edu.vn\/lgtmqt\/wp-json\/wp\/v2\/media\/9397"}],"wp:attachment":[{"href":"https:\/\/www.hoasen.edu.vn\/lgtmqt\/wp-json\/wp\/v2\/media?parent=8965"}],"curies":[{"name":"wp","href":"https:\/\/api.w.org\/{rel}","templated":true}]}}