{"id":8952,"date":"2025-08-11T00:59:09","date_gmt":"2025-08-10T17:59:09","guid":{"rendered":"https:\/\/www.hoasen.edu.vn\/lgtmqt\/?page_id=8952"},"modified":"2026-04-16T15:14:14","modified_gmt":"2026-04-16T08:14:14","slug":"doi-ngu-nhan-su","status":"publish","type":"page","link":"https:\/\/www.hoasen.edu.vn\/lgtmqt\/gioi-thieu\/doi-ngu-nhan-su\/","title":{"rendered":"\u0110\u1ed9i ng\u0169 nh\u00e2n s\u1ef1"},"content":{"rendered":"<style>\r\n.vc-contact.position-relative {\r\n    display: none;\r\n}\r\n\t.vc-banner {\r\n    display: none;\r\n}\r\n\r\n\r\n<\/style>\r\n  \r\n\n\n\n\n\n\n<div class=\"news-list-staff\">\n            <div class=\"news-item-s\">\n\t\t\t<div class=\"bg-i-s\">\n                            <img decoding=\"async\" src=\"https:\/\/www.hoasen.edu.vn\/lgtmqt\/wp-content\/uploads\/sites\/24\/2025\/08\/TS.-Nguyen-Huu-Hao-1.jpg\" alt=\"\">\n                \t\t\t<div class=\"br-b-bg\"><\/div>\n\t\t\t<\/div>\n            <div class=\"news-content\">\n                <h3 class=\"name\">TS. Nguy\u1ec5n H\u1eefu H\u1ea3o<\/h3>\n                <p class=\"job\">Tr\u01b0\u1edfng khoa<\/p>\n\t\t\t\t<p><\/p>\n                <div class=\"cnt-s\"><p><strong>H\u1ecdc h\u00e0m \u2013 H\u1ecdc v\u1ecb:<\/strong> Ti\u1ebfn s\u0129 &#8211; \u0110an M\u1ea1ch; Th\u1ea1c s\u0129 &#8211; \u00dac<br \/>\n<strong>L\u0129nh v\u1ef1c:<\/strong> Kinh doanh qu\u1ed1c t\u1ebf, Qu\u1ea3n tr\u1ecb \u0111\u1ea7u t\u01b0<br \/>\n<strong>Email:<\/strong> hao.nguyenhuu@hoasen.edu.vn<\/p>\n<\/div>\n            <\/div>\n        <\/div>\n            <div class=\"news-item-s\">\n\t\t\t<div class=\"bg-i-s\">\n                            <img decoding=\"async\" src=\"https:\/\/www.hoasen.edu.vn\/lgtmqt\/wp-content\/uploads\/sites\/24\/2026\/04\/acsacsacsac.jpg\" alt=\"\">\n                \t\t\t<div class=\"br-b-bg\"><\/div>\n\t\t\t<\/div>\n            <div class=\"news-content\">\n                <h3 class=\"name\">ThS. Ng\u1ee5y Th\u1ecb Sao Chi<\/h3>\n                <p class=\"job\">Ph\u00f3 Tr\u01b0\u1edfng khoa<\/p>\n\t\t\t\t<p><\/p>\n                <div class=\"cnt-s\"><div><strong>H\u1ecdc h\u00e0m \u2013 H\u1ecdc v\u1ecb:<\/strong> Th\u1ea1c s\u0129, H\u1ecdc Vi\u1ec7n T\u00e0i ch\u00ednh H\u00e0 N\u1ed9i<\/div>\n<div><strong>L\u0129nh v\u1ef1c:<\/strong> Kinh t\u1ebf \u2013 T\u00e0i ch\u00ednh \u2013 Ng\u00e2n h\u00e0ng<\/div>\n<div><strong>Email: <\/strong>chi.nguythisao@hoasen.edu.vn<\/div>\n<\/div>\n            <\/div>\n        <\/div>\n            <div class=\"news-item-s\">\n\t\t\t<div class=\"bg-i-s\">\n                            <img decoding=\"async\" src=\"https:\/\/www.hoasen.edu.vn\/lgtmqt\/wp-content\/uploads\/sites\/24\/2025\/08\/ThS.-Nguyen-Quang-Minh-1.jpg\" alt=\"\">\n                \t\t\t<div class=\"br-b-bg\"><\/div>\n\t\t\t<\/div>\n            <div class=\"news-content\">\n                <h3 class=\"name\">ThS. Nguy\u1ec5n Quang Minh<\/h3>\n                <p class=\"job\">Gi\u00e1m \u0111\u1ed1c ch\u01b0\u01a1ng tr\u00ecnh<\/p>\n\t\t\t\t<p><\/p>\n                <div class=\"cnt-s\"><div><strong>H\u1ecdc h\u00e0m \u2013 H\u1ecdc v\u1ecb:<\/strong> Th\u1ea1c s\u0129 Khoa h\u1ecdc m\u00e1y t\u00ednh (\u0110H B\u00e1ch Khoa TPHCM), MBA (Malaysia)<\/div>\n<div><strong>L\u0129nh v\u1ef1c:<\/strong> Th\u01b0\u01a1ng m\u1ea1i \u0111i\u1ec7n t\u1eed, Chuy\u1ec3n \u0111\u1ed5i s\u1ed1<\/div>\n<div><strong>Email: <\/strong>minh.nguyenquang@hoasen.edu.vn<\/div>\n<\/div>\n            <\/div>\n        <\/div>\n            <div class=\"news-item-s\">\n\t\t\t<div class=\"bg-i-s\">\n                            <img decoding=\"async\" src=\"https:\/\/www.hoasen.edu.vn\/lgtmqt\/wp-content\/uploads\/sites\/24\/2026\/04\/ThS.-Tran-Phong-Giam-doc-chuong-trinh-nganh-Logistics-Quan-ly-chuoi-cung-ung.png\" alt=\"\">\n                \t\t\t<div class=\"br-b-bg\"><\/div>\n\t\t\t<\/div>\n            <div class=\"news-content\">\n                <h3 class=\"name\">ThS. Tr\u1ea7n Phong<\/h3>\n                <p class=\"job\">Gi\u00e1m \u0111\u1ed1c ch\u01b0\u01a1ng tr\u00ecnh<\/p>\n\t\t\t\t<p><\/p>\n                <div class=\"cnt-s\"><div><strong>H\u1ecdc h\u00e0m \u2013 H\u1ecdc v\u1ecb:<\/strong> Th\u1ea1c s\u0129<\/div>\n<div><strong>L\u0129nh v\u1ef1c:<\/strong> Logistics &amp; Qu\u1ea3n l\u00fd chu\u1ed7i cung \u1ee9ng<\/div>\n<div><strong>Email: <\/strong>phong.tran@hoasen.edu.vn<\/div>\n<\/div>\n            <\/div>\n        <\/div>\n            <div class=\"news-item-s\">\n\t\t\t<div class=\"bg-i-s\">\n                            <img decoding=\"async\" src=\"https:\/\/www.hoasen.edu.vn\/lgtmqt\/wp-content\/uploads\/sites\/24\/2025\/08\/TS.-Nguyen-Tien-Thinh.png\" alt=\"\">\n                \t\t\t<div class=\"br-b-bg\"><\/div>\n\t\t\t<\/div>\n            <div class=\"news-content\">\n                <h3 class=\"name\">TS. Nguy\u1ec5n Ti\u1ebfn Th\u1ecbnh<\/h3>\n                <p class=\"job\">Gi\u00e1m \u0111\u1ed1c ch\u01b0\u01a1ng tr\u00ecnh<\/p>\n\t\t\t\t<p><\/p>\n                <div class=\"cnt-s\"><div><strong>H\u1ecdc h\u00e0m \u2013 H\u1ecdc v\u1ecb:<\/strong> Ti\u1ebfn s\u0129, National Kaohsiung Uni of Science and Technology (\u0110\u00e0i Loan)<\/div>\n<div><strong>L\u0129nh v\u1ef1c:<\/strong> Kinh doanh qu\u1ed1c t\u1ebf<\/div>\n<div><strong>Email: <\/strong>thinh.nguyentien@hoasen.edu.vn<\/div>\n<\/div>\n            <\/div>\n        <\/div>\n            <div class=\"news-item-s\">\n\t\t\t<div class=\"bg-i-s\">\n                            <img decoding=\"async\" src=\"https:\/\/www.hoasen.edu.vn\/lgtmqt\/wp-content\/uploads\/sites\/24\/2025\/08\/ThS.-Tran-Thi-Truc-Lan.jpg\" alt=\"\">\n                \t\t\t<div class=\"br-b-bg\"><\/div>\n\t\t\t<\/div>\n            <div class=\"news-content\">\n                <h3 class=\"name\">ThS. Tr\u1ea7n Th\u1ecb Tr\u00fac Lan<\/h3>\n                <p class=\"job\">Gi\u1ea3ng vi\u00ean<\/p>\n\t\t\t\t<p><\/p>\n                <div class=\"cnt-s\"><div><strong>H\u1ecdc h\u00e0m \u2013 H\u1ecdc v\u1ecb:<\/strong> Th\u1ea1c s\u0129, Solvay University (V\u01b0\u01a1ng qu\u1ed1c B\u1ec9)<\/div>\n<div><strong>L\u0129nh v\u1ef1c:<\/strong> Logistics &#8211; Ngo\u1ea1i th\u01b0\u01a1ng<\/div>\n<div><strong>Email: <\/strong>lan.tranthitruc@hoasen.edu.vn<\/div>\n<\/div>\n            <\/div>\n        <\/div>\n            <div class=\"news-item-s\">\n\t\t\t<div class=\"bg-i-s\">\n                            <img decoding=\"async\" src=\"https:\/\/www.hoasen.edu.vn\/lgtmqt\/wp-content\/uploads\/sites\/24\/2025\/08\/Hi\u0300nh-Tha\u0302\u0300y-Ba\u0323ch-Xua\u0302n-Quang-.jpg\" alt=\"\">\n                \t\t\t<div class=\"br-b-bg\"><\/div>\n\t\t\t<\/div>\n            <div class=\"news-content\">\n                <h3 class=\"name\">TS. B\u1ea1ch Xu\u00e2n Quang<\/h3>\n                <p class=\"job\">Gi\u1ea3ng vi\u00ean<\/p>\n\t\t\t\t<p><\/p>\n                <div class=\"cnt-s\"><div><strong>H\u1ecdc h\u00e0m \u2013 H\u1ecdc v\u1ecb:<\/strong> Ti\u1ebfn s\u0129, National Kaohsiung Uni of Science and Technology (\u0110\u00e0i Loan)<\/div>\n<div><strong>L\u0129nh v\u1ef1c:<\/strong> Logistics &amp; Supply Chain Management<\/div>\n<div><strong>Email: <\/strong>quang.bachxuan@hoasen.edu.vn<\/div>\n<\/div>\n            <\/div>\n        <\/div>\n            <div class=\"news-item-s\">\n\t\t\t<div class=\"bg-i-s\">\n                            <img decoding=\"async\" src=\"https:\/\/www.hoasen.edu.vn\/lgtmqt\/wp-content\/uploads\/sites\/24\/2025\/02\/DHA-Duy-image.jpg\" alt=\"\">\n                \t\t\t<div class=\"br-b-bg\"><\/div>\n\t\t\t<\/div>\n            <div class=\"news-content\">\n                <h3 class=\"name\">ThS. \u0110\u1eb7ng Hu\u1ef3nh Anh Duy<\/h3>\n                <p class=\"job\">Gi\u1ea3ng vi\u00ean<\/p>\n\t\t\t\t<p><\/p>\n                <div class=\"cnt-s\"><div><strong>H\u1ecdc h\u00e0m \u2013 H\u1ecdc v\u1ecb:<\/strong> Th\u1ea1c s\u0129, The University of Adelaide (\u00dac)<\/div>\n<div><strong>L\u0129nh v\u1ef1c:<\/strong> Logistics &amp; Qu\u1ea3n l\u00fd chu\u1ed7i cung \u1ee9ng<\/div>\n<div><strong>Email: <\/strong>duy.danghuynhanh@hoasen.edu.vn<\/div>\n<\/div>\n            <\/div>\n        <\/div>\n            <div class=\"news-item-s\">\n\t\t\t<div class=\"bg-i-s\">\n                            <img decoding=\"async\" src=\"https:\/\/www.hoasen.edu.vn\/lgtmqt\/wp-content\/uploads\/sites\/24\/2022\/01\/02._picture_phamledung3.jpg\" alt=\"\">\n                \t\t\t<div class=\"br-b-bg\"><\/div>\n\t\t\t<\/div>\n            <div class=\"news-content\">\n                <h3 class=\"name\">ThS. Ph\u1ea1m L\u1ec7 Dung<\/h3>\n                <p class=\"job\">Gi\u1ea3ng vi\u00ean<\/p>\n\t\t\t\t<p><\/p>\n                <div class=\"cnt-s\"><div><strong>H\u1ecdc h\u00e0m \u2013 H\u1ecdc v\u1ecb:<\/strong> Th\u1ea1c s\u0129, Curtin University of Technology (\u00dac)<\/div>\n<div><strong>L\u0129nh v\u1ef1c:<\/strong> Kinh doanh qu\u1ed1c t\u1ebf<\/div>\n<div><strong>Email: <\/strong>dung.phamle@hoasen.edu.vn<\/div>\n<\/div>\n            <\/div>\n        <\/div>\n            <div class=\"news-item-s\">\n\t\t\t<div class=\"bg-i-s\">\n                            <img decoding=\"async\" src=\"https:\/\/www.hoasen.edu.vn\/lgtmqt\/wp-content\/uploads\/sites\/24\/2025\/08\/hi\u0300nh-Tha\u0302\u0300y-De\u0323\u0302.jpg\" alt=\"\">\n                \t\t\t<div class=\"br-b-bg\"><\/div>\n\t\t\t<\/div>\n            <div class=\"news-content\">\n                <h3 class=\"name\">ThS. Ng\u00f4 \u0110\u00ecnh \u0110\u1ec7<\/h3>\n                <p class=\"job\">Gi\u1ea3ng vi\u00ean<\/p>\n\t\t\t\t<p><\/p>\n                <div class=\"cnt-s\"><div><strong>H\u1ecdc h\u00e0m \u2013 H\u1ecdc v\u1ecb:<\/strong> Th\u1ea1c s\u0129, \u0110\u1ea1i h\u1ecdc RMIT Vi\u1ec7t Nam<\/div>\n<div><strong>L\u0129nh v\u1ef1c:<\/strong> Qu\u1ea3n tr\u1ecb kinh doanh<\/div>\n<div><strong>Email: <\/strong>de.ngodinh@hoasen.edu.vn<\/div>\n<\/div>\n            <\/div>\n        <\/div>\n            <div class=\"news-item-s\">\n\t\t\t<div class=\"bg-i-s\">\n                            <img decoding=\"async\" src=\"https:\/\/www.hoasen.edu.vn\/lgtmqt\/wp-content\/uploads\/sites\/24\/2025\/08\/ThS.-Chau-Thi-Kieu-Phuong.jpg\" alt=\"\">\n                \t\t\t<div class=\"br-b-bg\"><\/div>\n\t\t\t<\/div>\n            <div class=\"news-content\">\n                <h3 class=\"name\">ThS. Ch\u00e2u Th\u1ecb Ki\u1ec1u Ph\u01b0\u01a1ng<\/h3>\n                <p class=\"job\">Gi\u1ea3ng vi\u00ean<\/p>\n\t\t\t\t<p><\/p>\n                <div class=\"cnt-s\"><div><strong>H\u1ecdc h\u00e0m \u2013 H\u1ecdc v\u1ecb:<\/strong> Th\u1ea1c s\u0129, \u0110\u1ea1i H\u1ecdc T\u1ed5ng H\u1ee3p TP.HCM<\/div>\n<div><strong>L\u0129nh v\u1ef1c:<\/strong> Nghi\u1ec7p v\u1ee5 H\u1ea3i quan<\/div>\n<div><strong>Email: <\/strong>phuong.chauthikieu@hoasen.edu.vn<\/div>\n<\/div>\n            <\/div>\n        <\/div>\n            <div class=\"news-item-s\">\n\t\t\t<div class=\"bg-i-s\">\n                            <img decoding=\"async\" src=\"https:\/\/www.hoasen.edu.vn\/lgtmqt\/wp-content\/uploads\/sites\/24\/2022\/01\/ths_ngo_minh_tra.jpeg\" alt=\"\">\n                \t\t\t<div class=\"br-b-bg\"><\/div>\n\t\t\t<\/div>\n            <div class=\"news-content\">\n                <h3 class=\"name\">ThS. Ng\u00f4 Minh Tr\u00e0<\/h3>\n                <p class=\"job\">Gi\u1ea3ng vi\u00ean<\/p>\n\t\t\t\t<p><\/p>\n                <div class=\"cnt-s\"><div><strong>H\u1ecdc h\u00e0m \u2013 H\u1ecdc v\u1ecb:<\/strong> Th\u1ea1c s\u0129, \u0110\u1ea1i h\u1ecdc Qu\u1ed1c gia TP.HCM<\/div>\n<div><strong>L\u0129nh v\u1ef1c:<\/strong> V\u1eadt l\u00ed k\u0129 thu\u1eadt<\/div>\n<div><strong>Email: <\/strong>tra.ngominh@hoasen.edu.vn<\/div>\n<\/div>\n            <\/div>\n        <\/div>\n            <div class=\"news-item-s\">\n\t\t\t<div class=\"bg-i-s\">\n                            <img decoding=\"async\" src=\"https:\/\/www.hoasen.edu.vn\/lgtmqt\/wp-content\/uploads\/sites\/24\/2025\/01\/Le-Duc-Nha_Anh-chan-dung_Ao-HSU.jpg\" alt=\"\">\n                \t\t\t<div class=\"br-b-bg\"><\/div>\n\t\t\t<\/div>\n            <div class=\"news-content\">\n                <h3 class=\"name\">ThS. L\u00ea \u0110\u1ee9c Nh\u00e3<\/h3>\n                <p class=\"job\">Gi\u1ea3ng vi\u00ean<\/p>\n\t\t\t\t<p><\/p>\n                <div class=\"cnt-s\"><div><strong>H\u1ecdc h\u00e0m \u2013 H\u1ecdc v\u1ecb:<\/strong> Nghi\u00ean c\u1ee9u sinh, Th\u1ea1c s\u0129<\/div>\n<div><strong>L\u0129nh v\u1ef1c:<\/strong> Logistics v\u00e0 Th\u01b0\u01a1ng m\u1ea1i qu\u1ed1c t\u1ebf<\/div>\n<div><strong>Email: <\/strong>nha.leduc@hoasen.edu.vn<\/div>\n<\/div>\n            <\/div>\n        <\/div>\n            <div class=\"news-item-s\">\n\t\t\t<div class=\"bg-i-s\">\n                            <img decoding=\"async\" src=\"https:\/\/www.hoasen.edu.vn\/lgtmqt\/wp-content\/uploads\/sites\/24\/2026\/03\/aaaaaa.jpg\" alt=\"\">\n                \t\t\t<div class=\"br-b-bg\"><\/div>\n\t\t\t<\/div>\n            <div class=\"news-content\">\n                <h3 class=\"name\">Ths. L\u00ea Tr\u1ea7n Thanh Tr\u00fac<\/h3>\n                <p class=\"job\">Gi\u1ea3ng vi\u00ean<\/p>\n\t\t\t\t<p><\/p>\n                <div class=\"cnt-s\"><p><strong>H\u1ecdc h\u00e0m &#8211; H\u1ecdc v\u1ecb: <\/strong>Th\u1ea1c s\u0129, \u0110\u1ea1i h\u1ecdc Columbia (Hoa K\u1ef3)<\/p>\n<p><strong>L\u0129nh v\u1ef1c:<\/strong> Kinh doanh qu\u1ed1c t\u1ebf<\/p>\n<p><strong>Email:<\/strong> truc.letranthanh@hoasen.edu.vn<\/p>\n<\/div>\n            <\/div>\n        <\/div>\n            <div class=\"news-item-s\">\n\t\t\t<div class=\"bg-i-s\">\n                            <img decoding=\"async\" src=\"https:\/\/www.hoasen.edu.vn\/lgtmqt\/wp-content\/uploads\/sites\/24\/2026\/03\/Anh-dai-dien-1.jpg\" alt=\"\">\n                \t\t\t<div class=\"br-b-bg\"><\/div>\n\t\t\t<\/div>\n            <div class=\"news-content\">\n                <h3 class=\"name\">TS. B\u00f9i H\u1ea3i \u0110\u0103ng<\/h3>\n                <p class=\"job\">Gi\u1ea3ng vi\u00ean<\/p>\n\t\t\t\t<p><\/p>\n                <div class=\"cnt-s\"><p><strong>H\u1ecdc h\u00e0m &#8211; H\u1ecdc v\u1ecb:\u00a0<\/strong>Ti\u1ebfn s\u0129, Mokpo National\u00a0<span lang=\"EN-US\">Maritime University (H\u00e0n Qu\u1ed1c)<\/span><\/p>\n<p><strong>L\u0129nh v\u1ef1c: <\/strong>Logistics &amp; Supply Chain Management<\/p>\n<p><strong>Email:\u00a0<\/strong>dang.buihai@hoasen.edu.vn<\/p>\n<p>&nbsp;<\/p>\n<\/div>\n            <\/div>\n        <\/div>\n            <div class=\"news-item-s\">\n\t\t\t<div class=\"bg-i-s\">\n                            <img decoding=\"async\" src=\"https:\/\/www.hoasen.edu.vn\/lgtmqt\/wp-content\/uploads\/sites\/24\/2025\/01\/Pham-Van-Minh-pic.jpg\" alt=\"\">\n                \t\t\t<div class=\"br-b-bg\"><\/div>\n\t\t\t<\/div>\n            <div class=\"news-content\">\n                <h3 class=\"name\">ThS. Ph\u1ea1m V\u0103n Minh<\/h3>\n                <p class=\"job\">Gi\u1ea3ng vi\u00ean<\/p>\n\t\t\t\t<p><\/p>\n                <div class=\"cnt-s\"><div><strong>H\u1ecdc h\u00e0m \u2013 H\u1ecdc v\u1ecb:<\/strong> Th\u1ea1c s\u0129, \u0110\u1ea1i h\u1ecdc B\u00e1ch Khoa TP.HCM<\/div>\n<div><strong>L\u0129nh v\u1ef1c:<\/strong> Qu\u1ea3n tr\u1ecb kinh doanh, Kinh t\u1ebf h\u1ecdc<\/div>\n<div><strong>Email: <\/strong>minh.phamvan@hoasen.edu.vn<\/div>\n<\/div>\n            <\/div>\n        <\/div>\n            <div class=\"news-item-s\">\n\t\t\t<div class=\"bg-i-s\">\n                            <img decoding=\"async\" src=\"https:\/\/www.hoasen.edu.vn\/lgtmqt\/wp-content\/uploads\/sites\/24\/2026\/03\/2140.jpg\" alt=\"\">\n                \t\t\t<div class=\"br-b-bg\"><\/div>\n\t\t\t<\/div>\n            <div class=\"news-content\">\n                <h3 class=\"name\">ThS. \u0110\u1ed7 Th\u1ecb B\u00edch Ng\u1ecdc<\/h3>\n                <p class=\"job\">Gi\u1ea3ng vi\u00ean<\/p>\n\t\t\t\t<p><\/p>\n                <div class=\"cnt-s\"><div><strong>H\u1ecdc h\u00e0m \u2013 H\u1ecdc v\u1ecb:<\/strong> Th\u1ea1c s\u0129<\/div>\n<div><strong>L\u0129nh v\u1ef1c:<\/strong> Th\u01b0\u01a1ng m\u1ea1i \u0111i\u1ec7n t\u1eed<\/div>\n<div><strong>Email:<\/strong>ngoc.dothibich@hoasen.edu.vn<\/div>\n<\/div>\n            <\/div>\n        <\/div>\n            <div class=\"news-item-s\">\n\t\t\t<div class=\"bg-i-s\">\n                            <img decoding=\"async\" src=\"https:\/\/www.hoasen.edu.vn\/lgtmqt\/wp-content\/uploads\/sites\/24\/2025\/01\/Hinh-Cam-Tu.jpg\" alt=\"\">\n                \t\t\t<div class=\"br-b-bg\"><\/div>\n\t\t\t<\/div>\n            <div class=\"news-content\">\n                <h3 class=\"name\">ThS. B\u00f9i C\u1ea9m T\u00fa<\/h3>\n                <p class=\"job\">Th\u01b0 k\u00fd Khoa<\/p>\n\t\t\t\t<p><\/p>\n                <div class=\"cnt-s\"><div><strong>H\u1ecdc h\u00e0m \u2013 H\u1ecdc v\u1ecb:<\/strong> Th\u1ea1c s\u0129, \u0110\u1ea1i h\u1ecdc B\u00ecnh D\u01b0\u01a1ng<\/div>\n<div><strong>L\u0129nh v\u1ef1c:<\/strong> Qu\u1ea3n tr\u1ecb kinh doanh<\/div>\n<div><strong>Email: <\/strong>tu.buicam@hoasen.edu.vn<\/div>\n<\/div>\n            <\/div>\n        <\/div>\n            <div class=\"news-item-s\">\n\t\t\t<div class=\"bg-i-s\">\n                            <img decoding=\"async\" src=\"https:\/\/www.hoasen.edu.vn\/lgtmqt\/wp-content\/uploads\/sites\/24\/2026\/03\/tien.jpg\" alt=\"\">\n                \t\t\t<div class=\"br-b-bg\"><\/div>\n\t\t\t<\/div>\n            <div class=\"news-content\">\n                <h3 class=\"name\">ThS. Ph\u1ea1m Th\u1ecb Th\u1ee7y Ti\u00ean<\/h3>\n                <p class=\"job\">Chuy\u00ean vi\u00ean c\u1ed1 v\u1ea5n h\u1ecdc t\u1eadp<\/p>\n\t\t\t\t<p><\/p>\n                <div class=\"cnt-s\"><div><strong>H\u1ecdc h\u00e0m \u2013 H\u1ecdc v\u1ecb:<\/strong> Th\u1ea1c s\u0129, \u0110\u1ea1i h\u1ecdc L\u01b0\u01a1ng Th\u1ebf Vinh<\/div>\n<div><strong>L\u0129nh v\u1ef1c:<\/strong> Qu\u1ea3n tr\u1ecb kinh doanh<\/div>\n<div><strong>Email:\u00a0<\/strong>tien.phamthithuy@gmail.com<\/div>\n<\/div>\n            <\/div>\n        <\/div>\n            <div class=\"news-item-s\">\n\t\t\t<div class=\"bg-i-s\">\n                            <img decoding=\"async\" src=\"https:\/\/www.hoasen.edu.vn\/lgtmqt\/wp-content\/uploads\/sites\/24\/2025\/08\/TRU00461.jpg\" alt=\"\">\n                \t\t\t<div class=\"br-b-bg\"><\/div>\n\t\t\t<\/div>\n            <div class=\"news-content\">\n                <h3 class=\"name\">Anh V\u00f5 Ti\u1ebfn T\u00e2n<\/h3>\n                <p class=\"job\">Th\u01b0 k\u00fd Khoa<\/p>\n\t\t\t\t<p><\/p>\n                <div class=\"cnt-s\"><div><strong>H\u1ecdc h\u00e0m \u2013 H\u1ecdc v\u1ecb:<\/strong> C\u1eed nh\u00e2n, \u0110\u1ea1i h\u1ecdc Khoa h\u1ecdc X\u00e3 h\u1ed9i v\u00e0 Nh\u00e2n v\u0103n TP.HCM<\/div>\n<div><strong>Email:<\/strong>\u00a0tan.votien@hoasen.edu.vn<\/div>\n<\/div>\n            <\/div>\n        <\/div>\n            <div class=\"news-item-s\">\n\t\t\t<div class=\"bg-i-s\">\n                            <img decoding=\"async\" src=\"https:\/\/www.hoasen.edu.vn\/lgtmqt\/wp-content\/uploads\/sites\/24\/2026\/03\/unnamed.jpg\" alt=\"\">\n                \t\t\t<div class=\"br-b-bg\"><\/div>\n\t\t\t<\/div>\n            <div class=\"news-content\">\n                <h3 class=\"name\">Anh Ph\u1ea1m L\u01b0 Qu\u1ed1c Ch\u1ea5n<\/h3>\n                <p class=\"job\">Nh\u00e2n vi\u00ean tr\u1ea3i nghi\u1ec7m<\/p>\n\t\t\t\t<p><\/p>\n                <div class=\"cnt-s\"><p><strong>H\u1ecdc h\u00e0m &#8211; H\u1ecdc v\u1ecb: <\/strong>C\u1eed nh\u00e2n T\u00e0i ch\u00ednh ng\u00e2n h\u00e0ng, \u0110\u1ea1i h\u1ecdc Hoa Sen<\/p>\n<p>C\u1eed nh\u00e2n Ng\u00f4n ng\u1eef Anh, \u0110\u1ea1i h\u1ecdc C\u00f4ng ngh\u1ec7 TP H\u1ed3 Ch\u00ed Minh<\/p>\n<p><strong>Email:\u00a0<\/strong>chan.phamluquoc@hoasen.edu.vn<\/p>\n<\/div>\n            <\/div>\n        <\/div>\n    <\/div>\n    \n<style>\n  .news-list-staff {\n      display: grid;\n      grid-template-columns: repeat(auto-fill, minmax(320px, 1fr));\n      gap: 20px;\n    }\n  .news-item-s {\n    display: grid;\n\tgrid-template-rows: 362px;\n}\n    \/*.news-item-s:hover {\n       box-shadow: 0px 12px 16px -4px #024ca17a;\n          padding: 10px;\n    background: #024ca1;\n    color: #fff;\n    }*\/\n\n    .news-list-staff .news-item-s img {\n      width: 100%;\n      object-fit: cover;\n      height: 100%;\n    }\n    .news-list-staff .news-content {\n      padding: 20px;\n            box-shadow: 0px 12px 16px -4px #0A0D1214;\n            background: white;\n\t\t\tword-break: break-word;\n    overflow-wrap: break-word;\n    white-space: normal;\n    }\n\t.news-list-staff .job {\n    font-weight: bold;\n\t}\n\t.news-list-staff .cnt-s{\n\t\tcolor: #4A5567;\n\t}\n\t\n\t.news-list-staff .br-b-bg {\n            position: absolute;\n    bottom: 0;\n    width: 100%;\n    height: 40px;\n    background: linear-gradient(to bottom, #009FE8 8px, #024DA1  8px);\n\t}\n    \n\t.news-list-staff .bg-i-s {\n    position: relative;\n        height: 362px;\n}\n.news-list-staff .bg-i-s::before{\n    height: 64px;\n    width: 61px;\n    background: url('https:\/\/www.hoasen.edu.vn\/wp-content\/themes\/ru-hsu\/assets\/faculty\/img\/icon_bg_staff_left.svg');\n    content: \"\";\n    position: absolute;\n    bottom: 0px;\n    left: 0px;\n    background-repeat: no-repeat;\n    z-index: 1;\n}\n.news-list-staff .bg-i-s::after{\n    height: 16px;\n    width: 112px;\n    background: url('https:\/\/www.hoasen.edu.vn\/wp-content\/themes\/ru-hsu\/assets\/faculty\/img\/icon_bg_staff_right.svg');\n    content: \"\";\n    position: absolute;\n    bottom: 32px;\n    right: 0px;\n    background-repeat: no-repeat;\n    z-index: 1;\n}\n.vc-txt:has(.news-list-staff) h1{\nfont-size: 32px !important;\n    text-align: left !important;\n\tpadding-top: 56px;\n\n}\n.vc-txt:has(.news-list-staff) h1::after{\ndisplay: none !important;\n}\n.vc-txt:has(.news-list-staff) h3{\nfont-size: 20px !important;\n}\n.container:has(.news-list-staff) {\npadding: 0 56px;\n    }\n@media only screen and (max-width: 1000px){\n    .container:has(.news-list-staff) {\npadding: 0 40px;\n    }\n.vc-txt:has(.news-list-staff) h1{\nfont-size: 24px !important;\npadding-top: 40px;\n}\n}\n@media only screen and (max-width: 500px){\n    .container:has(.news-list-staff) {\npadding: 0 16px;\n    }\n.vc-txt:has(.news-list-staff) h1{\nfont-size: 20px !important;\npadding-top: 16px;\n}\n}\n<\/style>\n<script>\n    const grids = document.querySelectorAll(\".news-item-s\");\n    \/\/ T\u00ednh chi\u1ec1u cao l\u1edbn nh\u1ea5t\n  function setMaxHeight() {\n    let maxHeight = 0;\n    grids.forEach(grid => {\n      const h = grid.offsetHeight;\n      if (h > maxHeight) maxHeight = h;\n    });\n    \/\/ Thi\u1ebft l\u1eadp chi\u1ec1u cao t\u1ed1i thi\u1ec3u cho wrapper\n    wrapper.style.minHeight = maxHeight + \"px\";\n      \/\/ G\u1ecdi khi trang load\n       }\n  window.addEventListener(\"load\", setMaxHeight);\n<\/script>","protected":false},"excerpt":{"rendered":"<p>Khoa Logistics \u2013 Th\u01b0\u01a1ng m\u1ea1i Qu\u1ed1c t\u1ebf s\u1edf h\u1eefu \u0111\u1ed9i ng\u0169 nh\u00e2n s\u1ef1 gi\u00e0u kinh nghi\u1ec7m th\u1ef1c ti\u1ec5n, \u0111\u01b0\u1ee3c \u0111\u00e0o t\u1ea1o b\u00e0i b\u1ea3n t\u1ea1i c\u00e1c tr\u01b0\u1eddng \u0111\u1ea1i h\u1ecdc uy t\u00edn trong v\u00e0 ngo\u00e0i n\u01b0\u1edbc.<\/p>\n","protected":false},"author":5427,"featured_media":9217,"parent":8948,"menu_order":2,"comment_status":"closed","ping_status":"closed","template":"","meta":{"footnotes":""},"class_list":["post-8952","page","type-page","status-publish","has-post-thumbnail","hentry"],"acf":[],"_links":{"self":[{"href":"https:\/\/www.hoasen.edu.vn\/lgtmqt\/wp-json\/wp\/v2\/pages\/8952","targetHints":{"allow":["GET"]}}],"collection":[{"href":"https:\/\/www.hoasen.edu.vn\/lgtmqt\/wp-json\/wp\/v2\/pages"}],"about":[{"href":"https:\/\/www.hoasen.edu.vn\/lgtmqt\/wp-json\/wp\/v2\/types\/page"}],"author":[{"embeddable":true,"href":"https:\/\/www.hoasen.edu.vn\/lgtmqt\/wp-json\/wp\/v2\/users\/5427"}],"replies":[{"embeddable":true,"href":"https:\/\/www.hoasen.edu.vn\/lgtmqt\/wp-json\/wp\/v2\/comments?post=8952"}],"version-history":[{"count":106,"href":"https:\/\/www.hoasen.edu.vn\/lgtmqt\/wp-json\/wp\/v2\/pages\/8952\/revisions"}],"predecessor-version":[{"id":10125,"href":"https:\/\/www.hoasen.edu.vn\/lgtmqt\/wp-json\/wp\/v2\/pages\/8952\/revisions\/10125"}],"up":[{"embeddable":true,"href":"https:\/\/www.hoasen.edu.vn\/lgtmqt\/wp-json\/wp\/v2\/pages\/8948"}],"wp:featuredmedia":[{"embeddable":true,"href":"https:\/\/www.hoasen.edu.vn\/lgtmqt\/wp-json\/wp\/v2\/media\/9217"}],"wp:attachment":[{"href":"https:\/\/www.hoasen.edu.vn\/lgtmqt\/wp-json\/wp\/v2\/media?parent=8952"}],"curies":[{"name":"wp","href":"https:\/\/api.w.org\/{rel}","templated":true}]}}