{"id":8950,"date":"2025-08-10T23:38:12","date_gmt":"2025-08-10T16:38:12","guid":{"rendered":"https:\/\/www.hoasen.edu.vn\/lgtmqt\/?page_id=8950"},"modified":"2026-03-25T09:28:18","modified_gmt":"2026-03-25T02:28:18","slug":"tong-quan","status":"publish","type":"page","link":"https:\/\/www.hoasen.edu.vn\/lgtmqt\/gioi-thieu\/tong-quan\/","title":{"rendered":"T\u1ed5ng quan"},"content":{"rendered":"\n<div class=\"wp-block-group block-facuty\"><div class=\"wp-block-group__inner-container is-layout-constrained wp-block-group-is-layout-constrained\">\n<h2 class=\"wp-block-heading has-text-align-center fy-title-hide fy-custom-title\"><strong>Ch\u00e0o m\u1eebng b\u1ea1n \u0111\u1ebfn v\u1edbi<\/strong><\/h2>\n\n\n\n<h2 class=\"wp-block-heading has-text-align-center fy-custom-title\"><strong><strong><strong>Khoa Logistics &#8211; Th\u01b0\u01a1ng m\u1ea1i qu\u1ed1c t\u1ebf<\/strong><\/strong><\/strong><\/h2>\n<\/div><\/div>\n\n\n\n<div style=\"height:20px\" aria-hidden=\"true\" class=\"wp-block-spacer\"><\/div>\n\n\n\n<div class=\"wp-block-columns block-facuty is-layout-flex wp-container-core-columns-is-layout-9d6595d7 wp-block-columns-is-layout-flex\">\n<div class=\"wp-block-column is-layout-flow wp-block-column-is-layout-flow\" style=\"flex-basis:70px\"><\/div>\n\n\n\n<div class=\"wp-block-column is-layout-flow wp-block-column-is-layout-flow\">\n<figure class=\"wp-block-image size-full\"><img loading=\"lazy\" decoding=\"async\" width=\"5953\" height=\"2820\" src=\"https:\/\/www.hoasen.edu.vn\/lgtmqt\/wp-content\/uploads\/sites\/24\/2026\/03\/DSC0107.png\" alt=\"\" class=\"wp-image-9764\"\/><\/figure>\n\n\n\n<div style=\"height:10px\" aria-hidden=\"true\" class=\"wp-block-spacer\"><\/div>\n\n\n\n<p style=\"font-size:18px\">To\u00e0n c\u1ea7u h\u00f3a v\u00e0 chuy\u1ec3n \u0111\u1ed5i s\u1ed1 \u0111ang \u0111\u1ecbnh h\u00ecnh l\u1ea1i c\u1ea5u tr\u00fac n\u1ec1n kinh t\u1ebf th\u1ebf gi\u1edbi, k\u00e9o theo s\u1ef1 thay \u0111\u1ed5i trong c\u00e1ch v\u1eadn h\u00e0nh th\u01b0\u01a1ng m\u1ea1i, qu\u1ea3n tr\u1ecb chu\u1ed7i cung \u1ee9ng v\u00e0 t\u1ed1i \u01b0u tr\u1ea3i nghi\u1ec7m ng\u01b0\u1eddi d\u00f9ng tr\u00ean c\u00e1c n\u1ec1n t\u1ea3ng th\u01b0\u01a1ng m\u1ea1i \u0111i\u1ec7n t\u1eed. Trong k\u1ef7 nguy\u00ean m\u00e0 t\u1ed1c \u0111\u1ed9 chuy\u1ec3n \u0111\u1ed5i v\u00e0 c\u00f4ng ngh\u1ec7 l\u00e0 nh\u1eefng y\u1ebfu t\u1ed1 then ch\u1ed1t quy\u1ebft \u0111\u1ecbnh th\u00e0nh c\u00f4ng, nhu c\u1ea7u v\u1ec1 ngu\u1ed3n nh\u00e2n l\u1ef1c <strong>v\u1eefng chuy\u00ean m\u00f4n ngh\u1ec1 nghi\u1ec7p<\/strong>, <strong>am hi\u1ec3u c\u00f4ng ngh\u1ec7<\/strong> v\u00e0 <strong>t\u01b0 duy th\u00edch \u1ee9ng thay \u0111\u1ed5i <\/strong>tr\u1edf n\u00ean c\u1ea5p thi\u1ebft h\u01a1n bao gi\u1edd h\u1ebft.<\/p>\n\n\n\n<figure class=\"wp-block-image size-full\"><img loading=\"lazy\" decoding=\"async\" width=\"5757\" height=\"3838\" src=\"https:\/\/www.hoasen.edu.vn\/lgtmqt\/wp-content\/uploads\/sites\/24\/2026\/03\/WANH6421.jpg\" alt=\"\" class=\"wp-image-9766\"\/><\/figure>\n\n\n\n<div style=\"height:0px\" aria-hidden=\"true\" class=\"wp-block-spacer\"><\/div>\n\n\n\n<p style=\"font-size:18px\">N\u0103m 2026, c\u00e1c l\u0129nh v\u1ef1c v\u1ec1 <strong>logistics &amp; qu\u1ea3n l\u00fd chu\u1ed7i cung \u1ee9ng, kinh doanh qu\u1ed1c t\u1ebf v\u00e0 th\u01b0\u01a1ng m\u1ea1i \u0111i\u1ec7n t\u1eed<\/strong> \u0111ang ph\u00e1t tri\u1ec3n m\u1ea1nh m\u1ebd v\u00e0 c\u00f3 s\u1ef1 li\u00ean k\u1ebft ch\u1eb7t ch\u1ebd. Chu\u1ed7i cung \u1ee9ng to\u00e0n c\u1ea7u chuy\u1ec3n d\u1ecbch theo h\u01b0\u1edbng <strong>s\u1ed1 h\u00f3a, \u1ee9ng d\u1ee5ng AI, d\u1eef li\u1ec7u th\u1eddi gian th\u1ef1c v\u00e0 logistics xanh<\/strong>, \u0111\u1ed3ng th\u1eddi doanh nghi\u1ec7p \u01b0u ti\u00ean n\u00e2ng cao kh\u1ea3 n\u0103ng th\u00edch \u1ee9ng tr\u01b0\u1edbc r\u1ee7i ro gi\u00e1n \u0111o\u1ea1n. Trong khi \u0111\u00f3, kinh doanh qu\u1ed1c t\u1ebf m\u1edf r\u1ed9ng theo xu h\u01b0\u1edbng <strong>\u0111a d\u1ea1ng h\u00f3a th\u1ecb tr\u01b0\u1eddng, gia t\u0103ng th\u01b0\u01a1ng m\u1ea1i xuy\u00ean bi\u00ean gi\u1edbi<\/strong> nh\u01b0ng c\u0169ng \u0111\u1ed1i m\u1eb7t v\u1edbi nhi\u1ec1u th\u00e1ch th\u1ee9c t\u1eeb chi ph\u00ed v\u1eadn h\u00e0nh v\u00e0 bi\u1ebfn \u0111\u1ed9ng \u0111\u1ecba ch\u00ednh tr\u1ecb. \u0110\u1eb7c bi\u1ec7t, th\u01b0\u01a1ng m\u1ea1i \u0111i\u1ec7n t\u1eed ti\u1ebfp t\u1ee5c l\u00e0 \u0111\u1ed9ng l\u1ef1c t\u0103ng tr\u01b0\u1edfng ch\u00ednh v\u1edbi quy m\u00f4 th\u1ecb tr\u01b0\u1eddng kh\u00f4ng ng\u1eebng m\u1edf r\u1ed9ng, k\u00e9o theo nhu c\u1ea7u cao v\u1ec1 <strong>v\u1eadn h\u00e0nh logistics, giao h\u00e0ng nhanh v\u00e0 t\u1ed1i \u01b0u tr\u1ea3i nghi\u1ec7m kh\u00e1ch h\u00e0ng<\/strong>. T\u1ed5ng th\u1ec3, b\u1ee9c tranh 2026 cho th\u1ea5y s\u1ef1 h\u1ed9i t\u1ee5 gi\u1eefa c\u00f4ng ngh\u1ec7, to\u00e0n c\u1ea7u h\u00f3a v\u00e0 h\u00e0nh vi ti\u00eau d\u00f9ng, t\u1ea1o n\u00ean h\u1ec7 sinh th\u00e1i kinh doanh hi\u1ec7n \u0111\u1ea1i, linh ho\u1ea1t v\u00e0 c\u1ea1nh tranh h\u01a1n bao gi\u1edd h\u1ebft.<\/p>\n\n\n\n<figure class=\"wp-block-image size-full\"><img loading=\"lazy\" decoding=\"async\" width=\"2048\" height=\"1060\" src=\"https:\/\/www.hoasen.edu.vn\/lgtmqt\/wp-content\/uploads\/sites\/24\/2026\/03\/ssssss.jpg\" alt=\"\" class=\"wp-image-9768\"\/><\/figure>\n\n\n\n<div class=\"wp-block-group is-vertical is-content-justification-stretch is-layout-flex wp-container-core-group-is-layout-b16ad781 wp-block-group-is-layout-flex\">\n<p style=\"font-size:18px\">\u0110\u00e1p \u1ee9ng xu th\u1ebf \u0111\u00f3, ch\u01b0\u01a1ng tr\u00ecnh \u0111\u00e0o t\u1ea1o t\u1ea1i Khoa Logistics \u2013 Th\u01b0\u01a1ng m\u1ea1i Qu\u1ed1c t\u1ebf g\u1ed3m ba ng\u00e0nh h\u1ecdc, \u0111\u01b0\u1ee3c thi\u1ebft k\u1ebf \u0111\u1ea1t chu\u1ea9n qu\u1ed1c t\u1ebf v\u00e0 b\u00e1m s\u00e1t nhu c\u1ea7u th\u1ef1c ti\u1ec5n c\u1ee7a th\u1ecb tr\u01b0\u1eddng nh\u00e2n l\u1ef1c:<\/p>\n\n\n\n<ul class=\"wp-block-list\">\n<li style=\"font-size:18px\">Logistics v\u00e0 Qu\u1ea3n l\u00fd chu\u1ed7i cung \u1ee9ng;<\/li>\n\n\n\n<li style=\"font-size:18px\">Kinh doanh Qu\u1ed1c t\u1ebf;<\/li>\n\n\n\n<li style=\"font-size:18px\">Th\u01b0\u01a1ng m\u1ea1i \u0111i\u1ec7n t\u1eed.<\/li>\n<\/ul>\n<\/div>\n\n\n\n<div class=\"wp-block-group is-vertical is-content-justification-stretch is-layout-flex wp-container-core-group-is-layout-b16ad781 wp-block-group-is-layout-flex\">\n<p style=\"font-size:18px\">Ngo\u00e0i ra trong n\u0103m 2026, s\u1ebd c\u00f3 th\u00eam 3 ch\u01b0\u01a1ng tr\u00ecnh \u0111\u00e0o t\u1ea1o m\u1edbi \u0111\u01b0\u1ee3c m\u1edf ra nh\u1eb1m \u0111\u00e1p \u1ee9ng \u0111\u1ecbnh h\u01b0\u1edbng gi\u00e1o d\u1ee5c Khai ph\u00f3ng &#8211; \u1ee8ng d\u1ee5ng &#8211; \u0110\u1ed5i m\u1edbi s\u00e1ng t\u1ea1o &#8211; Th\u00f4ng minh c\u1ee7a \u0110\u1ea1i h\u1ecdc Hoa Sen:<\/p>\n\n\n\n<ul class=\"wp-block-list has-medium-font-size\">\n<li>Kinh t\u1ebf h\u00e0ng kh\u00f4ng th\u00f4ng minh<\/li>\n\n\n\n<li>Qu\u1ea3n tr\u1ecb tr\u1ea3i nghi\u1ec7m kh\u00e1ch h\u00e0ng s\u1ed1<\/li>\n\n\n\n<li style=\"font-size:18px\">Kinh doanh tr\u1ef1c tuy\u1ebfn<\/li>\n<\/ul>\n<\/div>\n\n\n\n<p style=\"font-size:18px\">\u0110\u00e2y l\u00e0 nh\u1eefng ch\u01b0\u01a1ng tr\u00ecnh h\u1ecdc g\u1eafn li\u1ec1n v\u1edbi xu h\u01b0\u1edbng chuy\u1ec3n \u0111\u1ed5i s\u1ed1 v\u00e0 s\u1ef1 ph\u00e1t tri\u1ec3n c\u1ee7a n\u1ec1n kinh t\u1ebf s\u1ed1 to\u00e0n c\u1ea7u, <strong>mang t\u00ednh \u1ee9ng d\u1ee5ng cao v\u00e0 nhu c\u1ea7u nh\u00e2n l\u1ef1c l\u1edbn trong t\u01b0\u01a1ng lai<\/strong>. Sinh vi\u00ean kh\u00f4ng ch\u1ec9 \u0111\u01b0\u1ee3c ti\u1ebfp c\u1eadn ki\u1ebfn th\u1ee9c n\u1ec1n t\u1ea3ng v\u1ec1 kinh doanh m\u00e0 c\u00f2n \u0111\u01b0\u1ee3c ph\u00e1t tri\u1ec3n c\u00e1c k\u1ef9 n\u0103ng li\u00ean quan \u0111\u1ebfn <strong>c\u00f4ng ngh\u1ec7, ph\u00e2n t\u00edch d\u1eef li\u1ec7u v\u00e0 qu\u1ea3n tr\u1ecb tr\u1ea3i nghi\u1ec7m<\/strong>, t\u1eeb \u0111\u00f3 m\u1edf ra nhi\u1ec1u c\u01a1 h\u1ed9i ngh\u1ec1 nghi\u1ec7p trong c\u00e1c l\u0129nh v\u1ef1c nh\u01b0 h\u00e0ng kh\u00f4ng, th\u01b0\u01a1ng m\u1ea1i \u0111i\u1ec7n t\u1eed, marketing s\u1ed1, d\u1ecbch v\u1ee5 kh\u00e1ch h\u00e0ng v\u00e0 doanh nghi\u1ec7p c\u00f4ng ngh\u1ec7.<\/p>\n\n\n\n<div style=\"height:0px\" aria-hidden=\"true\" class=\"wp-block-spacer\"><\/div>\n\n\n\n<figure class=\"wp-block-image size-full\"><img loading=\"lazy\" decoding=\"async\" width=\"2048\" height=\"1153\" src=\"https:\/\/www.hoasen.edu.vn\/lgtmqt\/wp-content\/uploads\/sites\/24\/2025\/08\/sinh-vien-kinh-doanh-so.jpg\" alt=\"\" class=\"wp-image-9085\"\/><\/figure>\n\n\n\n<div style=\"height:10px\" aria-hidden=\"true\" class=\"wp-block-spacer\"><\/div>\n\n\n\n<p style=\"font-size:18px\">C\u00e1c ch\u01b0\u01a1ng tr\u00ecnh \u0111\u01b0\u1ee3c x\u00e2y d\u1ef1ng v\u1edbi <strong>\u0111\u1ecbnh h\u01b0\u1edbng \u1ee9ng d\u1ee5ng cao<\/strong>, gi\u00fap sinh vi\u00ean n\u1eafm v\u1eefng c\u00e1ch v\u1eadn h\u00e0nh h\u1ec7 th\u1ed1ng chu\u1ed7i cung \u1ee9ng, s\u00e0n th\u01b0\u01a1ng m\u1ea1i \u0111i\u1ec7n t\u1eed, n\u0103ng l\u1ef1c kinh doanh, t\u01b0 duy s\u1ed1 v\u00e0 qu\u1ea3n tr\u1ecb c\u00e1c ho\u1ea1t \u0111\u1ed9ng kinh doanh qua h\u1ec7 th\u1ed1ng s\u1ed1 h\u00f3a. Sinh vi\u00ean \u0111\u01b0\u1ee3c ti\u1ebfp c\u1eadn ki\u1ebfn th\u1ee9c \u0111a chi\u1ec1u, t\u1eeb t\u1ed1i \u01b0u tr\u1ea3i nghi\u1ec7m ng\u01b0\u1eddi d\u00f9ng (UX), logistics, th\u01b0\u01a1ng m\u1ea1i, \u0111\u1ebfn ph\u00e2n t\u00edch d\u1eef li\u1ec7u kh\u00e1ch h\u00e0ng v\u00e0 qu\u1ea3n l\u00fd s\u1ea3n ph\u1ea9m s\u1ed1 (Digital Product Management).<\/p>\n\n\n\n<div style=\"height:10px\" aria-hidden=\"true\" class=\"wp-block-spacer\"><\/div>\n\n\n\n<figure class=\"wp-block-image size-full\"><img loading=\"lazy\" decoding=\"async\" width=\"2048\" height=\"1059\" src=\"https:\/\/www.hoasen.edu.vn\/lgtmqt\/wp-content\/uploads\/sites\/24\/2026\/03\/509426961_664196093286820_3009093689982587716_n.jpg\" alt=\"\" class=\"wp-image-9769\"\/><\/figure>\n\n\n\n<div style=\"height:10px\" aria-hidden=\"true\" class=\"wp-block-spacer\"><\/div>\n\n\n\n<p style=\"font-size:18px\">N\u1ed9i dung h\u1ecdc t\u1eadp \u0111\u01b0\u1ee3c t\u00edch h\u1ee3p t\u00edch h\u1ee3p c\u00e1c c\u00f4ng ngh\u1ec7 m\u1edbi nh\u01b0 <strong>tr\u00ed tu\u1ec7 nh\u00e2n t\u1ea1o<\/strong> (AI), l\u1eadp tr\u00ecnh t\u1ef1 \u0111\u1ed9ng v\u1edbi<strong> Python<\/strong>, n\u1ec1n t\u1ea3ng t\u1ea1o \u1ee9ng d\u1ee5ng kh\u00f4ng c\u1ea7n m\u00e3 h\u00f3a (no-code) nh\u01b0 <strong>AppSheet<\/strong>. Nh\u1edd \u0111\u00f3, sinh vi\u00ean c\u00f3 th\u1ec3 t\u1ef1 thi\u1ebft k\u1ebf c\u00e1c c\u00f4ng c\u1ee5 h\u1ed7 tr\u1ee3 kinh doanh m\u00e0 kh\u00f4ng c\u1ea7n ph\u1ee5 thu\u1ed9c ho\u00e0n to\u00e0n v\u00e0o k\u1ef9 thu\u1eadt vi\u00ean hay l\u1eadp tr\u00ecnh vi\u00ean. Ch\u01b0\u01a1ng tr\u00ecnh c\u0169ng ch\u00fa tr\u1ecdng trang b\u1ecb <strong>kh\u1ea3 n\u0103ng ngo\u1ea1i ng\u1eef<\/strong> nh\u1eb1m gi\u00fap c\u00e1c b\u1ea1n h\u1ed9i nh\u1eadp m\u00f4i tr\u01b0\u1eddng l\u00e0m vi\u1ec7c to\u00e0n c\u1ea7u.<\/p>\n\n\n\n<div style=\"height:10px\" aria-hidden=\"true\" class=\"wp-block-spacer\"><\/div>\n\n\n\n<div class=\"wp-block-columns is-layout-flex wp-container-core-columns-is-layout-9d6595d7 wp-block-columns-is-layout-flex\">\n<div class=\"wp-block-column is-layout-flow wp-block-column-is-layout-flow\">\n<figure class=\"wp-block-image size-full\"><img loading=\"lazy\" decoding=\"async\" width=\"2048\" height=\"1164\" src=\"https:\/\/www.hoasen.edu.vn\/lgtmqt\/wp-content\/uploads\/sites\/24\/2026\/03\/550120039_1212227467598185_708972287563141210_n.jpg\" alt=\"\" class=\"wp-image-9770\" style=\"aspect-ratio:16\/9;object-fit:cover\"\/><\/figure>\n<\/div>\n<\/div>\n\n\n\n<div style=\"height:10px\" aria-hidden=\"true\" class=\"wp-block-spacer\"><\/div>\n\n\n\n<p style=\"font-size:18px\">Khoa Logistics \u2013 Th\u01b0\u01a1ng m\u1ea1i Qu\u1ed1c t\u1ebf h\u1eefu <strong>\u0111\u1ed9i ng\u0169 gi\u1ea3ng vi\u00ean gi\u00e0u kinh nghi\u1ec7m th\u1ef1c ti\u1ec5n<\/strong>, \u0111\u01b0\u1ee3c \u0111\u00e0o t\u1ea1o b\u00e0i b\u1ea3n t\u1ea1i c\u00e1c tr\u01b0\u1eddng \u0111\u1ea1i h\u1ecdc uy t\u00edn trong v\u00e0 ngo\u00e0i n\u01b0\u1edbc. S\u1ef1 k\u1ebft h\u1ee3p gi\u1eefa h\u1ecdc thu\u1eadt v\u00e0 kinh nghi\u1ec7m ngh\u1ec1 nghi\u1ec7p gi\u00fap sinh vi\u00ean \u0111\u00e1p \u1ee9ng c\u00e1c y\u00eau c\u1ea7u kh\u1eaft khe c\u1ee7a th\u1ecb tr\u01b0\u1eddng nh\u00e2n l\u1ef1c to\u00e0n c\u1ea7u.<\/p>\n\n\n\n<div style=\"height:10px\" aria-hidden=\"true\" class=\"wp-block-spacer\"><\/div>\n\n\n\n<div class=\"wp-block-columns is-layout-flex wp-container-core-columns-is-layout-9d6595d7 wp-block-columns-is-layout-flex\">\n<div class=\"wp-block-column is-layout-flow wp-block-column-is-layout-flow\">\n<figure class=\"wp-block-image size-full\"><img loading=\"lazy\" decoding=\"async\" width=\"1881\" height=\"1214\" src=\"https:\/\/www.hoasen.edu.vn\/lgtmqt\/wp-content\/uploads\/sites\/24\/2025\/08\/khoa-logistics-thuong-mai-quoc-te-2.jpg\" alt=\"\" class=\"wp-image-9095\" style=\"aspect-ratio:16\/9;object-fit:cover\"\/><\/figure>\n<\/div>\n\n\n\n<div class=\"wp-block-column is-layout-flow wp-block-column-is-layout-flow\">\n<figure class=\"wp-block-image size-full\"><img loading=\"lazy\" decoding=\"async\" width=\"1938\" height=\"1299\" src=\"https:\/\/www.hoasen.edu.vn\/lgtmqt\/wp-content\/uploads\/sites\/24\/2025\/08\/khoa-logistics-thuong-mai-quoc-te-1.jpg\" alt=\"\" class=\"wp-image-9094\" style=\"aspect-ratio:16\/9;object-fit:cover\"\/><\/figure>\n<\/div>\n<\/div>\n\n\n\n<div style=\"height:10px\" aria-hidden=\"true\" class=\"wp-block-spacer\"><\/div>\n\n\n\n<p style=\"font-size:18px\">M\u1ed9t \u0111i\u1ec3m c\u1ed9ng r\u1ea5t l\u1edbn c\u1ee7a sinh vi\u00ean ng\u00e0nh Logistics v\u00e0 Qu\u1ea3n l\u00fd chu\u1ed7i cung \u1ee9ng l\u00e0 nh\u1eadn \u0111\u01b0\u1ee3c <strong>b\u1eb1ng C\u1eed nh\u00e2n <\/strong>c\u00f9ng <strong>Ch\u1ee9ng ch\u1ec9 FIATA Diploma in Freight Forwarding<\/strong> (Th\u1ee5y S\u0129) c\u00f3 gi\u00e1 tr\u1ecb to\u00e0n c\u1ea7u khi t\u1ed1t nghi\u1ec7p. B\u00ean c\u1ea1nh \u0111\u00f3, sinh vi\u00ean c\u00e1c ng\u00e0nh \u0111\u01b0\u1ee3c t\u1ea1o \u0111i\u1ec1u ki\u1ec7n tham gia c\u00e1c <strong>cu\u1ed9c thi h\u1ecdc thu\u1eadt <\/strong>v\u00e0 <strong>d\u1ef1 \u00e1n chuy\u00ean ng\u00e0nh<\/strong> nh\u01b0 \u0110\u1ea5u tr\u01b0\u1eddng Th\u01b0\u01a1ng m\u1ea1i Qu\u1ed1c t\u1ebf hay c\u00e1c s\u00e2n ch\u01a1i do Hi\u1ec7p h\u1ed9i Th\u01b0\u01a1ng m\u1ea1i \u0111i\u1ec7n t\u1eed Vi\u1ec7t Nam (VECOM) t\u1ed5 ch\u1ee9c. \u0110\u00e2y ch\u00ednh l\u00e0 \u201cb\u1ec7 ph\u00f3ng\u201d \u0111\u1ec3 sinh vi\u00ean r\u00e8n luy\u1ec7n k\u1ef9 n\u0103ng, kh\u1eb3ng \u0111\u1ecbnh b\u1ea3n l\u0129nh v\u00e0 ch\u1ee7 \u0111\u1ed9ng \u0111\u1ecbnh h\u00ecnh con \u0111\u01b0\u1eddng s\u1ef1 nghi\u1ec7p c\u1ee7a m\u00ecnh.<\/p>\n\n\n\n<div style=\"height:10px\" aria-hidden=\"true\" class=\"wp-block-spacer\"><\/div>\n\n\n\n<figure class=\"wp-block-image size-full\"><img loading=\"lazy\" decoding=\"async\" width=\"6000\" height=\"4000\" src=\"https:\/\/www.hoasen.edu.vn\/lgtmqt\/wp-content\/uploads\/sites\/24\/2026\/03\/WANH6531.jpg\" alt=\"\" class=\"wp-image-9767\"\/><\/figure>\n\n\n\n<div style=\"height:10px\" aria-hidden=\"true\" class=\"wp-block-spacer\"><\/div>\n\n\n\n<p style=\"font-size:18px\">Khoa Logistics \u2013 Th\u01b0\u01a1ng m\u1ea1i Qu\u1ed1c t\u1ebf hi\u1ec7n s\u1edf h\u1eefu m\u1ea1ng l\u01b0\u1edbi h\u1ee3p t\u00e1c s\u00e2u r\u1ed9ng v\u1edbi nhi\u1ec1u doanh nghi\u1ec7p v\u00e0 t\u1ed5 ch\u1ee9c uy t\u00edn, ti\u00eau bi\u1ec3u nh\u01b0 C\u00f4ng ty Ph\u00e1t tri\u1ec3n Ngu\u1ed3n nh\u00e2n l\u1ef1c T\u00e2n C\u1ea3ng \u2013 STC, Vi\u1ec7n Nghi\u00ean c\u1ee9u &amp; Ph\u00e1t tri\u1ec3n Logistics c\u00f9ng <strong>h\u01a1n 50 doanh nghi\u1ec7p<\/strong> ho\u1ea1t \u0111\u1ed9ng trong c\u00e1c l\u0129nh v\u1ef1c xu\u1ea5t nh\u1eadp kh\u1ea9u, th\u01b0\u01a1ng m\u1ea1i qu\u1ed1c t\u1ebf v\u00e0 h\u1ec7 th\u1ed1ng c\u1ea3ng bi\u1ec3n trong v\u00e0 ngo\u00e0i n\u01b0\u1edbc.<\/p>\n\n\n\n<p style=\"font-size:18px\">B\u00ean c\u1ea1nh \u0111\u00f3, Khoa c\u00f2n l\u00e0 \u0111\u1ed1i t\u00e1c li\u00ean k\u1ebft c\u1ee7a Hi\u1ec7p h\u1ed9i Th\u01b0\u01a1ng m\u1ea1i \u0111i\u1ec7n t\u1eed Vi\u1ec7t Nam (VECOM) \u2013 \u0111\u01a1n v\u1ecb quy t\u1ee5 c\u00e1c doanh nghi\u1ec7p v\u00e0 ngu\u1ed3n nh\u00e2n l\u1ef1c s\u1ed1 h\u00e0ng \u0111\u1ea7u c\u1ea3 n\u01b0\u1edbc. Nh\u1edd v\u1eady, sinh vi\u00ean c\u00f3 c\u01a1 h\u1ed9i tham gia <strong>c\u00e1c chuy\u1ebfn field trip th\u1ef1c t\u1ebf<\/strong> v\u00e0 tr\u1ea3i nghi\u1ec7m <strong>k\u1ef3 th\u1ef1c t\u1eadp<\/strong> ngay t\u1eeb khi c\u00f2n tr\u00ean gh\u1ebf nh\u00e0 tr\u01b0\u1eddng.<\/p>\n\n\n\n<figure class=\"wp-block-image size-full\"><img loading=\"lazy\" decoding=\"async\" width=\"1600\" height=\"968\" src=\"https:\/\/www.hoasen.edu.vn\/lgtmqt\/wp-content\/uploads\/sites\/24\/2025\/08\/Tan-Cang-STC.jpg\" alt=\"\" class=\"wp-image-9086\"\/><\/figure>\n\n\n\n<div style=\"height:10px\" aria-hidden=\"true\" class=\"wp-block-spacer\"><\/div>\n\n\n\n<p style=\"font-size:18px\">Theo kh\u1ea3o s\u00e1t th\u00e1ng 01\/2026 c\u1ee7a Trung t\u00e2m Tr\u1ea3i nghi\u1ec7m Sinh vi\u00ean &amp; Quan h\u1ec7 Doanh nghi\u1ec7p HSU, <strong>97%<\/strong> sinh vi\u00ean ng\u00e0nh Th\u01b0\u01a1ng m\u1ea1i \u0111i\u1ec7n t\u1eed, <strong>95%<\/strong> ng\u00e0nh Kinh doanh qu\u1ed1c t\u1ebf v\u00e0 <strong>94%<\/strong> ng\u00e0nh Logistics &amp; Qu\u1ea3n l\u00fd chu\u1ed7i cung \u1ee9ng <strong>\u0111\u00e3 c\u00f3 vi\u1ec7c l\u00e0m tr\u01b0\u1edbc khi t\u1ed1t nghi\u1ec7p<\/strong>. \u0110\u00e1ng ch\u00fa \u00fd,<strong>30%<\/strong> sinh vi\u00ean\/ng\u00e0nh l\u00e0m vi\u1ec7c t\u1ea1i c\u00e1c <strong>doanh nghi\u1ec7p qu\u1ed1c t\u1ebf v\u00e0 c\u00f3 y\u1ebfu t\u1ed1 n\u01b0\u1edbc ngo\u00e0i<\/strong>, cho th\u1ea5y s\u1ee9c h\u00fat v\u00e0 l\u1ee3i th\u1ebf c\u1ea1nh tranh r\u00f5 r\u1ec7t c\u1ee7a nh\u00f3m ng\u00e0nh n\u00e0y tr\u00ean th\u1ecb tr\u01b0\u1eddng lao \u0111\u1ed9ng.<\/p>\n\n\n\n<div style=\"height:10px\" aria-hidden=\"true\" class=\"wp-block-spacer\"><\/div>\n\n\n\n<div class=\"wp-block-columns is-layout-flex wp-container-core-columns-is-layout-9d6595d7 wp-block-columns-is-layout-flex\">\n<div class=\"wp-block-column is-layout-flow wp-block-column-is-layout-flow\">\n<figure class=\"wp-block-image size-full\"><img loading=\"lazy\" decoding=\"async\" width=\"9462\" height=\"6308\" src=\"https:\/\/www.hoasen.edu.vn\/lgtmqt\/wp-content\/uploads\/sites\/24\/2026\/03\/HN_05390.jpg\" alt=\"\" class=\"wp-image-9773\"\/><\/figure>\n<\/div>\n\n\n\n<div class=\"wp-block-column is-layout-flow wp-block-column-is-layout-flow\">\n<figure class=\"wp-block-image size-full\"><img loading=\"lazy\" decoding=\"async\" width=\"9504\" height=\"6336\" src=\"https:\/\/www.hoasen.edu.vn\/lgtmqt\/wp-content\/uploads\/sites\/24\/2026\/03\/HN_05363.jpg\" alt=\"\" class=\"wp-image-9775\"\/><\/figure>\n<\/div>\n<\/div>\n\n\n\n<div class=\"wp-block-columns is-layout-flex wp-container-core-columns-is-layout-9d6595d7 wp-block-columns-is-layout-flex\">\n<div class=\"wp-block-column is-layout-flow wp-block-column-is-layout-flow\">\n<figure class=\"wp-block-image size-full\"><img loading=\"lazy\" decoding=\"async\" width=\"9472\" height=\"6315\" src=\"https:\/\/www.hoasen.edu.vn\/lgtmqt\/wp-content\/uploads\/sites\/24\/2026\/03\/HN_05368.jpg\" alt=\"\" class=\"wp-image-9776\"\/><\/figure>\n<\/div>\n\n\n\n<div class=\"wp-block-column is-layout-flow wp-block-column-is-layout-flow\">\n<figure class=\"wp-block-image size-full\"><img loading=\"lazy\" decoding=\"async\" width=\"9484\" height=\"6323\" src=\"https:\/\/www.hoasen.edu.vn\/lgtmqt\/wp-content\/uploads\/sites\/24\/2026\/03\/HN_05301.jpg\" alt=\"\" class=\"wp-image-9777\"\/><\/figure>\n<\/div>\n<\/div>\n\n\n\n<div style=\"height:10px\" aria-hidden=\"true\" class=\"wp-block-spacer\"><\/div>\n\n\n\n<p style=\"font-size:18px\">V\u1edbi n\u1ec1n t\u1ea3ng gi\u00e1o d\u1ee5c hi\u1ec7n \u0111\u1ea1i, \u0111\u1ed9i ng\u0169 gi\u1ea3ng vi\u00ean ch\u1ea5t l\u01b0\u1ee3ng v\u00e0 m\u00f4i tr\u01b0\u1eddng h\u1ecdc t\u1eadp chu\u1ea9n qu\u1ed1c t\u1ebf, Khoa Logistics \u2013 Th\u01b0\u01a1ng m\u1ea1i Qu\u1ed1c t\u1ebf l\u00e0 l\u1ef1a ch\u1ecdn h\u00e0ng \u0111\u1ea7u cho nh\u1eefng b\u1ea1n tr\u1ebb mong mu\u1ed1n tr\u1edf th\u00e0nh l\u1ef1c l\u01b0\u1ee3ng n\u00f2ng c\u1ed1t <strong>d\u1eabn d\u1eaft ho\u1ea1t \u0111\u1ed9ng logistics \u2013 th\u01b0\u01a1ng m\u1ea1i<\/strong> trong k\u1ef7 nguy\u00ean h\u1ed9i nh\u1eadp.<\/p>\n\n\n\n<div style=\"height:10px\" aria-hidden=\"true\" class=\"wp-block-spacer\"><\/div>\n\n\n\n<div style=\"padding: 16px;font-family: Arial, sans-serif;background: #fff;border: 1px solid #ddd;border-radius: 8px;max-width: 100%\">\n\n  <p style=\"font-weight: bold;font-size: 18px;margin-top: 0;margin-bottom: 12px\">\n    TR\u1ede TH\u00c0NH T\u00c2N SINH VI\u00caN KHOA LOGISTICS &#8211; TH\u01af\u01a0NG M\u1ea0I QU\u1ed0C T\u1ebe\n  <\/p>\n\n  <p style=\"margin: 4px 0\">\n    \ud83d\udd17 Fanpage: \n    <a href=\"https:\/\/facebook.com\/HoaSenUni\" target=\"_blank\" style=\"color: #007bff;text-decoration: none\" rel=\"noopener\">\n      facebook.com\/HoaSenUni\n    <\/a>\n  <\/p>\n\n  <p style=\"margin: 4px 0\">\n    \ud83d\udd0e Tuy\u1ec3n sinh: \n    <a href=\"https:\/\/tuyensinh.hoasen.edu.vn\" target=\"_blank\" style=\"color: #007bff;text-decoration: none\" rel=\"noopener\">\n      tuyensinh.hoasen.edu.vn\n    <\/a>\n  <\/p>\n\n <p style=\"margin-top: 16px\">\n    <a href=\"tel:02873007272\" style=\"background-color: #e60023;color: white;padding: 12px 16px;font-size: 18px;font-weight: bold;text-decoration: none;border-radius: 6px\">\n       G\u1eccI HOTLINE: 028 7300 7272\n    <\/a>\n  <\/p>\n<\/div>\n<\/div>\n\n\n\n<div class=\"wp-block-column is-layout-flow wp-block-column-is-layout-flow\" style=\"flex-basis:70px\"><\/div>\n<\/div>\n","protected":false},"excerpt":{"rendered":"<p>Ch\u01b0\u01a1ng tr\u00ecnh \u0111\u00e0o t\u1ea1o Khoa Logistics \u2013 Th\u01b0\u01a1ng m\u1ea1i Qu\u1ed1c t\u1ebf HSU g\u1ed3m 3 ng\u00e0nh h\u1ecdc \u0111\u01b0\u1ee3c thi\u1ebft k\u1ebf \u0111\u1ea1t chu\u1ea9n qu\u1ed1c t\u1ebf, b\u00e1m s\u00e1t nhu c\u1ea7u th\u1ef1c ti\u1ec5n c\u1ee7a th\u1ecb tr\u01b0\u1eddng nh\u00e2n l\u1ef1c.<\/p>\n","protected":false},"author":5427,"featured_media":9258,"parent":8948,"menu_order":1,"comment_status":"closed","ping_status":"closed","template":"","meta":{"footnotes":""},"class_list":["post-8950","page","type-page","status-publish","has-post-thumbnail","hentry"],"acf":[],"_links":{"self":[{"href":"https:\/\/www.hoasen.edu.vn\/lgtmqt\/wp-json\/wp\/v2\/pages\/8950","targetHints":{"allow":["GET"]}}],"collection":[{"href":"https:\/\/www.hoasen.edu.vn\/lgtmqt\/wp-json\/wp\/v2\/pages"}],"about":[{"href":"https:\/\/www.hoasen.edu.vn\/lgtmqt\/wp-json\/wp\/v2\/types\/page"}],"author":[{"embeddable":true,"href":"https:\/\/www.hoasen.edu.vn\/lgtmqt\/wp-json\/wp\/v2\/users\/5427"}],"replies":[{"embeddable":true,"href":"https:\/\/www.hoasen.edu.vn\/lgtmqt\/wp-json\/wp\/v2\/comments?post=8950"}],"version-history":[{"count":13,"href":"https:\/\/www.hoasen.edu.vn\/lgtmqt\/wp-json\/wp\/v2\/pages\/8950\/revisions"}],"predecessor-version":[{"id":9911,"href":"https:\/\/www.hoasen.edu.vn\/lgtmqt\/wp-json\/wp\/v2\/pages\/8950\/revisions\/9911"}],"up":[{"embeddable":true,"href":"https:\/\/www.hoasen.edu.vn\/lgtmqt\/wp-json\/wp\/v2\/pages\/8948"}],"wp:featuredmedia":[{"embeddable":true,"href":"https:\/\/www.hoasen.edu.vn\/lgtmqt\/wp-json\/wp\/v2\/media\/9258"}],"wp:attachment":[{"href":"https:\/\/www.hoasen.edu.vn\/lgtmqt\/wp-json\/wp\/v2\/media?parent=8950"}],"curies":[{"name":"wp","href":"https:\/\/api.w.org\/{rel}","templated":true}]}}