{"id":485,"date":"2021-12-07T13:14:07","date_gmt":"2021-12-07T06:14:07","guid":{"rendered":"https:\/\/hoasen.edu.vn\/lgtmqt\/?page_id=485"},"modified":"2025-05-20T10:19:02","modified_gmt":"2025-05-20T03:19:02","slug":"lien-he","status":"publish","type":"page","link":"https:\/\/www.hoasen.edu.vn\/lgtmqt\/ve-chung-toi-old\/lien-he\/","title":{"rendered":"Li\u00ean h\u1ec7"},"content":{"rendered":"\n<p>Ch\u00fang t\u00f4i c\u1ea3m&nbsp;\u01a1n c\u00e1c b\u1ea1n \u0111\u00e3 quan t\u00e2m \u0111\u1ebfn khoa Logistics-Th\u01b0\u01a1ng m\u1ea1i qu\u1ed1c t\u1ebf. M\u1ecdi c\u00e2u h\u1ecfi, nh\u1eadn x\u00e9t ho\u1eb7c ph\u1ea3n h\u1ed3i vui l\u00f2ng g\u1edfi v\u1ec1 \u0111\u1ecba ch\u1ec9 email&nbsp;<a href=\"mailto:ITL@hoasen.edu.vn\">ITL@hoasen.edu.vn<\/a>&nbsp;ho\u1eb7c g\u1ecdi&nbsp;\u0111\u1ebfn&nbsp;c\u00e1c s\u1ed1 \u0111i\u1ec7n tho\u1ea1i c\u1ee7a v\u0103n ph\u00f2ng khoa t\u1ea1i c\u00e1c c\u01a1 s\u1edf.<\/p>\n\n\n\n<p><strong>LI\u00caN H\u1ec6<\/strong><\/p>\n\n\n\n<p><strong>C\u01a1 s\u1edf Quang Trung<\/strong> &#8211; Quang Trung Campus&nbsp;(xem b\u1ea3n \u0111\u1ed3 t\u1ea1i \u0111\u00e2y)<\/p>\n\n\n\n<p>\u0110\u1ecba ch\u1ec9\/Add: L\u00f4 10, C\u00f4ng vi\u00ean ph\u1ea7n m\u1ec1m Quang Trung, Qu\u1eadn12, Tp.HCM<\/p>\n\n\n\n<p>\u0110i\u1ec7n tho\u1ea1i\/Tel:&nbsp; 028. 73091991 <\/p>\n\n\n\n<p><strong>C\u01a1 s\u1edf Nguy\u1ec5n V\u0103n Tr\u00e1ng&nbsp;<\/strong>&#8211; Nguyen Van Trang Campus (xem b\u1ea3n \u0111\u1ed3 t\u1ea1i \u0111\u00e2y)<\/p>\n\n\n\n<p>08 Nguy\u1ec5n V\u0103n Tr\u00e1ng, Ph\u01b0\u1eddng B\u1ebfn Th\u00e0nh, Qu\u1eadn 1, Tp.HCM<\/p>\n\n\n\n<p>\u0110i\u1ec7n tho\u1ea1i\/Tel: 028. 73091991\u00a0<\/p>\n\n\n\n<p><strong>C\u01a1 s\u1edf Th\u00e0nh Th\u00e1i<\/strong> &#8211; Thanh Thai Campus <\/p>\n\n\n\n<p>V\u0103n ph\u00f2ng khoa &#8211; Faculty Office<\/p>\n\n\n\n<p>\u0110\u1ecba ch\u1ec9\/Add: L\u1ea7u 1, khu A, 7\/1 Th\u00e0nh Th\u00e1i, Ph\u01b0\u1eddng 14, Qu\u1eadn 10, Tp.HCM (khu c\u01b0 x\u00e1 \u0110\u1ed3ng Ti\u1ebfn)<\/p>\n\n\n\n<p>\u0110i\u1ec7n tho\u1ea1i\/Tel: 028 73091991 ext: 4809\u00a0( g\u1eb7p th\u1ea7y Ti\u1ebfn T\u00e2n); ext: 4810 (g\u1eb7p c\u00f4 C\u1ea9m T\u00fa); <a href=\"ext: 4809\u00a0( g\u1eb7p anh Ti\u1ebfn T\u00e2n); ext: 4810 (g\u1eb7p ch\u1ecb C\u1ea9m T\u00fa)\">ext<\/a>: 4811 (g\u1eb7p c\u00f4 Th\u1ee7y Ti\u00ean)<\/p>\n","protected":false},"excerpt":{"rendered":"<p>Ch\u00fang t\u00f4i c\u1ea3m&nbsp;\u01a1n c\u00e1c b\u1ea1n \u0111\u00e3 quan t\u00e2m \u0111\u1ebfn khoa Logistics-Th\u01b0\u01a1ng m\u1ea1i qu\u1ed1c t\u1ebf. M\u1ecdi c\u00e2u h\u1ecfi, nh\u1eadn x\u00e9t ho\u1eb7c ph\u1ea3n h\u1ed3i vui l\u00f2ng g\u1edfi v\u1ec1 \u0111\u1ecba ch\u1ec9 email&nbsp;ITL@hoasen.edu.vn&nbsp;ho\u1eb7c g\u1ecdi&nbsp;\u0111\u1ebfn&nbsp;c\u00e1c s\u1ed1 \u0111i\u1ec7n tho\u1ea1i c\u1ee7a v\u0103n ph\u00f2ng khoa t\u1ea1i c\u00e1c c\u01a1 s\u1edf. LI\u00caN H\u1ec6 C\u01a1 s\u1edf Quang Trung &#8211; Quang Trung Campus&nbsp;(xem b\u1ea3n \u0111\u1ed3 t\u1ea1i \u0111\u00e2y) \u0110\u1ecba ch\u1ec9\/Add: L\u00f4 10, C\u00f4ng vi\u00ean ph\u1ea7n m\u1ec1m Quang Trung, Qu\u1eadn12, Tp.HCM \u0110i\u1ec7n tho\u1ea1i\/Tel:&nbsp; 028. 73091991 C\u01a1 s\u1edf Nguy\u1ec5n V\u0103n Tr\u00e1ng&nbsp;&#8211; Nguyen Van Trang Campus (xem b\u1ea3n \u0111\u1ed3 t\u1ea1i \u0111\u00e2y) 08 Nguy\u1ec5n V\u0103n Tr\u00e1ng, Ph\u01b0\u1eddng B\u1ebfn Th\u00e0nh, Qu\u1eadn 1, Tp.HCM \u0110i\u1ec7n tho\u1ea1i\/Tel: 028. 73091991\u00a0 C\u01a1&#8230;<\/p>\n","protected":false},"author":1,"featured_media":0,"parent":450,"menu_order":3,"comment_status":"closed","ping_status":"closed","template":"","meta":{"footnotes":""},"class_list":["post-485","page","type-page","status-publish","hentry"],"acf":[],"_links":{"self":[{"href":"https:\/\/www.hoasen.edu.vn\/lgtmqt\/wp-json\/wp\/v2\/pages\/485","targetHints":{"allow":["GET"]}}],"collection":[{"href":"https:\/\/www.hoasen.edu.vn\/lgtmqt\/wp-json\/wp\/v2\/pages"}],"about":[{"href":"https:\/\/www.hoasen.edu.vn\/lgtmqt\/wp-json\/wp\/v2\/types\/page"}],"author":[{"embeddable":true,"href":"https:\/\/www.hoasen.edu.vn\/lgtmqt\/wp-json\/wp\/v2\/users\/1"}],"replies":[{"embeddable":true,"href":"https:\/\/www.hoasen.edu.vn\/lgtmqt\/wp-json\/wp\/v2\/comments?post=485"}],"version-history":[{"count":6,"href":"https:\/\/www.hoasen.edu.vn\/lgtmqt\/wp-json\/wp\/v2\/pages\/485\/revisions"}],"predecessor-version":[{"id":8731,"href":"https:\/\/www.hoasen.edu.vn\/lgtmqt\/wp-json\/wp\/v2\/pages\/485\/revisions\/8731"}],"up":[{"embeddable":true,"href":"https:\/\/www.hoasen.edu.vn\/lgtmqt\/wp-json\/wp\/v2\/pages\/450"}],"wp:attachment":[{"href":"https:\/\/www.hoasen.edu.vn\/lgtmqt\/wp-json\/wp\/v2\/media?parent=485"}],"curies":[{"name":"wp","href":"https:\/\/api.w.org\/{rel}","templated":true}]}}