{"id":454,"date":"2021-12-06T14:51:14","date_gmt":"2021-12-06T07:51:14","guid":{"rendered":"https:\/\/hoasen.edu.vn\/lgtmqt\/?page_id=454"},"modified":"2025-05-20T09:52:34","modified_gmt":"2025-05-20T02:52:34","slug":"thong-diep-truong-pho-khoa","status":"publish","type":"page","link":"https:\/\/www.hoasen.edu.vn\/lgtmqt\/ve-chung-toi-old\/thong-diep-truong-pho-khoa\/","title":{"rendered":"Th\u00f4ng \u0111i\u1ec7p Tr\u01b0\u1edfng Khoa"},"content":{"rendered":"\n<p><em><strong>Ch\u00e0o m\u1eebng c\u00e1c c\u00f4ng d\u00e2n to\u00e0n c\u1ea7u t\u01b0\u01a1ng lai gia nh\u1eadp Khoa Logistics &#8211; Th\u01b0\u01a1ng m\u1ea1i Qu\u1ed1c t\u1ebf!<\/strong><\/em><\/p>\n\n\n\n<p>Xu th\u1ebf to\u00e0n c\u1ea7u ho\u00e1 \u0111\u00e3 t\u1ea1o n\u00ean m\u1ed9t \u201cth\u1ebf gi\u1edbi ph\u1eb3ng\u201d (The World is Flat \u2013 Thomas L. Friedman). Th\u1eddi k\u1ef3 c\u00f4ng ngh\u1ec7 s\u1ed1 v\u1edbi nhi\u1ec1u bi\u1ebfn \u0111\u1ed5i mang t\u00ednh h\u1ec7 th\u1ed1ng to\u00e0n c\u1ea7u n\u00e2ng n\u1ec1n kinh t\u1ebf th\u1ebf gi\u1edbi sang m\u1ed9t k\u1ef7 nguy\u00ean m\u1edbi \u0111\u00f2i h\u1ecfi kh\u00f4ng ch\u1ec9 ki\u1ebfn th\u1ee9c m\u00e0 l\u00e0 th\u00e1i \u0111\u1ed9, k\u1ef9 n\u0103ng cao v\u00e0 \u0111a d\u1ea1ng. Nh\u01b0 \u0111i\u1ec1u t\u1ea5t y\u1ebfu, c\u00e1c b\u1ea1n ch\u00ednh l\u00e0 nh\u1eefng ch\u1ee7 nh\u00e2n m\u1edbi trong x\u00e3 h\u1ed9i hi\u1ec7n \u0111\u1ea1i v\u00e0 mang t\u00ednh qu\u1ed1c t\u1ebf h\u00f3a.<\/p>\n\n\n\n<p>Ch\u00fang t\u00f4i t\u1ef1 h\u00e0o ki\u1ebfn t\u1ea1o m\u00f4i tr\u01b0\u1eddng h\u1ecdc thu\u1eadt v\u1edbi \u0111\u1ed9i ng\u0169 gi\u1ea3ng vi\u00ean t\u1ed1t nghi\u1ec7p t\u1eeb c\u00e1c tr\u01b0\u1eddng \u0111\u1ea1i h\u1ecdc danh ti\u1ebfng trong v\u00e0 ngo\u00e0i n\u01b0\u1edbc, d\u00e0y d\u1ea1n kinh nghi\u1ec7m l\u00e0m vi\u1ec7c th\u1ef1c ti\u1ec5n t\u1ea1i nh\u1eefng doanh nghi\u1ec7p c\u00f3 y\u1ebfu t\u1ed1 qu\u1ed1c t\u1ebf s\u1eb5n s\u00e0ng d\u1eabn d\u1eaft, \u01b0\u01a1m m\u1ea7m cho c\u00e1c b\u1ea1n sinh vi\u00ean tr\u1edf th\u00e0nh c\u00f4ng d\u00e2n to\u00e0n c\u1ea7u. V\u1edbi nh\u1eadn d\u1ea1ng l\u00e0 c\u00f4ng d\u00e2n to\u00e0n c\u1ea7u c\u00e1c b\u1ea1n s\u1ebd s\u1edf h\u1eefu \u0111\u1eb7c t\u00ednh c\u1edfi m\u1edf, th\u00e1i \u0111\u1ed9 h\u1ee3p t\u00e1c qu\u1ed1c t\u1ebf, tr\u00e1ch nhi\u1ec7m trong lao \u0111\u1ed9ng, hi\u1ec7n \u0111\u1ea1i h\u00f3a n\u0103ng l\u1ef1c v\u00e0 chu\u1ea9n m\u1ef1c \u0111\u1ea1o \u0111\u1ee9c ngh\u1ec1 nghi\u1ec7p t\u1eeb \u0111\u00f3 \u0111\u00f3ng g\u00f3p gi\u00e1 tr\u1ecb cho n\u1ec1n kinh t\u1ebf Vi\u1ec7t Nam n\u00f3i ri\u00eang v\u00e0 qu\u1ed1c t\u1ebf n\u00f3i chung.<\/p>\n\n\n\n<p>C\u00e1c ch\u01b0\u01a1ng tr\u00ecnh \u0111\u00e0o t\u1ea1o ng\u00e0nh Kinh doanh Qu\u1ed1c t\u1ebf <a href=\"https:\/\/www.fibaa.org\/en\/\" target=\"_blank\" rel=\"noreferrer noopener\">(ki\u1ec3m \u0111\u1ecbnh FIBAA)<\/a>, Logistics v\u00e0 Qu\u1ea3n l\u00fd chu\u1ed7i cung \u1ee9ng (<a href=\"https:\/\/www.fibaa.org\/en\/\" target=\"_blank\" rel=\"noreferrer noopener\">ki\u1ec3m \u0111\u1ecbnh FIBAA<\/a> &amp; <a href=\"https:\/\/fiata.org\/\" target=\"_blank\" rel=\"noreferrer noopener\">ch\u1ee9ng nh\u1eadn FIATA<\/a>), Th\u01b0\u01a1ng m\u1ea1i \u0110i\u1ec7n t\u1eed <a href=\"https:\/\/vecom.vn\/\" target=\"_blank\" rel=\"noreferrer noopener\">(th\u00e0nh vi\u00ean Hi\u1ec7p h\u1ed9i VECOM)<\/a>, \u0111\u1ea1t chu\u1ea9n ch\u1ea5t l\u01b0\u1ee3ng cao th\u00f4ng qua vi\u1ec7c cung c\u1ea5p tr\u1ea3i nghi\u1ec7m cho sinh vi\u00ean <strong>v\u1eeba h\u1ecdc t\u1eadp v\u1eeba th\u1ef1c h\u00e0nh th\u1ef1c ti\u1ec5n<\/strong> t\u1ea1i doanh nghi\u1ec7p trong n\u01b0\u1edbc v\u00e0 n\u01b0\u1edbc ngo\u00e0i k\u1ebft h\u1ee3p c\u01a1 h\u1ed9i h\u1ecdc t\u1eadp n\u00e2ng cao v\u1edbi c\u00e1c \u0111\u1ed1i t\u00e1c n\u01b0\u1edbc ngo\u00e0i, th\u00fac \u0111\u1ea9y ph\u00e1t tri\u1ec3n ng\u01b0\u1eddi h\u1ecdc ti\u1ec7m c\u1eadn s\u1ef1 to\u00e0n di\u1ec7n theo h\u01b0\u1edbng khai ph\u00f3ng v\u00e0 s\u00e1ng t\u1ea1o. Qua \u0111\u00f3, ng\u01b0\u1eddi h\u1ecdc v\u1edbi <strong>n\u0103ng l\u1ef1c \u0111\u1ea1t chu\u1ea9n qu\u1ed1c t\u1ebf <\/strong>s\u1ebd c\u00f3 c\u01a1 h\u1ed9i vi\u1ec7c l\u00e0m cao, \u0111\u01b0\u1ee3c doanh nghi\u1ec7p, t\u1eadp \u0111o\u00e0n \u0111a qu\u1ed1c gia ch\u00fa tr\u1ecdng tuy\u1ec3n d\u1ee5ng tr\u00ean th\u1ecb tr\u01b0\u1eddng lao \u0111\u1ed9ng.<\/p>\n\n\n\n<p>Ch\u00fang t\u00f4i <strong>t\u00f4n tr\u1ecdng s\u1ef1 kh\u00e1c bi\u1ec7t<\/strong> v\u00ec b\u1ea1n l\u00e0 s\u1eafc m\u00e0u c\u1ee7a x\u00e3 h\u1ed9i v\u0103n minh. <\/p>\n\n\n\n<p><strong><em>Be yourself for your pride<\/em><\/strong><\/p>\n\n\n\n<p><strong>Tr\u01b0\u1edfng khoa, TS. Nguy\u1ec5n H\u1eefu H\u1ea3o<\/strong><\/p>\n","protected":false},"excerpt":{"rendered":"<p>Ch\u00e0o m\u1eebng c\u00e1c c\u00f4ng d\u00e2n to\u00e0n c\u1ea7u t\u01b0\u01a1ng lai gia nh\u1eadp Khoa Logistics &#8211; Th\u01b0\u01a1ng m\u1ea1i Qu\u1ed1c t\u1ebf! Xu th\u1ebf to\u00e0n c\u1ea7u ho\u00e1 \u0111\u00e3 t\u1ea1o n\u00ean m\u1ed9t \u201cth\u1ebf gi\u1edbi ph\u1eb3ng\u201d (The World is Flat \u2013 Thomas L. Friedman). Th\u1eddi k\u1ef3 c\u00f4ng ngh\u1ec7 s\u1ed1 v\u1edbi nhi\u1ec1u bi\u1ebfn \u0111\u1ed5i mang t\u00ednh h\u1ec7 th\u1ed1ng to\u00e0n c\u1ea7u n\u00e2ng n\u1ec1n kinh t\u1ebf th\u1ebf gi\u1edbi sang m\u1ed9t k\u1ef7 nguy\u00ean m\u1edbi \u0111\u00f2i h\u1ecfi kh\u00f4ng ch\u1ec9 ki\u1ebfn th\u1ee9c m\u00e0 l\u00e0 th\u00e1i \u0111\u1ed9, k\u1ef9 n\u0103ng cao v\u00e0 \u0111a d\u1ea1ng. Nh\u01b0 \u0111i\u1ec1u t\u1ea5t y\u1ebfu, c\u00e1c b\u1ea1n ch\u00ednh l\u00e0 nh\u1eefng ch\u1ee7 nh\u00e2n m\u1edbi trong x\u00e3 h\u1ed9i hi\u1ec7n \u0111\u1ea1i v\u00e0 mang t\u00ednh&#8230;<\/p>\n","protected":false},"author":1,"featured_media":0,"parent":450,"menu_order":0,"comment_status":"closed","ping_status":"closed","template":"","meta":{"footnotes":""},"class_list":["post-454","page","type-page","status-publish","hentry"],"acf":[],"_links":{"self":[{"href":"https:\/\/www.hoasen.edu.vn\/lgtmqt\/wp-json\/wp\/v2\/pages\/454","targetHints":{"allow":["GET"]}}],"collection":[{"href":"https:\/\/www.hoasen.edu.vn\/lgtmqt\/wp-json\/wp\/v2\/pages"}],"about":[{"href":"https:\/\/www.hoasen.edu.vn\/lgtmqt\/wp-json\/wp\/v2\/types\/page"}],"author":[{"embeddable":true,"href":"https:\/\/www.hoasen.edu.vn\/lgtmqt\/wp-json\/wp\/v2\/users\/1"}],"replies":[{"embeddable":true,"href":"https:\/\/www.hoasen.edu.vn\/lgtmqt\/wp-json\/wp\/v2\/comments?post=454"}],"version-history":[{"count":10,"href":"https:\/\/www.hoasen.edu.vn\/lgtmqt\/wp-json\/wp\/v2\/pages\/454\/revisions"}],"predecessor-version":[{"id":8728,"href":"https:\/\/www.hoasen.edu.vn\/lgtmqt\/wp-json\/wp\/v2\/pages\/454\/revisions\/8728"}],"up":[{"embeddable":true,"href":"https:\/\/www.hoasen.edu.vn\/lgtmqt\/wp-json\/wp\/v2\/pages\/450"}],"wp:attachment":[{"href":"https:\/\/www.hoasen.edu.vn\/lgtmqt\/wp-json\/wp\/v2\/media?parent=454"}],"curies":[{"name":"wp","href":"https:\/\/api.w.org\/{rel}","templated":true}]}}