{"id":7418,"date":"2025-06-02T09:38:47","date_gmt":"2025-06-02T02:38:47","guid":{"rendered":"https:\/\/www.hoasen.edu.vn\/ktqt\/?page_id=7418"},"modified":"2025-12-26T10:59:36","modified_gmt":"2025-12-26T03:59:36","slug":"training-program","status":"publish","type":"page","link":"https:\/\/www.hoasen.edu.vn\/ktqt\/en\/training-program\/","title":{"rendered":"Training program"},"content":{"rendered":"\n\n\n  <div class=\"faculty-edu\">\n        <div class=\"fy-card\">\n        <div class=\"card-image\">\n                            <img decoding=\"async\" src=\"https:\/\/www.hoasen.edu.vn\/ktqt\/wp-content\/uploads\/sites\/15\/2025\/05\/MAX9205.jpg\" alt=\"Qu\u1ea3n tr\u1ecb kinh doanh\">\n                    <\/div>\n        <div class=\"card-content\">\n            <div class=\"card-title\">Business Administration<\/div>\n\n                                                <a class=\"card-desc\" href=\"https:\/\/www.hoasen.edu.vn\/ktqt\/en\/business-administration\/\" target=\"_blank\">\n                Discover our training programs                    <div class=\"card-button\">\u203a<\/div>\n                <\/a>\n                                             <\/div>\n    <\/div>\n        <div class=\"fy-card\">\n        <div class=\"card-image\">\n                            <img decoding=\"async\" src=\"https:\/\/www.hoasen.edu.vn\/ktqt\/wp-content\/uploads\/sites\/15\/2025\/05\/MAX9752.jpg\" alt=\"\">\n                    <\/div>\n        <div class=\"card-content\">\n            <div class=\"card-title\">Business Analytics<\/div>\n\n                                                <a class=\"card-desc\" href=\"https:\/\/www.hoasen.edu.vn\/ktqt\/en\/business-analytics-specialization\/\" target=\"_blank\">\n                Discover our training programs                    <div class=\"card-button\">\u203a<\/div>\n                <\/a>\n                                             <\/div>\n    <\/div>\n        <div class=\"fy-card\">\n        <div class=\"card-image\">\n                            <img decoding=\"async\" src=\"https:\/\/www.hoasen.edu.vn\/ktqt\/wp-content\/uploads\/sites\/15\/2025\/05\/Nha-Quan-tri-Nhan-su-tuong-lai-2024-3-1.jpg\" alt=\"Ch\u01b0\u01a1ng tr\u00ecnh \u0111\u00e0o t\u1ea1o - Ng\u00e0nh Qu\u1ea3n tr\u1ecb nh\u00e2n l\u1ef1c\">\n                    <\/div>\n        <div class=\"card-content\">\n            <div class=\"card-title\">Human Resource Mangement<\/div>\n\n                                                <a class=\"card-desc\" href=\"https:\/\/www.hoasen.edu.vn\/ktqt\/en\/human-resources-management\/\" target=\"_blank\">\n                Discover our training programs                    <div class=\"card-button\">\u203a<\/div>\n                <\/a>\n                                             <\/div>\n    <\/div>\n        <div class=\"fy-card\">\n        <div class=\"card-image\">\n                            <img decoding=\"async\" src=\"https:\/\/www.hoasen.edu.vn\/ktqt\/wp-content\/uploads\/sites\/15\/2025\/05\/Nganh-Kinh-te-the-thao-HSU.jpg\" alt=\"Ch\u01b0\u01a1ng tr\u00ecnh \u0111\u00e0o t\u1ea1o - Ng\u00e0nh Kinh t\u1ebf th\u1ec3 thao\">\n                    <\/div>\n        <div class=\"card-content\">\n            <div class=\"card-title\">Sports Economics<\/div>\n\n                                                <a class=\"card-desc\" href=\"https:\/\/www.hoasen.edu.vn\/ktqt\/en\/sports-economic\/\" target=\"_blank\">\n                Discover our training programs                    <div class=\"card-button\">\u203a<\/div>\n                <\/a>\n                                             <\/div>\n    <\/div>\n        <div class=\"fy-card\">\n        <div class=\"card-image\">\n                            <img decoding=\"async\" src=\"https:\/\/www.hoasen.edu.vn\/ktqt\/wp-content\/uploads\/sites\/15\/2025\/12\/nganh-tai-chinh-ngan-hang-hsu.png\" alt=\"\">\n                    <\/div>\n        <div class=\"card-content\">\n            <div class=\"card-title\">Finance and Banking<\/div>\n\n                                                <a class=\"card-desc\" href=\"https:\/\/www.hoasen.edu.vn\/ktqt\/en\/finance-banking\/\" target=\"_blank\">\n                Discover our training programs                    <div class=\"card-button\">\u203a<\/div>\n                <\/a>\n                                             <\/div>\n    <\/div>\n        <div class=\"fy-card\">\n        <div class=\"card-image\">\n                            <img decoding=\"async\" src=\"https:\/\/www.hoasen.edu.vn\/ktqt\/wp-content\/uploads\/sites\/15\/2025\/12\/Mot-ngay-lam-Ke-toan-truong-2023.jpg\" alt=\"\">\n                    <\/div>\n        <div class=\"card-content\">\n            <div class=\"card-title\">Accounting<\/div>\n\n                                                <a class=\"card-desc\" href=\"https:\/\/www.hoasen.edu.vn\/ktqt\/en\/accounting\/\" target=\"_blank\">\n                Discover our training programs                    <div class=\"card-button\">\u203a<\/div>\n                <\/a>\n                                             <\/div>\n    <\/div>\n        <div class=\"fy-card\">\n        <div class=\"card-image\">\n                            <img decoding=\"async\" src=\"https:\/\/www.hoasen.edu.vn\/ktqt\/wp-content\/uploads\/sites\/15\/2025\/12\/nganh-cong-nghe-tai-chinh-hsu.jpg\" alt=\"\">\n                    <\/div>\n        <div class=\"card-content\">\n            <div class=\"card-title\">Finance and Technology<\/div>\n\n                                                <a class=\"card-desc\" href=\"https:\/\/www.hoasen.edu.vn\/ktqt\/en\/finance-and-technology\/\" target=\"_blank\">\n                Discover our training programs                    <div class=\"card-button\">\u203a<\/div>\n                <\/a>\n                                             <\/div>\n    <\/div>\n    <\/div>\n\n    \n<style>\n    \n.container:has(.faculty-edu){\nmax-width: 1312px;\npadding: 0 56px;\n}\n.container:has(.faculty-edu) h1.vc-headline--border-center {\n    text-align: left !important;\n    padding-top: 46px;\n    margin-bottom: 28px;\n}\n\n    .faculty-edu {\n      display: grid;\n      grid-template-columns: repeat(auto-fit, minmax(450px, 1fr));\n      gap: 20px;\n      margin-top: 20px;\n          max-width: 1200px;\n          margin: auto;\n    }\n\n    .faculty-edu .fy-card {\n    overflow: hidden;\n    background: linear-gradient(to bottom, #024DA1 184px, #Fff 184px);\n        box-shadow: 0px 4px 6px -2px #0A0D1208;\n        box-shadow: 0px 12px 16px -4px #0A0D1214;\n    }\n\n    .faculty-edu .card-image {\n     background: #e3e3e3;\n    position: relative;\n    height: 266px;\n    margin: 32px;\n    }\n    .faculty-edu .card-image img{\n     width: 100%;\n    object-fit: cover;\n    object-position: center;\n    height: 100%;\n    }\n    .faculty-edu .card-image::before {\n      content: \"\";\n      position: absolute;\n      top: 152px;\n        left: -32px;\n        width: 32px;\n        height: 16px;\n      background: url('https:\/\/www.hoasen.edu.vn\/wp-content\/themes\/ru-hsu\/assets\/faculty\/img\/icon-bg-faculty-edu-left.svg');\n    }\n    .faculty-edu .card-image::after {\n        content: \"\";\n        position: absolute;\n        top: 150px;\n        right: -32px;\n        width: 32px;\n        height: 32px;\n        background: url('https:\/\/www.hoasen.edu.vn\/wp-content\/themes\/ru-hsu\/assets\/faculty\/img\/icon-bg-faculty-edu-right.svg');\n    }\n\n    .faculty-edu .card-content {\n     padding: 0 16px 16px;\n    }\n\n    .faculty-edu .card-title {\n      font-weight: bold;\n      margin: 0 0 8px;\n      font-size: 20px;\n    }\n\n    .faculty-edu .card-desc {\n          font-size: 16px;\n      color: #333;\n      margin: 0 0 8px;\n          display: flex;\n    flex-direction: row;\n    justify-content: space-between;\n    align-items: center;\n    }\n\n    .faculty-edu .card-button {\n      text-align: right;\n    }\n\n    .faculty-edu .card-button {\n      display: inline-block;\n      width: 36px;\n      height: 28px;\n      background: #024DA1;\n      color: #fff;\n      text-align: center;\n      line-height: 24px;\n      text-decoration: none;\n      font-weight: bold;\n      border-right: 8px solid #009FE8;\n          font-size: 25px;\n    }\n\n    .faculty-edu .card-desc:hover .card-button{\n         background: #ed1c24;\n       }\n        .faculty-edu .card-desc:hover{\n            color: #024DA1;\n        }\n.faculty-edu .card-desc{\n    gap: 10px;\n}\n\n    @media only screen and (max-width: 1000px){\n        .container:has(.faculty-edu) {\n    padding: 0 40px;\n}\n    .faculty-edu {\n      display: grid;\n      grid-template-columns: repeat(auto-fit, minmax(320px, 1fr));\n      gap: 20px;\n    }\n    .faculty-edu .card-image{\n        height: 200px\n    }\n    .faculty-edu .fy-card {\n    background: linear-gradient(to bottom, #024DA1 118px, #Fff 118px);\n    }\n     .faculty-edu .card-image::after, .faculty-edu .card-image::before {\n        top: 85px;\n     }\n   }\n   @media only screen and (max-width: 768px){\n     .faculty-edu a.card-button{\n        font-size: 20px;\n     }\n     .faculty-edu .card-title{\n        font-size: 18px\n     }\n    .faculty-edu .card-desc {\n        font-size: 14px;\n    }\n    .container:has(.faculty-edu) h1.vc-headline--border-center {\n    text-align: left !important;\n    padding-top: 0;\n    margin-bottom: 16px;\n}\n.container:has(.faculty-edu) {\n    padding: 0 16px;\n}\n.faculty-edu .card-image{\n    margin: 16px;\n}\n.faculty-edu {\n        grid-template-columns: repeat(auto-fit, minmax(250px, 1fr));\n    }\n    .faculty-edu .card-image {\n        height: 150px;\n    }\n        .faculty-edu .card-image::after, .faculty-edu .card-image::before {\n        top: 101px;\n    }\n    .faculty-edu .card-image::after {\n    right: -16px;\n    width: 16px;\n    height: 100%;\n     background-repeat: no-repeat;\n    background-size: contain;\n}\nfaculty-edu .card-image::before {\n    left: -16px;\n    width: 16px;\n    height: 100%;\n        background-repeat: no-repeat;\n    background-size: contain;\n}\n   }\n  <\/style>\n\n<link rel=\"stylesheet\" href=\"https:\/\/www.hoasen.edu.vn\/wp-content\/themes\/ru-hsu\/assets\/faculty\/style.css\">\r\n<script src=\"https:\/\/www.hoasen.edu.vn\/wp-content\/themes\/ru-hsu\/assets\/faculty\/custom.js\" id=\"jquery-js\"><\/script>\r\n<style>\r\n.vc-contact.position-relative {\r\n    display: none;\r\n}\r\n\t.vc-banner {\r\n    display: none;\r\n}\r\n\r\n\r\n<\/style>\r\n  \r\n\n","protected":false},"excerpt":{"rendered":"<p>Training Programs at HSU Faculty of Economics \u2013 Business are ACBSP-accredited, ensuring quality education and global recognition for future leaders.<\/p>\n","protected":false},"author":5427,"featured_media":8388,"parent":0,"menu_order":0,"comment_status":"closed","ping_status":"closed","template":"","meta":{"footnotes":""},"class_list":["post-7418","page","type-page","status-publish","has-post-thumbnail","hentry"],"acf":[],"_links":{"self":[{"href":"https:\/\/www.hoasen.edu.vn\/ktqt\/wp-json\/wp\/v2\/pages\/7418","targetHints":{"allow":["GET"]}}],"collection":[{"href":"https:\/\/www.hoasen.edu.vn\/ktqt\/wp-json\/wp\/v2\/pages"}],"about":[{"href":"https:\/\/www.hoasen.edu.vn\/ktqt\/wp-json\/wp\/v2\/types\/page"}],"author":[{"embeddable":true,"href":"https:\/\/www.hoasen.edu.vn\/ktqt\/wp-json\/wp\/v2\/users\/5427"}],"replies":[{"embeddable":true,"href":"https:\/\/www.hoasen.edu.vn\/ktqt\/wp-json\/wp\/v2\/comments?post=7418"}],"version-history":[{"count":9,"href":"https:\/\/www.hoasen.edu.vn\/ktqt\/wp-json\/wp\/v2\/pages\/7418\/revisions"}],"predecessor-version":[{"id":8696,"href":"https:\/\/www.hoasen.edu.vn\/ktqt\/wp-json\/wp\/v2\/pages\/7418\/revisions\/8696"}],"wp:featuredmedia":[{"embeddable":true,"href":"https:\/\/www.hoasen.edu.vn\/ktqt\/wp-json\/wp\/v2\/media\/8388"}],"wp:attachment":[{"href":"https:\/\/www.hoasen.edu.vn\/ktqt\/wp-json\/wp\/v2\/media?parent=7418"}],"curies":[{"name":"wp","href":"https:\/\/api.w.org\/{rel}","templated":true}]}}