{"id":7010,"date":"2025-05-26T17:11:02","date_gmt":"2025-05-26T10:11:02","guid":{"rendered":"https:\/\/www.hoasen.edu.vn\/ktqt\/?page_id=7010"},"modified":"2026-03-25T16:18:54","modified_gmt":"2026-03-25T09:18:54","slug":"tong-quan","status":"publish","type":"page","link":"https:\/\/www.hoasen.edu.vn\/ktqt\/gioi-thieu\/tong-quan\/","title":{"rendered":"T\u1ed5ng quan"},"content":{"rendered":"\n<div class=\"wp-block-group block-facuty\"><div class=\"wp-block-group__inner-container is-layout-constrained wp-block-group-is-layout-constrained\">\n<h2 class=\"wp-block-heading has-text-align-center fy-title-hide fy-custom-title\"><strong>Ch\u00e0o m\u1eebng b\u1ea1n \u0111\u1ebfn v\u1edbi<\/strong><\/h2>\n\n\n\n<h2 class=\"wp-block-heading has-text-align-center fy-custom-title\"><strong><strong><strong>Khoa Kinh doanh<\/strong><\/strong><\/strong><\/h2>\n<\/div><\/div>\n\n\n\n<div style=\"height:20px\" aria-hidden=\"true\" class=\"wp-block-spacer\"><\/div>\n\n\n\n<div class=\"wp-block-columns block-facuty is-layout-flex wp-container-core-columns-is-layout-9d6595d7 wp-block-columns-is-layout-flex\">\n<div class=\"wp-block-column is-layout-flow wp-block-column-is-layout-flow\" style=\"flex-basis:70px\"><\/div>\n\n\n\n<div class=\"wp-block-column is-layout-flow wp-block-column-is-layout-flow\">\n<figure class=\"wp-block-image size-full\"><img loading=\"lazy\" decoding=\"async\" width=\"7952\" height=\"5304\" src=\"https:\/\/www.hoasen.edu.vn\/ktqt\/wp-content\/uploads\/sites\/15\/2026\/01\/NTT09952.jpg\" alt=\"T\u1ed5ng quan v\u1ec1 Khoa Kinh doanh\" class=\"wp-image-8704\"\/><\/figure>\n\n\n\n<p style=\"font-size:18px\"><strong>Khoa Kinh doanh<\/strong> l\u00e0 \u0111\u01a1n v\u1ecb \u0111\u00e0o t\u1ea1o n\u00f2ng c\u1ed1t c\u1ee7a Tr\u01b0\u1eddng \u0110\u1ea1i h\u1ecdc Hoa Sen trong l\u0129nh v\u1ef1c kinh doanh, qu\u1ea3n tr\u1ecb v\u00e0 t\u00e0i ch\u00ednh &#8211; ng\u00e2n h\u00e0ng. Khoa hi\u1ec7n \u0111ang \u0111\u00e0o t\u1ea1o c\u00e1c ng\u00e0nh h\u1ecdc tr\u1ecdng \u0111i\u1ec3m nh\u01b0: <strong>Qu\u1ea3n tr\u1ecb Kinh doanh, T\u00e0i ch\u00ednh &#8211; Ng\u00e2n h\u00e0ng, Qu\u1ea3n tr\u1ecb Nh\u00e2n l\u1ef1c, K\u1ebf to\u00e1n v\u00e0 C\u00f4ng ngh\u1ec7 T\u00e0i ch\u00ednh<\/strong> c\u00f9ng nhi\u1ec1u ch\u01b0\u01a1ng tr\u00ecnh chuy\u00ean s\u00e2u kh\u00e1c, \u0111\u00e1p \u1ee9ng s\u00e1t nhu c\u1ea7u th\u1ef1c ti\u1ec5n c\u1ee7a doanh nghi\u1ec7p v\u00e0 th\u1ecb tr\u01b0\u1eddng lao \u0111\u1ed9ng trong b\u1ed1i c\u1ea3nh chuy\u1ec3n \u0111\u1ed5i s\u1ed1 v\u00e0 to\u00e0n c\u1ea7u h\u00f3a.<\/p>\n\n\n\n<div style=\"height:10px\" aria-hidden=\"true\" class=\"wp-block-spacer\"><\/div>\n\n\n\n<figure class=\"wp-block-image size-full\"><img loading=\"lazy\" decoding=\"async\" width=\"2048\" height=\"1366\" src=\"https:\/\/www.hoasen.edu.vn\/ktqt\/wp-content\/uploads\/sites\/15\/2025\/10\/IMG_0275-2.jpeg\" alt=\"\" class=\"wp-image-8533\"\/><\/figure>\n\n\n\n<div style=\"height:10px\" aria-hidden=\"true\" class=\"wp-block-spacer\"><\/div>\n\n\n\n<p style=\"font-size:18px\">\u0110\u1ec3 \u0111\u1ea1t \u0111\u01b0\u1ee3c m\u1ee5c ti\u00eau n\u00e0y, Khoa Kinh doanh li\u00ean t\u1ee5c c\u1ea3i ti\u1ebfn ch\u01b0\u01a1ng tr\u00ecnh \u0111\u00e0o t\u1ea1o d\u1ef1a tr\u00ean c\u00e1c tr\u01b0\u1eddng kinh doanh h\u00e0ng \u0111\u1ea7u tr\u00ean th\u1ebf gi\u1edbi. \u0110\u1ed9i ng\u0169 gi\u1ea3ng vi\u00ean t\u1ed1t nghi\u1ec7p t\u1eeb c\u00e1c tr\u01b0\u1eddng danh ti\u1ebfng, h\u01a1n <strong><a href=\"https:\/\/www.hoasen.edu.vn\/ktqt\/gioi-thieu\/doi-ngu-nhan-su\/\" data-type=\"link\" data-id=\"https:\/\/www.hoasen.edu.vn\/ktqt\/gioi-thieu\/doi-ngu-nhan-su\/\">40% gi\u1ea3ng vi\u00ean l\u00e0 c\u00e1c nh\u00e0 qu\u1ea3n tr\u1ecb c\u1ea5p cao<\/a><\/strong> gi\u00fap c\u00e1c b\u1ea1n ti\u1ebfp c\u1eadn nh\u1eefng t\u00ecnh hu\u1ed1ng th\u1ef1c t\u1ebf t\u1ea1i doanh nghi\u1ec7p.<\/p>\n\n\n\n<div style=\"height:10px\" aria-hidden=\"true\" class=\"wp-block-spacer\"><\/div>\n\n\n\n<div class=\"wp-block-columns is-layout-flex wp-container-core-columns-is-layout-9d6595d7 wp-block-columns-is-layout-flex\">\n<div class=\"wp-block-column is-layout-flow wp-block-column-is-layout-flow\">\n<figure class=\"wp-block-image size-full\"><img loading=\"lazy\" decoding=\"async\" width=\"7241\" height=\"4830\" src=\"https:\/\/www.hoasen.edu.vn\/ktqt\/wp-content\/uploads\/sites\/15\/2026\/01\/NTT09859.jpg\" alt=\"\" class=\"wp-image-8714\"\/><\/figure>\n<\/div>\n\n\n\n<div class=\"wp-block-column is-layout-flow wp-block-column-is-layout-flow\">\n<figure class=\"wp-block-image size-full\"><img loading=\"lazy\" decoding=\"async\" width=\"2048\" height=\"1152\" src=\"https:\/\/www.hoasen.edu.vn\/ktqt\/wp-content\/uploads\/sites\/15\/2024\/01\/419116365_704919471743275_6476422390010432978_n-1.jpg\" alt=\"\" class=\"wp-image-3671\" srcset=\"https:\/\/www.hoasen.edu.vn\/ktqt\/wp-content\/uploads\/sites\/15\/2024\/01\/419116365_704919471743275_6476422390010432978_n-1.jpg 2048w, https:\/\/www.hoasen.edu.vn\/ktqt\/wp-content\/uploads\/sites\/15\/2024\/01\/419116365_704919471743275_6476422390010432978_n-1-300x169.jpg 300w, https:\/\/www.hoasen.edu.vn\/ktqt\/wp-content\/uploads\/sites\/15\/2024\/01\/419116365_704919471743275_6476422390010432978_n-1-768x432.jpg 768w, https:\/\/www.hoasen.edu.vn\/ktqt\/wp-content\/uploads\/sites\/15\/2024\/01\/419116365_704919471743275_6476422390010432978_n-1-1536x864.jpg 1536w\" sizes=\"auto, (max-width: 2048px) 100vw, 2048px\" \/><\/figure>\n<\/div>\n<\/div>\n\n\n\n<p style=\"font-size:18px\">Ch\u01b0\u01a1ng tr\u00ecnh \u0111\u00e0o t\u1ea1o \u0111\u01b0\u1ee3c thi\u1ebft k\u1ebf b\u1eb1ng <strong>hai ng\u00f4n ng\u1eef Vi\u1ec7t \u2013 Anh<\/strong>. Sinh vi\u00ean b\u1eaft bu\u1ed9c ph\u1ea3i h\u1ecdc 12 m\u00f4n ho\u00e0n to\u00e0n b\u1eb1ng ti\u1ebfng Anh theo k\u1ebf ho\u1ea1ch h\u1ecdc t\u1eadp. \u0110\u1eb7c bi\u1ec7t, c\u00e1c b\u1ea1n s\u1ebd \u0111\u01b0\u1ee3c h\u1ecdc <strong>ti\u1ebfng Anh h\u1ed9i nh\u1eadp qu\u1ed1c t\u1ebf<\/strong> theo c\u1ea5p \u0111\u1ed9 t\u1eeb th\u1ea5p \u0111\u1ebfn cao nh\u1eb1m gi\u00fap sinh vi\u00ean d\u1ec5 d\u00e0ng th\u00edch nghi v\u1edbi m\u00f4i tr\u01b0\u1eddng \u0111\u1ea1i h\u1ecdc.<\/p>\n\n\n\n<div style=\"height:10px\" aria-hidden=\"true\" class=\"wp-block-spacer\"><\/div>\n\n\n\n<figure class=\"wp-block-image size-full\"><img loading=\"lazy\" decoding=\"async\" width=\"5553\" height=\"3252\" src=\"https:\/\/www.hoasen.edu.vn\/ktqt\/wp-content\/uploads\/sites\/15\/2025\/11\/DSC2858.png\" alt=\"\" class=\"wp-image-8572\"\/><\/figure>\n\n\n\n<div style=\"height:10px\" aria-hidden=\"true\" class=\"wp-block-spacer\"><\/div>\n\n\n\n<p style=\"font-size:18px\">T\u1ea1i Khoa Kinh doanh, sinh vi\u00ean \u0111\u01b0\u1ee3c ph\u00e1t huy Tinh th\u1ea7n doanh ch\u1ee7 th\u00f4ng qua vi\u1ec7c t\u1ed5 ch\u1ee9c c\u00e1c \u0111\u1ec1 \u00e1n, cu\u1ed9c thi. Ti\u00eau bi\u1ec3u nh\u01b0: Nh\u00e0 qu\u1ea3n tr\u1ecb T\u00e0i Ba, HSU Business Challenge, The Future HR Manager, A Chief Accountant For A Day, Behind The Data, Professional Financial Analysis. Nhi\u1ec1u b\u1ea1n \u0111\u00e3 <strong>l\u00e0m ch\u1ee7 c\u00e1c d\u1ef1 \u00e1n<\/strong>, <strong>nghi\u00ean c\u1ee9u khoa h\u1ecdc v\u00e0 th\u00e0nh l\u1eadp doanh nghi\u1ec7p<\/strong> ngay t\u1eeb khi c\u00f2n ng\u1ed3i tr\u00ean gh\u1ebf nh\u00e0 tr\u01b0\u1eddng.&nbsp;<\/p>\n\n\n\n<div style=\"height:10px\" aria-hidden=\"true\" class=\"wp-block-spacer\"><\/div>\n\n\n\t\t\t\t\t<div class=\"vc-about position-relative\">\r\n\t\t\t\t\t\t<div class=\"vc-about__img position-absolute text-end\">\r\n\t\t\t\t\t\t\t\t\t\t\t\t\t\t\t<img decoding=\"async\" class=\"position-relative\" src=\"https:\/\/www.hoasen.edu.vn\/ktqt\/wp-content\/uploads\/sites\/15\/2025\/12\/nganh-tai-chinh-ngan-hang-hsu.png\" alt=\"\">\r\n\t\t\t\t\t\t\t\t\t\t\t\t\t<\/div>\r\n\t\t\t\t\t\t<div class=\"vc-about__row row position-relative\">\r\n\t\t\t\t\t\t\t<div class=\"col-12 col-md-12 col-lg-12 col-xl-8 col-xxl-8\">\r\n\t\t\t\t\t\t\t\t<div class=\"vc-about__box\">\r\n\t\t\t\t\t\t\t\t\t\t\t\t\t\t\t\t\t\t\t<h4 class=\"vc-about__head\">T\u1ea6M NH\u00ccN<\/h4>\r\n\t\t\t\t\t\t\t\t\t\t\t\t\t\t\t\t\t\t<div class=\"vc-about__content\">\r\n\t\t\t\t\t\t\t\t\t\t<p class=\"rtejustify\">Khoa Kinh doanh\u00a0<strong>ph\u1ea5n \u0111\u1ea5u tr\u1edf th\u00e0nh m\u1ed9t trong s\u1ed1 nh\u1eefng \u0111\u01a1n v\u1ecb \u0111\u00e0o t\u1ea1o v\u00e0 nghi\u00ean c\u1ee9u h\u00e0ng \u0111\u1ea7u v\u1ec1 kinh doanh \u1edf Vi\u1ec7t Nam<\/strong> v\u1edbi c\u00e1c ch\u01b0\u01a1ng tr\u00ecnh \u0111\u00e0o t\u1ea1o c\u00f3 ch\u1ea5t l\u01b0\u1ee3ng cao nh\u1ea5t \u0111\u00e1p \u1ee9ng nhu c\u1ea7u c\u1ee7a c\u00e1c doanh nghi\u1ec7p v\u00e0 t\u1ed5 ch\u1ee9c trong m\u00f4i tr\u01b0\u1eddng kinh doanh to\u00e0n c\u1ea7u \u0111ang thay \u0111\u1ed5i nhanh ch\u00f3ng.<\/p>\n\t\t\t\t\t\t\t\t\t<\/div>\r\n\t\t\t\t\t\t\t\t<\/div>\r\n\t\t\t\t\t\t\t<\/div>\r\n\t\t\t\t\t\t<\/div>\r\n\t\t\t\t\t<\/div>\r\n\t\t\t\t\t\t\t\t\t\t<div class=\"vc-about--blue position-relative\">\r\n\t\t\t\t\t\t<div class=\"vc-about__img position-absolute\">\r\n\t\t\t\t\t\t\t\t\t\t\t\t\t\t\t<img decoding=\"async\" class=\"position-relative\" src=\"https:\/\/www.hoasen.edu.vn\/ktqt\/wp-content\/uploads\/sites\/15\/2024\/02\/image-76.png\" alt=\"\">\r\n\t\t\t\t\t\t\t\t\t\t\t\t\t<\/div>\r\n\t\t\t\t\t\t<div class=\"vc-about__row row position-relative\">\r\n\t\t\t\t\t\t\t<div class=\"col-12 col-md-12 col-lg-12 col-xl-8 col-xxl-8 offset-xl-4 offset-xxl-4\">\r\n\t\t\t\t\t\t\t\t<div class=\"vc-about__box text-end\">\r\n\t\t\t\t\t\t\t\t\t\t\t\t\t\t\t\t\t\t\t<h4 class=\"vc-about__head\">S\u1ee8 M\u1ec6NH<\/h4>\r\n\t\t\t\t\t\t\t\t\t\t\t\t\t\t\t\t\t\t<div class=\"vc-about__content\">\r\n\t\t\t\t\t\t\t\t\t\t<p class=\"rtejustify\">Khoa Kinh doanh t\u1ea1o nh\u1eefng tr\u1ea3i nghi\u1ec7m th\u1ef1c t\u1ebf b\u1ed5 \u00edch cho sinh vi\u00ean trong l\u0129nh v\u1ef1c kinh t\u1ebf v\u00e0 qu\u1ea3n tr\u1ecb v\u1edbi c\u00e1c chuy\u00ean ng\u00e0nh nh\u01b0 k\u1ebf to\u00e1n, t\u00e0i ch\u00ednh, marketing, qu\u1ea3n tr\u1ecb ngu\u1ed3n nh\u00e2n l\u1ef1c, qu\u1ea3n tr\u1ecb kinh doanh, qu\u1ea3n tr\u1ecb v\u0103n ph\u00f2ng, h\u1ec7 th\u1ed1ng th\u00f4n tin qu\u1ea3n l\u00fd v\u00e0 kinh doanh qu\u1ed1c t\u1ebf. Ch\u01b0\u01a1ng tr\u00ecnh gi\u1ea3ng d\u1ea1y <strong>cung c\u1ea5p cho sinh vi\u00ean m\u1ed9t n\u1ec1n t\u1ea3ng ki\u1ebfn th\u1ee9c v\u1eefng ch\u1eafc v\u1ec1 kinh doanh hi\u1ec7n \u0111\u1ea1i, k\u1ef9 n\u0103ng ngh\u1ec1 nghi\u1ec7p, kh\u1ea3 n\u0103ng l\u00e3nh \u0111\u1ea1o v\u00e0 kinh nghi\u1ec7m th\u1ef1c t\u1ebf<\/strong> c\u1ea7n thi\u1ebft \u0111\u1ec3 th\u00e0nh c\u00f4ng trong m\u00f4i tr\u01b0\u1eddng l\u00e0m vi\u1ec7c to\u00e0n c\u1ea7u, g\u00f3p ph\u1ea7n v\u00e0o s\u1ef1 t\u0103ng tr\u01b0\u1edfng kinh t\u1ebf c\u1ee7a Vi\u1ec7t Nam v\u00e0 s\u1ef1 ph\u00e1t tri\u1ec3n c\u1ee7a c\u1ed9ng \u0111\u1ed3ng.<\/p>\n\t\t\t\t\t\t\t\t\t<\/div>\r\n\t\t\t\t\t\t\t\t<\/div>\r\n\t\t\t\t\t\t\t<\/div>\r\n\t\t\t\t\t\t<\/div>\r\n\t\t\t\t\t<\/div>\r\n\t\t\t\t\t\t\t\t\t\t<div class=\"vc-about position-relative\">\r\n\t\t\t\t\t\t<div class=\"vc-about__img position-absolute text-end\">\r\n\t\t\t\t\t\t\t\t\t\t\t\t\t\t\t<img decoding=\"async\" class=\"position-relative\" src=\"https:\/\/www.hoasen.edu.vn\/ktqt\/wp-content\/uploads\/sites\/15\/2024\/02\/image-79.png\" alt=\"\">\r\n\t\t\t\t\t\t\t\t\t\t\t\t\t<\/div>\r\n\t\t\t\t\t\t<div class=\"vc-about__row row position-relative\">\r\n\t\t\t\t\t\t\t<div class=\"col-12 col-md-12 col-lg-12 col-xl-8 col-xxl-8\">\r\n\t\t\t\t\t\t\t\t<div class=\"vc-about__box\">\r\n\t\t\t\t\t\t\t\t\t\t\t\t\t\t\t\t\t\t\t<h4 class=\"vc-about__head\">C\u00c1C GI\u00c1 TR\u1eca <\/h4>\r\n\t\t\t\t\t\t\t\t\t\t\t\t\t\t\t\t\t\t<div class=\"vc-about__content\">\r\n\t\t\t\t\t\t\t\t\t\t<p><strong>1. Cam k\u1ebft v\u1ec1 ch\u1ea5t l\u01b0\u1ee3ng:<\/strong> Ch\u01b0\u01a1ng tr\u00ecnh \u0111\u00e0o t\u1ea1o \u0111\u01b0\u1ee3c x\u00e2y d\u1ef1ng d\u1ef1a tr\u00ean c\u01a1 s\u1edf tham kh\u1ea3o c\u00e1c tr\u01b0\u1eddng kinh doanh h\u00e0ng \u0111\u1ea7u tr\u00ean th\u1ebf gi\u1edbi. Ph\u01b0\u01a1ng ph\u00e1p gi\u1ea3ng d\u1ea1y v\u00e0 nghi\u00ean c\u1ee9u hi\u1ec7n \u0111\u1ea1i gi\u00fap sinh vi\u00ean h\u1ecdc t\u1eadp hi\u1ec7u qu\u1ea3, d\u1ec5 d\u00e0ng v\u1eadn d\u1ee5ng ki\u1ebfn th\u1ee9c \u00e1p d\u1ee5ng cho th\u1ef1c ti\u1ec5n<\/p>\n<p><strong>2. T\u01b0 duy \u0111\u1ed9c l\u1eadp:<\/strong> M\u1ed7i sinh vi\u00ean \u0111\u01b0\u1ee3c khuy\u1ebfn kh\u00edch th\u1ec3 hi\u1ec7n suy ngh\u0129 v\u00e0 tr\u00ecnh b\u00e0y m\u1ecdi \u00fd t\u01b0\u1edfng. Th\u00f4ng qua s\u1ef1 h\u01b0\u1edbng d\u1eabn t\u1eeb c\u00e1c gi\u1ea3ng vi\u00ean, c\u00e1c b\u1ea1n s\u1ebd \u0111\u01b0\u1ee3c \u0111\u1ecbnh h\u01b0\u1edbng ph\u00e2n t\u00edch v\u00e0 t\u01b0 duy \u0111\u1ed9c l\u1eadp \u0111\u00fang \u0111\u1eafn trong vi\u1ec7c \u0111\u01b0a ra quy\u1ebft \u0111\u1ecbnh v\u00e0 x\u00e2y d\u1ef1ng l\u00f2ng tin.<\/p>\n<p><strong>3. S\u00e1ng t\u1ea1o: <\/strong>T\u1ea1i Khoa Kinh doanh, sinh vi\u00ean \u0111\u01b0\u1ee3c khuy\u1ebfn kh\u00edch \u0111\u01b0a ra c\u00e1c y\u1ebfu t\u1ed1 s\u00e1ng t\u1ea1o trong h\u1ecdc t\u1eadp, t\u1ed5 ch\u1ee9c \u0111\u1ec1 \u00e1n, gi\u1ea3i tr\u00ed&#8230; \u0111\u01b0\u1ee3c h\u1ed7 tr\u1ee3 v\u00e0 khen t\u1eb7ng khi c\u00f3 nh\u1eefng c\u1ed1ng hi\u1ebfn, th\u00e0nh t\u00edch n\u1ed5i b\u1eadt.<\/p>\n<p><strong>4. T\u00ednh ch\u00ednh tr\u1ef1c:\u00a0<\/strong>Sau khi ra tr\u01b0\u1eddng, sinh vi\u00ean kh\u00f4ng ch\u1ec9 \u0111\u01b0\u1ee3c trang b\u1ecb \u0111\u1ea7y \u0111\u1ee7 ki\u1ebfn th\u1ee9c, k\u1ef9 n\u0103ng m\u00e0 c\u00f2n t\u00ednh ch\u00ednh tr\u1ef1c, \u0111\u00e1ng tin c\u1eady trong t\u1ea5t c\u1ea3 c\u00e1c ho\u1ea1t \u0111\u1ed9ng. \u0110\u00e2y c\u0169ng l\u00e0 m\u1ed9t ph\u1ea9m ch\u1ea5t v\u00f4 c\u1ea7n ph\u1ea3i c\u00f3 c\u1ee7a m\u1ed9t doanh nh\u00e2n, nh\u00e0 l\u00e3nh \u0111\u1ea1o, qu\u1ea3n l\u00fd gi\u1ecfi.<\/p>\n<p><strong>5. T\u00f4n tr\u1ecdng kh\u00e1c bi\u1ec7t:<\/strong> Sinh vie\u0302n \u0111u\u031b\u01a1\u0323c t\u1ea1o \u0111i\u1ec1u ki\u1ec7n ph\u00e1t huy t\u1ed1i \u0111a n\u0103ng l\u1ef1c c\u1ee7a b\u1ea3n th\u00e2n, t\u1ef1 do th\u1ec3 hi\u1ec7n c\u00e1 t\u00ednh, phong c\u00e1ch v\u00e0 \u00fd ki\u1ebfn ri\u00eang. D\u00f9 b\u1ea1n l\u00e0 ai, \u1edf \u0111\u1ed9 tu\u1ed5i, gi\u1edbi t\u00ednh n\u00e0o, kh\u00e1c bi\u1ec7t ra sao, b\u1ea1n \u0111\u1ec1u \u0111\u01b0\u1ee3c t\u00f4n tr\u1ecdng v\u00e0 c\u00f3 c\u01a1 h\u1ed9i t\u1ecfa s\u00e1ng \u0111\u1ec3 tr\u1edf th\u00e0nh phi\u00ean b\u1ea3n t\u1ed1t nh\u1ea5t c\u1ee7a ch\u00ednh m\u00ecnh.<\/p>\n<p><strong>6. Tr\u00e1ch nhi\u1ec7m x\u00e3 h\u1ed9i:<\/strong> \u0110\u00e0o t\u1ea1o, b\u1ed3i d\u01b0\u1ee1ng nh\u1eefng chuy\u00ean gia kinh doanh c\u00f3 tr\u00e1ch nhi\u1ec7m v\u00e0 \u0111\u1ea1o \u0111\u1ee9c trong ngh\u1ec1 nghi\u1ec7p c\u0169ng nh\u01b0 c\u00f3 tr\u00e1ch nhi\u1ec7m \u0111\u1ed1i v\u1edbi x\u00e3 h\u1ed9i.<\/p>\n\t\t\t\t\t\t\t\t\t<\/div>\r\n\t\t\t\t\t\t\t\t<\/div>\r\n\t\t\t\t\t\t\t<\/div>\r\n\t\t\t\t\t\t<\/div>\r\n\t\t\t\t\t<\/div>\r\n\t\t\t\t\t\t\t\t\t\t<div class=\"vc-about--red position-relative\">\r\n\t\t\t\t\t\t<div class=\"vc-about__img position-absolute\">\r\n\t\t\t\t\t\t\t\t\t\t\t\t\t\t\t<img decoding=\"async\" class=\"position-relative\" src=\"https:\/\/www.hoasen.edu.vn\/ktqt\/wp-content\/uploads\/sites\/15\/2025\/11\/081A1832.jpeg\" alt=\"\">\r\n\t\t\t\t\t\t\t\t\t\t\t\t\t<\/div>\r\n\t\t\t\t\t\t<div class=\"vc-about__row row position-relative\">\r\n\t\t\t\t\t\t\t<div class=\"col-12 col-md-12 col-lg-12 col-xl-8 col-xxl-8 offset-xl-4 offset-xxl-4\">\r\n\t\t\t\t\t\t\t\t<div class=\"vc-about__box text-end\">\r\n\t\t\t\t\t\t\t\t\t\t\t\t\t\t\t\t\t\t\t<h4 class=\"vc-about__head\">TRI\u1ebeT L\u00dd <\/h4>\r\n\t\t\t\t\t\t\t\t\t\t\t\t\t\t\t\t\t\t<div class=\"vc-about__content\">\r\n\t\t\t\t\t\t\t\t\t\t<div class=\"vc-about__content\">\n<p>&nbsp;<\/p>\n<p><strong>Tinh th\u1ea7n gi\u00e1o d\u1ee5c khai ph\u00f3ng v\u00e0 tinh th\u1ea7n doanh ch\u1ee7\u00a0<\/strong><\/p>\n<\/div>\n<p>&nbsp;<\/p>\n\t\t\t\t\t\t\t\t\t<\/div>\r\n\t\t\t\t\t\t\t\t<\/div>\r\n\t\t\t\t\t\t\t<\/div>\r\n\t\t\t\t\t\t<\/div>\r\n\t\t\t\t\t<\/div>\r\n\t\t\t\t\t\n\n\n<div style=\"height:20px\" aria-hidden=\"true\" class=\"wp-block-spacer\"><\/div>\n\n\n\n<div class=\"wp-block-columns is-layout-flex wp-container-core-columns-is-layout-9d6595d7 wp-block-columns-is-layout-flex\">\n<div class=\"wp-block-column is-layout-flow wp-block-column-is-layout-flow\">\n<figure class=\"wp-block-image size-full\"><img loading=\"lazy\" decoding=\"async\" width=\"2048\" height=\"1152\" src=\"https:\/\/www.hoasen.edu.vn\/ktqt\/wp-content\/uploads\/sites\/15\/2024\/01\/1-1-edited.jpg\" alt=\"\" class=\"wp-image-3647\" srcset=\"https:\/\/www.hoasen.edu.vn\/ktqt\/wp-content\/uploads\/sites\/15\/2024\/01\/1-1-edited.jpg 2048w, https:\/\/www.hoasen.edu.vn\/ktqt\/wp-content\/uploads\/sites\/15\/2024\/01\/1-1-edited-300x169.jpg 300w, https:\/\/www.hoasen.edu.vn\/ktqt\/wp-content\/uploads\/sites\/15\/2024\/01\/1-1-edited-768x432.jpg 768w, https:\/\/www.hoasen.edu.vn\/ktqt\/wp-content\/uploads\/sites\/15\/2024\/01\/1-1-edited-1536x864.jpg 1536w\" sizes=\"auto, (max-width: 2048px) 100vw, 2048px\" \/><\/figure>\n<\/div>\n\n\n\n<div class=\"wp-block-column is-layout-flow wp-block-column-is-layout-flow\">\n<figure class=\"wp-block-image size-full\"><img loading=\"lazy\" decoding=\"async\" width=\"2048\" height=\"1152\" src=\"https:\/\/www.hoasen.edu.vn\/ktqt\/wp-content\/uploads\/sites\/15\/2024\/01\/410427718_689358726632683_2800758144466346450_n-2.jpg\" alt=\"\" class=\"wp-image-3655\" srcset=\"https:\/\/www.hoasen.edu.vn\/ktqt\/wp-content\/uploads\/sites\/15\/2024\/01\/410427718_689358726632683_2800758144466346450_n-2.jpg 2048w, https:\/\/www.hoasen.edu.vn\/ktqt\/wp-content\/uploads\/sites\/15\/2024\/01\/410427718_689358726632683_2800758144466346450_n-2-300x169.jpg 300w, https:\/\/www.hoasen.edu.vn\/ktqt\/wp-content\/uploads\/sites\/15\/2024\/01\/410427718_689358726632683_2800758144466346450_n-2-768x432.jpg 768w, https:\/\/www.hoasen.edu.vn\/ktqt\/wp-content\/uploads\/sites\/15\/2024\/01\/410427718_689358726632683_2800758144466346450_n-2-1536x864.jpg 1536w\" sizes=\"auto, (max-width: 2048px) 100vw, 2048px\" \/><\/figure>\n<\/div>\n<\/div>\n\n\n\n<div class=\"wp-block-columns is-layout-flex wp-container-core-columns-is-layout-9d6595d7 wp-block-columns-is-layout-flex\">\n<div class=\"wp-block-column is-layout-flow wp-block-column-is-layout-flow\">\n<figure class=\"wp-block-image size-large\"><img loading=\"lazy\" decoding=\"async\" width=\"2048\" height=\"1152\" src=\"https:\/\/www.hoasen.edu.vn\/ktqt\/wp-content\/uploads\/sites\/15\/2024\/01\/411364516_689358709966018_4017980130408538399_n.jpg\" alt=\"\" class=\"wp-image-3658\" srcset=\"https:\/\/www.hoasen.edu.vn\/ktqt\/wp-content\/uploads\/sites\/15\/2024\/01\/411364516_689358709966018_4017980130408538399_n.jpg 2048w, https:\/\/www.hoasen.edu.vn\/ktqt\/wp-content\/uploads\/sites\/15\/2024\/01\/411364516_689358709966018_4017980130408538399_n-300x169.jpg 300w, https:\/\/www.hoasen.edu.vn\/ktqt\/wp-content\/uploads\/sites\/15\/2024\/01\/411364516_689358709966018_4017980130408538399_n-768x432.jpg 768w, https:\/\/www.hoasen.edu.vn\/ktqt\/wp-content\/uploads\/sites\/15\/2024\/01\/411364516_689358709966018_4017980130408538399_n-1536x864.jpg 1536w\" sizes=\"auto, (max-width: 2048px) 100vw, 2048px\" \/><\/figure>\n<\/div>\n\n\n\n<div class=\"wp-block-column is-layout-flow wp-block-column-is-layout-flow\">\n<figure class=\"wp-block-image size-full\"><img loading=\"lazy\" decoding=\"async\" width=\"5013\" height=\"3345\" src=\"https:\/\/www.hoasen.edu.vn\/ktqt\/wp-content\/uploads\/sites\/15\/2026\/01\/NTT09933.jpg\" alt=\"\" class=\"wp-image-8705\"\/><\/figure>\n<\/div>\n\n\n\n<div class=\"wp-block-column is-layout-flow wp-block-column-is-layout-flow\">\n<figure class=\"wp-block-image size-full\"><img loading=\"lazy\" decoding=\"async\" width=\"2048\" height=\"1089\" src=\"https:\/\/www.hoasen.edu.vn\/ktqt\/wp-content\/uploads\/sites\/15\/2025\/07\/mot-ngay-lam-ke-toan-truong-4.jpg\" alt=\"\" class=\"wp-image-8622\"\/><\/figure>\n<\/div>\n<\/div>\n\n\n\n<figure class=\"wp-block-image size-full\"><img loading=\"lazy\" decoding=\"async\" width=\"6000\" height=\"4000\" src=\"https:\/\/www.hoasen.edu.vn\/ktqt\/wp-content\/uploads\/sites\/15\/2026\/01\/WANH6899.jpg\" alt=\"\" class=\"wp-image-8707\"\/><\/figure>\n<\/div>\n\n\n\n<div class=\"wp-block-column is-layout-flow wp-block-column-is-layout-flow\" style=\"flex-basis:70px\"><\/div>\n<\/div>\n\n\n\n<p><strong>Ch\u00e0o m\u1eebng b\u1ea1n gia nh\u1eadp c\u1ed9ng \u0111\u1ed3ng sinh vi\u00ean <a href=\"https:\/\/www.facebook.com\/khoakinhdoanhHSU\/\" data-type=\"link\" data-id=\"https:\/\/www.facebook.com\/khoakinhdoanhHSU\/\" target=\"_blank\" rel=\"noopener\">Khoa Kinh doanh<\/a> \u2013 n\u01a1i kh\u1edfi ngu\u1ed3n c\u1ee7a nh\u1eefng nh\u00e0 l\u00e3nh \u0111\u1ea1o v\u00e0 doanh nh\u00e2n t\u01b0\u01a1ng lai!<\/strong><\/p>\n","protected":false},"excerpt":{"rendered":"<p>Khoa Kinh doanh l\u00e0 \u0111\u01a1n v\u1ecb ch\u1ee7 l\u1ef1c trong chi\u1ebfn l\u01b0\u1ee3c ph\u00e1t tri\u1ec3n HSU tr\u1edf th\u00e0nh tr\u01b0\u1eddng \u0111\u00e0o t\u1ea1o h\u00e0ng \u0111\u1ea7u v\u1ec1 Kinh doanh v\u00e0 Qu\u1ea3n l\u00fd. <\/p>\n","protected":false},"author":5427,"featured_media":8911,"parent":6017,"menu_order":1,"comment_status":"closed","ping_status":"closed","template":"","meta":{"footnotes":""},"class_list":["post-7010","page","type-page","status-publish","has-post-thumbnail","hentry"],"acf":[],"_links":{"self":[{"href":"https:\/\/www.hoasen.edu.vn\/ktqt\/wp-json\/wp\/v2\/pages\/7010","targetHints":{"allow":["GET"]}}],"collection":[{"href":"https:\/\/www.hoasen.edu.vn\/ktqt\/wp-json\/wp\/v2\/pages"}],"about":[{"href":"https:\/\/www.hoasen.edu.vn\/ktqt\/wp-json\/wp\/v2\/types\/page"}],"author":[{"embeddable":true,"href":"https:\/\/www.hoasen.edu.vn\/ktqt\/wp-json\/wp\/v2\/users\/5427"}],"replies":[{"embeddable":true,"href":"https:\/\/www.hoasen.edu.vn\/ktqt\/wp-json\/wp\/v2\/comments?post=7010"}],"version-history":[{"count":26,"href":"https:\/\/www.hoasen.edu.vn\/ktqt\/wp-json\/wp\/v2\/pages\/7010\/revisions"}],"predecessor-version":[{"id":9139,"href":"https:\/\/www.hoasen.edu.vn\/ktqt\/wp-json\/wp\/v2\/pages\/7010\/revisions\/9139"}],"up":[{"embeddable":true,"href":"https:\/\/www.hoasen.edu.vn\/ktqt\/wp-json\/wp\/v2\/pages\/6017"}],"wp:featuredmedia":[{"embeddable":true,"href":"https:\/\/www.hoasen.edu.vn\/ktqt\/wp-json\/wp\/v2\/media\/8911"}],"wp:attachment":[{"href":"https:\/\/www.hoasen.edu.vn\/ktqt\/wp-json\/wp\/v2\/media?parent=7010"}],"curies":[{"name":"wp","href":"https:\/\/api.w.org\/{rel}","templated":true}]}}