{"id":4544,"date":"2025-08-20T16:12:59","date_gmt":"2025-08-20T09:12:59","guid":{"rendered":"https:\/\/www.hoasen.edu.vn\/khxh\/?page_id=4544"},"modified":"2026-01-09T17:07:44","modified_gmt":"2026-01-09T10:07:44","slug":"overview","status":"publish","type":"page","link":"https:\/\/www.hoasen.edu.vn\/khxh\/en\/about-us-2\/overview\/","title":{"rendered":"Overview"},"content":{"rendered":"\n<div class=\"wp-block-group block-facuty\"><div class=\"wp-block-group__inner-container is-layout-constrained wp-block-group-is-layout-constrained\">\n<h2 class=\"wp-block-heading has-text-align-center fy-title-hide fy-custom-title\"><strong>Welcome to<\/strong><\/h2>\n\n\n\n<h2 class=\"wp-block-heading has-text-align-center fy-custom-title\"><strong><strong><strong>The Faculty of Law<\/strong><\/strong><\/strong><\/h2>\n<\/div><\/div>\n\n\n\n<div style=\"height:20px\" aria-hidden=\"true\" class=\"wp-block-spacer\"><\/div>\n\n\n\n<div class=\"wp-block-columns block-facuty is-layout-flex wp-container-core-columns-is-layout-9d6595d7 wp-block-columns-is-layout-flex\">\n<div class=\"wp-block-column is-layout-flow wp-block-column-is-layout-flow\" style=\"flex-basis:70px\"><\/div>\n\n\n\n<div class=\"wp-block-column is-layout-flow wp-block-column-is-layout-flow\">\n<figure class=\"wp-block-image size-full\"><img loading=\"lazy\" decoding=\"async\" width=\"2560\" height=\"1084\" src=\"https:\/\/www.hoasen.edu.vn\/khxh\/wp-content\/uploads\/sites\/17\/2024\/10\/z5970334977541_d1b6153cc9233b8da237c919cc41778b.jpg\" alt=\"\u0110\u1ecbnh h\u01b0\u1edbng chi\u1ebfn l\u01b0\u1ee3c h\u1ecdc t\u1eadp cho sinh vi\u00ean t\u1ea1i To\u1ea1 \u0111\u00e0m &quot;Ph\u01b0\u01a1ng ph\u00e1p h\u1ecdc t\u1eadp ng\u00e0nh Lu\u1eadt&quot;\" class=\"wp-image-3485\"\/><\/figure>\n\n\n\n<div style=\"height:10px\" aria-hidden=\"true\" class=\"wp-block-spacer\"><\/div>\n\n\n\n<p style=\"font-size:18px\">In the context of society&#8217;s increasing concern for justice, human rights and mental health, the demand for high-quality legal and psychological human resources is increasing rapidly. Responding to that trend, the Faculty of Law, Hoa Sen University is the &#8220;academic destination&#8221; chosen by the young generation, equipped with <strong>a solid academic foundation<\/strong> and <strong>practical application capacity<\/strong> when entering the business environment.<\/p>\n\n\n\n<div style=\"height:10px\" aria-hidden=\"true\" class=\"wp-block-spacer\"><\/div>\n\n\n\n<figure class=\"wp-block-image size-full\"><img loading=\"lazy\" decoding=\"async\" width=\"2560\" height=\"1442\" src=\"https:\/\/www.hoasen.edu.vn\/khxh\/wp-content\/uploads\/sites\/17\/2024\/10\/z5969932820643_8a16aa370a7928525b0d5c378c274d4a.jpg\" alt=\"\u0110\u1ecbnh h\u01b0\u1edbng chi\u1ebfn l\u01b0\u1ee3c h\u1ecdc t\u1eadp cho sinh vi\u00ean t\u1ea1i To\u1ea1 \u0111\u00e0m &quot;Ph\u01b0\u01a1ng ph\u00e1p h\u1ecdc t\u1eadp ng\u00e0nh Lu\u1eadt&quot;\" class=\"wp-image-3486\"\/><\/figure>\n\n\n\n<div style=\"height:10px\" aria-hidden=\"true\" class=\"wp-block-spacer\"><\/div>\n\n\n\n<p style=\"font-size:18px\">Currently, the Faculty of Law implements 05 training programs, including: Law, Economic Law, Digital Business Law, International Trade Law, Criminal Law and Criminal Procedure approaching global career trends. Different from the traditional training model focusing on theory, we focus on practical experience and high applicability for students, specifically:<\/p>\n\n\n\n<ul class=\"wp-block-list\">\n<li style=\"font-size:18px\">Participate in professional experiences, interact with industry experts at judicial agencies, law firms, etc.<\/li>\n\n\n\n<li>Practice professional skills through mock trials at Ho Chi Minh City People&#8217;s Courts, HSU Trial Practice Room,&#8230;<\/li>\n\n\n\n<li style=\"font-size:18px\">Specialized courses are taught in English to improve Hoa Sen students&#8217; ability to integrate into the global working environment.<\/li>\n<\/ul>\n\n\n\n<div style=\"height:10px\" aria-hidden=\"true\" class=\"wp-block-spacer\"><\/div>\n\n\n\n<figure class=\"wp-block-image size-full\"><img loading=\"lazy\" decoding=\"async\" width=\"2000\" height=\"1388\" src=\"https:\/\/www.hoasen.edu.vn\/khxh\/wp-content\/uploads\/sites\/17\/2025\/07\/Nganh-Luat-HSU.jpg\" alt=\"\" class=\"wp-image-4300\"\/><\/figure>\n\n\n\n<div style=\"height:10px\" aria-hidden=\"true\" class=\"wp-block-spacer\"><\/div>\n\n\n\n<p style=\"font-size:18px\">The Faculty of Law is proud of its faculty members who graduated from prestigious universities at home and abroad, with extensive working experience in courts, law firms, therapy centers, etc. Lecturers not only play the role of teachers but also guides, accompanying students in developing their expertise and professional qualities.<\/p>\n\n\n\n<div style=\"height:10px\" aria-hidden=\"true\" class=\"wp-block-spacer\"><\/div>\n\n\n\n<figure class=\"wp-block-image size-full\"><img loading=\"lazy\" decoding=\"async\" width=\"3472\" height=\"1207\" src=\"https:\/\/www.hoasen.edu.vn\/khxh\/wp-content\/uploads\/sites\/17\/2025\/07\/Khoa-Luat-Tam-ly-HSU.jpg\" alt=\"\" class=\"wp-image-4302\"\/><\/figure>\n\n\n\n<div style=\"height:10px\" aria-hidden=\"true\" class=\"wp-block-spacer\"><\/div>\n\n\n\n<p style=\"font-size:18px\">One of the highlights of the Faculty of Law is the highly simulated training facilities. <a href=\"https:\/\/www.hoasen.edu.vn\/khxh\/en\/hsus-faculty-of-law-psychology-inaugurates-moot-courtroom-and-signs-strategic-partnerships\/\"><strong>The Trial Practice Room<\/strong><\/a> is designed as a miniature court, allowing students to directly experience the trial process right at the School.<\/p>\n\n\n\n<div style=\"height:10px\" aria-hidden=\"true\" class=\"wp-block-spacer\"><\/div>\n\n\n\n<figure class=\"wp-block-image size-full\"><img loading=\"lazy\" decoding=\"async\" width=\"3936\" height=\"2216\" src=\"https:\/\/www.hoasen.edu.vn\/khxh\/wp-content\/uploads\/sites\/17\/2025\/07\/MAX7121.png\" alt=\"HSU kh\u00e1nh th\u00e0nh Ph\u00f2ng th\u1ef1c h\u00e0nh di\u1ec5n \u00e1n\" class=\"wp-image-4073\"\/><\/figure>\n\n\n\n<div style=\"height:10px\" aria-hidden=\"true\" class=\"wp-block-spacer\"><\/div>\n\n\n\n<p style=\"font-size:18px\">The way the classroom is organized also goes against the traditional lecture hall model: There is <strong>no podium<\/strong>, instead there is an open space, encouraging students to express their personal opinions, discuss and debate together to find the best solution. The small class size of <strong>about 30 students<\/strong> helps learners easily interact with the lecturer.<\/p>\n\n\n\n<div style=\"height:10px\" aria-hidden=\"true\" class=\"wp-block-spacer\"><\/div>\n\n\n\n<figure class=\"wp-block-image size-full\"><img loading=\"lazy\" decoding=\"async\" width=\"2048\" height=\"1235\" src=\"https:\/\/www.hoasen.edu.vn\/khxh\/wp-content\/uploads\/sites\/17\/2025\/07\/Hoi-nghi-Nghien-cuu-Khoa-hoc-Sinh-vien-lan-thu-14-5-1.jpg\" alt=\"\" class=\"wp-image-4321\"\/><\/figure>\n\n\n\n<div style=\"height:10px\" aria-hidden=\"true\" class=\"wp-block-spacer\"><\/div>\n\n\n\n<p style=\"font-size:18px\">Faculty of Law, Hoa Sen University is committed to providing students with knowledge, not only through lectures, but also through <strong>practical experience<\/strong>, dedicated guidance and deep connections with <strong>the professional community<\/strong>.<\/p>\n\n\n\n<div style=\"height:10px\" aria-hidden=\"true\" class=\"wp-block-spacer\"><\/div>\n\n\n\n<div class=\"wp-block-columns is-layout-flex wp-container-core-columns-is-layout-9d6595d7 wp-block-columns-is-layout-flex\">\n<div class=\"wp-block-column is-layout-flow wp-block-column-is-layout-flow\">\n<figure class=\"wp-block-image size-full\"><img loading=\"lazy\" decoding=\"async\" width=\"2048\" height=\"1152\" src=\"https:\/\/www.hoasen.edu.vn\/khxh\/wp-content\/uploads\/sites\/17\/2025\/07\/hung-bien-tieng-viet-4.jpg\" alt=\"Sinh vi\u00ean ng\u00e0nh Lu\u1eadt xu\u1ea5t s\u1eafc gi\u00e0nh ng\u00f4i v\u1ecb \u00c1 qu\u00e2n cu\u1ed9c thi H\u00f9ng bi\u1ec7n Ti\u1ebfng Vi\u1ec7t 2025\" class=\"wp-image-4150\"\/><\/figure>\n<\/div>\n\n\n\n<div class=\"wp-block-column is-layout-flow wp-block-column-is-layout-flow\">\n<figure class=\"wp-block-image size-full\"><img loading=\"lazy\" decoding=\"async\" width=\"2978\" height=\"1408\" src=\"https:\/\/www.hoasen.edu.vn\/khxh\/wp-content\/uploads\/sites\/17\/2025\/07\/Hoi-nghi-Nghien-cuu-Khoa-hoc-Sinh-vien-lan-thu-14-1.jpg\" alt=\"Sinh vi\u00ean T\u00e2m l\u00fd h\u1ecdc xu\u1ea5t s\u1eafc gi\u00e0nh gi\u1ea3i Nh\u1ea5t H\u1ed9i ngh\u1ecb Nghi\u00ean c\u1ee9u Khoa h\u1ecdc Sinh vi\u00ean l\u1ea7n th\u1ee9 14\" class=\"wp-image-4104\" style=\"aspect-ratio:16\/9;object-fit:cover\"\/><\/figure>\n<\/div>\n<\/div>\n\n\n\n<div style=\"height:10px\" aria-hidden=\"true\" class=\"wp-block-spacer\"><\/div>\n\n\n\n<p style=\"font-size:18px\">Choosing the Faculty of Law, you are choosing a serious, highly applicable and inspiring learning journey, where every step is carefully prepared for the future of work and spreading positive values \u200b\u200bto society.<\/p>\n\n\n\n<div style=\"height:10px\" aria-hidden=\"true\" class=\"wp-block-spacer\"><\/div>\n\n\n\n<div style=\"padding: 16px;font-family: Arial, sans-serif;background: #fff;border: 1px solid #ddd;border-radius: 8px;max-width: 100%\">\n  <p style=\"font-weight: bold;font-size: 16px;margin-top: 0;margin-bottom: 12px;text-transform: none;text-align: left;line-height: 1.4;letter-spacing: normal\">\n    BECOME A FRESHMAN OF THE FACULTY OF LAW \u2013 PSYCHOLOGY\n  <\/p>\n\n  <p style=\"margin: 4px 0\">\n    \ud83d\udd17 Fanpage: \n    <a href=\"https:\/\/facebook.com\/HoaSenUni\" target=\"_blank\" style=\"color: #007bff;text-decoration: none\" rel=\"noopener\">\n      facebook.com\/HoaSenUni\n    <\/a>\n  <\/p>\n\n  <p style=\"margin: 4px 0\">\n    \ud83d\udd0e Admissions: \n    <a href=\"https:\/\/tuyensinh.hoasen.edu.vn\" target=\"_blank\" style=\"color: #007bff;text-decoration: none\" rel=\"noopener\">\n      tuyensinh.hoasen.edu.vn\n    <\/a>\n  <\/p>\n\n  <p style=\"margin-top: 16px\">\n    <a href=\"tel:02873007272\" style=\"background-color: #e60023;color: white;padding: 12px 16px;font-size: 18px;font-weight: bold;text-decoration: none;border-radius: 6px\">\n      HOTLINE: 028 7300 7272\n    <\/a>\n  <\/p>\n<\/div>\n<\/div>\n\n\n\n<div class=\"wp-block-column is-layout-flow wp-block-column-is-layout-flow\" style=\"flex-basis:70px\"><\/div>\n<\/div>\n\n\n\n<p><\/p>\n","protected":false},"excerpt":{"rendered":"<p>Welcome to The Faculty of Law In the context of society&#8217;s increasing concern for justice, human rights and mental health, the demand for high-quality legal and psychological human resources is increasing rapidly. Responding to that trend, the Faculty of Law, Hoa Sen University is the &#8220;academic destination&#8221; chosen by the young generation, equipped with a solid academic foundation and practical application capacity when entering the business environment. Currently, the Faculty of Law implements 05 training programs, including: Law, Economic Law, Digital Business Law, International Trade Law, Criminal Law and Criminal Procedure approaching global career trends. Different from the traditional training&#8230;<\/p>\n","protected":false},"author":5427,"featured_media":3485,"parent":4542,"menu_order":0,"comment_status":"closed","ping_status":"closed","template":"","meta":{"footnotes":""},"class_list":["post-4544","page","type-page","status-publish","has-post-thumbnail","hentry"],"acf":[],"_links":{"self":[{"href":"https:\/\/www.hoasen.edu.vn\/khxh\/wp-json\/wp\/v2\/pages\/4544","targetHints":{"allow":["GET"]}}],"collection":[{"href":"https:\/\/www.hoasen.edu.vn\/khxh\/wp-json\/wp\/v2\/pages"}],"about":[{"href":"https:\/\/www.hoasen.edu.vn\/khxh\/wp-json\/wp\/v2\/types\/page"}],"author":[{"embeddable":true,"href":"https:\/\/www.hoasen.edu.vn\/khxh\/wp-json\/wp\/v2\/users\/5427"}],"replies":[{"embeddable":true,"href":"https:\/\/www.hoasen.edu.vn\/khxh\/wp-json\/wp\/v2\/comments?post=4544"}],"version-history":[{"count":5,"href":"https:\/\/www.hoasen.edu.vn\/khxh\/wp-json\/wp\/v2\/pages\/4544\/revisions"}],"predecessor-version":[{"id":5200,"href":"https:\/\/www.hoasen.edu.vn\/khxh\/wp-json\/wp\/v2\/pages\/4544\/revisions\/5200"}],"up":[{"embeddable":true,"href":"https:\/\/www.hoasen.edu.vn\/khxh\/wp-json\/wp\/v2\/pages\/4542"}],"wp:featuredmedia":[{"embeddable":true,"href":"https:\/\/www.hoasen.edu.vn\/khxh\/wp-json\/wp\/v2\/media\/3485"}],"wp:attachment":[{"href":"https:\/\/www.hoasen.edu.vn\/khxh\/wp-json\/wp\/v2\/media?parent=4544"}],"curies":[{"name":"wp","href":"https:\/\/api.w.org\/{rel}","templated":true}]}}