{"id":4037,"date":"2025-07-28T09:43:07","date_gmt":"2025-07-28T02:43:07","guid":{"rendered":"https:\/\/www.hoasen.edu.vn\/khxh\/?page_id=4037"},"modified":"2026-02-05T09:36:35","modified_gmt":"2026-02-05T02:36:35","slug":"dao-tao","status":"publish","type":"page","link":"https:\/\/www.hoasen.edu.vn\/khxh\/dao-tao\/","title":{"rendered":"\u0110\u00e0o t\u1ea1o"},"content":{"rendered":"\n\n\n  <div class=\"faculty-edu\">\n        <div class=\"fy-card\">\n        <div class=\"card-image\">\n                            <img decoding=\"async\" src=\"https:\/\/www.hoasen.edu.vn\/khxh\/wp-content\/uploads\/sites\/17\/2024\/10\/z5970334977541_d1b6153cc9233b8da237c919cc41778b.jpg\" alt=\"\u0110\u1ecbnh h\u01b0\u1edbng chi\u1ebfn l\u01b0\u1ee3c h\u1ecdc t\u1eadp cho sinh vi\u00ean t\u1ea1i To\u1ea1 \u0111\u00e0m &quot;Ph\u01b0\u01a1ng ph\u00e1p h\u1ecdc t\u1eadp ng\u00e0nh Lu\u1eadt&quot;\">\n                    <\/div>\n        <div class=\"card-content\">\n            <div class=\"card-title\">Lu\u1eadt<\/div>\n\n                                                <a class=\"card-desc\" href=\"https:\/\/www.hoasen.edu.vn\/khxh\/nganh-luat\/\" target=\"_blank\">\n                Kh\u00e1m ph\u00e1 ch\u01b0\u01a1ng tr\u00ecnh \u0111\u00e0o t\u1ea1o                    <div class=\"card-button\">\u203a<\/div>\n                <\/a>\n                                             <\/div>\n    <\/div>\n        <div class=\"fy-card\">\n        <div class=\"card-image\">\n                            <img decoding=\"async\" src=\"https:\/\/www.hoasen.edu.vn\/khxh\/wp-content\/uploads\/sites\/17\/2026\/01\/499945992_622541967512841_618551843040961139_n.jpg\" alt=\"\">\n                    <\/div>\n        <div class=\"card-content\">\n            <div class=\"card-title\">Lu\u1eadt H\u00ecnh s\u1ef1 v\u00e0 T\u1ed1 t\u1ee5ng H\u00ecnh s\u1ef1<\/div>\n\n                                                <a class=\"card-desc\" href=\"https:\/\/www.hoasen.edu.vn\/khxh\/nganh-luat-hinh-su-va-to-tung-hinh-su\/\" target=\"_blank\">\n                Kh\u00e1m ph\u00e1 ch\u01b0\u01a1ng tr\u00ecnh \u0111\u00e0o t\u1ea1o                    <div class=\"card-button\">\u203a<\/div>\n                <\/a>\n                                             <\/div>\n    <\/div>\n        <div class=\"fy-card\">\n        <div class=\"card-image\">\n                            <img decoding=\"async\" src=\"https:\/\/www.hoasen.edu.vn\/khxh\/wp-content\/uploads\/sites\/17\/2024\/09\/z5863600628982_5e9cd1bb704e54328932333a1ccae68d.jpg\" alt=\"\">\n                    <\/div>\n        <div class=\"card-content\">\n            <div class=\"card-title\">Lu\u1eadt Kinh t\u1ebf<\/div>\n\n                                                <a class=\"card-desc\" href=\"https:\/\/www.hoasen.edu.vn\/khxh\/nganh-luat-kinh-te\/\" target=\"_blank\">\n                Kh\u00e1m ph\u00e1 ch\u01b0\u01a1ng tr\u00ecnh \u0111\u00e0o t\u1ea1o                    <div class=\"card-button\">\u203a<\/div>\n                <\/a>\n                                             <\/div>\n    <\/div>\n        <div class=\"fy-card\">\n        <div class=\"card-image\">\n                            <img decoding=\"async\" src=\"https:\/\/www.hoasen.edu.vn\/khxh\/wp-content\/uploads\/sites\/17\/2026\/01\/MAX7102.png\" alt=\"\">\n                    <\/div>\n        <div class=\"card-content\">\n            <div class=\"card-title\">Lu\u1eadt Kinh doanh s\u1ed1<\/div>\n\n                                                <a class=\"card-desc\" href=\"https:\/\/www.hoasen.edu.vn\/khxh\/nganh-luat-kinh-doanh-so\/\" target=\"_blank\">\n                Kh\u00e1m ph\u00e1 ch\u01b0\u01a1ng tr\u00ecnh \u0111\u00e0o t\u1ea1o                    <div class=\"card-button\">\u203a<\/div>\n                <\/a>\n                                             <\/div>\n    <\/div>\n        <div class=\"fy-card\">\n        <div class=\"card-image\">\n                            <img decoding=\"async\" src=\"https:\/\/www.hoasen.edu.vn\/khxh\/wp-content\/uploads\/sites\/17\/2026\/01\/DSC9874.png\" alt=\"\">\n                    <\/div>\n        <div class=\"card-content\">\n            <div class=\"card-title\">Lu\u1eadt Th\u01b0\u01a1ng m\u1ea1i Qu\u1ed1c t\u1ebf<\/div>\n\n                                                <a class=\"card-desc\" href=\"https:\/\/www.hoasen.edu.vn\/khxh\/nganh-luat-thuong-mai-quoc-te\/\" target=\"_blank\">\n                Kh\u00e1m ph\u00e1 ch\u01b0\u01a1ng tr\u00ecnh \u0111\u00e0o t\u1ea1o                    <div class=\"card-button\">\u203a<\/div>\n                <\/a>\n                                             <\/div>\n    <\/div>\n    <\/div>\n\n    \n<style>\n    \n.container:has(.faculty-edu){\nmax-width: 1312px;\npadding: 0 56px;\n}\n.container:has(.faculty-edu) h1.vc-headline--border-center {\n    text-align: left !important;\n    padding-top: 46px;\n    margin-bottom: 28px;\n}\n\n    .faculty-edu {\n      display: grid;\n      grid-template-columns: repeat(auto-fit, minmax(450px, 1fr));\n      gap: 20px;\n      margin-top: 20px;\n          max-width: 1200px;\n          margin: auto;\n    }\n\n    .faculty-edu .fy-card {\n    overflow: hidden;\n    background: linear-gradient(to bottom, #024DA1 184px, #Fff 184px);\n        box-shadow: 0px 4px 6px -2px #0A0D1208;\n        box-shadow: 0px 12px 16px -4px #0A0D1214;\n    }\n\n    .faculty-edu .card-image {\n     background: #e3e3e3;\n    position: relative;\n    height: 266px;\n    margin: 32px;\n    }\n    .faculty-edu .card-image img{\n     width: 100%;\n    object-fit: cover;\n    object-position: center;\n    height: 100%;\n    }\n    .faculty-edu .card-image::before {\n      content: \"\";\n      position: absolute;\n      top: 152px;\n        left: -32px;\n        width: 32px;\n        height: 16px;\n      background: url('https:\/\/www.hoasen.edu.vn\/wp-content\/themes\/ru-hsu\/assets\/faculty\/img\/icon-bg-faculty-edu-left.svg');\n    }\n    .faculty-edu .card-image::after {\n        content: \"\";\n        position: absolute;\n        top: 150px;\n        right: -32px;\n        width: 32px;\n        height: 32px;\n        background: url('https:\/\/www.hoasen.edu.vn\/wp-content\/themes\/ru-hsu\/assets\/faculty\/img\/icon-bg-faculty-edu-right.svg');\n    }\n\n    .faculty-edu .card-content {\n     padding: 0 16px 16px;\n    }\n\n    .faculty-edu .card-title {\n      font-weight: bold;\n      margin: 0 0 8px;\n      font-size: 20px;\n    }\n\n    .faculty-edu .card-desc {\n          font-size: 16px;\n      color: #333;\n      margin: 0 0 8px;\n          display: flex;\n    flex-direction: row;\n    justify-content: space-between;\n    align-items: center;\n    }\n\n    .faculty-edu .card-button {\n      text-align: right;\n    }\n\n    .faculty-edu .card-button {\n      display: inline-block;\n      width: 36px;\n      height: 28px;\n      background: #024DA1;\n      color: #fff;\n      text-align: center;\n      line-height: 24px;\n      text-decoration: none;\n      font-weight: bold;\n      border-right: 8px solid #009FE8;\n          font-size: 25px;\n    }\n\n    .faculty-edu .card-desc:hover .card-button{\n         background: #ed1c24;\n       }\n        .faculty-edu .card-desc:hover{\n            color: #024DA1;\n        }\n.faculty-edu .card-desc{\n    gap: 10px;\n}\n\n    @media only screen and (max-width: 1000px){\n        .container:has(.faculty-edu) {\n    padding: 0 40px;\n}\n    .faculty-edu {\n      display: grid;\n      grid-template-columns: repeat(auto-fit, minmax(320px, 1fr));\n      gap: 20px;\n    }\n    .faculty-edu .card-image{\n        height: 200px\n    }\n    .faculty-edu .fy-card {\n    background: linear-gradient(to bottom, #024DA1 118px, #Fff 118px);\n    }\n     .faculty-edu .card-image::after, .faculty-edu .card-image::before {\n        top: 85px;\n     }\n   }\n   @media only screen and (max-width: 768px){\n     .faculty-edu a.card-button{\n        font-size: 20px;\n     }\n     .faculty-edu .card-title{\n        font-size: 18px\n     }\n    .faculty-edu .card-desc {\n        font-size: 14px;\n    }\n    .container:has(.faculty-edu) h1.vc-headline--border-center {\n    text-align: left !important;\n    padding-top: 0;\n    margin-bottom: 16px;\n}\n.container:has(.faculty-edu) {\n    padding: 0 16px;\n}\n.faculty-edu .card-image{\n    margin: 16px;\n}\n.faculty-edu {\n        grid-template-columns: repeat(auto-fit, minmax(250px, 1fr));\n    }\n    .faculty-edu .card-image {\n        height: 150px;\n    }\n        .faculty-edu .card-image::after, .faculty-edu .card-image::before {\n        top: 101px;\n    }\n    .faculty-edu .card-image::after {\n    right: -16px;\n    width: 16px;\n    height: 100%;\n     background-repeat: no-repeat;\n    background-size: contain;\n}\nfaculty-edu .card-image::before {\n    left: -16px;\n    width: 16px;\n    height: 100%;\n        background-repeat: no-repeat;\n    background-size: contain;\n}\n   }\n  <\/style>\n\n<style>\r\n.vc-contact.position-relative {\r\n    display: none;\r\n}\r\n\t.vc-banner {\r\n    display: none;\r\n}\r\n\r\n\r\n<\/style>\r\n  \r\n\n","protected":false},"excerpt":{"rendered":"<p>Hi\u1ec7n nay, Khoa Lu\u1eadt &#8211; T\u00e2m l\u00fd tri\u1ec3n khai 3 ch\u01b0\u01a1ng tr\u00ecnh \u0111\u00e0o t\u1ea1o, g\u1ed3m: Lu\u1eadt, Lu\u1eadt Kinh t\u1ebf v\u00e0 T\u00e2m l\u00fd h\u1ecdc ti\u1ec7m c\u1eadn v\u1edbi xu th\u1ebf ngh\u1ec1 nghi\u1ec7p to\u00e0n c\u1ea7u. <\/p>\n","protected":false},"author":5427,"featured_media":4500,"parent":0,"menu_order":0,"comment_status":"closed","ping_status":"closed","template":"","meta":{"footnotes":""},"class_list":["post-4037","page","type-page","status-publish","has-post-thumbnail","hentry"],"acf":[],"_links":{"self":[{"href":"https:\/\/www.hoasen.edu.vn\/khxh\/wp-json\/wp\/v2\/pages\/4037","targetHints":{"allow":["GET"]}}],"collection":[{"href":"https:\/\/www.hoasen.edu.vn\/khxh\/wp-json\/wp\/v2\/pages"}],"about":[{"href":"https:\/\/www.hoasen.edu.vn\/khxh\/wp-json\/wp\/v2\/types\/page"}],"author":[{"embeddable":true,"href":"https:\/\/www.hoasen.edu.vn\/khxh\/wp-json\/wp\/v2\/users\/5427"}],"replies":[{"embeddable":true,"href":"https:\/\/www.hoasen.edu.vn\/khxh\/wp-json\/wp\/v2\/comments?post=4037"}],"version-history":[{"count":17,"href":"https:\/\/www.hoasen.edu.vn\/khxh\/wp-json\/wp\/v2\/pages\/4037\/revisions"}],"predecessor-version":[{"id":5503,"href":"https:\/\/www.hoasen.edu.vn\/khxh\/wp-json\/wp\/v2\/pages\/4037\/revisions\/5503"}],"wp:featuredmedia":[{"embeddable":true,"href":"https:\/\/www.hoasen.edu.vn\/khxh\/wp-json\/wp\/v2\/media\/4500"}],"wp:attachment":[{"href":"https:\/\/www.hoasen.edu.vn\/khxh\/wp-json\/wp\/v2\/media?parent=4037"}],"curies":[{"name":"wp","href":"https:\/\/api.w.org\/{rel}","templated":true}]}}