{"id":4029,"date":"2025-07-28T08:51:54","date_gmt":"2025-07-28T01:51:54","guid":{"rendered":"https:\/\/www.hoasen.edu.vn\/khxh\/?page_id=4029"},"modified":"2026-03-07T22:06:29","modified_gmt":"2026-03-07T15:06:29","slug":"doi-ngu-nhan-su","status":"publish","type":"page","link":"https:\/\/www.hoasen.edu.vn\/khxh\/gioi-thieu\/doi-ngu-nhan-su\/","title":{"rendered":"\u0110\u1ed9i ng\u0169 nh\u00e2n s\u1ef1"},"content":{"rendered":"<style>\r\n.vc-contact.position-relative {\r\n    display: none;\r\n}\r\n\t.vc-banner {\r\n    display: none;\r\n}\r\n\r\n\r\n<\/style>\r\n  \r\n\n\n\n\n\n\n<div class=\"news-list-staff\">\n            <div class=\"news-item-s\">\n\t\t\t<div class=\"bg-i-s\">\n                            <img decoding=\"async\" src=\"https:\/\/www.hoasen.edu.vn\/khxh\/wp-content\/uploads\/sites\/17\/2026\/03\/z7597109854874_1c36d8d76a5c0d733f0158c728a72cd8-1.jpg\" alt=\"\">\n                \t\t\t<div class=\"br-b-bg\"><\/div>\n\t\t\t<\/div>\n            <div class=\"news-content\">\n                <h3 class=\"name\">TS. Nguy\u1ec5n Ho\u00e0i Nam<\/h3>\n                <p class=\"job\">Tr\u01b0\u1edfng khoa<\/p>\n\t\t\t\t<p><\/p>\n                <div class=\"cnt-s\"><div><strong>H\u1ecdc h\u00e0m \u2013 H\u1ecdc v\u1ecb:<\/strong> Ti\u1ebfn s\u0129, Tr\u01b0\u1eddng \u0110\u1ea1i h\u1ecdc An ninh nh\u00e2n d\u00e2n<\/div>\n<div><strong>L\u0129nh v\u1ef1c:<\/strong> T\u1ed9i ph\u1ea1m h\u1ecdc<\/div>\n<div><strong>Email: <\/strong>nam.nguyenhoai@hoasen.edu.vn<strong><br \/>\n<\/strong><\/div>\n<\/div>\n            <\/div>\n        <\/div>\n            <div class=\"news-item-s\">\n\t\t\t<div class=\"bg-i-s\">\n                            <img decoding=\"async\" src=\"https:\/\/www.hoasen.edu.vn\/khxh\/wp-content\/uploads\/sites\/17\/2026\/03\/Thien-1.jpg\" alt=\"\">\n                \t\t\t<div class=\"br-b-bg\"><\/div>\n\t\t\t<\/div>\n            <div class=\"news-content\">\n                <h3 class=\"name\">ThS. Ph\u1ea1m B\u00e1 Thi\u00ean<\/h3>\n                <p class=\"job\">Gi\u00e1m \u0111\u1ed1c ch\u01b0\u01a1ng tr\u00ecnh<\/p>\n\t\t\t\t<p><\/p>\n                <div class=\"cnt-s\"><div><strong>H\u1ecdc h\u00e0m \u2013 H\u1ecdc v\u1ecb:<\/strong> Th\u1ea1c s\u0129, \u0110\u1ea1i h\u1ecdc West of England (Anh Qu\u1ed1c)<\/div>\n<div><strong>L\u0129nh v\u1ef1c:<\/strong> Lu\u1eadt Th\u01b0\u01a1ng m\u1ea1i v\u00e0 Kinh doanh Qu\u1ed1c t\u1ebf<\/div>\n<div><strong>Email: <\/strong>thien.phamba@hoasen.edu.vn<strong><br \/>\n<\/strong><\/div>\n<\/div>\n            <\/div>\n        <\/div>\n            <div class=\"news-item-s\">\n\t\t\t<div class=\"bg-i-s\">\n                            <img decoding=\"async\" src=\"https:\/\/www.hoasen.edu.vn\/khxh\/wp-content\/uploads\/sites\/17\/2026\/03\/Tan-1.jpg\" alt=\"\">\n                \t\t\t<div class=\"br-b-bg\"><\/div>\n\t\t\t<\/div>\n            <div class=\"news-content\">\n                <h3 class=\"name\">ThS. \u0110\u00e0o Duy T\u00e2n<\/h3>\n                <p class=\"job\">Gi\u1ea3ng vi\u00ean<\/p>\n\t\t\t\t<p><\/p>\n                <div class=\"cnt-s\"><div>\n<div><strong>H\u1ecdc h\u00e0m \u2013 H\u1ecdc v\u1ecb:<\/strong> Th\u1ea1c s\u0129, Tr\u01b0\u1eddng \u0110\u1ea1i h\u1ecdc Lu\u1eadt TP.HCM<\/div>\n<div><strong>L\u0129nh v\u1ef1c:<\/strong> Lu\u1eadt h\u1ecdc<\/div>\n<div><strong>Email: <\/strong>tan.daoduy@hoasen.edu.vn<strong><br \/>\n<\/strong><\/div>\n<\/div>\n<\/div>\n            <\/div>\n        <\/div>\n            <div class=\"news-item-s\">\n\t\t\t<div class=\"bg-i-s\">\n                            <img decoding=\"async\" src=\"https:\/\/www.hoasen.edu.vn\/khxh\/wp-content\/uploads\/sites\/17\/2026\/03\/Tran-1.jpg\" alt=\"\">\n                \t\t\t<div class=\"br-b-bg\"><\/div>\n\t\t\t<\/div>\n            <div class=\"news-content\">\n                <h3 class=\"name\">ThS. Tr\u1ea7n Ng\u1ecdc Nh\u00e3 Tr\u00e2n<\/h3>\n                <p class=\"job\">Gi\u1ea3ng vi\u00ean<\/p>\n\t\t\t\t<p><\/p>\n                <div class=\"cnt-s\"><div><strong>H\u1ecdc h\u00e0m \u2013 H\u1ecdc v\u1ecb:<\/strong> Th\u1ea1c s\u0129, Tr\u01b0\u1eddng \u0110\u1ea1i h\u1ecdc Lu\u1eadt TP.HCM<\/div>\n<div><strong>L\u0129nh v\u1ef1c:<\/strong> Lu\u1eadt Kinh t\u1ebf<\/div>\n<div><strong>Email: <\/strong>tran.tranngocnha@hoasen.edu.vn<strong><br \/>\n<\/strong><\/div>\n<\/div>\n            <\/div>\n        <\/div>\n            <div class=\"news-item-s\">\n\t\t\t<div class=\"bg-i-s\">\n                            <img decoding=\"async\" src=\"https:\/\/www.hoasen.edu.vn\/khxh\/wp-content\/uploads\/sites\/17\/2026\/03\/Hiep-2.jpg\" alt=\"\">\n                \t\t\t<div class=\"br-b-bg\"><\/div>\n\t\t\t<\/div>\n            <div class=\"news-content\">\n                <h3 class=\"name\">ThS. Nguy\u1ec5n Hu\u1ef3nh Hi\u1ec7p<\/h3>\n                <p class=\"job\">Gi\u1ea3ng vi\u00ean<\/p>\n\t\t\t\t<p><\/p>\n                <div class=\"cnt-s\"><div><strong>H\u1ecdc h\u00e0m \u2013 H\u1ecdc v\u1ecb:<\/strong> Th\u1ea1c s\u0129, Tr\u01b0\u1eddng \u0110\u1ea1i h\u1ecdc Kinh t\u1ebf &#8211; Lu\u1eadt<\/div>\n<div><strong>L\u0129nh v\u1ef1c:<\/strong> Lu\u1eadt Kinh t\u1ebf<\/div>\n<div><strong>Email: <\/strong>hiep.nguyenhuynh@hoasen.edu.vn<strong><br \/>\n<\/strong><\/div>\n<\/div>\n            <\/div>\n        <\/div>\n            <div class=\"news-item-s\">\n\t\t\t<div class=\"bg-i-s\">\n                            <img decoding=\"async\" src=\"https:\/\/www.hoasen.edu.vn\/khxh\/wp-content\/uploads\/sites\/17\/2026\/03\/D.Nam_-1.jpg\" alt=\"\">\n                \t\t\t<div class=\"br-b-bg\"><\/div>\n\t\t\t<\/div>\n            <div class=\"news-content\">\n                <h3 class=\"name\">ThS. V\u0169 Duy Nam<\/h3>\n                <p class=\"job\">Gi\u1ea3ng vi\u00ean<\/p>\n\t\t\t\t<p><\/p>\n                <div class=\"cnt-s\"><div><strong>H\u1ecdc h\u00e0m \u2013 H\u1ecdc v\u1ecb:<\/strong> Th\u1ea1c s\u0129<\/div>\n<div><strong>L\u0129nh v\u1ef1c:<\/strong> Lu\u1eadt Kinh t\u1ebf<\/div>\n<div><strong>Email: <\/strong>nam.vuduy@hoasen.edu.vn<\/div>\n<\/div>\n            <\/div>\n        <\/div>\n            <div class=\"news-item-s\">\n\t\t\t<div class=\"bg-i-s\">\n                            <img decoding=\"async\" src=\"https:\/\/www.hoasen.edu.vn\/khxh\/wp-content\/uploads\/sites\/17\/2026\/03\/Huong-1.jpg\" alt=\"\">\n                \t\t\t<div class=\"br-b-bg\"><\/div>\n\t\t\t<\/div>\n            <div class=\"news-content\">\n                <h3 class=\"name\">ThS. Nguy\u1ec5n Th\u1ecb Kim H\u01b0\u01a1ng<\/h3>\n                <p class=\"job\">Gi\u1ea3ng vi\u00ean<\/p>\n\t\t\t\t<p><\/p>\n                <div class=\"cnt-s\"><div><strong>H\u1ecdc h\u00e0m \u2013 H\u1ecdc v\u1ecb:<\/strong> Th\u1ea1c s\u0129, Tr\u01b0\u1eddng \u0110\u1ea1i h\u1ecdc Kinh t\u1ebf, Th\u00e0nh ph\u1ed1 H\u1ed3 Ch\u00ed Minh<\/div>\n<div><strong>L\u0129nh v\u1ef1c:<\/strong> Lu\u1eadt Kinh t\u1ebf<\/div>\n<div><strong>Email: <\/strong>huong.nguyenthikim@hoasen.edu.vn<\/div>\n<\/div>\n            <\/div>\n        <\/div>\n            <div class=\"news-item-s\">\n\t\t\t<div class=\"bg-i-s\">\n                            <img decoding=\"async\" src=\"https:\/\/www.hoasen.edu.vn\/khxh\/wp-content\/uploads\/sites\/17\/2026\/03\/Diu-2.jpg\" alt=\"\">\n                \t\t\t<div class=\"br-b-bg\"><\/div>\n\t\t\t<\/div>\n            <div class=\"news-content\">\n                <h3 class=\"name\">Ch\u1ecb Ng\u00f4 Th\u1ecb Di\u1ec7u<\/h3>\n                <p class=\"job\">Th\u01b0 k\u00fd Khoa<\/p>\n\t\t\t\t<p><\/p>\n                <div class=\"cnt-s\"><div><strong>H\u1ecdc h\u00e0m \u2013 H\u1ecdc v\u1ecb:<\/strong> C\u1eed nh\u00e2n<\/div>\n<div><strong>Email: <\/strong>dieu.ngothi@hoasen.edu.vn<strong><br \/>\n<\/strong><\/div>\n<\/div>\n            <\/div>\n        <\/div>\n            <div class=\"news-item-s\">\n\t\t\t<div class=\"bg-i-s\">\n                            <img decoding=\"async\" src=\"https:\/\/www.hoasen.edu.vn\/khxh\/wp-content\/uploads\/sites\/17\/2026\/03\/Long-3.jpg\" alt=\"\">\n                \t\t\t<div class=\"br-b-bg\"><\/div>\n\t\t\t<\/div>\n            <div class=\"news-content\">\n                <h3 class=\"name\">Anh Ng\u00f4 Ho\u00e0ng Long<\/h3>\n                <p class=\"job\">C\u1ed1 v\u1ea5n h\u1ecdc t\u1eadp<\/p>\n\t\t\t\t<p><\/p>\n                <div class=\"cnt-s\"><div><strong>H\u1ecdc h\u00e0m \u2013 H\u1ecdc v\u1ecb:<\/strong> C\u1eed nh\u00e2n<\/div>\n<div><strong>Email: <\/strong>long.ngohoang@hoasen.edu.vn<strong><br \/>\n<\/strong><\/div>\n<\/div>\n            <\/div>\n        <\/div>\n            <div class=\"news-item-s\">\n\t\t\t<div class=\"bg-i-s\">\n                            <img decoding=\"async\" src=\"https:\/\/www.hoasen.edu.vn\/khxh\/wp-content\/uploads\/sites\/17\/2026\/01\/WANH0729-1.jpg\" alt=\"\">\n                \t\t\t<div class=\"br-b-bg\"><\/div>\n\t\t\t<\/div>\n            <div class=\"news-content\">\n                <h3 class=\"name\">Ch\u1ecb L\u00ea Th\u1ecb Ng\u1ecdc L\u1ee5a<\/h3>\n                <p class=\"job\">Chuy\u00ean vi\u00ean Truy\u1ec1n th\u00f4ng &#8211; Tr\u1ea3i nghi\u1ec7m<\/p>\n\t\t\t\t<p><\/p>\n                <div class=\"cnt-s\"><div>\n<p><strong>H\u1ecdc h\u00e0m \u2013 H\u1ecdc v\u1ecb:<\/strong> Th\u1ea1c s\u0129, Tr\u01b0\u1eddng \u0110\u1ea1i h\u1ecdc Kinh t\u1ebf &#8211; Lu\u1eadt, \u0110\u1ea1i h\u1ecdc Qu\u1ed1c gia Th\u00e0nh ph\u1ed1 H\u1ed3 Ch\u00ed Minh<\/p>\n<div><strong>L\u0129nh v\u1ef1c:<\/strong> Lu\u1eadt Kinh t\u1ebf<\/div>\n<\/div>\n<div><strong>Email: <\/strong>lua.lethingoc@hoasen.edu.vn<strong><br \/>\n<\/strong><\/div>\n<p>&nbsp;<\/p>\n<\/div>\n            <\/div>\n        <\/div>\n    <\/div>\n    \n<style>\n  .news-list-staff {\n      display: grid;\n      grid-template-columns: repeat(auto-fill, minmax(320px, 1fr));\n      gap: 20px;\n    }\n  .news-item-s {\n    display: grid;\n\tgrid-template-rows: 362px;\n}\n    \/*.news-item-s:hover {\n       box-shadow: 0px 12px 16px -4px #024ca17a;\n          padding: 10px;\n    background: #024ca1;\n    color: #fff;\n    }*\/\n\n    .news-list-staff .news-item-s img {\n      width: 100%;\n      object-fit: cover;\n      height: 100%;\n    }\n    .news-list-staff .news-content {\n      padding: 20px;\n            box-shadow: 0px 12px 16px -4px #0A0D1214;\n            background: white;\n\t\t\tword-break: break-word;\n    overflow-wrap: break-word;\n    white-space: normal;\n    }\n\t.news-list-staff .job {\n    font-weight: bold;\n\t}\n\t.news-list-staff .cnt-s{\n\t\tcolor: #4A5567;\n\t}\n\t\n\t.news-list-staff .br-b-bg {\n            position: absolute;\n    bottom: 0;\n    width: 100%;\n    height: 40px;\n    background: linear-gradient(to bottom, #009FE8 8px, #024DA1  8px);\n\t}\n    \n\t.news-list-staff .bg-i-s {\n    position: relative;\n        height: 362px;\n}\n.news-list-staff .bg-i-s::before{\n    height: 64px;\n    width: 61px;\n    background: url('https:\/\/www.hoasen.edu.vn\/wp-content\/themes\/ru-hsu\/assets\/faculty\/img\/icon_bg_staff_left.svg');\n    content: \"\";\n    position: absolute;\n    bottom: 0px;\n    left: 0px;\n    background-repeat: no-repeat;\n    z-index: 1;\n}\n.news-list-staff .bg-i-s::after{\n    height: 16px;\n    width: 112px;\n    background: url('https:\/\/www.hoasen.edu.vn\/wp-content\/themes\/ru-hsu\/assets\/faculty\/img\/icon_bg_staff_right.svg');\n    content: \"\";\n    position: absolute;\n    bottom: 32px;\n    right: 0px;\n    background-repeat: no-repeat;\n    z-index: 1;\n}\n.vc-txt:has(.news-list-staff) h1{\nfont-size: 32px !important;\n    text-align: left !important;\n\tpadding-top: 56px;\n\n}\n.vc-txt:has(.news-list-staff) h1::after{\ndisplay: none !important;\n}\n.vc-txt:has(.news-list-staff) h3{\nfont-size: 20px !important;\n}\n.container:has(.news-list-staff) {\npadding: 0 56px;\n    }\n@media only screen and (max-width: 1000px){\n    .container:has(.news-list-staff) {\npadding: 0 40px;\n    }\n.vc-txt:has(.news-list-staff) h1{\nfont-size: 24px !important;\npadding-top: 40px;\n}\n}\n@media only screen and (max-width: 500px){\n    .container:has(.news-list-staff) {\npadding: 0 16px;\n    }\n.vc-txt:has(.news-list-staff) h1{\nfont-size: 20px !important;\npadding-top: 16px;\n}\n}\n<\/style>\n<script>\n    const grids = document.querySelectorAll(\".news-item-s\");\n    \/\/ T\u00ednh chi\u1ec1u cao l\u1edbn nh\u1ea5t\n  function setMaxHeight() {\n    let maxHeight = 0;\n    grids.forEach(grid => {\n      const h = grid.offsetHeight;\n      if (h > maxHeight) maxHeight = h;\n    });\n    \/\/ Thi\u1ebft l\u1eadp chi\u1ec1u cao t\u1ed1i thi\u1ec3u cho wrapper\n    wrapper.style.minHeight = maxHeight + \"px\";\n      \/\/ G\u1ecdi khi trang load\n       }\n  window.addEventListener(\"load\", setMaxHeight);\n<\/script>","protected":false},"excerpt":{"rendered":"<p>Khoa Lu\u1eadt &#8211; T\u00e2m l\u00fd t\u1ef1 h\u00e0o \u0111\u1ed9i ng\u0169 nh\u00e2n s\u1ef1 t\u1ed1t nghi\u1ec7p t\u1eeb c\u00e1c \u0111\u1ea1i h\u1ecdc danh ti\u1ebfng, c\u00f3 kinh nghi\u1ec7m l\u00e0m vi\u1ec7c phong ph\u00fa t\u1ea1i t\u00f2a \u00e1n, c\u00f4ng ty lu\u1eadt, trung t\u00e2m tr\u1ecb li\u1ec7u.<\/p>\n","protected":false},"author":5427,"featured_media":3485,"parent":4025,"menu_order":2,"comment_status":"closed","ping_status":"closed","template":"","meta":{"footnotes":""},"class_list":["post-4029","page","type-page","status-publish","has-post-thumbnail","hentry"],"acf":[],"_links":{"self":[{"href":"https:\/\/www.hoasen.edu.vn\/khxh\/wp-json\/wp\/v2\/pages\/4029","targetHints":{"allow":["GET"]}}],"collection":[{"href":"https:\/\/www.hoasen.edu.vn\/khxh\/wp-json\/wp\/v2\/pages"}],"about":[{"href":"https:\/\/www.hoasen.edu.vn\/khxh\/wp-json\/wp\/v2\/types\/page"}],"author":[{"embeddable":true,"href":"https:\/\/www.hoasen.edu.vn\/khxh\/wp-json\/wp\/v2\/users\/5427"}],"replies":[{"embeddable":true,"href":"https:\/\/www.hoasen.edu.vn\/khxh\/wp-json\/wp\/v2\/comments?post=4029"}],"version-history":[{"count":78,"href":"https:\/\/www.hoasen.edu.vn\/khxh\/wp-json\/wp\/v2\/pages\/4029\/revisions"}],"predecessor-version":[{"id":5599,"href":"https:\/\/www.hoasen.edu.vn\/khxh\/wp-json\/wp\/v2\/pages\/4029\/revisions\/5599"}],"up":[{"embeddable":true,"href":"https:\/\/www.hoasen.edu.vn\/khxh\/wp-json\/wp\/v2\/pages\/4025"}],"wp:featuredmedia":[{"embeddable":true,"href":"https:\/\/www.hoasen.edu.vn\/khxh\/wp-json\/wp\/v2\/media\/3485"}],"wp:attachment":[{"href":"https:\/\/www.hoasen.edu.vn\/khxh\/wp-json\/wp\/v2\/media?parent=4029"}],"curies":[{"name":"wp","href":"https:\/\/api.w.org\/{rel}","templated":true}]}}