{"id":4027,"date":"2025-07-28T08:45:03","date_gmt":"2025-07-28T01:45:03","guid":{"rendered":"https:\/\/www.hoasen.edu.vn\/khxh\/?page_id=4027"},"modified":"2026-02-27T15:06:09","modified_gmt":"2026-02-27T08:06:09","slug":"tong-quan","status":"publish","type":"page","link":"https:\/\/www.hoasen.edu.vn\/khxh\/gioi-thieu\/tong-quan\/","title":{"rendered":"T\u1ed5ng quan"},"content":{"rendered":"\n<div class=\"wp-block-group block-facuty\"><div class=\"wp-block-group__inner-container is-layout-constrained wp-block-group-is-layout-constrained\">\n<h2 class=\"wp-block-heading has-text-align-center fy-title-hide fy-custom-title\"><strong>Ch\u00e0o m\u1eebng b\u1ea1n \u0111\u1ebfn v\u1edbi<\/strong><\/h2>\n\n\n\n<h2 class=\"wp-block-heading has-text-align-center fy-custom-title\"><strong><strong><strong>Khoa Lu\u1eadt<\/strong><\/strong><\/strong><\/h2>\n<\/div><\/div>\n\n\n\n<div style=\"height:20px\" aria-hidden=\"true\" class=\"wp-block-spacer\"><\/div>\n\n\n\n<div class=\"wp-block-columns block-facuty is-layout-flex wp-container-core-columns-is-layout-9d6595d7 wp-block-columns-is-layout-flex\">\n<div class=\"wp-block-column is-layout-flow wp-block-column-is-layout-flow\" style=\"flex-basis:70px\"><\/div>\n\n\n\n<div class=\"wp-block-column is-layout-flow wp-block-column-is-layout-flow\">\n<figure class=\"wp-block-image size-full\"><img loading=\"lazy\" decoding=\"async\" width=\"2560\" height=\"1084\" src=\"https:\/\/www.hoasen.edu.vn\/khxh\/wp-content\/uploads\/sites\/17\/2024\/10\/z5970334977541_d1b6153cc9233b8da237c919cc41778b.jpg\" alt=\"\u0110\u1ecbnh h\u01b0\u1edbng chi\u1ebfn l\u01b0\u1ee3c h\u1ecdc t\u1eadp cho sinh vi\u00ean t\u1ea1i To\u1ea1 \u0111\u00e0m &quot;Ph\u01b0\u01a1ng ph\u00e1p h\u1ecdc t\u1eadp ng\u00e0nh Lu\u1eadt&quot;\" class=\"wp-image-3485\"\/><\/figure>\n\n\n\n<div style=\"height:10px\" aria-hidden=\"true\" class=\"wp-block-spacer\"><\/div>\n\n\n\n<p style=\"font-size:18px\">Trong b\u1ed1i c\u1ea3nh x\u00e3 h\u1ed9i ng\u00e0y c\u00e0ng quan t\u00e2m \u0111\u1ebfn c\u00f4ng l\u00fd, quy\u1ec1n con ng\u01b0\u1eddi v\u00e0 nhu c\u1ea7u v\u1ec1 ngu\u1ed3n nh\u00e2n l\u1ef1c ph\u00e1p l\u00fd ch\u1ea5t l\u01b0\u1ee3ng cao \u0111ang ng\u00e0y c\u00e0ng t\u0103ng m\u1ea1nh. \u0110\u00e1p \u1ee9ng xu th\u1ebf \u0111\u00f3, Khoa Lu\u1eadt, Tr\u01b0\u1eddng \u0110\u1ea1i h\u1ecdc Hoa Sen l\u00e0 &#8220;\u0111i\u1ec3m \u0111\u1ebfn h\u1ecdc thu\u1eadt&#8221; \u0111\u01b0\u1ee3c th\u1ebf h\u1ec7 tr\u1ebb l\u1ef1a ch\u1ecdn, trang b\u1ecb <strong>n\u1ec1n t\u1ea3ng h\u1ecdc thu\u1eadt<\/strong> v\u1eefng v\u00e0ng c\u00f9ng n\u0103ng l\u1ef1c<strong>\u1ee9ng d\u1ee5ng th\u1ef1c ti\u1ec5n<\/strong> khi b\u01b0\u1edbc v\u00e0o m\u00f4i tr\u01b0\u1eddng doanh nghi\u1ec7p.<\/p>\n\n\n\n<div style=\"height:10px\" aria-hidden=\"true\" class=\"wp-block-spacer\"><\/div>\n\n\n\n<figure class=\"wp-block-image size-full\"><img loading=\"lazy\" decoding=\"async\" width=\"2560\" height=\"1442\" src=\"https:\/\/www.hoasen.edu.vn\/khxh\/wp-content\/uploads\/sites\/17\/2024\/10\/z5969932820643_8a16aa370a7928525b0d5c378c274d4a.jpg\" alt=\"\u0110\u1ecbnh h\u01b0\u1edbng chi\u1ebfn l\u01b0\u1ee3c h\u1ecdc t\u1eadp cho sinh vi\u00ean t\u1ea1i To\u1ea1 \u0111\u00e0m &quot;Ph\u01b0\u01a1ng ph\u00e1p h\u1ecdc t\u1eadp ng\u00e0nh Lu\u1eadt&quot;\" class=\"wp-image-3486\"\/><\/figure>\n\n\n\n<div style=\"height:10px\" aria-hidden=\"true\" class=\"wp-block-spacer\"><\/div>\n\n\n\n<p style=\"font-size:18px\">Hi\u1ec7n nay, Khoa Lu\u1eadt tri\u1ec3n khai 05 ch\u01b0\u01a1ng tr\u00ecnh \u0111\u00e0o t\u1ea1o, g\u1ed3m: Lu\u1eadt, Lu\u1eadt H\u00ecnh s\u1ef1 v\u00e0 T\u1ed1 t\u1ee5ng H\u00ecnh s\u1ef1, Lu\u1eadt Kinh t\u1ebf, Lu\u1eadt Kinh doanh s\u1ed1 v\u00e0 Lu\u1eadt Th\u01b0\u01a1ng m\u1ea1i Qu\u1ed1c t\u1ebf ti\u1ec7m c\u1eadn v\u1edbi xu th\u1ebf ngh\u1ec1 nghi\u1ec7p to\u00e0n c\u1ea7u. Kh\u00e1c v\u1edbi m\u00f4 h\u00ecnh \u0111\u00e0o t\u1ea1o truy\u1ec1n th\u1ed1ng t\u1eadp trung v\u00e0o l\u00fd thuy\u1ebft, ch\u00fang t\u00f4i ch\u00fa tr\u1ecdng y\u1ebfu t\u1ed1 tr\u1ea3i nghi\u1ec7m th\u1ef1c ti\u1ec5n v\u00e0 t\u00ednh \u1ee9ng d\u1ee5ng cao cho sinh vi\u00ean, c\u1ee5 th\u1ec3 nh\u01b0:<\/p>\n\n\n\n<ul class=\"wp-block-list\">\n<li style=\"font-size:18px\">Tham gia tr\u1ea3i nghi\u1ec7m ngh\u1ec1 nghi\u1ec7p, ti\u1ebfp x\u00fac v\u1edbi chuy\u00ean gia trong ng\u00e0nh t\u1ea1i c\u01a1 quan t\u01b0 ph\u00e1p, c\u00f4ng ty lu\u1eadt,&#8230;<\/li>\n\n\n\n<li style=\"font-size:18px\">R\u00e8n luy\u1ec7n k\u1ef9 n\u0103ng chuy\u00ean m\u00f4n qua c\u00e1c phi\u00ean t\u00f2a gi\u1ea3 \u0111\u1ecbnh t\u1ea1i c\u00e1c T\u00f2a \u00e1n Nh\u00e2n d\u00e2n TP.HCM, Ph\u00f2ng th\u1ef1c h\u00e0nh Di\u1ec5n \u00e1n HSU,&#8230;<\/li>\n\n\n\n<li style=\"font-size:18px\">C\u00e1c h\u1ecdc ph\u1ea7n chuy\u00ean ng\u00e0nh \u0111\u01b0\u1ee3c gi\u1ea3ng d\u1ea1y b\u1eb1ng ti\u1ebfng Anh nh\u1eb1m n\u00e2ng cao n\u0103ng l\u1ef1c h\u1ed9i nh\u1eadp m\u00f4i tr\u01b0\u1eddng l\u00e0m vi\u1ec7c to\u00e0n c\u1ea7u cho sinh vi\u00ean Hoa Sen.<\/li>\n<\/ul>\n\n\n\n<div style=\"height:10px\" aria-hidden=\"true\" class=\"wp-block-spacer\"><\/div>\n\n\n\n<figure class=\"wp-block-image size-full\"><img loading=\"lazy\" decoding=\"async\" width=\"2000\" height=\"1388\" src=\"https:\/\/www.hoasen.edu.vn\/khxh\/wp-content\/uploads\/sites\/17\/2025\/07\/Nganh-Luat-HSU.jpg\" alt=\"\" class=\"wp-image-4300\"\/><\/figure>\n\n\n\n<div style=\"height:10px\" aria-hidden=\"true\" class=\"wp-block-spacer\"><\/div>\n\n\n\n<p style=\"font-size:18px\">Khoa Lu\u1eadt t\u1ef1 h\u00e0o \u0111\u1ed9i ng\u0169 gi\u1ea3ng vi\u00ean t\u1ed1t nghi\u1ec7p t\u1eeb c\u00e1c \u0111\u1ea1i h\u1ecdc danh ti\u1ebfng trong v\u00e0 ngo\u00e0i n\u01b0\u1edbc, c\u00f3 kinh nghi\u1ec7m l\u00e0m vi\u1ec7c phong ph\u00fa t\u1ea1i t\u00f2a \u00e1n, c\u00f4ng ty lu\u1eadt, trung t\u00e2m tr\u1ecb li\u1ec7u&#8230; Gi\u1ea3ng vi\u00ean kh\u00f4ng ch\u1ec9 \u0111\u00f3ng vai tr\u00f2 ng\u01b0\u1eddi d\u1ea1y m\u00e0 c\u00f2n l\u00e0 ng\u01b0\u1eddi d\u1eabn \u0111\u01b0\u1eddng, \u0111\u1ed3ng h\u00e0nh c\u00f9ng sinh vi\u00ean ph\u00e1t tri\u1ec3n chuy\u00ean m\u00f4n l\u1eabn ph\u1ea9m ch\u1ea5t ngh\u1ec1 nghi\u1ec7p.<\/p>\n\n\n\n<div style=\"height:10px\" aria-hidden=\"true\" class=\"wp-block-spacer\"><\/div>\n\n\n\n<figure class=\"wp-block-image size-full\"><img loading=\"lazy\" decoding=\"async\" width=\"3472\" height=\"1207\" src=\"https:\/\/www.hoasen.edu.vn\/khxh\/wp-content\/uploads\/sites\/17\/2025\/07\/Khoa-Luat-Tam-ly-HSU.jpg\" alt=\"\" class=\"wp-image-4302\"\/><\/figure>\n\n\n\n<div style=\"height:10px\" aria-hidden=\"true\" class=\"wp-block-spacer\"><\/div>\n\n\n\n<p style=\"font-size:18px\">M\u1ed9t trong nh\u1eefng \u0111i\u1ec3m s\u00e1ng c\u1ee7a Khoa Lu\u1eadt l\u00e0 h\u1ec7 th\u1ed1ng c\u01a1 s\u1edf v\u1eadt ch\u1ea5t ph\u1ee5c v\u1ee5 \u0111\u00e0o t\u1ea1o mang t\u00ednh m\u00f4 ph\u1ecfng cao. <strong><a href=\"https:\/\/www.hoasen.edu.vn\/khxh\/khanh-thanh-phong-thuc-hanh-dien-an\/\">Ph\u00f2ng Th\u1ef1c h\u00e0nh Di\u1ec5n \u00e1n<\/a><\/strong> \u0111\u01b0\u1ee3c thi\u1ebft k\u1ebf nh\u01b0 m\u1ed9t phi\u00ean t\u00f2a thu nh\u1ecf, cho ph\u00e9p sinh vi\u00ean tr\u1ef1c ti\u1ebfp tr\u1ea3i nghi\u1ec7m quy tr\u00ecnh x\u00e9t x\u1eed ngay t\u1ea1i Tr\u01b0\u1eddng.<\/p>\n\n\n\n<div style=\"height:10px\" aria-hidden=\"true\" class=\"wp-block-spacer\"><\/div>\n\n\n\n<figure class=\"wp-block-image size-full\"><img loading=\"lazy\" decoding=\"async\" width=\"3936\" height=\"2216\" src=\"https:\/\/www.hoasen.edu.vn\/khxh\/wp-content\/uploads\/sites\/17\/2025\/07\/MAX7121.png\" alt=\"HSU kh\u00e1nh th\u00e0nh Ph\u00f2ng th\u1ef1c h\u00e0nh di\u1ec5n \u00e1n\" class=\"wp-image-4073\"\/><\/figure>\n\n\n\n<div style=\"height:10px\" aria-hidden=\"true\" class=\"wp-block-spacer\"><\/div>\n\n\n\n<p style=\"font-size:18px\">C\u00e1ch t\u1ed5 ch\u1ee9c l\u1edbp h\u1ecdc c\u0169ng \u0111i ng\u01b0\u1ee3c l\u1ea1i m\u00f4 h\u00ecnh gi\u1ea3ng \u0111\u01b0\u1eddng truy\u1ec1n th\u1ed1ng: <strong>Kh\u00f4ng c\u00f3 b\u1ee5c gi\u1ea3ng<\/strong>, thay v\u00e0o \u0111\u00f3 l\u00e0 kh\u00f4ng gian m\u1edf, khuy\u1ebfn kh\u00edch sinh n\u00f3i l\u00ean quan \u0111i\u1ec3m c\u00e1 nh\u00e2n, c\u00f9ng nhau th\u1ea3o lu\u1eadn v\u00e0 tranh bi\u1ec7n \u0111\u1ec3 t\u00ecm ra gi\u1ea3i ph\u00e1p t\u1ed1t nh\u1ea5t. Quy m\u00f4 l\u1edbp h\u1ecdc nh\u1ecf kho\u1ea3ng <strong>30 sinh vi\u00ean<\/strong> nh\u1eb1m gi\u00fap ng\u01b0\u1eddi h\u1ecdc d\u1ec5 d\u00e0ng t\u01b0\u01a1ng t\u00e1c c\u00f9ng gi\u1ea3ng vi\u00ean.<\/p>\n\n\n\n<div style=\"height:10px\" aria-hidden=\"true\" class=\"wp-block-spacer\"><\/div>\n\n\n\n<figure class=\"wp-block-image size-full\"><img loading=\"lazy\" decoding=\"async\" width=\"2048\" height=\"1235\" src=\"https:\/\/www.hoasen.edu.vn\/khxh\/wp-content\/uploads\/sites\/17\/2025\/07\/Hoi-nghi-Nghien-cuu-Khoa-hoc-Sinh-vien-lan-thu-14-5-1.jpg\" alt=\"\" class=\"wp-image-4321\"\/><\/figure>\n\n\n\n<div style=\"height:10px\" aria-hidden=\"true\" class=\"wp-block-spacer\"><\/div>\n\n\n\n<p style=\"font-size:18px\">Khoa Lu\u1eadt, Tr\u01b0\u1eddng \u0110\u1ea1i h\u1ecdc Hoa Sen cam k\u1ebft trao cho ng\u01b0\u1eddi h\u1ecdc nh\u1eefng h\u00e0nh trang, \u0111\u00f3 kh\u00f4ng ch\u1ec9 qua b\u00e0i gi\u1ea3ng, m\u00e0 c\u00f2n b\u1eb1ng <strong>tr\u1ea3i nghi\u1ec7m th\u1ef1c t\u1ebf<\/strong>, s\u1ef1 d\u1eabn d\u1eaft t\u1eadn t\u00e2m v\u00e0 k\u1ebft n\u1ed1i s\u00e2u r\u1ed9ng v\u1edbi <strong>c\u1ed9ng \u0111\u1ed3ng ngh\u1ec1 nghi\u1ec7p<\/strong>.<\/p>\n\n\n\n<div style=\"height:10px\" aria-hidden=\"true\" class=\"wp-block-spacer\"><\/div>\n\n\n\n<div class=\"wp-block-columns is-layout-flex wp-container-core-columns-is-layout-9d6595d7 wp-block-columns-is-layout-flex\">\n<div class=\"wp-block-column is-layout-flow wp-block-column-is-layout-flow\">\n<figure class=\"wp-block-image size-full\"><img loading=\"lazy\" decoding=\"async\" width=\"2048\" height=\"1152\" src=\"https:\/\/www.hoasen.edu.vn\/khxh\/wp-content\/uploads\/sites\/17\/2025\/07\/hung-bien-tieng-viet-4.jpg\" alt=\"Sinh vi\u00ean ng\u00e0nh Lu\u1eadt xu\u1ea5t s\u1eafc gi\u00e0nh ng\u00f4i v\u1ecb \u00c1 qu\u00e2n cu\u1ed9c thi H\u00f9ng bi\u1ec7n Ti\u1ebfng Vi\u1ec7t 2025\" class=\"wp-image-4150\"\/><\/figure>\n<\/div>\n\n\n\n<div class=\"wp-block-column is-layout-flow wp-block-column-is-layout-flow\">\n<figure class=\"wp-block-image size-full\"><img loading=\"lazy\" decoding=\"async\" width=\"2978\" height=\"1408\" src=\"https:\/\/www.hoasen.edu.vn\/khxh\/wp-content\/uploads\/sites\/17\/2025\/07\/Hoi-nghi-Nghien-cuu-Khoa-hoc-Sinh-vien-lan-thu-14-1.jpg\" alt=\"Sinh vi\u00ean T\u00e2m l\u00fd h\u1ecdc xu\u1ea5t s\u1eafc gi\u00e0nh gi\u1ea3i Nh\u1ea5t H\u1ed9i ngh\u1ecb Nghi\u00ean c\u1ee9u Khoa h\u1ecdc Sinh vi\u00ean l\u1ea7n th\u1ee9 14\" class=\"wp-image-4104\" style=\"aspect-ratio:16\/9;object-fit:cover\"\/><\/figure>\n<\/div>\n<\/div>\n\n\n\n<div style=\"height:10px\" aria-hidden=\"true\" class=\"wp-block-spacer\"><\/div>\n\n\n\n<p style=\"font-size:18px\">Ch\u1ecdn Khoa Lu\u1eadt, b\u1ea1n \u0111ang ch\u1ecdn m\u1ed9t h\u00e0nh tr\u00ecnh <strong>h\u1ecdc t\u1eadp nghi\u00eam t\u00fac<\/strong>, <strong>\u1ee9ng d\u1ee5ng cao <\/strong>v\u00e0 <strong>\u0111\u1ea7y c\u1ea3m h\u1ee9ng<\/strong>, n\u01a1i m\u1ed7i b\u01b0\u1edbc \u0111i \u0111\u1ec1u \u0111\u01b0\u1ee3c chu\u1ea9n b\u1ecb k\u1ef9 l\u01b0\u1ee1ng cho t\u01b0\u01a1ng lai l\u00e0m vi\u1ec7c v\u00e0 lan t\u1ecfa gi\u00e1 tr\u1ecb t\u00edch c\u1ef1c \u0111\u1ebfn x\u00e3 h\u1ed9i.<\/p>\n\n\n\n<div style=\"height:10px\" aria-hidden=\"true\" class=\"wp-block-spacer\"><\/div>\n\n\n\n<div style=\"padding: 16px;font-family: Arial, sans-serif;background: #fff;border: 1px solid #ddd;border-radius: 8px;max-width: 100%\">\n\n  <p style=\"font-weight: bold;font-size: 18px;margin-top: 0;margin-bottom: 12px\">\n    TR\u1ede TH\u00c0NH T\u00c2N SINH VI\u00caN KHOA LU\u1eacT &#8211; T\u00c2M L\u00dd\n  <\/p>\n\n  <p style=\"margin: 4px 0\">\n    \ud83d\udd17 Fanpage: \n    <a href=\"https:\/\/facebook.com\/HoaSenUni\" target=\"_blank\" style=\"color: #007bff;text-decoration: none\" rel=\"noopener\">\n      facebook.com\/HoaSenUni\n    <\/a>\n  <\/p>\n\n  <p style=\"margin: 4px 0\">\n    \ud83d\udd0e Tuy\u1ec3n sinh: \n    <a href=\"https:\/\/tuyensinh.hoasen.edu.vn\" target=\"_blank\" style=\"color: #007bff;text-decoration: none\" rel=\"noopener\">\n      tuyensinh.hoasen.edu.vn\n    <\/a>\n  <\/p>\n\n <p style=\"margin-top: 16px\">\n    <a href=\"tel:02873007272\" style=\"background-color: #e60023;color: white;padding: 12px 16px;font-size: 18px;font-weight: bold;text-decoration: none;border-radius: 6px\">\n       HOTLINE: 028 7300 7272\n    <\/a>\n  <\/p>\n<\/div>\n<\/div>\n\n\n\n<div class=\"wp-block-column is-layout-flow wp-block-column-is-layout-flow\" style=\"flex-basis:70px\"><\/div>\n<\/div>\n\n\n\n<p><\/p>\n","protected":false},"excerpt":{"rendered":"<p>Trong b\u1ed1i c\u1ea3nh x\u00e3 h\u1ed9i ng\u00e0y c\u00e0ng quan t\u00e2m c\u00f4ng l\u00fd, quy\u1ec1n con ng\u01b0\u1eddi v\u00e0 s\u1ee9c kh\u1ecfe tinh th\u1ea7n, Khoa Lu\u1eadt \u2013 T\u00e2m l\u00fd l\u00e0 &#8220;\u0111i\u1ec3m \u0111\u1ebfn h\u1ecdc thu\u1eadt&#8221; \u0111\u01b0\u1ee3c th\u1ebf h\u1ec7 tr\u1ebb l\u1ef1a ch\u1ecdn.<\/p>\n","protected":false},"author":5427,"featured_media":3485,"parent":4025,"menu_order":0,"comment_status":"closed","ping_status":"closed","template":"","meta":{"footnotes":""},"class_list":["post-4027","page","type-page","status-publish","has-post-thumbnail","hentry"],"acf":[],"_links":{"self":[{"href":"https:\/\/www.hoasen.edu.vn\/khxh\/wp-json\/wp\/v2\/pages\/4027","targetHints":{"allow":["GET"]}}],"collection":[{"href":"https:\/\/www.hoasen.edu.vn\/khxh\/wp-json\/wp\/v2\/pages"}],"about":[{"href":"https:\/\/www.hoasen.edu.vn\/khxh\/wp-json\/wp\/v2\/types\/page"}],"author":[{"embeddable":true,"href":"https:\/\/www.hoasen.edu.vn\/khxh\/wp-json\/wp\/v2\/users\/5427"}],"replies":[{"embeddable":true,"href":"https:\/\/www.hoasen.edu.vn\/khxh\/wp-json\/wp\/v2\/comments?post=4027"}],"version-history":[{"count":22,"href":"https:\/\/www.hoasen.edu.vn\/khxh\/wp-json\/wp\/v2\/pages\/4027\/revisions"}],"predecessor-version":[{"id":5117,"href":"https:\/\/www.hoasen.edu.vn\/khxh\/wp-json\/wp\/v2\/pages\/4027\/revisions\/5117"}],"up":[{"embeddable":true,"href":"https:\/\/www.hoasen.edu.vn\/khxh\/wp-json\/wp\/v2\/pages\/4025"}],"wp:featuredmedia":[{"embeddable":true,"href":"https:\/\/www.hoasen.edu.vn\/khxh\/wp-json\/wp\/v2\/media\/3485"}],"wp:attachment":[{"href":"https:\/\/www.hoasen.edu.vn\/khxh\/wp-json\/wp\/v2\/media?parent=4027"}],"curies":[{"name":"wp","href":"https:\/\/api.w.org\/{rel}","templated":true}]}}