{"id":13706,"date":"2026-04-15T09:30:32","date_gmt":"2026-04-15T02:30:32","guid":{"rendered":"https:\/\/www.hoasen.edu.vn\/hsu-iie\/?page_id=13706"},"modified":"2026-04-17T13:39:55","modified_gmt":"2026-04-17T06:39:55","slug":"dao-tao","status":"publish","type":"page","link":"https:\/\/www.hoasen.edu.vn\/hsu-iie\/dao-tao\/","title":{"rendered":"\u0110\u00e0o t\u1ea1o"},"content":{"rendered":"\t\t<div class=\"vc-banner position-relative\">\n\t\t\t<div class=\"swiper-container\" id=\"jsBanner\">\n\t\t\t\t<div class=\"swiper-wrapper\">\n\t\t\t\t\t\t\t\t\t\t\t<div class=\"swiper-slide\">\n\t\t\t\t\t\t\t<div class=\"vc-banner__item d-block p-relative\">\n\t\t\t\t\t\t\t\t\t\t\t\t\t\t\t\t\t\t\t\t\t\t\t\t<picture class=\"d-block\">\n\t\t\t\t\t\t\t\t\t\t\t\t\t\t\t\t\t\t\t<source media=\"(max-width: 767px)\" srcset=\"https:\/\/www.hoasen.edu.vn\/hsu-iie\/wp-content\/uploads\/sites\/8\/2026\/04\/triet-ly-giao-duc-hsu-2.png\">\n\t\t\t\t\t\t\t\t\t\t\t\t\t\t\t\t\t\t\t\t\t\t\t\t\t\t\t\t\t\t\t\t\t\t\t\t\t\t\t\t\t\t\t\t\t\t\t\t\t\t\t\t\t\t\t<img loading=\"eager\" fetchpriority=\"high\" decoding=\"sync\" src=\"https:\/\/www.hoasen.edu.vn\/hsu-iie\/wp-content\/uploads\/sites\/8\/2026\/04\/triet-ly-giao-duc-hsu-2.png\" alt=\"\" class=\"hsu-banner\">\n\t\t\t\t\t\t\t\t\t\t\t\t\t\t\t\t\t<\/picture>\n\t\t\t\t\t\t\t\t\n\t\t\t\t\t\t\t\t\n\t\t\t\t\t\t\t\t\t\t\t\t\t\t\t\t\n\t\t\t\t\t\t\t\t\t\t\t\t\t\t\t<\/div>\n\t\t\t\t\t\t<\/div>\n\t\t\t\t\t\t\t\t\t<\/div>\n\t\t\t<\/div>\n\t\t\t<div class=\"swiper-pagination w-100 d-flex align-items-center justify-content-center jsPagination\"><\/div>\n\t\t<\/div>\n\t\n\n\n<section class=\"wp-block-group hsu-block-cs  bl-iie-education bg-block-type-8\"><div class=\"wp-block-group__inner-container is-layout-constrained wp-block-group-is-layout-constrained\">\n<div class=\"wp-block-group width-1200\"><div class=\"wp-block-group__inner-container is-layout-constrained wp-block-group-is-layout-constrained\">\n<h2 class=\"wp-block-heading has-text-align-center kc-b-16\">Ch\u01b0\u01a1ng tr\u00ecnh \u0110\u00e0o t\u1ea1o v\u00e0 Trao \u0111\u1ed5i<\/h2>\n\n\n\t\t<div class=\"vc-card--product\">\r\n\t\t\t\t\t\t\t<div class=\"vc-card__item h-auto d-block\">\r\n\t\t\t\t\t<div class=\"row\">\r\n\t\t\t\t\t\t<div class=\"col-12 col-md-6 col-lg-4 col-xl-4 col-xxl-4\">\r\n\t\t\t\t\t\t\t\t\t\t\t\t\t\t\t<div class=\"vc-card__avatar d-inline-block position-relative\">\r\n\t\t\t\t\t\t\t\t\t<img decoding=\"async\" class=\"position-absolute\" src=\"https:\/\/www.hoasen.edu.vn\/hsu-iie\/wp-content\/uploads\/sites\/8\/2026\/04\/campus-de-montfort-university.jpg\" alt=\"\">\r\n\t\t\t\t\t\t\t\t<\/div>\r\n\t\t\t\t\t\t\t\t\t\t\t\t\t<\/div>\r\n\t\t\t\t\t\t<div class=\"col-12 col-md-6 col-lg-8 col-xl-8 col-xxl-8\">\r\n\t\t\t\t\t\t\t<div class=\"vc-card__info\">\r\n\t\t\t\t\t\t\t\t\t\t\t\t\t\t\t\t\t<h4 class=\"vc-card__ttl position-relative fw-bold\">\u0110\u1ea1i h\u1ecdc De Montfort (V\u01b0\u01a1ng Qu\u1ed1c Anh)<\/h4>\r\n\t\t\t\t\t\t\t\t\t\t\t\t\t\t\t\t<nav class=\"vc-card__link\">\r\n\t\t\t\t\t\t\t\t\t<div class=\"row\">\r\n\t\t\t\t\t\t\t\t\t\t\t\t\t\t\t\t\t\t\t\t\t<div class=\"vc-card__col col-12 col-md-12 col-lg-12 col-xl-12 col-xxl-12\">\r\n\t\t\t\t\t\t\t\t\t\t\t\t\t\t\t\t\t\t\t\t\t\t\t\t<a href=\"https:\/\/www.hoasen.edu.vn\/hsu-iie\/education\/kinh-doanh-quoc-te-dmu\/\" target=\"_blank\">Ch\u01b0\u01a1ng tr\u00ecnh Kinh doanh qu\u1ed1c t\u1ebf<\/a>\r\n\t\t\t\t\t\t\t\t\t\t\t<\/div>\r\n\t\t\t\t\t\t\t\t\t\t\t\t\t\t\t\t\t\t\t\t\t<div class=\"vc-card__col col-12 col-md-12 col-lg-12 col-xl-12 col-xxl-12\">\r\n\t\t\t\t\t\t\t\t\t\t\t\t\t\t\t\t\t\t\t\t\t\t\t\t<a href=\"https:\/\/www.hoasen.edu.vn\/hsu-iie\/education\/marketing-dmu\/\" target=\"_blank\">Ch\u01b0\u01a1ng tr\u00ecnh Marketing<\/a>\r\n\t\t\t\t\t\t\t\t\t\t\t<\/div>\r\n\t\t\t\t\t\t\t\t\t\t\t\t\t\t\t\t\t\t\t\t\t<div class=\"vc-card__col col-12 col-md-12 col-lg-12 col-xl-12 col-xxl-12\">\r\n\t\t\t\t\t\t\t\t\t\t\t\t\t\t\t\t\t\t\t\t\t\t\t\t<a href=\"https:\/\/www.hoasen.edu.vn\/hsu-iie\/education\/thiet-ke-do-hoa-dmu\/\" target=\"_blank\">Ch\u01b0\u01a1ng tr\u00ecnh Thi\u1ebft k\u1ebf \u0111\u1ed3 h\u1ecda<\/a>\r\n\t\t\t\t\t\t\t\t\t\t\t<\/div>\r\n\t\t\t\t\t\t\t\t\t\t\t\t\t\t\t\t\t\t\t\t\t<div class=\"vc-card__col col-12 col-md-12 col-lg-12 col-xl-12 col-xxl-12\">\r\n\t\t\t\t\t\t\t\t\t\t\t\t\t\t\t\t\t\t\t\t\t\t\t\t<a href=\"https:\/\/www.hoasen.edu.vn\/hsu-iie\/education\/quan-tri-kinh-doanh-dmu\/\" target=\"_blank\">Ch\u01b0\u01a1ng tr\u00ecnh Qu\u1ea3n tr\u1ecb kinh doanh<\/a>\r\n\t\t\t\t\t\t\t\t\t\t\t<\/div>\r\n\t\t\t\t\t\t\t\t\t\t\t\t\t\t\t\t\t\t\t\t\t<div class=\"vc-card__col col-12 col-md-12 col-lg-12 col-xl-12 col-xxl-12\">\r\n\t\t\t\t\t\t\t\t\t\t\t\t\t\t\t\t\t\t\t\t\t\t\t\t<a href=\"https:\/\/www.hoasen.edu.vn\/hsu-iie\/education\/du-bi-dai-hoc-quoc-te-dmu\/\" target=\"_blank\">Ch\u01b0\u01a1ng tr\u00ecnh D\u1ef1 b\u1ecb \u0111\u1ea1i h\u1ecdc qu\u1ed1c t\u1ebf<\/a>\r\n\t\t\t\t\t\t\t\t\t\t\t<\/div>\r\n\t\t\t\t\t\t\t\t\t\t\t\t\t\t\t\t\t\t\t<\/div>\r\n\t\t\t\t\t\t\t\t<\/nav>\r\n\t\t\t\t\t\t\t<\/div>\r\n\t\t\t\t\t\t<\/div>\r\n\t\t\t\t\t<\/div>\r\n\t\t\t\t<\/div>\r\n\t\t\t\t\t\t\t<div class=\"vc-card__item h-auto d-block\">\r\n\t\t\t\t\t<div class=\"row\">\r\n\t\t\t\t\t\t<div class=\"col-12 col-md-6 col-lg-4 col-xl-4 col-xxl-4\">\r\n\t\t\t\t\t\t\t\t\t\t\t\t\t\t\t<div class=\"vc-card__avatar d-inline-block position-relative\">\r\n\t\t\t\t\t\t\t\t\t<img decoding=\"async\" class=\"position-absolute\" src=\"https:\/\/www.hoasen.edu.vn\/hsu-iie\/wp-content\/uploads\/sites\/8\/2026\/04\/massey.png\" alt=\"\">\r\n\t\t\t\t\t\t\t\t<\/div>\r\n\t\t\t\t\t\t\t\t\t\t\t\t\t<\/div>\r\n\t\t\t\t\t\t<div class=\"col-12 col-md-6 col-lg-8 col-xl-8 col-xxl-8\">\r\n\t\t\t\t\t\t\t<div class=\"vc-card__info\">\r\n\t\t\t\t\t\t\t\t\t\t\t\t\t\t\t\t\t<h4 class=\"vc-card__ttl position-relative fw-bold\">\u0110\u1ea1i h\u1ecdc Massey (New Zealand)<\/h4>\r\n\t\t\t\t\t\t\t\t\t\t\t\t\t\t\t\t<nav class=\"vc-card__link\">\r\n\t\t\t\t\t\t\t\t\t<div class=\"row\">\r\n\t\t\t\t\t\t\t\t\t\t\t\t\t\t\t\t\t\t\t\t\t<div class=\"vc-card__col col-12 col-md-12 col-lg-6 col-xl-6 col-xxl-6\">\r\n\t\t\t\t\t\t\t\t\t\t\t\t\t\t\t\t\t\t\t\t\t\t\t\t<a href=\"https:\/\/www.massey.ac.nz\/\" target=\"_blank\" rel=\"noopener\">Ch\u01b0\u01a1ng tr\u00ecnh trao \u0111\u1ed5i<\/a>\r\n\t\t\t\t\t\t\t\t\t\t\t<\/div>\r\n\t\t\t\t\t\t\t\t\t\t\t\t\t\t\t\t\t\t\t<\/div>\r\n\t\t\t\t\t\t\t\t<\/nav>\r\n\t\t\t\t\t\t\t<\/div>\r\n\t\t\t\t\t\t<\/div>\r\n\t\t\t\t\t<\/div>\r\n\t\t\t\t<\/div>\r\n\t\t\t\t\t\t\t<div class=\"vc-card__item h-auto d-block\">\r\n\t\t\t\t\t<div class=\"row\">\r\n\t\t\t\t\t\t<div class=\"col-12 col-md-6 col-lg-4 col-xl-4 col-xxl-4\">\r\n\t\t\t\t\t\t\t\t\t\t\t\t\t\t\t<div class=\"vc-card__avatar d-inline-block position-relative\">\r\n\t\t\t\t\t\t\t\t\t<img decoding=\"async\" class=\"position-absolute\" src=\"https:\/\/www.hoasen.edu.vn\/hsu-iie\/wp-content\/uploads\/sites\/8\/2026\/04\/vatel1.jpg\" alt=\"\">\r\n\t\t\t\t\t\t\t\t<\/div>\r\n\t\t\t\t\t\t\t\t\t\t\t\t\t<\/div>\r\n\t\t\t\t\t\t<div class=\"col-12 col-md-6 col-lg-8 col-xl-8 col-xxl-8\">\r\n\t\t\t\t\t\t\t<div class=\"vc-card__info\">\r\n\t\t\t\t\t\t\t\t\t\t\t\t\t\t\t\t\t<h4 class=\"vc-card__ttl position-relative fw-bold\">\u0110\u1ea1i h\u1ecdc Vatel (Ph\u00e1p)<\/h4>\r\n\t\t\t\t\t\t\t\t\t\t\t\t\t\t\t\t<nav class=\"vc-card__link\">\r\n\t\t\t\t\t\t\t\t\t<div class=\"row\">\r\n\t\t\t\t\t\t\t\t\t\t\t\t\t\t\t\t\t\t\t\t\t<div class=\"vc-card__col col-12 col-md-12 col-lg-6 col-xl-6 col-xxl-6\">\r\n\t\t\t\t\t\t\t\t\t\t\t\t\t\t\t\t\t\t\t\t\t\t\t\t<a href=\"https:\/\/www.vatel.com\/\" target=\"_blank\" rel=\"noopener\">Ch\u01b0\u01a1ng tr\u00ecnh Qu\u1ea3n l\u00fd Kh\u00e1ch s\u1ea1n Nh\u00e0 h\u00e0ng Qu\u1ed1c t\u1ebf <\/a>\r\n\t\t\t\t\t\t\t\t\t\t\t<\/div>\r\n\t\t\t\t\t\t\t\t\t\t\t\t\t\t\t\t\t\t\t<\/div>\r\n\t\t\t\t\t\t\t\t<\/nav>\r\n\t\t\t\t\t\t\t<\/div>\r\n\t\t\t\t\t\t<\/div>\r\n\t\t\t\t\t<\/div>\r\n\t\t\t\t<\/div>\r\n\t\t\t\t\t<\/div>\r\n\t\t<\/div><\/div>\n<\/div><\/section>\n\n\n\n<div class=\"wp-block-contact-form-7-contact-form-selector\">\n<div class=\"wpcf7 no-js\" id=\"wpcf7-f13153-o1\" lang=\"vi\" dir=\"ltr\">\n<div class=\"screen-reader-response\"><p role=\"status\" aria-live=\"polite\" aria-atomic=\"true\"><\/p> <ul><\/ul><\/div>\n<form action=\"\/hsu-iie\/wp-json\/wp\/v2\/pages\/13706\" method=\"post\" class=\"wpcf7-form init\" aria-label=\"Form li\u00ean h\u1ec7\" novalidate=\"novalidate\" data-status=\"init\">\n<div style=\"display: none;\">\n<input type=\"hidden\" name=\"_wpcf7\" value=\"13153\" \/>\n<input type=\"hidden\" name=\"_wpcf7_version\" value=\"5.8.2\" \/>\n<input type=\"hidden\" name=\"_wpcf7_locale\" value=\"vi\" \/>\n<input type=\"hidden\" name=\"_wpcf7_unit_tag\" value=\"wpcf7-f13153-o1\" \/>\n<input type=\"hidden\" name=\"_wpcf7_container_post\" value=\"0\" \/>\n<input type=\"hidden\" name=\"_wpcf7_posted_data_hash\" value=\"\" \/>\n<input type=\"hidden\" name=\"_wpcf7cf_hidden_group_fields\" value=\"[]\" \/>\n<input type=\"hidden\" name=\"_wpcf7cf_hidden_groups\" value=\"[]\" \/>\n<input type=\"hidden\" name=\"_wpcf7cf_visible_groups\" value=\"[]\" \/>\n<input type=\"hidden\" name=\"_wpcf7cf_repeaters\" value=\"[]\" \/>\n<input type=\"hidden\" name=\"_wpcf7cf_steps\" value=\"{}\" \/>\n<input type=\"hidden\" name=\"_wpcf7cf_options\" value=\"{&quot;form_id&quot;:13153,&quot;conditions&quot;:[],&quot;settings&quot;:{&quot;animation&quot;:&quot;yes&quot;,&quot;animation_intime&quot;:200,&quot;animation_outtime&quot;:200,&quot;conditions_ui&quot;:&quot;normal&quot;,&quot;notice_dismissed&quot;:false}}\" \/>\n<input type=\"hidden\" name=\"_wpcf7_recaptcha_response\" value=\"\" \/>\n<\/div>\n<div class=\"form-wrapper facultyCheck\" id=\"facultyForm\">\n\n  <div class=\"bg-form-box\">\n      <div class=\"icon-form center\"><\/div>\n      <div class=\"icon-form right\">\n        <img decoding=\"async\" src=\"https:\/\/www.hoasen.edu.vn\/wp-content\/themes\/ru-hsu\/assets\/faculty\/img\/icon-form-bottom-right.svg\" alt=\"\">\n      <\/div>\n      <div class=\"icon-form left\">\n        <img decoding=\"async\" src=\"https:\/\/www.hoasen.edu.vn\/wp-content\/themes\/ru-hsu\/assets\/faculty\/img\/icon-form-top-left.svg\" alt=\"\">\n      <\/div>\n  <div class=\"form-box\">\n    <h2>\u0110\u0103ng k\u00fd nh\u1eadn t\u01b0 v\u1ea5n tuy\u1ec3n sinh<\/h2>\n    \n    <div class=\"group-form-input\">\n        <div class=\"form-row\"  style=\"grid-template-columns: 100%;\">\n            <span class=\"wpcf7-form-control-wrap\" data-name=\"first_name\"><input size=\"40\" class=\"wpcf7-form-control wpcf7-text wpcf7-validates-as-required full-width\" aria-required=\"true\" aria-invalid=\"false\" placeholder=\"H\u1ecd v\u00e0 t\u00ean *\" value=\"\" type=\"text\" name=\"first_name\" \/><\/span>\n        <\/div>\n      <div class=\"form-row\">\n       <span class=\"wpcf7-form-control-wrap\" data-name=\"email\"><input size=\"40\" class=\"wpcf7-form-control wpcf7-email wpcf7-validates-as-required wpcf7-text wpcf7-validates-as-email\" aria-required=\"true\" aria-invalid=\"false\" placeholder=\"Email *\" value=\"\" type=\"email\" name=\"email\" \/><\/span>\n       <span class=\"wpcf7-form-control-wrap\" data-name=\"phone_number\"><input size=\"40\" maxlength=\"10\" minlength=\"10\" class=\"wpcf7-form-control wpcf7-tel wpcf7-validates-as-required wpcf7-text wpcf7-validates-as-tel\" aria-required=\"true\" aria-invalid=\"false\" placeholder=\"S\u1ed1 \u0111i\u1ec7n tho\u1ea1i *\" value=\"\" type=\"tel\" name=\"phone_number\" \/><\/span>\n      <\/div>\n      <div class=\"form-row\">\n       <span class=\"wpcf7-form-control-wrap\" data-name=\"last_name\"><input size=\"40\" class=\"wpcf7-form-control wpcf7-text wpcf7-validates-as-required\" aria-required=\"true\" aria-invalid=\"false\" placeholder=\"Tr\u01b0\u1eddng *\" value=\"\" type=\"text\" name=\"last_name\" \/><\/span>\n       <div class=\"custom-select-wrappe\">\n        <span class=\"wpcf7-form-control-wrap\" data-name=\"fieldcs\"><select class=\"wpcf7-form-control wpcf7-select wpcf7-validates-as-required\" aria-required=\"true\" aria-invalid=\"false\" name=\"fieldcs\"><option value=\"\">L\u1edbp<\/option><option value=\"L\u1edbp 10\">L\u1edbp 10<\/option><option value=\"L\u1edbp 11\">L\u1edbp 11<\/option><option value=\"L\u1edbp 12\">L\u1edbp 12<\/option><\/select><\/span>\n        <\/div>\n      <\/div>\n      <div class=\"form-row\">\n        <div class=\"custom-select-wrappe\">\n        <span class=\"wpcf7-form-control-wrap\" data-name=\"custom\"><select class=\"wpcf7-form-control wpcf7-select wpcf7-validates-as-required\" aria-required=\"true\" aria-invalid=\"false\" name=\"custom\"><option value=\"\">Ch\u1ecdn ng\u00e0nh h\u1ecdc c\u1ea7n t\u01b0 v\u1ea5n<\/option><option value=\"Kinh doanh qu\u1ed1c t\u1ebf\">Kinh doanh qu\u1ed1c t\u1ebf<\/option><option value=\"Marketing\">Marketing<\/option><option value=\"Thi\u1ebft k\u1ebf \u0111\u1ed3 h\u1ecda\">Thi\u1ebft k\u1ebf \u0111\u1ed3 h\u1ecda<\/option><option value=\"Qu\u1ea3n tr\u1ecb kinh doanh\">Qu\u1ea3n tr\u1ecb kinh doanh<\/option><\/select><\/span>\n        <\/div>\n        <div class=\"custom-select-wrappe\">\n        <span class=\"wpcf7-form-control-wrap\" data-name=\"coupon_code\"><select class=\"wpcf7-form-control wpcf7-select wpcf7-validates-as-required\" aria-required=\"true\" aria-invalid=\"false\" name=\"coupon_code\"><option value=\"\">L\u1ed9 tr\u00ecnh quan t\u00e2m<\/option><option value=\"L\u1ed9 tr\u00ecnh 4+0\">L\u1ed9 tr\u00ecnh 4+0<\/option><option value=\"L\u1ed9 tr\u00ecnh 3+1\">L\u1ed9 tr\u00ecnh 3+1<\/option><option value=\"L\u1ed9 tr\u00ecnh 2+2\">L\u1ed9 tr\u00ecnh 2+2<\/option><option value=\"L\u1ed9 tr\u00ecnh 3+0\">L\u1ed9 tr\u00ecnh 3+0<\/option><option value=\"L\u1ed9 tr\u00ecnh 2+1\">L\u1ed9 tr\u00ecnh 2+1<\/option><\/select><\/span>\n        <\/div>\n      <\/div>\n      <div class=\"form-row\"  style=\"grid-template-columns: 100%;\">\n      <span class=\"wpcf7-form-control-wrap\" data-name=\"slice_label\"><textarea cols=\"30\" rows=\"10\" class=\"wpcf7-form-control wpcf7-textarea full-width\" aria-invalid=\"false\" placeholder=\"Th\u00f4ng tin c\u1ea7n t\u01b0 v\u1ea5n *\" name=\"slice_label\"><\/textarea><\/span>\n      <input class=\"wpcf7-form-control wpcf7-hidden\" id=\"current_url\" value=\"\" type=\"hidden\" name=\"referer\" \/>\n        <\/div>\n     <div class=\"form-row fr-bt-gr\">\n      <span class=\"wpcf7-form-control-wrap recaptcha\" data-name=\"recaptcha\"><span data-sitekey=\"6LcqFdIrAAAAAIhHJl7wz-XWCFnNV5a6fXBLMhA7\" data-align=\"center\" class=\"wpcf7-form-control wpcf7-recaptcha g-recaptcha recaptcha-footer\"><\/span>\r\n<noscript>\r\n\t<div class=\"grecaptcha-noscript\">\r\n\t\t<iframe loading=\"lazy\" src=\"https:\/\/www.google.com\/recaptcha\/api\/fallback?k=6LcqFdIrAAAAAIhHJl7wz-XWCFnNV5a6fXBLMhA7\" frameborder=\"0\" scrolling=\"no\" width=\"310\" height=\"430\">\r\n\t\t<\/iframe>\r\n\t\t<textarea name=\"g-recaptcha-response\" rows=\"3\" cols=\"40\" placeholder=\"reCaptcha Response Here\">\r\n\t\t<\/textarea>\r\n\t<\/div>\r\n<\/noscript>\r\n<\/span>\n<button id=\"submit-form-fy\" class=\"custom-button-with-icon\" type=\"submit\">\n          <img decoding=\"async\" src=\"https:\/\/www.hoasen.edu.vn\/wp-content\/themes\/ru-hsu\/assets\/faculty\/img\/icon-button-form.svg\" alt=\"logo\" class=\"icon-left\">                        \n          <span>\u0110\u0103ng k\u00fd t\u01b0 v\u1ea5n<\/span>                     \n      <\/a>\n<\/button>\n      <\/div>\n      <p id=\"waitFfy\" style=\"display: none;\">\u0110ang g\u1eedi...<\/p>\n      \n          <\/div>\n    \n  <\/div>\n<\/div>\n<\/div>\n<script>\ndocument.addEventListener('DOMContentLoaded', function () {\n    var input = document.getElementById('current_url');\n    if (input) {\n        input.value = window.location.href;\n    }\n});\njQuery(document).ready(function($) {\n    $('#submit-form-fy').click(function(e) {  \n        let isValid = true;\n        let errorMessage = '';\n        let firstInvalidField = null;\n        $('.facultyCheck input[aria-required=\"true\"]').each(function() {\n            if ($(this).val().trim() === '') {\n                isValid = false;\n                errorMessage = 'Vui l\u00f2ng nh\u1eadp \u0111\u1ea7y \u0111\u1ee7 th\u00f4ng tin!';\n                firstInvalidField = $(this);\n                return false;\n            }\n        });\n        if (isValid) {\n            $('.facultyCheck select[aria-required=\"true\"]').each(function() {\n                if ($(this).val().trim() === '') {\n                    isValid = false;\n                    errorMessage = 'Vui l\u00f2ng ch\u1ecdn \u0111\u1ea7y \u0111\u1ee7 th\u00f4ng tin!';\n                    firstInvalidField = $(this);\n                    return false;\n                }\n            });\n        }\n      if (isValid) {\n            const nphone = $(\".facultyCheck input[name='phone_number']\").val().trim();\n            const phoneRegex = \/^0[0-9]{9}$\/;\n            if (!phoneRegex.test(nphone)) {\n                isValid = false;\n                errorMessage = 'Vui l\u00f2ng nh\u1eadp s\u1ed1 \u0111i\u1ec7n tho\u1ea1i h\u1ee3p l\u1ec7!';\n                firstInvalidField = $(\".facultyCheck input[name='phone_number']\");\n            }\n        }\n        if (!isValid) {\n           alert(errorMessage);\n            if (firstInvalidField) {\n                firstInvalidField.focus();\n            }\n            return;\n        }\n         if (grecaptcha.getResponse() === '') {\n            alert('Vui l\u00f2ng x\u00e1c minh b\u1ea1n kh\u00f4ng ph\u1ea3i l\u00e0 robot!');\n            return;\n        }\n        $('#submit-form-fy').hide();\n        $('#waitFfy').show();\n      setTimeout(function() {\n window.location.href = \"https:\/\/www.hoasen.edu.vn\/hsu-iie\/gui-thanh-cong\";\n}, 5000);\n    });\n});\n\t<\/script>\n<style>\n\n.custom-select-wrapper {\n  position: relative;\n  display: inline-block;\n  width: 100%;\n}\nselect {\n  appearance: none; \/* \u1ea9n drop-down m\u1eb7c \u0111\u1ecbnh *\/\n  -webkit-appearance: none;\n  -moz-appearance: none;\n  position: relative;\n  font-size: 16px;\n   background-image: url(\"data:image\/svg+xml,%3Csvg width='20' height='20' viewBox='0 0 20 20' fill='none' xmlns='http:\/\/www.w3.org\/2000\/svg'%3E%3Cpath d='M5 8L10 13L15 8' stroke='%2398A2B3' stroke-width='2' stroke-linecap='round' stroke-linejoin='round'\/%3E%3C\/svg%3E\");\n\n  background-repeat: no-repeat;\n  background-position: right 10px center;\n  background-size: 16px;\n  box-shadow: none;\n transition: background-image 0.3s ease;\n}\n.custom-select-wrapper.open select {\n  background-image: url(\"data:image\/svg+xml,%3Csvg id='dropdown-icon-up' width='20' height='20' viewBox='0 0 20 20' fill='none' xmlns='http:\/\/www.w3.org\/2000\/svg'%3E%3Cpath d='M5 12L10 7L15 12' stroke='%2398A2B3' stroke-width='2' stroke-linecap='round' stroke-linejoin='round'\/%3E%3C\/svg%3E\");\n}\n.full-width, #facultyForm input.full-width, span:has(.full-width) {\n    width: 100%;\n}\ntextarea.full-width {\n    height: 100px;\nborder-radius: 8px;\npadding: 10px 12px;\n   \n}\n@media only screen and (min-width: 700px) and (max-width: 1000px) {\n.full-width, #facultyForm input.full-width, span:has(.full-width) {\n    max-width: 515px;\n}\n.fr-bt-gr{\n    max-width: 515px;\n    display: contents;\n}\n#facultyForm .custom-button-with-icon{\n    margin-top: 20px;\n}\n}\n@media only screen and (max-width: 699.9px) {\n.full-width, #facultyForm input.full-width, span:has(.full-width) {\n    max-width: 368px;\n}\n#facultyForm .custom-button-with-icon{\n    margin-top: 5px;\n}\n}\n\/****************facultyForm******************\/\n@media only screen and (max-width: 420px){\n.full-width, #facultyForm input.full-width, span:has(.full-width){\n max-width: 300px;\n}\n}\n@media only screen and (max-width: 350px){\n.full-width, #facultyForm input.full-width, span:has(.full-width){\n max-width: 250px;\n}\n}\n<\/style><div class=\"wpcf7-response-output\" aria-hidden=\"true\"><\/div>\n<\/form>\n<\/div>\n<\/div>\n","protected":false},"excerpt":{"rendered":"<p>Ch\u01b0\u01a1ng tr\u00ecnh \u0111\u00e0o t\u1ea1o \u0110\u1ea1i h\u1ecdc De Montfort (DMU) t\u1ea1i \u0110\u1ea1i h\u1ecdc Hoa Sen mang \u0111\u1ebfn l\u1ed9 tr\u00ecnh h\u1ecdc t\u1eadp chu\u1ea9n t\u1ebf, nh\u1eadn b\u1eb1ng t\u1eeb Anh qu\u1ed1c v\u00e0 c\u01a1 h\u1ed9i ph\u00e1t tri\u1ec3n r\u1ed9ng m\u1edf.<\/p>\n","protected":false},"author":5427,"featured_media":15814,"parent":0,"menu_order":0,"comment_status":"closed","ping_status":"closed","template":"page-templates\/faculty-home.php","meta":{"footnotes":""},"class_list":["post-13706","page","type-page","status-publish","has-post-thumbnail","hentry"],"acf":[],"_links":{"self":[{"href":"https:\/\/www.hoasen.edu.vn\/hsu-iie\/wp-json\/wp\/v2\/pages\/13706","targetHints":{"allow":["GET"]}}],"collection":[{"href":"https:\/\/www.hoasen.edu.vn\/hsu-iie\/wp-json\/wp\/v2\/pages"}],"about":[{"href":"https:\/\/www.hoasen.edu.vn\/hsu-iie\/wp-json\/wp\/v2\/types\/page"}],"author":[{"embeddable":true,"href":"https:\/\/www.hoasen.edu.vn\/hsu-iie\/wp-json\/wp\/v2\/users\/5427"}],"replies":[{"embeddable":true,"href":"https:\/\/www.hoasen.edu.vn\/hsu-iie\/wp-json\/wp\/v2\/comments?post=13706"}],"version-history":[{"count":83,"href":"https:\/\/www.hoasen.edu.vn\/hsu-iie\/wp-json\/wp\/v2\/pages\/13706\/revisions"}],"predecessor-version":[{"id":16980,"href":"https:\/\/www.hoasen.edu.vn\/hsu-iie\/wp-json\/wp\/v2\/pages\/13706\/revisions\/16980"}],"wp:featuredmedia":[{"embeddable":true,"href":"https:\/\/www.hoasen.edu.vn\/hsu-iie\/wp-json\/wp\/v2\/media\/15814"}],"wp:attachment":[{"href":"https:\/\/www.hoasen.edu.vn\/hsu-iie\/wp-json\/wp\/v2\/media?parent=13706"}],"curies":[{"name":"wp","href":"https:\/\/api.w.org\/{rel}","templated":true}]}}