{"id":42,"date":"2021-12-07T06:52:29","date_gmt":"2021-12-07T06:52:29","guid":{"rendered":"https:\/\/hoasen.edu.vn\/dvhsv\/?page_id=42"},"modified":"2025-07-10T03:41:04","modified_gmt":"2025-07-10T03:41:04","slug":"thong-tin-lien-he-van-phong-doan-thanh-nien-hoi-sinh-vien","status":"publish","type":"page","link":"https:\/\/www.hoasen.edu.vn\/dvhsv\/trang-chu\/gioi-thieu\/thong-tin-lien-he-van-phong-doan-thanh-nien-hoi-sinh-vien\/","title":{"rendered":"Th\u00f4ng tin li\u00ean h\u1ec7 V\u0103n Ph\u00f2ng \u0110o\u00e0n Thanh Ni\u00ean &#8211; H\u1ed9i Sinh Vi\u00ean"},"content":{"rendered":"\n<p><strong>V\u0103n Ph\u00f2ng \u0110o\u00e0n Thanh Ni\u00ean &#8211; H\u1ed9i Sinh Vi\u00ean<\/strong><\/p>\n\n\n\n<p><strong>Ph\u00f2ng 007, Tr\u01b0\u1eddng \u0110\u1ea1i h\u1ecdc Hoa Sen &#8211; C\u01a1 s\u1edf Quang Trung <\/strong><\/p>\n\n\n\n<p><em>\u0110\u01b0\u1eddng s\u1ed1 3, L\u00f4 10, CVPM Quang Trung, Ph\u01b0\u1eddng Trung M\u1ef9 T\u00e2y, TP H\u1ed3 Ch\u00ed Minh\u00a0<\/em><\/p>\n\n\n\n<p>S\u0110T: <strong>028 7309 1991 [Ext: 4861]&nbsp;<\/strong><\/p>\n\n\n\n<p>Email: <strong>doan.hoi@hoasen.edu.vn<\/strong><\/p>\n\n\n\n<figure class=\"wp-block-image size-full\"><img loading=\"lazy\" decoding=\"async\" width=\"2048\" height=\"1365\" src=\"https:\/\/www.hoasen.edu.vn\/dvhsv\/wp-content\/uploads\/sites\/22\/2024\/11\/Cover-.jpg\" alt=\"\" class=\"wp-image-1365\"\/><\/figure>\n","protected":false},"excerpt":{"rendered":"<p>V\u0103n Ph\u00f2ng \u0110o\u00e0n Thanh Ni\u00ean &#8211; H\u1ed9i Sinh Vi\u00ean Ph\u00f2ng 007, Tr\u01b0\u1eddng \u0110\u1ea1i h\u1ecdc Hoa Sen &#8211; C\u01a1 s\u1edf Quang Trung \u0110\u01b0\u1eddng s\u1ed1 3, L\u00f4 10, CVPM Quang Trung, Ph\u01b0\u1eddng Trung M\u1ef9 T\u00e2y, TP H\u1ed3 Ch\u00ed Minh\u00a0 S\u0110T: 028 7309 1991 [Ext: 4861]&nbsp; Email: doan.hoi@hoasen.edu.vn<\/p>\n","protected":false},"author":1,"featured_media":541,"parent":23,"menu_order":0,"comment_status":"closed","ping_status":"closed","template":"","meta":{"footnotes":""},"class_list":["post-42","page","type-page","status-publish","has-post-thumbnail","hentry"],"acf":[],"_links":{"self":[{"href":"https:\/\/www.hoasen.edu.vn\/dvhsv\/wp-json\/wp\/v2\/pages\/42","targetHints":{"allow":["GET"]}}],"collection":[{"href":"https:\/\/www.hoasen.edu.vn\/dvhsv\/wp-json\/wp\/v2\/pages"}],"about":[{"href":"https:\/\/www.hoasen.edu.vn\/dvhsv\/wp-json\/wp\/v2\/types\/page"}],"author":[{"embeddable":true,"href":"https:\/\/www.hoasen.edu.vn\/dvhsv\/wp-json\/wp\/v2\/users\/1"}],"replies":[{"embeddable":true,"href":"https:\/\/www.hoasen.edu.vn\/dvhsv\/wp-json\/wp\/v2\/comments?post=42"}],"version-history":[{"count":6,"href":"https:\/\/www.hoasen.edu.vn\/dvhsv\/wp-json\/wp\/v2\/pages\/42\/revisions"}],"predecessor-version":[{"id":2287,"href":"https:\/\/www.hoasen.edu.vn\/dvhsv\/wp-json\/wp\/v2\/pages\/42\/revisions\/2287"}],"up":[{"embeddable":true,"href":"https:\/\/www.hoasen.edu.vn\/dvhsv\/wp-json\/wp\/v2\/pages\/23"}],"wp:featuredmedia":[{"embeddable":true,"href":"https:\/\/www.hoasen.edu.vn\/dvhsv\/wp-json\/wp\/v2\/media\/541"}],"wp:attachment":[{"href":"https:\/\/www.hoasen.edu.vn\/dvhsv\/wp-json\/wp\/v2\/media?parent=42"}],"curies":[{"name":"wp","href":"https:\/\/api.w.org\/{rel}","templated":true}]}}