{"id":227,"date":"2021-12-07T07:17:32","date_gmt":"2021-12-07T07:17:32","guid":{"rendered":"https:\/\/hoasen.edu.vn\/dvhsv\/?page_id=227"},"modified":"2022-09-30T04:36:39","modified_gmt":"2022-09-30T04:36:39","slug":"rut-so-doan","status":"publish","type":"page","link":"https:\/\/www.hoasen.edu.vn\/dvhsv\/rut-so-doan\/","title":{"rendered":"R\u00fat s\u1ed5 \u0111o\u00e0n"},"content":{"rendered":"\n<p><strong>H\u01b0\u1edbng d\u1eabn r\u00fat s\u1ed5 \u0111o\u00e0n online<\/strong><strong>:<\/strong><\/p>\n\n\n\n<ul class=\"wp-block-list\"><li>Sinh vi\u00ean c\u1ea7n<strong>&nbsp;\u0111i\u1ec1n<\/strong>&nbsp;<strong>\u0111\u1ea7y \u0111\u1ee7<\/strong>&nbsp;c\u00e1c th\u00f4ng tin theo y\u00eau c\u1ea7u c\u1ee7a form.<\/li><\/ul>\n\n\n\n<div class=\"wp-block-contact-form-7-contact-form-selector\">\n<div class=\"wpcf7 no-js\" id=\"wpcf7-f301-o1\" lang=\"vi\" dir=\"ltr\">\n<div class=\"screen-reader-response\"><p role=\"status\" aria-live=\"polite\" aria-atomic=\"true\"><\/p> <ul><\/ul><\/div>\n<form action=\"\/dvhsv\/wp-json\/wp\/v2\/pages\/227\" method=\"post\" class=\"wpcf7-form init\" aria-label=\"Form li\u00ean h\u1ec7\" novalidate=\"novalidate\" data-status=\"init\">\n<div style=\"display: none;\">\n<input type=\"hidden\" name=\"_wpcf7\" value=\"301\" \/>\n<input type=\"hidden\" name=\"_wpcf7_version\" value=\"5.8.2\" \/>\n<input type=\"hidden\" name=\"_wpcf7_locale\" value=\"vi\" \/>\n<input type=\"hidden\" name=\"_wpcf7_unit_tag\" value=\"wpcf7-f301-o1\" \/>\n<input type=\"hidden\" name=\"_wpcf7_container_post\" value=\"0\" \/>\n<input type=\"hidden\" name=\"_wpcf7_posted_data_hash\" value=\"\" \/>\n<input type=\"hidden\" name=\"_wpcf7cf_hidden_group_fields\" value=\"[]\" \/>\n<input type=\"hidden\" name=\"_wpcf7cf_hidden_groups\" value=\"[]\" \/>\n<input type=\"hidden\" name=\"_wpcf7cf_visible_groups\" value=\"[]\" \/>\n<input type=\"hidden\" name=\"_wpcf7cf_repeaters\" value=\"[]\" \/>\n<input type=\"hidden\" name=\"_wpcf7cf_steps\" value=\"{}\" \/>\n<input type=\"hidden\" name=\"_wpcf7cf_options\" value=\"{&quot;form_id&quot;:301,&quot;conditions&quot;:[],&quot;settings&quot;:{&quot;animation&quot;:&quot;yes&quot;,&quot;animation_intime&quot;:200,&quot;animation_outtime&quot;:200,&quot;conditions_ui&quot;:&quot;normal&quot;,&quot;notice_dismissed&quot;:false}}\" \/>\n<input type=\"hidden\" name=\"_wpcf7_recaptcha_response\" value=\"\" \/>\n<\/div>\n<div class=\"row\">\n\t<div class=\"col-12 col-md-6 col-lg-6 col-xl-6 col-xxl-6\">\n\t\t<label class=\"vc-form__label fw-bold mb-1\">H\u1ecd v\u00e0 t\u00ean<\/label>\n\t\t<div class=\"vc-form__input\"><span class=\"wpcf7-form-control-wrap\" data-name=\"adv-name\"><input size=\"40\" class=\"wpcf7-form-control wpcf7-text wpcf7-validates-as-required\" aria-required=\"true\" aria-invalid=\"false\" placeholder=\"H\u1ecd v\u00e0 t\u00ean *\" value=\"\" type=\"text\" name=\"adv-name\" \/><\/span><\/div>\n\t<\/div>\n\t<div class=\"col-12 col-md-6 col-lg-6 col-xl-6 col-xxl-6\">\n\t\t<label class=\"vc-form__label fw-bold mb-1\">M\u00e3 s\u1ed1 sinh vi\u00ean<\/label>\n\t\t<div class=\"vc-form__input\"><span class=\"wpcf7-form-control-wrap\" data-name=\"adv-mssv\"><input size=\"40\" class=\"wpcf7-form-control wpcf7-text wpcf7-validates-as-required\" aria-required=\"true\" aria-invalid=\"false\" placeholder=\"M\u00e3 s\u1ed1 sinh vi\u00ean *\" value=\"\" type=\"text\" name=\"adv-mssv\" \/><\/span><\/div>\n\t<\/div>\n<div class=\"col-12 col-md-6 col-lg-6 col-xl-6 col-xxl-6\">\n\t\t<label class=\"vc-form__label fw-bold mb-1\">L\u1edbp<\/label>\n\t\t<div class=\"vc-form__input\"><span class=\"wpcf7-form-control-wrap\" data-name=\"adv-lop\"><input size=\"40\" class=\"wpcf7-form-control wpcf7-text wpcf7-validates-as-required\" aria-required=\"true\" aria-invalid=\"false\" placeholder=\"L\u1edbp *\" value=\"\" type=\"text\" name=\"adv-lop\" \/><\/span><\/div>\n\t<\/div>\n\t<div class=\"col-12 col-md-6 col-lg-6 col-xl-6 col-xxl-6\">\n\t\t<label class=\"vc-form__label fw-bold mb-1\">S\u1ed1 \u0111i\u1ec7n tho\u1ea1i<\/label>\n\t\t<div class=\"vc-form__input\"><span class=\"wpcf7-form-control-wrap\" data-name=\"adv-tel\"><input size=\"40\" class=\"wpcf7-form-control wpcf7-tel wpcf7-validates-as-required wpcf7-text wpcf7-validates-as-tel\" aria-required=\"true\" aria-invalid=\"false\" placeholder=\"S\u1ed1 \u0111i\u1ec7n tho\u1ea1i *\" value=\"\" type=\"tel\" name=\"adv-tel\" \/><\/span><\/div>\n\t<\/div>\n\t<div class=\"col-12 col-sm-8 col-md-7 col-lg-6 col-xl-7 col-xxl-6\">\n\t\t<span class=\"wpcf7-form-control-wrap recaptcha\" data-name=\"recaptcha\"><span data-sitekey=\"6LfW6iAUAAAAAKXZDexnlgsOD9TVQX-AVJizBf6u\" class=\"wpcf7-form-control wpcf7-recaptcha g-recaptcha\"><\/span>\r\n<noscript>\r\n\t<div class=\"grecaptcha-noscript\">\r\n\t\t<iframe loading=\"lazy\" src=\"https:\/\/www.google.com\/recaptcha\/api\/fallback?k=6LfW6iAUAAAAAKXZDexnlgsOD9TVQX-AVJizBf6u\" frameborder=\"0\" scrolling=\"no\" width=\"310\" height=\"430\">\r\n\t\t<\/iframe>\r\n\t\t<textarea name=\"g-recaptcha-response\" rows=\"3\" cols=\"40\" placeholder=\"reCaptcha Response Here\">\r\n\t\t<\/textarea>\r\n\t<\/div>\r\n<\/noscript>\r\n<\/span>\n\t<\/div>\n\t<div class=\"col-12 col-sm-4 col-md-5 col-lg-6 col-xl-5 col-xxl-6\">\n\t\t<button type=\"submit\" class=\"wpcf7-form-control wpcf7-submit vc-btn--primary position-relative text-uppercase\">\n\t\t\t\u0110\u0103ng k\u00fd \n\t\t\t<span class=\"position-absolute d-inline-flex align-items-center justify-content-center\">\n\t\t\t\t<svg class=\"vc-icon\"><use xlink:href=\"https:\/\/www.hoasen.edu.vn\/wp-content\/themes\/ru-hsu\/assets\/img\/icons.svg#i-arrow-right\" \/><\/svg>\n\t\t\t<\/span>\n\t\t<\/button>\n\t<\/div>\n<\/div><div class=\"wpcf7-response-output\" aria-hidden=\"true\"><\/div>\n<\/form>\n<\/div>\n<\/div>\n","protected":false},"excerpt":{"rendered":"<p>H\u01b0\u1edbng d\u1eabn r\u00fat s\u1ed5 \u0111o\u00e0n online: Sinh vi\u00ean c\u1ea7n&nbsp;\u0111i\u1ec1n&nbsp;\u0111\u1ea7y \u0111\u1ee7&nbsp;c\u00e1c th\u00f4ng tin theo y\u00eau c\u1ea7u c\u1ee7a form.<\/p>\n","protected":false},"author":1,"featured_media":0,"parent":0,"menu_order":0,"comment_status":"closed","ping_status":"closed","template":"","meta":{"footnotes":""},"class_list":["post-227","page","type-page","status-publish","hentry"],"acf":[],"_links":{"self":[{"href":"https:\/\/www.hoasen.edu.vn\/dvhsv\/wp-json\/wp\/v2\/pages\/227","targetHints":{"allow":["GET"]}}],"collection":[{"href":"https:\/\/www.hoasen.edu.vn\/dvhsv\/wp-json\/wp\/v2\/pages"}],"about":[{"href":"https:\/\/www.hoasen.edu.vn\/dvhsv\/wp-json\/wp\/v2\/types\/page"}],"author":[{"embeddable":true,"href":"https:\/\/www.hoasen.edu.vn\/dvhsv\/wp-json\/wp\/v2\/users\/1"}],"replies":[{"embeddable":true,"href":"https:\/\/www.hoasen.edu.vn\/dvhsv\/wp-json\/wp\/v2\/comments?post=227"}],"version-history":[{"count":2,"href":"https:\/\/www.hoasen.edu.vn\/dvhsv\/wp-json\/wp\/v2\/pages\/227\/revisions"}],"predecessor-version":[{"id":302,"href":"https:\/\/www.hoasen.edu.vn\/dvhsv\/wp-json\/wp\/v2\/pages\/227\/revisions\/302"}],"wp:attachment":[{"href":"https:\/\/www.hoasen.edu.vn\/dvhsv\/wp-json\/wp\/v2\/media?parent=227"}],"curies":[{"name":"wp","href":"https:\/\/api.w.org\/{rel}","templated":true}]}}