{"id":915,"date":"2023-03-24T10:58:47","date_gmt":"2023-03-24T03:58:47","guid":{"rendered":"https:\/\/www.hoasen.edu.vn\/dtdh\/?page_id=915"},"modified":"2025-11-19T10:58:02","modified_gmt":"2025-11-19T03:58:02","slug":"thong-bao-danh-cho-cvht","status":"publish","type":"page","link":"https:\/\/www.hoasen.edu.vn\/dtdh\/co-van-hoc-tap\/thong-bao-danh-cho-cvht\/","title":{"rendered":"Th\u00f4ng b\u00e1o (d\u00e0nh cho CVHT)"},"content":{"rendered":"\n<p><a href=\"https:\/\/drive.google.com\/file\/d\/1qzlPZUZMxXUXpiPUQspd6s6EZqcsSOvD\/view?usp=sharing\" target=\"_blank\" rel=\"noopener\">Th\u00f4ng b\u00e1o \u0110i\u1ec1u ch\u1ec9nh KHHT-CN \u0111\u1ec3 \u0110KMH-Online HK H\u00e8 n\u0103m h\u1ecdc 2024-2025 (2334) <\/a><\/p>\n\n\n\n<p><\/p>\n","protected":false},"excerpt":{"rendered":"<p>Th\u00f4ng b\u00e1o \u0110i\u1ec1u ch\u1ec9nh KHHT-CN \u0111\u1ec3 \u0110KMH-Online HK H\u00e8 n\u0103m h\u1ecdc 2024-2025 (2334)<\/p>\n","protected":false},"author":71,"featured_media":0,"parent":843,"menu_order":0,"comment_status":"closed","ping_status":"closed","template":"","meta":{"footnotes":""},"class_list":["post-915","page","type-page","status-publish","hentry"],"acf":[],"_links":{"self":[{"href":"https:\/\/www.hoasen.edu.vn\/dtdh\/wp-json\/wp\/v2\/pages\/915","targetHints":{"allow":["GET"]}}],"collection":[{"href":"https:\/\/www.hoasen.edu.vn\/dtdh\/wp-json\/wp\/v2\/pages"}],"about":[{"href":"https:\/\/www.hoasen.edu.vn\/dtdh\/wp-json\/wp\/v2\/types\/page"}],"author":[{"embeddable":true,"href":"https:\/\/www.hoasen.edu.vn\/dtdh\/wp-json\/wp\/v2\/users\/71"}],"replies":[{"embeddable":true,"href":"https:\/\/www.hoasen.edu.vn\/dtdh\/wp-json\/wp\/v2\/comments?post=915"}],"version-history":[{"count":13,"href":"https:\/\/www.hoasen.edu.vn\/dtdh\/wp-json\/wp\/v2\/pages\/915\/revisions"}],"predecessor-version":[{"id":4878,"href":"https:\/\/www.hoasen.edu.vn\/dtdh\/wp-json\/wp\/v2\/pages\/915\/revisions\/4878"}],"up":[{"embeddable":true,"href":"https:\/\/www.hoasen.edu.vn\/dtdh\/wp-json\/wp\/v2\/pages\/843"}],"wp:attachment":[{"href":"https:\/\/www.hoasen.edu.vn\/dtdh\/wp-json\/wp\/v2\/media?parent=915"}],"curies":[{"name":"wp","href":"https:\/\/api.w.org\/{rel}","templated":true}]}}