{"id":879,"date":"2023-03-21T21:07:15","date_gmt":"2023-03-21T14:07:15","guid":{"rendered":"https:\/\/www.hoasen.edu.vn\/dtdh\/?page_id=879"},"modified":"2025-11-19T10:56:43","modified_gmt":"2025-11-19T03:56:43","slug":"quy-che-quy-dinh","status":"publish","type":"page","link":"https:\/\/www.hoasen.edu.vn\/dtdh\/co-van-hoc-tap\/quy-che-quy-dinh\/","title":{"rendered":"Quy ch\u1ebf, quy \u0111\u1ecbnh"},"content":{"rendered":"<p><em><strong>(L\u01b0u \u00fd: <span style=\"color: #ff0000; font-size: 15px;\">C\u1ed4NG TH\u00d4NG TIN N\u00c0Y D\u00c0NH RI\u00caNG CHO GI\u1ea2NG VI\u00caN C\u1ed0 V\u1ea4N H\u1eccC T\u1eacP (CVHT).<\/span><\/strong><\/em><\/p>\n<p><span style=\"color: #0000ff;\"><strong>1. Quy ch\u1ebf c\u1ed1 v\u1ea5n h\u1ecdc t\u1eadp<\/strong><\/span><\/p>\n<ul>\n<li><a href=\"https:\/\/drive.google.com\/file\/d\/1cbZ_VNeUYNhp7O5aXqw1bZYQ656rb8ji\/view?usp=sharing\" target=\"_blank\" rel=\"noopener\">Quy ch\u1ebf C\u1ed1 v\u1ea5n h\u1ecdc t\u1eadp 2025<\/a><\/li>\n<li><a href=\"https:\/\/drive.google.com\/file\/d\/1Mk2j2PP4_e0zU8bEgfmPxFpWIxvJHqKY\/view?usp=sharing\" target=\"_blank\" rel=\"noopener\">Quy tr\u00ecnh ph\u00e2n c\u00f4ng CVHT<\/a><\/li>\n<\/ul>\n<p><strong>C\u00e1c h\u01b0\u1edbng d\u1eabn ch\u1ee9c n\u0103ng d\u00e0nh cho CVHT:<\/strong><\/p>\n<ul>\n<li><a href=\"https:\/\/drive.google.com\/file\/d\/1rRkdBFJeXyrew-c2Xzy7y4-N-VontGg0\/view?usp=sharing\" target=\"_blank\" rel=\"noopener\">H\u01b0\u1edbng d\u1eabn ch\u1ee9c n\u0103ng CRM d\u00e0nh cho CVHT<\/a><\/li>\n<li><a href=\"https:\/\/drive.google.com\/file\/d\/1ge_xrzJmiWNGKwbGIr18leykssgucm48\/view?usp=sharing\" target=\"_blank\" rel=\"noopener\">H\u01b0\u1edbng d\u1eabn ch\u1ee9c n\u0103ng qu\u1ea3n l\u00fd KHHT-CN<\/a><\/li>\n<li><a href=\"https:\/\/drive.google.com\/file\/d\/16tnhqY6dwLfVb3YfN-fSHw-7XLPvv4uh\/view?usp=sharing\" target=\"_blank\" rel=\"noopener\">H\u01b0\u1edbng d\u1eabn ch\u1ee9c n\u0103ng ch\u0103m s\u00f3c sinh vi\u00ean<\/a><\/li>\n<li><a href=\"https:\/\/drive.google.com\/file\/d\/1Jy4XdcjrmrWVpngMzfQW5jmFAmrU09Sm\/view?usp=sharing\" target=\"_blank\" rel=\"noopener\">H\u01b0\u1edbng d\u1eabn ch\u1ee9c n\u0103ng \u0111\u00e1nh gi\u00e1 C\u00f4ng t\u00e1c CVHT &amp; ghi nh\u1eadn bu\u1ed5i sinh ho\u1ea1t l\u1edbp.<\/a><\/li>\n<li><a href=\"https:\/\/drive.google.com\/file\/d\/1H69RI4PobSSdyWDKlZxmMdEpMFcLzOeq\/view?usp=sharing\" target=\"_blank\" rel=\"noopener\">H\u01b0\u1edbng d\u1eabn xem FB CVHT<\/a><\/li>\n<\/ul>\n<p><strong>C\u00e1c h\u01b0\u1edbng d\u1eabn ch\u1ee9c n\u0103ng d\u00e0nh cho Sinh vi\u00ean:<\/strong><\/p>\n<ul>\n<li><a href=\"https:\/\/drive.google.com\/file\/d\/1ROSzWsljW1gEH2iJzVMFUTZMz29xlU5E\/view?usp=sharing\" target=\"_blank\" rel=\"noopener\">H\u01b0\u1edbng d\u1eabn l\u1eadp KHHT-CN cho Sinh vi\u00ean<\/a><\/li>\n<li><a href=\"https:\/\/drive.google.com\/file\/d\/1TYQgJ8WUHydOihiz3e7YRx6JeMvG0TsE\/view?usp=sharing\" target=\"_blank\" rel=\"noopener\">H\u01b0\u1edbng d\u1eabn \u0110\u0103ng k\u00fd h\u1ecdc ph\u1ea7n Sinh vi\u00ean<\/a><\/li>\n<li><a href=\"https:\/\/drive.google.com\/file\/d\/1xBrCMwlJIi8TL_-xjZ97B16eOnn_5Msa\/view?usp=sharing\" target=\"_blank\" rel=\"noopener\">H\u01b0\u1edbng d\u1eabn th\u1ef1c hi\u1ec7n y\u00eau c\u1ea7u m\u00f4n h\u1ecdc thay th\u1ebf online d\u00e0nh cho SV tr\u00ean PS<\/a><\/li>\n<\/ul>\n<p><span style=\"color: #0000ff;\"><strong>2. Quy ch\u1ebf \u0111\u00e0o t\u1ea1o<\/strong><\/span><\/p>\n<ul>\n<li><a href=\"https:\/\/drive.google.com\/file\/d\/1yu9GAwaiaf8IuaKJxUs0OpwDrdTEvuk4\/view?usp=sharing\" target=\"_blank\" rel=\"noopener\">Quy ch\u1ebf 02_\u0110T \u00e1p d\u1ee5ng t\u1eeb kh\u00f3a 2021 tr\u1edf v\u1ec1 sau<\/a><\/li>\n<li><a href=\"https:\/\/drive.google.com\/file\/d\/1aSvixqK6n99bfvjT98KWuX6C0GZMiAj_\/view?usp=sharing\" target=\"_blank\" rel=\"noopener\">Quy ch\u1ebf \u0110T_QC_01- \u00e1p d\u1ee5ng t\u1eeb kh\u00f3a 2020 tr\u1edf v\u1ec1 tr\u01b0\u1edbc<\/a><\/li>\n<li><a href=\"https:\/\/drive.google.com\/file\/d\/1PMJeTNIvO1STD6SSSfwNiXNP2LUacA9f\/view?usp=sharing\" target=\"_blank\" rel=\"noopener\">Quy ch\u1ebf \u0111\u00e0o t\u1ea1o tr\u00ecnh \u0111\u1ed9 \u0110\u1ea1i h\u1ecdc n\u0103m 2023 tr\u1edf \u0111i<\/a><\/li>\n<\/ul>\n<p><strong><span style=\"color: #0000ff;\">3. Quy \u0111\u1ecbnh v\u1ec1 h\u1ecdc &amp; chu\u1ea9n \u0111\u1ea7u ra ti\u1ebfng Anh (\u00e1p d\u1ee5ng cho Sinh vi\u00ean c\u00e1c ng\u00e0nh kh\u00f4ng chuy\u00ean ng\u1eef)<\/span><\/strong><\/p>\n<h4><span style=\"color: #333399;\"><strong>Kh\u00f3a 2025<\/strong><\/span><\/h4>\n<ul>\n<li><a href=\"https:\/\/drive.google.com\/file\/d\/1PKxTvPKJ4LhISq7HtqptRjBJWo64aJLp\/view?usp=sharing\" target=\"_blank\" rel=\"noopener\">Quy \u0111\u1ecbnh Ti\u1ebfng Anh ng\u00e0nh kh\u00f4ng chuy\u00ean ng\u1eef &#8211; kh\u00f3a 2025 (V1)<\/a><\/li>\n<\/ul>\n<h4><span style=\"color: #333399;\"><strong>Kh\u00f3a 2024<\/strong><\/span><\/h4>\n<ul>\n<li><a href=\"https:\/\/drive.google.com\/file\/d\/177jXXS_UcUWzIlhj3mujrGG8030KTLg3\/view?usp=sharing\" target=\"_blank\" rel=\"noopener\">Quy \u0111\u1ecbnh ti\u1ebfng Anh ng\u00e0nh kh\u00f4ng chuy\u00ean ng\u1eef &#8211; kh\u00f3a 2024 (V1)<\/a><\/li>\n<li><a href=\"https:\/\/drive.google.com\/file\/d\/1n5fxeHyZbXO5qMJoYJlUPjKU7HWQPJgL\/view?usp=sharing\" target=\"_blank\" rel=\"noopener\">Quy \u0111\u1ecbnh chu\u1ea9n ngo\u1ea1i ng\u1eef ti\u1ebfng Anh c\u1ee7a ng\u00e0nh chuy\u00ean ng\u1eef &#8211; kh\u00f3a 2024 (V2)<\/a><\/li>\n<\/ul>\n<h4><span style=\"color: #333399;\"><strong>Kh\u00f3a 2023<\/strong><\/span><\/h4>\n<ul>\n<li><a href=\"https:\/\/drive.google.com\/file\/d\/12iH9eH2rcUsZGjOsA1jH1K2nst5bZ3Ob\/view?usp=drive_link\" target=\"_blank\" rel=\"noopener\">Quy \u0111\u1ecbnh h\u1ecdc &amp; chu\u1ea9n \u0111\u1ea7u ra ti\u1ebfng Anh kh\u00f3a 2023 (c\u1eadp nh\u1eadt l\u1ea7n 1)<\/a><\/li>\n<\/ul>\n<h4><span style=\"color: #333399;\"><strong>Kh\u00f3a 2022<\/strong><\/span><\/h4>\n<ul>\n<li><a href=\"https:\/\/drive.google.com\/file\/d\/1l7EyF_824cXBO5W-C41OgKpvmigNqXsY\/view?usp=drive_link\" target=\"_blank\" rel=\"noopener\">Quy \u0111\u1ecbnh h\u1ecdc &amp; chu\u1ea9n \u0111\u1ea7u ra ti\u1ebfng Anh kh\u00f3a 2022 (c\u1eadp nh\u1eadt l\u1ea7n 2)<\/a><\/li>\n<li><a href=\"https:\/\/drive.google.com\/file\/d\/14Hek4S05RYGgJbMI7ADR27gbrJUXREvk\/view?usp=sharing\" target=\"_blank\" rel=\"noopener\">Th\u00f4ng b\u00e1o v\u1ec1 vi\u1ec7c n\u1ed9p ch\u1ee9ng ch\u1ec9 ngo\u1ea1i ng\u1eef qu\u1ed1c t\u1ebf \u0111\u1ec3 mi\u1ec5n c\u00e1c h\u1ecdc ph\u1ea7n ti\u1ebfng Anh EII<\/a><\/li>\n<\/ul>\n<h4><span style=\"color: #333399;\"><strong>Kh\u00f3a 2021<\/strong><\/span><\/h4>\n<ul>\n<li><a href=\"https:\/\/drive.google.com\/file\/d\/1QW4qTEoGPh5f41E7Ys62zsPR2PRO6Cn2\/view?usp=drive_link\" target=\"_blank\" rel=\"noopener\">Quy \u0111\u1ecbnh h\u1ecdc &amp; chu\u1ea9n \u0111\u1ea7u ra ti\u1ebfng Anh kh\u00f3a 2021 (c\u1eadp nh\u1eadt l\u1ea7n 3)<\/a><\/li>\n<\/ul>\n<h4><span style=\"color: #333399;\"><strong>Kh\u00f3a 2020<\/strong><\/span><\/h4>\n<ul>\n<li><a href=\"https:\/\/drive.google.com\/file\/d\/1HMSoD2AL0ynqWleUJ03FyvYbE9Enjcie\/view?usp=sharing\" target=\"_blank\" rel=\"noopener\">Quy \u0111\u1ecbnh &amp; chu\u1ea9n \u0111\u1ea7u ra ti\u1ebfng Anh kh\u00f3a 2020 (c\u1eadp nh\u1eadt l\u1ea7n 2)<\/a><\/li>\n<\/ul>\n<h4><span style=\"color: #333399;\"><strong>Kh\u00f3a 2018, 2019<\/strong><\/span><\/h4>\n<ul>\n<li><a href=\"https:\/\/drive.google.com\/file\/d\/1TK125Wf_yTZRwKC1eDrc-UvcB2b5wsl9\/view?usp=sharing\" target=\"_blank\" rel=\"noopener\">Quy \u0111\u1ecbnh &amp; chu\u1ea9n \u0111\u1ea7u ra ti\u1ebfng Anh kh\u00f3a 2018, 2019 (c\u1eadp nh\u1eadt l\u1ea7n 2)<\/a><\/li>\n<\/ul>\n<h4><span style=\"color: #333399;\"><strong>Kh\u00f3a 2016, 2017<\/strong><\/span><\/h4>\n<ul>\n<li><a href=\"https:\/\/drive.google.com\/file\/d\/11TKKZQAF_b8C6_5XjOk5SfTOOqVEazh_\/view?usp=sharing\" target=\"_blank\" rel=\"noopener\">Th\u00f4ng b\u00e1o ch\u00ednh s\u00e1ch ti\u1ebfng Anh d\u00e0nh cho sinh vi\u00ean c\u00e1c kh\u00f3a 2014 &#8211; 2017<\/a><\/li>\n<li><a href=\"https:\/\/drive.google.com\/file\/d\/1KUL3Oy6IMgmFVx10y6pMIHbdV78lO8Rl\/view?usp=sharing\" target=\"_blank\" rel=\"noopener\">Quy \u0111\u1ecbnh h\u1ecdc &amp; chu\u1ea9n \u0111\u1ea7u ra ngo\u1ea1i ng\u1eef th\u1ee9 nh\u1ea5t t\u1eeb kh\u00f3a 2016 &#8211; 2017<\/a><\/li>\n<\/ul>\n<p><span style=\"color: #0000ff;\"><strong>4. Quy \u0111\u1ecbnh chu\u1ea9n \u0111\u1ea7u ra d\u00e0nh cho SV ng\u00e0nh Ng\u00f4n ng\u1eef Anh<\/strong><\/span><\/p>\n<ul>\n<li><a href=\"https:\/\/drive.google.com\/file\/d\/15GlnerHBVGTJ68M8OAz36WnUvbiG17Wo\/view?usp=sharing\" target=\"_blank\" rel=\"noopener\">QD 628_Chu\u1ea9n \u0111\u1ea7u ra ti\u1ebfng Anh ng\u00e0nh Ng\u00f4n ng\u1eef Anh_Kh\u00f3a 2022<\/a><\/li>\n<li><a href=\"https:\/\/drive.google.com\/file\/d\/1awj83bBSPk4bKiTbe0cvHRO-aedojdod\/view?usp=sharing\" target=\"_blank\" rel=\"noopener\">TB_63_<\/a><a href=\"https:\/\/drive.google.com\/file\/d\/15GlnerHBVGTJ68M8OAz36WnUvbiG17Wo\/view?usp=sharing\" target=\"_blank\" rel=\"noopener\">Chu\u1ea9n \u0111\u1ea7u ra ti\u1ebfng Anh ng\u00e0nh Ng\u00f4n ng\u1eef Anh_Kh\u00f3a<\/a><a href=\"https:\/\/drive.google.com\/file\/d\/1awj83bBSPk4bKiTbe0cvHRO-aedojdod\/view?usp=sharing\" target=\"_blank\" rel=\"noopener\"> 2022 (tr\u1edf v\u1ec1 tr\u01b0\u1edbc)<\/a><\/li>\n<\/ul>\n<p><span style=\"color: #0000ff;\"><strong>5. Quy \u0111\u1ecbnh v\u1ec1 ngo\u1ea1i ng\u1eef 2 trong ch\u01b0\u01a1ng tr\u00ecnh \u0111\u00e0o t\u1ea1o<\/strong><\/span><\/p>\n<ul>\n<li><a href=\"https:\/\/drive.google.com\/file\/d\/1DVRLu13OgWeeYWp-pFWwvvt_V19VrAKB\/view?usp=sharing\" target=\"_blank\" rel=\"noopener\">V2_Quy \u0111\u1ecbnh ngo\u1ea1i ng\u1eef 2_h\u1ec7 ch\u00ednh quy_Kh\u00f3a_2022_tr\u1edf v\u1ec1 sau (c\u1eadp nh\u1eadt l\u1ea7n 1)<\/a><\/li>\n<li><a href=\"https:\/\/drive.google.com\/file\/d\/1SC0JHLWWC911g52DSIW9wGglmJHEZ17W\/view?usp=sharing\" target=\"_blank\" rel=\"noopener\">QC-09. Quy \u0111\u1ecbnh h\u1ecdc ngo\u1ea1i ng\u1eef th\u1ee9 2 trong CT\u0110T ch\u00ednh quy h\u1ec7 t\u00edn ch\u1ec9 kh\u00f3a 2020,2021- Q\u0110 s\u1ed1 1706 ng\u00e0y 03.09.2020<\/a><\/li>\n<\/ul>\n<p><span style=\"color: #0000ff;\"><strong>6.\u00a0Quy \u0111\u1ecbnh kh\u00e1c<\/strong><\/span><\/p>\n<ul>\n<li><a href=\"https:\/\/drive.google.com\/file\/d\/1xCNN3IsraHE7mwrwElMWKdPlGOF94zBV\/view?usp=sharing\" target=\"_blank\" rel=\"noopener\">QC-14. Quy \u0111\u1ecbnh v\u1ec1 c\u00f4ng nh\u1eadn Th\u1ef1c t\u1eadp nh\u1eadn th\u1ee9c. d\u01b0\u1edbi h\u00ecnh th\u1ee9c t\u00edch l\u0169y-Q\u0110 335-01.03.2022<\/a><\/li>\n<li><a href=\"https:\/\/drive.google.com\/file\/d\/1tSnwsnFpWhpXdnpxF046JvMXDn0dmCmw\/view?usp=sharing\" target=\"_blank\" rel=\"noopener\">GDQP_Q\u0110 1032 ngay 24.05.2022 Ban h\u00e0nh Quy \u0111\u1ecbnh h\u1ecdc Gi\u00e1o d\u1ee5c qu\u1ed1c ph\u00f2ng &#8211; an ninh.<\/a><\/li>\n<li><a href=\"https:\/\/drive.google.com\/file\/d\/1QzhgBK8mLFL_YQFgm-PisefDgyN3cCAK\/view?usp=sharing\" target=\"_blank\" rel=\"noopener\">GDTC_22.09.27 &#8211; 2333 QD ban h\u00e0nh DCHP m\u1edbi- GDTC<\/a><\/li>\n<\/ul>\n\n\n<p><\/p>\n","protected":false},"excerpt":{"rendered":"<p>(L\u01b0u \u00fd: C\u1ed4NG TH\u00d4NG TIN N\u00c0Y D\u00c0NH RI\u00caNG CHO GI\u1ea2NG VI\u00caN C\u1ed0 V\u1ea4N H\u1eccC T\u1eacP (CVHT). 1. Quy ch\u1ebf c\u1ed1 v\u1ea5n h\u1ecdc t\u1eadp Quy ch\u1ebf C\u1ed1 v\u1ea5n h\u1ecdc t\u1eadp 2025 Quy tr\u00ecnh ph\u00e2n c\u00f4ng CVHT C\u00e1c h\u01b0\u1edbng d\u1eabn ch\u1ee9c n\u0103ng d\u00e0nh cho CVHT: H\u01b0\u1edbng d\u1eabn ch\u1ee9c n\u0103ng CRM d\u00e0nh cho CVHT H\u01b0\u1edbng d\u1eabn ch\u1ee9c n\u0103ng qu\u1ea3n l\u00fd KHHT-CN H\u01b0\u1edbng d\u1eabn ch\u1ee9c n\u0103ng ch\u0103m s\u00f3c sinh vi\u00ean H\u01b0\u1edbng d\u1eabn ch\u1ee9c n\u0103ng \u0111\u00e1nh gi\u00e1 C\u00f4ng t\u00e1c CVHT &amp; ghi nh\u1eadn bu\u1ed5i sinh ho\u1ea1t l\u1edbp. H\u01b0\u1edbng d\u1eabn xem FB CVHT C\u00e1c h\u01b0\u1edbng d\u1eabn ch\u1ee9c n\u0103ng d\u00e0nh cho Sinh vi\u00ean: H\u01b0\u1edbng d\u1eabn l\u1eadp KHHT-CN&#8230;<\/p>\n","protected":false},"author":71,"featured_media":0,"parent":843,"menu_order":0,"comment_status":"closed","ping_status":"closed","template":"","meta":{"footnotes":""},"class_list":["post-879","page","type-page","status-publish","hentry"],"acf":[],"_links":{"self":[{"href":"https:\/\/www.hoasen.edu.vn\/dtdh\/wp-json\/wp\/v2\/pages\/879","targetHints":{"allow":["GET"]}}],"collection":[{"href":"https:\/\/www.hoasen.edu.vn\/dtdh\/wp-json\/wp\/v2\/pages"}],"about":[{"href":"https:\/\/www.hoasen.edu.vn\/dtdh\/wp-json\/wp\/v2\/types\/page"}],"author":[{"embeddable":true,"href":"https:\/\/www.hoasen.edu.vn\/dtdh\/wp-json\/wp\/v2\/users\/71"}],"replies":[{"embeddable":true,"href":"https:\/\/www.hoasen.edu.vn\/dtdh\/wp-json\/wp\/v2\/comments?post=879"}],"version-history":[{"count":50,"href":"https:\/\/www.hoasen.edu.vn\/dtdh\/wp-json\/wp\/v2\/pages\/879\/revisions"}],"predecessor-version":[{"id":4877,"href":"https:\/\/www.hoasen.edu.vn\/dtdh\/wp-json\/wp\/v2\/pages\/879\/revisions\/4877"}],"up":[{"embeddable":true,"href":"https:\/\/www.hoasen.edu.vn\/dtdh\/wp-json\/wp\/v2\/pages\/843"}],"wp:attachment":[{"href":"https:\/\/www.hoasen.edu.vn\/dtdh\/wp-json\/wp\/v2\/media?parent=879"}],"curies":[{"name":"wp","href":"https:\/\/api.w.org\/{rel}","templated":true}]}}