{"id":831,"date":"2023-03-15T08:26:02","date_gmt":"2023-03-15T01:26:02","guid":{"rendered":"https:\/\/www.hoasen.edu.vn\/dtdh\/?page_id=831"},"modified":"2026-03-02T08:30:47","modified_gmt":"2026-03-02T01:30:47","slug":"thong-bao-tot-nghiep","status":"publish","type":"page","link":"https:\/\/www.hoasen.edu.vn\/dtdh\/thong-bao\/thong-bao-tot-nghiep\/","title":{"rendered":"Th\u00f4ng b\u00e1o t\u1ed1t nghi\u1ec7p"},"content":{"rendered":"\n<ol class=\"wp-block-list\">\n<li><a href=\"https:\/\/www.hoasen.edu.vn\/dtdh\/wp-content\/uploads\/sites\/28\/2026\/03\/TB-xet-tot-nghiep-Dot-1-va-Dot-2-Nam-2026.pdf\">Th\u00f4ng b\u00e1o v\u1ec1 vi\u1ec7c x\u00e9t t\u1ed1t nghi\u1ec7p \u0111\u1ee3t 1 v\u00e0 \u0111\u1ee3t 2 n\u0103m 2026<\/a><\/li>\n\n\n\n<li><a href=\"https:\/\/www.hoasen.edu.vn\/dtdh\/wp-content\/uploads\/sites\/28\/2025\/07\/TB-Xet-tot-nghiep-Dot-3-va-Dot-4-Nam-2025.pdf\">Th\u00f4ng b\u00e1o v\u1ec1 vi\u1ec7c x\u00e9t t\u1ed1t nghi\u1ec7p \u0111\u1ee3t 3 v\u00e0 \u0111\u1ee3t 4 n\u0103m 2025<\/a><\/li>\n\n\n\n<li><a href=\"https:\/\/www.hoasen.edu.vn\/dtdh\/wp-content\/uploads\/sites\/28\/2025\/02\/TB_xet-tot-nghiep-dot-1-va-dot-2-nam-2025-1.pdf\">Th\u00f4ng b\u00e1o v\u1ec1 vi\u1ec7c x\u00e9t t\u1ed1t nghi\u1ec7p \u0111\u1ee3t 1 v\u00e0 \u0111\u1ee3t 2 n\u0103m 2025<\/a><\/li>\n\n\n\n<li><a href=\"https:\/\/www.hoasen.edu.vn\/dtdh\/wp-content\/uploads\/sites\/28\/2024\/07\/TB-xet-tot-nghiep-Dot-3-va-Dot-4-Nam-2024.pdf\">Th\u00f4ng b\u00e1o v\u1ec1 vi\u1ec7c x\u00e9t t\u1ed1t nghi\u1ec7p \u0111\u1ee3t 3 v\u00e0 \u0111\u1ee3t 4 n\u0103m h\u1ecdc 2023-2024<\/a><\/li>\n\n\n\n<li><a href=\"https:\/\/www.hoasen.edu.vn\/dtdh\/wp-content\/uploads\/sites\/28\/2024\/01\/TB-xet-tot-nghiep-Dot-1-va-Dot-2-Nam-2024.pdf\">Th\u00f4ng b\u00e1o v\u1ec1 vi\u1ec7c x\u00e9t t\u1ed1t nghi\u1ec7p \u0111\u1ee3t 1 v\u00e0 \u0111\u1ee3t 2 n\u0103m 2024<\/a><\/li>\n\n\n\n<li><a href=\"https:\/\/www.hoasen.edu.vn\/dtdh\/wp-content\/uploads\/sites\/28\/2023\/12\/Thong-bao-nhan-bang-tot-nghiep-21-23.12.2023.pdf\">Th\u00f4ng b\u00e1o v\u1ec1 vi\u1ec7c nh\u1eadn B\u1eb1ng t\u1ed1t nghi\u1ec7p t\u1eeb 21\/12\/2023 \u0111\u1ebfn 23\/12\/2023<\/a><\/li>\n\n\n\n<li><a href=\"https:\/\/www.hoasen.edu.vn\/dtdh\/wp-content\/uploads\/sites\/28\/2023\/12\/Thong-bao-nhan-bang-tot-nghiep-07-09.12.23.pdf\" data-type=\"link\" data-id=\"https:\/\/www.hoasen.edu.vn\/dtdh\/wp-content\/uploads\/sites\/28\/2023\/12\/Thong-bao-nhan-bang-tot-nghiep-07-09.12.23.pdf\">Th\u00f4ng b\u00e1o v\u1ec1 vi\u1ec7c nh\u1eadn B\u1eb1ng t\u1ed1t nghi\u1ec7p t\u1eeb 07\/12\/2023 \u0111\u1ebfn 09\/12\/2023<\/a><\/li>\n\n\n\n<li><a href=\"https:\/\/www.hoasen.edu.vn\/dtdh\/wp-content\/uploads\/sites\/28\/2023\/11\/Thong-bao-xet-tot-nghiep-Dot-4-nam-2023-bo-sung.pdf\">Th\u00f4ng b\u00e1o 75 V\/v X\u00e9t t\u1ed1t nghi\u1ec7p \u0110\u1ee3t 4 N\u0103m 2023 (b\u1ed5 sung)<\/a><\/li>\n\n\n\n<li><a href=\"https:\/\/www.hoasen.edu.vn\/dtdh\/wp-content\/uploads\/sites\/28\/2023\/08\/TB_49_quy-dinh-hoc-tieng-anh-ngoai-ngu-2-va-chuan-dau-ra-tieng-anh-SV-cac-khoa-15.8.23.pdf\">Th\u00f4ng b\u00e1o 49 Quy \u0111\u1ecbnh h\u1ecdc ti\u1ebfng Anh, ngo\u1ea1i ng\u1eef 2 v\u00e0 chu\u1ea9n \u0111\u1ea7u ra ti\u1ebfng Anh SV c\u00e1c kh\u00f3a<\/a><\/li>\n\n\n\n<li><a href=\"https:\/\/www.hoasen.edu.vn\/dtdh\/wp-content\/uploads\/sites\/28\/2023\/07\/TB-41-v.v-Nop-bang-tot-nghiep-THPT-K2022.pdf\">Th\u00f4ng b\u00e1o v\u1ec1 vi\u1ec7c n\u1ed9p b\u1eb1ng t\u1ed1t nghi\u1ec7p Trung h\u1ecdc ph\u1ed5 th\u00f4ng T\u1eeb 17\/07 \u0111\u1ebfn 28\/07\/2023<\/a><\/li>\n\n\n\n<li><a href=\"https:\/\/www.hoasen.edu.vn\/dtdh\/wp-content\/uploads\/sites\/28\/2023\/07\/TB_xet-tot-nghiep-dot-3-va-dot-4-nam-2023-1.pdf\">Th\u00f4ng b\u00e1o v\u1ec1 vi\u1ec7c x\u00e9t t\u1ed1t nghi\u1ec7p \u0111\u1ee3t 3 v\u00e0 \u0111\u1ee3t 4 n\u0103m 2023<\/a><\/li>\n\n\n\n<li><a href=\"https:\/\/www.hoasen.edu.vn\/dtdh\/wp-content\/uploads\/sites\/28\/2023\/05\/Thong-bao-nhan-Bang-tot-nghiep.pdf\">Th\u00f4ng b\u00e1o v\u1ec1 vi\u1ec7c c\u1ea5p ph\u00e1t B\u1eb1ng t\u1ed1t nghi\u1ec7p t\u1eeb 31\/05\/2023 \u0111\u1ebfn 03\/06\/2023<\/a><\/li>\n<\/ol>\n","protected":false},"excerpt":{"rendered":"","protected":false},"author":71,"featured_media":453,"parent":931,"menu_order":0,"comment_status":"closed","ping_status":"closed","template":"","meta":{"footnotes":""},"class_list":["post-831","page","type-page","status-publish","has-post-thumbnail","hentry"],"acf":[],"_links":{"self":[{"href":"https:\/\/www.hoasen.edu.vn\/dtdh\/wp-json\/wp\/v2\/pages\/831","targetHints":{"allow":["GET"]}}],"collection":[{"href":"https:\/\/www.hoasen.edu.vn\/dtdh\/wp-json\/wp\/v2\/pages"}],"about":[{"href":"https:\/\/www.hoasen.edu.vn\/dtdh\/wp-json\/wp\/v2\/types\/page"}],"author":[{"embeddable":true,"href":"https:\/\/www.hoasen.edu.vn\/dtdh\/wp-json\/wp\/v2\/users\/71"}],"replies":[{"embeddable":true,"href":"https:\/\/www.hoasen.edu.vn\/dtdh\/wp-json\/wp\/v2\/comments?post=831"}],"version-history":[{"count":15,"href":"https:\/\/www.hoasen.edu.vn\/dtdh\/wp-json\/wp\/v2\/pages\/831\/revisions"}],"predecessor-version":[{"id":5184,"href":"https:\/\/www.hoasen.edu.vn\/dtdh\/wp-json\/wp\/v2\/pages\/831\/revisions\/5184"}],"up":[{"embeddable":true,"href":"https:\/\/www.hoasen.edu.vn\/dtdh\/wp-json\/wp\/v2\/pages\/931"}],"wp:featuredmedia":[{"embeddable":true,"href":"https:\/\/www.hoasen.edu.vn\/dtdh\/wp-json\/wp\/v2\/media\/453"}],"wp:attachment":[{"href":"https:\/\/www.hoasen.edu.vn\/dtdh\/wp-json\/wp\/v2\/media?parent=831"}],"curies":[{"name":"wp","href":"https:\/\/api.w.org\/{rel}","templated":true}]}}