{"id":827,"date":"2023-03-15T08:25:32","date_gmt":"2023-03-15T01:25:32","guid":{"rendered":"https:\/\/www.hoasen.edu.vn\/dtdh\/?page_id=827"},"modified":"2025-08-15T08:03:32","modified_gmt":"2025-08-15T01:03:32","slug":"thong-bao-day-hoc","status":"publish","type":"page","link":"https:\/\/www.hoasen.edu.vn\/dtdh\/thong-bao\/thong-bao-day-hoc\/","title":{"rendered":"Th\u00f4ng b\u00e1o D\u1ea1y &#8211; H\u1ecdc"},"content":{"rendered":"\n<p><\/p>\n\n\n\n<ol class=\"wp-block-list\">\n<li><a href=\"https:\/\/www.hoasen.edu.vn\/dtdh\/wp-content\/uploads\/sites\/28\/2025\/08\/TB_vv-Nghi-Le-Quoc-khanh-02.09-nam-2025-1.pdf\">Th\u00f4ng\u00a0b\u00e1o\u00a0s\u1ed1\u00a061\/TB-\u0110T\u0110H\u00a0v\u1ec1 vi\u1ec7c ngh\u1ec9 L\u1ec5 Qu\u1ed1c kh\u00e1nh n\u0103m 2025 v\u00e0 duy tr\u00ec vi\u1ec7c d\u1ea1y &#8211; h\u1ecdc, thi tr\u01b0\u1edbc v\u00e0 sau ngh\u1ec9 L\u1ec5<\/a><\/li>\n\n\n\n<li><a href=\"https:\/\/www.hoasen.edu.vn\/dtdh\/wp-content\/uploads\/sites\/28\/2025\/04\/TB-Vv-nghi-team-building-02-ngay-2021.6-va-KH-day-bu-cac-ngay-nghi-Le-trong-HK2-nam-hoc-2024-2025.pdf\">Th\u00f4ng b\u00e1o v\u1ec1 vi\u1ec7c ngh\u1ec9 02 ng\u00e0y \u0111\u1ec3 th\u1ef1c hi\u1ec7n team building cho Gi\u1ea3ng vi\u00ean v\u00e0 Nh\u00e2n vi\u00ean c\u1ee7a Tr\u01b0\u1eddng v\u00e0 k\u1ebf ho\u1ea1ch d\u1ea1y b\u00f9 c\u00e1c ng\u00e0y ngh\u1ec9 L\u1ec5 trong H\u1ecdc k\u1ef3 2 N\u0103m h\u1ecdc 2024 &#8211; 2025<\/a><\/li>\n\n\n\n<li><a href=\"https:\/\/www.hoasen.edu.vn\/dtdh\/wp-content\/uploads\/sites\/28\/2025\/04\/TB-vv-nghi-Le-Gio-To-Hung-Vuong-Le-30.4-va-01.5.2025.pdf\">Th\u00f4ng b\u00e1o ngh\u1ec9 L\u1ec5 Gi\u1ed7 T\u1ed5 H\u00f9ng V\u01b0\u01a1ng, L\u1ec5 30.04 v\u00e0 01.05 n\u0103m 2025<\/a><\/li>\n\n\n\n<li><a href=\"https:\/\/www.hoasen.edu.vn\/dtdh\/wp-content\/uploads\/sites\/28\/2024\/10\/Thong-bao-vv-Day-hoc-HK-2431-danh-cho-TSV-K24.pdf\">Th\u00f4ng b\u00e1o V\/v D\u1ea1y &#8211; H\u1ecdc H\u1ecdc k\u1ef3 1 N\u0103m h\u1ecdc 2024 &#8211; 2025 D\u00e0nh cho T\u00e2n Sinh vi\u00ean Kh\u00f3a 2024 (tr\u1eeb Sinh vi\u00ean h\u1ecdc v\u1edbi kh\u00f3a c\u0169 v\u00e0 mi\u1ec5n h\u1ecdc ph\u1ea7n)<\/a><\/li>\n\n\n\n<li><a href=\"https:\/\/www.hoasen.edu.vn\/dtdh\/wp-content\/uploads\/sites\/28\/2024\/07\/TB-47_ve-viec-thuc-hien-danh-gia-lien-tuc-kiem-tra-thi-HK-He-NH-2023-2024.pdf\">Th\u00f4ng b\u00e1o v\u1ec1 vi\u1ec7c th\u1ef1c hi\u1ec7n \u0111\u00e1nh gi\u00e1 li\u00ean t\u1ee5c &#8211; ki\u1ec3m tra &#8211; thi H\u1ecdc k\u1ef3 H\u00e8 N\u0103m h\u1ecdc 2023-2024<\/a><\/li>\n\n\n\n<li><a href=\"https:\/\/www.hoasen.edu.vn\/dtdh\/wp-content\/uploads\/sites\/28\/2023\/12\/Thong-bao-V.v-nghi-Tet-Duong-lich-va-Tet-Nguyen-dan-nam-2024.pdf\">Th\u00f4ng b\u00e1o v\u1ec1 vi\u1ec7c ngh\u1ec9 T\u1ebft D\u01b0\u01a1ng l\u1ecbch v\u00e0 T\u1ebft Nguy\u00ean \u0111\u00e1n N\u0103m 2024<\/a><\/li>\n\n\n\n<li><a href=\"https:\/\/www.hoasen.edu.vn\/dtdh\/wp-content\/uploads\/sites\/28\/2023\/12\/Thong-bao-vv-duy-tri-viec-day-hoc-Le-Giang-sinh-nam-2023.pdf\">Th\u00f4ng b\u00e1o v\u1ec1 vi\u1ec7c duy tr\u00ec ho\u1ea1t \u0111\u1ed9ng d\u1ea1y \u2013 h\u1ecdc v\u00e0o ng\u00e0y L\u1ec5 Gi\u00e1ng sinh n\u0103m 2023<\/a><\/li>\n\n\n\n<li><a href=\"https:\/\/www.hoasen.edu.vn\/dtdh\/wp-content\/uploads\/sites\/28\/2023\/11\/TB_80_Thong-bao-ve-thoi-gian-hoc-toi-da-va-canh-bao-buoc-thoi-hoc-doi-voi-sinh-vien-Khoa-2019-1.pdf\">Th\u00f4ng b\u00e1o 80 V\/v Th\u1eddi gian h\u1ecdc t\u1ed1i \u0111a v\u00e0 c\u1ea3nh b\u00e1o bu\u1ed9c th\u00f4i h\u1ecdc khi h\u1ebft th\u1eddi gian h\u1ecdc t\u1ed1i \u0111a \u0111\u1ed1i  v\u1edbi sinh vi\u00ean Kh\u00f3a 2019 <\/a><\/li>\n\n\n\n<li><a href=\"https:\/\/www.hoasen.edu.vn\/dtdh\/wp-content\/uploads\/sites\/28\/2023\/11\/TB_79_Thong-bao-ve-canh-bao-buoc-thoi-thoc-sinh-vien-Khoa-2016-khi-het-thoi-gian-dao-tao-1.pdf\">Th\u00f4ng b\u00e1o 79 V\/v C\u1ea3nh b\u00e1o bu\u1ed9c th\u00f4i h\u1ecdc Sinh vi\u00ean b\u1eadc \u0110\u1ea1i h\u1ecdc Kh\u00f3a 2016 khi h\u1ebft th\u1eddi gian \u0111\u00e0o t\u1ea1o<\/a><\/li>\n\n\n\n<li><a href=\"https:\/\/www.hoasen.edu.vn\/dtdh\/wp-content\/uploads\/sites\/28\/2023\/10\/TB_66_Thong-bao-ve-nop-chung-chi-quoc-te-de-xet-mien-ngoai-ngu-2-chuan-dau-ra-nganh-Ngon-ngu-Anh_Khoa-2023.pdf\">Th\u00f4ng b\u00e1o 66 V\/v n\u1ed9p ch\u1ee9ng ch\u1ec9 qu\u1ed1c t\u1ebf \u0111\u1ec3 x\u00e9t mi\u1ec5n Ngo\u1ea1i ng\u1eef 2, chu\u1ea9n \u0111\u1ea7u ra ng\u00e0nh Ng\u00f4n ng\u1eef Anh_ Kh\u00f3a 2023<\/a><\/li>\n\n\n\n<li><a href=\"https:\/\/www.hoasen.edu.vn\/dtdh\/wp-content\/uploads\/sites\/28\/2023\/10\/TB_65_Thong-bao-ve-thoi-han-nop-chung-chi-ngoai-ngu-de-xet-mien-cac-HP-Ngoai-ngu-2_nganh-khong-chuyen-ngu-Khoa-2023-1.pdf\">Th\u00f4ng b\u00e1o 65 V\/v th\u1eddi h\u1ea1n n\u1ed9p ch\u1ee9ng ch\u1ec9 ngo\u1ea1i ng\u1eef \u0111\u1ec3 x\u00e9t mi\u1ec5n c\u00e1c HP Ngo\u1ea1i ng\u1eef 2_ ng\u00e0nh kh\u00f4ng chuy\u00ean ng\u1eef Kh\u00f3a 2023<\/a><\/li>\n\n\n\n<li><a href=\"https:\/\/www.hoasen.edu.vn\/dtdh\/wp-content\/uploads\/sites\/28\/2023\/10\/TB_64_Thong-bao-ve-nop-chung-chi-quoc-te-tieng-Anh-de-xet-mien-HP-EII_nganh-khong-chuyen-ngu_Khoa-2023-1.pdf\">Th\u00f4ng b\u00e1o 64 V\/v n\u1ed9p ch\u1ee9ng ch\u1ec9 qu\u1ed1c t\u1ebf ti\u1ebfng Anh \u0111\u1ec3 x\u00e9t mi\u1ebfn HP EII ng\u00e0nh kh\u00f4ng chuy\u00ean ng\u1eef_ Kh\u00f3a 2023<\/a><\/li>\n\n\n\n<li><a href=\"https:\/\/www.hoasen.edu.vn\/dtdh\/wp-content\/uploads\/sites\/28\/2023\/10\/THONG-BAO-Ve-viec-Day-Hoc-Hoc-ky-1-Nam-hoc-2023-2024-Danh-cho-Tan-Sinh-vien-Khoa-2023-tru-Sinh-vien-hoc-voi-khoa-cu-va-mien-hoc-phan.pdf\">Th\u00f4ng b\u00e1o V\/v D\u1ea1y &#8211; H\u1ecdc H\u1ecdc k\u1ef3 1 N\u0103m h\u1ecdc 2023 &#8211; 2024 D\u00e0nh cho T\u00e2n Sinh vi\u00ean Kh\u00f3a 2023 (tr\u1eeb Sinh vi\u00ean h\u1ecdc v\u1edbi kh\u00f3a c\u0169 v\u00e0 mi\u1ec5n h\u1ecdc ph\u1ea7n)<\/a><\/li>\n\n\n\n<li><a href=\"https:\/\/www.hoasen.edu.vn\/dtdh\/wp-content\/uploads\/sites\/28\/2023\/09\/Thong-bao-Ve-viec-Day-Hoc-va-Diem-danh-trong-HK-1-Nam-hoc-2023-2024.pdf\">Th\u00f4ng b\u00e1o V\/v D\u1ea1y &#8211; H\u1ecdc v\u00e0 \u0111i\u1ec3m danh h\u1ecdc k\u1ef3 1 N\u0103m h\u1ecdc 2023-2024<\/a><\/li>\n\n\n\n<li><a href=\"https:\/\/www.hoasen.edu.vn\/dtdh\/wp-content\/uploads\/sites\/28\/2023\/08\/Thong-bao-nghi-le-2-9-2023.pdf\">Th\u00f4ng b\u00e1o V\u1ec1 vi\u1ec7c ngh\u1ec9 L\u1ec5 Qu\u1ed1c kh\u00e1nh 02\/9\/2023<\/a><\/li>\n\n\n\n<li><a href=\"https:\/\/www.hoasen.edu.vn\/dtdh\/wp-content\/uploads\/sites\/28\/2023\/08\/10.08.2023-TB_48-buoc-thoi-hoc-Sinh-vien-bac-Dai-hoc-Khoa-2017-da-het-thoi-gian-hoc-toi-da.pdf\" target=\"_blank\" rel=\"noreferrer noopener\">Th\u00f4ng b\u00e1o V\/v bu\u1ed9c th\u00f4i h\u1ecdc Sinh vi\u00ean b\u1eadc \u0110\u1ea1i h\u1ecdc Kh\u00f3a 2017 \u0111\u00e3 h\u1ebft th\u1eddi gian h\u1ecdc t\u1ed1i \u0111a<\/a><\/li>\n\n\n\n<li><a href=\"https:\/\/www.hoasen.edu.vn\/dtdh\/wp-content\/uploads\/sites\/28\/2023\/07\/Thong-bao-ve-viec-Day-Hoc-Hoc-ky-he-NH-22-23.pdf\" target=\"_blank\" rel=\"noreferrer noopener\">Th\u00f4ng b\u00e1o v\u1ec1 vi\u1ec7c D\u1ea1y &#8211; H\u1ecdc v\u00e0 \u0110i<\/a>\u1ec3<a href=\"https:\/\/www.hoasen.edu.vn\/dtdh\/wp-content\/uploads\/sites\/28\/2023\/07\/Thong-bao-ve-viec-Day-Hoc-Hoc-ky-he-NH-22-23.pdf\" target=\"_blank\" rel=\"noreferrer noopener\">m danh H\u1ecdc k\u1ef3 H\u00e8 N\u0103m h\u1ecdc 2022 &#8211; 2023<\/a><\/li>\n\n\n\n<li><a href=\"https:\/\/www.hoasen.edu.vn\/dtdh\/wp-content\/uploads\/sites\/28\/2023\/04\/Thong-bao-Ve-viec-nghi-Le-Gio-To-Hung-Vuong-Le-30.4-va-01.5-nam-2023.pdf\">Th\u00f4ng b\u00e1o V\u1ec1 vi\u1ec7c ngh\u1ec9 L\u1ec5 Gi\u1ed7 T\u1ed5 H\u00f9ng V\u01b0\u01a1ng, L\u1ec5 30\/4 v\u00e0 01\/5 n\u0103m 2023<\/a><\/li>\n\n\n\n<li><a href=\"https:\/\/www.hoasen.edu.vn\/dtdh\/wp-content\/uploads\/sites\/28\/2023\/03\/Thong-bao-Ve-viec-Day-Hoc-Kiem-tra-Thi-Hoc-ky-2-Nam-hoc-2022-2023..pdf\">Th\u00f4ng b\u00e1o v\u1ec1 vi\u1ec7c d\u1ea1y \u2013 h\u1ecdc \u2013 ki\u1ec3m tra \u2013 thi H\u1ecdc k\u1ef3 2 N\u0103m h\u1ecdc 2022 \u2013 2023<\/a><\/li>\n<\/ol>\n","protected":false},"excerpt":{"rendered":"","protected":false},"author":71,"featured_media":450,"parent":931,"menu_order":1,"comment_status":"closed","ping_status":"closed","template":"","meta":{"footnotes":""},"class_list":["post-827","page","type-page","status-publish","has-post-thumbnail","hentry"],"acf":[],"_links":{"self":[{"href":"https:\/\/www.hoasen.edu.vn\/dtdh\/wp-json\/wp\/v2\/pages\/827","targetHints":{"allow":["GET"]}}],"collection":[{"href":"https:\/\/www.hoasen.edu.vn\/dtdh\/wp-json\/wp\/v2\/pages"}],"about":[{"href":"https:\/\/www.hoasen.edu.vn\/dtdh\/wp-json\/wp\/v2\/types\/page"}],"author":[{"embeddable":true,"href":"https:\/\/www.hoasen.edu.vn\/dtdh\/wp-json\/wp\/v2\/users\/71"}],"replies":[{"embeddable":true,"href":"https:\/\/www.hoasen.edu.vn\/dtdh\/wp-json\/wp\/v2\/comments?post=827"}],"version-history":[{"count":24,"href":"https:\/\/www.hoasen.edu.vn\/dtdh\/wp-json\/wp\/v2\/pages\/827\/revisions"}],"predecessor-version":[{"id":3548,"href":"https:\/\/www.hoasen.edu.vn\/dtdh\/wp-json\/wp\/v2\/pages\/827\/revisions\/3548"}],"up":[{"embeddable":true,"href":"https:\/\/www.hoasen.edu.vn\/dtdh\/wp-json\/wp\/v2\/pages\/931"}],"wp:featuredmedia":[{"embeddable":true,"href":"https:\/\/www.hoasen.edu.vn\/dtdh\/wp-json\/wp\/v2\/media\/450"}],"wp:attachment":[{"href":"https:\/\/www.hoasen.edu.vn\/dtdh\/wp-json\/wp\/v2\/media?parent=827"}],"curies":[{"name":"wp","href":"https:\/\/api.w.org\/{rel}","templated":true}]}}