{"id":823,"date":"2023-03-15T08:24:00","date_gmt":"2023-03-15T01:24:00","guid":{"rendered":"https:\/\/www.hoasen.edu.vn\/dtdh\/?page_id=823"},"modified":"2026-04-07T11:31:20","modified_gmt":"2026-04-07T04:31:20","slug":"thong-bao-dang-ky-hoc-phan","status":"publish","type":"page","link":"https:\/\/www.hoasen.edu.vn\/dtdh\/thong-bao\/thong-bao-dang-ky-hoc-phan\/","title":{"rendered":"Th\u00f4ng b\u00e1o \u0110\u0103ng k\u00fd h\u1ecdc ph\u1ea7n"},"content":{"rendered":"\n<p><\/p>\n\n\n\n<ol class=\"wp-block-list\">\n<li><a href=\"https:\/\/www.hoasen.edu.vn\/dtdh\/wp-content\/uploads\/sites\/28\/2026\/04\/TB.pdf\">Th\u00f4ng b\u00e1o v\u1ec1 vi\u1ec7c \u0111i\u1ec1u ch\u1ec9nh k\u1ebf ho\u1ea1ch h\u1ecdc t\u1eadp c\u00e1 nh\u00e2n H\u1ecdc k\u1ef3 H\u00e8 n\u0103m h\u1ecdc 2025 -2026<\/a><\/li>\n\n\n\n<li><a href=\"https:\/\/www.hoasen.edu.vn\/dtdh\/wp-content\/uploads\/sites\/28\/2026\/03\/TB-LHP-bi-huy-do-ss-nho-Hk-2-Nam-2025-2026.pdf\">Th\u00f4ng b\u00e1o v\u1ec1 vi\u1ec7c h\u1ee7y c\u00e1c l\u1edbp h\u1ecdc ph\u1ea7n v\u00e0 danh s\u00e1ch sinh vi\u00ean b\u1ecb h\u1ee7y do s\u0129 s\u1ed1 nh\u1ecf H\u1ecdc k\u1ef3 2 N\u0103m h\u1ecdc 2025 -2026<\/a><\/li>\n\n\n\n<li><a href=\"https:\/\/www.hoasen.edu.vn\/dtdh\/wp-content\/uploads\/sites\/28\/2026\/01\/TB-DKHP-HK-2-ghep.pdf\">Th\u00f4ng b\u00e1o v\u1ec1 vi\u1ec7c \u0111\u0103ng k\u00fd h\u1ecdc ph\u1ea7n v\u00e0 \u0111\u00f3ng h\u1ecdc ph\u00ed H\u1ecdc k\u1ef3 2 N\u0103m h\u1ecdc 2025 -2026<\/a><\/li>\n\n\n\n<li><a href=\"https:\/\/www.hoasen.edu.vn\/dtdh\/wp-content\/uploads\/sites\/28\/2026\/01\/DS-LHP-va-DSSV-bi-huy-do-ss-nho-HK-Tet.pdf\">Th\u00f4ng b\u00e1o l\u1edbp h\u1ecdc ph\u1ea7n v\u00e0 danh s\u00e1ch sinh vi\u00ean b\u1ecb h\u1ee7y do s\u0129 s\u1ed1 nh\u1ecf H\u1ecdc k\u1ef3&nbsp;T\u1ebft N\u0103m h\u1ecdc 2025 -2026<\/a><\/li>\n\n\n\n<li><a href=\"https:\/\/www.hoasen.edu.vn\/dtdh\/wp-content\/uploads\/sites\/28\/2025\/11\/TB-dang-ky-hoc-phan-va-dong-hoc-phi-HK-Tet-2025-2026.-ghep.pdf\">Th\u00f4ng b\u00e1o \u0111\u0103ng k\u00fd h\u1ecdc ph\u1ea7n v\u00e0 \u0111\u00f3ng h\u1ecdc ph\u00ed H\u1ecdc k\u1ef3 T\u1ebft N\u0103m h\u1ecdc 2025-2026<\/a><\/li>\n\n\n\n<li><a href=\"https:\/\/www.hoasen.edu.vn\/dtdh\/wp-content\/uploads\/sites\/28\/2025\/11\/TB-lap-dieu-chinh-khht-ca-nhan-HK-2-ghep.pdf\">Th\u00f4ng b\u00e1o \u0111i\u1ec1u ch\u1ec9nh k\u1ebf ho\u1ea1ch h\u1ecdc t\u1eadp c\u00e1 nh\u00e2n \u0111\u1ec3 chu\u1ea9n b\u1ecb \u0111\u0103ng k\u00fd h\u1ecdc ph\u1ea7n H\u1ecdc k\u1ef3 2 N\u0103m h\u1ecdc 2025-2026<\/a><\/li>\n\n\n\n<li><a href=\"https:\/\/www.hoasen.edu.vn\/dtdh\/wp-content\/uploads\/sites\/28\/2025\/10\/TB-Vv-lap-dieu-chinh-va-duyet-KHHT-CN_HK-Tet-2025-2026.-web.pdf\">Th\u00f4ng b\u00e1o l\u1eadp, \u0111i\u1ec1u ch\u1ec9nh k\u1ebf ho\u1ea1ch h\u1ecdc t\u1eadp c\u00e1 nh\u00e2n H\u1ecdc k\u1ef3 T\u1ebft N\u0103m h\u1ecdc 2025 -2026 (m\u00e3 h\u1ecdc k\u1ef3 2532)<\/a><\/li>\n\n\n\n<li><a href=\"#\">Th\u00f4ng b\u00e1o v\u1ec1 vi\u1ec7c h\u01b0\u1edbng d\u1eabn t\u00e2n sinh vi\u00ean Kh\u00f3a 2025 tra c\u1ee9u th\u1eddi kh\u00f3a bi\u1ec3u<\/a>: <strong><a href=\"https:\/\/www.hoasen.edu.vn\/dtdh\/wp-content\/uploads\/sites\/28\/2025\/10\/Thong-bao-ve-viec-huong-dan-tan-sinh-vien-Khoa-2025-tra-cuu-thoi-khoa-bieu.pdf\">Xem file PDF<\/a> \/ <a href=\"https:\/\/www.hoasen.edu.vn\/dtdh\/wp-content\/uploads\/sites\/28\/2025\/10\/Video-huong-dan-SV-xem-TKB-tren-app-HS.mp4\">Xem video tr\u00ean APP<\/a> \/ <a href=\"https:\/\/www.hoasen.edu.vn\/dtdh\/wp-content\/uploads\/sites\/28\/2025\/10\/Video-huong-dan-SV-xem-TKB-tren-Cong-thong-tin-SV.mp4\">Xem video tr\u00ean c\u1ed5ng th\u00f4ng tin SV<\/a><\/strong><\/li>\n\n\n\n<li><a href=\"https:\/\/www.hoasen.edu.vn\/dtdh\/wp-content\/uploads\/sites\/28\/2025\/10\/Thong-bao-lop-hoc-phan-va-danh-sach-sinh-vien-bi-huy-do-si-so-nho-Hoc-ky-1-Nam-hoc-2025-2026-ma-hoc-ky-2531.pdf\">Th\u00f4ng b\u00e1o l\u1edbp h\u1ecdc ph\u1ea7n v\u00e0 danh s\u00e1ch sinh vi\u00ean b\u1ecb h\u1ee7y do s\u0129 s\u1ed1 nh\u1ecf H\u1ecdc k\u1ef3 1 N\u0103m h\u1ecdc 2025 -2026 ( m\u00e3 h\u1ecdc k\u1ef3 2531)<\/a><\/li>\n\n\n\n<li><a href=\"https:\/\/www.hoasen.edu.vn\/dtdh\/wp-content\/uploads\/sites\/28\/2025\/07\/TB-dang-ky-hoc-phan-va-dong-hoc-phi-HK-1-va.pdf\">Th\u00f4ng b\u00e1o v\u1ec1 vi\u1ec7c \u0111\u0103ng k\u00fd h\u1ecdc ph\u1ea7n v\u00e0 \u0111\u00f3ng h\u1ecdc ph\u00ed H\u1ecdc k\u1ef3 1 N\u0103m h\u1ecdc 2025 -2026 m\u00e3 h\u1ecdc k\u1ef3 2531<\/a><\/li>\n\n\n\n<li><a href=\"https:\/\/www.hoasen.edu.vn\/dtdh\/wp-content\/uploads\/sites\/28\/2025\/07\/DS-LHP-va-DSSV-GDTC-bi-huy-do-ss-nho.pdf\">Th\u00f4ng b\u00e1o l\u1edbp h\u1ecdc ph\u1ea7n v\u00e0 danh s\u00e1ch sinh vi\u00ean thu\u1ed9c Ch\u01b0\u01a1ng tr\u00ecnh Gi\u00e1o d\u1ee5c th\u1ec3 ch\u1ea5t b\u1ecb h\u1ee7y do s\u0129 s\u1ed1 nh\u1ecf H\u1ecdc k\u1ef3 H\u00e8 N\u0103m h\u1ecdc 2024 -2025<\/a><\/li>\n\n\n\n<li><a href=\"https:\/\/www.hoasen.edu.vn\/dtdh\/wp-content\/uploads\/sites\/28\/2025\/07\/DS-LHP-va-DSSV-bi-huy-do-ss-nho-HK-He-NH-2024-2025.pdf\">Th\u00f4ng b\u00e1o l\u1edbp h\u1ecdc ph\u1ea7n v\u00e0 danh s\u00e1ch sinh vi\u00ean b\u1ecb h\u1ee7y do s\u0129 s\u1ed1 nh\u1ecf H\u1ecdc k\u1ef3 H\u00e8 N\u0103m h\u1ecdc 2024 -2025<\/a><\/li>\n\n\n\n<li><a href=\"https:\/\/www.hoasen.edu.vn\/dtdh\/wp-content\/uploads\/sites\/28\/2025\/06\/TB-dang-ky-hoc-phan-va-dong-hoc-phi-HK-He-NH-2024-2025-da-gop.pdf\">Th\u00f4ng b\u00e1o v\u1ec1 vi\u1ec7c \u0111\u0103ng k\u00fd h\u1ecdc ph\u1ea7n v\u00e0 \u0111\u00f3ng h\u1ecdc ph\u00ed H\u1ecdc k\u1ef3 H\u00e8 N\u0103m h\u1ecdc 2024 &#8211; 2025<\/a><\/li>\n\n\n\n<li><a href=\"https:\/\/www.hoasen.edu.vn\/dtdh\/wp-content\/uploads\/sites\/28\/2025\/04\/TB-28-lap-KHHT-ca-nhan-2434.pdf\">Th\u00f4ng b\u00e1o l\u1eadp\/\u0111i\u1ec1u ch\u1ec9nh k\u1ebf ho\u1ea1ch h\u1ecdc t\u1eadp c\u00e1 nh\u00e2n H\u1ecdc k\u1ef3 H\u00e8 N\u0103m h\u1ecdc 2024 &#8211; 2025, m\u00e3 h\u1ecdc k\u1ef3 2434<\/a><\/li>\n\n\n\n<li><a href=\"https:\/\/www.hoasen.edu.vn\/dtdh\/wp-content\/uploads\/sites\/28\/2025\/03\/Danh-sach-lhp-va-dssv-bi-huy-do-ss-nho.pdf\">Th\u00f4ng b\u00e1o l\u1edbp h\u1ecdc ph\u1ea7n v\u00e0 danh s\u00e1ch sinh vi\u00ean b\u1ecb h\u1ee7y do s\u1ec9 s\u1ed1 nh\u1ecf sau \u0111\u1ee3t b\u1ed5 sung HK 2 N\u0103m h\u1ecdc 2024 &#8211; 2025 ( m\u00e3 h\u1ecdc k\u1ef3 2433)<\/a><\/li>\n\n\n\n<li><a href=\"https:\/\/www.hoasen.edu.vn\/dtdh\/wp-content\/uploads\/sites\/28\/2025\/03\/DS-LOP-HP-KHONG-DUOC-MO-DO-SS-NHO-Dot-Chinh-HK-2-NAM-HOC-2024-2025-da-gop-1.pdf\">Th\u00f4ng b\u00e1o v\u1ec1 danh s\u00e1ch l\u1edbp h\u1ecdc ph\u1ea7n v\u00e0 danh s\u00e1ch sinh vi\u00ean b\u1ecb h\u1ee7y do s\u1ec9 s\u1ed1 nh\u1ecf \u0111\u1ee3t ch\u00ednh HK 2 N\u0103m h\u1ecdc 2024- 2025<\/a><\/li>\n\n\n\n<li><a href=\"https:\/\/www.hoasen.edu.vn\/dtdh\/wp-content\/uploads\/sites\/28\/2025\/02\/TB-DKHP-va-dong-hoc-phi-HK-2-NH-2024-2025-ghep-file.pdf\">Th\u00f4ng b\u00e1o v\u1ec1 vi\u1ec7c \u0111\u0103ng k\u00fd h\u1ecdc ph\u1ea7n v\u00e0 \u0111\u00f3ng h\u1ecdc ph\u00ed HK 2 N\u0103m h\u1ecdc 2024- 2025<\/a><\/li>\n\n\n\n<li><a href=\"https:\/\/www.hoasen.edu.vn\/dtdh\/wp-content\/uploads\/sites\/28\/2025\/02\/2025.01.06-TB-dieu-chinh-ke-hoach-hoc-tap-ca-nhan-HK-2-Nh-2024-2025-va-ds-LHP-du-kien-mo-Final.pdf\">Th\u00f4ng b\u00e1o l\u1eadp\/\u0111i\u1ec1u ch\u1ec9nh k\u1ebf ho\u1ea1ch h\u1ecdc t\u1eadp c\u00e1 nh\u00e2n \u0111\u1ec3 chu\u1ea9n b\u1ecb \u0111\u0103ng k\u00fd h\u1ecdc ph\u1ea7n v\u00e0 danh s\u00e1ch l\u1edbp h\u1ecdc ph\u1ea7n d\u1ef1 ki\u1ebfn m\u1edf \u1edf HK 2 N\u0103m h\u1ecdc 2024 &#8211; 2025<\/a><\/li>\n\n\n\n<li><a href=\"https:\/\/www.hoasen.edu.vn\/dtdh\/wp-content\/uploads\/sites\/28\/2024\/12\/Ds-LHP-va-DSSV-bi-huy-do-ss-nho-nam-hoc-24.25-Hk-tet.pdf\">Th\u00f4ng b\u00e1o l\u1edbp h\u1ecdc ph\u1ea7n v\u00e0 danh s\u00e1ch sinh vi\u00ean b\u1ecb h\u1ee7y do s\u0129 s\u1ed1 nh\u1ecf \u0111\u1ee3t ch\u00ednh d\u00e0nh cho Kh\u00f3a 2023 tr\u1edf v\u1ec1 tr\u01b0\u1edbc, HK T\u1ebft (M\u00e3 h\u1ecdc k\u1ef3 2432)<\/a><\/li>\n\n\n\n<li><a href=\"https:\/\/www.hoasen.edu.vn\/dtdh\/wp-content\/uploads\/sites\/28\/2024\/12\/2024.12.18-TB-V.v-xem-TKB-HK-Tet-Khoa-2024-2432-ghep.pdf\">Th\u00f4ng b\u00e1o v\u1ec1 vi\u1ec7c xem th\u1eddi kh\u00f3a bi\u1ec3u H\u1ecdc k\u1ef3 T\u1ebft v\u00e0 \u0111\u0103ng k\u00fd h\u1ecdc ph\u1ea7n t\u1ef1 ch\u1ecdn Gi\u00e1o d\u1ee5c th\u1ec3 ch\u1ea5t d\u00e0nh cho sinh vi\u00ean Kh\u00f3a 2024<\/a><\/li>\n\n\n\n<li><a href=\"https:\/\/www.hoasen.edu.vn\/dtdh\/wp-content\/uploads\/sites\/28\/2024\/11\/TB-ve-viec-dkhp-HK-TET-NH-2024-25-ghep.pdf\">Th\u00f4ng b\u00e1o v\u1ec1 vi\u1ec7c \u0111\u0103ng k\u00fd h\u1ecdc ph\u1ea7n v\u00e0 \u0111\u00f3ng h\u1ecdc ph\u00ed H\u1ecdc k\u1ef3 T\u1ebft N\u0103m h\u1ecdc 2024-2025<\/a><\/li>\n\n\n\n<li><a href=\"https:\/\/www.hoasen.edu.vn\/dtdh\/wp-content\/uploads\/sites\/28\/2024\/09\/2024.09.10-DS-LHP-va-SV-bi-huy-do-ss-nho-nam-hoc-2024-2025.pdf\">Th\u00f4ng b\u00e1o danh s\u00e1ch l\u1edbp h\u1ecdc ph\u1ea7n v\u00e0 danh s\u00e1ch sinh vi\u00ean b\u1ecb h\u1ee7y do s\u0129 s\u1ed1 nh\u1ecf \u0111\u1ee3t b\u1ed5 sung H\u1ecdc k\u1ef3 1 N\u0103m h\u1ecdc 2024 &#8211; 2025<\/a><\/li>\n\n\n\n<li><a href=\"https:\/\/drive.google.com\/file\/d\/1jx3ys-ieXQHSKYRV-GgXxBEM3ak_gRy-\/view?usp=sharing\" target=\"_blank\" rel=\"noopener\">Th\u00f4ng b\u00e1o danh s\u00e1ch l\u1edbp h\u1ecdc ph\u1ea7n v\u00e0 sinh vi\u00ean b\u1ecb h\u1ee7y do s\u1ec9 s\u1ed1 nh\u1ecf \u0111\u1ee3t ch\u00ednh HK 1 N\u0103m h\u1ecdc 2024 &#8211; 2025<\/a><\/li>\n\n\n\n<li><a href=\"https:\/\/www.hoasen.edu.vn\/dtdh\/wp-content\/uploads\/sites\/28\/2024\/08\/TB-dang-ky-hoc-phan-va-dong-hoc-phi-HK-1-2024-2025-final.pdf\">Th\u00f4ng b\u00e1o v\u1ec1 vi\u1ec7c \u0111\u0103ng k\u00fd h\u1ecdc ph\u1ea7n v\u00e0 \u0111\u00f3ng h\u1ecdc ph\u00ed H\u1ecdc k\u1ef3 1 N\u0103m h\u1ecdc 2024-2025<\/a><\/li>\n\n\n\n<li><a href=\"https:\/\/www.hoasen.edu.vn\/dtdh\/wp-content\/uploads\/sites\/28\/2024\/07\/DSSV-va-LHP-khong-mo-do-si-so-nho-sau-dang-ky-bo-sung-hk-He-nam-hoc-2023-2024.pdf\">Danh s\u00e1ch sinh vi\u00ean thu\u1ed9c l\u1edbp h\u1ecdc ph\u1ea7n kh\u00f4ng \u0111\u01b0\u1ee3c m\u1edf do s\u0129 s\u1ed1 nh\u1ecf sau \u0111\u0103ng k\u00fd b\u1ed5 sung h\u1ecdc k\u1ef3 h\u00e8 n\u0103m h\u1ecdc 2023-2024<\/a><\/li>\n\n\n\n<li><a href=\"https:\/\/www.hoasen.edu.vn\/dtdh\/wp-content\/uploads\/sites\/28\/2024\/06\/danh-sach-sinh-vien-lop-hoc-phan-bi-huy-do-si-so-nho-len-website.pdf\">Danh s\u00e1ch sinh vi\u00ean, l\u1edbp h\u1ecdc ph\u1ea7n b\u1ecb h\u1ee7y do kh\u00f4ng \u0111\u1ee7 s\u0129 s\u1ed1 v\u00e0 danh s\u00e1ch h\u1ecdc ph\u1ea7n \u0111\u01b0\u1ee3c \u0111\u0103ng k\u00fd \u0111\u1ee3t b\u1ed5 sung HK 2 N\u0103m h\u1ecdc 2023 -2024<\/a><\/li>\n\n\n\n<li><a href=\"https:\/\/www.hoasen.edu.vn\/dtdh\/wp-content\/uploads\/sites\/28\/2024\/06\/2024.05.28-Thong-bao-DKHP-va-dong-HP-HK-He-Nam-hoc-2023-2024.pdf\">Th\u00f4ng b\u00e1o v\u1ec1 vi\u1ec7c \u0111\u0103ng k\u00fd h\u1ecdc ph\u1ea7n v\u00e0 \u0111\u00f3ng h\u1ecdc ph\u00ed H\u1ecdc k\u1ef3 H\u00e8 N\u0103m h\u1ecdc 2023-2024<\/a><\/li>\n\n\n\n<li><a href=\"https:\/\/drive.google.com\/file\/d\/1jCnZDIu5b5r-7JE2qVTA-3AIaekx8yRu\/view?usp=sharing\" target=\"_blank\" rel=\"noopener\">Th\u00f4ng b\u00e1o v\u1ec1 vi\u1ec7c \u0111\u0103ng k\u00fd h\u1ecdc ph\u1ea7n v\u00e0 \u0111\u00f3ng h\u1ecdc ph\u00ed H\u1ecdc k\u1ef3 2 N\u0103m h\u1ecdc 2023-2024<\/a><\/li>\n\n\n\n<li><a href=\"https:\/\/www.hoasen.edu.vn\/dtdh\/wp-content\/uploads\/sites\/28\/2023\/12\/ilovepdf_merged-3.pdf\">Th\u00f4ng b\u00e1o c\u00f4ng b\u1ed1 danh s\u00e1ch sinh vi\u00ean, l\u1edbp h\u1ecdc ph\u1ea7n b\u1ecb h\u1ee7y do kh\u00f4ng \u0111\u1ee7 s\u0129 s\u1ed1 v\u00e0 danh s\u00e1ch h\u1ecdc ph\u1ea7n \u0111\u01b0\u1ee3c \u0111\u0103ng k\u00fd \u0111\u1ee3t b\u1ed5 sung HK T\u1ebft N\u0103m h\u1ecdc 2023 -2024<\/a><\/li>\n\n\n\n<li><a href=\"https:\/\/www.hoasen.edu.vn\/dtdh\/wp-content\/uploads\/sites\/28\/2023\/11\/2023.11.23-Thong-bao-dang-ky-hoc-phan-va-dong-hoc-phi-HK-tet-Nam-hoc-2023.2024.pdf\">Th\u00f4ng b\u00e1o 82 V\/v \u0111\u0103ng k\u00fd h\u1ecdc ph\u1ea7n v\u00e0 \u0111\u00f3ng h\u1ecdc ph\u00ed H\u1ecdc k\u1ef3 T\u1ebft N\u0103m h\u1ecdc 2023-2024<\/a><\/li>\n\n\n\n<li><a href=\"https:\/\/www.hoasen.edu.vn\/dtdh\/wp-content\/uploads\/sites\/28\/2023\/11\/2023.11.13-Thong-bao-lap-dieu-chinh-KHCN-HK-tet-nam-hoc-2023-2024-1.pdf\">Th\u00f4ng b\u00e1o 81 V\/v l\u1eadp\/\u0111i\u1ec1u ch\u1ec9nh k\u1ebf ho\u1ea1ch h\u1ecdc t\u1eadp c\u00e1 nh\u00e2n \u0111\u1ec3 \u0111\u0103ng k\u00fd h\u1ecdc ph\u1ea7n online H\u1ecdc k\u1ef3 T\u1ebft  N\u0103m h\u1ecdc 2023-2024 \u0111\u1ee3t b\u1ed5 sung<\/a><\/li>\n\n\n\n<li><a href=\"https:\/\/www.hoasen.edu.vn\/dtdh\/wp-content\/uploads\/sites\/28\/2023\/08\/Thong-bao-gia-han-thoi-gian-DKHP-bo-sung-Online-HK1-2023-2024.pdf\">Th\u00f4ng b\u00e1o gia h\u1ea1n th\u1eddi gian \u0110\u0103ng k\u00fd h\u1ecdc ph\u1ea7n b\u1ed5 sung Online H\u1ecdc k\u1ef3 1, N\u0103m h\u1ecdc 2023-2024<\/a><\/li>\n\n\n\n<li><a href=\"https:\/\/www.hoasen.edu.vn\/dtdh\/wp-content\/uploads\/sites\/28\/2023\/07\/25.7.2023-Thong-bao-DKHP-va-dong-HP-HK1-NH-2023-2024-1.pdf\">25.7.2023 Th\u00f4ng b\u00e1o \u0110KHP v\u00e0 \u0111\u00f3ng HP HK1 NH 2023-2024<\/a><\/li>\n\n\n\n<li><a href=\"https:\/\/www.hoasen.edu.vn\/dtdh\/wp-content\/uploads\/sites\/28\/2023\/07\/Thong-bao-Dieu-chinh-KHHT-CN-de-DKMH-Online-HK1-Nam-hoc-2023-2024-23.1A-11.07.2023.pdf\" target=\"_blank\" rel=\"noreferrer noopener\">Th\u00f4ng b\u00e1o \u0110i\u1ec1u ch\u1ec9nh K\u1ebf ho\u1ea1ch h\u1ecdc t\u1ea5p c\u00e1 nh\u00e2n \u0111\u1ec3 \u0110KHP-Online HK1 N\u0103m h\u1ecdc 2023-2024 \u0111\u1ee3t B\u1ed5 sung<\/a><\/li>\n\n\n\n<li><a href=\"https:\/\/www.hoasen.edu.vn\/dtdh\/wp-content\/uploads\/sites\/28\/2023\/06\/2023.06.19-Thong-bao-Lap-dieu-chinh-KHHT-CN-hoc-ky-1-nam-hoc-2023-2024.pdf\">Th\u00f4ng b\u00e1o l\u1eadp, \u0111i\u1ec1u ch\u1ec9nh K\u1ebf ho\u1ea1ch h\u1ecdc t\u1eadp c\u00e1 nh\u00e2n b\u1ed5 sung \u0111\u1ec3 \u0110\u0103ng k\u00fd h\u1ecdc ph\u1ea7n -Online HK 1 NH 2023-2024<\/a><\/li>\n\n\n\n<li><a href=\"https:\/\/www.hoasen.edu.vn\/dtdh\/wp-content\/uploads\/sites\/28\/2023\/06\/TB-GDQP-AN-HK-He-22-23.pdf\">Th\u00f4ng b\u00e1o v\u1ec1 vi\u1ec7c \u0110\u0103ng k\u00fd GDQP-AN H\u1ecdc k\u1ef3 H\u00e8 NH 2022-2023<\/a><\/li>\n\n\n\n<li><a href=\"https:\/\/www.hoasen.edu.vn\/dtdh\/wp-content\/uploads\/sites\/28\/2023\/05\/TB-v.v-DANG-KY-HP-DONG-HOC-PHI-HK-HE-NH-2022-2023.pdf\">Th\u00f4ng b\u00e1o v\u1ec1 vi\u1ec7c \u0110KHP v\u00e0 \u0111\u00f3ng h\u1ecdc ph\u00ed HK H\u00e8 (2022-2023)<\/a><\/li>\n\n\n\n<li><a href=\"https:\/\/www.hoasen.edu.vn\/dtdh\/wp-content\/uploads\/sites\/28\/2023\/05\/Thong-bao-Dieu-chinh-KHHT-CN-de-DKMH-Online-HK-He-nh-2022-2023-22.2B-va-HK1-nh-2023-2024-23.1A.pdf\">Th\u00f4ng b\u00e1o \u0111i\u1ec1u ch\u1ec9nh KHHT-CN \u0111\u1ec3 \u0110KMH-Online HK H\u00e8 NH 2022-2023<\/a><\/li>\n\n\n\n<li><a href=\"https:\/\/www.hoasen.edu.vn\/dtdh\/wp-content\/uploads\/sites\/28\/2023\/04\/13.04.23-Thong-bao-huong-dan-SV-khoa-2022-su-dung-phan-mem-PS-de-lap-KHHT-CN-DKHP.pdf\">Th\u00f4ng b\u00e1o h\u01b0\u1edbng d\u1eabn SV kh\u00f3a 2022 s\u1eed d\u1ee5ng ph\u1ea7n m\u1ec1m l\u1eadp K\u1ebf ho\u1ea1ch h\u1ecdc t\u1eadp c\u00e1 nh\u00e2n (KHHT-CN) v\u00e0 \u0110\u0103ng k\u00fd h\u1ecdc ph\u1ea7n online (\u0110KHP-online)<\/a><\/li>\n\n\n\n<li><a href=\"https:\/\/www.hoasen.edu.vn\/dtdh\/wp-content\/uploads\/sites\/28\/2023\/03\/TB_Moc_thoi_gian_DKHP_HK2-2233.zip\">Th\u00f4ng b\u00e1o v\u1ec1 vi\u1ec7c \u0110KHP v\u00e0 \u0111\u00f3ng h\u1ecdc ph\u00ed HK 2 (2022-2023)<\/a> <\/li>\n\n\n\n<li><a href=\"https:\/\/www.hoasen.edu.vn\/dtdh\/wp-content\/uploads\/sites\/28\/2023\/03\/Thong_bao_bo_sung_HKHP_lan_2_-_HK2_nam_hoc_2022-2023.zip\">Th\u00f4ng b\u00e1o M\u1ed1c th\u1eddi gian \u0110\u0103ng k\u00fd H\u1ecdc ph\u1ea9n B\u1ed5 sung Online l\u1ea7n 2 HK2 N\u0103m h\u1ecdc 2022-2023<\/a><\/li>\n\n\n\n<li><a href=\"https:\/\/www.hoasen.edu.vn\/dtdh\/wp-content\/uploads\/sites\/28\/2023\/03\/Huong_dan_DKMH_va_lap_KHHT_ca_nhan_cho_SV.zip\">H\u01b0\u1edbng d\u1eabn \u0111\u0103ng k\u00fd HP v\u00e0 l\u1eadp k\u1ebf ho\u1ea1ch h\u1ecdc t\u1eadp c\u00e1 nh\u00e2n cho Sinh vi\u00ean<\/a><\/li>\n<\/ol>\n","protected":false},"excerpt":{"rendered":"","protected":false},"author":71,"featured_media":673,"parent":931,"menu_order":0,"comment_status":"closed","ping_status":"closed","template":"","meta":{"footnotes":""},"class_list":["post-823","page","type-page","status-publish","has-post-thumbnail","hentry"],"acf":[],"_links":{"self":[{"href":"https:\/\/www.hoasen.edu.vn\/dtdh\/wp-json\/wp\/v2\/pages\/823","targetHints":{"allow":["GET"]}}],"collection":[{"href":"https:\/\/www.hoasen.edu.vn\/dtdh\/wp-json\/wp\/v2\/pages"}],"about":[{"href":"https:\/\/www.hoasen.edu.vn\/dtdh\/wp-json\/wp\/v2\/types\/page"}],"author":[{"embeddable":true,"href":"https:\/\/www.hoasen.edu.vn\/dtdh\/wp-json\/wp\/v2\/users\/71"}],"replies":[{"embeddable":true,"href":"https:\/\/www.hoasen.edu.vn\/dtdh\/wp-json\/wp\/v2\/comments?post=823"}],"version-history":[{"count":52,"href":"https:\/\/www.hoasen.edu.vn\/dtdh\/wp-json\/wp\/v2\/pages\/823\/revisions"}],"predecessor-version":[{"id":5249,"href":"https:\/\/www.hoasen.edu.vn\/dtdh\/wp-json\/wp\/v2\/pages\/823\/revisions\/5249"}],"up":[{"embeddable":true,"href":"https:\/\/www.hoasen.edu.vn\/dtdh\/wp-json\/wp\/v2\/pages\/931"}],"wp:featuredmedia":[{"embeddable":true,"href":"https:\/\/www.hoasen.edu.vn\/dtdh\/wp-json\/wp\/v2\/media\/673"}],"wp:attachment":[{"href":"https:\/\/www.hoasen.edu.vn\/dtdh\/wp-json\/wp\/v2\/media?parent=823"}],"curies":[{"name":"wp","href":"https:\/\/api.w.org\/{rel}","templated":true}]}}