{"id":754,"date":"2023-03-09T09:50:20","date_gmt":"2023-03-09T02:50:20","guid":{"rendered":"https:\/\/www.hoasen.edu.vn\/dtdh\/?page_id=754"},"modified":"2024-01-26T14:53:25","modified_gmt":"2024-01-26T07:53:25","slug":"thi-kiem-tra","status":"publish","type":"page","link":"https:\/\/www.hoasen.edu.vn\/dtdh\/bieu-mau\/thi-kiem-tra\/","title":{"rendered":"Thi &#8211; Ki\u1ec3m tra"},"content":{"rendered":"\n<ol class=\"wp-block-list\">\n<li><a href=\"https:\/\/www.hoasen.edu.vn\/dtdh\/wp-content\/uploads\/sites\/28\/2023\/03\/Mau-so-12b-Bien-ban-phuc-khao-doi-thoai-danh-cho-cac-mon-de-an-do-an-TTTN-KLTN.doc\">Bi\u00ean b\u1ea3n ph\u00fac kh\u1ea3o (d\u00e0nh cho c\u00e1c m\u00f4n \u0111\u1ec1 \u00e1n, \u0111\u1ed3 \u00e1n, TTTN, KLTN) &#8211; M\u1eabu s\u1ed1 12b<\/a><\/li>\n\n\n\n<li><a href=\"https:\/\/www.hoasen.edu.vn\/dtdh\/wp-content\/uploads\/sites\/28\/2023\/03\/Mau-so-12a-Bien-ban-phuc-khao-doi-thoai.doc\">Bi\u00ean b\u1ea3n ph\u00fac kh\u1ea3o (\u0111\u1ed1i tho\u1ea1i) &#8211; M\u1eabu s\u1ed1 12a<\/a><\/li>\n\n\n\n<li><a href=\"https:\/\/www.hoasen.edu.vn\/dtdh\/wp-content\/uploads\/sites\/28\/2023\/03\/Mau-so-11a-Phieu-de-nghi-dieu-chinh-diem-thi-ap-dung-cong-nhap-diem-sai-sot.doc\">Phi\u1ebfu \u0111\u1ec1 ngh\u1ecb \u0111i\u1ec1u ch\u1ec9nh \u0111i\u1ec3m thi (\u00e1p d\u1ee5ng c\u1ed9ng &#8211; nh\u1eadp \u0111i\u1ec3m sai s\u00f3t) &#8211; M\u1eabu s\u1ed1 11a<\/a><\/li>\n\n\n\n<li><a href=\"https:\/\/www.hoasen.edu.vn\/dtdh\/wp-content\/uploads\/sites\/28\/2023\/03\/Mau-so-11b-Phieu-de-nghi-dieu-chinh-diem-thi-SV-duoc-khoi-phuc-HP.doc\">Phi\u1ebfu \u0111\u1ec1 ngh\u1ecb \u0111i\u1ec1u ch\u1ec9nh \u0111i\u1ec3m thi (Sinh vi\u00ean \u0111\u01b0\u1ee3c kh\u00f4i ph\u1ee5c HP) &#8211; M\u1eabu s\u1ed1 11b<\/a><\/li>\n\n\n\n<li><a href=\"https:\/\/www.hoasen.edu.vn\/dtdh\/wp-content\/uploads\/sites\/28\/2023\/03\/Mau-so-06-Bao-cao-tinh-hinh-tai-phong-thi-ghi-nhan-tinh-hinh-kiem-tra.doc\">B\u00e1o c\u00e1o t\u00ecnh h\u00ecnh t\u1ea1i ph\u00f2ng thi &#8211; ghi nh\u1eadn t\u00ecnh h\u00ecnh ki\u1ec3m tra &#8211; M\u1eabu s\u1ed1 06<\/a><\/li>\n\n\n\n<li><a href=\"https:\/\/www.hoasen.edu.vn\/dtdh\/wp-content\/uploads\/sites\/28\/2023\/03\/Mau-so-08-Bien-ban-xu-ly-sinh-vien-ghi-nhan-sv-ra-ngoai-xu-ly-nhan-vien.doc\">Bi\u00ean b\u1ea3n x\u1eed l\u00fd sinh vi\u00ean &#8211; ghi nh\u1eadn sinh vi\u00ean ra ngo\u00e0i &#8211; x\u1eed l\u00fd nh\u00e2n vi\u00ean &#8211; M\u1eabu s\u1ed1 08<\/a><\/li>\n<\/ol>\n","protected":false},"excerpt":{"rendered":"","protected":false},"author":71,"featured_media":450,"parent":747,"menu_order":3,"comment_status":"closed","ping_status":"closed","template":"","meta":{"footnotes":""},"class_list":["post-754","page","type-page","status-publish","has-post-thumbnail","hentry"],"acf":[],"_links":{"self":[{"href":"https:\/\/www.hoasen.edu.vn\/dtdh\/wp-json\/wp\/v2\/pages\/754","targetHints":{"allow":["GET"]}}],"collection":[{"href":"https:\/\/www.hoasen.edu.vn\/dtdh\/wp-json\/wp\/v2\/pages"}],"about":[{"href":"https:\/\/www.hoasen.edu.vn\/dtdh\/wp-json\/wp\/v2\/types\/page"}],"author":[{"embeddable":true,"href":"https:\/\/www.hoasen.edu.vn\/dtdh\/wp-json\/wp\/v2\/users\/71"}],"replies":[{"embeddable":true,"href":"https:\/\/www.hoasen.edu.vn\/dtdh\/wp-json\/wp\/v2\/comments?post=754"}],"version-history":[{"count":6,"href":"https:\/\/www.hoasen.edu.vn\/dtdh\/wp-json\/wp\/v2\/pages\/754\/revisions"}],"predecessor-version":[{"id":862,"href":"https:\/\/www.hoasen.edu.vn\/dtdh\/wp-json\/wp\/v2\/pages\/754\/revisions\/862"}],"up":[{"embeddable":true,"href":"https:\/\/www.hoasen.edu.vn\/dtdh\/wp-json\/wp\/v2\/pages\/747"}],"wp:featuredmedia":[{"embeddable":true,"href":"https:\/\/www.hoasen.edu.vn\/dtdh\/wp-json\/wp\/v2\/media\/450"}],"wp:attachment":[{"href":"https:\/\/www.hoasen.edu.vn\/dtdh\/wp-json\/wp\/v2\/media?parent=754"}],"curies":[{"name":"wp","href":"https:\/\/api.w.org\/{rel}","templated":true}]}}