{"id":742,"date":"2023-03-09T09:38:09","date_gmt":"2023-03-09T02:38:09","guid":{"rendered":"https:\/\/www.hoasen.edu.vn\/dtdh\/?page_id=742"},"modified":"2026-03-12T16:34:14","modified_gmt":"2026-03-12T09:34:14","slug":"quy-trinh","status":"publish","type":"page","link":"https:\/\/www.hoasen.edu.vn\/dtdh\/van-ban-bieu-mau\/quy-trinh\/","title":{"rendered":"Quy tr\u00ecnh"},"content":{"rendered":"<p><strong>\u00a01. <\/strong><span style=\"text-decoration: underline;\"><strong>B\u1ed9 ph\u1eadn H\u1ecdc v\u1ee5<\/strong><\/span><\/p>\n<ul>\n<li><a href=\"https:\/\/drive.google.com\/file\/d\/1tTlzYP1FDK3_dDVAnTum9PZMW0dgPc9m\/view?usp=sharing\" target=\"_blank\" rel=\"noopener\">Quy tr\u00ecnh in \u1ea5n, qu\u1ea3n l\u00fd v\u00e0 c\u1ea5p ph\u00e1t b\u1eb1ng t\u1ed1t nghi\u1ec7p v\u00e0 b\u1ea3n sao v\u0103n b\u1eb1ng<\/a><\/li>\n<li><a href=\"https:\/\/drive.google.com\/file\/d\/1j-TlWlDsNYkKxuJ4A8x4qKAenR1CMUoS\/view?usp=sharing\" target=\"_blank\" rel=\"noopener\">Quy tr\u00ecnh c\u00f4ng nh\u1eadn ho\u00e0n th\u00e0nh ch\u01b0\u01a1ng tr\u00ecnh gi\u00e1o d\u1ee5c th\u1ec3 ch\u1ea5t n\u0103m 2022<\/a><\/li>\n<li><a href=\"https:\/\/drive.google.com\/file\/d\/1GHfZWouISGYlxSOD0-ulLLOz1OpxJZ4a\/view?usp=sharing\" target=\"_blank\" rel=\"noopener\">Quy tr\u00ecnh l\u1eadp b\u00e1o c\u00e1o v\u00e0 theo d\u00f5i s\u0129 s\u1ed1 sinh vi\u00ean n\u0103m 2022<\/a><\/li>\n<li><a href=\"https:\/\/drive.google.com\/file\/d\/1q6uSd__zYK0jJTxZ4XSzI8VsqLMMdApj\/view?usp=sharing\" target=\"_blank\" rel=\"noopener\">Quy tr\u00ecnh ph\u00e2n c\u00f4ng c\u1ed1 v\u1ea5n h\u1ecdc t\u1eadp n\u0103m 2022<\/a><\/li>\n<li><a href=\"https:\/\/drive.google.com\/file\/d\/1ED_heFnL-YDi3dBH9HavK9KM880yJtXy\/view?usp=sharing\" target=\"_blank\" rel=\"noopener\">Quy tr\u00ecnh ti\u1ebfp nh\u1eadn v\u00e0 tr\u1ea3 k\u1ebft qu\u1ea3 duy\u1ec7t \u0111\u01a1n h\u1ecdc v\u1ee5 sinh vi\u00ean n\u0103m 2022<\/a><\/li>\n<li><a href=\"https:\/\/drive.google.com\/file\/d\/1wn1TfTGVlqBWU62gvNW39arg3zVXepDG\/view?usp=sharing\" target=\"_blank\" rel=\"noopener\">Quy tr\u00ecnh x\u00e9t mi\u1ec5n h\u1ecdc ph\u1ea7n trong ch\u01b0\u01a1ng tr\u00ecnh \u0111\u00e0o t\u1ea1o n\u0103m 2022<\/a><\/li>\n<li><a href=\"https:\/\/drive.google.com\/file\/d\/1DPcr54E2bk3i-JUVpzT7YhnNTI-Dk6e3\/view?usp=sharing\" target=\"_blank\" rel=\"noopener\">Quy tr\u00ecnh c\u1ea5p GXN TTHT, KQHT, b\u1ea3n sao v\u0103n b\u1eb1ng TN v\u00e0 b\u1ea3n sao ph\u1ee5 l\u1ee5c v\u0103n b\u1eb1ng TN<\/a><\/li>\n<li><a href=\"https:\/\/drive.google.com\/file\/d\/1hO8M4tP-2vR-09fTnH8oSGSoLyJTbdH2\/view?usp=sharing\" target=\"_blank\" rel=\"noopener\">Quy tr\u00ecnh x\u00e9t t\u1ed1t nghi\u1ec7p<\/a><\/li>\n<\/ul>\n<p><strong>2. <\/strong><span style=\"text-decoration: underline;\"><strong>B\u1ed9 ph\u1eadn Gia\u0301o vu\u0323<\/strong><\/span><\/p>\n<ul>\n<li><a href=\"https:\/\/drive.google.com\/file\/d\/1ay5nhzjQt4ceqZeqMlz8i6msptQk2AZx\/view?usp=sharing\" target=\"_blank\" rel=\"noopener\">Quy tr\u00ecnh c\u1ea5m thi sinh vi\u00ean 2023<\/a><\/li>\n<li><a href=\"https:\/\/drive.google.com\/file\/d\/1uqBjeYy6m_Uw3NulmX0ndWDZqB3pQBzu\/view?usp=sharing\" target=\"_blank\" rel=\"noopener\">Quy tr\u00ecnh theo d\u00f5i l\u1edbp v\u00e0 th\u1ed1ng k\u00ea gi\u1edd d\u1ea1y c\u1ee7a Gi\u1ea3ng vi\u00ean<\/a><\/li>\n<\/ul>\n<p><strong>3. <\/strong><span style=\"text-decoration: underline;\"><strong>B\u1ed9 ph\u1eadn Kha\u0309o thi\u0301\u00a0<\/strong><\/span><\/p>\n<ul>\n<li><a href=\"https:\/\/drive.google.com\/file\/d\/13VSpIZGTWKKsBvSBaZrxJN0aaFqLFtag\/view?usp=sharing\" target=\"_blank\" rel=\"noopener\">Quy tr\u00ecnh \u0111i\u1ec1u ch\u1ec9nh \u0111i\u1ec3m<\/a><\/li>\n<li><a href=\"https:\/\/drive.google.com\/file\/d\/1ALR5fglqz01jokY9XuUimJE-QrSiE3sh\/view?usp=sharing\" target=\"_blank\" rel=\"noopener\">Quy tr\u00ecnh qu\u1ea3n l\u00fd \u0111i\u1ec3m<\/a><\/li>\n<li><a href=\"https:\/\/drive.google.com\/file\/d\/1E2zWz75TEu_Do89dFd2XN2KelUsGRc1S\/view?usp=sharing\" target=\"_blank\" rel=\"noopener\">Quy tr\u00ecnh ch\u1ea5m c\u00f4ng Gi\u00e1m th\u1ecb coi thi<\/a><\/li>\n<li><a href=\"https:\/\/drive.google.com\/file\/d\/18AgpLhBysh-S4QvnI3OI0VBvAo_WdHn1\/view?usp=sharing\" target=\"_blank\" rel=\"noopener\">Quy tr\u00ecnh t\u1ed5 ch\u1ee9c thi Aptis<\/a><\/li>\n<\/ul>\n<p><strong><span style=\"text-decoration: underline;\">4<\/span><span style=\"text-decoration: underline;\">.<\/span><\/strong><span style=\"text-decoration: underline;\"><strong> B\u1ed9 ph\u1eadn X\u00e9t tuy\u1ec3n &#8211; Nh\u1eadp h\u1ecdc<\/strong><\/span><\/p>\n<ul>\n<li><a href=\"https:\/\/drive.google.com\/file\/d\/1muXaP5fxpf-NXt1pWg8inEpMsw5GvypJ\/view?usp=sharing\" target=\"_blank\" rel=\"noopener\">Quy tr\u00ecnh b\u00e1o c\u00e1o th\u1ef1c hi\u1ec7n ch\u1ec9 ti\u00eau c\u0169 v\u00e0 \u0111\u0103ng k\u00fd ch\u1ec9 ti\u00eau m\u1edbi tr\u00ean h\u1ec7 th\u1ed1ng c\u1ee7a BGD\u0110T<\/a><\/li>\n<li><a href=\"https:\/\/drive.google.com\/file\/d\/13TownGGxsEVGCnPtmXvaOGrY7MsUKHX1\/view?usp=sharing\" target=\"_blank\" rel=\"noopener\">Quy tr\u00ecnh X\u00e9t tuy\u1ec3n &#8211; Nh\u1eadp h\u1ecdc n\u0103m 2024<\/a><\/li>\n<li><a href=\"https:\/\/drive.google.com\/file\/d\/1450vVbGDrfMvDKy3l3IWAD8sLb7v4K5O\/view?usp=sharing\" target=\"_blank\" rel=\"noopener\">Quy tr\u00ecnh nh\u1eadp h\u1ecdc s\u1edbm<\/a><\/li>\n<li><a href=\"https:\/\/drive.google.com\/file\/d\/1Ieqvy5SNrwx1vUiwVlYKoH38dkezbpdr\/view?usp=sharing\" target=\"_blank\" rel=\"noopener\">Quy tri\u0300nh x\u00ea\u0301p li\u0323ch thi<\/a><\/li>\n<\/ul>\n\n\n<div class=\"wp-block-group\"><div class=\"wp-block-group__inner-container is-layout-flow wp-block-group-is-layout-flow\">\n<div class=\"wp-block-columns is-layout-flex wp-container-core-columns-is-layout-9d6595d7 wp-block-columns-is-layout-flex\">\n<div class=\"wp-block-column is-vertically-aligned-center is-layout-flow wp-block-column-is-layout-flow\">\n<div class=\"wp-block-group\"><div class=\"wp-block-group__inner-container is-layout-flow wp-block-group-is-layout-flow\">\n<p><\/p>\n<\/div><\/div>\n<\/div>\n<\/div>\n<\/div><\/div>\n\n\n\n<div class=\"wp-block-group\"><div class=\"wp-block-group__inner-container is-layout-flow wp-block-group-is-layout-flow\">\n<div class=\"wp-block-columns is-layout-flex wp-container-core-columns-is-layout-9d6595d7 wp-block-columns-is-layout-flex\">\n<div class=\"wp-block-column is-layout-flow wp-block-column-is-layout-flow\" style=\"flex-basis:100%\">\n<div class=\"wp-block-group\"><div class=\"wp-block-group__inner-container is-layout-flow wp-block-group-is-layout-flow\">\n<p><\/p>\n<\/div><\/div>\n<\/div>\n<\/div>\n<\/div><\/div>\n\n\n\n<div class=\"wp-block-group\"><div class=\"wp-block-group__inner-container is-layout-flow wp-block-group-is-layout-flow\">\n<p><\/p>\n<\/div><\/div>\n","protected":false},"excerpt":{"rendered":"<p>\u00a01. B\u1ed9 ph\u1eadn H\u1ecdc v\u1ee5 Quy tr\u00ecnh in \u1ea5n, qu\u1ea3n l\u00fd v\u00e0 c\u1ea5p ph\u00e1t b\u1eb1ng t\u1ed1t nghi\u1ec7p v\u00e0 b\u1ea3n sao v\u0103n b\u1eb1ng Quy tr\u00ecnh c\u00f4ng nh\u1eadn ho\u00e0n th\u00e0nh ch\u01b0\u01a1ng tr\u00ecnh gi\u00e1o d\u1ee5c th\u1ec3 ch\u1ea5t n\u0103m 2022 Quy tr\u00ecnh l\u1eadp b\u00e1o c\u00e1o v\u00e0 theo d\u00f5i s\u0129 s\u1ed1 sinh vi\u00ean n\u0103m 2022 Quy tr\u00ecnh ph\u00e2n c\u00f4ng c\u1ed1 v\u1ea5n h\u1ecdc t\u1eadp n\u0103m 2022 Quy tr\u00ecnh ti\u1ebfp nh\u1eadn v\u00e0 tr\u1ea3 k\u1ebft qu\u1ea3 duy\u1ec7t \u0111\u01a1n h\u1ecdc v\u1ee5 sinh vi\u00ean n\u0103m 2022 Quy tr\u00ecnh x\u00e9t mi\u1ec5n h\u1ecdc ph\u1ea7n trong ch\u01b0\u01a1ng tr\u00ecnh \u0111\u00e0o t\u1ea1o n\u0103m 2022 Quy tr\u00ecnh c\u1ea5p GXN TTHT, KQHT, b\u1ea3n sao v\u0103n b\u1eb1ng TN&#8230;<\/p>\n","protected":false},"author":71,"featured_media":2240,"parent":258,"menu_order":0,"comment_status":"closed","ping_status":"closed","template":"","meta":{"footnotes":""},"class_list":["post-742","page","type-page","status-publish","has-post-thumbnail","hentry"],"acf":[],"_links":{"self":[{"href":"https:\/\/www.hoasen.edu.vn\/dtdh\/wp-json\/wp\/v2\/pages\/742","targetHints":{"allow":["GET"]}}],"collection":[{"href":"https:\/\/www.hoasen.edu.vn\/dtdh\/wp-json\/wp\/v2\/pages"}],"about":[{"href":"https:\/\/www.hoasen.edu.vn\/dtdh\/wp-json\/wp\/v2\/types\/page"}],"author":[{"embeddable":true,"href":"https:\/\/www.hoasen.edu.vn\/dtdh\/wp-json\/wp\/v2\/users\/71"}],"replies":[{"embeddable":true,"href":"https:\/\/www.hoasen.edu.vn\/dtdh\/wp-json\/wp\/v2\/comments?post=742"}],"version-history":[{"count":29,"href":"https:\/\/www.hoasen.edu.vn\/dtdh\/wp-json\/wp\/v2\/pages\/742\/revisions"}],"predecessor-version":[{"id":5228,"href":"https:\/\/www.hoasen.edu.vn\/dtdh\/wp-json\/wp\/v2\/pages\/742\/revisions\/5228"}],"up":[{"embeddable":true,"href":"https:\/\/www.hoasen.edu.vn\/dtdh\/wp-json\/wp\/v2\/pages\/258"}],"wp:featuredmedia":[{"embeddable":true,"href":"https:\/\/www.hoasen.edu.vn\/dtdh\/wp-json\/wp\/v2\/media\/2240"}],"wp:attachment":[{"href":"https:\/\/www.hoasen.edu.vn\/dtdh\/wp-json\/wp\/v2\/media?parent=742"}],"curies":[{"name":"wp","href":"https:\/\/api.w.org\/{rel}","templated":true}]}}