{"id":739,"date":"2023-03-09T09:36:55","date_gmt":"2023-03-09T02:36:55","guid":{"rendered":"https:\/\/www.hoasen.edu.vn\/dtdh\/?page_id=739"},"modified":"2026-01-09T08:33:50","modified_gmt":"2026-01-09T01:33:50","slug":"quy-dinh","status":"publish","type":"page","link":"https:\/\/www.hoasen.edu.vn\/dtdh\/van-ban-bieu-mau\/quy-dinh\/","title":{"rendered":"Quy \u0111\u1ecbnh"},"content":{"rendered":"<p><strong>QUY \u0110\u1ecaNH X\u00c9T V\u00c0 C\u00d4NG NH\u1eacN T\u1ed0T NGHI\u1ec6P SINH VI\u00caN H\u1ec6 CH\u00cdNH QUY<\/strong><\/p>\n<ul>\n<li><a href=\"https:\/\/www.hoasen.edu.vn\/dtdh\/wp-content\/uploads\/sites\/28\/2026\/01\/Quy-dinh-xet-va-cong-nhan-TN-he-CQ.pdf\">Quy \u0111\u1ecbnh x\u00e9t v\u00e0 c\u00f4ng nh\u1eadn t\u1ed1t nghi\u1ec7p sinh vi\u00ean h\u1ec7 ch\u00ednh quy<\/a><\/li>\n<\/ul>\n<p><strong>QUY \u0110\u1ecaNH V\u1ec0 M\u1ede NG\u00c0NH, DUY TR\u00cc NG\u00c0NH, T\u1ea0M D\u1eeaNG TUY\u1ec2N SINH V\u00c0 \u0110\u00d3NG NG\u00c0NH \u0110\u00c0O T\u1ea0O TR\u00ccNH \u0110\u1ed8 \u0110\u1ea0I H\u1eccC<\/strong><\/p>\n<ul>\n<li><a href=\"https:\/\/www.hoasen.edu.vn\/dtdh\/wp-content\/uploads\/sites\/28\/2025\/11\/Quy-dinh-final-ve-MN-DT-nganh-Tam-dung-TS-va-Dong-nganh-DT-trinh-do-DH-10-Nov-2025_final.pdf\">Quy \u0111\u1ecbnh v\u1ec1 m\u1edf ng\u00e0nh, duy tr\u00ec ng\u00e0nh, t\u1ea1m d\u1eebng tuy\u1ec3n sinh v\u00e0 \u0111\u00f3ng ng\u00e0nh \u0111\u00e0o t\u1ea1o tr\u00ecnh \u0111\u1ed9 \u0111\u1ea1i h\u1ecdc<\/a><\/li>\n<\/ul>\n<p><strong>QUY \u0110\u1ecaNH V\u1ec0 C\u00d4NG T\u00c1C GI\u00c1O V\u1ee4<\/strong><\/p>\n<ul>\n<li><a href=\"https:\/\/drive.google.com\/file\/d\/1uM9KbdUpc_nFN-4XwtTV380Y523Q-NJd\/view?usp=sharing\" target=\"_blank\" rel=\"noopener\">Quy \u0111\u1ecbnh v\u1ec1 c\u00f4ng t\u00e1c gi\u1ea3ng d\u1ea1y c\u1ee7a Gi\u1ea3ng vi\u00ean<\/a><\/li>\n<\/ul>\n<p><strong>QUY \u0110\u1ecaNH K\u1ebe HO\u1ea0CH H\u1eccC T\u1eacP, T\u1ed4 CH\u1ee8C V\u00c0 \u0110\u0102NG K\u00dd H\u1eccC PH\u1ea6N<\/strong><\/p>\n<ul>\n<li><a href=\"https:\/\/www.hoasen.edu.vn\/dtdh\/wp-content\/uploads\/sites\/28\/2026\/01\/2025.12.31-Quy-dinh-KHHT-to-chuc-va-dang-ky-hoc-phan.pdf\">Quy \u0111\u1ecbnh k\u1ebf ho\u1ea1ch h\u1ecdc t\u1eadp, t\u1ed5 ch\u1ee9c v\u00e0 \u0111\u0103ng k\u00fd h\u1ecdc ph\u1ea7n<\/a><\/li>\n<\/ul>\n<p><strong>QUY \u0110\u1ecaNH H\u1eccC TI\u1ebeNG ANH V\u00c0 NGO\u1ea0I NG\u1eee TH\u1ee8 HAI<\/strong><\/p>\n<ul>\n<li><strong>Quy \u0111\u1ecbnh h\u1ecdc v\u00e0 Chu\u1ea9n \u0111\u1ea7u ra ti\u1ebfng Anh (\u00c1p d\u1ee5ng v\u1edbi c\u00e1c ng\u00e0nh kh\u00f4ng chuy\u00ean ng\u1eef)<\/strong>\n<ul>\n<li>Kh\u00f3a 2025\n<ul>\n<li><a href=\"https:\/\/www.hoasen.edu.vn\/dtdh\/wp-content\/uploads\/sites\/28\/2025\/07\/25.5.23-QD-TA-nganh-khong-chuyen-ngu-V1-Khoa-2025-edit.pdf\">Quy \u0111\u1ecbnh v\u1ec1 vi\u1ec7c h\u1ecdc v\u00e0 C\u0110R ti\u1ebfng Anh \u0111\u1ed1i v\u1edbi c\u00e1c ng\u00e0nh kh\u00f4ng chuy\u00ean ng\u1eef \u00e1p d\u1ee5ng Kh\u00f3a 2025<\/a><\/li>\n<li><a href=\"https:\/\/www.hoasen.edu.vn\/dtdh\/wp-content\/uploads\/sites\/28\/2025\/10\/TB_84_Thong-bao-ve-nop-chung-chi-quoc-te-tieng-Anh_nganh-khong-chuyen-ngu-khoa-2025.pdf\">Th\u00f4ng b\u00e1o 84 v\u1ec1 vi\u1ec7c n\u1ed9p ch\u1ee9ng ch\u1ec9 ti\u1ebfng Anh \u0111\u1ec3 x\u00e9t mi\u1ec5n c\u00e1c h\u1ecdc ph\u1ea7n EII v\u00e0 c\u00f4ng nh\u1eadn chu\u1ea9n \u0111\u1ea7u ra<\/a><\/li>\n<\/ul>\n<\/li>\n<li>Kh\u00f3a 2024\n<ul>\n<li><a href=\"https:\/\/www.hoasen.edu.vn\/dtdh\/wp-content\/uploads\/sites\/28\/2025\/03\/25.3.19-QD-TA-nganh-khong-chuyen-ngu-Khoa-2024.pdf\">Quy \u0111\u1ecbnh h\u1ecdc v\u00e0 C\u0110R ti\u1ebfng Anh Kh\u00f3a 2024 (c\u1eadp nh\u1eadt)<\/a><\/li>\n<li><a href=\"https:\/\/www.hoasen.edu.vn\/dtdh\/wp-content\/uploads\/sites\/28\/2024\/09\/TB63_Vv-Nop-chung-chi-TA-de-xet-mien-cac-hoc-phan-EII-doi-voi-sinh-vien-khong-chuyen-ngu-khoa-2024.pdf\">Th\u00f4ng b\u00e1o 63\/TB-\u0110T\u0110H v\u1ec1 vi\u1ec7c n\u1ed9p ch\u1ee9ng ch\u1ec9 qu\u1ed1c t\u1ebf ti\u1ebfng Anh \u0111\u1ec3 x\u00e9t mi\u1ec5n c\u00e1c h\u1ecdc ph\u1ea7n EII<\/a><\/li>\n<\/ul>\n<\/li>\n<li>Kh\u00f3a 2023\n<ul>\n<li><a href=\"https:\/\/www.hoasen.edu.vn\/dtdh\/wp-content\/uploads\/sites\/28\/2024\/08\/QyD-hoc-va-CDR-TA-nganh-khong-chuyen-ngu_Khoa-2023-Cap-nhat-lan-01.pdf\">Quy \u0111\u1ecbnh h\u1ecdc v\u00e0 C\u0110R ti\u1ebfng Anh Kh\u00f3a 2023<\/a><\/li>\n<li><a href=\"https:\/\/www.hoasen.edu.vn\/dtdh\/wp-content\/uploads\/sites\/28\/2023\/10\/TB_64_Thong-bao-ve-nop-chung-chi-quoc-te-tieng-Anh-de-xet-mien-HP-EII_nganh-khong-chuyen-ngu_Khoa-2023.pdf\">Th\u00f4ng b\u00e1o 64\/TB-\u0110T\u0110H v\u1ec1 vi\u1ec7c n\u1ed9p ch\u1ee9ng ch\u1ec9 qu\u1ed1c t\u1ebf ti\u1ebfng Anh \u0111\u1ec3 mi\u1ec5n h\u1ecdc ph\u1ea7n EII<\/a><\/li>\n<\/ul>\n<\/li>\n<li>Kh\u00f3a 2022\n<ul>\n<li><a href=\"https:\/\/www.hoasen.edu.vn\/dtdh\/wp-content\/uploads\/sites\/28\/2023\/06\/V3_QyD-hoc-va-CDR-TA-nganh-khong-chuyen-ngu_Khoa-2022Cap-nhat-lan-2.pdf\">Quy \u0111inh h\u1ecdc v\u00e0 C\u0110R ti\u1ebfng Anh kh\u00f3a 2022 (c\u1eadp nh\u1eadt l\u1ea7n 2)<\/a><\/li>\n<li><a href=\"https:\/\/www.hoasen.edu.vn\/dtdh\/wp-content\/uploads\/sites\/28\/2022\/09\/TB_53_ve-nop-chung-chi-ngoai-ngu-quoc-te-de-xet-mien-EII_khoa-2022.pdf\">Th\u00f4ng b\u00e1o v\u1ec1 vi\u1ec7c n\u1ed9p ch\u1ee9ng ch\u1ec9 ngo\u1ea1i ng\u1eef qu\u1ed1c t\u1ebf \u0111\u1ec3 mi\u1ec5n c\u00e1c h\u1ecdc ph\u1ea7n ti\u1ebfng Anh (EII)<\/a><\/li>\n<\/ul>\n<\/li>\n<li>Kh\u00f3a 2021\n<ul>\n<li><a href=\"https:\/\/www.hoasen.edu.vn\/dtdh\/wp-content\/uploads\/sites\/28\/2023\/06\/V4_QyD-hoc-va-CDR-TA-nganh-khong-chuyen-ngu_Khoa-2021-Cap-nhat-lan-3.pdf\">Quy \u0111\u1ecbnh h\u1ecdc v\u00e0 C\u0110R ti\u1ebfng Anh kh\u00f3a 2021 (c\u1eadp nh\u1eadt l\u1ea7n 3)<\/a><\/li>\n<\/ul>\n<\/li>\n<li>Kh\u00f3a 2020\n<ul>\n<li><a href=\"https:\/\/www.hoasen.edu.vn\/dtdh\/wp-content\/uploads\/sites\/28\/2023\/06\/V3_QyD-hoc-va-CDR-TA-nganh-khong-chuyen-ngu_Khoa-2020-Cap-nhat-lan-2.pdf\">Quy \u0111\u1ecbnh v\u1ec1 vi\u1ec7c h\u1ecdc v\u00e0 C\u0110R Ti\u1ebfng Anh kh\u00f3a 2020 (c\u1eadp nh\u1eadt l\u1ea7n 2)<\/a><\/li>\n<\/ul>\n<\/li>\n<li>Kh\u00f3a 2018 v\u00e0 2019\n<ul>\n<li><a href=\"https:\/\/www.hoasen.edu.vn\/dtdh\/wp-content\/uploads\/sites\/28\/2023\/06\/V3_QyD-hoc-va-CDR-TA-nganh-khong-chuyen-ngu_Khoa-2018-19-Cap-nhat-lan-2.pdf\">Quy \u0111\u1ecbnh v\u1ec1 vi\u1ec7c h\u1ecdc v\u00e0 C\u0110R Ti\u1ebfng Anh kh\u00f3a 2018, 2019 (c\u1eadp nh\u1eadt l\u1ea7n 2)<\/a><\/li>\n<\/ul>\n<\/li>\n<li>Kh\u00f3a 2016 v\u00e0 2017\n<ul>\n<li><a href=\"https:\/\/www.hoasen.edu.vn\/dtdh\/wp-content\/uploads\/sites\/28\/2022\/04\/2018-TB-so-150-ngay-19.11.2018-vv-chinh-sach-TA-dv-SV-cac-khoa2014-2017.pdf\">Th\u00f4ng b\u00e1o ch\u00ednh s\u00e1ch Ti\u1ebfng Anh d\u00e0nh cho SV c\u00e1c kh\u00f3a 2014-2017<\/a><\/li>\n<li><a href=\"https:\/\/www.hoasen.edu.vn\/dtdh\/wp-content\/uploads\/sites\/28\/2022\/04\/QC-03.-Quy-dinh-ve-hoc-va-CDR-ngoai-ngu-thu-nhat-tu-khoa-2016-2017.pdf\">Quy \u0111\u1ecbnh v\u1ec1 vi\u1ec7c h\u1ecdc v\u00e0 C\u0110R Ngo\u1ea1i ng\u1eef th\u1ee9 nh\u1ea5t t\u1eeb kh\u00f3a 2016-2017<\/a><\/li>\n<\/ul>\n<\/li>\n<\/ul>\n<\/li>\n<\/ul>\n<ul>\n<li><strong>Quy \u0111\u1ecbnh v\u1ec1 Chu\u1ea9n \u0111\u1ea7u ra ngo\u1ea1i ng\u1eef \u0111\u1ed1i v\u1edbi ng\u00e0nh Ng\u00f4n ng\u1eef Anh, Ng\u00f4n ng\u1eef Trung Qu\u1ed1c, Ng\u00f4n ng\u1eef H\u00e0n Qu\u1ed1c<\/strong>\n<ul>\n<li style=\"list-style-type: none;\">\u00a0<\/li>\n<li>Kh\u00f3a 2025\n<ul>\n<li><a href=\"https:\/\/www.hoasen.edu.vn\/dtdh\/wp-content\/uploads\/sites\/28\/2025\/12\/2025.10.15_QyD-nganh-chuyen-ngu-V3-Khoa-2024-ve-sau.pdf\">Quy \u0111\u1ecbnh v\u1ec1 chu\u1ea9n \u0111\u1ea7u ra ngo\u1ea1i ng\u1eef \u0111\u1ed1i v\u1edbi ng\u00e0nh chuy\u00ean ng\u1eef Kh\u00f3a 2024 tr\u1edf v\u1ec1 sau<\/a><\/li>\n<li><a href=\"https:\/\/www.hoasen.edu.vn\/dtdh\/wp-content\/uploads\/sites\/28\/2025\/10\/TB_82_Thong-bao-ve-viec-nop-chuan-dau-ra-ngoai-ngu_nganh-chuyen-ngu-2025.pdf\">Th\u00f4ng b\u00e1o 82 v\u1ec1 vi\u1ec7c ch\u1ee9ng ch\u1ec9 ngo\u1ea1i ng\u1eef chu\u1ea9n \u0111\u1ea7u ra \u0111\u1ed1i v\u1edbi c\u00e1c ng\u00e0nh chuy\u00ean ng\u1eef Kh\u00f3a 2025<\/a><\/li>\n<\/ul>\n<\/li>\n<li>Kh\u00f3a 2024\n<ul>\n<li><a href=\"https:\/\/www.hoasen.edu.vn\/dtdh\/wp-content\/uploads\/sites\/28\/2025\/12\/2025.10.15_QyD-nganh-chuyen-ngu-V3-Khoa-2024-ve-sau.pdf\">Quy \u0111\u1ecbnh C\u0110R ti\u1ebfng Anh \u0111\u1ed1i v\u1edbi ng\u00e0nh chuy\u00ean ng\u1eef Kh\u00f3a 2024 tr\u1edf v\u1ec1 sau<\/a><\/li>\n<li><a href=\"https:\/\/www.hoasen.edu.vn\/dtdh\/wp-content\/uploads\/sites\/28\/2025\/02\/TB11_Vv-Nop-chung-chi-NN-QT-de-xet-mien-NN2-va-CDR-nganh-Ngon-ngu-Anh-Khoa-2024.pdf\">TB11 V\u1ec1 vi\u1ec7c n\u1ed9p ch\u1ee9ng ch\u1ec9 ngo\u1ea1i ng\u1eef qu\u1ed1c t\u1ebf \u0111\u1ec3 x\u00e9t mi\u1ec5n ngo\u1ea1i ng\u1eef th\u1ee9 hai v\u00e0 chu\u1ea9n \u0111\u1ea7u ra ng\u00e0nh Ng\u00f4n ng\u1eef Anh kh\u00f3a 2024<\/a><\/li>\n<li><a href=\"https:\/\/www.hoasen.edu.vn\/dtdh\/wp-content\/uploads\/sites\/28\/2025\/02\/TB12_Vv-Nop-chung-chi-NN-QT-de-xet-mien-NN2-va-CDR-nganh-Ngon-ngu-Trung-Quoc-Khoa-2024.pdf\">TB12 V\u1ec1 vi\u1ec7c n\u1ed9p ch\u1ee9ng ch\u1ec9 ngo\u1ea1i ng\u1eef qu\u1ed1c t\u1ebf \u0111\u1ec3 x\u00e9t mi\u1ec5n ngo\u1ea1i ng\u1eef th\u1ee9 hai v\u00e0 chu\u1ea9n \u0111\u1ea7u ra ng\u00e0nh Ng\u00f4n ng\u1eef Trung Qu\u1ed1c kh\u00f3a 2024<\/a><\/li>\n<\/ul>\n<\/li>\n<li>Kh\u00f3a 2022 v\u00e0 2023\n<ul>\n<li><a href=\"https:\/\/www.hoasen.edu.vn\/dtdh\/wp-content\/uploads\/sites\/28\/2022\/10\/QD-628_Chuan-dau-ra-tieng-Anh-nganh-Ngon-ngu-Anh_2022.pdf\">Quy \u0111\u1ecbnh C\u0110R Ti\u1ebfng Anh \u0111\u1ed1i v\u1edbi Ng\u00e0nh Ng\u00f4n ng\u1eef Anh_Kh\u00f3a 2022 tr\u1edf v\u1ec1 sau<\/a>\n<ul>\n<li><a href=\"https:\/\/www.hoasen.edu.vn\/dtdh\/wp-content\/uploads\/sites\/28\/2022\/10\/TB_63_chuan-dau-ra-tieng-Anh_nganh-Ngon-ngu-Anh_khoa-2022-tro-ve-truoc.pdf\">Th\u00f4ng b\u00e1o 63_v\u1ec1 chu\u1ea9n \u0111\u1ea7u ra ti\u1ebfng Anh \u0111\u1ed1i v\u1edbi SV ng\u00e0nh Ng\u00f4n ng\u1eef Anh<\/a><\/li>\n<\/ul>\n<\/li>\n<\/ul>\n<\/li>\n<li>Kho\u00e1 2020, 2021\n<ul>\n<li><a href=\"https:\/\/www.hoasen.edu.vn\/dtdh\/wp-content\/uploads\/sites\/28\/2022\/06\/QC-13.-Quy-dinh-CDR-Tieng-Anh-doi-voi-nganh-Ngon-ngu-Anh-tu-khoa-2020-QD-so-1705-ngay-03.09.2020.pdf\">Quy \u0111\u1ecbnh C\u0110R Ti\u1ebfng Anh \u0111\u1ed1i v\u1edbi ng\u00e0nh Ng\u00f4n ng\u1eef Anh t\u1eeb kho\u00e1 2020<\/a><\/li>\n<li><a href=\"https:\/\/www.hoasen.edu.vn\/dtdh\/wp-content\/uploads\/sites\/28\/2022\/10\/TB_63_chuan-dau-ra-tieng-Anh_nganh-Ngon-ngu-Anh_khoa-2022-tro-ve-truoc.pdf\">Th\u00f4ng b\u00e1o 63_v\u1ec1 chu\u1ea9n \u0111\u1ea7u ra ti\u1ebfng Anh \u0111\u1ed1i v\u1edbi SV ng\u00e0nh Ng\u00f4n ng\u1eef Anh<\/a><\/li>\n<\/ul>\n<\/li>\n<li>Kho\u00e1 2019 tr\u1edf v\u1ec1 tr\u01b0\u1edbc\n<ul>\n<li><a href=\"https:\/\/www.hoasen.edu.vn\/dtdh\/wp-content\/uploads\/sites\/28\/2022\/06\/QC-12.-Quy-dinh-CDR-tieng-Anh-doi-voi-nganh-Ngon-ngu-Anh-tu-khoa-2018-QD-so-988-ngay-14.06.2008.pdf\">Quy \u0111\u1ecbnh C\u0110R Ti\u1ebfng Anh \u0111\u1ed1i v\u1edbi ng\u00e0nh Ng\u00f4n ng\u1eef Anh t\u1eeb kho\u00e1 2018<\/a><\/li>\n<li><a href=\"https:\/\/www.hoasen.edu.vn\/dtdh\/wp-content\/uploads\/sites\/28\/2022\/10\/TB_63_chuan-dau-ra-tieng-Anh_nganh-Ngon-ngu-Anh_khoa-2022-tro-ve-truoc.pdf\">Th\u00f4ng b\u00e1o 63_v\u1ec1 chu\u1ea9n \u0111\u1ea7u ra ti\u1ebfng Anh \u0111\u1ed1i v\u1edbi SV ng\u00e0nh Ng\u00f4n ng\u1eef Anh<\/a><\/li>\n<\/ul>\n<\/li>\n<\/ul>\n<\/li>\n<\/ul>\n<ul>\n<li><strong>Quy \u0111\u1ecbnh h\u1ecdc Ngo\u1ea1i ng\u1eef th\u1ee9 hai trong ch\u01b0\u01a1ng tr\u00ecnh \u0111\u00e0o t\u1ea1o<\/strong>\n<ul>\n<li>Kh\u00f3a 2025\n<ul>\n<li><a href=\"https:\/\/www.hoasen.edu.vn\/dtdh\/wp-content\/uploads\/sites\/28\/2025\/12\/25.9.10_QyD_Ngoai_ngu_2_V4_-_Khoa_2024_ve_sau.pdf\">Quy \u0111\u1ecbnh v\u1ec1 ngo\u1ea1i ng\u1eef th\u1ee9 hai trong CT\u0110T, t\u1eeb Kh\u00f3a 2024 tr\u1edf v\u1ec1 sau<\/a><\/li>\n<li><a href=\"https:\/\/www.hoasen.edu.vn\/dtdh\/wp-content\/uploads\/sites\/28\/2025\/10\/TB_85_Thong-bao-ve-viec-nop-chung-chi-Ngoai-ngu-2_nganh-chuyen-ngu-2025.pdf\">Th\u00f4ng b\u00e1o 85 v\u1ec1 n\u1ed9p ch\u1ee9ng ch\u1ec9 ngo\u1ea1i ng\u1eef qu\u1ed1c t\u1ebf \u0111\u1ec3 x\u00e9t mi\u1ec5n ngo\u1ea1i ng\u1eef th\u1ee9 hai trong ch\u01b0\u01a1ng tr\u00ecnh \u0111\u00e0o t\u1ea1o c\u00e1c ng\u00e0nh chuy\u00ean ng\u1eef<\/a><\/li>\n<\/ul>\n<\/li>\n<li>Kh\u00f3a 2024\n<ul>\n<li><a href=\"https:\/\/www.hoasen.edu.vn\/dtdh\/wp-content\/uploads\/sites\/28\/2025\/12\/25.9.10_QyD_Ngoai_ngu_2_V4_-_Khoa_2024_ve_sau.pdf\">Quy \u0111\u1ecbnh v\u1ec1 ngo\u1ea1i ng\u1eef th\u1ee9 hai trong CT\u0110T, t\u1eeb Kh\u00f3a 2024 tr\u1edf v\u1ec1 sau<\/a><\/li>\n<li><a href=\"https:\/\/www.hoasen.edu.vn\/dtdh\/wp-content\/uploads\/sites\/28\/2025\/02\/TB10_Vv-Nop-chung-chi-NN-QT-de-xet-mien-cac-hoc-phan-NN2-doi-voi-SV-nganh-khong-chuyen-ngu-khoa-2024.pdf\">TB10 V\u1ec1 vi\u1ec7c N\u1ed9p ch\u1ee9ng ch\u1ec9 Ngo\u1ea1i ng\u1eef qu\u1ed1c t\u1ebf \u0111\u1ec3 x\u00e9t mi\u1ec5n c\u00e1c h\u1ecdc ph\u1ea7n NN2 \u0111\u1ed1i v\u1edbi sinh vi\u00ean ng\u00e0nh kh\u00f4ng chuy\u00ean ng\u1eef kh\u00f3a 2024<\/a><\/li>\n<li><a href=\"https:\/\/www.hoasen.edu.vn\/dtdh\/wp-content\/uploads\/sites\/28\/2025\/02\/TB11_Vv-Nop-chung-chi-NN-QT-de-xet-mien-NN2-va-CDR-nganh-Ngon-ngu-Anh-Khoa-2024.pdf\">TB11 V\u1ec1 vi\u1ec7c n\u1ed9p ch\u1ee9ng ch\u1ec9 ngo\u1ea1i ng\u1eef qu\u1ed1c t\u1ebf \u0111\u1ec3 x\u00e9t mi\u1ec5n ngo\u1ea1i ng\u1eef th\u1ee9 hai v\u00e0 chu\u1ea9n \u0111\u1ea7u ra ng\u00e0nh Ng\u00f4n ng\u1eef Anh kh\u00f3a 2024<\/a><\/li>\n<li><a href=\"https:\/\/www.hoasen.edu.vn\/dtdh\/wp-content\/uploads\/sites\/28\/2025\/02\/TB12_Vv-Nop-chung-chi-NN-QT-de-xet-mien-NN2-va-CDR-nganh-Ngon-ngu-Trung-Quoc-Khoa-2024.pdf\">TB12 V\u1ec1 vi\u1ec7c n\u1ed9p ch\u1ee9ng ch\u1ec9 ngo\u1ea1i ng\u1eef qu\u1ed1c t\u1ebf \u0111\u1ec3 x\u00e9t mi\u1ec5n ngo\u1ea1i ng\u1eef th\u1ee9 hai v\u00e0 chu\u1ea9n \u0111\u1ea7u ra ng\u00e0nh Ng\u00f4n ng\u1eef Trung Qu\u1ed1c kh\u00f3a 2024<\/a><\/li>\n<\/ul>\n<\/li>\n<li>Kh\u00f3a 2023\n<ul>\n<li><a href=\"https:\/\/www.hoasen.edu.vn\/dtdh\/wp-content\/uploads\/sites\/28\/2023\/10\/V2_QD_NN2_he_CQ_cap_nhat_lan_01_-_Khoa_2022_tro_ve_sau-1.pdf\">Quy \u0111\u1ecbnh Ngo\u1ea1i ng\u1eef th\u1ee9 hai trong CT\u0110T ch\u00ednh quy, h\u1ec7 t\u00edn ch\u1ec9 t\u1eeb Kh\u00f3a 2022 tr\u1edf v\u1ec1 sau (c\u1eadp nh\u1eadt l\u1ea7n 1)<\/a><\/li>\n<li><a href=\"https:\/\/www.hoasen.edu.vn\/dtdh\/wp-content\/uploads\/sites\/28\/2023\/10\/TB_65_Thong-bao-ve-thoi-han-nop-chung-chi-ngoai-ngu-de-xet-mien-cac-HP-Ngoai-ngu-2_nganh-khong-chuyen-ngu-Khoa-2023.pdf\">Th\u00f4ng b\u00e1o 65\/TB-\u0110T\u0110H v\u1ec1 vi\u1ec7c n\u1ed9p ch\u1ee9ng ch\u1ec9 ngo\u1ea1i ng\u1eef \u0111\u1ec3 x\u00e9t mi\u1ec5n Ngo\u1ea1i ng\u1eef 2 c\u00e1c ng\u00e0nh kh\u00f4ng chuy\u00ean ng\u1eef Kh\u00f3a 2023<\/a><\/li>\n<li><a href=\"https:\/\/www.hoasen.edu.vn\/dtdh\/wp-content\/uploads\/sites\/28\/2024\/03\/TB_66_Thong-bao-ve-nop-chung-chi-quoc-te-de-xet-mien-ngoai-ngu-2-chuan-dau-ra-nganh-Ngon-ngu-Anh_Khoa-2023.pdf\">Th\u00f4ng b\u00e1o 66\/TB-\u0110T\u0110H v\u1ec1 vi\u1ec7c n\u1ed9p ch\u1ee9ng ch\u1ec9 ngo\u1ea1i ng\u1eef \u0111\u1ec3 x\u00e9t mi\u1ec5n Ngo\u1ea1i ng\u1eef 2 ng\u00e0nh Ng\u00f4n ng\u1eef Anh Kh\u00f3a 2023<\/a><\/li>\n<\/ul>\n<\/li>\n<li>Kh\u00f3a 2022\n<ul>\n<li><a href=\"https:\/\/www.hoasen.edu.vn\/dtdh\/wp-content\/uploads\/sites\/28\/2023\/10\/V2_QD_NN2_he_CQ_cap_nhat_lan_01_-_Khoa_2022_tro_ve_sau.pdf\">Quy \u0111\u1ecbnh Ngo\u1ea1i ng\u1eef th\u1ee9 hai trong CT\u0110T ch\u00ednh quy h\u1ec7 t\u00edn ch\u1ec9 Kh\u00f3a 2022 (c\u1eadp nh\u1eadt l\u1ea7n 1)<\/a><\/li>\n<li><a href=\"https:\/\/www.hoasen.edu.vn\/dtdh\/wp-content\/uploads\/sites\/28\/2023\/10\/TB_52_Thoi-han-nop-chung-chi-Ngoai-ngu-2_khoa-2022.pdf\">Th\u00f4ng b\u00e1o 52\/TB-\u0110T\u0110H v\u1ec1 vi\u1ec7c n\u1ed9p ch\u1ee9ng ch\u1ec9 ngo\u1ea1i ng\u1eef 2, Kh\u00f3a 2022<\/a><\/li>\n<\/ul>\n<\/li>\n<li>Kh\u00f3a 2021 v\u00e0 2020\n<ul>\n<li><a href=\"https:\/\/www.hoasen.edu.vn\/dtdh\/wp-content\/uploads\/sites\/28\/2023\/10\/QC-09.-Quy-dinh-hoc-ngoai-ngu-thu-2-trong-CTDT-chinh-quy-he-tin-chi-khoa-20202021-QD-so-1706-ngay-03.09.2020-.pdf\">Quy \u0111\u1ecbnh Ngo\u1ea1i ng\u1eef th\u1ee9 hai trong CT\u0110T ch\u00ednh quy h\u1ec7 t\u00edn ch\u1ec9 Kh\u00f3a 2020, 2021<\/a><\/li>\n<li><a href=\"https:\/\/www.hoasen.edu.vn\/dtdh\/wp-content\/uploads\/sites\/28\/2023\/10\/TB_49_quy-dinh-hoc-tieng-anh-ngoai-ngu-2-va-chuan-dau-ra-tieng-anh-SV-cac-khoa_resigned.pdf\">Th\u00f4ng b\u00e1o 49\/TB-\u0110T\u0110H ng\u00e0y 10\/8\/2023 v\u1ec1 h\u1ecdc v\u00e0 chu\u1ea9n \u0111\u1ea7u ra ti\u1ebfng Anh, h\u1ecdc ngo\u1ea1i ng\u1eef 2 trong CT\u0110T<\/a><\/li>\n<\/ul>\n<\/li>\n<li>Kh\u00f3a 2019 tr\u1edf v\u1ec1 tr\u01b0\u1edbc\n<ul>\n<li><a href=\"https:\/\/www.hoasen.edu.vn\/dtdh\/wp-content\/uploads\/sites\/28\/2023\/10\/QC-07-Quy-dinh-hoc-ngoai-ngu-thu-2-trong-CTDT-chinh-quy-he-tin-chi-tu-khoa-2012-den-2018.pdf\">Quy \u0111\u1ecbnh h\u1ecdc Ngo\u1ea1i ng\u1eef th\u1ee9 hai trong CT\u0110T ch\u00ednh quy, h\u1ec7 t\u00edn ch\u1ec9 t\u1eeb kh\u00f3a 2012<\/a><\/li>\n<li><a href=\"https:\/\/www.hoasen.edu.vn\/dtdh\/wp-content\/uploads\/sites\/28\/2023\/10\/TB_49_quy-dinh-hoc-tieng-anh-ngoai-ngu-2-va-chuan-dau-ra-tieng-anh-SV-cac-khoa_resigned.pdf\">Th\u00f4ng b\u00e1o 49\/TB-\u0110T\u0110H ng\u00e0y 10\/8\/2023 v\u1ec1 h\u1ecdc v\u00e0 chu\u1ea9n \u0111\u1ea7u ra ti\u1ebfng Anh, h\u1ecdc ngo\u1ea1i ng\u1eef 2 trong CT\u0110T<\/a><\/li>\n<\/ul>\n<\/li>\n<\/ul>\n<\/li>\n<li><strong>Quy \u0111\u1ecbnh h\u1ecdc v\u00e0 chu\u1ea9n \u0111\u1ea7u ra ti\u1ebfng Anh \u0111\u1ed1i v\u1edbi sinh vi\u00ean Hoa Sen Elite<\/strong>\n<ul>\n<li><a href=\"https:\/\/www.hoasen.edu.vn\/dtdh\/wp-content\/uploads\/sites\/28\/2024\/07\/24.7.29-QD-nganh-khong-chuyen-ngu-HS-Elite-V2-Khoa-2023-ve-sau.pdf\">Quy \u0111\u1ecbnh h\u1ecdc v\u00e0 chu\u1ea9n \u0111\u1ea7u ra ti\u1ebfng Anh \u0111\u1ed1i v\u1edbi sinh vi\u00ean Hoa Sen Elite_Kh\u00f3a 2023 tr\u1edf v\u1ec1 sau<\/a><\/li>\n<\/ul>\n<\/li>\n<\/ul>\n<p><strong>TH\u1ef0C T\u1eacP NH\u1eacN TH\u1ee8C\/TH\u1ef0C T\u1eacP NGH\u1ec0 NGHI\u1ec6P D\u01af\u1edaI H\u00ccNH TH\u1ee8C T\u00cdCH L\u0168Y<\/strong><\/p>\n<ul>\n<li><strong>Ban h\u00e0nh k\u00e8m theo Quy\u1ebft \u0111\u1ecbnh s\u1ed1 254\/Q\u0110-\u0110HHS ng\u00e0y 31\/01\/2024 (\u00e1p d\u1ee5ng k\u1ec3 t\u1eeb h\u1ecdc k\u1ef3 2 n\u0103m h\u1ecdc 2023 &#8211; 2024 tr\u1edf v\u1ec1 sau)<\/strong>\n<ul>\n<li><a href=\"https:\/\/www.hoasen.edu.vn\/dtdh\/wp-content\/uploads\/sites\/28\/2024\/04\/Quy-dinh-cong-nhan-thuc-tap-nhan-thuc-duoi-hinh-thuc-tich-luy_QD.254_31.01.2024.pdf\">Quy \u0111\u1ecbnh v\u1ec1 c\u00f4ng nh\u1eadn Th\u1ef1c t\u1eadp nh\u1eadn th\u1ee9c\/th\u1ef1c t\u1eadp ngh\u1ec1 nghi\u1ec7p d\u01b0\u1edbi h\u00ecnh th\u1ee9c t\u00edch l\u0169y_2024<\/a><\/li>\n<li><a href=\"https:\/\/www.hoasen.edu.vn\/dtdh\/wp-content\/uploads\/sites\/28\/2024\/04\/BM_01.TTTL_Don-de-nghi-cong-nhan-hoan-thanh-TTNT.TTNN-duoi-HTTL.docx\">\u0110\u01a1n \u0111\u1ec1 ngh\u1ecb c\u00f4ng nh\u1eadn ho\u00e0n th\u00e0nh TTNT\/TTNN d\u01b0\u1edbi HTTL (BM_01\/TTTL)<\/a><\/li>\n<li><a href=\"https:\/\/www.hoasen.edu.vn\/dtdh\/wp-content\/uploads\/sites\/28\/2024\/04\/BM_02A.TTTL_Bao-cao-cong-viec-va-danh-gia-ket-qua-thuc-hien.docx\">B\u00e1o c\u00e1o k\u1ebft qu\u1ea3 v\u00e0 \u0111\u00e1nh gi\u00e1 k\u1ebft qu\u1ea3 th\u1ef1c hi\u1ec7n (BM_02A\/TTTL)<\/a><\/li>\n<li><a href=\"https:\/\/www.hoasen.edu.vn\/dtdh\/wp-content\/uploads\/sites\/28\/2024\/04\/BM_02B.TTTL_Bao-cao-cong-viec-va-danh-gia-ket-qua-thuc-hien.docx\">B\u00e1o c\u00e1o k\u1ebft qu\u1ea3 v\u00e0 \u0111\u00e1nh gi\u00e1 k\u1ebft qu\u1ea3 th\u1ef1c hi\u1ec7n (BM_02B\/TTTL)<\/a><\/li>\n<li><a href=\"https:\/\/www.hoasen.edu.vn\/dtdh\/wp-content\/uploads\/sites\/28\/2024\/04\/BM_03.TTTL_Giay-xac-nhan-thoi-gian-cong-tac.docx\">Gi\u1ea5y x\u00e1c nh\u1eadn th\u1eddi gian c\u00f4ng t\u00e1c (BM_03\/TTTL)<\/a><\/li>\n<li><a href=\"https:\/\/www.hoasen.edu.vn\/dtdh\/wp-content\/uploads\/sites\/28\/2024\/04\/BM_04A.TTTL_De-nghi-cong-nhan-hoan-thanh-TTNN.TTNN-duoi-HTTL.docx\">Danh s\u00e1ch sinh vi\u00ean \u0111\u1ec1 ngh\u1ecb c\u00f4ng nh\u1eadn ho\u00e0n th\u00e0nh TTNT\/TTNN d\u01b0\u1edbi HTTL (BM_04A\/TTTL)<\/a><\/li>\n<li><a href=\"https:\/\/www.hoasen.edu.vn\/dtdh\/wp-content\/uploads\/sites\/28\/2024\/04\/BM_04B.TTTL_De-nghi-cong-nhan-hoan-thanh-TTNN.TTNN-duoi-HTTL.docx\">Danh s\u00e1ch sinh vi\u00ean \u0111\u1ec1 ngh\u1ecb c\u00f4ng nh\u1eadn ho\u00e0n th\u00e0nh TTNT\/TTNN d\u01b0\u1edbi HTTL (BM_04B\/TTTL)<\/a><\/li>\n<li><a href=\"https:\/\/www.hoasen.edu.vn\/dtdh\/wp-content\/uploads\/sites\/28\/2024\/04\/BM_05.TTTL_Phieu-nhan-xet-sinh-vien-thuc-tap.docx\">Phi\u1ebfu nh\u1eadn x\u00e9t sinh vi\u00ean th\u1ef1c t\u1eadp (BM_05\/TTTL)<\/a><\/li>\n<li><a href=\"https:\/\/www.hoasen.edu.vn\/dtdh\/wp-content\/uploads\/sites\/28\/2025\/05\/TTTL-Phieu-cham-Quyen-bao-cao-TTNTTTNN-duoi-HTTL.doc\">TTTL Phi\u1ebfu ch\u1ea5m Quy\u1ec3n b\u00e1o c\u00e1o TTNT, TTNN d\u01b0\u1edbi HTTL<\/a><\/li>\n<\/ul>\n<\/li>\n<\/ul>\n<p><strong>QUY \u0110\u1ecaNH KH\u00c1C<\/strong><\/p>\n<ul>\n<li><a href=\"https:\/\/www.hoasen.edu.vn\/dtdh\/wp-content\/uploads\/sites\/28\/2025\/12\/Quy-dinh-hoc-Giao-duc-quoc-phong-DHHS_2025.pdf\">Quy \u0111\u1ecbnh h\u1ecdc Gi\u00e1o d\u1ee5c Qu\u1ed1c ph\u00f2ng t\u1ea1i Tr\u01b0\u1eddng \u0110ai h\u1ecdc Hoa Sen<\/a><\/li>\n<li><a href=\"https:\/\/www.hoasen.edu.vn\/dtdh\/wp-content\/uploads\/sites\/28\/2022\/06\/CT-mon-hoc-GDTC-2020-1-1.pdf\">Ch\u01b0\u01a1ng tr\u00ecnh m\u00f4n h\u1ecdc Gi\u00e1o d\u1ee5c th\u1ec3 ch\u1ea5t<\/a><\/li>\n<li><a href=\"https:\/\/www.hoasen.edu.vn\/dtdh\/wp-content\/uploads\/sites\/28\/2023\/02\/Quy-dinh-ve-viec-cap-bang-diem-cho-sinh-vien_QD_114_QD-DHHS_17.01.2023.pdf\" target=\"_blank\" rel=\"noopener\">Quy \u0111\u1ecbnh v\u1ec1 vi\u1ec7c c\u1ea5p b\u1ea3ng \u0111i\u1ec3m cho sinh vi\u00ean<\/a><\/li>\n<li><a href=\"https:\/\/www.hoasen.edu.vn\/dtdh\/wp-content\/uploads\/sites\/28\/2023\/02\/Quy-dinh-khen-thuong-sinh-vien-dat-ket-qua-tot-nghiep-cao_QD-388_24.02.2023.pdf\">Quy \u0111\u1ecbnh khen th\u01b0\u1edfng sinh vi\u00ean \u0111\u1ea1t k\u1ebft qu\u1ea3 t\u1ed1t nghi\u1ec7p cao<\/a><\/li>\n<li><a href=\"https:\/\/www.hoasen.edu.vn\/dtdh\/wp-content\/uploads\/sites\/28\/2023\/09\/Quy_dinh_diem_danh_tham_du_lop_hoc.pdf\">Quy \u0111\u1ecbnh \u0111i\u1ec3m danh tham d\u1ef1 l\u1edbp h\u1ecdc<\/a><\/li>\n<\/ul>\n\n\n<div class=\"wp-block-group\"><div class=\"wp-block-group__inner-container is-layout-flow wp-block-group-is-layout-flow\">\n<div class=\"wp-block-columns is-layout-flex wp-container-core-columns-is-layout-9d6595d7 wp-block-columns-is-layout-flex\">\n<div class=\"wp-block-column is-vertically-aligned-center is-layout-flow wp-block-column-is-layout-flow\">\n<div class=\"wp-block-group\"><div class=\"wp-block-group__inner-container is-layout-flow wp-block-group-is-layout-flow\">\n<p><\/p>\n<\/div><\/div>\n<\/div>\n<\/div>\n<\/div><\/div>\n\n\n\n<div class=\"wp-block-group\"><div class=\"wp-block-group__inner-container is-layout-flow wp-block-group-is-layout-flow\">\n<div class=\"wp-block-columns is-layout-flex wp-container-core-columns-is-layout-9d6595d7 wp-block-columns-is-layout-flex\">\n<div class=\"wp-block-column is-layout-flow wp-block-column-is-layout-flow\" style=\"flex-basis:100%\">\n<div class=\"wp-block-group\"><div class=\"wp-block-group__inner-container is-layout-flow wp-block-group-is-layout-flow\">\n<p><\/p>\n<\/div><\/div>\n<\/div>\n<\/div>\n<\/div><\/div>\n\n\n\n<div class=\"wp-block-group\"><div class=\"wp-block-group__inner-container is-layout-flow wp-block-group-is-layout-flow\">\n<p><\/p>\n<\/div><\/div>\n","protected":false},"excerpt":{"rendered":"<p>QUY \u0110\u1ecaNH X\u00c9T V\u00c0 C\u00d4NG NH\u1eacN T\u1ed0T NGHI\u1ec6P SINH VI\u00caN H\u1ec6 CH\u00cdNH QUY Quy \u0111\u1ecbnh x\u00e9t v\u00e0 c\u00f4ng nh\u1eadn t\u1ed1t nghi\u1ec7p sinh vi\u00ean h\u1ec7 ch\u00ednh quy QUY \u0110\u1ecaNH V\u1ec0 M\u1ede NG\u00c0NH, DUY TR\u00cc NG\u00c0NH, T\u1ea0M D\u1eeaNG TUY\u1ec2N SINH V\u00c0 \u0110\u00d3NG NG\u00c0NH \u0110\u00c0O T\u1ea0O TR\u00ccNH \u0110\u1ed8 \u0110\u1ea0I H\u1eccC Quy \u0111\u1ecbnh v\u1ec1 m\u1edf ng\u00e0nh, duy tr\u00ec ng\u00e0nh, t\u1ea1m d\u1eebng tuy\u1ec3n sinh v\u00e0 \u0111\u00f3ng ng\u00e0nh \u0111\u00e0o t\u1ea1o tr\u00ecnh \u0111\u1ed9 \u0111\u1ea1i h\u1ecdc QUY \u0110\u1ecaNH V\u1ec0 C\u00d4NG T\u00c1C GI\u00c1O V\u1ee4 Quy \u0111\u1ecbnh v\u1ec1 c\u00f4ng t\u00e1c gi\u1ea3ng d\u1ea1y c\u1ee7a Gi\u1ea3ng vi\u00ean QUY \u0110\u1ecaNH K\u1ebe HO\u1ea0CH H\u1eccC T\u1eacP, T\u1ed4 CH\u1ee8C V\u00c0 \u0110\u0102NG K\u00dd H\u1eccC PH\u1ea6N Quy \u0111\u1ecbnh&#8230;<\/p>\n","protected":false},"author":71,"featured_media":2240,"parent":258,"menu_order":0,"comment_status":"closed","ping_status":"closed","template":"","meta":{"footnotes":""},"class_list":["post-739","page","type-page","status-publish","has-post-thumbnail","hentry"],"acf":[],"_links":{"self":[{"href":"https:\/\/www.hoasen.edu.vn\/dtdh\/wp-json\/wp\/v2\/pages\/739","targetHints":{"allow":["GET"]}}],"collection":[{"href":"https:\/\/www.hoasen.edu.vn\/dtdh\/wp-json\/wp\/v2\/pages"}],"about":[{"href":"https:\/\/www.hoasen.edu.vn\/dtdh\/wp-json\/wp\/v2\/types\/page"}],"author":[{"embeddable":true,"href":"https:\/\/www.hoasen.edu.vn\/dtdh\/wp-json\/wp\/v2\/users\/71"}],"replies":[{"embeddable":true,"href":"https:\/\/www.hoasen.edu.vn\/dtdh\/wp-json\/wp\/v2\/comments?post=739"}],"version-history":[{"count":82,"href":"https:\/\/www.hoasen.edu.vn\/dtdh\/wp-json\/wp\/v2\/pages\/739\/revisions"}],"predecessor-version":[{"id":5163,"href":"https:\/\/www.hoasen.edu.vn\/dtdh\/wp-json\/wp\/v2\/pages\/739\/revisions\/5163"}],"up":[{"embeddable":true,"href":"https:\/\/www.hoasen.edu.vn\/dtdh\/wp-json\/wp\/v2\/pages\/258"}],"wp:featuredmedia":[{"embeddable":true,"href":"https:\/\/www.hoasen.edu.vn\/dtdh\/wp-json\/wp\/v2\/media\/2240"}],"wp:attachment":[{"href":"https:\/\/www.hoasen.edu.vn\/dtdh\/wp-json\/wp\/v2\/media?parent=739"}],"curies":[{"name":"wp","href":"https:\/\/api.w.org\/{rel}","templated":true}]}}