{"id":244,"date":"2022-04-20T14:57:06","date_gmt":"2022-04-20T07:57:06","guid":{"rendered":"https:\/\/www.hoasen.edu.vn\/dtdh\/?page_id=244"},"modified":"2026-04-20T22:39:42","modified_gmt":"2026-04-20T15:39:42","slug":"quy-che","status":"publish","type":"page","link":"https:\/\/www.hoasen.edu.vn\/dtdh\/van-ban-bieu-mau\/quy-che\/","title":{"rendered":"Quy ch\u1ebf"},"content":{"rendered":"<p><strong>QUY CH\u1ebe \u0110\u00c0O T\u1ea0O<\/strong><\/p>\n<ul>\n<li><a href=\"https:\/\/www.hoasen.edu.vn\/dtdh\/wp-content\/uploads\/sites\/28\/2026\/04\/QD_1483-QC-TUYEN-SINH-DAI-HOC-2026.pdf\">Quy ch\u1ebf tuy\u1ec3n sinh \u0111\u1ea1i h\u1ecdc n\u0103m 2026<\/a><\/li>\n<li><a href=\"https:\/\/drive.google.com\/file\/d\/1cbZ_VNeUYNhp7O5aXqw1bZYQ656rb8ji\/view?usp=sharing\" target=\"_blank\" rel=\"noopener\">Quy ch\u1ebf C\u1ed1 v\u1ea5n h\u1ecdc t\u1eadp 2025<\/a><\/li>\n<li><a href=\"https:\/\/drive.google.com\/file\/d\/1qfrX9oFKwCLYhkSWDwtDme4lX98E0RcI\/view?usp=sharing\" target=\"_blank\" rel=\"noopener\">Quy ch\u1ebf \u0111\u00e0o t\u1ea1o tr\u00ecnh \u0111\u1ed9 \u0111\u1ea1i h\u1ecdc kh\u00f3a 2025<\/a><\/li>\n<li><a href=\"https:\/\/drive.google.com\/file\/d\/1utlcESEJsiEXTSwDmYCCuJ7LJkEYKCJu\/view?usp=sharing\" target=\"_blank\" rel=\"noopener\">Quy ch\u1ebf tuy\u1ec3n sinh \u0111\u1ea1i h\u1ecdc n\u0103m 2025<\/a><\/li>\n<li><a href=\"https:\/\/drive.google.com\/file\/d\/1XMMdYmuSkhgllfQTCnydTwDyJsgHnXdE\/view?usp=sharing\" target=\"_blank\" rel=\"noopener\">Quy ch\u1ebf \u0111\u00e0o t\u1ea1o tr\u00ecnh \u0111\u1ed9 \u0111\u1ea1i h\u1ecdc (t\u1eeb kh\u00f3a 2023 tr\u1edf v\u1ec1 sau)<\/a><\/li>\n<li><a href=\"https:\/\/drive.google.com\/file\/d\/1b_Syy2A4lkJqspPyobLhOE1nncs2URVh\/view?usp=sharing\" target=\"_blank\" rel=\"noopener\">Quy ch\u1ebf tuy\u1ec3n sinh \u0110\u1ea1i h\u1ecdc n\u0103m 2023<\/a><\/li>\n<li><a href=\"https:\/\/drive.google.com\/file\/d\/1_NVCo-q16_HHTb-4XHi9YFw7unG7mQqx\/view?usp=sharing\" target=\"_blank\" rel=\"noopener\">Quy ch\u1ebf \u0111\u00e0o t\u1ea1o tr\u00ecnh \u0111\u1ed9 \u0110\u1ea1i h\u1ecdc (Kh\u00f3a 2021 tr\u1edf \u0111i)<\/a><\/li>\n<li><a href=\"https:\/\/drive.google.com\/file\/d\/1aSinHsjFfwRS8yFOzjkfV5iXLxDcHuCb\/view?usp=sharing\" target=\"_blank\" rel=\"noopener\">Quy ch\u1ebf \u0111\u00e0o t\u1ea1o theo h\u1ec7 th\u1ed1ng t\u00edn ch\u1ec9 (Kh\u00f3a 2020 tr\u1edf v\u1ec1 tr\u01b0\u1edbc)<\/a><\/li>\n<li><a href=\"https:\/\/www.hoasen.edu.vn\/dtdh\/wp-content\/uploads\/sites\/28\/2022\/04\/QC-15.-Quy-che-ve-in-an-quan-ly-cap-phat-van-bang-chung-chi-2690-ngay-23.12.2021-1.pdf\">Quy ch\u1ebf v\u1ec1 in \u1ea5n, qu\u1ea3n l\u00fd, c\u1ea5p ph\u00e1t v\u0103n b\u1eb1ng ch\u1ee9ng ch\u1ec9<\/a><\/li>\n<\/ul>\n<p><strong>QUY CH\u1ebe THI \/ KI\u1ec2M TRA<\/strong><\/p>\n<ul>\n<li><a href=\"https:\/\/drive.google.com\/file\/d\/1tdVjCp4n8joA0EYtoM74cH-ruWQGskC4\/view?usp=sharing\" target=\"_blank\" rel=\"noopener\">Quy ch\u1ebf t\u1ed5 ch\u1ee9c thi v\u00e0 Qu\u1ea3n l\u00fd \u0111i\u1ec3m (02.02.2024)<\/a><\/li>\n<li><a href=\"https:\/\/www.hoasen.edu.vn\/dtdh\/wp-content\/uploads\/sites\/28\/2022\/11\/TB_57_thuc-hien-nghiem-tuc-viec-thi-kiem-tra-va-hoan-thi.pdf\">Th\u00f4ng b\u00e1o v\/v th\u1ef1c hi\u1ec7n nghi\u00eam t\u00fac vi\u1ec7c thi\/ki\u1ec3m tra v\u00e0 \u0111\u0103ng k\u00fd thi l\u1ea1i theo quy\u1ebft \u0111\u1ecbnh ho\u00e3n thi<\/a><\/li>\n<\/ul>\n\n\n<div class=\"wp-block-group\"><div class=\"wp-block-group__inner-container is-layout-flow wp-block-group-is-layout-flow\">\n<div class=\"wp-block-columns is-layout-flex wp-container-core-columns-is-layout-9d6595d7 wp-block-columns-is-layout-flex\">\n<div class=\"wp-block-column is-vertically-aligned-center is-layout-flow wp-block-column-is-layout-flow\">\n<div class=\"wp-block-group\"><div class=\"wp-block-group__inner-container is-layout-flow wp-block-group-is-layout-flow\">\n<p><\/p>\n<\/div><\/div>\n<\/div>\n<\/div>\n<\/div><\/div>\n\n\n\n<div class=\"wp-block-group\"><div class=\"wp-block-group__inner-container is-layout-flow wp-block-group-is-layout-flow\">\n<div class=\"wp-block-columns is-layout-flex wp-container-core-columns-is-layout-9d6595d7 wp-block-columns-is-layout-flex\">\n<div class=\"wp-block-column is-layout-flow wp-block-column-is-layout-flow\" style=\"flex-basis:100%\">\n<div class=\"wp-block-group\"><div class=\"wp-block-group__inner-container is-layout-flow wp-block-group-is-layout-flow\">\n<p><\/p>\n<\/div><\/div>\n<\/div>\n<\/div>\n<\/div><\/div>\n\n\n\n<div class=\"wp-block-group\"><div class=\"wp-block-group__inner-container is-layout-flow wp-block-group-is-layout-flow\">\n<p><\/p>\n<\/div><\/div>\n","protected":false},"excerpt":{"rendered":"<p>QUY CH\u1ebe \u0110\u00c0O T\u1ea0O Quy ch\u1ebf tuy\u1ec3n sinh \u0111\u1ea1i h\u1ecdc n\u0103m 2026 Quy ch\u1ebf C\u1ed1 v\u1ea5n h\u1ecdc t\u1eadp 2025 Quy ch\u1ebf \u0111\u00e0o t\u1ea1o tr\u00ecnh \u0111\u1ed9 \u0111\u1ea1i h\u1ecdc kh\u00f3a 2025 Quy ch\u1ebf tuy\u1ec3n sinh \u0111\u1ea1i h\u1ecdc n\u0103m 2025 Quy ch\u1ebf \u0111\u00e0o t\u1ea1o tr\u00ecnh \u0111\u1ed9 \u0111\u1ea1i h\u1ecdc (t\u1eeb kh\u00f3a 2023 tr\u1edf v\u1ec1 sau) Quy ch\u1ebf tuy\u1ec3n sinh \u0110\u1ea1i h\u1ecdc n\u0103m 2023 Quy ch\u1ebf \u0111\u00e0o t\u1ea1o tr\u00ecnh \u0111\u1ed9 \u0110\u1ea1i h\u1ecdc (Kh\u00f3a 2021 tr\u1edf \u0111i) Quy ch\u1ebf \u0111\u00e0o t\u1ea1o theo h\u1ec7 th\u1ed1ng t\u00edn ch\u1ec9 (Kh\u00f3a 2020 tr\u1edf v\u1ec1 tr\u01b0\u1edbc) Quy ch\u1ebf v\u1ec1 in \u1ea5n, qu\u1ea3n l\u00fd, c\u1ea5p ph\u00e1t v\u0103n b\u1eb1ng ch\u1ee9ng ch\u1ec9 QUY CH\u1ebe&#8230;<\/p>\n","protected":false},"author":71,"featured_media":2240,"parent":258,"menu_order":0,"comment_status":"closed","ping_status":"closed","template":"","meta":{"footnotes":""},"class_list":["post-244","page","type-page","status-publish","has-post-thumbnail","hentry"],"acf":[],"_links":{"self":[{"href":"https:\/\/www.hoasen.edu.vn\/dtdh\/wp-json\/wp\/v2\/pages\/244","targetHints":{"allow":["GET"]}}],"collection":[{"href":"https:\/\/www.hoasen.edu.vn\/dtdh\/wp-json\/wp\/v2\/pages"}],"about":[{"href":"https:\/\/www.hoasen.edu.vn\/dtdh\/wp-json\/wp\/v2\/types\/page"}],"author":[{"embeddable":true,"href":"https:\/\/www.hoasen.edu.vn\/dtdh\/wp-json\/wp\/v2\/users\/71"}],"replies":[{"embeddable":true,"href":"https:\/\/www.hoasen.edu.vn\/dtdh\/wp-json\/wp\/v2\/comments?post=244"}],"version-history":[{"count":125,"href":"https:\/\/www.hoasen.edu.vn\/dtdh\/wp-json\/wp\/v2\/pages\/244\/revisions"}],"predecessor-version":[{"id":5255,"href":"https:\/\/www.hoasen.edu.vn\/dtdh\/wp-json\/wp\/v2\/pages\/244\/revisions\/5255"}],"up":[{"embeddable":true,"href":"https:\/\/www.hoasen.edu.vn\/dtdh\/wp-json\/wp\/v2\/pages\/258"}],"wp:featuredmedia":[{"embeddable":true,"href":"https:\/\/www.hoasen.edu.vn\/dtdh\/wp-json\/wp\/v2\/media\/2240"}],"wp:attachment":[{"href":"https:\/\/www.hoasen.edu.vn\/dtdh\/wp-json\/wp\/v2\/media?parent=244"}],"curies":[{"name":"wp","href":"https:\/\/api.w.org\/{rel}","templated":true}]}}