{"id":5031,"date":"2025-08-18T11:57:29","date_gmt":"2025-08-18T04:57:29","guid":{"rendered":"https:\/\/www.hoasen.edu.vn\/dl\/?page_id=5031"},"modified":"2025-08-18T11:57:30","modified_gmt":"2025-08-18T04:57:30","slug":"de-an-sinh-vien","status":"publish","type":"page","link":"https:\/\/www.hoasen.edu.vn\/dl\/de-an-sinh-vien\/","title":{"rendered":"\u0110\u1ec1 \u00e1n sinh vi\u00ean"},"content":{"rendered":"\n<div class=\"wp-block-columns alignfull is-not-stacked-on-mobile block-faculty inf-center is-layout-flex wp-container-core-columns-is-layout-9d6595d7 wp-block-columns-is-layout-flex\">\n<div class=\"wp-block-column is-vertically-aligned-top fy-inf-bg-left is-layout-flow wp-block-column-is-layout-flow\" style=\"flex-basis:25%\"><div class=\"wp-block-image\">\n<figure class=\"alignleft size-large\"><img decoding=\"async\" src=\"https:\/\/www.hoasen.edu.vn\/wp-content\/themes\/ru-hsu\/assets\/faculty\/img\/Group_1000004021.svg\" alt=\"\"\/><\/figure>\n<\/div><\/div>\n\n\n\n<div class=\"wp-block-column is-vertically-aligned-center fy-inf-cnt is-layout-flow wp-block-column-is-layout-flow\" style=\"flex-basis:50%\">\n<h2 class=\"wp-block-heading has-text-align-center\" style=\"font-size:32px\">\u0110\u1ec1 \u00e1n sinh vi\u00ean<\/h2>\n\n\n\n<div style=\"height:24px\" aria-hidden=\"true\" class=\"wp-block-spacer\"><\/div>\n\n\n\n<p class=\"has-text-align-center has-text-color has-link-color has-medium-font-size wp-elements-6264c6d60ffa968ac51d24eb8e91954f\" style=\"color:#4a5567\">T\u1ea1i Khoa Du l\u1ecbch &#8211; Nh\u00e0 h\u00e0ng &#8211; Kh\u00e1ch s\u1ea1n, c\u00e1c m\u00f4n h\u1ecdc \u0111\u1ec1 \u00e1n sinh vi\u00ean \u0111\u01b0\u1ee3c t\u1ed5 ch\u1ee9c d\u01b0\u1edbi h\u00ecnh th\u1ee9c <strong>cu\u1ed9c thi h\u1ecdc thu\u1eadt<\/strong> trong c\u00e1c l\u0129nh v\u1ef1c Nh\u00e0 h\u00e0ng &#8211; Kh\u00e1ch s\u1ea1n gi\u00fap sinh vi\u00ean kh\u00e1m ph\u00e1 ph\u00e1 b\u1ea3n th\u00e2n, t\u00edch l\u0169y kinh nghi\u1ec7m th\u1ef1c ti\u1ec5n v\u00e0 k\u1ebft n\u1ed1i doanh nghi\u1ec7p. Sinh vi\u00ean c\u00f3 th\u1ec3 l\u1ef1a ch\u1ecdn tr\u1edf th\u00e0nh Ban t\u1ed5 ch\u1ee9c <strong>tr\u1ef1c ti\u1ebfp \u0111i\u1ec1u h\u00e0nh d\u1ef1 \u00e1n<\/strong> ho\u1eb7c tham gia v\u1edbi vai tr\u00f2 th\u00ed sinh \u0111\u1ec3 th\u1eed s\u1ee9c trong m\u00f4i tr\u01b0\u1eddng c\u1ea1nh tranh h\u1ecdc thu\u1eadt gi\u00e0u t\u00ednh th\u1ef1c ti\u1ec5n.<\/p>\n<\/div>\n\n\n\n<div class=\"wp-block-column is-vertically-aligned-top fy-inf-bg-right is-layout-flow wp-block-column-is-layout-flow\" style=\"flex-basis:25%\"><div class=\"wp-block-image\">\n<figure class=\"alignright size-large\"><img decoding=\"async\" src=\"https:\/\/www.hoasen.edu.vn\/wp-content\/themes\/ru-hsu\/assets\/faculty\/img\/Group_1000004020.svg\" alt=\"\"\/><\/figure>\n<\/div><\/div>\n<\/div>\n\n\n<div class=\"block-faculty projects-student\">\n                        <div class=\"project-s-card\">\n                <div class=\"project-s-content\">\n                                            <h2>\u0110\u1ec1 \u00e1n I-Hotelier<\/h2>\n                                                                <div class=\"project-desc\">\n                            <p>Tr\u1ea3i qua g\u1ea7n hai th\u1eadp k\u1ef7 t\u1ed5 ch\u1ee9c, I-Hotelier \u0111\u00e3 v\u01b0\u01a1n m\u00ecnh t\u1eeb m\u1ed9t \u0111\u1ec1 \u00e1n sinh vi\u00ean c\u1ea5p Tr\u01b0\u1eddng tr\u1edf th\u00e0nh cu\u1ed9c thi h\u1ecdc thu\u1eadt uy t\u00edn to\u00e0n qu\u1ed1c trong l\u0129nh v\u1ef1c Nh\u00e0 h\u00e0ng \u2013 Kh\u00e1ch s\u1ea1n.\u00a0Su\u1ed1t 17 n\u0103m h\u00ecnh th\u00e0nh v\u00e0 ph\u00e1t tri\u1ec3n, I-Hotelier ch\u00ednh l\u00e0 h\u00e0nh tr\u00ecnh ti\u1ebfp n\u1ed1i th\u1ebf h\u1ec7 \u0111\u1ea7y t\u1ef1 h\u00e0o, kh\u1eb3ng \u0111\u1ecbnh ch\u1ea5t l\u01b0\u1ee3ng \u0111\u00e0o t\u1ea1o c\u00f9ng b\u1ea3n l\u0129nh d\u00e1m kh\u00e1c bi\u1ec7t c\u1ee7a sinh vi\u00ean Hoa Sen. T\u1eeb kh\u00e2u l\u1eadp k\u1ebf ho\u1ea1ch, t\u00ecm ki\u1ebfm nh\u00e0 t\u00e0i tr\u1ee3, tuy\u1ec3n ch\u1ecdn th\u00ed sinh cho \u0111\u1ebfn v\u1eadn h\u00e0nh s\u1ef1 ki\u1ec7n v\u00e0 tr\u1ef1c ti\u1ebfp tranh t\u00e0i, c\u00e1c b\u1ea1n \u0111\u00e3 th\u1ef1c s\u1ef1 tr\u1edf th\u00e0nh \u201cng\u01b0\u1eddi trong ngh\u1ec1\u201d ngay t\u1eeb gi\u1ea3ng \u0111\u01b0\u1eddng, h\u00ecnh th\u00e0nh t\u01b0 duy chuy\u00ean nghi\u1ec7p v\u00e0 chu\u1ea9n b\u1ecb v\u1eefng v\u00e0ng cho s\u1ef1 nghi\u1ec7p trong ng\u00e0nh Kh\u00e1ch s\u1ea1n.<\/p>\n                        <\/div>\n                                    <\/div>\n                <div class=\"project-s-image\">\n                                            <img decoding=\"async\" src=\"https:\/\/www.hoasen.edu.vn\/dl\/wp-content\/uploads\/sites\/4\/2025\/08\/I-Hotelier.jpg\" alt=\"\u0110\u1ec1 \u00e1n I-Hotelier\" \/>\n                                    <\/div>\n            <\/div>\n                    <div class=\"project-s-card\">\n                <div class=\"project-s-content\">\n                                            <h2>\u0110\u1ec1 \u00e1n The Future Chef Contest<\/h2>\n                                                                <div class=\"project-desc\">\n                            <p>H\u01a1n 01 th\u1eadp k\u1ef7 t\u1eeb \u0111\u1ec1 \u00e1n sinh vi\u00ean \u0111\u1ebfn cu\u1ed9c thi th\u01b0\u1eddng ni\u00ean thu h\u00fat h\u01a1n 10.000 b\u1ea1n tr\u1ebb c\u00f3 ni\u1ec1m \u0111am m\u00ea l\u0129nh v\u1ef1c \u0111\u1ea7u b\u1ebfp, The Future Chef Contest \u0111\u00e3 tr\u1edf th\u00e0nh s\u00e2n ch\u01a1i \u1ea9m th\u1ef1c th\u01b0\u1eddng ni\u00ean, l\u00e0 b\u1ec7 ph\u00f3ng c\u1ee7a l\u1edbp tr\u1ebb m\u1edbi v\u00e0o ngh\u1ec1. \u0110\u01b0\u1ee3c t\u1ed5 ch\u1ee9c b\u1edfi sinh vi\u00ean Khoa Du l\u1ecbch \u2013 Nh\u00e0 h\u00e0ng \u2013 Kh\u00e1ch s\u1ea1n, cu\u1ed9c thi \u0111\u01b0\u1ee3c thi\u1ebft k\u1ebf nh\u01b0 m\u1ed9t l\u1ed9 tr\u00ecnh ph\u00e1t tri\u1ec3n ho\u00e0n h\u1ea3o, bao g\u1ed3m 3 v\u00f2ng thi xen k\u1ebd c\u00e1c bu\u1ed5i workshop v\u00e0 training chuy\u00ean s\u00e2u, gi\u00fap th\u00ed sinh t\u1ea1o ra nh\u1eefng m\u00f3n \u0103n v\u1eeba ngon, v\u1eeba \u0111\u1ed9c \u0111\u00e1o, \u0111\u1ed3ng th\u1eddi t\u00edch l\u0169y kinh nghi\u1ec7m trong h\u00e0nh tr\u00ecnh ngh\u1ec1 nghi\u1ec7p.<\/p>\n                        <\/div>\n                                    <\/div>\n                <div class=\"project-s-image\">\n                                            <img decoding=\"async\" src=\"https:\/\/www.hoasen.edu.vn\/dl\/wp-content\/uploads\/sites\/4\/2025\/08\/The-Future-Chef.jpg\" alt=\"\u0110\u1ec1 \u00e1n The Future Chef Contest\" \/>\n                                    <\/div>\n            <\/div>\n                    <div class=\"project-s-card\">\n                <div class=\"project-s-content\">\n                                            <h2>\u0110\u1ec1 \u00e1n I-Bartender Contest<\/h2>\n                                                                <div class=\"project-desc\">\n                            <p>B\u01b0\u1edbc sang n\u0103m th\u1ee9 6, I-Bartner Contest ti\u1ebfp t\u1ee5c kh\u1eb3ng \u0111\u1ecbnh vai tr\u00f2 ti\u00ean phong trong vi\u1ec7c k\u1ebft n\u1ed1i v\u00e0 n\u00e2ng t\u1ea7m th\u1ebf h\u1ec7 bartender tr\u1ebb t\u1ea1i Vi\u1ec7t Nam. Cu\u1ed9c thi d\u00e0nh cho c\u00e1c t\u00e0i n\u0103ng d\u01b0\u1edbi 25 tu\u1ed5i \u0111am m\u00ea pha ch\u1ebf s\u00e1ng t\u1ea1o tr\u00ean to\u00e0n qu\u1ed1c. \u0110i\u1ec3m \u0111\u1eb7c bi\u1ec7t t\u1ea1o n\u00ean b\u1ea3n s\u1eafc I-Bartner ch\u00ednh l\u00e0 s\u1ef1 \u0111\u1ed3ng h\u00e0nh b\u1ec1n b\u1ec9 c\u1ee7a c\u00e1c chuy\u00ean gia \u0111\u1ea7u ng\u00e0nh F&amp;B trong v\u00e0 ngo\u00e0i n\u01b0\u1edbc. Ban Gi\u00e1m kh\u1ea3o kh\u00f4ng ch\u1ec9 \u0111\u1ea3m b\u1ea3o ch\u1ea5t l\u01b0\u1ee3ng chuy\u00ean m\u00f4n m\u00e0 c\u00f2n \u0111\u1ecbnh h\u01b0\u1edbng, chia s\u1ebb kinh nghi\u1ec7m v\u00e0 t\u1ea7m nh\u00ecn to\u00e0n c\u1ea7u cho th\u1ebf h\u1ec7 bartender.<\/p>\n<p>&nbsp;<\/p>\n                        <\/div>\n                                    <\/div>\n                <div class=\"project-s-image\">\n                                            <img decoding=\"async\" src=\"https:\/\/www.hoasen.edu.vn\/dl\/wp-content\/uploads\/sites\/4\/2025\/08\/I-Bartender.jpg\" alt=\"\u0110\u1ec1 \u00e1n I-Bartender Contest\" \/>\n                                    <\/div>\n            <\/div>\n                    <div class=\"project-s-card\">\n                <div class=\"project-s-content\">\n                                            <h2>\u0110\u1ec1 \u00e1n The Guiding Star<\/h2>\n                                                                <div class=\"project-desc\">\n                            <p>Kh\u1edfi \u0111\u1ea7u t\u1eeb m\u1ed9t \u0111\u1ec1 \u00e1n sinh vi\u00ean n\u0103m 2018, The Guiding Star \u0111\u00e3 kh\u00f4ng ng\u1eebng l\u1edbn m\u1ea1nh \u0111\u1ec3 tr\u1edf th\u00e0nh cu\u1ed9c thi h\u1ecdc thu\u1eadt quy m\u00f4 to\u00e0n qu\u1ed1c d\u00e0nh ri\u00eang cho c\u00e1c b\u1ea1n tr\u1ebb \u0111am m\u00ea l\u0129nh v\u1ef1c h\u01b0\u1edbng d\u1eabn vi\u00ean du l\u1ecbch. Cu\u1ed9c thi kh\u00f4ng ch\u1ec9 l\u00e0 n\u01a1i ki\u1ec3m tra ki\u1ebfn th\u1ee9c, m\u00e0 c\u00f2n m\u00f4 ph\u1ecfng h\u00e0nh tr\u00ecnh l\u00e0m ngh\u1ec1 th\u1ef1c th\u1ee5 \u2013 n\u01a1i ng\u01b0\u1eddi tr\u1ebb h\u1ecdc c\u00e1ch d\u1eabn d\u1eaft, truy\u1ec1n c\u1ea3m h\u1ee9ng, \u1ee9ng bi\u1ebfn trong t\u1eebng t\u00ecnh hu\u1ed1ng \u0111\u1ec3 tr\u01b0\u1edfng th\u00e0nh c\u00f9ng \u0111am m\u00ea du l\u1ecbch. Trong su\u1ed1t cu\u1ed9c thi, th\u00ed sinh \u0111\u01b0\u1ee3c hu\u1ea5n luy\u1ec7n b\u1edfi c\u00e1c gi\u1ea3ng vi\u00ean, chuy\u00ean gia \u0111\u1ec3 ho\u00e0n thi\u1ec7n k\u1ef9 n\u0103ng v\u00e0 t\u01b0 duy l\u00e0m ngh\u1ec1.<\/p>\n<p>&nbsp;<\/p>\n<p>&nbsp;<\/p>\n                        <\/div>\n                                    <\/div>\n                <div class=\"project-s-image\">\n                                            <img decoding=\"async\" src=\"https:\/\/www.hoasen.edu.vn\/dl\/wp-content\/uploads\/sites\/4\/2025\/08\/The-Guiding-Star.jpg\" alt=\"\u0110\u1ec1 \u00e1n The Guiding Star\" \/>\n                                    <\/div>\n            <\/div>\n            <\/div>\n\n\n\n\n<div class=\"block-faculty image-gallery-ps\">\n  <h2><\/h2>\n\n  <div class=\"gallery-ps row-1\">\n          <div class=\"main-image\">\n        <img decoding=\"async\" src=\"https:\/\/www.hoasen.edu.vn\/dl\/wp-content\/uploads\/sites\/4\/2025\/08\/The-Future-Chef-1.jpg\" alt=\"\" style=\"aspect-ratio: 16 \/ 9;\">\n      <\/div>\n\n              <div class=\"gr-sub-img\">\n                      <div class=\"sub-image\">\n              <img decoding=\"async\" src=\"https:\/\/www.hoasen.edu.vn\/dl\/wp-content\/uploads\/sites\/4\/2025\/08\/I-Hotelier-1.jpg\" alt=\"\">\n            <\/div>\n                      <div class=\"sub-image\">\n              <img decoding=\"async\" src=\"https:\/\/www.hoasen.edu.vn\/dl\/wp-content\/uploads\/sites\/4\/2025\/08\/The-Guiding-Star.jpg\" alt=\"\u0110\u1ec1 \u00e1n sinh vi\u00ean The Guiding Star 2025\">\n            <\/div>\n                  <\/div>\n            <\/div>\n\n      <div class=\"gallery-ps row-2\">\n              <div class=\"sub-image\">\n          <img decoding=\"async\" src=\"https:\/\/www.hoasen.edu.vn\/dl\/wp-content\/uploads\/sites\/4\/2025\/08\/I-Bartender-12.jpg\" alt=\"\">\n        <\/div>\n              <div class=\"sub-image\">\n          <img decoding=\"async\" src=\"https:\/\/www.hoasen.edu.vn\/dl\/wp-content\/uploads\/sites\/4\/2025\/08\/The-Guiding-Star-1.jpg\" alt=\"\">\n        <\/div>\n              <div class=\"sub-image\">\n          <img decoding=\"async\" src=\"https:\/\/www.hoasen.edu.vn\/dl\/wp-content\/uploads\/sites\/4\/2025\/08\/I-Hotelier.jpg\" alt=\"\u0110\u1ec1 \u00e1n sinh vi\u00ean I-Hotelier 2024\">\n        <\/div>\n              <div class=\"sub-image\">\n          <img decoding=\"async\" src=\"https:\/\/www.hoasen.edu.vn\/dl\/wp-content\/uploads\/sites\/4\/2025\/08\/I-Bartender-1.jpg\" alt=\"\">\n        <\/div>\n              <div class=\"sub-image\">\n          <img decoding=\"async\" src=\"https:\/\/www.hoasen.edu.vn\/dl\/wp-content\/uploads\/sites\/4\/2025\/08\/The-Future-Chef-2.jpg\" alt=\"\">\n        <\/div>\n              <div class=\"sub-image\">\n          <img decoding=\"async\" src=\"https:\/\/www.hoasen.edu.vn\/dl\/wp-content\/uploads\/sites\/4\/2025\/08\/The-Guiding-Star-3.jpg\" alt=\"\u0110\u1ec1 \u00e1n sinh vi\u00ean The Guiding Star 2024\">\n        <\/div>\n          <\/div>\n  <\/div>\n\n\n\n\n\n<div class=\"wp-block-columns alignfull are-vertically-aligned-top block-faculty fy-contact width-1200 is-layout-flex wp-container-core-columns-is-layout-9d6595d7 wp-block-columns-is-layout-flex\">\n<div class=\"wp-block-column is-vertically-aligned-top is-layout-flow wp-block-column-is-layout-flow\" style=\"flex-basis:30%\">\n<h2 class=\"wp-block-heading\" style=\"font-size:32px\">Li\u00ean h\u1ec7<\/h2>\n\n\n\n<p>C\u00e1c \u0111\u1ec1 \u00e1n Khoa Du l\u1ecbch &#8211; Nh\u00e0 h\u00e0ng &#8211; Kh\u00e1ch s\u1ea1n<\/p>\n<\/div>\n\n\n\n<div class=\"wp-block-column is-vertically-aligned-top is-layout-flow wp-block-column-is-layout-flow\" style=\"flex-basis:65%\" id=\"faculty-accordion\">\t\t<div id=\"block_4d1e9d7ef19c3e63c00bd9dda5752961\" class=\"vc-accor\">\r\n\t\t\t\t\t\t\t<div class=\"vc-accor__item\">\r\n\t\t\t\t\t\t\t\t\t\t<input type=\"checkbox\" id=\"rdblock_4d1e9d7ef19c3e63c00bd9dda5752961-1\" name=\"rd\">\r\n\t\t\t\t\t<label class=\"vc-accor__label d-block position-relative\" for=\"rdblock_4d1e9d7ef19c3e63c00bd9dda5752961-1\">\r\n\t\t\t\t\t\t<span class=\"p-relative\">\u0110\u1ec1 \u00e1n I-Hotelier<\/span>\r\n\t\t\t\t\t\t<svg class=\"vc-icon position-absolute\"><use xlink:href=\"https:\/\/www.hoasen.edu.vn\/dl\/wp-content\/themes\/ru-hsu\/assets\/img\/icons.svg#i-arrow-down\" \/><\/svg>\r\n\t\t\t\t\t<\/label>\r\n\t\t\t\t\t<div class=\"vc-accor__content\">\r\n\t\t\t\t\t\t<p><strong>Fanpage:<\/strong> <a href=\"https:\/\/www.facebook.com\/ihotelierhsu\" target=\"_blank\" rel=\"noopener\">https:\/\/www.facebook.com\/ihotelierhsu<\/a><\/p>\n<p><strong>Email:<\/strong> <a href=\"mailto:ihotelier@hoasen.edu.vn\">ihotelier@hoasen.edu.vn<\/a><\/p>\n<p><strong>Linkedin:<\/strong> <span class=\"html-span xdj266r x14z9mp xat24cr x1lziwak xexx8yu xyri2b x18d9i69 x1c1uobl x1hl2dhg x16tdsg8 x1vvkbs\"><a class=\"x1i10hfl xjbqb8w x1ejq31n x18oe1m7 x1sy0etr xstzfhl x972fbf x10w94by x1qhh985 x14e42zd x9f619 x1ypdohk xt0psk2 x3ct3a4 xdj266r x14z9mp xat24cr x1lziwak xexx8yu xyri2b x18d9i69 x1c1uobl x16tdsg8 x1hl2dhg xggy1nq x1a2a7pz xkrqix3 x1sur9pj x1fey0fg x1s688f\" tabindex=\"0\" role=\"link\" href=\"http:\/\/linkedin.com\/in\/ihotelier\/?fbclid=IwZXh0bgNhZW0CMTAAYnJpZBExQlFkWW9kVGdyb05uUGlzRAEe8NKYxhU06N9L3urf7mIm6WTG4LQbym3UUr4hGpCxfhII5JIu8HjdA94i3tc_aem_arf6Mm-w45dJCae7B80CGQ\" target=\"_blank\" rel=\"nofollow noopener noreferrer\">linkedin.com\/in\/ihotelier\/<\/a><\/span><\/p>\n\t\t\t\t\t<\/div>\r\n\t\t\t\t<\/div>\r\n\t\t\t\t\t\t\t<div class=\"vc-accor__item\">\r\n\t\t\t\t\t\t\t\t\t\t<input type=\"checkbox\" id=\"rdblock_4d1e9d7ef19c3e63c00bd9dda5752961-2\" name=\"rd\">\r\n\t\t\t\t\t<label class=\"vc-accor__label d-block position-relative\" for=\"rdblock_4d1e9d7ef19c3e63c00bd9dda5752961-2\">\r\n\t\t\t\t\t\t<span class=\"p-relative\">\u0110\u1ec1 \u00e1n The Future Chef Contest<\/span>\r\n\t\t\t\t\t\t<svg class=\"vc-icon position-absolute\"><use xlink:href=\"https:\/\/www.hoasen.edu.vn\/dl\/wp-content\/themes\/ru-hsu\/assets\/img\/icons.svg#i-arrow-down\" \/><\/svg>\r\n\t\t\t\t\t<\/label>\r\n\t\t\t\t\t<div class=\"vc-accor__content\">\r\n\t\t\t\t\t\t<p><strong>Fanpage:<\/strong> <a href=\"https:\/\/www.facebook.com\/THEFUTURECHEFCONTEST\" target=\"_blank\" rel=\"noopener\">https:\/\/www.facebook.com\/THEFUTURECHEFCONTEST<\/a><\/p>\n<p><strong>Tiktok:<\/strong> <a href=\"https:\/\/www.tiktok.com\/@hsubusinesschallenge2025\" target=\"_blank\" rel=\"noopener\">https:\/\/www.tiktok.com\/@hsubusinesschallenge2025<\/a><\/p>\n<p><strong>Email:<\/strong> <a href=\"mailto:thefuturechef@hoasen.edu.vn\">thefuturechef@hoasen.edu.vn<\/a><\/p>\n\t\t\t\t\t<\/div>\r\n\t\t\t\t<\/div>\r\n\t\t\t\t\t\t\t<div class=\"vc-accor__item\">\r\n\t\t\t\t\t\t\t\t\t\t<input type=\"checkbox\" id=\"rdblock_4d1e9d7ef19c3e63c00bd9dda5752961-3\" name=\"rd\">\r\n\t\t\t\t\t<label class=\"vc-accor__label d-block position-relative\" for=\"rdblock_4d1e9d7ef19c3e63c00bd9dda5752961-3\">\r\n\t\t\t\t\t\t<span class=\"p-relative\">\u0110\u1ec1 \u00e1n I-Bartender Contest <\/span>\r\n\t\t\t\t\t\t<svg class=\"vc-icon position-absolute\"><use xlink:href=\"https:\/\/www.hoasen.edu.vn\/dl\/wp-content\/themes\/ru-hsu\/assets\/img\/icons.svg#i-arrow-down\" \/><\/svg>\r\n\t\t\t\t\t<\/label>\r\n\t\t\t\t\t<div class=\"vc-accor__content\">\r\n\t\t\t\t\t\t<p><strong>Fanpage:<\/strong> <a href=\"https:\/\/www.facebook.com\/ibartendercontest\" target=\"_blank\" rel=\"noopener\">https:\/\/www.facebook.com\/ibartendercontest<\/a><\/p>\n<p><strong>Email:<\/strong> <a href=\"mailto:ibartender@hoasen.edu.vn\">ibartender@hoasen.edu.vn<\/a><\/p>\n\t\t\t\t\t<\/div>\r\n\t\t\t\t<\/div>\r\n\t\t\t\t\t\t\t<div class=\"vc-accor__item\">\r\n\t\t\t\t\t\t\t\t\t\t<input type=\"checkbox\" id=\"rdblock_4d1e9d7ef19c3e63c00bd9dda5752961-4\" name=\"rd\">\r\n\t\t\t\t\t<label class=\"vc-accor__label d-block position-relative\" for=\"rdblock_4d1e9d7ef19c3e63c00bd9dda5752961-4\">\r\n\t\t\t\t\t\t<span class=\"p-relative\">\u0110\u1ec1 \u00e1n The Guiding Star<\/span>\r\n\t\t\t\t\t\t<svg class=\"vc-icon position-absolute\"><use xlink:href=\"https:\/\/www.hoasen.edu.vn\/dl\/wp-content\/themes\/ru-hsu\/assets\/img\/icons.svg#i-arrow-down\" \/><\/svg>\r\n\t\t\t\t\t<\/label>\r\n\t\t\t\t\t<div class=\"vc-accor__content\">\r\n\t\t\t\t\t\t<p><strong>Fanpage:<\/strong> <a href=\"https:\/\/www.facebook.com\/TheGuidingStar6\" target=\"_blank\" rel=\"noopener\">https:\/\/www.facebook.com\/TheGuidingStar6<\/a><\/p>\n<p><strong>Email:<\/strong> <a href=\"mailto:theguidingstarseason7@gmail.com\">theguidingstarseason7@gmail.com<\/a><\/p>\n\t\t\t\t\t<\/div>\r\n\t\t\t\t<\/div>\r\n\t\t\t\t\t<\/div>\r\n\t<\/div>\n<\/div>\n\n\n<p><style>\r\n.vc-contact.position-relative {\r\n    display: none;\r\n}\r\n\t.vc-banner {\r\n    display: none;\r\n}\r\n\r\n\r\n<\/style>\r\n  \r\n<br \/>\n<style>\r\n.vc-contact.position-relative {\r\n    display: none;\r\n}\r\ndiv#widFbWidget {\r\n    display: none;\r\n}\r\n.vc-footer__col.col-12.col-md-5.col-lg-5.col-xl-2.col-xxl-3 .row {\r\n    display: grid;\r\n    grid-template-columns: 50% 50%;\r\n}\r\n.row.vc-footer__row {\r\n    margin-top: 100px;\r\n}\r\nfooter#jsFooter {\r\n    position: relative;\r\n}\r\na.vc-footer__logo.d-none.d-xl-inline-block.mb-3 {\r\n    position: absolute;\r\n    top: 50px;\r\n}\r\n.row.vc-footer__row {\r\n    margin-top: 100px;\r\n    border-top: 1px solid #2564AC;\r\n    padding-top: 20px;\r\n}\r\n.vc-footer__hotline {\r\n    background: unset;\r\n    color: #fff;\r\n    font-size: 1.3rem;\r\n    margin-bottom: 10px;\r\n    padding: unset;\r\n}\r\n.vc-footer__hotline svg, .vc-footer__info svg {\r\n    display: none;\r\n}\r\n.vc-footer__hotline a {\r\n    font-size: 1.3rem;\r\n    font-weight: 100;\r\n}\r\n.vc-footer__info{\r\n    magrin-bottom: 5px\r\n}\r\n.vc-footer__col.col-12.col-md-5.col-lg-5.col-xl-2.col-xxl-3 {\r\n    width: 35%;\r\n}\r\n.vc-footer__col.col-12.col-md-9.col-lg-9.col-xl-6.col-xxl-6 {\r\n    width: 40%;\r\n}\r\n.vc-footer__col.col-12.col-md-5.col-lg-5.col-xl-2.col-xxl-3 .vc-footer__info {\r\n    width: max-content;\r\n}\r\n#faculty-accordion .vc-accor__item {\r\n    box-shadow: unset;\r\n    border-bottom: 1px solid #EFEEEF;\r\n    border-radius: unset;\r\n}\r\n#faculty-accordion .vc-accor__item input:checked+.vc-accor__label {\r\n    border: unset;\r\n    padding: unset;\r\n}\r\n\t#followHSU img {\r\n    width: 25px;\r\n}\r\n\tdiv#followHSU {\r\n    display: flex !important;\r\n\tflex-direction: column;\r\n    gap: 8px;\r\n}\r\n\tdiv#followHSU a {\r\n    color: white;\r\n    display: flex;\r\n    width: 150px;\r\n    gap: 12px;\r\n}\r\n\tnav.vc-footer__img.d-flex.flex-wrap.justify-content-between.align-items-center {\r\n    align-content: flex-start !important;\r\n}\r\n\t.vc-footer__col.col-12.col-md-7.col-lg-7.col-xl-3 {\r\n    display: flex;\r\n}\r\n\t.footet_faculty {\r\n    display: block !important;\r\n}\r\n<\/style><\/p>\n\n\n\n<p><\/p>\n","protected":false},"excerpt":{"rendered":"<p>T\u1ea1i Khoa Du l\u1ecbch &#8211; Nh\u00e0 h\u00e0ng &#8211; Kh\u00e1ch s\u1ea1n, c\u00e1c m\u00f4n h\u1ecdc \u0111\u1ec1 \u00e1n sinh vi\u00ean \u0111\u01b0\u1ee3c t\u1ed5 ch\u1ee9c d\u01b0\u1edbi h\u00ecnh th\u1ee9c cu\u1ed9c thi gi\u00fap sinh vi\u00ean t\u00edch l\u0169y kinh nghi\u1ec7m th\u1ef1c ti\u1ec5n.<\/p>\n","protected":false},"author":5427,"featured_media":5292,"parent":0,"menu_order":0,"comment_status":"closed","ping_status":"closed","template":"page-templates\/home.php","meta":{"footnotes":""},"class_list":["post-5031","page","type-page","status-publish","has-post-thumbnail","hentry"],"acf":[],"_links":{"self":[{"href":"https:\/\/www.hoasen.edu.vn\/dl\/wp-json\/wp\/v2\/pages\/5031","targetHints":{"allow":["GET"]}}],"collection":[{"href":"https:\/\/www.hoasen.edu.vn\/dl\/wp-json\/wp\/v2\/pages"}],"about":[{"href":"https:\/\/www.hoasen.edu.vn\/dl\/wp-json\/wp\/v2\/types\/page"}],"author":[{"embeddable":true,"href":"https:\/\/www.hoasen.edu.vn\/dl\/wp-json\/wp\/v2\/users\/5427"}],"replies":[{"embeddable":true,"href":"https:\/\/www.hoasen.edu.vn\/dl\/wp-json\/wp\/v2\/comments?post=5031"}],"version-history":[{"count":12,"href":"https:\/\/www.hoasen.edu.vn\/dl\/wp-json\/wp\/v2\/pages\/5031\/revisions"}],"predecessor-version":[{"id":5458,"href":"https:\/\/www.hoasen.edu.vn\/dl\/wp-json\/wp\/v2\/pages\/5031\/revisions\/5458"}],"wp:featuredmedia":[{"embeddable":true,"href":"https:\/\/www.hoasen.edu.vn\/dl\/wp-json\/wp\/v2\/media\/5292"}],"wp:attachment":[{"href":"https:\/\/www.hoasen.edu.vn\/dl\/wp-json\/wp\/v2\/media?parent=5031"}],"curies":[{"name":"wp","href":"https:\/\/api.w.org\/{rel}","templated":true}]}}