{"id":5027,"date":"2025-08-18T12:02:44","date_gmt":"2025-08-18T05:02:44","guid":{"rendered":"https:\/\/www.hoasen.edu.vn\/dl\/?page_id=5027"},"modified":"2025-08-18T12:02:45","modified_gmt":"2025-08-18T05:02:45","slug":"tin-tuc","status":"publish","type":"page","link":"https:\/\/www.hoasen.edu.vn\/dl\/tin-tuc\/","title":{"rendered":"Tin t\u1ee9c"},"content":{"rendered":"","protected":false},"excerpt":{"rendered":"<p>Trang t\u1ed5ng h\u1ee3p nh\u1eefng tin t\u1ee9c m\u1edbi nh\u1ea5t v\u1ec1 Khoa Du l\u1ecbch &#8211; Nh\u00e0 h\u00e0ng &#8211; Kh\u00e1ch s\u1ea1n HSU, c\u00f9ng th\u00f4ng tin v\u1ec1 h\u1ee3p t\u00e1c doanh nghi\u1ec7p, c\u01a1 h\u1ed9i vi\u1ec7c l\u00e0m cho sinh vi\u00ean.<\/p>\n","protected":false},"author":5427,"featured_media":5298,"parent":0,"menu_order":0,"comment_status":"closed","ping_status":"closed","template":"page-templates\/about-faculty-post-new.php","meta":{"footnotes":""},"class_list":["post-5027","page","type-page","status-publish","has-post-thumbnail","hentry"],"acf":[],"_links":{"self":[{"href":"https:\/\/www.hoasen.edu.vn\/dl\/wp-json\/wp\/v2\/pages\/5027","targetHints":{"allow":["GET"]}}],"collection":[{"href":"https:\/\/www.hoasen.edu.vn\/dl\/wp-json\/wp\/v2\/pages"}],"about":[{"href":"https:\/\/www.hoasen.edu.vn\/dl\/wp-json\/wp\/v2\/types\/page"}],"author":[{"embeddable":true,"href":"https:\/\/www.hoasen.edu.vn\/dl\/wp-json\/wp\/v2\/users\/5427"}],"replies":[{"embeddable":true,"href":"https:\/\/www.hoasen.edu.vn\/dl\/wp-json\/wp\/v2\/comments?post=5027"}],"version-history":[{"count":5,"href":"https:\/\/www.hoasen.edu.vn\/dl\/wp-json\/wp\/v2\/pages\/5027\/revisions"}],"predecessor-version":[{"id":5301,"href":"https:\/\/www.hoasen.edu.vn\/dl\/wp-json\/wp\/v2\/pages\/5027\/revisions\/5301"}],"wp:featuredmedia":[{"embeddable":true,"href":"https:\/\/www.hoasen.edu.vn\/dl\/wp-json\/wp\/v2\/media\/5298"}],"wp:attachment":[{"href":"https:\/\/www.hoasen.edu.vn\/dl\/wp-json\/wp\/v2\/media?parent=5027"}],"curies":[{"name":"wp","href":"https:\/\/api.w.org\/{rel}","templated":true}]}}