{"id":5023,"date":"2025-08-19T09:09:32","date_gmt":"2025-08-19T02:09:32","guid":{"rendered":"https:\/\/www.hoasen.edu.vn\/dl\/?page_id=5023"},"modified":"2025-08-19T09:26:27","modified_gmt":"2025-08-19T02:26:27","slug":"kiem-dinh-quoc-te","status":"publish","type":"page","link":"https:\/\/www.hoasen.edu.vn\/dl\/gioi-thieu\/kiem-dinh-quoc-te\/","title":{"rendered":"Ki\u1ec3m \u0111\u1ecbnh qu\u1ed1c t\u1ebf"},"content":{"rendered":"\n<div class=\"wp-block-columns qual-veri is-layout-flex wp-container-core-columns-is-layout-9d6595d7 wp-block-columns-is-layout-flex\">\n<div class=\"wp-block-column is-layout-flow wp-block-column-is-layout-flow\">\n<div class=\"wp-block-media-text is-stacked-on-mobile\"><figure class=\"wp-block-media-text__media\"><img decoding=\"async\" src=\"https:\/\/www.hoasen.edu.vn\/ktqt\/wp-content\/uploads\/sites\/15\/2025\/05\/KIEM-DINH-ASIIN-05.jpg\" alt=\"Ki\u1ec3m \u0111\u1ecbnh qu\u1ed1c t\u1ebf ASIIN - \u0110\u1ee9c\" class=\"wp-image-7217 size-full\"\/><\/figure><div class=\"wp-block-media-text__content\">\n<h2><strong>Ki\u1ec3m \u0111\u1ecbnh ch\u1ea5t l\u01b0\u1ee3ng <span style=\"color: #ff0000;\">ASIIN<\/span><\/strong><\/h2>\n<p><span style=\"color: #4a5567;\">Ng\u00e0y 10\/04\/2025, Tr\u01b0\u1eddng \u0110\u1ea1i h\u1ecdc Hoa Sen ch\u00ednh th\u1ee9c \u0111\u1ea1t ki\u1ec3m \u0111\u1ecbnh <strong>c\u1ea5p c\u01a1 s\u1edf gi\u00e1o d\u1ee5c<\/strong> theo chu\u1ea9n ch\u1ea5t l\u01b0\u1ee3ng \u0111\u1ea1i h\u1ecdc c\u1ee7a ch\u00e2u \u00c2u &#8211; ASIIN (\u0110\u1ee9c), tr\u1edf th\u00e0nh tr\u01b0\u1eddng \u0111\u1ea1i h\u1ecdc t\u01b0 th\u1ee5c <strong>\u0111\u1ea7u ti\u00ean<\/strong> v\u00e0 l\u00e0 tr\u01b0\u1eddng th\u1ee9 2 t\u1ea1i Vi\u1ec7t Nam \u0111\u1ea1t ki\u1ec3m \u0111\u1ecbnh qu\u1ed1c t\u1ebf n\u00e0y. \u0110\u00e2y l\u00e0 b\u01b0\u1edbc ti\u1ebfn l\u1edbn trong h\u00e0nh tr\u00ecnh v\u01b0\u01a1n t\u1ea7m qu\u1ed1c t\u1ebf c\u1ee7a HSU khi <strong>\u0111\u00e1p \u1ee9ng to\u00e0n di\u1ec7n 4 ti\u00eau ch\u00ed<\/strong>: Qu\u1ea3n tr\u1ecb v\u00e0 m\u1ee5c ti\u00eau chi\u1ebfn l\u01b0\u1ee3c, ch\u01b0\u01a1ng tr\u00ecnh \u0111\u00e0o t\u1ea1o v\u00e0 h\u1ed7 tr\u1ee3 ng\u01b0\u1eddi h\u1ecdc, qu\u1ea3n tr\u1ecb ngu\u1ed3n l\u1ef1c v\u00e0 ph\u00e1t tri\u1ec3n \u0111\u1ed9i ng\u0169, t\u00ednh minh b\u1ea1ch v\u00e0 h\u1ec7 th\u1ed1ng l\u01b0u tr\u1eef v\u0103n b\u1ea3n.<\/span><\/p>\n<p><strong>L\u1ee3i th\u1ebf khi h\u1ecdc ch\u01b0\u01a1ng tr\u00ecnh \u0111\u1ea1t ki\u1ec3m \u0111\u1ecbnh<\/strong><\/p>\n<ul>\n<li><span style=\"color: #4a5567;\">Sinh vi\u00ean Hoa Sen s\u1edf h\u1eefu l\u1ee3i th\u1ebf c\u1ea1nh tranh r\u00f5 r\u1ec7t tr\u00ean th\u1ecb tr\u01b0\u1eddng lao \u0111\u1ed9ng trong n\u01b0\u1edbc v\u00e0 qu\u1ed1c t\u1ebf. N\u0103m 2024, <a href=\"https:\/\/laodong.vn\/ldt\/dao-tao\/loi-the-vuot-troi-cua-sinh-vien-khi-hoc-chuong-trinh-kiem-dinh-quoc-te-1503485.ldo\" target=\"_blank\" rel=\"noopener\"><strong>h\u01a1n 90% sinh vi\u00ean HSU c\u00f3 vi\u1ec7c l\u00e0m<\/strong><\/a> ngay khi t\u1ed1t nghi\u1ec7p, \u0111\u01b0\u1ee3c c\u00e1c doanh nghi\u1ec7p \u0111\u00e1nh gi\u00e1 cao v\u1ec1 s\u1ef1 ch\u1ee7 \u0111\u1ed9ng, chuy\u00ean m\u00f4n v\u00e0 kh\u1ea3 n\u0103ng h\u1ed9i nh\u1eadp.&nbsp;&nbsp;<\/span><\/li>\n<li><span style=\"color: #4a5567;\">Sinh vi\u00ean s\u1ebd \u0111\u01b0\u1ee3c t\u0103ng c\u01a1 h\u1ed9i <strong>nh\u1eadn h\u1ecdc b\u1ed5ng qu\u1ed1c t\u1ebf<\/strong>, <strong>chuy\u1ec3n \u0111\u1ed5i t\u00edn ch\u1ec9<\/strong> v\u00e0 tham gia c\u00e1c <strong>ch\u01b0\u01a1ng tr\u00ecnh trao \u0111\u1ed5i qu\u1ed1c t\u1ebf<\/strong> \u0111\u01b0\u1ee3c c\u00f4ng nh\u1eadn b\u1edfi c\u00e1c tr\u01b0\u1eddng t\u1ea1i ch\u00e2u \u00c2u.<\/span><\/li>\n<li><span style=\"color: #4a5567;\">Vi\u1ec7c th\u1ef1c hi\u1ec7n ki\u1ec3m \u0111\u1ecbnh ASIIN g\u00f3p ph\u1ea7n gi\u00fap HSU <strong>m\u1edf r\u1ed9ng m\u1ed1i quan h\u1ec7 h\u1ee3p t\u00e1c<\/strong> v\u1edbi c\u00e1c tr\u01b0\u1eddng \u0111\u1ea1i h\u1ecdc danh ti\u1ebfng t\u1ea1i Ch\u00e2u \u00c2u, thu h\u00fat \u0111\u1ed1i t\u00e1c, sinh vi\u00ean qu\u1ed1c t\u1ebf v\u00e0 doanh nghi\u1ec7p h\u1ee3p t\u00e1c \u0111\u00e0o t\u1ea1o &#8211; tuy\u1ec3n d\u1ee5ng.<\/span><\/li>\n<\/ul>\n<\/div><\/div>\n\n\n\n<div style=\"height:40px\" aria-hidden=\"true\" class=\"wp-block-spacer\"><\/div>\n\n\n\n<div class=\"wp-block-media-text is-stacked-on-mobile\"><figure class=\"wp-block-media-text__media\"><img decoding=\"async\" src=\"https:\/\/www.hoasen.edu.vn\/nn\/wp-content\/uploads\/sites\/16\/2025\/07\/YTB-1-06.png\" alt=\"\" class=\"wp-image-9327 size-full\"\/><\/figure><div class=\"wp-block-media-text__content\">\n<h2><strong>Ch\u1ee9ng nh\u1eadn ch\u1ea5t l\u01b0\u1ee3ng <span style=\"color: #ff0000;\">AUN-QA<\/span><\/strong><\/h2>\n<p><span style=\"font-weight: 400;\"><span style=\"color: #4a5567;\">T\u00ednh \u0111\u1ebfn n\u0103m 2025, HSU \u0111\u00e3 c\u00f3 <strong>12 ng\u00e0nh<\/strong> \u0111\u1ea1t ch\u1ee9ng nh\u1eadn ch\u1ea5t l\u01b0\u1ee3ng AUN-QA (b\u1ed9 ti\u00eau chu\u1ea9n \u0111\u01b0\u1ee3c ban h\u00e0nh b\u1edfi M\u1ea1ng l\u01b0\u1edbi c\u00e1c tr\u01b0\u1eddng \u0111\u1ea1i h\u1ecdc thu\u1ed9c \u0110\u00f4ng Nam \u00c1), trong \u0111\u00f3, Khoa Du l\u1ecbch &#8211; Nh\u00e0 h\u00e0ng &#8211; Kh\u00e1ch s\u1ea1n \u0111\u1ea1t 2 ng\u00e0nh, g\u1ed3m: Qu\u1ea3n tr\u1ecb Nh\u00e0 h\u00e0ng v\u00e0 D\u1ecbch v\u1ee5 \u0103n u\u1ed1ng; Qu\u1ea3n tr\u1ecb d\u1ecbch v\u1ee5 Du l\u1ecbch v\u00e0 l\u1eef h\u00e0nh. Ch\u01b0\u01a1ng tr\u00ecnh \u0111\u01b0\u1ee3c \u0111\u00e1nh gi\u00e1 to\u00e0n di\u1ec7n theo quy tr\u00ecnh kh\u00e9p k\u00edn t\u1eeb m\u1ee5c ti\u00eau, thi\u1ebft k\u1ebf, gi\u1ea3ng d\u1ea1y, ho\u1ea1t \u0111\u1ed9ng ki\u1ec3m tra \u0111\u1ebfn k\u1ebft qu\u1ea3 h\u1ecdc t\u1eadp.<\/span> <\/span><\/p>\n<p><strong>L\u1ee3i th\u1ebf khi h\u1ecdc ch\u01b0\u01a1ng tr\u00ecnh \u0111\u1ea1t ki\u1ec3m \u0111\u1ecbnh<\/strong><\/p>\n<ul>\n<li style=\"font-weight: 400;\" aria-level=\"1\"><span style=\"font-weight: 400; color: #4a5567;\">C\u1ea5u tr\u00fac v\u00e0 n\u1ed9i dung ch\u01b0\u01a1ng tr\u00ecnh \u0111\u00e0o t\u1ea1o \u0111\u01b0\u1ee3c r\u00e0 so\u00e1t, c\u1eadp nh\u1eadt th\u01b0\u1eddng xuy\u00ean nh\u1eb1m \u0111\u1ea3m b\u1ea3o ch\u1ea5t l\u01b0\u1ee3ng \u0111\u1ea7u ra v\u00e0 \u0111\u00e1p \u1ee9ng th\u1ecb tr\u01b0\u1eddng lao \u0111\u1ed9ng.<\/span><\/li>\n<li style=\"font-weight: 400;\" aria-level=\"1\"><span style=\"font-weight: 400; color: #4a5567;\">\u0110\u1ec1 cao chu tr\u00ecnh c\u1ea3i ti\u1ebfn li\u00ean t\u1ee5c P-D-C-A (Plan \u2013 Do \u2013 Check \u2013 Act), v\u1edbi m\u1ee5c ti\u00eau \u0111\u00e0o t\u1ea1o theo \u0111\u1ecbnh h\u01b0\u1edbng chu\u1ea9n \u0111\u1ea7u ra (Outcome-Based Education).<\/span><\/li>\n<li style=\"font-weight: 400;\" aria-level=\"1\"><span style=\"font-weight: 400; color: #4a5567;\">Sinh vi\u00ean \u0111\u01b0\u1ee3c ti\u1ebfp c\u1eadn nh\u1eefng ph\u01b0\u01a1ng ph\u00e1p h\u1ecdc t\u1eadp ti\u00ean ti\u1ebfn, ph\u00f9 h\u1ee3p v\u1edbi xu h\u01b0\u1edbng gi\u00e1o d\u1ee5c to\u00e0n c\u1ea7u, t\u1eeb \u0111\u00f3 ph\u00e1t tri\u1ec3n t\u01b0 duy v\u00e0 k\u1ef9 n\u0103ng m\u1ed9t c\u00e1ch to\u00e0n di\u1ec7n.<\/span><\/li>\n<li style=\"font-weight: 400;\" aria-level=\"1\"><span style=\"font-weight: 400; color: #4a5567;\">Sinh vi\u00ean c\u00f3 c\u01a1 h\u1ed9i \u0111\u01b0\u1ee3c ti\u1ebfp c\u1eadn v\u1edbi c\u00e1c doanh nghi\u1ec7p \u0111a qu\u1ed1c gia, n\u00e2ng cao l\u1ee3i th\u1ebf c\u1ea1nh tranh tr\u00ean th\u1ecb tr\u01b0\u1eddng lao \u0111\u1ed9ng to\u00e0n c\u1ea7u.<\/span><\/li>\n<\/ul>\n<\/div><\/div>\n\n\n\n<div style=\"height:50px\" aria-hidden=\"true\" class=\"wp-block-spacer\"><\/div>\n\n\n\n<h2 class=\"wp-block-heading\">Hai&nbsp;ng\u00e0nh \u0111\u1ea1t ki\u1ec3m \u0111\u1ecbnh qu\u1ed1c t\u1ebf AUN-QA<\/h2>\n<\/div>\n<\/div>\n\n\n\n\n\n  <div class=\"block-faculty-major\">\n     <h2><\/h2>\n     <div class=\"major-list\">\n             <a class=\"major-item\" href=\"https:\/\/www.hoasen.edu.vn\/dl\/nganh-quan-tri-nha-hang-va-dich-vu-an-uong\/\" target=\"_blank\">\n        <div class=\"fy-mr-img\">\n                            <img decoding=\"async\" src=\"https:\/\/www.hoasen.edu.vn\/dl\/wp-content\/uploads\/sites\/4\/2025\/08\/The-Future-Chef-1.jpg\" alt=\"\">\n                    <\/div>\n\n         <div class=\"major-content\">\n\t\t\t<div class=\"fy-mr-title\">Ng\u00e0nh Qu\u1ea3n tr\u1ecb Nh\u00e0 h\u00e0ng v\u00e0 D\u1ecbch v\u1ee5 \u0103n u\u1ed1ng<\/div>\n            <\/div>\n             <\/a>\n                  \n             <a class=\"major-item\" href=\"https:\/\/www.hoasen.edu.vn\/dl\/nganh-quan-tri-dich-vu-du-lich-va-lu-hanh\/\" target=\"_blank\">\n        <div class=\"fy-mr-img\">\n                            <img decoding=\"async\" src=\"https:\/\/www.hoasen.edu.vn\/dl\/wp-content\/uploads\/sites\/4\/2025\/08\/The-Guiding-Star.jpg\" alt=\"\u0110\u1ec1 \u00e1n sinh vi\u00ean The Guiding Star 2025\">\n                    <\/div>\n\n         <div class=\"major-content\">\n\t\t\t<div class=\"fy-mr-title\">Ng\u00e0nh Qu\u1ea3n tr\u1ecb D\u1ecbch v\u1ee5 Du l\u1ecbch v\u00e0 L\u1eef h\u00e0nh<\/div>\n            <\/div>\n             <\/a>\n                  \n          <\/div>\n<\/div>\n\n    \n\n\n<style>\r\n.vc-contact.position-relative {\r\n    display: none;\r\n}\r\n\t.vc-banner {\r\n    display: none;\r\n}\r\n\r\n\r\n<\/style>\r\n  \r\n\n","protected":false},"excerpt":{"rendered":"<p>Khoa Du l\u1ecbch &#8211; Nh\u00e0 h\u00e0ng &#8211; Kh\u00e1ch s\u1ea1n HSU \u0111\u1ea1t ki\u1ec3m \u0111\u1ecbnh qu\u1ed1c t\u1ebf ASIIN c\u1ea5p c\u01a1 s\u1edf v\u00e0 AUN-QA, minh ch\u1ee9ng cho ch\u1ea5t l\u01b0\u1ee3ng \u0111\u00e0o t\u1ea1o \u0111\u1ea1t chu\u1ea9n qu\u1ed1c t\u1ebf. Xem chi ti\u1ebft!<\/p>\n","protected":false},"author":5427,"featured_media":5304,"parent":5017,"menu_order":3,"comment_status":"closed","ping_status":"closed","template":"","meta":{"footnotes":""},"class_list":["post-5023","page","type-page","status-publish","has-post-thumbnail","hentry"],"acf":[],"_links":{"self":[{"href":"https:\/\/www.hoasen.edu.vn\/dl\/wp-json\/wp\/v2\/pages\/5023","targetHints":{"allow":["GET"]}}],"collection":[{"href":"https:\/\/www.hoasen.edu.vn\/dl\/wp-json\/wp\/v2\/pages"}],"about":[{"href":"https:\/\/www.hoasen.edu.vn\/dl\/wp-json\/wp\/v2\/types\/page"}],"author":[{"embeddable":true,"href":"https:\/\/www.hoasen.edu.vn\/dl\/wp-json\/wp\/v2\/users\/5427"}],"replies":[{"embeddable":true,"href":"https:\/\/www.hoasen.edu.vn\/dl\/wp-json\/wp\/v2\/comments?post=5023"}],"version-history":[{"count":9,"href":"https:\/\/www.hoasen.edu.vn\/dl\/wp-json\/wp\/v2\/pages\/5023\/revisions"}],"predecessor-version":[{"id":5378,"href":"https:\/\/www.hoasen.edu.vn\/dl\/wp-json\/wp\/v2\/pages\/5023\/revisions\/5378"}],"up":[{"embeddable":true,"href":"https:\/\/www.hoasen.edu.vn\/dl\/wp-json\/wp\/v2\/pages\/5017"}],"wp:featuredmedia":[{"embeddable":true,"href":"https:\/\/www.hoasen.edu.vn\/dl\/wp-json\/wp\/v2\/media\/5304"}],"wp:attachment":[{"href":"https:\/\/www.hoasen.edu.vn\/dl\/wp-json\/wp\/v2\/media?parent=5023"}],"curies":[{"name":"wp","href":"https:\/\/api.w.org\/{rel}","templated":true}]}}