{"id":5021,"date":"2025-08-18T12:06:28","date_gmt":"2025-08-18T05:06:28","guid":{"rendered":"https:\/\/www.hoasen.edu.vn\/dl\/?page_id=5021"},"modified":"2026-03-30T16:00:25","modified_gmt":"2026-03-30T09:00:25","slug":"doi-ngu-nhan-su","status":"publish","type":"page","link":"https:\/\/www.hoasen.edu.vn\/dl\/gioi-thieu\/doi-ngu-nhan-su\/","title":{"rendered":"\u0110\u1ed9i ng\u0169 nh\u00e2n s\u1ef1"},"content":{"rendered":"\n\n\n<div class=\"news-list-staff\">\n            <div class=\"news-item-s\">\n\t\t\t<div class=\"bg-i-s\">\n                            <img decoding=\"async\" src=\"https:\/\/www.hoasen.edu.vn\/dl\/wp-content\/uploads\/sites\/4\/2026\/03\/574268651_5147660675459341_150537763021536665_n-1.jpg\" alt=\"\">\n                \t\t\t<div class=\"br-b-bg\"><\/div>\n\t\t\t<\/div>\n            <div class=\"news-content\">\n                <h3 class=\"name\">ThS. L\u00ea \u00c2u Ng\u00e2n Anh<\/h3>\n                <p class=\"job\">Ph\u00f3 Tr\u01b0\u1edfng Khoa, Ph\u1ee5 tr\u00e1ch Khoa<\/p>\n\t\t\t\t<p><\/p>\n                <div class=\"cnt-s\"><div><strong>H\u1ecdc h\u00e0m \u2013 H\u1ecdc v\u1ecb:<\/strong> Th\u1ea1c s\u0129<\/div>\n<div><strong>L\u0129nh v\u1ef1c:<\/strong> Qu\u1ea3n tr\u1ecb s\u1ef1 ki\u1ec7n<\/div>\n<div><strong>Kinh nghi\u1ec7m gi\u1ea3ng d\u1ea1y:<\/strong> 03 n\u0103m<\/div>\n<div><strong>Kinh nghi\u1ec7m doanh nghi\u1ec7p:<\/strong> InterContinental Saigon, Novotel Saigon Centre, MII Vietnam<\/div>\n<div><strong>Email: <\/strong>anh.leaungan@hoasen.edu.vn<\/div>\n<\/div>\n            <\/div>\n        <\/div>\n            <div class=\"news-item-s\">\n\t\t\t<div class=\"bg-i-s\">\n                            <img decoding=\"async\" src=\"https:\/\/www.hoasen.edu.vn\/dl\/wp-content\/uploads\/sites\/4\/2025\/08\/ThS.-Nguyen-Thien-Truong.jpg\" alt=\"\">\n                \t\t\t<div class=\"br-b-bg\"><\/div>\n\t\t\t<\/div>\n            <div class=\"news-content\">\n                <h3 class=\"name\">ThS. Nguy\u1ec5n Thi\u00ean Tr\u01b0\u1eddng<\/h3>\n                <p class=\"job\">Ph\u00f3 Tr\u01b0\u1edfng Khoa, Gi\u00e1m \u0111\u1ed1c ch\u01b0\u01a1ng tr\u00ecnh<\/p>\n\t\t\t\t<p><\/p>\n                <div class=\"cnt-s\"><div>\n<div><strong>H\u1ecdc h\u00e0m \u2013 H\u1ecdc v\u1ecb: <\/strong>Th\u1ea1c s\u0129<\/div>\n<div><strong>L\u0129nh v\u1ef1c:<\/strong> Qu\u1ea3n tr\u1ecb kh\u00e1ch s\u1ea1n<\/div>\n<div><strong>Kinh nghi\u1ec7m gi\u1ea3ng d\u1ea1y:<\/strong> 06 n\u0103m<\/div>\n<div><strong>Kinh nghi\u1ec7m doanh nghi\u1ec7p: <\/strong>10 n\u0103m t\u1ea1i Grand Hotel Saigon, Saigontourist Group<\/div>\n<div><strong>Email: <\/strong>truong.nguyenthien@hoasen.edu.vn<\/div>\n<\/div>\n<\/div>\n            <\/div>\n        <\/div>\n            <div class=\"news-item-s\">\n\t\t\t<div class=\"bg-i-s\">\n                            <img decoding=\"async\" src=\"https:\/\/www.hoasen.edu.vn\/dl\/wp-content\/uploads\/sites\/4\/2025\/08\/ThS.-Tran-Ngoc-Tien.jpg\" alt=\"\">\n                \t\t\t<div class=\"br-b-bg\"><\/div>\n\t\t\t<\/div>\n            <div class=\"news-content\">\n                <h3 class=\"name\">ThS. Tr\u1ea7n Ng\u1ecdc Ti\u1ebfn<\/h3>\n                <p class=\"job\">Gi\u00e1m \u0111\u1ed1c ch\u01b0\u01a1ng tr\u00ecnh<\/p>\n\t\t\t\t<p><\/p>\n                <div class=\"cnt-s\"><div><strong>H\u1ecdc h\u00e0m \u2013 H\u1ecdc v\u1ecb:<\/strong> Th\u1ea1c s\u0129<\/div>\n<div><strong>L\u0129nh v\u1ef1c:<\/strong> Qu\u1ea3n tr\u1ecb D\u1ecbch v\u1ee5 Du l\u1ecbch v\u00e0 L\u1eef h\u00e0nh<\/div>\n<div><strong>Kinh nghi\u1ec7m gi\u1ea3ng d\u1ea1y:<\/strong> 03 n\u0103m<\/div>\n<div><strong>Kinh nghi\u1ec7m doanh nghi\u1ec7p:<\/strong> Vietravel, Wepro Entertainment, Bravo Indochina Tours<\/div>\n<div><strong>Email: <\/strong>tien.tranngoc2864@hoasen.edu.vn<\/div>\n<\/div>\n            <\/div>\n        <\/div>\n            <div class=\"news-item-s\">\n\t\t\t<div class=\"bg-i-s\">\n                            <img decoding=\"async\" src=\"https:\/\/www.hoasen.edu.vn\/dl\/wp-content\/uploads\/sites\/4\/2026\/03\/DSC8491-1-1.png\" alt=\"\">\n                \t\t\t<div class=\"br-b-bg\"><\/div>\n\t\t\t<\/div>\n            <div class=\"news-content\">\n                <h3 class=\"name\">ThS. Nguy\u1ec5n H\u1ee9a Ti\u1ebfn Anh<\/h3>\n                <p class=\"job\">Gi\u00e1m \u0111\u1ed1c ch\u01b0\u01a1ng tr\u00ecnh<\/p>\n\t\t\t\t<p><\/p>\n                <div class=\"cnt-s\"><div><strong>H\u1ecdc h\u00e0m \u2013 H\u1ecdc v\u1ecb:<\/strong> Th\u1ea1c s\u0129<\/div>\n<div><strong>L\u0129nh v\u1ef1c:<\/strong> Qu\u1ea3n tr\u1ecb Kh\u00e1ch s\u1ea1n, Travel Tech, e-Commerce, Distribution, Ride Hailing<\/div>\n<div><strong>Kinh nghi\u1ec7m gi\u1ea3ng d\u1ea1y:<\/strong> 01 n\u0103m<\/div>\n<div><strong>Kinh nghi\u1ec7m doanh nghi\u1ec7p:<\/strong> <span class=\"text\">M\u00f6venpick Hotel Saigon, <\/span><a target=\"_blank\" rel=\"noopener noreferrer\" data-content=\"Booking.com\" data-z-element-type=\"link\">Booking.com<\/a><span class=\"text\">, Traveloka, Archipelago International, Xanh SM <\/span><\/div>\n<div><strong>Email:<\/strong>anh.nguyenhuatien@hoasen.edu.vn<\/div>\n<\/div>\n            <\/div>\n        <\/div>\n            <div class=\"news-item-s\">\n\t\t\t<div class=\"bg-i-s\">\n                            <img decoding=\"async\" src=\"https:\/\/www.hoasen.edu.vn\/dl\/wp-content\/uploads\/sites\/4\/2025\/08\/ThS.-Le-Nguyen-Tuong-Vy.jpg\" alt=\"\">\n                \t\t\t<div class=\"br-b-bg\"><\/div>\n\t\t\t<\/div>\n            <div class=\"news-content\">\n                <h3 class=\"name\">ThS. L\u00ea Nguy\u1ec5n T\u01b0\u1eddng Vy<\/h3>\n                <p class=\"job\">Gi\u00e1m \u0111\u1ed1c ch\u01b0\u01a1ng tr\u00ecnh<\/p>\n\t\t\t\t<p><\/p>\n                <div class=\"cnt-s\"><div><strong>H\u1ecdc h\u00e0m \u2013 H\u1ecdc v\u1ecb:<\/strong> Th\u1ea1c s\u0129<\/div>\n<div><strong>L\u0129nh v\u1ef1c:<\/strong> Sinh h\u1ecdc<\/div>\n<div><strong>Kinh nghi\u1ec7m gi\u1ea3ng d\u1ea1y:<\/strong> 04 n\u0103m<\/div>\n<div><strong>Email: <\/strong>vy.lenguyentuong@hoasen.edu.vn<\/div>\n<\/div>\n            <\/div>\n        <\/div>\n            <div class=\"news-item-s\">\n\t\t\t<div class=\"bg-i-s\">\n                            <img decoding=\"async\" src=\"https:\/\/www.hoasen.edu.vn\/dl\/wp-content\/uploads\/sites\/4\/2025\/08\/ThS.-Tran-Viet-Vuong.jpg\" alt=\"\">\n                \t\t\t<div class=\"br-b-bg\"><\/div>\n\t\t\t<\/div>\n            <div class=\"news-content\">\n                <h3 class=\"name\">ThS. Tr\u1ea7n Vi\u1ec7t V\u01b0\u01a1ng<\/h3>\n                <p class=\"job\">Gi\u1ea3ng vi\u00ean<\/p>\n\t\t\t\t<p><\/p>\n                <div class=\"cnt-s\"><div>\n<div><strong>H\u1ecdc h\u00e0m \u2013 H\u1ecdc v\u1ecb:<\/strong> Th\u1ea1c s\u0129<\/div>\n<div><strong>L\u0129nh v\u1ef1c:<\/strong> Qu\u1ea3n tr\u1ecb Ph\u00f2ng, Ti\u1ec1n S\u1ea3nh,\u00a0 L\u01b0u tr\u00fa. Tourism Management<\/div>\n<div><strong>Kinh nghi\u1ec7m gi\u1ea3ng d\u1ea1y:<\/strong> 13 n\u0103m<\/div>\n<div><strong>Kinh nghi\u1ec7m doanh nghi\u1ec7p: <\/strong>20 n\u0103m t\u1ea1i NewWorld Saigon Hotel, Wyndham Zurich<\/div>\n<div><strong>Email: <\/strong>vuong.tranviet@hoasen.edu.vn<\/div>\n<\/div>\n<\/div>\n            <\/div>\n        <\/div>\n            <div class=\"news-item-s\">\n\t\t\t<div class=\"bg-i-s\">\n                            <img decoding=\"async\" src=\"https:\/\/www.hoasen.edu.vn\/dl\/wp-content\/uploads\/sites\/4\/2025\/08\/ThS.-Nguyen-Thi-Trung-Trinh.jpg\" alt=\"\">\n                \t\t\t<div class=\"br-b-bg\"><\/div>\n\t\t\t<\/div>\n            <div class=\"news-content\">\n                <h3 class=\"name\">ThS. Nguy\u1ec5n Th\u1ecb Trung Trinh<\/h3>\n                <p class=\"job\">Gi\u1ea3ng vi\u00ean<\/p>\n\t\t\t\t<p><\/p>\n                <div class=\"cnt-s\"><div><strong>H\u1ecdc h\u00e0m \u2013 H\u1ecdc v\u1ecb:<\/strong> Th\u1ea1c s\u0129<\/div>\n<div><strong>L\u0129nh v\u1ef1c:<\/strong> Qu\u1ea3n tr\u1ecb s\u1ef1 ki\u1ec7n<\/div>\n<div><strong>Kinh nghi\u1ec7m gi\u1ea3ng d\u1ea1y:<\/strong> 15 n\u0103m<\/div>\n<div><strong>Kinh nghi\u1ec7m doanh nghi\u1ec7p:<\/strong> Vietnam Airlines, Singapore Airlines, Saigontourist Hospitality College, DongPhuong Group, TTC Hospitaltiy, Corporate Training, Commercial Events<\/div>\n<div><strong>Email: <\/strong>trinh.nguyenthitrung@hoasen.edu.vn<\/div>\n<\/div>\n            <\/div>\n        <\/div>\n            <div class=\"news-item-s\">\n\t\t\t<div class=\"bg-i-s\">\n                            <img decoding=\"async\" src=\"https:\/\/www.hoasen.edu.vn\/dl\/wp-content\/uploads\/sites\/4\/2025\/08\/ThS.-Vo-Thi-Thu-Ha.jpg\" alt=\"\">\n                \t\t\t<div class=\"br-b-bg\"><\/div>\n\t\t\t<\/div>\n            <div class=\"news-content\">\n                <h3 class=\"name\">ThS. V\u00f5 Th\u1ecb Thu H\u00e0<\/h3>\n                <p class=\"job\">Gi\u1ea3ng vi\u00ean<\/p>\n\t\t\t\t<p><\/p>\n                <div class=\"cnt-s\"><div><strong>H\u1ecdc h\u00e0m \u2013 H\u1ecdc v\u1ecb:<\/strong> Th\u1ea1c s\u0129<\/div>\n<div><strong>L\u0129nh v\u1ef1c:<\/strong> Ch\u1ebf bi\u1ebfn m\u00f3n \u0103n; An to\u00e0n v\u1ec7 sinh th\u1ef1c ph\u1ea9m<\/div>\n<div><strong>Kinh nghi\u1ec7m gi\u1ea3ng d\u1ea1y:<\/strong> 25 n\u0103m<\/div>\n<div><strong>Kinh nghi\u1ec7m doanh nghi\u1ec7p: <\/strong>T\u01b0 v\u1ea5n chuy\u00ean m\u00f4n v\u00e0 \u0111\u1ea7u b\u1ebfp c\u1ee7a ch\u01b0\u01a1ng tr\u00ecnh \u201cM\u00f3n ngon m\u1ed7i ng\u00e0y\u201d tr\u00ean HTV7<\/div>\n<div><strong>Email: <\/strong>ha.vothithu0855@hoasen.edu.vn<\/div>\n<\/div>\n            <\/div>\n        <\/div>\n            <div class=\"news-item-s\">\n\t\t\t<div class=\"bg-i-s\">\n                            <img decoding=\"async\" src=\"https:\/\/www.hoasen.edu.vn\/dl\/wp-content\/uploads\/sites\/4\/2025\/08\/ThS.-Dau-Thi-Ngoc-Phung.jpg\" alt=\"\">\n                \t\t\t<div class=\"br-b-bg\"><\/div>\n\t\t\t<\/div>\n            <div class=\"news-content\">\n                <h3 class=\"name\">ThS. \u0110\u1eadu Th\u1ecb Ng\u1ecdc Ph\u1ee5ng<\/h3>\n                <p class=\"job\">Gi\u1ea3ng vi\u00ean<\/p>\n\t\t\t\t<p><\/p>\n                <div class=\"cnt-s\"><div>\n<div><strong>H\u1ecdc h\u00e0m \u2013 H\u1ecdc v\u1ecb:<\/strong> Th\u1ea1c s\u0129<\/div>\n<div><strong>L\u0129nh v\u1ef1c:<\/strong> Events, Catering, Hospitality, Public Speaking, Leadership<\/div>\n<div><strong>Kinh nghi\u1ec7m gi\u1ea3ng d\u1ea1y:<\/strong> 07 n\u0103m<\/div>\n<div><strong>Kinh nghi\u1ec7m doanh nghi\u1ec7p: <\/strong>Moet Hennessy, Australian Dance Institute, The Egg Factors Sydney, Niji Sushi Bar Sydney, Naked Espresso Sydney, Eh Event \u2013 Catering<\/div>\n<div><strong>Email: <\/strong>phung.dauthingoc@hoasen.edu.vn<\/div>\n<\/div>\n<\/div>\n            <\/div>\n        <\/div>\n            <div class=\"news-item-s\">\n\t\t\t<div class=\"bg-i-s\">\n                            <img decoding=\"async\" src=\"https:\/\/www.hoasen.edu.vn\/dl\/wp-content\/uploads\/sites\/4\/2021\/11\/lmphuong.jpeg\" alt=\"\">\n                \t\t\t<div class=\"br-b-bg\"><\/div>\n\t\t\t<\/div>\n            <div class=\"news-content\">\n                <h3 class=\"name\">ThS. L\u00ea Minh Ph\u01b0\u01a1ng<\/h3>\n                <p class=\"job\">Gi\u1ea3ng vi\u00ean<\/p>\n\t\t\t\t<p><\/p>\n                <div class=\"cnt-s\"><div><strong>H\u1ecdc h\u00e0m \u2013 H\u1ecdc v\u1ecb:<\/strong> Th\u1ea1c s\u0129<\/div>\n<div><strong>L\u0129nh v\u1ef1c:<\/strong> Tour Operation, Tourism Management, MICE<\/div>\n<div><strong>Kinh nghi\u1ec7m gi\u1ea3ng d\u1ea1y:<\/strong> 10 n\u0103m<\/div>\n<div><strong>Email: <\/strong>phuong.leminh@hoasen.edu.vn<\/div>\n<\/div>\n            <\/div>\n        <\/div>\n            <div class=\"news-item-s\">\n\t\t\t<div class=\"bg-i-s\">\n                            <img decoding=\"async\" src=\"https:\/\/www.hoasen.edu.vn\/dl\/wp-content\/uploads\/sites\/4\/2025\/08\/ThS.-Mai-Kim-Thoa.png\" alt=\"\">\n                \t\t\t<div class=\"br-b-bg\"><\/div>\n\t\t\t<\/div>\n            <div class=\"news-content\">\n                <h3 class=\"name\">ThS. Mai Kim Thoa<\/h3>\n                <p class=\"job\">Gi\u1ea3ng vi\u00ean<\/p>\n\t\t\t\t<p><\/p>\n                <div class=\"cnt-s\"><div><strong>H\u1ecdc h\u00e0m \u2013 H\u1ecdc v\u1ecb:<\/strong> Th\u1ea1c s\u0129<\/div>\n<div><strong>L\u0129nh v\u1ef1c:<\/strong> Qu\u1ea3n tr\u1ecb kh\u00e1ch s\u1ea1n, Marketing<\/div>\n<div><strong>Kinh nghi\u1ec7m gi\u1ea3ng d\u1ea1y:<\/strong> 10 n\u0103m<\/div>\n<div><strong>Email: <\/strong>thoa.maikim@hoasen.edu.vn<strong><br \/>\n<\/strong><\/div>\n<\/div>\n            <\/div>\n        <\/div>\n            <div class=\"news-item-s\">\n\t\t\t<div class=\"bg-i-s\">\n                            <img decoding=\"async\" src=\"https:\/\/www.hoasen.edu.vn\/dl\/wp-content\/uploads\/sites\/4\/2025\/08\/ThS.-Pham-Thi-Hong-Ngoc.jpg\" alt=\"\">\n                \t\t\t<div class=\"br-b-bg\"><\/div>\n\t\t\t<\/div>\n            <div class=\"news-content\">\n                <h3 class=\"name\">ThS. Ph\u1ea1m Th\u1ecb H\u1ed3ng Ng\u1ecdc<\/h3>\n                <p class=\"job\">Th\u01b0 k\u00fd<\/p>\n\t\t\t\t<p><\/p>\n                <div class=\"cnt-s\"><div><strong>H\u1ecdc h\u00e0m \u2013 H\u1ecdc v\u1ecb:<\/strong> Th\u1ea1c s\u0129<\/div>\n<div><strong>L\u0129nh v\u1ef1c:<\/strong> Qu\u1ea3n tr\u1ecb v\u0103n ph\u00f2ng<\/div>\n<div><strong>Email: <\/strong>ngoc.phamthihong@hoasen.edu.vn<strong><br \/>\n<\/strong><\/div>\n<\/div>\n            <\/div>\n        <\/div>\n            <div class=\"news-item-s\">\n\t\t\t<div class=\"bg-i-s\">\n                            <img decoding=\"async\" src=\"https:\/\/www.hoasen.edu.vn\/dl\/wp-content\/uploads\/sites\/4\/2025\/08\/Tran-Thi-Kim-An.jpg\" alt=\"\">\n                \t\t\t<div class=\"br-b-bg\"><\/div>\n\t\t\t<\/div>\n            <div class=\"news-content\">\n                <h3 class=\"name\">Ch\u1ecb Tr\u1ea7n Th\u1ecb Kim \u1ea4n<\/h3>\n                <p class=\"job\">Th\u01b0 k\u00fd<\/p>\n\t\t\t\t<p><\/p>\n                <div class=\"cnt-s\"><div><strong>H\u1ecdc h\u00e0m \u2013 H\u1ecdc v\u1ecb:<\/strong> C\u1eed nh\u00e2n<\/div>\n<div><strong>L\u0129nh v\u1ef1c:<\/strong> Qu\u1ea3n tr\u1ecb v\u0103n ph\u00f2ng<\/div>\n<div><strong>Email: <\/strong>an.tranthikim@hoasen.edu.vn<strong><br \/>\n<\/strong><\/div>\n<\/div>\n            <\/div>\n        <\/div>\n            <div class=\"news-item-s\">\n\t\t\t<div class=\"bg-i-s\">\n                            <img decoding=\"async\" src=\"https:\/\/www.hoasen.edu.vn\/dl\/wp-content\/uploads\/sites\/4\/2025\/08\/Luong-Hoang-Phu.jpg\" alt=\"\">\n                \t\t\t<div class=\"br-b-bg\"><\/div>\n\t\t\t<\/div>\n            <div class=\"news-content\">\n                <h3 class=\"name\">Anh L\u01b0\u01a1ng Ho\u00e0ng Ph\u00fa<\/h3>\n                <p class=\"job\">Chuy\u00ean vi\u00ean Quan h\u1ec7 doanh nghi\u1ec7p<\/p>\n\t\t\t\t<p><\/p>\n                <div class=\"cnt-s\"><div><strong>H\u1ecdc h\u00e0m \u2013 H\u1ecdc v\u1ecb:<\/strong> C\u1eed nh\u00e2n<\/div>\n<div><strong>L\u0129nh v\u1ef1c:<\/strong> Qu\u1ea3n tr\u1ecb L\u1eef h\u00e0nh, Event<\/div>\n<div><strong>Email: <\/strong>phu.luonghoang@hoasen.edu.vn<strong><br \/>\n<\/strong><\/div>\n<\/div>\n            <\/div>\n        <\/div>\n            <div class=\"news-item-s\">\n\t\t\t<div class=\"bg-i-s\">\n                            <img decoding=\"async\" src=\"https:\/\/www.hoasen.edu.vn\/dl\/wp-content\/uploads\/sites\/4\/2025\/08\/Le-Ngoc-Quynh-Nhu.jpg\" alt=\"\">\n                \t\t\t<div class=\"br-b-bg\"><\/div>\n\t\t\t<\/div>\n            <div class=\"news-content\">\n                <h3 class=\"name\">Ch\u1ecb L\u00ea Ng\u1ecdc Qu\u1ef3nh Nh\u01b0<\/h3>\n                <p class=\"job\">C\u1ed1 v\u1ea5n h\u1ecdc t\u1eadp<\/p>\n\t\t\t\t<p><\/p>\n                <div class=\"cnt-s\"><div><strong>H\u1ecdc h\u00e0m \u2013 H\u1ecdc v\u1ecb:<\/strong> C\u1eed nh\u00e2n<\/div>\n<div><strong>Email: <\/strong>nhu.lengocquynh@hoasen.edu.vn<strong><br \/>\n<\/strong><\/div>\n<\/div>\n            <\/div>\n        <\/div>\n            <div class=\"news-item-s\">\n\t\t\t<div class=\"bg-i-s\">\n                            <img decoding=\"async\" src=\"https:\/\/www.hoasen.edu.vn\/dl\/wp-content\/uploads\/sites\/4\/2025\/08\/Vu-Tran-Anh-Khoa-1.png\" alt=\"\">\n                \t\t\t<div class=\"br-b-bg\"><\/div>\n\t\t\t<\/div>\n            <div class=\"news-content\">\n                <h3 class=\"name\">Anh V\u0169 Tr\u1ea7n Anh Khoa<\/h3>\n                <p class=\"job\">Chuy\u00ean vi\u00ean Tuy\u1ec3n sinh &#8211; Hoa Sen Elite<\/p>\n\t\t\t\t<p><\/p>\n                <div class=\"cnt-s\"><div><strong>H\u1ecdc h\u00e0m \u2013 H\u1ecdc v\u1ecb:<\/strong> C\u1eed nh\u00e2n<\/div>\n<div><strong>Email: <\/strong>khoa.vutrananh@hoasen.edu.vn<strong><br \/>\n<\/strong><\/div>\n<\/div>\n            <\/div>\n        <\/div>\n    <\/div>\n    \n<style>\n  .news-list-staff {\n      display: grid;\n      grid-template-columns: repeat(auto-fill, minmax(320px, 1fr));\n      gap: 20px;\n    }\n  .news-item-s {\n    display: grid;\n\tgrid-template-rows: 362px;\n}\n    \/*.news-item-s:hover {\n       box-shadow: 0px 12px 16px -4px #024ca17a;\n          padding: 10px;\n    background: #024ca1;\n    color: #fff;\n    }*\/\n\n    .news-list-staff .news-item-s img {\n      width: 100%;\n      object-fit: cover;\n      height: 100%;\n    }\n    .news-list-staff .news-content {\n      padding: 20px;\n            box-shadow: 0px 12px 16px -4px #0A0D1214;\n            background: white;\n\t\t\tword-break: break-word;\n    overflow-wrap: break-word;\n    white-space: normal;\n    }\n\t.news-list-staff .job {\n    font-weight: bold;\n\t}\n\t.news-list-staff .cnt-s{\n\t\tcolor: #4A5567;\n\t}\n\t\n\t.news-list-staff .br-b-bg {\n            position: absolute;\n    bottom: 0;\n    width: 100%;\n    height: 40px;\n    background: linear-gradient(to bottom, #009FE8 8px, #024DA1  8px);\n\t}\n    \n\t.news-list-staff .bg-i-s {\n    position: relative;\n        height: 362px;\n}\n.news-list-staff .bg-i-s::before{\n    height: 64px;\n    width: 61px;\n    background: url('https:\/\/www.hoasen.edu.vn\/wp-content\/themes\/ru-hsu\/assets\/faculty\/img\/icon_bg_staff_left.svg');\n    content: \"\";\n    position: absolute;\n    bottom: 0px;\n    left: 0px;\n    background-repeat: no-repeat;\n    z-index: 1;\n}\n.news-list-staff .bg-i-s::after{\n    height: 16px;\n    width: 112px;\n    background: url('https:\/\/www.hoasen.edu.vn\/wp-content\/themes\/ru-hsu\/assets\/faculty\/img\/icon_bg_staff_right.svg');\n    content: \"\";\n    position: absolute;\n    bottom: 32px;\n    right: 0px;\n    background-repeat: no-repeat;\n    z-index: 1;\n}\n.vc-txt:has(.news-list-staff) h1{\nfont-size: 32px !important;\n    text-align: left !important;\n\tpadding-top: 56px;\n\n}\n.vc-txt:has(.news-list-staff) h1::after{\ndisplay: none !important;\n}\n.vc-txt:has(.news-list-staff) h3{\nfont-size: 20px !important;\n}\n.container:has(.news-list-staff) {\npadding: 0 56px;\n    }\n@media only screen and (max-width: 1000px){\n    .container:has(.news-list-staff) {\npadding: 0 40px;\n    }\n.vc-txt:has(.news-list-staff) h1{\nfont-size: 24px !important;\npadding-top: 40px;\n}\n}\n@media only screen and (max-width: 500px){\n    .container:has(.news-list-staff) {\npadding: 0 16px;\n    }\n.vc-txt:has(.news-list-staff) h1{\nfont-size: 20px !important;\npadding-top: 16px;\n}\n}\n<\/style>\n<script>\n    const grids = document.querySelectorAll(\".news-item-s\");\n    \/\/ T\u00ednh chi\u1ec1u cao l\u1edbn nh\u1ea5t\n  function setMaxHeight() {\n    let maxHeight = 0;\n    grids.forEach(grid => {\n      const h = grid.offsetHeight;\n      if (h > maxHeight) maxHeight = h;\n    });\n    \/\/ Thi\u1ebft l\u1eadp chi\u1ec1u cao t\u1ed1i thi\u1ec3u cho wrapper\n    wrapper.style.minHeight = maxHeight + \"px\";\n      \/\/ G\u1ecdi khi trang load\n       }\n  window.addEventListener(\"load\", setMaxHeight);\n<\/script>\n\n<style>\r\n.vc-contact.position-relative {\r\n    display: none;\r\n}\r\n\t.vc-banner {\r\n    display: none;\r\n}\r\n\r\n\r\n<\/style>\r\n  \r\n\n\n\n\n<p><\/p>\n","protected":false},"excerpt":{"rendered":"<p>Khoa Du l\u1ecbch \u2013 Nh\u00e0 h\u00e0ng \u2013 Kh\u00e1ch s\u1ea1n t\u1ef1 h\u00e0o quy t\u1ee5 \u0111\u1ed9i ng\u0169 nh\u00e2n s\u1ef1 gi\u00e0u kinh nghi\u1ec7m th\u1ef1c ti\u1ec5n, \u0111\u01b0\u1ee3c \u0111\u00e0o t\u1ea1o b\u00e0i b\u1ea3n trong v\u00e0 ngo\u00e0i n\u01b0\u1edbc.<\/p>\n","protected":false},"author":5427,"featured_media":5273,"parent":5017,"menu_order":2,"comment_status":"closed","ping_status":"closed","template":"","meta":{"footnotes":""},"class_list":["post-5021","page","type-page","status-publish","has-post-thumbnail","hentry"],"acf":[],"_links":{"self":[{"href":"https:\/\/www.hoasen.edu.vn\/dl\/wp-json\/wp\/v2\/pages\/5021","targetHints":{"allow":["GET"]}}],"collection":[{"href":"https:\/\/www.hoasen.edu.vn\/dl\/wp-json\/wp\/v2\/pages"}],"about":[{"href":"https:\/\/www.hoasen.edu.vn\/dl\/wp-json\/wp\/v2\/types\/page"}],"author":[{"embeddable":true,"href":"https:\/\/www.hoasen.edu.vn\/dl\/wp-json\/wp\/v2\/users\/5427"}],"replies":[{"embeddable":true,"href":"https:\/\/www.hoasen.edu.vn\/dl\/wp-json\/wp\/v2\/comments?post=5021"}],"version-history":[{"count":51,"href":"https:\/\/www.hoasen.edu.vn\/dl\/wp-json\/wp\/v2\/pages\/5021\/revisions"}],"predecessor-version":[{"id":5987,"href":"https:\/\/www.hoasen.edu.vn\/dl\/wp-json\/wp\/v2\/pages\/5021\/revisions\/5987"}],"up":[{"embeddable":true,"href":"https:\/\/www.hoasen.edu.vn\/dl\/wp-json\/wp\/v2\/pages\/5017"}],"wp:featuredmedia":[{"embeddable":true,"href":"https:\/\/www.hoasen.edu.vn\/dl\/wp-json\/wp\/v2\/media\/5273"}],"wp:attachment":[{"href":"https:\/\/www.hoasen.edu.vn\/dl\/wp-json\/wp\/v2\/media?parent=5021"}],"curies":[{"name":"wp","href":"https:\/\/api.w.org\/{rel}","templated":true}]}}